{"id":193970,"date":"2024-05-15T14:50:35","date_gmt":"2024-05-15T12:50:35","guid":{"rendered":"https:\/\/shop.bantam.ch\/produit\/alimentation-a-decoupage-paroi-de-tension-dometic-smp192-05-450-w-pour-hobby-2009-aujourdhui\/"},"modified":"2026-04-17T23:00:38","modified_gmt":"2026-04-17T21:00:38","slug":"alimentation-a-decoupage-paroi-de-tension-dometic-smp192-05-450-w-pour-hobby-2009-aujourdhui","status":"publish","type":"product","link":"https:\/\/shop.bantam.ch\/fr\/produit\/alimentation-a-decoupage-paroi-de-tension-dometic-smp192-05-450-w-pour-hobby-2009-aujourdhui\/","title":{"rendered":"Alimentation \u00e0 d\u00e9coupage Paroi de tension DOMETIC SMP192-05 450 W, pour Hobby 2009 &#8211; aujourd&rsquo;hui"},"content":{"rendered":"<p>ALIMENTATION \u00c0 D\u00c9COUPAGE 450 W AVEC CONTACT STOCKO, SANS FONCTION RELAIS, SANS PORTE-FUSIBLE<\/p>\n","protected":false},"excerpt":{"rendered":"<p>ALIMENTATION \u00c0 D\u00c9COUPAGE 450 W AVEC CONTACT STOCKO, SANS FONCTION RELAIS, SANS PORTE-FUSIBLE<\/p>\n","protected":false},"featured_media":206278,"template":"","meta":{"_acf_changed":false},"product_featured_cat":[],"product_brand":[3028],"product_cat":[4911],"product_tag":[],"class_list":{"0":"post-193970","1":"product","2":"type-product","3":"status-publish","4":"has-post-thumbnail","6":"product_brand-dometic","7":"product_cat-chargeurs","9":"first","10":"instock","11":"taxable","12":"shipping-taxable","13":"purchasable","14":"product-type-simple"},"acf":[],"yoast_head":"<!-- This site is optimized with the Yoast SEO plugin v27.4 - https:\/\/yoast.com\/product\/yoast-seo-wordpress\/ -->\n<title>Alimentation \u00e0 d\u00e9coupage Paroi de tension DOMETIC SMP192-05 450 W, pour Hobby 2009 - aujourd&#039;hui - Bantam Wankm\u00fcller SA<\/title>\n<meta name=\"robots\" content=\"index, follow, max-snippet:-1, max-image-preview:large, max-video-preview:-1\" \/>\n<link rel=\"canonical\" href=\"https:\/\/shop.bantam.ch\/fr\/produit\/alimentation-a-decoupage-paroi-de-tension-dometic-smp192-05-450-w-pour-hobby-2009-aujourdhui\/\" \/>\n<meta property=\"og:locale\" content=\"fr_FR\" \/>\n<meta property=\"og:type\" content=\"article\" \/>\n<meta property=\"og:title\" content=\"Alimentation \u00e0 d\u00e9coupage Paroi de tension DOMETIC SMP192-05 450 W, pour Hobby 2009 - aujourd&#039;hui - Bantam Wankm\u00fcller SA\" \/>\n<meta property=\"og:description\" content=\"ALIMENTATION \u00c0 D\u00c9COUPAGE 450 W AVEC CONTACT STOCKO, SANS FONCTION RELAIS, SANS PORTE-FUSIBLE\" \/>\n<meta property=\"og:url\" content=\"https:\/\/shop.bantam.ch\/fr\/produit\/alimentation-a-decoupage-paroi-de-tension-dometic-smp192-05-450-w-pour-hobby-2009-aujourdhui\/\" \/>\n<meta property=\"og:site_name\" content=\"Bantam Wankm\u00fcller SA\" \/>\n<meta property=\"article:modified_time\" content=\"2026-04-17T21:00:38+00:00\" \/>\n<meta name=\"twitter:card\" content=\"summary_large_image\" \/>\n<script type=\"application\/ld+json\" class=\"yoast-schema-graph\">{\"@context\":\"https:\\\/\\\/schema.org\",\"@graph\":[{\"@type\":\"WebPage\",\"@id\":\"https:\\\/\\\/shop.bantam.ch\\\/fr\\\/produit\\\/alimentation-a-decoupage-paroi-de-tension-dometic-smp192-05-450-w-pour-hobby-2009-aujourdhui\\\/\",\"url\":\"https:\\\/\\\/shop.bantam.ch\\\/fr\\\/produit\\\/alimentation-a-decoupage-paroi-de-tension-dometic-smp192-05-450-w-pour-hobby-2009-aujourdhui\\\/\",\"name\":\"Alimentation \u00e0 d\u00e9coupage Paroi de tension DOMETIC SMP192-05 450 W, pour Hobby 2009 - aujourd'hui - Bantam Wankm\u00fcller SA\",\"isPartOf\":{\"@id\":\"https:\\\/\\\/shop.bantam.ch\\\/fr\\\/#website\"},\"primaryImageOfPage\":{\"@id\":\"https:\\\/\\\/shop.bantam.ch\\\/fr\\\/produit\\\/alimentation-a-decoupage-paroi-de-tension-dometic-smp192-05-450-w-pour-hobby-2009-aujourdhui\\\/#primaryimage\"},\"image\":{\"@id\":\"https:\\\/\\\/shop.bantam.ch\\\/fr\\\/produit\\\/alimentation-a-decoupage-paroi-de-tension-dometic-smp192-05-450-w-pour-hobby-2009-aujourdhui\\\/#primaryimage\"},\"thumbnailUrl\":\"https:\\\/\\\/shop.bantam.ch\\\/wp-content\\\/uploads\\\/2024\\\/09\\\/Movera-L-9946055100.jpg\",\"datePublished\":\"2024-05-15T12:50:35+00:00\",\"dateModified\":\"2026-04-17T21:00:38+00:00\",\"breadcrumb\":{\"@id\":\"https:\\\/\\\/shop.bantam.ch\\\/fr\\\/produit\\\/alimentation-a-decoupage-paroi-de-tension-dometic-smp192-05-450-w-pour-hobby-2009-aujourdhui\\\/#breadcrumb\"},\"inLanguage\":\"fr-FR\",\"potentialAction\":[{\"@type\":\"ReadAction\",\"target\":[\"https:\\\/\\\/shop.bantam.ch\\\/fr\\\/produit\\\/alimentation-a-decoupage-paroi-de-tension-dometic-smp192-05-450-w-pour-hobby-2009-aujourdhui\\\/\"]}]},{\"@type\":\"ImageObject\",\"inLanguage\":\"fr-FR\",\"@id\":\"https:\\\/\\\/shop.bantam.ch\\\/fr\\\/produit\\\/alimentation-a-decoupage-paroi-de-tension-dometic-smp192-05-450-w-pour-hobby-2009-aujourdhui\\\/#primaryimage\",\"url\":\"https:\\\/\\\/shop.bantam.ch\\\/wp-content\\\/uploads\\\/2024\\\/09\\\/Movera-L-9946055100.jpg\",\"contentUrl\":\"https:\\\/\\\/shop.bantam.ch\\\/wp-content\\\/uploads\\\/2024\\\/09\\\/Movera-L-9946055100.jpg\",\"width\":640,\"height\":640},{\"@type\":\"BreadcrumbList\",\"@id\":\"https:\\\/\\\/shop.bantam.ch\\\/fr\\\/produit\\\/alimentation-a-decoupage-paroi-de-tension-dometic-smp192-05-450-w-pour-hobby-2009-aujourdhui\\\/#breadcrumb\",\"itemListElement\":[{\"@type\":\"ListItem\",\"position\":1,\"name\":\"Accueil\",\"item\":\"https:\\\/\\\/shop.bantam.ch\\\/fr\\\/\"},{\"@type\":\"ListItem\",\"position\":2,\"name\":\"Boutique\",\"item\":\"https:\\\/\\\/shop.bantam.ch\\\/fr\\\/boutique\\\/\"},{\"@type\":\"ListItem\",\"position\":3,\"name\":\"Alimentation \u00e0 d\u00e9coupage Paroi de tension DOMETIC SMP192-05 450 W, pour Hobby 2009 &#8211; aujourd&#8217;hui\"}]},{\"@type\":\"WebSite\",\"@id\":\"https:\\\/\\\/shop.bantam.ch\\\/fr\\\/#website\",\"url\":\"https:\\\/\\\/shop.bantam.ch\\\/fr\\\/\",\"name\":\"Bantam Wankm\u00fcller SA\",\"description\":\"\",\"publisher\":{\"@id\":\"https:\\\/\\\/shop.bantam.ch\\\/fr\\\/#organization\"},\"inLanguage\":\"fr-FR\"},{\"@type\":\"Organization\",\"@id\":\"https:\\\/\\\/shop.bantam.ch\\\/fr\\\/#organization\",\"name\":\"Bantam Wankm\u00fcller SA\",\"url\":\"https:\\\/\\\/shop.bantam.ch\\\/fr\\\/\",\"logo\":{\"@type\":\"ImageObject\",\"inLanguage\":\"fr-FR\",\"@id\":\"https:\\\/\\\/shop.bantam.ch\\\/fr\\\/#\\\/schema\\\/logo\\\/image\\\/\",\"url\":\"https:\\\/\\\/shop.bantam.ch\\\/wp-content\\\/uploads\\\/2022\\\/12\\\/bantam-logo.png\",\"contentUrl\":\"https:\\\/\\\/shop.bantam.ch\\\/wp-content\\\/uploads\\\/2022\\\/12\\\/bantam-logo.png\",\"width\":320,\"height\":71,\"caption\":\"Bantam Wankm\u00fcller SA\"},\"image\":{\"@id\":\"https:\\\/\\\/shop.bantam.ch\\\/fr\\\/#\\\/schema\\\/logo\\\/image\\\/\"}}]}<\/script>\n<!-- \/ Yoast SEO plugin. -->","yoast_head_json":{"title":"Alimentation \u00e0 d\u00e9coupage Paroi de tension DOMETIC SMP192-05 450 W, pour Hobby 2009 - aujourd'hui - Bantam Wankm\u00fcller SA","robots":{"index":"index","follow":"follow","max-snippet":"max-snippet:-1","max-image-preview":"max-image-preview:large","max-video-preview":"max-video-preview:-1"},"canonical":"https:\/\/shop.bantam.ch\/fr\/produit\/alimentation-a-decoupage-paroi-de-tension-dometic-smp192-05-450-w-pour-hobby-2009-aujourdhui\/","og_locale":"fr_FR","og_type":"article","og_title":"Alimentation \u00e0 d\u00e9coupage Paroi de tension DOMETIC SMP192-05 450 W, pour Hobby 2009 - aujourd'hui - Bantam Wankm\u00fcller SA","og_description":"ALIMENTATION \u00c0 D\u00c9COUPAGE 450 W AVEC CONTACT STOCKO, SANS FONCTION RELAIS, SANS PORTE-FUSIBLE","og_url":"https:\/\/shop.bantam.ch\/fr\/produit\/alimentation-a-decoupage-paroi-de-tension-dometic-smp192-05-450-w-pour-hobby-2009-aujourdhui\/","og_site_name":"Bantam Wankm\u00fcller SA","article_modified_time":"2026-04-17T21:00:38+00:00","twitter_card":"summary_large_image","schema":{"@context":"https:\/\/schema.org","@graph":[{"@type":"WebPage","@id":"https:\/\/shop.bantam.ch\/fr\/produit\/alimentation-a-decoupage-paroi-de-tension-dometic-smp192-05-450-w-pour-hobby-2009-aujourdhui\/","url":"https:\/\/shop.bantam.ch\/fr\/produit\/alimentation-a-decoupage-paroi-de-tension-dometic-smp192-05-450-w-pour-hobby-2009-aujourdhui\/","name":"Alimentation \u00e0 d\u00e9coupage Paroi de tension DOMETIC SMP192-05 450 W, pour Hobby 2009 - aujourd'hui - Bantam Wankm\u00fcller SA","isPartOf":{"@id":"https:\/\/shop.bantam.ch\/fr\/#website"},"primaryImageOfPage":{"@id":"https:\/\/shop.bantam.ch\/fr\/produit\/alimentation-a-decoupage-paroi-de-tension-dometic-smp192-05-450-w-pour-hobby-2009-aujourdhui\/#primaryimage"},"image":{"@id":"https:\/\/shop.bantam.ch\/fr\/produit\/alimentation-a-decoupage-paroi-de-tension-dometic-smp192-05-450-w-pour-hobby-2009-aujourdhui\/#primaryimage"},"thumbnailUrl":"https:\/\/shop.bantam.ch\/wp-content\/uploads\/2024\/09\/Movera-L-9946055100.jpg","datePublished":"2024-05-15T12:50:35+00:00","dateModified":"2026-04-17T21:00:38+00:00","breadcrumb":{"@id":"https:\/\/shop.bantam.ch\/fr\/produit\/alimentation-a-decoupage-paroi-de-tension-dometic-smp192-05-450-w-pour-hobby-2009-aujourdhui\/#breadcrumb"},"inLanguage":"fr-FR","potentialAction":[{"@type":"ReadAction","target":["https:\/\/shop.bantam.ch\/fr\/produit\/alimentation-a-decoupage-paroi-de-tension-dometic-smp192-05-450-w-pour-hobby-2009-aujourdhui\/"]}]},{"@type":"ImageObject","inLanguage":"fr-FR","@id":"https:\/\/shop.bantam.ch\/fr\/produit\/alimentation-a-decoupage-paroi-de-tension-dometic-smp192-05-450-w-pour-hobby-2009-aujourdhui\/#primaryimage","url":"https:\/\/shop.bantam.ch\/wp-content\/uploads\/2024\/09\/Movera-L-9946055100.jpg","contentUrl":"https:\/\/shop.bantam.ch\/wp-content\/uploads\/2024\/09\/Movera-L-9946055100.jpg","width":640,"height":640},{"@type":"BreadcrumbList","@id":"https:\/\/shop.bantam.ch\/fr\/produit\/alimentation-a-decoupage-paroi-de-tension-dometic-smp192-05-450-w-pour-hobby-2009-aujourdhui\/#breadcrumb","itemListElement":[{"@type":"ListItem","position":1,"name":"Accueil","item":"https:\/\/shop.bantam.ch\/fr\/"},{"@type":"ListItem","position":2,"name":"Boutique","item":"https:\/\/shop.bantam.ch\/fr\/boutique\/"},{"@type":"ListItem","position":3,"name":"Alimentation \u00e0 d\u00e9coupage Paroi de tension DOMETIC SMP192-05 450 W, pour Hobby 2009 &#8211; aujourd&#8217;hui"}]},{"@type":"WebSite","@id":"https:\/\/shop.bantam.ch\/fr\/#website","url":"https:\/\/shop.bantam.ch\/fr\/","name":"Bantam Wankm\u00fcller SA","description":"","publisher":{"@id":"https:\/\/shop.bantam.ch\/fr\/#organization"},"inLanguage":"fr-FR"},{"@type":"Organization","@id":"https:\/\/shop.bantam.ch\/fr\/#organization","name":"Bantam Wankm\u00fcller SA","url":"https:\/\/shop.bantam.ch\/fr\/","logo":{"@type":"ImageObject","inLanguage":"fr-FR","@id":"https:\/\/shop.bantam.ch\/fr\/#\/schema\/logo\/image\/","url":"https:\/\/shop.bantam.ch\/wp-content\/uploads\/2022\/12\/bantam-logo.png","contentUrl":"https:\/\/shop.bantam.ch\/wp-content\/uploads\/2022\/12\/bantam-logo.png","width":320,"height":71,"caption":"Bantam Wankm\u00fcller SA"},"image":{"@id":"https:\/\/shop.bantam.ch\/fr\/#\/schema\/logo\/image\/"}}]}},"_links":{"self":[{"href":"https:\/\/shop.bantam.ch\/fr\/wp-json\/wp\/v2\/product\/193970","targetHints":{"allow":["GET"]}}],"collection":[{"href":"https:\/\/shop.bantam.ch\/fr\/wp-json\/wp\/v2\/product"}],"about":[{"href":"https:\/\/shop.bantam.ch\/fr\/wp-json\/wp\/v2\/types\/product"}],"wp:featuredmedia":[{"embeddable":true,"href":"https:\/\/shop.bantam.ch\/fr\/wp-json\/wp\/v2\/media\/206278"}],"wp:attachment":[{"href":"https:\/\/shop.bantam.ch\/fr\/wp-json\/wp\/v2\/media?parent=193970"}],"wp:term":[{"taxonomy":"product_featured_cat","embeddable":true,"href":"https:\/\/shop.bantam.ch\/fr\/wp-json\/wp\/v2\/product_featured_cat?post=193970"},{"taxonomy":"product_brand","embeddable":true,"href":"https:\/\/shop.bantam.ch\/fr\/wp-json\/wp\/v2\/product_brand?post=193970"},{"taxonomy":"product_cat","embeddable":true,"href":"https:\/\/shop.bantam.ch\/fr\/wp-json\/wp\/v2\/product_cat?post=193970"},{"taxonomy":"product_tag","embeddable":true,"href":"https:\/\/shop.bantam.ch\/fr\/wp-json\/wp\/v2\/product_tag?post=193970"}],"curies":[{"name":"wp","href":"https:\/\/api.w.org\/{rel}","templated":true}]}}