{"id":193960,"date":"2024-05-15T14:50:05","date_gmt":"2024-05-15T12:50:05","guid":{"rendered":"https:\/\/shop.bantam.ch\/produit\/verres-en-plastique-magnetiques-silwy-shot-set-de-4-hightech\/"},"modified":"2026-05-11T22:57:46","modified_gmt":"2026-05-11T20:57:46","slug":"verres-en-plastique-magnetiques-silwy-shot-set-de-4-hightech","status":"publish","type":"product","link":"https:\/\/shop.bantam.ch\/fr\/produit\/verres-en-plastique-magnetiques-silwy-shot-set-de-4-hightech\/","title":{"rendered":"Verres en plastique magn\u00e9tiques silwy SHOT set de 4, Hightech"},"content":{"rendered":"<p>4 verres \u00e0 shot (0,04 l) avec aimant + 4 pastilles de nano gel en m\u00e9tal (5 cm)<\/p>\n<ul>\n<li>TON AVANTAGE: De d\u00e9licieuses boissons dans des verres magn\u00e9tiques stables<\/li>\n<li>MAT\u00c9RIEL: Plastique HIGHTECH, R\u00c9SISTANT AUX \u00c9CRITURES<\/li>\n<li>PERFECTION: Aimant de forme moul\u00e9e dans le fond<\/li>\n<li>100 % QUALIT\u00c9: Plastique HIGHTECH ultrafin et incassable<\/li>\n<li>\u00c9QUILIBRE: Parfaitement \u00e9quilibr\u00e9 &#8211; nano-pastille de gel et verre magn\u00e9tique<\/li>\n<li>INCROYABLE: les pastilles de nano gel s&rsquo;enl\u00e8vent sans laisser de traces<\/li>\n<li>SMART: les pastilles sont lavables &amp; r\u00e9utilisables&nbsp;<\/li>\n<li>RECOMMANDATION: Appliquer les pastilles sur des surfaces scell\u00e9es<\/li>\n<li>START-UP: Soutenez notre jeune \u00e9quipe &amp; devenez un fan silwy<\/li>\n<li>CONSEIL: Pour le rangement au mur \/ plafond, notre baguette est n\u00e9cessaire<\/li>\n<\/ul>\n","protected":false},"excerpt":{"rendered":"<p>4 verres \u00e0 shot (0,04 l) avec aimant + 4 pastilles de nano gel en m\u00e9tal (5 cm) TON AVANTAGE: De d\u00e9licieuses boissons dans des verres magn\u00e9tiques stables MAT\u00c9RIEL: Plastique HIGHTECH, R\u00c9SISTANT AUX \u00c9CRITURES PERFECTION: Aimant de forme moul\u00e9e dans le fond 100 % QUALIT\u00c9: Plastique HIGHTECH ultrafin et incassable \u00c9QUILIBRE: Parfaitement \u00e9quilibr\u00e9 &#8211; nano-pastille [&hellip;]<\/p>\n","protected":false},"featured_media":206272,"template":"","meta":{"_acf_changed":false},"product_featured_cat":[],"product_brand":[3072],"product_cat":[4269],"product_tag":[],"class_list":{"0":"post-193960","1":"product","2":"type-product","3":"status-publish","4":"has-post-thumbnail","6":"product_brand-silwy","7":"product_cat-gobelets-tasses-et-verres","9":"first","10":"instock","11":"taxable","12":"shipping-taxable","13":"purchasable","14":"product-type-simple"},"acf":[],"yoast_head":"<!-- This site is optimized with the Yoast SEO plugin v27.5 - https:\/\/yoast.com\/product\/yoast-seo-wordpress\/ -->\n<title>Verres en plastique magn\u00e9tiques silwy SHOT set de 4, Hightech - Bantam<\/title>\n<meta name=\"robots\" content=\"index, follow, max-snippet:-1, max-image-preview:large, max-video-preview:-1\" \/>\n<link rel=\"canonical\" href=\"https:\/\/shop.bantam.ch\/fr\/produit\/verres-en-plastique-magnetiques-silwy-shot-set-de-4-hightech\/\" \/>\n<meta property=\"og:locale\" content=\"fr_FR\" \/>\n<meta property=\"og:type\" content=\"article\" \/>\n<meta property=\"og:title\" content=\"Verres en plastique magn\u00e9tiques silwy SHOT set de 4, Hightech - Bantam\" \/>\n<meta property=\"og:description\" content=\"4 verres \u00e0 shot (0,04 l) avec aimant + 4 pastilles de nano gel en m\u00e9tal (5 cm) TON AVANTAGE: De d\u00e9licieuses boissons dans des verres magn\u00e9tiques stables MAT\u00c9RIEL: Plastique HIGHTECH, R\u00c9SISTANT AUX \u00c9CRITURES PERFECTION: Aimant de forme moul\u00e9e dans le fond 100 % QUALIT\u00c9: Plastique HIGHTECH ultrafin et incassable \u00c9QUILIBRE: Parfaitement \u00e9quilibr\u00e9 &#8211; nano-pastille [&hellip;]\" \/>\n<meta property=\"og:url\" content=\"https:\/\/shop.bantam.ch\/fr\/produit\/verres-en-plastique-magnetiques-silwy-shot-set-de-4-hightech\/\" \/>\n<meta property=\"og:site_name\" content=\"Bantam\" \/>\n<meta property=\"article:modified_time\" content=\"2026-05-11T20:57:46+00:00\" \/>\n<meta name=\"twitter:card\" content=\"summary_large_image\" \/>\n<meta name=\"twitter:label1\" content=\"Dur\u00e9e de lecture estim\u00e9e\" \/>\n\t<meta name=\"twitter:data1\" content=\"1 minute\" \/>\n<script type=\"application\/ld+json\" class=\"yoast-schema-graph\">{\"@context\":\"https:\\\/\\\/schema.org\",\"@graph\":[{\"@type\":\"WebPage\",\"@id\":\"https:\\\/\\\/shop.bantam.ch\\\/fr\\\/produit\\\/verres-en-plastique-magnetiques-silwy-shot-set-de-4-hightech\\\/\",\"url\":\"https:\\\/\\\/shop.bantam.ch\\\/fr\\\/produit\\\/verres-en-plastique-magnetiques-silwy-shot-set-de-4-hightech\\\/\",\"name\":\"Verres en plastique magn\u00e9tiques silwy SHOT set de 4, Hightech - Bantam\",\"isPartOf\":{\"@id\":\"https:\\\/\\\/shop.bantam.ch\\\/fr\\\/#website\"},\"primaryImageOfPage\":{\"@id\":\"https:\\\/\\\/shop.bantam.ch\\\/fr\\\/produit\\\/verres-en-plastique-magnetiques-silwy-shot-set-de-4-hightech\\\/#primaryimage\"},\"image\":{\"@id\":\"https:\\\/\\\/shop.bantam.ch\\\/fr\\\/produit\\\/verres-en-plastique-magnetiques-silwy-shot-set-de-4-hightech\\\/#primaryimage\"},\"thumbnailUrl\":\"https:\\\/\\\/shop.bantam.ch\\\/wp-content\\\/uploads\\\/2024\\\/09\\\/Movera-L-9946027100.jpg\",\"datePublished\":\"2024-05-15T12:50:05+00:00\",\"dateModified\":\"2026-05-11T20:57:46+00:00\",\"breadcrumb\":{\"@id\":\"https:\\\/\\\/shop.bantam.ch\\\/fr\\\/produit\\\/verres-en-plastique-magnetiques-silwy-shot-set-de-4-hightech\\\/#breadcrumb\"},\"inLanguage\":\"fr-FR\",\"potentialAction\":[{\"@type\":\"ReadAction\",\"target\":[\"https:\\\/\\\/shop.bantam.ch\\\/fr\\\/produit\\\/verres-en-plastique-magnetiques-silwy-shot-set-de-4-hightech\\\/\"]}]},{\"@type\":\"ImageObject\",\"inLanguage\":\"fr-FR\",\"@id\":\"https:\\\/\\\/shop.bantam.ch\\\/fr\\\/produit\\\/verres-en-plastique-magnetiques-silwy-shot-set-de-4-hightech\\\/#primaryimage\",\"url\":\"https:\\\/\\\/shop.bantam.ch\\\/wp-content\\\/uploads\\\/2024\\\/09\\\/Movera-L-9946027100.jpg\",\"contentUrl\":\"https:\\\/\\\/shop.bantam.ch\\\/wp-content\\\/uploads\\\/2024\\\/09\\\/Movera-L-9946027100.jpg\",\"width\":640,\"height\":640},{\"@type\":\"BreadcrumbList\",\"@id\":\"https:\\\/\\\/shop.bantam.ch\\\/fr\\\/produit\\\/verres-en-plastique-magnetiques-silwy-shot-set-de-4-hightech\\\/#breadcrumb\",\"itemListElement\":[{\"@type\":\"ListItem\",\"position\":1,\"name\":\"Accueil\",\"item\":\"https:\\\/\\\/shop.bantam.ch\\\/fr\\\/\"},{\"@type\":\"ListItem\",\"position\":2,\"name\":\"Boutique\",\"item\":\"https:\\\/\\\/shop.bantam.ch\\\/fr\\\/boutique\\\/\"},{\"@type\":\"ListItem\",\"position\":3,\"name\":\"Verres en plastique magn\u00e9tiques silwy SHOT set de 4, Hightech\"}]},{\"@type\":\"WebSite\",\"@id\":\"https:\\\/\\\/shop.bantam.ch\\\/fr\\\/#website\",\"url\":\"https:\\\/\\\/shop.bantam.ch\\\/fr\\\/\",\"name\":\"Bantam\",\"description\":\"\",\"publisher\":{\"@id\":\"https:\\\/\\\/shop.bantam.ch\\\/fr\\\/#organization\"},\"inLanguage\":\"fr-FR\"},{\"@type\":\"Organization\",\"@id\":\"https:\\\/\\\/shop.bantam.ch\\\/fr\\\/#organization\",\"name\":\"Bantam\",\"url\":\"https:\\\/\\\/shop.bantam.ch\\\/fr\\\/\",\"logo\":{\"@type\":\"ImageObject\",\"inLanguage\":\"fr-FR\",\"@id\":\"https:\\\/\\\/shop.bantam.ch\\\/fr\\\/#\\\/schema\\\/logo\\\/image\\\/\",\"url\":\"https:\\\/\\\/shop.bantam.ch\\\/wp-content\\\/uploads\\\/2022\\\/12\\\/bantam-logo.png\",\"contentUrl\":\"https:\\\/\\\/shop.bantam.ch\\\/wp-content\\\/uploads\\\/2022\\\/12\\\/bantam-logo.png\",\"width\":320,\"height\":71,\"caption\":\"Bantam\"},\"image\":{\"@id\":\"https:\\\/\\\/shop.bantam.ch\\\/fr\\\/#\\\/schema\\\/logo\\\/image\\\/\"}}]}<\/script>\n<!-- \/ Yoast SEO plugin. -->","yoast_head_json":{"title":"Verres en plastique magn\u00e9tiques silwy SHOT set de 4, Hightech - Bantam","robots":{"index":"index","follow":"follow","max-snippet":"max-snippet:-1","max-image-preview":"max-image-preview:large","max-video-preview":"max-video-preview:-1"},"canonical":"https:\/\/shop.bantam.ch\/fr\/produit\/verres-en-plastique-magnetiques-silwy-shot-set-de-4-hightech\/","og_locale":"fr_FR","og_type":"article","og_title":"Verres en plastique magn\u00e9tiques silwy SHOT set de 4, Hightech - Bantam","og_description":"4 verres \u00e0 shot (0,04 l) avec aimant + 4 pastilles de nano gel en m\u00e9tal (5 cm) TON AVANTAGE: De d\u00e9licieuses boissons dans des verres magn\u00e9tiques stables MAT\u00c9RIEL: Plastique HIGHTECH, R\u00c9SISTANT AUX \u00c9CRITURES PERFECTION: Aimant de forme moul\u00e9e dans le fond 100 % QUALIT\u00c9: Plastique HIGHTECH ultrafin et incassable \u00c9QUILIBRE: Parfaitement \u00e9quilibr\u00e9 &#8211; nano-pastille [&hellip;]","og_url":"https:\/\/shop.bantam.ch\/fr\/produit\/verres-en-plastique-magnetiques-silwy-shot-set-de-4-hightech\/","og_site_name":"Bantam","article_modified_time":"2026-05-11T20:57:46+00:00","twitter_card":"summary_large_image","twitter_misc":{"Dur\u00e9e de lecture estim\u00e9e":"1 minute"},"schema":{"@context":"https:\/\/schema.org","@graph":[{"@type":"WebPage","@id":"https:\/\/shop.bantam.ch\/fr\/produit\/verres-en-plastique-magnetiques-silwy-shot-set-de-4-hightech\/","url":"https:\/\/shop.bantam.ch\/fr\/produit\/verres-en-plastique-magnetiques-silwy-shot-set-de-4-hightech\/","name":"Verres en plastique magn\u00e9tiques silwy SHOT set de 4, Hightech - Bantam","isPartOf":{"@id":"https:\/\/shop.bantam.ch\/fr\/#website"},"primaryImageOfPage":{"@id":"https:\/\/shop.bantam.ch\/fr\/produit\/verres-en-plastique-magnetiques-silwy-shot-set-de-4-hightech\/#primaryimage"},"image":{"@id":"https:\/\/shop.bantam.ch\/fr\/produit\/verres-en-plastique-magnetiques-silwy-shot-set-de-4-hightech\/#primaryimage"},"thumbnailUrl":"https:\/\/shop.bantam.ch\/wp-content\/uploads\/2024\/09\/Movera-L-9946027100.jpg","datePublished":"2024-05-15T12:50:05+00:00","dateModified":"2026-05-11T20:57:46+00:00","breadcrumb":{"@id":"https:\/\/shop.bantam.ch\/fr\/produit\/verres-en-plastique-magnetiques-silwy-shot-set-de-4-hightech\/#breadcrumb"},"inLanguage":"fr-FR","potentialAction":[{"@type":"ReadAction","target":["https:\/\/shop.bantam.ch\/fr\/produit\/verres-en-plastique-magnetiques-silwy-shot-set-de-4-hightech\/"]}]},{"@type":"ImageObject","inLanguage":"fr-FR","@id":"https:\/\/shop.bantam.ch\/fr\/produit\/verres-en-plastique-magnetiques-silwy-shot-set-de-4-hightech\/#primaryimage","url":"https:\/\/shop.bantam.ch\/wp-content\/uploads\/2024\/09\/Movera-L-9946027100.jpg","contentUrl":"https:\/\/shop.bantam.ch\/wp-content\/uploads\/2024\/09\/Movera-L-9946027100.jpg","width":640,"height":640},{"@type":"BreadcrumbList","@id":"https:\/\/shop.bantam.ch\/fr\/produit\/verres-en-plastique-magnetiques-silwy-shot-set-de-4-hightech\/#breadcrumb","itemListElement":[{"@type":"ListItem","position":1,"name":"Accueil","item":"https:\/\/shop.bantam.ch\/fr\/"},{"@type":"ListItem","position":2,"name":"Boutique","item":"https:\/\/shop.bantam.ch\/fr\/boutique\/"},{"@type":"ListItem","position":3,"name":"Verres en plastique magn\u00e9tiques silwy SHOT set de 4, Hightech"}]},{"@type":"WebSite","@id":"https:\/\/shop.bantam.ch\/fr\/#website","url":"https:\/\/shop.bantam.ch\/fr\/","name":"Bantam","description":"","publisher":{"@id":"https:\/\/shop.bantam.ch\/fr\/#organization"},"inLanguage":"fr-FR"},{"@type":"Organization","@id":"https:\/\/shop.bantam.ch\/fr\/#organization","name":"Bantam","url":"https:\/\/shop.bantam.ch\/fr\/","logo":{"@type":"ImageObject","inLanguage":"fr-FR","@id":"https:\/\/shop.bantam.ch\/fr\/#\/schema\/logo\/image\/","url":"https:\/\/shop.bantam.ch\/wp-content\/uploads\/2022\/12\/bantam-logo.png","contentUrl":"https:\/\/shop.bantam.ch\/wp-content\/uploads\/2022\/12\/bantam-logo.png","width":320,"height":71,"caption":"Bantam"},"image":{"@id":"https:\/\/shop.bantam.ch\/fr\/#\/schema\/logo\/image\/"}}]}},"_links":{"self":[{"href":"https:\/\/shop.bantam.ch\/fr\/wp-json\/wp\/v2\/product\/193960","targetHints":{"allow":["GET"]}}],"collection":[{"href":"https:\/\/shop.bantam.ch\/fr\/wp-json\/wp\/v2\/product"}],"about":[{"href":"https:\/\/shop.bantam.ch\/fr\/wp-json\/wp\/v2\/types\/product"}],"wp:featuredmedia":[{"embeddable":true,"href":"https:\/\/shop.bantam.ch\/fr\/wp-json\/wp\/v2\/media\/206272"}],"wp:attachment":[{"href":"https:\/\/shop.bantam.ch\/fr\/wp-json\/wp\/v2\/media?parent=193960"}],"wp:term":[{"taxonomy":"product_featured_cat","embeddable":true,"href":"https:\/\/shop.bantam.ch\/fr\/wp-json\/wp\/v2\/product_featured_cat?post=193960"},{"taxonomy":"product_brand","embeddable":true,"href":"https:\/\/shop.bantam.ch\/fr\/wp-json\/wp\/v2\/product_brand?post=193960"},{"taxonomy":"product_cat","embeddable":true,"href":"https:\/\/shop.bantam.ch\/fr\/wp-json\/wp\/v2\/product_cat?post=193960"},{"taxonomy":"product_tag","embeddable":true,"href":"https:\/\/shop.bantam.ch\/fr\/wp-json\/wp\/v2\/product_tag?post=193960"}],"curies":[{"name":"wp","href":"https:\/\/api.w.org\/{rel}","templated":true}]}}