{"id":193932,"date":"2024-05-15T14:48:54","date_gmt":"2024-05-15T12:48:54","guid":{"rendered":"https:\/\/shop.bantam.ch\/produit\/mitigeur-monocommande-reich-trend-e-avec-douchette-charisma\/"},"modified":"2026-04-19T23:05:44","modified_gmt":"2026-04-19T21:05:44","slug":"mitigeur-monocommande-reich-trend-e-avec-douchette-charisma","status":"publish","type":"product","link":"https:\/\/shop.bantam.ch\/fr\/produit\/mitigeur-monocommande-reich-trend-e-avec-douchette-charisma\/","title":{"rendered":"Mitigeur monocommande REICH Trend E avec douchette Charisma"},"content":{"rendered":"<p>De par sa conception, la s\u00e9rie TREND E avec cartouche c\u00e9ramique correspond \u00e0 une robinetterie usuelle, mais elle est beaucoup plus l\u00e9g\u00e8re.<br \/>\nLe levier de commande en laiton massif et le corps en plastique l\u00e9ger du robinet se compl\u00e8tent id\u00e9alement. Le bec est orientable \u00e0 90\u00b0.<br \/>\nLe robinet Trend E avec douchette Charisma convient aussi bien aux pompes immerg\u00e9es qu&rsquo;aux pompes \u00e0 pression et est \u00e9quip\u00e9 d&rsquo;un microrupteur.<br \/>\nLe microrupteur est enti\u00e8rement \u00e9tanche.<br \/>\nCouleur : chrome<\/p>\n","protected":false},"excerpt":{"rendered":"<p>De par sa conception, la s\u00e9rie TREND E avec cartouche c\u00e9ramique correspond \u00e0 une robinetterie usuelle, mais elle est beaucoup plus l\u00e9g\u00e8re. Le levier de commande en laiton massif et le corps en plastique l\u00e9ger du robinet se compl\u00e8tent id\u00e9alement. Le bec est orientable \u00e0 90\u00b0. Le robinet Trend E avec douchette Charisma convient aussi [&hellip;]<\/p>\n","protected":false},"featured_media":0,"template":"","meta":{"_acf_changed":false},"product_featured_cat":[],"product_brand":[3112],"product_cat":[4573],"product_tag":[],"class_list":{"0":"post-193932","1":"product","2":"type-product","3":"status-publish","5":"product_brand-reich","6":"product_cat-mitigeurs-et-robinets-deau-froide","8":"first","9":"instock","10":"taxable","11":"shipping-taxable","12":"purchasable","13":"product-type-simple"},"acf":[],"yoast_head":"<!-- This site is optimized with the Yoast SEO plugin v27.4 - https:\/\/yoast.com\/product\/yoast-seo-wordpress\/ -->\n<title>Mitigeur monocommande REICH Trend E avec douchette Charisma - Bantam Wankm\u00fcller SA<\/title>\n<meta name=\"robots\" content=\"index, follow, max-snippet:-1, max-image-preview:large, max-video-preview:-1\" \/>\n<link rel=\"canonical\" href=\"https:\/\/shop.bantam.ch\/fr\/produit\/mitigeur-monocommande-reich-trend-e-avec-douchette-charisma\/\" \/>\n<meta property=\"og:locale\" content=\"fr_FR\" \/>\n<meta property=\"og:type\" content=\"article\" \/>\n<meta property=\"og:title\" content=\"Mitigeur monocommande REICH Trend E avec douchette Charisma - Bantam Wankm\u00fcller SA\" \/>\n<meta property=\"og:description\" content=\"De par sa conception, la s\u00e9rie TREND E avec cartouche c\u00e9ramique correspond \u00e0 une robinetterie usuelle, mais elle est beaucoup plus l\u00e9g\u00e8re. Le levier de commande en laiton massif et le corps en plastique l\u00e9ger du robinet se compl\u00e8tent id\u00e9alement. Le bec est orientable \u00e0 90\u00b0. Le robinet Trend E avec douchette Charisma convient aussi [&hellip;]\" \/>\n<meta property=\"og:url\" content=\"https:\/\/shop.bantam.ch\/fr\/produit\/mitigeur-monocommande-reich-trend-e-avec-douchette-charisma\/\" \/>\n<meta property=\"og:site_name\" content=\"Bantam Wankm\u00fcller SA\" \/>\n<meta property=\"article:modified_time\" content=\"2026-04-19T21:05:44+00:00\" \/>\n<meta name=\"twitter:card\" content=\"summary_large_image\" \/>\n<script type=\"application\/ld+json\" class=\"yoast-schema-graph\">{\"@context\":\"https:\\\/\\\/schema.org\",\"@graph\":[{\"@type\":\"WebPage\",\"@id\":\"https:\\\/\\\/shop.bantam.ch\\\/fr\\\/produit\\\/mitigeur-monocommande-reich-trend-e-avec-douchette-charisma\\\/\",\"url\":\"https:\\\/\\\/shop.bantam.ch\\\/fr\\\/produit\\\/mitigeur-monocommande-reich-trend-e-avec-douchette-charisma\\\/\",\"name\":\"Mitigeur monocommande REICH Trend E avec douchette Charisma - Bantam Wankm\u00fcller SA\",\"isPartOf\":{\"@id\":\"https:\\\/\\\/shop.bantam.ch\\\/fr\\\/#website\"},\"datePublished\":\"2024-05-15T12:48:54+00:00\",\"dateModified\":\"2026-04-19T21:05:44+00:00\",\"breadcrumb\":{\"@id\":\"https:\\\/\\\/shop.bantam.ch\\\/fr\\\/produit\\\/mitigeur-monocommande-reich-trend-e-avec-douchette-charisma\\\/#breadcrumb\"},\"inLanguage\":\"fr-FR\",\"potentialAction\":[{\"@type\":\"ReadAction\",\"target\":[\"https:\\\/\\\/shop.bantam.ch\\\/fr\\\/produit\\\/mitigeur-monocommande-reich-trend-e-avec-douchette-charisma\\\/\"]}]},{\"@type\":\"BreadcrumbList\",\"@id\":\"https:\\\/\\\/shop.bantam.ch\\\/fr\\\/produit\\\/mitigeur-monocommande-reich-trend-e-avec-douchette-charisma\\\/#breadcrumb\",\"itemListElement\":[{\"@type\":\"ListItem\",\"position\":1,\"name\":\"Accueil\",\"item\":\"https:\\\/\\\/shop.bantam.ch\\\/fr\\\/\"},{\"@type\":\"ListItem\",\"position\":2,\"name\":\"Boutique\",\"item\":\"https:\\\/\\\/shop.bantam.ch\\\/fr\\\/boutique\\\/\"},{\"@type\":\"ListItem\",\"position\":3,\"name\":\"Mitigeur monocommande REICH Trend E avec douchette Charisma\"}]},{\"@type\":\"WebSite\",\"@id\":\"https:\\\/\\\/shop.bantam.ch\\\/fr\\\/#website\",\"url\":\"https:\\\/\\\/shop.bantam.ch\\\/fr\\\/\",\"name\":\"Bantam Wankm\u00fcller SA\",\"description\":\"\",\"publisher\":{\"@id\":\"https:\\\/\\\/shop.bantam.ch\\\/fr\\\/#organization\"},\"inLanguage\":\"fr-FR\"},{\"@type\":\"Organization\",\"@id\":\"https:\\\/\\\/shop.bantam.ch\\\/fr\\\/#organization\",\"name\":\"Bantam Wankm\u00fcller SA\",\"url\":\"https:\\\/\\\/shop.bantam.ch\\\/fr\\\/\",\"logo\":{\"@type\":\"ImageObject\",\"inLanguage\":\"fr-FR\",\"@id\":\"https:\\\/\\\/shop.bantam.ch\\\/fr\\\/#\\\/schema\\\/logo\\\/image\\\/\",\"url\":\"https:\\\/\\\/shop.bantam.ch\\\/wp-content\\\/uploads\\\/2022\\\/12\\\/bantam-logo.png\",\"contentUrl\":\"https:\\\/\\\/shop.bantam.ch\\\/wp-content\\\/uploads\\\/2022\\\/12\\\/bantam-logo.png\",\"width\":320,\"height\":71,\"caption\":\"Bantam Wankm\u00fcller SA\"},\"image\":{\"@id\":\"https:\\\/\\\/shop.bantam.ch\\\/fr\\\/#\\\/schema\\\/logo\\\/image\\\/\"}}]}<\/script>\n<!-- \/ Yoast SEO plugin. -->","yoast_head_json":{"title":"Mitigeur monocommande REICH Trend E avec douchette Charisma - Bantam Wankm\u00fcller SA","robots":{"index":"index","follow":"follow","max-snippet":"max-snippet:-1","max-image-preview":"max-image-preview:large","max-video-preview":"max-video-preview:-1"},"canonical":"https:\/\/shop.bantam.ch\/fr\/produit\/mitigeur-monocommande-reich-trend-e-avec-douchette-charisma\/","og_locale":"fr_FR","og_type":"article","og_title":"Mitigeur monocommande REICH Trend E avec douchette Charisma - Bantam Wankm\u00fcller SA","og_description":"De par sa conception, la s\u00e9rie TREND E avec cartouche c\u00e9ramique correspond \u00e0 une robinetterie usuelle, mais elle est beaucoup plus l\u00e9g\u00e8re. Le levier de commande en laiton massif et le corps en plastique l\u00e9ger du robinet se compl\u00e8tent id\u00e9alement. Le bec est orientable \u00e0 90\u00b0. Le robinet Trend E avec douchette Charisma convient aussi [&hellip;]","og_url":"https:\/\/shop.bantam.ch\/fr\/produit\/mitigeur-monocommande-reich-trend-e-avec-douchette-charisma\/","og_site_name":"Bantam Wankm\u00fcller SA","article_modified_time":"2026-04-19T21:05:44+00:00","twitter_card":"summary_large_image","schema":{"@context":"https:\/\/schema.org","@graph":[{"@type":"WebPage","@id":"https:\/\/shop.bantam.ch\/fr\/produit\/mitigeur-monocommande-reich-trend-e-avec-douchette-charisma\/","url":"https:\/\/shop.bantam.ch\/fr\/produit\/mitigeur-monocommande-reich-trend-e-avec-douchette-charisma\/","name":"Mitigeur monocommande REICH Trend E avec douchette Charisma - Bantam Wankm\u00fcller SA","isPartOf":{"@id":"https:\/\/shop.bantam.ch\/fr\/#website"},"datePublished":"2024-05-15T12:48:54+00:00","dateModified":"2026-04-19T21:05:44+00:00","breadcrumb":{"@id":"https:\/\/shop.bantam.ch\/fr\/produit\/mitigeur-monocommande-reich-trend-e-avec-douchette-charisma\/#breadcrumb"},"inLanguage":"fr-FR","potentialAction":[{"@type":"ReadAction","target":["https:\/\/shop.bantam.ch\/fr\/produit\/mitigeur-monocommande-reich-trend-e-avec-douchette-charisma\/"]}]},{"@type":"BreadcrumbList","@id":"https:\/\/shop.bantam.ch\/fr\/produit\/mitigeur-monocommande-reich-trend-e-avec-douchette-charisma\/#breadcrumb","itemListElement":[{"@type":"ListItem","position":1,"name":"Accueil","item":"https:\/\/shop.bantam.ch\/fr\/"},{"@type":"ListItem","position":2,"name":"Boutique","item":"https:\/\/shop.bantam.ch\/fr\/boutique\/"},{"@type":"ListItem","position":3,"name":"Mitigeur monocommande REICH Trend E avec douchette Charisma"}]},{"@type":"WebSite","@id":"https:\/\/shop.bantam.ch\/fr\/#website","url":"https:\/\/shop.bantam.ch\/fr\/","name":"Bantam Wankm\u00fcller SA","description":"","publisher":{"@id":"https:\/\/shop.bantam.ch\/fr\/#organization"},"inLanguage":"fr-FR"},{"@type":"Organization","@id":"https:\/\/shop.bantam.ch\/fr\/#organization","name":"Bantam Wankm\u00fcller SA","url":"https:\/\/shop.bantam.ch\/fr\/","logo":{"@type":"ImageObject","inLanguage":"fr-FR","@id":"https:\/\/shop.bantam.ch\/fr\/#\/schema\/logo\/image\/","url":"https:\/\/shop.bantam.ch\/wp-content\/uploads\/2022\/12\/bantam-logo.png","contentUrl":"https:\/\/shop.bantam.ch\/wp-content\/uploads\/2022\/12\/bantam-logo.png","width":320,"height":71,"caption":"Bantam Wankm\u00fcller SA"},"image":{"@id":"https:\/\/shop.bantam.ch\/fr\/#\/schema\/logo\/image\/"}}]}},"_links":{"self":[{"href":"https:\/\/shop.bantam.ch\/fr\/wp-json\/wp\/v2\/product\/193932","targetHints":{"allow":["GET"]}}],"collection":[{"href":"https:\/\/shop.bantam.ch\/fr\/wp-json\/wp\/v2\/product"}],"about":[{"href":"https:\/\/shop.bantam.ch\/fr\/wp-json\/wp\/v2\/types\/product"}],"wp:attachment":[{"href":"https:\/\/shop.bantam.ch\/fr\/wp-json\/wp\/v2\/media?parent=193932"}],"wp:term":[{"taxonomy":"product_featured_cat","embeddable":true,"href":"https:\/\/shop.bantam.ch\/fr\/wp-json\/wp\/v2\/product_featured_cat?post=193932"},{"taxonomy":"product_brand","embeddable":true,"href":"https:\/\/shop.bantam.ch\/fr\/wp-json\/wp\/v2\/product_brand?post=193932"},{"taxonomy":"product_cat","embeddable":true,"href":"https:\/\/shop.bantam.ch\/fr\/wp-json\/wp\/v2\/product_cat?post=193932"},{"taxonomy":"product_tag","embeddable":true,"href":"https:\/\/shop.bantam.ch\/fr\/wp-json\/wp\/v2\/product_tag?post=193932"}],"curies":[{"name":"wp","href":"https:\/\/api.w.org\/{rel}","templated":true}]}}