{"id":193892,"date":"2024-05-15T14:47:42","date_gmt":"2024-05-15T12:47:42","guid":{"rendered":"https:\/\/shop.bantam.ch\/produit\/attelage-de-remorque-sawiko-mt005-a2-1220-b-k5a\/"},"modified":"2026-04-18T23:03:13","modified_gmt":"2026-04-18T21:03:13","slug":"attelage-de-remorque-sawiko-mt005-a2-1220-b-k5a","status":"publish","type":"product","link":"https:\/\/shop.bantam.ch\/fr\/produit\/attelage-de-remorque-sawiko-mt005-a2-1220-b-k5a\/","title":{"rendered":"Attelage de remorque SAWIKO MT005, A2-1220-B-K5+A"},"content":{"rendered":"<p>Attelage de remorque de haute qualit\u00e9 pour camping-cars.<br \/>\nPour les camping-cars sans rallonge de ch\u00e2ssis porteuse, un kit de renforcement est n\u00e9cessaire (article s\u00e9par\u00e9 le cas \u00e9ch\u00e9ant).<br \/>\nL&rsquo;attelage de remorque est \u00e9quip\u00e9 d&rsquo;une boule d&rsquo;attelage fixe.<br \/>\nLes \u00e9l\u00e9ments de fixation pour les syst\u00e8mes de portage de scooters et de v\u00e9los Sawiko peuvent \u00eatre ajout\u00e9s \u00e0 tout moment sans probl\u00e8me.<\/p>\n<p>Contenu de la livraison :<br \/>\nBarre transversale AHK avec t\u00eate sph\u00e9rique<br \/>\nKit de plaques d&rsquo;adaptation<br \/>\nLe kit \u00e9lectrique doit \u00eatre command\u00e9 s\u00e9par\u00e9ment !<\/p>\n<p>Valeur D 12,5kN<br \/>\nCharge d&rsquo;appui 75kg<br \/>\n&nbsp;<\/p>\n","protected":false},"excerpt":{"rendered":"<p>Attelage de remorque de haute qualit\u00e9 pour camping-cars. Pour les camping-cars sans rallonge de ch\u00e2ssis porteuse, un kit de renforcement est n\u00e9cessaire (article s\u00e9par\u00e9 le cas \u00e9ch\u00e9ant). L&rsquo;attelage de remorque est \u00e9quip\u00e9 d&rsquo;une boule d&rsquo;attelage fixe. Les \u00e9l\u00e9ments de fixation pour les syst\u00e8mes de portage de scooters et de v\u00e9los Sawiko peuvent \u00eatre ajout\u00e9s \u00e0 [&hellip;]<\/p>\n","protected":false},"featured_media":206252,"template":"","meta":{"_acf_changed":false},"product_featured_cat":[],"product_brand":[3314],"product_cat":[4795],"product_tag":[],"class_list":{"0":"post-193892","1":"product","2":"type-product","3":"status-publish","4":"has-post-thumbnail","6":"product_brand-sawiko-by-al-ko","7":"product_cat-attelages-de-remorque","9":"first","10":"instock","11":"taxable","12":"shipping-taxable","13":"purchasable","14":"product-type-simple"},"acf":[],"yoast_head":"<!-- This site is optimized with the Yoast SEO plugin v27.4 - https:\/\/yoast.com\/product\/yoast-seo-wordpress\/ -->\n<title>Attelage de remorque SAWIKO MT005, A2-1220-B-K5+A - Bantam Wankm\u00fcller SA<\/title>\n<meta name=\"robots\" content=\"index, follow, max-snippet:-1, max-image-preview:large, max-video-preview:-1\" \/>\n<link rel=\"canonical\" href=\"https:\/\/shop.bantam.ch\/fr\/produit\/attelage-de-remorque-sawiko-mt005-a2-1220-b-k5a\/\" \/>\n<meta property=\"og:locale\" content=\"fr_FR\" \/>\n<meta property=\"og:type\" content=\"article\" \/>\n<meta property=\"og:title\" content=\"Attelage de remorque SAWIKO MT005, A2-1220-B-K5+A - Bantam Wankm\u00fcller SA\" \/>\n<meta property=\"og:description\" content=\"Attelage de remorque de haute qualit\u00e9 pour camping-cars. Pour les camping-cars sans rallonge de ch\u00e2ssis porteuse, un kit de renforcement est n\u00e9cessaire (article s\u00e9par\u00e9 le cas \u00e9ch\u00e9ant). L&rsquo;attelage de remorque est \u00e9quip\u00e9 d&rsquo;une boule d&rsquo;attelage fixe. Les \u00e9l\u00e9ments de fixation pour les syst\u00e8mes de portage de scooters et de v\u00e9los Sawiko peuvent \u00eatre ajout\u00e9s \u00e0 [&hellip;]\" \/>\n<meta property=\"og:url\" content=\"https:\/\/shop.bantam.ch\/fr\/produit\/attelage-de-remorque-sawiko-mt005-a2-1220-b-k5a\/\" \/>\n<meta property=\"og:site_name\" content=\"Bantam Wankm\u00fcller SA\" \/>\n<meta property=\"article:modified_time\" content=\"2026-04-18T21:03:13+00:00\" \/>\n<meta name=\"twitter:card\" content=\"summary_large_image\" \/>\n<script type=\"application\/ld+json\" class=\"yoast-schema-graph\">{\"@context\":\"https:\\\/\\\/schema.org\",\"@graph\":[{\"@type\":\"WebPage\",\"@id\":\"https:\\\/\\\/shop.bantam.ch\\\/fr\\\/produit\\\/attelage-de-remorque-sawiko-mt005-a2-1220-b-k5a\\\/\",\"url\":\"https:\\\/\\\/shop.bantam.ch\\\/fr\\\/produit\\\/attelage-de-remorque-sawiko-mt005-a2-1220-b-k5a\\\/\",\"name\":\"Attelage de remorque SAWIKO MT005, A2-1220-B-K5+A - Bantam Wankm\u00fcller SA\",\"isPartOf\":{\"@id\":\"https:\\\/\\\/shop.bantam.ch\\\/fr\\\/#website\"},\"primaryImageOfPage\":{\"@id\":\"https:\\\/\\\/shop.bantam.ch\\\/fr\\\/produit\\\/attelage-de-remorque-sawiko-mt005-a2-1220-b-k5a\\\/#primaryimage\"},\"image\":{\"@id\":\"https:\\\/\\\/shop.bantam.ch\\\/fr\\\/produit\\\/attelage-de-remorque-sawiko-mt005-a2-1220-b-k5a\\\/#primaryimage\"},\"thumbnailUrl\":\"https:\\\/\\\/shop.bantam.ch\\\/wp-content\\\/uploads\\\/2024\\\/09\\\/Movera-L-9945895100.jpg\",\"datePublished\":\"2024-05-15T12:47:42+00:00\",\"dateModified\":\"2026-04-18T21:03:13+00:00\",\"breadcrumb\":{\"@id\":\"https:\\\/\\\/shop.bantam.ch\\\/fr\\\/produit\\\/attelage-de-remorque-sawiko-mt005-a2-1220-b-k5a\\\/#breadcrumb\"},\"inLanguage\":\"fr-FR\",\"potentialAction\":[{\"@type\":\"ReadAction\",\"target\":[\"https:\\\/\\\/shop.bantam.ch\\\/fr\\\/produit\\\/attelage-de-remorque-sawiko-mt005-a2-1220-b-k5a\\\/\"]}]},{\"@type\":\"ImageObject\",\"inLanguage\":\"fr-FR\",\"@id\":\"https:\\\/\\\/shop.bantam.ch\\\/fr\\\/produit\\\/attelage-de-remorque-sawiko-mt005-a2-1220-b-k5a\\\/#primaryimage\",\"url\":\"https:\\\/\\\/shop.bantam.ch\\\/wp-content\\\/uploads\\\/2024\\\/09\\\/Movera-L-9945895100.jpg\",\"contentUrl\":\"https:\\\/\\\/shop.bantam.ch\\\/wp-content\\\/uploads\\\/2024\\\/09\\\/Movera-L-9945895100.jpg\",\"width\":640,\"height\":427},{\"@type\":\"BreadcrumbList\",\"@id\":\"https:\\\/\\\/shop.bantam.ch\\\/fr\\\/produit\\\/attelage-de-remorque-sawiko-mt005-a2-1220-b-k5a\\\/#breadcrumb\",\"itemListElement\":[{\"@type\":\"ListItem\",\"position\":1,\"name\":\"Accueil\",\"item\":\"https:\\\/\\\/shop.bantam.ch\\\/fr\\\/\"},{\"@type\":\"ListItem\",\"position\":2,\"name\":\"Boutique\",\"item\":\"https:\\\/\\\/shop.bantam.ch\\\/fr\\\/boutique\\\/\"},{\"@type\":\"ListItem\",\"position\":3,\"name\":\"Attelage de remorque SAWIKO MT005, A2-1220-B-K5+A\"}]},{\"@type\":\"WebSite\",\"@id\":\"https:\\\/\\\/shop.bantam.ch\\\/fr\\\/#website\",\"url\":\"https:\\\/\\\/shop.bantam.ch\\\/fr\\\/\",\"name\":\"Bantam Wankm\u00fcller SA\",\"description\":\"\",\"publisher\":{\"@id\":\"https:\\\/\\\/shop.bantam.ch\\\/fr\\\/#organization\"},\"inLanguage\":\"fr-FR\"},{\"@type\":\"Organization\",\"@id\":\"https:\\\/\\\/shop.bantam.ch\\\/fr\\\/#organization\",\"name\":\"Bantam Wankm\u00fcller SA\",\"url\":\"https:\\\/\\\/shop.bantam.ch\\\/fr\\\/\",\"logo\":{\"@type\":\"ImageObject\",\"inLanguage\":\"fr-FR\",\"@id\":\"https:\\\/\\\/shop.bantam.ch\\\/fr\\\/#\\\/schema\\\/logo\\\/image\\\/\",\"url\":\"https:\\\/\\\/shop.bantam.ch\\\/wp-content\\\/uploads\\\/2022\\\/12\\\/bantam-logo.png\",\"contentUrl\":\"https:\\\/\\\/shop.bantam.ch\\\/wp-content\\\/uploads\\\/2022\\\/12\\\/bantam-logo.png\",\"width\":320,\"height\":71,\"caption\":\"Bantam Wankm\u00fcller SA\"},\"image\":{\"@id\":\"https:\\\/\\\/shop.bantam.ch\\\/fr\\\/#\\\/schema\\\/logo\\\/image\\\/\"}}]}<\/script>\n<!-- \/ Yoast SEO plugin. -->","yoast_head_json":{"title":"Attelage de remorque SAWIKO MT005, A2-1220-B-K5+A - Bantam Wankm\u00fcller SA","robots":{"index":"index","follow":"follow","max-snippet":"max-snippet:-1","max-image-preview":"max-image-preview:large","max-video-preview":"max-video-preview:-1"},"canonical":"https:\/\/shop.bantam.ch\/fr\/produit\/attelage-de-remorque-sawiko-mt005-a2-1220-b-k5a\/","og_locale":"fr_FR","og_type":"article","og_title":"Attelage de remorque SAWIKO MT005, A2-1220-B-K5+A - Bantam Wankm\u00fcller SA","og_description":"Attelage de remorque de haute qualit\u00e9 pour camping-cars. Pour les camping-cars sans rallonge de ch\u00e2ssis porteuse, un kit de renforcement est n\u00e9cessaire (article s\u00e9par\u00e9 le cas \u00e9ch\u00e9ant). L&rsquo;attelage de remorque est \u00e9quip\u00e9 d&rsquo;une boule d&rsquo;attelage fixe. Les \u00e9l\u00e9ments de fixation pour les syst\u00e8mes de portage de scooters et de v\u00e9los Sawiko peuvent \u00eatre ajout\u00e9s \u00e0 [&hellip;]","og_url":"https:\/\/shop.bantam.ch\/fr\/produit\/attelage-de-remorque-sawiko-mt005-a2-1220-b-k5a\/","og_site_name":"Bantam Wankm\u00fcller SA","article_modified_time":"2026-04-18T21:03:13+00:00","twitter_card":"summary_large_image","schema":{"@context":"https:\/\/schema.org","@graph":[{"@type":"WebPage","@id":"https:\/\/shop.bantam.ch\/fr\/produit\/attelage-de-remorque-sawiko-mt005-a2-1220-b-k5a\/","url":"https:\/\/shop.bantam.ch\/fr\/produit\/attelage-de-remorque-sawiko-mt005-a2-1220-b-k5a\/","name":"Attelage de remorque SAWIKO MT005, A2-1220-B-K5+A - Bantam Wankm\u00fcller SA","isPartOf":{"@id":"https:\/\/shop.bantam.ch\/fr\/#website"},"primaryImageOfPage":{"@id":"https:\/\/shop.bantam.ch\/fr\/produit\/attelage-de-remorque-sawiko-mt005-a2-1220-b-k5a\/#primaryimage"},"image":{"@id":"https:\/\/shop.bantam.ch\/fr\/produit\/attelage-de-remorque-sawiko-mt005-a2-1220-b-k5a\/#primaryimage"},"thumbnailUrl":"https:\/\/shop.bantam.ch\/wp-content\/uploads\/2024\/09\/Movera-L-9945895100.jpg","datePublished":"2024-05-15T12:47:42+00:00","dateModified":"2026-04-18T21:03:13+00:00","breadcrumb":{"@id":"https:\/\/shop.bantam.ch\/fr\/produit\/attelage-de-remorque-sawiko-mt005-a2-1220-b-k5a\/#breadcrumb"},"inLanguage":"fr-FR","potentialAction":[{"@type":"ReadAction","target":["https:\/\/shop.bantam.ch\/fr\/produit\/attelage-de-remorque-sawiko-mt005-a2-1220-b-k5a\/"]}]},{"@type":"ImageObject","inLanguage":"fr-FR","@id":"https:\/\/shop.bantam.ch\/fr\/produit\/attelage-de-remorque-sawiko-mt005-a2-1220-b-k5a\/#primaryimage","url":"https:\/\/shop.bantam.ch\/wp-content\/uploads\/2024\/09\/Movera-L-9945895100.jpg","contentUrl":"https:\/\/shop.bantam.ch\/wp-content\/uploads\/2024\/09\/Movera-L-9945895100.jpg","width":640,"height":427},{"@type":"BreadcrumbList","@id":"https:\/\/shop.bantam.ch\/fr\/produit\/attelage-de-remorque-sawiko-mt005-a2-1220-b-k5a\/#breadcrumb","itemListElement":[{"@type":"ListItem","position":1,"name":"Accueil","item":"https:\/\/shop.bantam.ch\/fr\/"},{"@type":"ListItem","position":2,"name":"Boutique","item":"https:\/\/shop.bantam.ch\/fr\/boutique\/"},{"@type":"ListItem","position":3,"name":"Attelage de remorque SAWIKO MT005, A2-1220-B-K5+A"}]},{"@type":"WebSite","@id":"https:\/\/shop.bantam.ch\/fr\/#website","url":"https:\/\/shop.bantam.ch\/fr\/","name":"Bantam Wankm\u00fcller SA","description":"","publisher":{"@id":"https:\/\/shop.bantam.ch\/fr\/#organization"},"inLanguage":"fr-FR"},{"@type":"Organization","@id":"https:\/\/shop.bantam.ch\/fr\/#organization","name":"Bantam Wankm\u00fcller SA","url":"https:\/\/shop.bantam.ch\/fr\/","logo":{"@type":"ImageObject","inLanguage":"fr-FR","@id":"https:\/\/shop.bantam.ch\/fr\/#\/schema\/logo\/image\/","url":"https:\/\/shop.bantam.ch\/wp-content\/uploads\/2022\/12\/bantam-logo.png","contentUrl":"https:\/\/shop.bantam.ch\/wp-content\/uploads\/2022\/12\/bantam-logo.png","width":320,"height":71,"caption":"Bantam Wankm\u00fcller SA"},"image":{"@id":"https:\/\/shop.bantam.ch\/fr\/#\/schema\/logo\/image\/"}}]}},"_links":{"self":[{"href":"https:\/\/shop.bantam.ch\/fr\/wp-json\/wp\/v2\/product\/193892","targetHints":{"allow":["GET"]}}],"collection":[{"href":"https:\/\/shop.bantam.ch\/fr\/wp-json\/wp\/v2\/product"}],"about":[{"href":"https:\/\/shop.bantam.ch\/fr\/wp-json\/wp\/v2\/types\/product"}],"wp:featuredmedia":[{"embeddable":true,"href":"https:\/\/shop.bantam.ch\/fr\/wp-json\/wp\/v2\/media\/206252"}],"wp:attachment":[{"href":"https:\/\/shop.bantam.ch\/fr\/wp-json\/wp\/v2\/media?parent=193892"}],"wp:term":[{"taxonomy":"product_featured_cat","embeddable":true,"href":"https:\/\/shop.bantam.ch\/fr\/wp-json\/wp\/v2\/product_featured_cat?post=193892"},{"taxonomy":"product_brand","embeddable":true,"href":"https:\/\/shop.bantam.ch\/fr\/wp-json\/wp\/v2\/product_brand?post=193892"},{"taxonomy":"product_cat","embeddable":true,"href":"https:\/\/shop.bantam.ch\/fr\/wp-json\/wp\/v2\/product_cat?post=193892"},{"taxonomy":"product_tag","embeddable":true,"href":"https:\/\/shop.bantam.ch\/fr\/wp-json\/wp\/v2\/product_tag?post=193892"}],"curies":[{"name":"wp","href":"https:\/\/api.w.org\/{rel}","templated":true}]}}