{"id":193760,"date":"2024-05-15T14:42:06","date_gmt":"2024-05-15T12:42:06","guid":{"rendered":"https:\/\/shop.bantam.ch\/produit\/paroi-avant-rolli-bloxx-screen-front\/"},"modified":"2026-04-19T01:01:12","modified_gmt":"2026-04-18T23:01:12","slug":"paroi-avant-rolli-bloxx-screen-front","status":"publish","type":"product","link":"https:\/\/shop.bantam.ch\/fr\/produit\/paroi-avant-rolli-bloxx-screen-front\/","title":{"rendered":"Paroi avant ROLLI BLOXX Screen Front"},"content":{"rendered":"<p>Peu importe o\u00f9 vous vous trouvez : Ce pare-soleil perm\u00e9able \u00e0 l&rsquo;air vous permet de profiter du paysage sans restriction et de respirer l&rsquo;air frais de la mer, de la for\u00eat ou de la montagne.<\/p>\n<ul>\n<li>Protection optionnelle contre le soleil, le vent, la pluie et les regards indiscrets pour les toits de stores Rolli enti\u00e8rement r\u00e9tract\u00e9s<\/li>\n<li>La paroi avant est tout simplement encastr\u00e9e dans le profil du toit ROLLI<\/li>\n<li>La paroi lat\u00e9rale est fix\u00e9e sur la barre de toit ainsi qu&rsquo;\u00e0 l&rsquo;aide de bandes velcro et de boucles<\/li>\n<li>Attention : les panneaux lat\u00e9raux ne sont pas interchangeables!<\/li>\n<li>PANNEAU AVANT et PANNEAU LAT\u00c9RAL disponibles s\u00e9par\u00e9ment<\/li>\n<li>Faible poids<\/li>\n<li>Petite taille de rangement<\/li>\n<li>Mat\u00e9riau SCREEN Mesh perm\u00e9able \u00e0 l&rsquo;air<\/li>\n<\/ul>\n<p>Mat\u00e9riau:<br \/>\n100 % polyester<\/p>\n<p>Contenu de la livraison:<br \/>\nParoi frontale incluse<br \/>\nMat\u00e9riel de haubanage Rolli<br \/>\nSac de rangement WIGO noir<br \/>\n&nbsp;<\/p>\n","protected":false},"excerpt":{"rendered":"<p>Peu importe o\u00f9 vous vous trouvez : Ce pare-soleil perm\u00e9able \u00e0 l&rsquo;air vous permet de profiter du paysage sans restriction et de respirer l&rsquo;air frais de la mer, de la for\u00eat ou de la montagne. Protection optionnelle contre le soleil, le vent, la pluie et les regards indiscrets pour les toits de stores Rolli enti\u00e8rement [&hellip;]<\/p>\n","protected":false},"featured_media":193758,"template":"","meta":{"_acf_changed":false},"product_featured_cat":[],"product_brand":[3042],"product_cat":[4219],"product_tag":[],"class_list":{"0":"post-193760","1":"product","2":"type-product","3":"status-publish","4":"has-post-thumbnail","6":"product_brand-wigo","7":"product_cat-parois-avant","9":"first","10":"instock","11":"taxable","12":"shipping-taxable","13":"purchasable","14":"product-type-variable"},"acf":[],"yoast_head":"<!-- This site is optimized with the Yoast SEO plugin v27.4 - https:\/\/yoast.com\/product\/yoast-seo-wordpress\/ -->\n<title>Paroi avant ROLLI BLOXX Screen Front - Bantam Wankm\u00fcller SA<\/title>\n<meta name=\"robots\" content=\"index, follow, max-snippet:-1, max-image-preview:large, max-video-preview:-1\" \/>\n<link rel=\"canonical\" href=\"https:\/\/shop.bantam.ch\/fr\/produit\/paroi-avant-rolli-bloxx-screen-front\/\" \/>\n<meta property=\"og:locale\" content=\"fr_FR\" \/>\n<meta property=\"og:type\" content=\"article\" \/>\n<meta property=\"og:title\" content=\"Paroi avant ROLLI BLOXX Screen Front - Bantam Wankm\u00fcller SA\" \/>\n<meta property=\"og:description\" content=\"Peu importe o\u00f9 vous vous trouvez : Ce pare-soleil perm\u00e9able \u00e0 l&rsquo;air vous permet de profiter du paysage sans restriction et de respirer l&rsquo;air frais de la mer, de la for\u00eat ou de la montagne. Protection optionnelle contre le soleil, le vent, la pluie et les regards indiscrets pour les toits de stores Rolli enti\u00e8rement [&hellip;]\" \/>\n<meta property=\"og:url\" content=\"https:\/\/shop.bantam.ch\/fr\/produit\/paroi-avant-rolli-bloxx-screen-front\/\" \/>\n<meta property=\"og:site_name\" content=\"Bantam Wankm\u00fcller SA\" \/>\n<meta property=\"article:modified_time\" content=\"2026-04-18T23:01:12+00:00\" \/>\n<meta property=\"og:image\" content=\"https:\/\/shop.bantam.ch\/wp-content\/uploads\/2024\/05\/Movera-L-0106720100.jpg\" \/>\n\t<meta property=\"og:image:width\" content=\"640\" \/>\n\t<meta property=\"og:image:height\" content=\"426\" \/>\n\t<meta property=\"og:image:type\" content=\"image\/jpeg\" \/>\n<meta name=\"twitter:card\" content=\"summary_large_image\" \/>\n<meta name=\"twitter:label1\" content=\"Dur\u00e9e de lecture estim\u00e9e\" \/>\n\t<meta name=\"twitter:data1\" content=\"1 minute\" \/>\n<script type=\"application\/ld+json\" class=\"yoast-schema-graph\">{\"@context\":\"https:\\\/\\\/schema.org\",\"@graph\":[{\"@type\":\"WebPage\",\"@id\":\"https:\\\/\\\/shop.bantam.ch\\\/fr\\\/produit\\\/paroi-avant-rolli-bloxx-screen-front\\\/\",\"url\":\"https:\\\/\\\/shop.bantam.ch\\\/fr\\\/produit\\\/paroi-avant-rolli-bloxx-screen-front\\\/\",\"name\":\"Paroi avant ROLLI BLOXX Screen Front - Bantam Wankm\u00fcller SA\",\"isPartOf\":{\"@id\":\"https:\\\/\\\/shop.bantam.ch\\\/fr\\\/#website\"},\"primaryImageOfPage\":{\"@id\":\"https:\\\/\\\/shop.bantam.ch\\\/fr\\\/produit\\\/paroi-avant-rolli-bloxx-screen-front\\\/#primaryimage\"},\"image\":{\"@id\":\"https:\\\/\\\/shop.bantam.ch\\\/fr\\\/produit\\\/paroi-avant-rolli-bloxx-screen-front\\\/#primaryimage\"},\"thumbnailUrl\":\"https:\\\/\\\/shop.bantam.ch\\\/wp-content\\\/uploads\\\/2024\\\/05\\\/Movera-L-0106720100.jpg\",\"datePublished\":\"2024-05-15T12:42:06+00:00\",\"dateModified\":\"2026-04-18T23:01:12+00:00\",\"breadcrumb\":{\"@id\":\"https:\\\/\\\/shop.bantam.ch\\\/fr\\\/produit\\\/paroi-avant-rolli-bloxx-screen-front\\\/#breadcrumb\"},\"inLanguage\":\"fr-FR\",\"potentialAction\":[{\"@type\":\"ReadAction\",\"target\":[\"https:\\\/\\\/shop.bantam.ch\\\/fr\\\/produit\\\/paroi-avant-rolli-bloxx-screen-front\\\/\"]}]},{\"@type\":\"ImageObject\",\"inLanguage\":\"fr-FR\",\"@id\":\"https:\\\/\\\/shop.bantam.ch\\\/fr\\\/produit\\\/paroi-avant-rolli-bloxx-screen-front\\\/#primaryimage\",\"url\":\"https:\\\/\\\/shop.bantam.ch\\\/wp-content\\\/uploads\\\/2024\\\/05\\\/Movera-L-0106720100.jpg\",\"contentUrl\":\"https:\\\/\\\/shop.bantam.ch\\\/wp-content\\\/uploads\\\/2024\\\/05\\\/Movera-L-0106720100.jpg\",\"width\":640,\"height\":426},{\"@type\":\"BreadcrumbList\",\"@id\":\"https:\\\/\\\/shop.bantam.ch\\\/fr\\\/produit\\\/paroi-avant-rolli-bloxx-screen-front\\\/#breadcrumb\",\"itemListElement\":[{\"@type\":\"ListItem\",\"position\":1,\"name\":\"Accueil\",\"item\":\"https:\\\/\\\/shop.bantam.ch\\\/fr\\\/\"},{\"@type\":\"ListItem\",\"position\":2,\"name\":\"Boutique\",\"item\":\"https:\\\/\\\/shop.bantam.ch\\\/fr\\\/boutique\\\/\"},{\"@type\":\"ListItem\",\"position\":3,\"name\":\"Paroi avant ROLLI BLOXX Screen Front\"}]},{\"@type\":\"WebSite\",\"@id\":\"https:\\\/\\\/shop.bantam.ch\\\/fr\\\/#website\",\"url\":\"https:\\\/\\\/shop.bantam.ch\\\/fr\\\/\",\"name\":\"Bantam Wankm\u00fcller SA\",\"description\":\"\",\"publisher\":{\"@id\":\"https:\\\/\\\/shop.bantam.ch\\\/fr\\\/#organization\"},\"inLanguage\":\"fr-FR\"},{\"@type\":\"Organization\",\"@id\":\"https:\\\/\\\/shop.bantam.ch\\\/fr\\\/#organization\",\"name\":\"Bantam Wankm\u00fcller SA\",\"url\":\"https:\\\/\\\/shop.bantam.ch\\\/fr\\\/\",\"logo\":{\"@type\":\"ImageObject\",\"inLanguage\":\"fr-FR\",\"@id\":\"https:\\\/\\\/shop.bantam.ch\\\/fr\\\/#\\\/schema\\\/logo\\\/image\\\/\",\"url\":\"https:\\\/\\\/shop.bantam.ch\\\/wp-content\\\/uploads\\\/2022\\\/12\\\/bantam-logo.png\",\"contentUrl\":\"https:\\\/\\\/shop.bantam.ch\\\/wp-content\\\/uploads\\\/2022\\\/12\\\/bantam-logo.png\",\"width\":320,\"height\":71,\"caption\":\"Bantam Wankm\u00fcller SA\"},\"image\":{\"@id\":\"https:\\\/\\\/shop.bantam.ch\\\/fr\\\/#\\\/schema\\\/logo\\\/image\\\/\"}}]}<\/script>\n<!-- \/ Yoast SEO plugin. -->","yoast_head_json":{"title":"Paroi avant ROLLI BLOXX Screen Front - Bantam Wankm\u00fcller SA","robots":{"index":"index","follow":"follow","max-snippet":"max-snippet:-1","max-image-preview":"max-image-preview:large","max-video-preview":"max-video-preview:-1"},"canonical":"https:\/\/shop.bantam.ch\/fr\/produit\/paroi-avant-rolli-bloxx-screen-front\/","og_locale":"fr_FR","og_type":"article","og_title":"Paroi avant ROLLI BLOXX Screen Front - Bantam Wankm\u00fcller SA","og_description":"Peu importe o\u00f9 vous vous trouvez : Ce pare-soleil perm\u00e9able \u00e0 l&rsquo;air vous permet de profiter du paysage sans restriction et de respirer l&rsquo;air frais de la mer, de la for\u00eat ou de la montagne. Protection optionnelle contre le soleil, le vent, la pluie et les regards indiscrets pour les toits de stores Rolli enti\u00e8rement [&hellip;]","og_url":"https:\/\/shop.bantam.ch\/fr\/produit\/paroi-avant-rolli-bloxx-screen-front\/","og_site_name":"Bantam Wankm\u00fcller SA","article_modified_time":"2026-04-18T23:01:12+00:00","og_image":[{"width":640,"height":426,"url":"https:\/\/shop.bantam.ch\/wp-content\/uploads\/2024\/05\/Movera-L-0106720100.jpg","type":"image\/jpeg"}],"twitter_card":"summary_large_image","twitter_misc":{"Dur\u00e9e de lecture estim\u00e9e":"1 minute"},"schema":{"@context":"https:\/\/schema.org","@graph":[{"@type":"WebPage","@id":"https:\/\/shop.bantam.ch\/fr\/produit\/paroi-avant-rolli-bloxx-screen-front\/","url":"https:\/\/shop.bantam.ch\/fr\/produit\/paroi-avant-rolli-bloxx-screen-front\/","name":"Paroi avant ROLLI BLOXX Screen Front - Bantam Wankm\u00fcller SA","isPartOf":{"@id":"https:\/\/shop.bantam.ch\/fr\/#website"},"primaryImageOfPage":{"@id":"https:\/\/shop.bantam.ch\/fr\/produit\/paroi-avant-rolli-bloxx-screen-front\/#primaryimage"},"image":{"@id":"https:\/\/shop.bantam.ch\/fr\/produit\/paroi-avant-rolli-bloxx-screen-front\/#primaryimage"},"thumbnailUrl":"https:\/\/shop.bantam.ch\/wp-content\/uploads\/2024\/05\/Movera-L-0106720100.jpg","datePublished":"2024-05-15T12:42:06+00:00","dateModified":"2026-04-18T23:01:12+00:00","breadcrumb":{"@id":"https:\/\/shop.bantam.ch\/fr\/produit\/paroi-avant-rolli-bloxx-screen-front\/#breadcrumb"},"inLanguage":"fr-FR","potentialAction":[{"@type":"ReadAction","target":["https:\/\/shop.bantam.ch\/fr\/produit\/paroi-avant-rolli-bloxx-screen-front\/"]}]},{"@type":"ImageObject","inLanguage":"fr-FR","@id":"https:\/\/shop.bantam.ch\/fr\/produit\/paroi-avant-rolli-bloxx-screen-front\/#primaryimage","url":"https:\/\/shop.bantam.ch\/wp-content\/uploads\/2024\/05\/Movera-L-0106720100.jpg","contentUrl":"https:\/\/shop.bantam.ch\/wp-content\/uploads\/2024\/05\/Movera-L-0106720100.jpg","width":640,"height":426},{"@type":"BreadcrumbList","@id":"https:\/\/shop.bantam.ch\/fr\/produit\/paroi-avant-rolli-bloxx-screen-front\/#breadcrumb","itemListElement":[{"@type":"ListItem","position":1,"name":"Accueil","item":"https:\/\/shop.bantam.ch\/fr\/"},{"@type":"ListItem","position":2,"name":"Boutique","item":"https:\/\/shop.bantam.ch\/fr\/boutique\/"},{"@type":"ListItem","position":3,"name":"Paroi avant ROLLI BLOXX Screen Front"}]},{"@type":"WebSite","@id":"https:\/\/shop.bantam.ch\/fr\/#website","url":"https:\/\/shop.bantam.ch\/fr\/","name":"Bantam Wankm\u00fcller SA","description":"","publisher":{"@id":"https:\/\/shop.bantam.ch\/fr\/#organization"},"inLanguage":"fr-FR"},{"@type":"Organization","@id":"https:\/\/shop.bantam.ch\/fr\/#organization","name":"Bantam Wankm\u00fcller SA","url":"https:\/\/shop.bantam.ch\/fr\/","logo":{"@type":"ImageObject","inLanguage":"fr-FR","@id":"https:\/\/shop.bantam.ch\/fr\/#\/schema\/logo\/image\/","url":"https:\/\/shop.bantam.ch\/wp-content\/uploads\/2022\/12\/bantam-logo.png","contentUrl":"https:\/\/shop.bantam.ch\/wp-content\/uploads\/2022\/12\/bantam-logo.png","width":320,"height":71,"caption":"Bantam Wankm\u00fcller SA"},"image":{"@id":"https:\/\/shop.bantam.ch\/fr\/#\/schema\/logo\/image\/"}}]}},"_links":{"self":[{"href":"https:\/\/shop.bantam.ch\/fr\/wp-json\/wp\/v2\/product\/193760","targetHints":{"allow":["GET"]}}],"collection":[{"href":"https:\/\/shop.bantam.ch\/fr\/wp-json\/wp\/v2\/product"}],"about":[{"href":"https:\/\/shop.bantam.ch\/fr\/wp-json\/wp\/v2\/types\/product"}],"wp:featuredmedia":[{"embeddable":true,"href":"https:\/\/shop.bantam.ch\/fr\/wp-json\/wp\/v2\/media\/193758"}],"wp:attachment":[{"href":"https:\/\/shop.bantam.ch\/fr\/wp-json\/wp\/v2\/media?parent=193760"}],"wp:term":[{"taxonomy":"product_featured_cat","embeddable":true,"href":"https:\/\/shop.bantam.ch\/fr\/wp-json\/wp\/v2\/product_featured_cat?post=193760"},{"taxonomy":"product_brand","embeddable":true,"href":"https:\/\/shop.bantam.ch\/fr\/wp-json\/wp\/v2\/product_brand?post=193760"},{"taxonomy":"product_cat","embeddable":true,"href":"https:\/\/shop.bantam.ch\/fr\/wp-json\/wp\/v2\/product_cat?post=193760"},{"taxonomy":"product_tag","embeddable":true,"href":"https:\/\/shop.bantam.ch\/fr\/wp-json\/wp\/v2\/product_tag?post=193760"}],"curies":[{"name":"wp","href":"https:\/\/api.w.org\/{rel}","templated":true}]}}