{"id":193718,"date":"2024-05-15T14:40:17","date_gmt":"2024-05-15T12:40:17","guid":{"rendered":"https:\/\/shop.bantam.ch\/produit\/porte-velos-fiamma-carry-bike-ford-custom-col-deep-black-charge-50-kg-pour-velo-electrique-aussi\/"},"modified":"2026-04-18T23:02:06","modified_gmt":"2026-04-18T21:02:06","slug":"porte-velos-fiamma-carry-bike-ford-custom-col-deep-black-charge-50-kg-pour-velo-electrique-aussi","status":"publish","type":"product","link":"https:\/\/shop.bantam.ch\/fr\/produit\/porte-velos-fiamma-carry-bike-ford-custom-col-deep-black-charge-50-kg-pour-velo-electrique-aussi\/","title":{"rendered":"Porte-v\u00e9los FIAMMA Carry Bike Ford Custom col. deep black, charge 50 kg pour v\u00e9lo \u00e9lectrique aussi"},"content":{"rendered":"<p>Pour les v\u00e9hicules avec hayon d&rsquo;une seule pi\u00e8ce et \u00e9galement pour les mod\u00e8les avec toit relevable.<br \/>\nLe profil calandr\u00e9, qui suit la forme du v\u00e9hicule, assure une adh\u00e9rence optimale \u00e0 la partie inf\u00e9rieure du hayon.<\/p>\n<p>Pour 2 v\u00e9los, extensible \u00e0 3 v\u00e9los \/ 2 v\u00e9los \u00e9lectriques<\/p>\n<p>.<\/p>\n<p>&nbsp;<\/p>\n<p>Livraison:<\/p>\n<p>Entre autres&nbsp;Bike-Block Pro 1 et Pro3 Strip<\/p>\n<p>.<\/p>\n<p>2 x rails Rail Plus<\/p>\n<p>Support de montage.<\/p>\n","protected":false},"excerpt":{"rendered":"<p>Pour les v\u00e9hicules avec hayon d&rsquo;une seule pi\u00e8ce et \u00e9galement pour les mod\u00e8les avec toit relevable. Le profil calandr\u00e9, qui suit la forme du v\u00e9hicule, assure une adh\u00e9rence optimale \u00e0 la partie inf\u00e9rieure du hayon. Pour 2 v\u00e9los, extensible \u00e0 3 v\u00e9los \/ 2 v\u00e9los \u00e9lectriques . &nbsp; Livraison: Entre autres&nbsp;Bike-Block Pro 1 et Pro3 [&hellip;]<\/p>\n","protected":false},"featured_media":206164,"template":"","meta":{"_acf_changed":false},"product_featured_cat":[],"product_brand":[3034],"product_cat":[5137],"product_tag":[],"class_list":{"0":"post-193718","1":"product","2":"type-product","3":"status-publish","4":"has-post-thumbnail","6":"product_brand-fiamma","7":"product_cat-porte-velos-arriere","9":"first","10":"instock","11":"taxable","12":"shipping-taxable","13":"purchasable","14":"product-type-simple"},"acf":[],"yoast_head":"<!-- This site is optimized with the Yoast SEO plugin v27.4 - https:\/\/yoast.com\/product\/yoast-seo-wordpress\/ -->\n<title>Porte-v\u00e9los FIAMMA Carry Bike Ford Custom col. deep black, charge 50 kg pour v\u00e9lo \u00e9lectrique aussi - Bantam Wankm\u00fcller SA<\/title>\n<meta name=\"robots\" content=\"index, follow, max-snippet:-1, max-image-preview:large, max-video-preview:-1\" \/>\n<link rel=\"canonical\" href=\"https:\/\/shop.bantam.ch\/fr\/produit\/porte-velos-fiamma-carry-bike-ford-custom-col-deep-black-charge-50-kg-pour-velo-electrique-aussi\/\" \/>\n<meta property=\"og:locale\" content=\"fr_FR\" \/>\n<meta property=\"og:type\" content=\"article\" \/>\n<meta property=\"og:title\" content=\"Porte-v\u00e9los FIAMMA Carry Bike Ford Custom col. deep black, charge 50 kg pour v\u00e9lo \u00e9lectrique aussi - Bantam Wankm\u00fcller SA\" \/>\n<meta property=\"og:description\" content=\"Pour les v\u00e9hicules avec hayon d&rsquo;une seule pi\u00e8ce et \u00e9galement pour les mod\u00e8les avec toit relevable. Le profil calandr\u00e9, qui suit la forme du v\u00e9hicule, assure une adh\u00e9rence optimale \u00e0 la partie inf\u00e9rieure du hayon. Pour 2 v\u00e9los, extensible \u00e0 3 v\u00e9los \/ 2 v\u00e9los \u00e9lectriques . &nbsp; Livraison: Entre autres&nbsp;Bike-Block Pro 1 et Pro3 [&hellip;]\" \/>\n<meta property=\"og:url\" content=\"https:\/\/shop.bantam.ch\/fr\/produit\/porte-velos-fiamma-carry-bike-ford-custom-col-deep-black-charge-50-kg-pour-velo-electrique-aussi\/\" \/>\n<meta property=\"og:site_name\" content=\"Bantam Wankm\u00fcller SA\" \/>\n<meta property=\"article:modified_time\" content=\"2026-04-18T21:02:06+00:00\" \/>\n<meta property=\"og:image\" content=\"https:\/\/shop.bantam.ch\/wp-content\/uploads\/2024\/05\/Movera-L-9945453100.jpg\" \/>\n\t<meta property=\"og:image:width\" content=\"640\" \/>\n\t<meta property=\"og:image:height\" content=\"360\" \/>\n\t<meta property=\"og:image:type\" content=\"image\/jpeg\" \/>\n<meta name=\"twitter:card\" content=\"summary_large_image\" \/>\n<script type=\"application\/ld+json\" class=\"yoast-schema-graph\">{\"@context\":\"https:\\\/\\\/schema.org\",\"@graph\":[{\"@type\":\"WebPage\",\"@id\":\"https:\\\/\\\/shop.bantam.ch\\\/fr\\\/produit\\\/porte-velos-fiamma-carry-bike-ford-custom-col-deep-black-charge-50-kg-pour-velo-electrique-aussi\\\/\",\"url\":\"https:\\\/\\\/shop.bantam.ch\\\/fr\\\/produit\\\/porte-velos-fiamma-carry-bike-ford-custom-col-deep-black-charge-50-kg-pour-velo-electrique-aussi\\\/\",\"name\":\"Porte-v\u00e9los FIAMMA Carry Bike Ford Custom col. deep black, charge 50 kg pour v\u00e9lo \u00e9lectrique aussi - Bantam Wankm\u00fcller SA\",\"isPartOf\":{\"@id\":\"https:\\\/\\\/shop.bantam.ch\\\/fr\\\/#website\"},\"primaryImageOfPage\":{\"@id\":\"https:\\\/\\\/shop.bantam.ch\\\/fr\\\/produit\\\/porte-velos-fiamma-carry-bike-ford-custom-col-deep-black-charge-50-kg-pour-velo-electrique-aussi\\\/#primaryimage\"},\"image\":{\"@id\":\"https:\\\/\\\/shop.bantam.ch\\\/fr\\\/produit\\\/porte-velos-fiamma-carry-bike-ford-custom-col-deep-black-charge-50-kg-pour-velo-electrique-aussi\\\/#primaryimage\"},\"thumbnailUrl\":\"https:\\\/\\\/shop.bantam.ch\\\/wp-content\\\/uploads\\\/2024\\\/09\\\/Movera-L-9945453100.jpg\",\"datePublished\":\"2024-05-15T12:40:17+00:00\",\"dateModified\":\"2026-04-18T21:02:06+00:00\",\"breadcrumb\":{\"@id\":\"https:\\\/\\\/shop.bantam.ch\\\/fr\\\/produit\\\/porte-velos-fiamma-carry-bike-ford-custom-col-deep-black-charge-50-kg-pour-velo-electrique-aussi\\\/#breadcrumb\"},\"inLanguage\":\"fr-FR\",\"potentialAction\":[{\"@type\":\"ReadAction\",\"target\":[\"https:\\\/\\\/shop.bantam.ch\\\/fr\\\/produit\\\/porte-velos-fiamma-carry-bike-ford-custom-col-deep-black-charge-50-kg-pour-velo-electrique-aussi\\\/\"]}]},{\"@type\":\"ImageObject\",\"inLanguage\":\"fr-FR\",\"@id\":\"https:\\\/\\\/shop.bantam.ch\\\/fr\\\/produit\\\/porte-velos-fiamma-carry-bike-ford-custom-col-deep-black-charge-50-kg-pour-velo-electrique-aussi\\\/#primaryimage\",\"url\":\"https:\\\/\\\/shop.bantam.ch\\\/wp-content\\\/uploads\\\/2024\\\/09\\\/Movera-L-9945453100.jpg\",\"contentUrl\":\"https:\\\/\\\/shop.bantam.ch\\\/wp-content\\\/uploads\\\/2024\\\/09\\\/Movera-L-9945453100.jpg\",\"width\":640,\"height\":360},{\"@type\":\"BreadcrumbList\",\"@id\":\"https:\\\/\\\/shop.bantam.ch\\\/fr\\\/produit\\\/porte-velos-fiamma-carry-bike-ford-custom-col-deep-black-charge-50-kg-pour-velo-electrique-aussi\\\/#breadcrumb\",\"itemListElement\":[{\"@type\":\"ListItem\",\"position\":1,\"name\":\"Accueil\",\"item\":\"https:\\\/\\\/shop.bantam.ch\\\/fr\\\/\"},{\"@type\":\"ListItem\",\"position\":2,\"name\":\"Boutique\",\"item\":\"https:\\\/\\\/shop.bantam.ch\\\/fr\\\/boutique\\\/\"},{\"@type\":\"ListItem\",\"position\":3,\"name\":\"Porte-v\u00e9los FIAMMA Carry Bike Ford Custom col. deep black, charge 50 kg pour v\u00e9lo \u00e9lectrique aussi\"}]},{\"@type\":\"WebSite\",\"@id\":\"https:\\\/\\\/shop.bantam.ch\\\/fr\\\/#website\",\"url\":\"https:\\\/\\\/shop.bantam.ch\\\/fr\\\/\",\"name\":\"Bantam Wankm\u00fcller SA\",\"description\":\"\",\"publisher\":{\"@id\":\"https:\\\/\\\/shop.bantam.ch\\\/fr\\\/#organization\"},\"inLanguage\":\"fr-FR\"},{\"@type\":\"Organization\",\"@id\":\"https:\\\/\\\/shop.bantam.ch\\\/fr\\\/#organization\",\"name\":\"Bantam Wankm\u00fcller SA\",\"url\":\"https:\\\/\\\/shop.bantam.ch\\\/fr\\\/\",\"logo\":{\"@type\":\"ImageObject\",\"inLanguage\":\"fr-FR\",\"@id\":\"https:\\\/\\\/shop.bantam.ch\\\/fr\\\/#\\\/schema\\\/logo\\\/image\\\/\",\"url\":\"https:\\\/\\\/shop.bantam.ch\\\/wp-content\\\/uploads\\\/2022\\\/12\\\/bantam-logo.png\",\"contentUrl\":\"https:\\\/\\\/shop.bantam.ch\\\/wp-content\\\/uploads\\\/2022\\\/12\\\/bantam-logo.png\",\"width\":320,\"height\":71,\"caption\":\"Bantam Wankm\u00fcller SA\"},\"image\":{\"@id\":\"https:\\\/\\\/shop.bantam.ch\\\/fr\\\/#\\\/schema\\\/logo\\\/image\\\/\"}}]}<\/script>\n<!-- \/ Yoast SEO plugin. -->","yoast_head_json":{"title":"Porte-v\u00e9los FIAMMA Carry Bike Ford Custom col. deep black, charge 50 kg pour v\u00e9lo \u00e9lectrique aussi - Bantam Wankm\u00fcller SA","robots":{"index":"index","follow":"follow","max-snippet":"max-snippet:-1","max-image-preview":"max-image-preview:large","max-video-preview":"max-video-preview:-1"},"canonical":"https:\/\/shop.bantam.ch\/fr\/produit\/porte-velos-fiamma-carry-bike-ford-custom-col-deep-black-charge-50-kg-pour-velo-electrique-aussi\/","og_locale":"fr_FR","og_type":"article","og_title":"Porte-v\u00e9los FIAMMA Carry Bike Ford Custom col. deep black, charge 50 kg pour v\u00e9lo \u00e9lectrique aussi - Bantam Wankm\u00fcller SA","og_description":"Pour les v\u00e9hicules avec hayon d&rsquo;une seule pi\u00e8ce et \u00e9galement pour les mod\u00e8les avec toit relevable. Le profil calandr\u00e9, qui suit la forme du v\u00e9hicule, assure une adh\u00e9rence optimale \u00e0 la partie inf\u00e9rieure du hayon. Pour 2 v\u00e9los, extensible \u00e0 3 v\u00e9los \/ 2 v\u00e9los \u00e9lectriques . &nbsp; Livraison: Entre autres&nbsp;Bike-Block Pro 1 et Pro3 [&hellip;]","og_url":"https:\/\/shop.bantam.ch\/fr\/produit\/porte-velos-fiamma-carry-bike-ford-custom-col-deep-black-charge-50-kg-pour-velo-electrique-aussi\/","og_site_name":"Bantam Wankm\u00fcller SA","article_modified_time":"2026-04-18T21:02:06+00:00","og_image":[{"width":640,"height":360,"url":"https:\/\/shop.bantam.ch\/wp-content\/uploads\/2024\/05\/Movera-L-9945453100.jpg","type":"image\/jpeg"}],"twitter_card":"summary_large_image","schema":{"@context":"https:\/\/schema.org","@graph":[{"@type":"WebPage","@id":"https:\/\/shop.bantam.ch\/fr\/produit\/porte-velos-fiamma-carry-bike-ford-custom-col-deep-black-charge-50-kg-pour-velo-electrique-aussi\/","url":"https:\/\/shop.bantam.ch\/fr\/produit\/porte-velos-fiamma-carry-bike-ford-custom-col-deep-black-charge-50-kg-pour-velo-electrique-aussi\/","name":"Porte-v\u00e9los FIAMMA Carry Bike Ford Custom col. deep black, charge 50 kg pour v\u00e9lo \u00e9lectrique aussi - Bantam Wankm\u00fcller SA","isPartOf":{"@id":"https:\/\/shop.bantam.ch\/fr\/#website"},"primaryImageOfPage":{"@id":"https:\/\/shop.bantam.ch\/fr\/produit\/porte-velos-fiamma-carry-bike-ford-custom-col-deep-black-charge-50-kg-pour-velo-electrique-aussi\/#primaryimage"},"image":{"@id":"https:\/\/shop.bantam.ch\/fr\/produit\/porte-velos-fiamma-carry-bike-ford-custom-col-deep-black-charge-50-kg-pour-velo-electrique-aussi\/#primaryimage"},"thumbnailUrl":"https:\/\/shop.bantam.ch\/wp-content\/uploads\/2024\/09\/Movera-L-9945453100.jpg","datePublished":"2024-05-15T12:40:17+00:00","dateModified":"2026-04-18T21:02:06+00:00","breadcrumb":{"@id":"https:\/\/shop.bantam.ch\/fr\/produit\/porte-velos-fiamma-carry-bike-ford-custom-col-deep-black-charge-50-kg-pour-velo-electrique-aussi\/#breadcrumb"},"inLanguage":"fr-FR","potentialAction":[{"@type":"ReadAction","target":["https:\/\/shop.bantam.ch\/fr\/produit\/porte-velos-fiamma-carry-bike-ford-custom-col-deep-black-charge-50-kg-pour-velo-electrique-aussi\/"]}]},{"@type":"ImageObject","inLanguage":"fr-FR","@id":"https:\/\/shop.bantam.ch\/fr\/produit\/porte-velos-fiamma-carry-bike-ford-custom-col-deep-black-charge-50-kg-pour-velo-electrique-aussi\/#primaryimage","url":"https:\/\/shop.bantam.ch\/wp-content\/uploads\/2024\/09\/Movera-L-9945453100.jpg","contentUrl":"https:\/\/shop.bantam.ch\/wp-content\/uploads\/2024\/09\/Movera-L-9945453100.jpg","width":640,"height":360},{"@type":"BreadcrumbList","@id":"https:\/\/shop.bantam.ch\/fr\/produit\/porte-velos-fiamma-carry-bike-ford-custom-col-deep-black-charge-50-kg-pour-velo-electrique-aussi\/#breadcrumb","itemListElement":[{"@type":"ListItem","position":1,"name":"Accueil","item":"https:\/\/shop.bantam.ch\/fr\/"},{"@type":"ListItem","position":2,"name":"Boutique","item":"https:\/\/shop.bantam.ch\/fr\/boutique\/"},{"@type":"ListItem","position":3,"name":"Porte-v\u00e9los FIAMMA Carry Bike Ford Custom col. deep black, charge 50 kg pour v\u00e9lo \u00e9lectrique aussi"}]},{"@type":"WebSite","@id":"https:\/\/shop.bantam.ch\/fr\/#website","url":"https:\/\/shop.bantam.ch\/fr\/","name":"Bantam Wankm\u00fcller SA","description":"","publisher":{"@id":"https:\/\/shop.bantam.ch\/fr\/#organization"},"inLanguage":"fr-FR"},{"@type":"Organization","@id":"https:\/\/shop.bantam.ch\/fr\/#organization","name":"Bantam Wankm\u00fcller SA","url":"https:\/\/shop.bantam.ch\/fr\/","logo":{"@type":"ImageObject","inLanguage":"fr-FR","@id":"https:\/\/shop.bantam.ch\/fr\/#\/schema\/logo\/image\/","url":"https:\/\/shop.bantam.ch\/wp-content\/uploads\/2022\/12\/bantam-logo.png","contentUrl":"https:\/\/shop.bantam.ch\/wp-content\/uploads\/2022\/12\/bantam-logo.png","width":320,"height":71,"caption":"Bantam Wankm\u00fcller SA"},"image":{"@id":"https:\/\/shop.bantam.ch\/fr\/#\/schema\/logo\/image\/"}}]}},"_links":{"self":[{"href":"https:\/\/shop.bantam.ch\/fr\/wp-json\/wp\/v2\/product\/193718","targetHints":{"allow":["GET"]}}],"collection":[{"href":"https:\/\/shop.bantam.ch\/fr\/wp-json\/wp\/v2\/product"}],"about":[{"href":"https:\/\/shop.bantam.ch\/fr\/wp-json\/wp\/v2\/types\/product"}],"wp:featuredmedia":[{"embeddable":true,"href":"https:\/\/shop.bantam.ch\/fr\/wp-json\/wp\/v2\/media\/206164"}],"wp:attachment":[{"href":"https:\/\/shop.bantam.ch\/fr\/wp-json\/wp\/v2\/media?parent=193718"}],"wp:term":[{"taxonomy":"product_featured_cat","embeddable":true,"href":"https:\/\/shop.bantam.ch\/fr\/wp-json\/wp\/v2\/product_featured_cat?post=193718"},{"taxonomy":"product_brand","embeddable":true,"href":"https:\/\/shop.bantam.ch\/fr\/wp-json\/wp\/v2\/product_brand?post=193718"},{"taxonomy":"product_cat","embeddable":true,"href":"https:\/\/shop.bantam.ch\/fr\/wp-json\/wp\/v2\/product_cat?post=193718"},{"taxonomy":"product_tag","embeddable":true,"href":"https:\/\/shop.bantam.ch\/fr\/wp-json\/wp\/v2\/product_tag?post=193718"}],"curies":[{"name":"wp","href":"https:\/\/api.w.org\/{rel}","templated":true}]}}