{"id":193604,"date":"2024-05-15T14:34:59","date_gmt":"2024-05-15T12:34:59","guid":{"rendered":"https:\/\/shop.bantam.ch\/produit\/spray-nettoyant-chaine-petec-contenance-500-ml\/"},"modified":"2026-04-17T22:58:25","modified_gmt":"2026-04-17T20:58:25","slug":"spray-nettoyant-chaine-petec-contenance-500-ml","status":"publish","type":"product","link":"https:\/\/shop.bantam.ch\/fr\/produit\/spray-nettoyant-chaine-petec-contenance-500-ml\/","title":{"rendered":"Spray nettoyant cha\u00eene Petec contenance 500\u00a0ml"},"content":{"rendered":"<p>Il convient parfaitement au nettoyage des cha\u00eenes de transmission fortement encrass\u00e9es, r\u00e9sinifi\u00e9es ou huil\u00e9es, comme les types de cha\u00eenes X, O et Z. Le nettoyant \u00e0 action intensive dissout les r\u00e9sidus de cire, d&rsquo;huile et de graisse les plus tenaces de la cha\u00eene. Gr\u00e2ce \u00e0 l&rsquo;\u00e9vaporation rapide, un effet de nettoyage optimal est obtenu \u00e0 court terme.<\/p>\n<ul>\n<li>Tr\u00e8s bon effet nettoyant et s\u00e9chage rapide<\/li>\n<p>.<\/p>\n<li>compatible avec de nombreux mat\u00e9riaux tels que le m\u00e9tal, le plastique, le carbone, la c\u00e9ramique, le verre et les surfaces peintes<\/li>\n<p>.<\/p>\n<li>S\u00e9chage rapide<\/li>\n<li>Non corrosif<\/li>\n<p>.<\/p>\n<li>sans silicone ni ac\u00e9tone<\/li>\n<li>Egalement pour le nettoyage des disques de frein, des plaquettes de frein et autres accessoires<\/li>\n<p>.<\/p>\n<li>Excellent pour les v\u00e9los, les v\u00e9los \u00e9lectriques, les motos, les chariots \u00e9l\u00e9vateurs, les chariots de manutention et autres machines \u00e0 entra\u00eenement par cha\u00eene<\/li>\n<p>.<\/p>\n<li>T\u00eate de pulv\u00e9risation Vario pour une application ponctuelle ou sur toute la surface<\/li>\n<p>.\n<\/ul>\n","protected":false},"excerpt":{"rendered":"<p>Il convient parfaitement au nettoyage des cha\u00eenes de transmission fortement encrass\u00e9es, r\u00e9sinifi\u00e9es ou huil\u00e9es, comme les types de cha\u00eenes X, O et Z. Le nettoyant \u00e0 action intensive dissout les r\u00e9sidus de cire, d&rsquo;huile et de graisse les plus tenaces de la cha\u00eene. Gr\u00e2ce \u00e0 l&rsquo;\u00e9vaporation rapide, un effet de nettoyage optimal est obtenu \u00e0 [&hellip;]<\/p>\n","protected":false},"featured_media":206076,"template":"","meta":{"_acf_changed":false},"product_featured_cat":[],"product_brand":[3594],"product_cat":[5091],"product_tag":[],"class_list":{"0":"post-193604","1":"product","2":"type-product","3":"status-publish","4":"has-post-thumbnail","6":"product_brand-petec","7":"product_cat-detergent-special","9":"first","10":"instock","11":"taxable","12":"shipping-taxable","13":"purchasable","14":"product-type-simple"},"acf":[],"yoast_head":"<!-- This site is optimized with the Yoast SEO plugin v27.4 - https:\/\/yoast.com\/product\/yoast-seo-wordpress\/ -->\n<title>Spray nettoyant cha\u00eene Petec contenance 500\u00a0ml - Bantam Wankm\u00fcller SA<\/title>\n<meta name=\"robots\" content=\"index, follow, max-snippet:-1, max-image-preview:large, max-video-preview:-1\" \/>\n<link rel=\"canonical\" href=\"https:\/\/shop.bantam.ch\/fr\/produit\/spray-nettoyant-chaine-petec-contenance-500-ml\/\" \/>\n<meta property=\"og:locale\" content=\"fr_FR\" \/>\n<meta property=\"og:type\" content=\"article\" \/>\n<meta property=\"og:title\" content=\"Spray nettoyant cha\u00eene Petec contenance 500\u00a0ml - Bantam Wankm\u00fcller SA\" \/>\n<meta property=\"og:description\" content=\"Il convient parfaitement au nettoyage des cha\u00eenes de transmission fortement encrass\u00e9es, r\u00e9sinifi\u00e9es ou huil\u00e9es, comme les types de cha\u00eenes X, O et Z. Le nettoyant \u00e0 action intensive dissout les r\u00e9sidus de cire, d&rsquo;huile et de graisse les plus tenaces de la cha\u00eene. Gr\u00e2ce \u00e0 l&rsquo;\u00e9vaporation rapide, un effet de nettoyage optimal est obtenu \u00e0 [&hellip;]\" \/>\n<meta property=\"og:url\" content=\"https:\/\/shop.bantam.ch\/fr\/produit\/spray-nettoyant-chaine-petec-contenance-500-ml\/\" \/>\n<meta property=\"og:site_name\" content=\"Bantam Wankm\u00fcller SA\" \/>\n<meta property=\"article:modified_time\" content=\"2026-04-17T20:58:25+00:00\" \/>\n<meta property=\"og:image\" content=\"https:\/\/shop.bantam.ch\/wp-content\/uploads\/2024\/05\/Movera-L-9945336100.jpg\" \/>\n\t<meta property=\"og:image:width\" content=\"127\" \/>\n\t<meta property=\"og:image:height\" content=\"400\" \/>\n\t<meta property=\"og:image:type\" content=\"image\/jpeg\" \/>\n<meta name=\"twitter:card\" content=\"summary_large_image\" \/>\n<meta name=\"twitter:label1\" content=\"Dur\u00e9e de lecture estim\u00e9e\" \/>\n\t<meta name=\"twitter:data1\" content=\"1 minute\" \/>\n<script type=\"application\/ld+json\" class=\"yoast-schema-graph\">{\"@context\":\"https:\\\/\\\/schema.org\",\"@graph\":[{\"@type\":\"WebPage\",\"@id\":\"https:\\\/\\\/shop.bantam.ch\\\/fr\\\/produit\\\/spray-nettoyant-chaine-petec-contenance-500-ml\\\/\",\"url\":\"https:\\\/\\\/shop.bantam.ch\\\/fr\\\/produit\\\/spray-nettoyant-chaine-petec-contenance-500-ml\\\/\",\"name\":\"Spray nettoyant cha\u00eene Petec contenance 500\u00a0ml - Bantam Wankm\u00fcller SA\",\"isPartOf\":{\"@id\":\"https:\\\/\\\/shop.bantam.ch\\\/fr\\\/#website\"},\"primaryImageOfPage\":{\"@id\":\"https:\\\/\\\/shop.bantam.ch\\\/fr\\\/produit\\\/spray-nettoyant-chaine-petec-contenance-500-ml\\\/#primaryimage\"},\"image\":{\"@id\":\"https:\\\/\\\/shop.bantam.ch\\\/fr\\\/produit\\\/spray-nettoyant-chaine-petec-contenance-500-ml\\\/#primaryimage\"},\"thumbnailUrl\":\"https:\\\/\\\/shop.bantam.ch\\\/wp-content\\\/uploads\\\/2024\\\/09\\\/Movera-L-9945336100.jpg\",\"datePublished\":\"2024-05-15T12:34:59+00:00\",\"dateModified\":\"2026-04-17T20:58:25+00:00\",\"breadcrumb\":{\"@id\":\"https:\\\/\\\/shop.bantam.ch\\\/fr\\\/produit\\\/spray-nettoyant-chaine-petec-contenance-500-ml\\\/#breadcrumb\"},\"inLanguage\":\"fr-FR\",\"potentialAction\":[{\"@type\":\"ReadAction\",\"target\":[\"https:\\\/\\\/shop.bantam.ch\\\/fr\\\/produit\\\/spray-nettoyant-chaine-petec-contenance-500-ml\\\/\"]}]},{\"@type\":\"ImageObject\",\"inLanguage\":\"fr-FR\",\"@id\":\"https:\\\/\\\/shop.bantam.ch\\\/fr\\\/produit\\\/spray-nettoyant-chaine-petec-contenance-500-ml\\\/#primaryimage\",\"url\":\"https:\\\/\\\/shop.bantam.ch\\\/wp-content\\\/uploads\\\/2024\\\/09\\\/Movera-L-9945336100.jpg\",\"contentUrl\":\"https:\\\/\\\/shop.bantam.ch\\\/wp-content\\\/uploads\\\/2024\\\/09\\\/Movera-L-9945336100.jpg\",\"width\":127,\"height\":400},{\"@type\":\"BreadcrumbList\",\"@id\":\"https:\\\/\\\/shop.bantam.ch\\\/fr\\\/produit\\\/spray-nettoyant-chaine-petec-contenance-500-ml\\\/#breadcrumb\",\"itemListElement\":[{\"@type\":\"ListItem\",\"position\":1,\"name\":\"Accueil\",\"item\":\"https:\\\/\\\/shop.bantam.ch\\\/fr\\\/\"},{\"@type\":\"ListItem\",\"position\":2,\"name\":\"Boutique\",\"item\":\"https:\\\/\\\/shop.bantam.ch\\\/fr\\\/boutique\\\/\"},{\"@type\":\"ListItem\",\"position\":3,\"name\":\"Spray nettoyant cha\u00eene Petec contenance 500\u00a0ml\"}]},{\"@type\":\"WebSite\",\"@id\":\"https:\\\/\\\/shop.bantam.ch\\\/fr\\\/#website\",\"url\":\"https:\\\/\\\/shop.bantam.ch\\\/fr\\\/\",\"name\":\"Bantam Wankm\u00fcller SA\",\"description\":\"\",\"publisher\":{\"@id\":\"https:\\\/\\\/shop.bantam.ch\\\/fr\\\/#organization\"},\"inLanguage\":\"fr-FR\"},{\"@type\":\"Organization\",\"@id\":\"https:\\\/\\\/shop.bantam.ch\\\/fr\\\/#organization\",\"name\":\"Bantam Wankm\u00fcller SA\",\"url\":\"https:\\\/\\\/shop.bantam.ch\\\/fr\\\/\",\"logo\":{\"@type\":\"ImageObject\",\"inLanguage\":\"fr-FR\",\"@id\":\"https:\\\/\\\/shop.bantam.ch\\\/fr\\\/#\\\/schema\\\/logo\\\/image\\\/\",\"url\":\"https:\\\/\\\/shop.bantam.ch\\\/wp-content\\\/uploads\\\/2022\\\/12\\\/bantam-logo.png\",\"contentUrl\":\"https:\\\/\\\/shop.bantam.ch\\\/wp-content\\\/uploads\\\/2022\\\/12\\\/bantam-logo.png\",\"width\":320,\"height\":71,\"caption\":\"Bantam Wankm\u00fcller SA\"},\"image\":{\"@id\":\"https:\\\/\\\/shop.bantam.ch\\\/fr\\\/#\\\/schema\\\/logo\\\/image\\\/\"}}]}<\/script>\n<!-- \/ Yoast SEO plugin. -->","yoast_head_json":{"title":"Spray nettoyant cha\u00eene Petec contenance 500\u00a0ml - Bantam Wankm\u00fcller SA","robots":{"index":"index","follow":"follow","max-snippet":"max-snippet:-1","max-image-preview":"max-image-preview:large","max-video-preview":"max-video-preview:-1"},"canonical":"https:\/\/shop.bantam.ch\/fr\/produit\/spray-nettoyant-chaine-petec-contenance-500-ml\/","og_locale":"fr_FR","og_type":"article","og_title":"Spray nettoyant cha\u00eene Petec contenance 500\u00a0ml - Bantam Wankm\u00fcller SA","og_description":"Il convient parfaitement au nettoyage des cha\u00eenes de transmission fortement encrass\u00e9es, r\u00e9sinifi\u00e9es ou huil\u00e9es, comme les types de cha\u00eenes X, O et Z. Le nettoyant \u00e0 action intensive dissout les r\u00e9sidus de cire, d&rsquo;huile et de graisse les plus tenaces de la cha\u00eene. Gr\u00e2ce \u00e0 l&rsquo;\u00e9vaporation rapide, un effet de nettoyage optimal est obtenu \u00e0 [&hellip;]","og_url":"https:\/\/shop.bantam.ch\/fr\/produit\/spray-nettoyant-chaine-petec-contenance-500-ml\/","og_site_name":"Bantam Wankm\u00fcller SA","article_modified_time":"2026-04-17T20:58:25+00:00","og_image":[{"width":127,"height":400,"url":"https:\/\/shop.bantam.ch\/wp-content\/uploads\/2024\/05\/Movera-L-9945336100.jpg","type":"image\/jpeg"}],"twitter_card":"summary_large_image","twitter_misc":{"Dur\u00e9e de lecture estim\u00e9e":"1 minute"},"schema":{"@context":"https:\/\/schema.org","@graph":[{"@type":"WebPage","@id":"https:\/\/shop.bantam.ch\/fr\/produit\/spray-nettoyant-chaine-petec-contenance-500-ml\/","url":"https:\/\/shop.bantam.ch\/fr\/produit\/spray-nettoyant-chaine-petec-contenance-500-ml\/","name":"Spray nettoyant cha\u00eene Petec contenance 500\u00a0ml - Bantam Wankm\u00fcller SA","isPartOf":{"@id":"https:\/\/shop.bantam.ch\/fr\/#website"},"primaryImageOfPage":{"@id":"https:\/\/shop.bantam.ch\/fr\/produit\/spray-nettoyant-chaine-petec-contenance-500-ml\/#primaryimage"},"image":{"@id":"https:\/\/shop.bantam.ch\/fr\/produit\/spray-nettoyant-chaine-petec-contenance-500-ml\/#primaryimage"},"thumbnailUrl":"https:\/\/shop.bantam.ch\/wp-content\/uploads\/2024\/09\/Movera-L-9945336100.jpg","datePublished":"2024-05-15T12:34:59+00:00","dateModified":"2026-04-17T20:58:25+00:00","breadcrumb":{"@id":"https:\/\/shop.bantam.ch\/fr\/produit\/spray-nettoyant-chaine-petec-contenance-500-ml\/#breadcrumb"},"inLanguage":"fr-FR","potentialAction":[{"@type":"ReadAction","target":["https:\/\/shop.bantam.ch\/fr\/produit\/spray-nettoyant-chaine-petec-contenance-500-ml\/"]}]},{"@type":"ImageObject","inLanguage":"fr-FR","@id":"https:\/\/shop.bantam.ch\/fr\/produit\/spray-nettoyant-chaine-petec-contenance-500-ml\/#primaryimage","url":"https:\/\/shop.bantam.ch\/wp-content\/uploads\/2024\/09\/Movera-L-9945336100.jpg","contentUrl":"https:\/\/shop.bantam.ch\/wp-content\/uploads\/2024\/09\/Movera-L-9945336100.jpg","width":127,"height":400},{"@type":"BreadcrumbList","@id":"https:\/\/shop.bantam.ch\/fr\/produit\/spray-nettoyant-chaine-petec-contenance-500-ml\/#breadcrumb","itemListElement":[{"@type":"ListItem","position":1,"name":"Accueil","item":"https:\/\/shop.bantam.ch\/fr\/"},{"@type":"ListItem","position":2,"name":"Boutique","item":"https:\/\/shop.bantam.ch\/fr\/boutique\/"},{"@type":"ListItem","position":3,"name":"Spray nettoyant cha\u00eene Petec contenance 500\u00a0ml"}]},{"@type":"WebSite","@id":"https:\/\/shop.bantam.ch\/fr\/#website","url":"https:\/\/shop.bantam.ch\/fr\/","name":"Bantam Wankm\u00fcller SA","description":"","publisher":{"@id":"https:\/\/shop.bantam.ch\/fr\/#organization"},"inLanguage":"fr-FR"},{"@type":"Organization","@id":"https:\/\/shop.bantam.ch\/fr\/#organization","name":"Bantam Wankm\u00fcller SA","url":"https:\/\/shop.bantam.ch\/fr\/","logo":{"@type":"ImageObject","inLanguage":"fr-FR","@id":"https:\/\/shop.bantam.ch\/fr\/#\/schema\/logo\/image\/","url":"https:\/\/shop.bantam.ch\/wp-content\/uploads\/2022\/12\/bantam-logo.png","contentUrl":"https:\/\/shop.bantam.ch\/wp-content\/uploads\/2022\/12\/bantam-logo.png","width":320,"height":71,"caption":"Bantam Wankm\u00fcller SA"},"image":{"@id":"https:\/\/shop.bantam.ch\/fr\/#\/schema\/logo\/image\/"}}]}},"_links":{"self":[{"href":"https:\/\/shop.bantam.ch\/fr\/wp-json\/wp\/v2\/product\/193604","targetHints":{"allow":["GET"]}}],"collection":[{"href":"https:\/\/shop.bantam.ch\/fr\/wp-json\/wp\/v2\/product"}],"about":[{"href":"https:\/\/shop.bantam.ch\/fr\/wp-json\/wp\/v2\/types\/product"}],"wp:featuredmedia":[{"embeddable":true,"href":"https:\/\/shop.bantam.ch\/fr\/wp-json\/wp\/v2\/media\/206076"}],"wp:attachment":[{"href":"https:\/\/shop.bantam.ch\/fr\/wp-json\/wp\/v2\/media?parent=193604"}],"wp:term":[{"taxonomy":"product_featured_cat","embeddable":true,"href":"https:\/\/shop.bantam.ch\/fr\/wp-json\/wp\/v2\/product_featured_cat?post=193604"},{"taxonomy":"product_brand","embeddable":true,"href":"https:\/\/shop.bantam.ch\/fr\/wp-json\/wp\/v2\/product_brand?post=193604"},{"taxonomy":"product_cat","embeddable":true,"href":"https:\/\/shop.bantam.ch\/fr\/wp-json\/wp\/v2\/product_cat?post=193604"},{"taxonomy":"product_tag","embeddable":true,"href":"https:\/\/shop.bantam.ch\/fr\/wp-json\/wp\/v2\/product_tag?post=193604"}],"curies":[{"name":"wp","href":"https:\/\/api.w.org\/{rel}","templated":true}]}}