{"id":193600,"date":"2024-05-15T14:34:53","date_gmt":"2024-05-15T12:34:53","guid":{"rendered":"https:\/\/shop.bantam.ch\/produit\/nettoyant-velo-petec-contenance-500-ml\/"},"modified":"2026-04-17T22:58:20","modified_gmt":"2026-04-17T20:58:20","slug":"nettoyant-velo-petec-contenance-500-ml","status":"publish","type":"product","link":"https:\/\/shop.bantam.ch\/fr\/produit\/nettoyant-velo-petec-contenance-500-ml\/","title":{"rendered":"Nettoyant V\u00e9lo Petec contenance 500\u00a0ml"},"content":{"rendered":"<p>C&rsquo;est un nettoyant universel pulv\u00e9risable, \u00e0 action imm\u00e9diate et sans r\u00e9sidus, pour le nettoyage rapide et en profondeur des v\u00e9los et des motos. \u00c9limine la salet\u00e9, les d\u00e9p\u00f4ts, la graisse, l&rsquo;huile, les insectes et la r\u00e9sine neutre vis-\u00e0-vis de tous les mat\u00e9riaux,Bike Cleaner est un nettoyant universel pulv\u00e9risable, \u00e0 action imm\u00e9diate et sans r\u00e9sidus, pour le nettoyage rapide et en profondeur des v\u00e9los et des motos utilisation universelle effet nettoyant extr\u00eamement puissant \u00e9limine la salet\u00e9, les d\u00e9p\u00f4ts, la graisse, l&rsquo;huile, les insectes et la r\u00e9sine neutre vis-\u00e0-vis de tous les mat\u00e9riaux.<\/p>\n","protected":false},"excerpt":{"rendered":"<p>C&rsquo;est un nettoyant universel pulv\u00e9risable, \u00e0 action imm\u00e9diate et sans r\u00e9sidus, pour le nettoyage rapide et en profondeur des v\u00e9los et des motos. \u00c9limine la salet\u00e9, les d\u00e9p\u00f4ts, la graisse, l&rsquo;huile, les insectes et la r\u00e9sine neutre vis-\u00e0-vis de tous les mat\u00e9riaux,Bike Cleaner est un nettoyant universel pulv\u00e9risable, \u00e0 action imm\u00e9diate et sans r\u00e9sidus, pour [&hellip;]<\/p>\n","protected":false},"featured_media":206074,"template":"","meta":{"_acf_changed":false},"product_featured_cat":[],"product_brand":[3594],"product_cat":[5091],"product_tag":[],"class_list":{"0":"post-193600","1":"product","2":"type-product","3":"status-publish","4":"has-post-thumbnail","6":"product_brand-petec","7":"product_cat-detergent-special","9":"first","10":"instock","11":"taxable","12":"shipping-taxable","13":"purchasable","14":"product-type-simple"},"acf":[],"yoast_head":"<!-- This site is optimized with the Yoast SEO plugin v27.4 - https:\/\/yoast.com\/product\/yoast-seo-wordpress\/ -->\n<title>Nettoyant V\u00e9lo Petec contenance 500\u00a0ml - Bantam Wankm\u00fcller SA<\/title>\n<meta name=\"robots\" content=\"index, follow, max-snippet:-1, max-image-preview:large, max-video-preview:-1\" \/>\n<link rel=\"canonical\" href=\"https:\/\/shop.bantam.ch\/fr\/produit\/nettoyant-velo-petec-contenance-500-ml\/\" \/>\n<meta property=\"og:locale\" content=\"fr_FR\" \/>\n<meta property=\"og:type\" content=\"article\" \/>\n<meta property=\"og:title\" content=\"Nettoyant V\u00e9lo Petec contenance 500\u00a0ml - Bantam Wankm\u00fcller SA\" \/>\n<meta property=\"og:description\" content=\"C&rsquo;est un nettoyant universel pulv\u00e9risable, \u00e0 action imm\u00e9diate et sans r\u00e9sidus, pour le nettoyage rapide et en profondeur des v\u00e9los et des motos. \u00c9limine la salet\u00e9, les d\u00e9p\u00f4ts, la graisse, l&rsquo;huile, les insectes et la r\u00e9sine neutre vis-\u00e0-vis de tous les mat\u00e9riaux,Bike Cleaner est un nettoyant universel pulv\u00e9risable, \u00e0 action imm\u00e9diate et sans r\u00e9sidus, pour [&hellip;]\" \/>\n<meta property=\"og:url\" content=\"https:\/\/shop.bantam.ch\/fr\/produit\/nettoyant-velo-petec-contenance-500-ml\/\" \/>\n<meta property=\"og:site_name\" content=\"Bantam Wankm\u00fcller SA\" \/>\n<meta property=\"article:modified_time\" content=\"2026-04-17T20:58:20+00:00\" \/>\n<meta property=\"og:image\" content=\"https:\/\/shop.bantam.ch\/wp-content\/uploads\/2024\/05\/Movera-L-9945334100.jpg\" \/>\n\t<meta property=\"og:image:width\" content=\"183\" \/>\n\t<meta property=\"og:image:height\" content=\"400\" \/>\n\t<meta property=\"og:image:type\" content=\"image\/jpeg\" \/>\n<meta name=\"twitter:card\" content=\"summary_large_image\" \/>\n<meta name=\"twitter:label1\" content=\"Dur\u00e9e de lecture estim\u00e9e\" \/>\n\t<meta name=\"twitter:data1\" content=\"1 minute\" \/>\n<script type=\"application\/ld+json\" class=\"yoast-schema-graph\">{\"@context\":\"https:\\\/\\\/schema.org\",\"@graph\":[{\"@type\":\"WebPage\",\"@id\":\"https:\\\/\\\/shop.bantam.ch\\\/fr\\\/produit\\\/nettoyant-velo-petec-contenance-500-ml\\\/\",\"url\":\"https:\\\/\\\/shop.bantam.ch\\\/fr\\\/produit\\\/nettoyant-velo-petec-contenance-500-ml\\\/\",\"name\":\"Nettoyant V\u00e9lo Petec contenance 500\u00a0ml - Bantam Wankm\u00fcller SA\",\"isPartOf\":{\"@id\":\"https:\\\/\\\/shop.bantam.ch\\\/fr\\\/#website\"},\"primaryImageOfPage\":{\"@id\":\"https:\\\/\\\/shop.bantam.ch\\\/fr\\\/produit\\\/nettoyant-velo-petec-contenance-500-ml\\\/#primaryimage\"},\"image\":{\"@id\":\"https:\\\/\\\/shop.bantam.ch\\\/fr\\\/produit\\\/nettoyant-velo-petec-contenance-500-ml\\\/#primaryimage\"},\"thumbnailUrl\":\"https:\\\/\\\/shop.bantam.ch\\\/wp-content\\\/uploads\\\/2024\\\/09\\\/Movera-L-9945334100.jpg\",\"datePublished\":\"2024-05-15T12:34:53+00:00\",\"dateModified\":\"2026-04-17T20:58:20+00:00\",\"breadcrumb\":{\"@id\":\"https:\\\/\\\/shop.bantam.ch\\\/fr\\\/produit\\\/nettoyant-velo-petec-contenance-500-ml\\\/#breadcrumb\"},\"inLanguage\":\"fr-FR\",\"potentialAction\":[{\"@type\":\"ReadAction\",\"target\":[\"https:\\\/\\\/shop.bantam.ch\\\/fr\\\/produit\\\/nettoyant-velo-petec-contenance-500-ml\\\/\"]}]},{\"@type\":\"ImageObject\",\"inLanguage\":\"fr-FR\",\"@id\":\"https:\\\/\\\/shop.bantam.ch\\\/fr\\\/produit\\\/nettoyant-velo-petec-contenance-500-ml\\\/#primaryimage\",\"url\":\"https:\\\/\\\/shop.bantam.ch\\\/wp-content\\\/uploads\\\/2024\\\/09\\\/Movera-L-9945334100.jpg\",\"contentUrl\":\"https:\\\/\\\/shop.bantam.ch\\\/wp-content\\\/uploads\\\/2024\\\/09\\\/Movera-L-9945334100.jpg\",\"width\":183,\"height\":400},{\"@type\":\"BreadcrumbList\",\"@id\":\"https:\\\/\\\/shop.bantam.ch\\\/fr\\\/produit\\\/nettoyant-velo-petec-contenance-500-ml\\\/#breadcrumb\",\"itemListElement\":[{\"@type\":\"ListItem\",\"position\":1,\"name\":\"Accueil\",\"item\":\"https:\\\/\\\/shop.bantam.ch\\\/fr\\\/\"},{\"@type\":\"ListItem\",\"position\":2,\"name\":\"Boutique\",\"item\":\"https:\\\/\\\/shop.bantam.ch\\\/fr\\\/boutique\\\/\"},{\"@type\":\"ListItem\",\"position\":3,\"name\":\"Nettoyant V\u00e9lo Petec contenance 500\u00a0ml\"}]},{\"@type\":\"WebSite\",\"@id\":\"https:\\\/\\\/shop.bantam.ch\\\/fr\\\/#website\",\"url\":\"https:\\\/\\\/shop.bantam.ch\\\/fr\\\/\",\"name\":\"Bantam Wankm\u00fcller SA\",\"description\":\"\",\"publisher\":{\"@id\":\"https:\\\/\\\/shop.bantam.ch\\\/fr\\\/#organization\"},\"inLanguage\":\"fr-FR\"},{\"@type\":\"Organization\",\"@id\":\"https:\\\/\\\/shop.bantam.ch\\\/fr\\\/#organization\",\"name\":\"Bantam Wankm\u00fcller SA\",\"url\":\"https:\\\/\\\/shop.bantam.ch\\\/fr\\\/\",\"logo\":{\"@type\":\"ImageObject\",\"inLanguage\":\"fr-FR\",\"@id\":\"https:\\\/\\\/shop.bantam.ch\\\/fr\\\/#\\\/schema\\\/logo\\\/image\\\/\",\"url\":\"https:\\\/\\\/shop.bantam.ch\\\/wp-content\\\/uploads\\\/2022\\\/12\\\/bantam-logo.png\",\"contentUrl\":\"https:\\\/\\\/shop.bantam.ch\\\/wp-content\\\/uploads\\\/2022\\\/12\\\/bantam-logo.png\",\"width\":320,\"height\":71,\"caption\":\"Bantam Wankm\u00fcller SA\"},\"image\":{\"@id\":\"https:\\\/\\\/shop.bantam.ch\\\/fr\\\/#\\\/schema\\\/logo\\\/image\\\/\"}}]}<\/script>\n<!-- \/ Yoast SEO plugin. -->","yoast_head_json":{"title":"Nettoyant V\u00e9lo Petec contenance 500\u00a0ml - Bantam Wankm\u00fcller SA","robots":{"index":"index","follow":"follow","max-snippet":"max-snippet:-1","max-image-preview":"max-image-preview:large","max-video-preview":"max-video-preview:-1"},"canonical":"https:\/\/shop.bantam.ch\/fr\/produit\/nettoyant-velo-petec-contenance-500-ml\/","og_locale":"fr_FR","og_type":"article","og_title":"Nettoyant V\u00e9lo Petec contenance 500\u00a0ml - Bantam Wankm\u00fcller SA","og_description":"C&rsquo;est un nettoyant universel pulv\u00e9risable, \u00e0 action imm\u00e9diate et sans r\u00e9sidus, pour le nettoyage rapide et en profondeur des v\u00e9los et des motos. \u00c9limine la salet\u00e9, les d\u00e9p\u00f4ts, la graisse, l&rsquo;huile, les insectes et la r\u00e9sine neutre vis-\u00e0-vis de tous les mat\u00e9riaux,Bike Cleaner est un nettoyant universel pulv\u00e9risable, \u00e0 action imm\u00e9diate et sans r\u00e9sidus, pour [&hellip;]","og_url":"https:\/\/shop.bantam.ch\/fr\/produit\/nettoyant-velo-petec-contenance-500-ml\/","og_site_name":"Bantam Wankm\u00fcller SA","article_modified_time":"2026-04-17T20:58:20+00:00","og_image":[{"width":183,"height":400,"url":"https:\/\/shop.bantam.ch\/wp-content\/uploads\/2024\/05\/Movera-L-9945334100.jpg","type":"image\/jpeg"}],"twitter_card":"summary_large_image","twitter_misc":{"Dur\u00e9e de lecture estim\u00e9e":"1 minute"},"schema":{"@context":"https:\/\/schema.org","@graph":[{"@type":"WebPage","@id":"https:\/\/shop.bantam.ch\/fr\/produit\/nettoyant-velo-petec-contenance-500-ml\/","url":"https:\/\/shop.bantam.ch\/fr\/produit\/nettoyant-velo-petec-contenance-500-ml\/","name":"Nettoyant V\u00e9lo Petec contenance 500\u00a0ml - Bantam Wankm\u00fcller SA","isPartOf":{"@id":"https:\/\/shop.bantam.ch\/fr\/#website"},"primaryImageOfPage":{"@id":"https:\/\/shop.bantam.ch\/fr\/produit\/nettoyant-velo-petec-contenance-500-ml\/#primaryimage"},"image":{"@id":"https:\/\/shop.bantam.ch\/fr\/produit\/nettoyant-velo-petec-contenance-500-ml\/#primaryimage"},"thumbnailUrl":"https:\/\/shop.bantam.ch\/wp-content\/uploads\/2024\/09\/Movera-L-9945334100.jpg","datePublished":"2024-05-15T12:34:53+00:00","dateModified":"2026-04-17T20:58:20+00:00","breadcrumb":{"@id":"https:\/\/shop.bantam.ch\/fr\/produit\/nettoyant-velo-petec-contenance-500-ml\/#breadcrumb"},"inLanguage":"fr-FR","potentialAction":[{"@type":"ReadAction","target":["https:\/\/shop.bantam.ch\/fr\/produit\/nettoyant-velo-petec-contenance-500-ml\/"]}]},{"@type":"ImageObject","inLanguage":"fr-FR","@id":"https:\/\/shop.bantam.ch\/fr\/produit\/nettoyant-velo-petec-contenance-500-ml\/#primaryimage","url":"https:\/\/shop.bantam.ch\/wp-content\/uploads\/2024\/09\/Movera-L-9945334100.jpg","contentUrl":"https:\/\/shop.bantam.ch\/wp-content\/uploads\/2024\/09\/Movera-L-9945334100.jpg","width":183,"height":400},{"@type":"BreadcrumbList","@id":"https:\/\/shop.bantam.ch\/fr\/produit\/nettoyant-velo-petec-contenance-500-ml\/#breadcrumb","itemListElement":[{"@type":"ListItem","position":1,"name":"Accueil","item":"https:\/\/shop.bantam.ch\/fr\/"},{"@type":"ListItem","position":2,"name":"Boutique","item":"https:\/\/shop.bantam.ch\/fr\/boutique\/"},{"@type":"ListItem","position":3,"name":"Nettoyant V\u00e9lo Petec contenance 500\u00a0ml"}]},{"@type":"WebSite","@id":"https:\/\/shop.bantam.ch\/fr\/#website","url":"https:\/\/shop.bantam.ch\/fr\/","name":"Bantam Wankm\u00fcller SA","description":"","publisher":{"@id":"https:\/\/shop.bantam.ch\/fr\/#organization"},"inLanguage":"fr-FR"},{"@type":"Organization","@id":"https:\/\/shop.bantam.ch\/fr\/#organization","name":"Bantam Wankm\u00fcller SA","url":"https:\/\/shop.bantam.ch\/fr\/","logo":{"@type":"ImageObject","inLanguage":"fr-FR","@id":"https:\/\/shop.bantam.ch\/fr\/#\/schema\/logo\/image\/","url":"https:\/\/shop.bantam.ch\/wp-content\/uploads\/2022\/12\/bantam-logo.png","contentUrl":"https:\/\/shop.bantam.ch\/wp-content\/uploads\/2022\/12\/bantam-logo.png","width":320,"height":71,"caption":"Bantam Wankm\u00fcller SA"},"image":{"@id":"https:\/\/shop.bantam.ch\/fr\/#\/schema\/logo\/image\/"}}]}},"_links":{"self":[{"href":"https:\/\/shop.bantam.ch\/fr\/wp-json\/wp\/v2\/product\/193600","targetHints":{"allow":["GET"]}}],"collection":[{"href":"https:\/\/shop.bantam.ch\/fr\/wp-json\/wp\/v2\/product"}],"about":[{"href":"https:\/\/shop.bantam.ch\/fr\/wp-json\/wp\/v2\/types\/product"}],"wp:featuredmedia":[{"embeddable":true,"href":"https:\/\/shop.bantam.ch\/fr\/wp-json\/wp\/v2\/media\/206074"}],"wp:attachment":[{"href":"https:\/\/shop.bantam.ch\/fr\/wp-json\/wp\/v2\/media?parent=193600"}],"wp:term":[{"taxonomy":"product_featured_cat","embeddable":true,"href":"https:\/\/shop.bantam.ch\/fr\/wp-json\/wp\/v2\/product_featured_cat?post=193600"},{"taxonomy":"product_brand","embeddable":true,"href":"https:\/\/shop.bantam.ch\/fr\/wp-json\/wp\/v2\/product_brand?post=193600"},{"taxonomy":"product_cat","embeddable":true,"href":"https:\/\/shop.bantam.ch\/fr\/wp-json\/wp\/v2\/product_cat?post=193600"},{"taxonomy":"product_tag","embeddable":true,"href":"https:\/\/shop.bantam.ch\/fr\/wp-json\/wp\/v2\/product_tag?post=193600"}],"curies":[{"name":"wp","href":"https:\/\/api.w.org\/{rel}","templated":true}]}}