{"id":193596,"date":"2024-05-15T14:34:47","date_gmt":"2024-05-15T12:34:47","guid":{"rendered":"https:\/\/shop.bantam.ch\/produit\/bombe-anti-crevaison-petec-contenance-75-ml\/"},"modified":"2026-04-19T23:03:43","modified_gmt":"2026-04-19T21:03:43","slug":"bombe-anti-crevaison-petec-contenance-75-ml","status":"publish","type":"product","link":"https:\/\/shop.bantam.ch\/fr\/produit\/bombe-anti-crevaison-petec-contenance-75-ml\/","title":{"rendered":"Bombe anti-crevaison, Petec contenance 75\u00a0ml"},"content":{"rendered":"<p>Il convient \u00e0 tous les types de pneus (avec ou sans chambre \u00e0 air) et \u00e0 toutes les tailles de pneus de v\u00e9los. Les fuites, les d\u00e9fauts d&rsquo;\u00e9tanch\u00e9it\u00e9 et les trous sur la bande de roulement du pneu sont \u00e9limin\u00e9s en quelques minutes. La r\u00e9paration rapide garantit une capacit\u00e9 de charge et une aptitude \u00e0 la conduite imm\u00e9diates.<\/p>\n<ul>\n<li>Produit d&rsquo;\u00e9tanch\u00e9it\u00e9 pour pneus, pour une r\u00e9paration rapide des pneus crev\u00e9s<\/li>\n<p>.<\/p>\n<li>Pour toutes les valves courantes<\/li>\n<p>.<\/p>\n<li>Adaptateur inclus<\/li>\n<li>Etanch\u00e9it\u00e9 et gonflage en une seule op\u00e9ration<\/li>\n<p>.<\/p>\n<li>Excellent pour les voyages<\/li>\n<p>.<\/p>\n<li>Pas besoin de rafistoler<\/li>\n<p>.\n<\/ul>\n","protected":false},"excerpt":{"rendered":"<p>Il convient \u00e0 tous les types de pneus (avec ou sans chambre \u00e0 air) et \u00e0 toutes les tailles de pneus de v\u00e9los. Les fuites, les d\u00e9fauts d&rsquo;\u00e9tanch\u00e9it\u00e9 et les trous sur la bande de roulement du pneu sont \u00e9limin\u00e9s en quelques minutes. La r\u00e9paration rapide garantit une capacit\u00e9 de charge et une aptitude \u00e0 [&hellip;]<\/p>\n","protected":false},"featured_media":206072,"template":"","meta":{"_acf_changed":false},"product_featured_cat":[],"product_brand":[3594],"product_cat":[5085],"product_tag":[],"class_list":{"0":"post-193596","1":"product","2":"type-product","3":"status-publish","4":"has-post-thumbnail","6":"product_brand-petec","7":"product_cat-adhesifs-et-mastics","9":"first","10":"instock","11":"taxable","12":"shipping-taxable","13":"purchasable","14":"product-type-simple"},"acf":[],"yoast_head":"<!-- This site is optimized with the Yoast SEO plugin v27.4 - https:\/\/yoast.com\/product\/yoast-seo-wordpress\/ -->\n<title>Bombe anti-crevaison, Petec contenance 75\u00a0ml - Bantam Wankm\u00fcller SA<\/title>\n<meta name=\"robots\" content=\"index, follow, max-snippet:-1, max-image-preview:large, max-video-preview:-1\" \/>\n<link rel=\"canonical\" href=\"https:\/\/shop.bantam.ch\/fr\/produit\/bombe-anti-crevaison-petec-contenance-75-ml\/\" \/>\n<meta property=\"og:locale\" content=\"fr_FR\" \/>\n<meta property=\"og:type\" content=\"article\" \/>\n<meta property=\"og:title\" content=\"Bombe anti-crevaison, Petec contenance 75\u00a0ml - Bantam Wankm\u00fcller SA\" \/>\n<meta property=\"og:description\" content=\"Il convient \u00e0 tous les types de pneus (avec ou sans chambre \u00e0 air) et \u00e0 toutes les tailles de pneus de v\u00e9los. Les fuites, les d\u00e9fauts d&rsquo;\u00e9tanch\u00e9it\u00e9 et les trous sur la bande de roulement du pneu sont \u00e9limin\u00e9s en quelques minutes. La r\u00e9paration rapide garantit une capacit\u00e9 de charge et une aptitude \u00e0 [&hellip;]\" \/>\n<meta property=\"og:url\" content=\"https:\/\/shop.bantam.ch\/fr\/produit\/bombe-anti-crevaison-petec-contenance-75-ml\/\" \/>\n<meta property=\"og:site_name\" content=\"Bantam Wankm\u00fcller SA\" \/>\n<meta property=\"article:modified_time\" content=\"2026-04-19T21:03:43+00:00\" \/>\n<meta property=\"og:image\" content=\"https:\/\/shop.bantam.ch\/wp-content\/uploads\/2024\/05\/Movera-L-9945332100.jpg\" \/>\n\t<meta property=\"og:image:width\" content=\"163\" \/>\n\t<meta property=\"og:image:height\" content=\"400\" \/>\n\t<meta property=\"og:image:type\" content=\"image\/jpeg\" \/>\n<meta name=\"twitter:card\" content=\"summary_large_image\" \/>\n<meta name=\"twitter:label1\" content=\"Dur\u00e9e de lecture estim\u00e9e\" \/>\n\t<meta name=\"twitter:data1\" content=\"1 minute\" \/>\n<script type=\"application\/ld+json\" class=\"yoast-schema-graph\">{\"@context\":\"https:\\\/\\\/schema.org\",\"@graph\":[{\"@type\":\"WebPage\",\"@id\":\"https:\\\/\\\/shop.bantam.ch\\\/fr\\\/produit\\\/bombe-anti-crevaison-petec-contenance-75-ml\\\/\",\"url\":\"https:\\\/\\\/shop.bantam.ch\\\/fr\\\/produit\\\/bombe-anti-crevaison-petec-contenance-75-ml\\\/\",\"name\":\"Bombe anti-crevaison, Petec contenance 75\u00a0ml - Bantam Wankm\u00fcller SA\",\"isPartOf\":{\"@id\":\"https:\\\/\\\/shop.bantam.ch\\\/fr\\\/#website\"},\"primaryImageOfPage\":{\"@id\":\"https:\\\/\\\/shop.bantam.ch\\\/fr\\\/produit\\\/bombe-anti-crevaison-petec-contenance-75-ml\\\/#primaryimage\"},\"image\":{\"@id\":\"https:\\\/\\\/shop.bantam.ch\\\/fr\\\/produit\\\/bombe-anti-crevaison-petec-contenance-75-ml\\\/#primaryimage\"},\"thumbnailUrl\":\"https:\\\/\\\/shop.bantam.ch\\\/wp-content\\\/uploads\\\/2024\\\/09\\\/Movera-L-9945332100.jpg\",\"datePublished\":\"2024-05-15T12:34:47+00:00\",\"dateModified\":\"2026-04-19T21:03:43+00:00\",\"breadcrumb\":{\"@id\":\"https:\\\/\\\/shop.bantam.ch\\\/fr\\\/produit\\\/bombe-anti-crevaison-petec-contenance-75-ml\\\/#breadcrumb\"},\"inLanguage\":\"fr-FR\",\"potentialAction\":[{\"@type\":\"ReadAction\",\"target\":[\"https:\\\/\\\/shop.bantam.ch\\\/fr\\\/produit\\\/bombe-anti-crevaison-petec-contenance-75-ml\\\/\"]}]},{\"@type\":\"ImageObject\",\"inLanguage\":\"fr-FR\",\"@id\":\"https:\\\/\\\/shop.bantam.ch\\\/fr\\\/produit\\\/bombe-anti-crevaison-petec-contenance-75-ml\\\/#primaryimage\",\"url\":\"https:\\\/\\\/shop.bantam.ch\\\/wp-content\\\/uploads\\\/2024\\\/09\\\/Movera-L-9945332100.jpg\",\"contentUrl\":\"https:\\\/\\\/shop.bantam.ch\\\/wp-content\\\/uploads\\\/2024\\\/09\\\/Movera-L-9945332100.jpg\",\"width\":163,\"height\":400},{\"@type\":\"BreadcrumbList\",\"@id\":\"https:\\\/\\\/shop.bantam.ch\\\/fr\\\/produit\\\/bombe-anti-crevaison-petec-contenance-75-ml\\\/#breadcrumb\",\"itemListElement\":[{\"@type\":\"ListItem\",\"position\":1,\"name\":\"Accueil\",\"item\":\"https:\\\/\\\/shop.bantam.ch\\\/fr\\\/\"},{\"@type\":\"ListItem\",\"position\":2,\"name\":\"Boutique\",\"item\":\"https:\\\/\\\/shop.bantam.ch\\\/fr\\\/boutique\\\/\"},{\"@type\":\"ListItem\",\"position\":3,\"name\":\"Bombe anti-crevaison, Petec contenance 75\u00a0ml\"}]},{\"@type\":\"WebSite\",\"@id\":\"https:\\\/\\\/shop.bantam.ch\\\/fr\\\/#website\",\"url\":\"https:\\\/\\\/shop.bantam.ch\\\/fr\\\/\",\"name\":\"Bantam Wankm\u00fcller SA\",\"description\":\"\",\"publisher\":{\"@id\":\"https:\\\/\\\/shop.bantam.ch\\\/fr\\\/#organization\"},\"inLanguage\":\"fr-FR\"},{\"@type\":\"Organization\",\"@id\":\"https:\\\/\\\/shop.bantam.ch\\\/fr\\\/#organization\",\"name\":\"Bantam Wankm\u00fcller SA\",\"url\":\"https:\\\/\\\/shop.bantam.ch\\\/fr\\\/\",\"logo\":{\"@type\":\"ImageObject\",\"inLanguage\":\"fr-FR\",\"@id\":\"https:\\\/\\\/shop.bantam.ch\\\/fr\\\/#\\\/schema\\\/logo\\\/image\\\/\",\"url\":\"https:\\\/\\\/shop.bantam.ch\\\/wp-content\\\/uploads\\\/2022\\\/12\\\/bantam-logo.png\",\"contentUrl\":\"https:\\\/\\\/shop.bantam.ch\\\/wp-content\\\/uploads\\\/2022\\\/12\\\/bantam-logo.png\",\"width\":320,\"height\":71,\"caption\":\"Bantam Wankm\u00fcller SA\"},\"image\":{\"@id\":\"https:\\\/\\\/shop.bantam.ch\\\/fr\\\/#\\\/schema\\\/logo\\\/image\\\/\"}}]}<\/script>\n<!-- \/ Yoast SEO plugin. -->","yoast_head_json":{"title":"Bombe anti-crevaison, Petec contenance 75\u00a0ml - Bantam Wankm\u00fcller SA","robots":{"index":"index","follow":"follow","max-snippet":"max-snippet:-1","max-image-preview":"max-image-preview:large","max-video-preview":"max-video-preview:-1"},"canonical":"https:\/\/shop.bantam.ch\/fr\/produit\/bombe-anti-crevaison-petec-contenance-75-ml\/","og_locale":"fr_FR","og_type":"article","og_title":"Bombe anti-crevaison, Petec contenance 75\u00a0ml - Bantam Wankm\u00fcller SA","og_description":"Il convient \u00e0 tous les types de pneus (avec ou sans chambre \u00e0 air) et \u00e0 toutes les tailles de pneus de v\u00e9los. Les fuites, les d\u00e9fauts d&rsquo;\u00e9tanch\u00e9it\u00e9 et les trous sur la bande de roulement du pneu sont \u00e9limin\u00e9s en quelques minutes. La r\u00e9paration rapide garantit une capacit\u00e9 de charge et une aptitude \u00e0 [&hellip;]","og_url":"https:\/\/shop.bantam.ch\/fr\/produit\/bombe-anti-crevaison-petec-contenance-75-ml\/","og_site_name":"Bantam Wankm\u00fcller SA","article_modified_time":"2026-04-19T21:03:43+00:00","og_image":[{"width":163,"height":400,"url":"https:\/\/shop.bantam.ch\/wp-content\/uploads\/2024\/05\/Movera-L-9945332100.jpg","type":"image\/jpeg"}],"twitter_card":"summary_large_image","twitter_misc":{"Dur\u00e9e de lecture estim\u00e9e":"1 minute"},"schema":{"@context":"https:\/\/schema.org","@graph":[{"@type":"WebPage","@id":"https:\/\/shop.bantam.ch\/fr\/produit\/bombe-anti-crevaison-petec-contenance-75-ml\/","url":"https:\/\/shop.bantam.ch\/fr\/produit\/bombe-anti-crevaison-petec-contenance-75-ml\/","name":"Bombe anti-crevaison, Petec contenance 75\u00a0ml - Bantam Wankm\u00fcller SA","isPartOf":{"@id":"https:\/\/shop.bantam.ch\/fr\/#website"},"primaryImageOfPage":{"@id":"https:\/\/shop.bantam.ch\/fr\/produit\/bombe-anti-crevaison-petec-contenance-75-ml\/#primaryimage"},"image":{"@id":"https:\/\/shop.bantam.ch\/fr\/produit\/bombe-anti-crevaison-petec-contenance-75-ml\/#primaryimage"},"thumbnailUrl":"https:\/\/shop.bantam.ch\/wp-content\/uploads\/2024\/09\/Movera-L-9945332100.jpg","datePublished":"2024-05-15T12:34:47+00:00","dateModified":"2026-04-19T21:03:43+00:00","breadcrumb":{"@id":"https:\/\/shop.bantam.ch\/fr\/produit\/bombe-anti-crevaison-petec-contenance-75-ml\/#breadcrumb"},"inLanguage":"fr-FR","potentialAction":[{"@type":"ReadAction","target":["https:\/\/shop.bantam.ch\/fr\/produit\/bombe-anti-crevaison-petec-contenance-75-ml\/"]}]},{"@type":"ImageObject","inLanguage":"fr-FR","@id":"https:\/\/shop.bantam.ch\/fr\/produit\/bombe-anti-crevaison-petec-contenance-75-ml\/#primaryimage","url":"https:\/\/shop.bantam.ch\/wp-content\/uploads\/2024\/09\/Movera-L-9945332100.jpg","contentUrl":"https:\/\/shop.bantam.ch\/wp-content\/uploads\/2024\/09\/Movera-L-9945332100.jpg","width":163,"height":400},{"@type":"BreadcrumbList","@id":"https:\/\/shop.bantam.ch\/fr\/produit\/bombe-anti-crevaison-petec-contenance-75-ml\/#breadcrumb","itemListElement":[{"@type":"ListItem","position":1,"name":"Accueil","item":"https:\/\/shop.bantam.ch\/fr\/"},{"@type":"ListItem","position":2,"name":"Boutique","item":"https:\/\/shop.bantam.ch\/fr\/boutique\/"},{"@type":"ListItem","position":3,"name":"Bombe anti-crevaison, Petec contenance 75\u00a0ml"}]},{"@type":"WebSite","@id":"https:\/\/shop.bantam.ch\/fr\/#website","url":"https:\/\/shop.bantam.ch\/fr\/","name":"Bantam Wankm\u00fcller SA","description":"","publisher":{"@id":"https:\/\/shop.bantam.ch\/fr\/#organization"},"inLanguage":"fr-FR"},{"@type":"Organization","@id":"https:\/\/shop.bantam.ch\/fr\/#organization","name":"Bantam Wankm\u00fcller SA","url":"https:\/\/shop.bantam.ch\/fr\/","logo":{"@type":"ImageObject","inLanguage":"fr-FR","@id":"https:\/\/shop.bantam.ch\/fr\/#\/schema\/logo\/image\/","url":"https:\/\/shop.bantam.ch\/wp-content\/uploads\/2022\/12\/bantam-logo.png","contentUrl":"https:\/\/shop.bantam.ch\/wp-content\/uploads\/2022\/12\/bantam-logo.png","width":320,"height":71,"caption":"Bantam Wankm\u00fcller SA"},"image":{"@id":"https:\/\/shop.bantam.ch\/fr\/#\/schema\/logo\/image\/"}}]}},"_links":{"self":[{"href":"https:\/\/shop.bantam.ch\/fr\/wp-json\/wp\/v2\/product\/193596","targetHints":{"allow":["GET"]}}],"collection":[{"href":"https:\/\/shop.bantam.ch\/fr\/wp-json\/wp\/v2\/product"}],"about":[{"href":"https:\/\/shop.bantam.ch\/fr\/wp-json\/wp\/v2\/types\/product"}],"wp:featuredmedia":[{"embeddable":true,"href":"https:\/\/shop.bantam.ch\/fr\/wp-json\/wp\/v2\/media\/206072"}],"wp:attachment":[{"href":"https:\/\/shop.bantam.ch\/fr\/wp-json\/wp\/v2\/media?parent=193596"}],"wp:term":[{"taxonomy":"product_featured_cat","embeddable":true,"href":"https:\/\/shop.bantam.ch\/fr\/wp-json\/wp\/v2\/product_featured_cat?post=193596"},{"taxonomy":"product_brand","embeddable":true,"href":"https:\/\/shop.bantam.ch\/fr\/wp-json\/wp\/v2\/product_brand?post=193596"},{"taxonomy":"product_cat","embeddable":true,"href":"https:\/\/shop.bantam.ch\/fr\/wp-json\/wp\/v2\/product_cat?post=193596"},{"taxonomy":"product_tag","embeddable":true,"href":"https:\/\/shop.bantam.ch\/fr\/wp-json\/wp\/v2\/product_tag?post=193596"}],"curies":[{"name":"wp","href":"https:\/\/api.w.org\/{rel}","templated":true}]}}