{"id":193592,"date":"2024-05-15T14:34:42","date_gmt":"2024-05-15T12:34:42","guid":{"rendered":"https:\/\/shop.bantam.ch\/produit\/spray-graisse-de-chaine-petec-contenance-100-ml\/"},"modified":"2026-04-18T23:01:12","modified_gmt":"2026-04-18T21:01:12","slug":"spray-graisse-de-chaine-petec-contenance-100-ml","status":"publish","type":"product","link":"https:\/\/shop.bantam.ch\/fr\/produit\/spray-graisse-de-chaine-petec-contenance-100-ml\/","title":{"rendered":"Spray graisse de cha\u00eene Petec contenance 100\u00a0ml"},"content":{"rendered":"<p>Pour la lubrification \u00e0 long terme de toutes les cha\u00eenes d&rsquo;entra\u00eenement telles que les types de cha\u00eenes X, O et Z. Gr\u00e2ce \u00e0 la lubrification \u00e0 sec, il n&rsquo;y a pas de d\u00e9p\u00f4t de salet\u00e9 ou de r\u00e9sinification de la cha\u00eene et des maillons. Cela garantit une lubrification sans probl\u00e8me ainsi qu&rsquo;une transmission optimale de la puissance et augmente la sensation de conduite.<\/p>\n<ul>\n<li>Pas d&rsquo;huile ni de r\u00e9sinification<\/li>\n<p>.<\/p>\n<li>Excellente capacit\u00e9 de fluage<\/li>\n<li>Pas d&rsquo;effet sur l&rsquo;\u00e9lectronique des v\u00e9los \u00e9lectriques<\/li>\n<p>.<\/p>\n<li>compatible avec de nombreux mat\u00e9riaux tels que les m\u00e9taux, les plastiques, le carbone, la c\u00e9ramique, le verre &amp;amp ; les surfaces peintes<\/li>\n<li>r\u00e9sistant \u00e0 long terme \u00e0 l&rsquo;eau et \u00e0 l&rsquo;eau sal\u00e9e<\/li>\n<li>neutre vis-\u00e0-vis des joints toriques<\/li>\n<li>Excellent pour le v\u00e9lo et le v\u00e9lo \u00e9lectrique dans le domaine de la m\u00e9canique des deux roues, de l&rsquo;artisanat et des loisirs<\/li>\n<p>.\n<\/ul>\n<p>&nbsp;<\/p>\n","protected":false},"excerpt":{"rendered":"<p>Pour la lubrification \u00e0 long terme de toutes les cha\u00eenes d&rsquo;entra\u00eenement telles que les types de cha\u00eenes X, O et Z. Gr\u00e2ce \u00e0 la lubrification \u00e0 sec, il n&rsquo;y a pas de d\u00e9p\u00f4t de salet\u00e9 ou de r\u00e9sinification de la cha\u00eene et des maillons. Cela garantit une lubrification sans probl\u00e8me ainsi qu&rsquo;une transmission optimale de [&hellip;]<\/p>\n","protected":false},"featured_media":206070,"template":"","meta":{"_acf_changed":false},"product_featured_cat":[],"product_brand":[3594],"product_cat":[5093],"product_tag":[],"class_list":{"0":"post-193592","1":"product","2":"type-product","3":"status-publish","4":"has-post-thumbnail","6":"product_brand-petec","7":"product_cat-scellage","9":"first","10":"instock","11":"taxable","12":"shipping-taxable","13":"purchasable","14":"product-type-simple"},"acf":[],"yoast_head":"<!-- This site is optimized with the Yoast SEO plugin v27.4 - https:\/\/yoast.com\/product\/yoast-seo-wordpress\/ -->\n<title>Spray graisse de cha\u00eene Petec contenance 100\u00a0ml - Bantam Wankm\u00fcller SA<\/title>\n<meta name=\"robots\" content=\"index, follow, max-snippet:-1, max-image-preview:large, max-video-preview:-1\" \/>\n<link rel=\"canonical\" href=\"https:\/\/shop.bantam.ch\/fr\/produit\/spray-graisse-de-chaine-petec-contenance-100-ml\/\" \/>\n<meta property=\"og:locale\" content=\"fr_FR\" \/>\n<meta property=\"og:type\" content=\"article\" \/>\n<meta property=\"og:title\" content=\"Spray graisse de cha\u00eene Petec contenance 100\u00a0ml - Bantam Wankm\u00fcller SA\" \/>\n<meta property=\"og:description\" content=\"Pour la lubrification \u00e0 long terme de toutes les cha\u00eenes d&rsquo;entra\u00eenement telles que les types de cha\u00eenes X, O et Z. Gr\u00e2ce \u00e0 la lubrification \u00e0 sec, il n&rsquo;y a pas de d\u00e9p\u00f4t de salet\u00e9 ou de r\u00e9sinification de la cha\u00eene et des maillons. Cela garantit une lubrification sans probl\u00e8me ainsi qu&rsquo;une transmission optimale de [&hellip;]\" \/>\n<meta property=\"og:url\" content=\"https:\/\/shop.bantam.ch\/fr\/produit\/spray-graisse-de-chaine-petec-contenance-100-ml\/\" \/>\n<meta property=\"og:site_name\" content=\"Bantam Wankm\u00fcller SA\" \/>\n<meta property=\"article:modified_time\" content=\"2026-04-18T21:01:12+00:00\" \/>\n<meta property=\"og:image\" content=\"https:\/\/shop.bantam.ch\/wp-content\/uploads\/2024\/05\/Movera-L-9945331100.jpg\" \/>\n\t<meta property=\"og:image:width\" content=\"129\" \/>\n\t<meta property=\"og:image:height\" content=\"400\" \/>\n\t<meta property=\"og:image:type\" content=\"image\/jpeg\" \/>\n<meta name=\"twitter:card\" content=\"summary_large_image\" \/>\n<meta name=\"twitter:label1\" content=\"Dur\u00e9e de lecture estim\u00e9e\" \/>\n\t<meta name=\"twitter:data1\" content=\"1 minute\" \/>\n<script type=\"application\/ld+json\" class=\"yoast-schema-graph\">{\"@context\":\"https:\\\/\\\/schema.org\",\"@graph\":[{\"@type\":\"WebPage\",\"@id\":\"https:\\\/\\\/shop.bantam.ch\\\/fr\\\/produit\\\/spray-graisse-de-chaine-petec-contenance-100-ml\\\/\",\"url\":\"https:\\\/\\\/shop.bantam.ch\\\/fr\\\/produit\\\/spray-graisse-de-chaine-petec-contenance-100-ml\\\/\",\"name\":\"Spray graisse de cha\u00eene Petec contenance 100\u00a0ml - Bantam Wankm\u00fcller SA\",\"isPartOf\":{\"@id\":\"https:\\\/\\\/shop.bantam.ch\\\/fr\\\/#website\"},\"primaryImageOfPage\":{\"@id\":\"https:\\\/\\\/shop.bantam.ch\\\/fr\\\/produit\\\/spray-graisse-de-chaine-petec-contenance-100-ml\\\/#primaryimage\"},\"image\":{\"@id\":\"https:\\\/\\\/shop.bantam.ch\\\/fr\\\/produit\\\/spray-graisse-de-chaine-petec-contenance-100-ml\\\/#primaryimage\"},\"thumbnailUrl\":\"https:\\\/\\\/shop.bantam.ch\\\/wp-content\\\/uploads\\\/2024\\\/09\\\/Movera-L-9945331100.jpg\",\"datePublished\":\"2024-05-15T12:34:42+00:00\",\"dateModified\":\"2026-04-18T21:01:12+00:00\",\"breadcrumb\":{\"@id\":\"https:\\\/\\\/shop.bantam.ch\\\/fr\\\/produit\\\/spray-graisse-de-chaine-petec-contenance-100-ml\\\/#breadcrumb\"},\"inLanguage\":\"fr-FR\",\"potentialAction\":[{\"@type\":\"ReadAction\",\"target\":[\"https:\\\/\\\/shop.bantam.ch\\\/fr\\\/produit\\\/spray-graisse-de-chaine-petec-contenance-100-ml\\\/\"]}]},{\"@type\":\"ImageObject\",\"inLanguage\":\"fr-FR\",\"@id\":\"https:\\\/\\\/shop.bantam.ch\\\/fr\\\/produit\\\/spray-graisse-de-chaine-petec-contenance-100-ml\\\/#primaryimage\",\"url\":\"https:\\\/\\\/shop.bantam.ch\\\/wp-content\\\/uploads\\\/2024\\\/09\\\/Movera-L-9945331100.jpg\",\"contentUrl\":\"https:\\\/\\\/shop.bantam.ch\\\/wp-content\\\/uploads\\\/2024\\\/09\\\/Movera-L-9945331100.jpg\",\"width\":129,\"height\":400},{\"@type\":\"BreadcrumbList\",\"@id\":\"https:\\\/\\\/shop.bantam.ch\\\/fr\\\/produit\\\/spray-graisse-de-chaine-petec-contenance-100-ml\\\/#breadcrumb\",\"itemListElement\":[{\"@type\":\"ListItem\",\"position\":1,\"name\":\"Accueil\",\"item\":\"https:\\\/\\\/shop.bantam.ch\\\/fr\\\/\"},{\"@type\":\"ListItem\",\"position\":2,\"name\":\"Boutique\",\"item\":\"https:\\\/\\\/shop.bantam.ch\\\/fr\\\/boutique\\\/\"},{\"@type\":\"ListItem\",\"position\":3,\"name\":\"Spray graisse de cha\u00eene Petec contenance 100\u00a0ml\"}]},{\"@type\":\"WebSite\",\"@id\":\"https:\\\/\\\/shop.bantam.ch\\\/fr\\\/#website\",\"url\":\"https:\\\/\\\/shop.bantam.ch\\\/fr\\\/\",\"name\":\"Bantam Wankm\u00fcller SA\",\"description\":\"\",\"publisher\":{\"@id\":\"https:\\\/\\\/shop.bantam.ch\\\/fr\\\/#organization\"},\"inLanguage\":\"fr-FR\"},{\"@type\":\"Organization\",\"@id\":\"https:\\\/\\\/shop.bantam.ch\\\/fr\\\/#organization\",\"name\":\"Bantam Wankm\u00fcller SA\",\"url\":\"https:\\\/\\\/shop.bantam.ch\\\/fr\\\/\",\"logo\":{\"@type\":\"ImageObject\",\"inLanguage\":\"fr-FR\",\"@id\":\"https:\\\/\\\/shop.bantam.ch\\\/fr\\\/#\\\/schema\\\/logo\\\/image\\\/\",\"url\":\"https:\\\/\\\/shop.bantam.ch\\\/wp-content\\\/uploads\\\/2022\\\/12\\\/bantam-logo.png\",\"contentUrl\":\"https:\\\/\\\/shop.bantam.ch\\\/wp-content\\\/uploads\\\/2022\\\/12\\\/bantam-logo.png\",\"width\":320,\"height\":71,\"caption\":\"Bantam Wankm\u00fcller SA\"},\"image\":{\"@id\":\"https:\\\/\\\/shop.bantam.ch\\\/fr\\\/#\\\/schema\\\/logo\\\/image\\\/\"}}]}<\/script>\n<!-- \/ Yoast SEO plugin. -->","yoast_head_json":{"title":"Spray graisse de cha\u00eene Petec contenance 100\u00a0ml - Bantam Wankm\u00fcller SA","robots":{"index":"index","follow":"follow","max-snippet":"max-snippet:-1","max-image-preview":"max-image-preview:large","max-video-preview":"max-video-preview:-1"},"canonical":"https:\/\/shop.bantam.ch\/fr\/produit\/spray-graisse-de-chaine-petec-contenance-100-ml\/","og_locale":"fr_FR","og_type":"article","og_title":"Spray graisse de cha\u00eene Petec contenance 100\u00a0ml - Bantam Wankm\u00fcller SA","og_description":"Pour la lubrification \u00e0 long terme de toutes les cha\u00eenes d&rsquo;entra\u00eenement telles que les types de cha\u00eenes X, O et Z. Gr\u00e2ce \u00e0 la lubrification \u00e0 sec, il n&rsquo;y a pas de d\u00e9p\u00f4t de salet\u00e9 ou de r\u00e9sinification de la cha\u00eene et des maillons. Cela garantit une lubrification sans probl\u00e8me ainsi qu&rsquo;une transmission optimale de [&hellip;]","og_url":"https:\/\/shop.bantam.ch\/fr\/produit\/spray-graisse-de-chaine-petec-contenance-100-ml\/","og_site_name":"Bantam Wankm\u00fcller SA","article_modified_time":"2026-04-18T21:01:12+00:00","og_image":[{"width":129,"height":400,"url":"https:\/\/shop.bantam.ch\/wp-content\/uploads\/2024\/05\/Movera-L-9945331100.jpg","type":"image\/jpeg"}],"twitter_card":"summary_large_image","twitter_misc":{"Dur\u00e9e de lecture estim\u00e9e":"1 minute"},"schema":{"@context":"https:\/\/schema.org","@graph":[{"@type":"WebPage","@id":"https:\/\/shop.bantam.ch\/fr\/produit\/spray-graisse-de-chaine-petec-contenance-100-ml\/","url":"https:\/\/shop.bantam.ch\/fr\/produit\/spray-graisse-de-chaine-petec-contenance-100-ml\/","name":"Spray graisse de cha\u00eene Petec contenance 100\u00a0ml - Bantam Wankm\u00fcller SA","isPartOf":{"@id":"https:\/\/shop.bantam.ch\/fr\/#website"},"primaryImageOfPage":{"@id":"https:\/\/shop.bantam.ch\/fr\/produit\/spray-graisse-de-chaine-petec-contenance-100-ml\/#primaryimage"},"image":{"@id":"https:\/\/shop.bantam.ch\/fr\/produit\/spray-graisse-de-chaine-petec-contenance-100-ml\/#primaryimage"},"thumbnailUrl":"https:\/\/shop.bantam.ch\/wp-content\/uploads\/2024\/09\/Movera-L-9945331100.jpg","datePublished":"2024-05-15T12:34:42+00:00","dateModified":"2026-04-18T21:01:12+00:00","breadcrumb":{"@id":"https:\/\/shop.bantam.ch\/fr\/produit\/spray-graisse-de-chaine-petec-contenance-100-ml\/#breadcrumb"},"inLanguage":"fr-FR","potentialAction":[{"@type":"ReadAction","target":["https:\/\/shop.bantam.ch\/fr\/produit\/spray-graisse-de-chaine-petec-contenance-100-ml\/"]}]},{"@type":"ImageObject","inLanguage":"fr-FR","@id":"https:\/\/shop.bantam.ch\/fr\/produit\/spray-graisse-de-chaine-petec-contenance-100-ml\/#primaryimage","url":"https:\/\/shop.bantam.ch\/wp-content\/uploads\/2024\/09\/Movera-L-9945331100.jpg","contentUrl":"https:\/\/shop.bantam.ch\/wp-content\/uploads\/2024\/09\/Movera-L-9945331100.jpg","width":129,"height":400},{"@type":"BreadcrumbList","@id":"https:\/\/shop.bantam.ch\/fr\/produit\/spray-graisse-de-chaine-petec-contenance-100-ml\/#breadcrumb","itemListElement":[{"@type":"ListItem","position":1,"name":"Accueil","item":"https:\/\/shop.bantam.ch\/fr\/"},{"@type":"ListItem","position":2,"name":"Boutique","item":"https:\/\/shop.bantam.ch\/fr\/boutique\/"},{"@type":"ListItem","position":3,"name":"Spray graisse de cha\u00eene Petec contenance 100\u00a0ml"}]},{"@type":"WebSite","@id":"https:\/\/shop.bantam.ch\/fr\/#website","url":"https:\/\/shop.bantam.ch\/fr\/","name":"Bantam Wankm\u00fcller SA","description":"","publisher":{"@id":"https:\/\/shop.bantam.ch\/fr\/#organization"},"inLanguage":"fr-FR"},{"@type":"Organization","@id":"https:\/\/shop.bantam.ch\/fr\/#organization","name":"Bantam Wankm\u00fcller SA","url":"https:\/\/shop.bantam.ch\/fr\/","logo":{"@type":"ImageObject","inLanguage":"fr-FR","@id":"https:\/\/shop.bantam.ch\/fr\/#\/schema\/logo\/image\/","url":"https:\/\/shop.bantam.ch\/wp-content\/uploads\/2022\/12\/bantam-logo.png","contentUrl":"https:\/\/shop.bantam.ch\/wp-content\/uploads\/2022\/12\/bantam-logo.png","width":320,"height":71,"caption":"Bantam Wankm\u00fcller SA"},"image":{"@id":"https:\/\/shop.bantam.ch\/fr\/#\/schema\/logo\/image\/"}}]}},"_links":{"self":[{"href":"https:\/\/shop.bantam.ch\/fr\/wp-json\/wp\/v2\/product\/193592","targetHints":{"allow":["GET"]}}],"collection":[{"href":"https:\/\/shop.bantam.ch\/fr\/wp-json\/wp\/v2\/product"}],"about":[{"href":"https:\/\/shop.bantam.ch\/fr\/wp-json\/wp\/v2\/types\/product"}],"wp:featuredmedia":[{"embeddable":true,"href":"https:\/\/shop.bantam.ch\/fr\/wp-json\/wp\/v2\/media\/206070"}],"wp:attachment":[{"href":"https:\/\/shop.bantam.ch\/fr\/wp-json\/wp\/v2\/media?parent=193592"}],"wp:term":[{"taxonomy":"product_featured_cat","embeddable":true,"href":"https:\/\/shop.bantam.ch\/fr\/wp-json\/wp\/v2\/product_featured_cat?post=193592"},{"taxonomy":"product_brand","embeddable":true,"href":"https:\/\/shop.bantam.ch\/fr\/wp-json\/wp\/v2\/product_brand?post=193592"},{"taxonomy":"product_cat","embeddable":true,"href":"https:\/\/shop.bantam.ch\/fr\/wp-json\/wp\/v2\/product_cat?post=193592"},{"taxonomy":"product_tag","embeddable":true,"href":"https:\/\/shop.bantam.ch\/fr\/wp-json\/wp\/v2\/product_tag?post=193592"}],"curies":[{"name":"wp","href":"https:\/\/api.w.org\/{rel}","templated":true}]}}