{"id":193474,"date":"2024-05-15T14:29:51","date_gmt":"2024-05-15T12:29:51","guid":{"rendered":"https:\/\/shop.bantam.ch\/produit\/ventilateur-a-clip-eurotrail\/"},"modified":"2026-03-24T01:15:47","modified_gmt":"2026-03-24T00:15:47","slug":"ventilateur-a-clip-eurotrail","status":"publish","type":"product","link":"https:\/\/shop.bantam.ch\/fr\/produit\/ventilateur-a-clip-eurotrail\/","title":{"rendered":"Ventilateur \u00e0 clip rechargeable avec lumi\u00e8re"},"content":{"rendered":"<p class=\"MsoNormal\">Ventilateur de table rechargeable avec pince et \u00e9clairage<br \/>\nLED. Le ventilateur a 3 vitesses et est \u00e9quip\u00e9 d&rsquo;un \u00e9clairage LED r\u00e9glable. Le<br \/>\nventilateur peut non seulement \u00eatre utilis\u00e9 comme mod\u00e8le de table, mais avec la<br \/>\npince, vous pouvez le fixer presque partout o\u00f9 le refroidissement est souhait\u00e9.<br \/>\nId\u00e9al pour une utilisation en voiture, caravane ou camping-car mais aussi<br \/>\nparfait pour la maison!\u00a0 Mat\u00e9riel: ABS + PP Ventilateur: Ventilateur<br \/>\n\u00d8145mm LED : LED s&rsquo;allume 3 r\u00e9glages Taille: 143X118X213mm Poids : 370gr.<br \/>\nTension\u00a0: 5\u00a0V CC Puissance 1A (max), 4W Batterie rechargeable : 2000<br \/>\nmAh Temps de travail : 3-7 heures (max) Charge : 4-5 heures<\/p>\n<ul>\n<\/ul>\n","protected":false},"excerpt":{"rendered":"<p>Ventilateur de table rechargeable avec pince et \u00e9clairage LED. Le ventilateur a 3 vitesses et est \u00e9quip\u00e9 d&rsquo;un \u00e9clairage LED r\u00e9glable. Le ventilateur peut non seulement \u00eatre utilis\u00e9 comme mod\u00e8le de table, mais avec la pince, vous pouvez le fixer presque partout o\u00f9 le refroidissement est souhait\u00e9. Id\u00e9al pour une utilisation en voiture, caravane ou [&hellip;]<\/p>\n","protected":false},"featured_media":206016,"template":"","meta":{"_acf_changed":false},"product_featured_cat":[],"product_brand":[3074],"product_cat":[5147],"product_tag":[],"class_list":{"0":"post-193474","1":"product","2":"type-product","3":"status-publish","4":"has-post-thumbnail","6":"product_brand-eurotrail","7":"product_cat-autres-appareils-electromenagers","9":"first","10":"instock","11":"taxable","12":"shipping-taxable","13":"purchasable","14":"product-type-simple"},"acf":[],"yoast_head":"<!-- This site is optimized with the Yoast SEO plugin v27.4 - https:\/\/yoast.com\/product\/yoast-seo-wordpress\/ -->\n<title>Ventilateur \u00e0 clip rechargeable avec lumi\u00e8re - Bantam Wankm\u00fcller SA<\/title>\n<meta name=\"robots\" content=\"index, follow, max-snippet:-1, max-image-preview:large, max-video-preview:-1\" \/>\n<link rel=\"canonical\" href=\"https:\/\/shop.bantam.ch\/fr\/produit\/ventilateur-a-clip-eurotrail\/\" \/>\n<meta property=\"og:locale\" content=\"fr_FR\" \/>\n<meta property=\"og:type\" content=\"article\" \/>\n<meta property=\"og:title\" content=\"Ventilateur \u00e0 clip rechargeable avec lumi\u00e8re - Bantam Wankm\u00fcller SA\" \/>\n<meta property=\"og:description\" content=\"Ventilateur de table rechargeable avec pince et \u00e9clairage LED. Le ventilateur a 3 vitesses et est \u00e9quip\u00e9 d&rsquo;un \u00e9clairage LED r\u00e9glable. Le ventilateur peut non seulement \u00eatre utilis\u00e9 comme mod\u00e8le de table, mais avec la pince, vous pouvez le fixer presque partout o\u00f9 le refroidissement est souhait\u00e9. Id\u00e9al pour une utilisation en voiture, caravane ou [&hellip;]\" \/>\n<meta property=\"og:url\" content=\"https:\/\/shop.bantam.ch\/fr\/produit\/ventilateur-a-clip-eurotrail\/\" \/>\n<meta property=\"og:site_name\" content=\"Bantam Wankm\u00fcller SA\" \/>\n<meta property=\"article:modified_time\" content=\"2026-03-24T00:15:47+00:00\" \/>\n<meta property=\"og:image\" content=\"https:\/\/shop.bantam.ch\/wp-content\/uploads\/2024\/09\/Movera-L-9945197100.jpg\" \/>\n\t<meta property=\"og:image:width\" content=\"640\" \/>\n\t<meta property=\"og:image:height\" content=\"793\" \/>\n\t<meta property=\"og:image:type\" content=\"image\/jpeg\" \/>\n<meta name=\"twitter:card\" content=\"summary_large_image\" \/>\n<meta name=\"twitter:label1\" content=\"Dur\u00e9e de lecture estim\u00e9e\" \/>\n\t<meta name=\"twitter:data1\" content=\"1 minute\" \/>\n<script type=\"application\/ld+json\" class=\"yoast-schema-graph\">{\"@context\":\"https:\\\/\\\/schema.org\",\"@graph\":[{\"@type\":\"WebPage\",\"@id\":\"https:\\\/\\\/shop.bantam.ch\\\/fr\\\/produit\\\/ventilateur-a-clip-eurotrail\\\/\",\"url\":\"https:\\\/\\\/shop.bantam.ch\\\/fr\\\/produit\\\/ventilateur-a-clip-eurotrail\\\/\",\"name\":\"Ventilateur \u00e0 clip rechargeable avec lumi\u00e8re - Bantam Wankm\u00fcller SA\",\"isPartOf\":{\"@id\":\"https:\\\/\\\/shop.bantam.ch\\\/fr\\\/#website\"},\"primaryImageOfPage\":{\"@id\":\"https:\\\/\\\/shop.bantam.ch\\\/fr\\\/produit\\\/ventilateur-a-clip-eurotrail\\\/#primaryimage\"},\"image\":{\"@id\":\"https:\\\/\\\/shop.bantam.ch\\\/fr\\\/produit\\\/ventilateur-a-clip-eurotrail\\\/#primaryimage\"},\"thumbnailUrl\":\"https:\\\/\\\/shop.bantam.ch\\\/wp-content\\\/uploads\\\/2024\\\/09\\\/Movera-L-9945197100.jpg\",\"datePublished\":\"2024-05-15T12:29:51+00:00\",\"dateModified\":\"2026-03-24T00:15:47+00:00\",\"breadcrumb\":{\"@id\":\"https:\\\/\\\/shop.bantam.ch\\\/fr\\\/produit\\\/ventilateur-a-clip-eurotrail\\\/#breadcrumb\"},\"inLanguage\":\"fr-FR\",\"potentialAction\":[{\"@type\":\"ReadAction\",\"target\":[\"https:\\\/\\\/shop.bantam.ch\\\/fr\\\/produit\\\/ventilateur-a-clip-eurotrail\\\/\"]}]},{\"@type\":\"ImageObject\",\"inLanguage\":\"fr-FR\",\"@id\":\"https:\\\/\\\/shop.bantam.ch\\\/fr\\\/produit\\\/ventilateur-a-clip-eurotrail\\\/#primaryimage\",\"url\":\"https:\\\/\\\/shop.bantam.ch\\\/wp-content\\\/uploads\\\/2024\\\/09\\\/Movera-L-9945197100.jpg\",\"contentUrl\":\"https:\\\/\\\/shop.bantam.ch\\\/wp-content\\\/uploads\\\/2024\\\/09\\\/Movera-L-9945197100.jpg\",\"width\":640,\"height\":793},{\"@type\":\"BreadcrumbList\",\"@id\":\"https:\\\/\\\/shop.bantam.ch\\\/fr\\\/produit\\\/ventilateur-a-clip-eurotrail\\\/#breadcrumb\",\"itemListElement\":[{\"@type\":\"ListItem\",\"position\":1,\"name\":\"Accueil\",\"item\":\"https:\\\/\\\/shop.bantam.ch\\\/fr\\\/\"},{\"@type\":\"ListItem\",\"position\":2,\"name\":\"Boutique\",\"item\":\"https:\\\/\\\/shop.bantam.ch\\\/fr\\\/boutique\\\/\"},{\"@type\":\"ListItem\",\"position\":3,\"name\":\"Ventilateur \u00e0 clip rechargeable avec lumi\u00e8re\"}]},{\"@type\":\"WebSite\",\"@id\":\"https:\\\/\\\/shop.bantam.ch\\\/fr\\\/#website\",\"url\":\"https:\\\/\\\/shop.bantam.ch\\\/fr\\\/\",\"name\":\"Bantam Wankm\u00fcller SA\",\"description\":\"\",\"publisher\":{\"@id\":\"https:\\\/\\\/shop.bantam.ch\\\/fr\\\/#organization\"},\"inLanguage\":\"fr-FR\"},{\"@type\":\"Organization\",\"@id\":\"https:\\\/\\\/shop.bantam.ch\\\/fr\\\/#organization\",\"name\":\"Bantam Wankm\u00fcller SA\",\"url\":\"https:\\\/\\\/shop.bantam.ch\\\/fr\\\/\",\"logo\":{\"@type\":\"ImageObject\",\"inLanguage\":\"fr-FR\",\"@id\":\"https:\\\/\\\/shop.bantam.ch\\\/fr\\\/#\\\/schema\\\/logo\\\/image\\\/\",\"url\":\"https:\\\/\\\/shop.bantam.ch\\\/wp-content\\\/uploads\\\/2022\\\/12\\\/bantam-logo.png\",\"contentUrl\":\"https:\\\/\\\/shop.bantam.ch\\\/wp-content\\\/uploads\\\/2022\\\/12\\\/bantam-logo.png\",\"width\":320,\"height\":71,\"caption\":\"Bantam Wankm\u00fcller SA\"},\"image\":{\"@id\":\"https:\\\/\\\/shop.bantam.ch\\\/fr\\\/#\\\/schema\\\/logo\\\/image\\\/\"}}]}<\/script>\n<!-- \/ Yoast SEO plugin. -->","yoast_head_json":{"title":"Ventilateur \u00e0 clip rechargeable avec lumi\u00e8re - Bantam Wankm\u00fcller SA","robots":{"index":"index","follow":"follow","max-snippet":"max-snippet:-1","max-image-preview":"max-image-preview:large","max-video-preview":"max-video-preview:-1"},"canonical":"https:\/\/shop.bantam.ch\/fr\/produit\/ventilateur-a-clip-eurotrail\/","og_locale":"fr_FR","og_type":"article","og_title":"Ventilateur \u00e0 clip rechargeable avec lumi\u00e8re - Bantam Wankm\u00fcller SA","og_description":"Ventilateur de table rechargeable avec pince et \u00e9clairage LED. Le ventilateur a 3 vitesses et est \u00e9quip\u00e9 d&rsquo;un \u00e9clairage LED r\u00e9glable. Le ventilateur peut non seulement \u00eatre utilis\u00e9 comme mod\u00e8le de table, mais avec la pince, vous pouvez le fixer presque partout o\u00f9 le refroidissement est souhait\u00e9. Id\u00e9al pour une utilisation en voiture, caravane ou [&hellip;]","og_url":"https:\/\/shop.bantam.ch\/fr\/produit\/ventilateur-a-clip-eurotrail\/","og_site_name":"Bantam Wankm\u00fcller SA","article_modified_time":"2026-03-24T00:15:47+00:00","og_image":[{"width":640,"height":793,"url":"https:\/\/shop.bantam.ch\/wp-content\/uploads\/2024\/09\/Movera-L-9945197100.jpg","type":"image\/jpeg"}],"twitter_card":"summary_large_image","twitter_misc":{"Dur\u00e9e de lecture estim\u00e9e":"1 minute"},"schema":{"@context":"https:\/\/schema.org","@graph":[{"@type":"WebPage","@id":"https:\/\/shop.bantam.ch\/fr\/produit\/ventilateur-a-clip-eurotrail\/","url":"https:\/\/shop.bantam.ch\/fr\/produit\/ventilateur-a-clip-eurotrail\/","name":"Ventilateur \u00e0 clip rechargeable avec lumi\u00e8re - Bantam Wankm\u00fcller SA","isPartOf":{"@id":"https:\/\/shop.bantam.ch\/fr\/#website"},"primaryImageOfPage":{"@id":"https:\/\/shop.bantam.ch\/fr\/produit\/ventilateur-a-clip-eurotrail\/#primaryimage"},"image":{"@id":"https:\/\/shop.bantam.ch\/fr\/produit\/ventilateur-a-clip-eurotrail\/#primaryimage"},"thumbnailUrl":"https:\/\/shop.bantam.ch\/wp-content\/uploads\/2024\/09\/Movera-L-9945197100.jpg","datePublished":"2024-05-15T12:29:51+00:00","dateModified":"2026-03-24T00:15:47+00:00","breadcrumb":{"@id":"https:\/\/shop.bantam.ch\/fr\/produit\/ventilateur-a-clip-eurotrail\/#breadcrumb"},"inLanguage":"fr-FR","potentialAction":[{"@type":"ReadAction","target":["https:\/\/shop.bantam.ch\/fr\/produit\/ventilateur-a-clip-eurotrail\/"]}]},{"@type":"ImageObject","inLanguage":"fr-FR","@id":"https:\/\/shop.bantam.ch\/fr\/produit\/ventilateur-a-clip-eurotrail\/#primaryimage","url":"https:\/\/shop.bantam.ch\/wp-content\/uploads\/2024\/09\/Movera-L-9945197100.jpg","contentUrl":"https:\/\/shop.bantam.ch\/wp-content\/uploads\/2024\/09\/Movera-L-9945197100.jpg","width":640,"height":793},{"@type":"BreadcrumbList","@id":"https:\/\/shop.bantam.ch\/fr\/produit\/ventilateur-a-clip-eurotrail\/#breadcrumb","itemListElement":[{"@type":"ListItem","position":1,"name":"Accueil","item":"https:\/\/shop.bantam.ch\/fr\/"},{"@type":"ListItem","position":2,"name":"Boutique","item":"https:\/\/shop.bantam.ch\/fr\/boutique\/"},{"@type":"ListItem","position":3,"name":"Ventilateur \u00e0 clip rechargeable avec lumi\u00e8re"}]},{"@type":"WebSite","@id":"https:\/\/shop.bantam.ch\/fr\/#website","url":"https:\/\/shop.bantam.ch\/fr\/","name":"Bantam Wankm\u00fcller SA","description":"","publisher":{"@id":"https:\/\/shop.bantam.ch\/fr\/#organization"},"inLanguage":"fr-FR"},{"@type":"Organization","@id":"https:\/\/shop.bantam.ch\/fr\/#organization","name":"Bantam Wankm\u00fcller SA","url":"https:\/\/shop.bantam.ch\/fr\/","logo":{"@type":"ImageObject","inLanguage":"fr-FR","@id":"https:\/\/shop.bantam.ch\/fr\/#\/schema\/logo\/image\/","url":"https:\/\/shop.bantam.ch\/wp-content\/uploads\/2022\/12\/bantam-logo.png","contentUrl":"https:\/\/shop.bantam.ch\/wp-content\/uploads\/2022\/12\/bantam-logo.png","width":320,"height":71,"caption":"Bantam Wankm\u00fcller SA"},"image":{"@id":"https:\/\/shop.bantam.ch\/fr\/#\/schema\/logo\/image\/"}}]}},"_links":{"self":[{"href":"https:\/\/shop.bantam.ch\/fr\/wp-json\/wp\/v2\/product\/193474","targetHints":{"allow":["GET"]}}],"collection":[{"href":"https:\/\/shop.bantam.ch\/fr\/wp-json\/wp\/v2\/product"}],"about":[{"href":"https:\/\/shop.bantam.ch\/fr\/wp-json\/wp\/v2\/types\/product"}],"wp:featuredmedia":[{"embeddable":true,"href":"https:\/\/shop.bantam.ch\/fr\/wp-json\/wp\/v2\/media\/206016"}],"wp:attachment":[{"href":"https:\/\/shop.bantam.ch\/fr\/wp-json\/wp\/v2\/media?parent=193474"}],"wp:term":[{"taxonomy":"product_featured_cat","embeddable":true,"href":"https:\/\/shop.bantam.ch\/fr\/wp-json\/wp\/v2\/product_featured_cat?post=193474"},{"taxonomy":"product_brand","embeddable":true,"href":"https:\/\/shop.bantam.ch\/fr\/wp-json\/wp\/v2\/product_brand?post=193474"},{"taxonomy":"product_cat","embeddable":true,"href":"https:\/\/shop.bantam.ch\/fr\/wp-json\/wp\/v2\/product_cat?post=193474"},{"taxonomy":"product_tag","embeddable":true,"href":"https:\/\/shop.bantam.ch\/fr\/wp-json\/wp\/v2\/product_tag?post=193474"}],"curies":[{"name":"wp","href":"https:\/\/api.w.org\/{rel}","templated":true}]}}