{"id":193416,"date":"2024-05-15T14:28:19","date_gmt":"2024-05-15T12:28:19","guid":{"rendered":"https:\/\/shop.bantam.ch\/produit\/lampe-a-poser-eurotrail-spark-rechargeable\/"},"modified":"2026-04-18T23:00:34","modified_gmt":"2026-04-18T21:00:34","slug":"lampe-a-poser-eurotrail-spark-rechargeable","status":"publish","type":"product","link":"https:\/\/shop.bantam.ch\/fr\/produit\/lampe-a-poser-eurotrail-spark-rechargeable\/","title":{"rendered":"Lampe \u00e0 poser EuroTrail Spark rechargeable"},"content":{"rendered":"<p>Lampe de table Spark Lampe de table rechargeable<\/p>\n<ul>\n<li>pied de table en fer, abat-jour en plastique<\/li>\n<li>batterie au lithium rechargeable gr\u00e2ce au c\u00e2ble USB fourni<\/li>\n<li>lumi\u00e8re blanc clair, blanc chaud ou lumi\u00e8re de diff\u00e9rentes couleurs<\/li>\n<li>changement de couleur possible en tirant sur le cordon<\/li>\n<li>prot\u00e9g\u00e9e contre les projections d&rsquo;eau<\/li>\n<li>140 lumens<\/li>\n<li>batterie : 3,7V, 1800mAh<\/li>\n<li>Temps de recharge : env. 5h<\/li>\n<li>Dur\u00e9e d&rsquo;\u00e9clairage : env. 6h<\/li>\n<li>Dimensions : D 15 x 26cm<\/li>\n<li>poids : 660g<\/li>\n<li>Mat\u00e9riau : plastique PP, socle m\u00e9tallique<\/li>\n<li>Etanche : IP44 prot\u00e9g\u00e9 contre les \u00e9claboussures d&rsquo;eau<\/li>\n<\/ul>\n","protected":false},"excerpt":{"rendered":"<p>Lampe de table Spark Lampe de table rechargeable pied de table en fer, abat-jour en plastique batterie au lithium rechargeable gr\u00e2ce au c\u00e2ble USB fourni lumi\u00e8re blanc clair, blanc chaud ou lumi\u00e8re de diff\u00e9rentes couleurs changement de couleur possible en tirant sur le cordon prot\u00e9g\u00e9e contre les projections d&rsquo;eau 140 lumens batterie : 3,7V, 1800mAh [&hellip;]<\/p>\n","protected":false},"featured_media":205994,"template":"","meta":{"_acf_changed":false},"product_featured_cat":[],"product_brand":[3074],"product_cat":[4361],"product_tag":[],"class_list":{"0":"post-193416","1":"product","2":"type-product","3":"status-publish","4":"has-post-thumbnail","6":"product_brand-eurotrail","7":"product_cat-lampes-a-piles-et-rechargeables","9":"first","10":"instock","11":"taxable","12":"shipping-taxable","13":"purchasable","14":"product-type-simple"},"acf":[],"yoast_head":"<!-- This site is optimized with the Yoast SEO plugin v27.4 - https:\/\/yoast.com\/product\/yoast-seo-wordpress\/ -->\n<title>Lampe \u00e0 poser EuroTrail Spark rechargeable - Bantam Wankm\u00fcller SA<\/title>\n<meta name=\"robots\" content=\"index, follow, max-snippet:-1, max-image-preview:large, max-video-preview:-1\" \/>\n<link rel=\"canonical\" href=\"https:\/\/shop.bantam.ch\/fr\/produit\/lampe-a-poser-eurotrail-spark-rechargeable\/\" \/>\n<meta property=\"og:locale\" content=\"fr_FR\" \/>\n<meta property=\"og:type\" content=\"article\" \/>\n<meta property=\"og:title\" content=\"Lampe \u00e0 poser EuroTrail Spark rechargeable - Bantam Wankm\u00fcller SA\" \/>\n<meta property=\"og:description\" content=\"Lampe de table Spark Lampe de table rechargeable pied de table en fer, abat-jour en plastique batterie au lithium rechargeable gr\u00e2ce au c\u00e2ble USB fourni lumi\u00e8re blanc clair, blanc chaud ou lumi\u00e8re de diff\u00e9rentes couleurs changement de couleur possible en tirant sur le cordon prot\u00e9g\u00e9e contre les projections d&rsquo;eau 140 lumens batterie : 3,7V, 1800mAh [&hellip;]\" \/>\n<meta property=\"og:url\" content=\"https:\/\/shop.bantam.ch\/fr\/produit\/lampe-a-poser-eurotrail-spark-rechargeable\/\" \/>\n<meta property=\"og:site_name\" content=\"Bantam Wankm\u00fcller SA\" \/>\n<meta property=\"article:modified_time\" content=\"2026-04-18T21:00:34+00:00\" \/>\n<meta property=\"og:image\" content=\"https:\/\/shop.bantam.ch\/wp-content\/uploads\/2024\/09\/Movera-L-9945178100.jpg\" \/>\n\t<meta property=\"og:image:width\" content=\"428\" \/>\n\t<meta property=\"og:image:height\" content=\"600\" \/>\n\t<meta property=\"og:image:type\" content=\"image\/jpeg\" \/>\n<meta name=\"twitter:card\" content=\"summary_large_image\" \/>\n<script type=\"application\/ld+json\" class=\"yoast-schema-graph\">{\"@context\":\"https:\\\/\\\/schema.org\",\"@graph\":[{\"@type\":\"WebPage\",\"@id\":\"https:\\\/\\\/shop.bantam.ch\\\/fr\\\/produit\\\/lampe-a-poser-eurotrail-spark-rechargeable\\\/\",\"url\":\"https:\\\/\\\/shop.bantam.ch\\\/fr\\\/produit\\\/lampe-a-poser-eurotrail-spark-rechargeable\\\/\",\"name\":\"Lampe \u00e0 poser EuroTrail Spark rechargeable - Bantam Wankm\u00fcller SA\",\"isPartOf\":{\"@id\":\"https:\\\/\\\/shop.bantam.ch\\\/fr\\\/#website\"},\"primaryImageOfPage\":{\"@id\":\"https:\\\/\\\/shop.bantam.ch\\\/fr\\\/produit\\\/lampe-a-poser-eurotrail-spark-rechargeable\\\/#primaryimage\"},\"image\":{\"@id\":\"https:\\\/\\\/shop.bantam.ch\\\/fr\\\/produit\\\/lampe-a-poser-eurotrail-spark-rechargeable\\\/#primaryimage\"},\"thumbnailUrl\":\"https:\\\/\\\/shop.bantam.ch\\\/wp-content\\\/uploads\\\/2024\\\/09\\\/Movera-L-9945178100.jpg\",\"datePublished\":\"2024-05-15T12:28:19+00:00\",\"dateModified\":\"2026-04-18T21:00:34+00:00\",\"breadcrumb\":{\"@id\":\"https:\\\/\\\/shop.bantam.ch\\\/fr\\\/produit\\\/lampe-a-poser-eurotrail-spark-rechargeable\\\/#breadcrumb\"},\"inLanguage\":\"fr-FR\",\"potentialAction\":[{\"@type\":\"ReadAction\",\"target\":[\"https:\\\/\\\/shop.bantam.ch\\\/fr\\\/produit\\\/lampe-a-poser-eurotrail-spark-rechargeable\\\/\"]}]},{\"@type\":\"ImageObject\",\"inLanguage\":\"fr-FR\",\"@id\":\"https:\\\/\\\/shop.bantam.ch\\\/fr\\\/produit\\\/lampe-a-poser-eurotrail-spark-rechargeable\\\/#primaryimage\",\"url\":\"https:\\\/\\\/shop.bantam.ch\\\/wp-content\\\/uploads\\\/2024\\\/09\\\/Movera-L-9945178100.jpg\",\"contentUrl\":\"https:\\\/\\\/shop.bantam.ch\\\/wp-content\\\/uploads\\\/2024\\\/09\\\/Movera-L-9945178100.jpg\",\"width\":428,\"height\":600},{\"@type\":\"BreadcrumbList\",\"@id\":\"https:\\\/\\\/shop.bantam.ch\\\/fr\\\/produit\\\/lampe-a-poser-eurotrail-spark-rechargeable\\\/#breadcrumb\",\"itemListElement\":[{\"@type\":\"ListItem\",\"position\":1,\"name\":\"Accueil\",\"item\":\"https:\\\/\\\/shop.bantam.ch\\\/fr\\\/\"},{\"@type\":\"ListItem\",\"position\":2,\"name\":\"Boutique\",\"item\":\"https:\\\/\\\/shop.bantam.ch\\\/fr\\\/boutique\\\/\"},{\"@type\":\"ListItem\",\"position\":3,\"name\":\"Lampe \u00e0 poser EuroTrail Spark rechargeable\"}]},{\"@type\":\"WebSite\",\"@id\":\"https:\\\/\\\/shop.bantam.ch\\\/fr\\\/#website\",\"url\":\"https:\\\/\\\/shop.bantam.ch\\\/fr\\\/\",\"name\":\"Bantam Wankm\u00fcller SA\",\"description\":\"\",\"publisher\":{\"@id\":\"https:\\\/\\\/shop.bantam.ch\\\/fr\\\/#organization\"},\"inLanguage\":\"fr-FR\"},{\"@type\":\"Organization\",\"@id\":\"https:\\\/\\\/shop.bantam.ch\\\/fr\\\/#organization\",\"name\":\"Bantam Wankm\u00fcller SA\",\"url\":\"https:\\\/\\\/shop.bantam.ch\\\/fr\\\/\",\"logo\":{\"@type\":\"ImageObject\",\"inLanguage\":\"fr-FR\",\"@id\":\"https:\\\/\\\/shop.bantam.ch\\\/fr\\\/#\\\/schema\\\/logo\\\/image\\\/\",\"url\":\"https:\\\/\\\/shop.bantam.ch\\\/wp-content\\\/uploads\\\/2022\\\/12\\\/bantam-logo.png\",\"contentUrl\":\"https:\\\/\\\/shop.bantam.ch\\\/wp-content\\\/uploads\\\/2022\\\/12\\\/bantam-logo.png\",\"width\":320,\"height\":71,\"caption\":\"Bantam Wankm\u00fcller SA\"},\"image\":{\"@id\":\"https:\\\/\\\/shop.bantam.ch\\\/fr\\\/#\\\/schema\\\/logo\\\/image\\\/\"}}]}<\/script>\n<!-- \/ Yoast SEO plugin. -->","yoast_head_json":{"title":"Lampe \u00e0 poser EuroTrail Spark rechargeable - Bantam Wankm\u00fcller SA","robots":{"index":"index","follow":"follow","max-snippet":"max-snippet:-1","max-image-preview":"max-image-preview:large","max-video-preview":"max-video-preview:-1"},"canonical":"https:\/\/shop.bantam.ch\/fr\/produit\/lampe-a-poser-eurotrail-spark-rechargeable\/","og_locale":"fr_FR","og_type":"article","og_title":"Lampe \u00e0 poser EuroTrail Spark rechargeable - Bantam Wankm\u00fcller SA","og_description":"Lampe de table Spark Lampe de table rechargeable pied de table en fer, abat-jour en plastique batterie au lithium rechargeable gr\u00e2ce au c\u00e2ble USB fourni lumi\u00e8re blanc clair, blanc chaud ou lumi\u00e8re de diff\u00e9rentes couleurs changement de couleur possible en tirant sur le cordon prot\u00e9g\u00e9e contre les projections d&rsquo;eau 140 lumens batterie : 3,7V, 1800mAh [&hellip;]","og_url":"https:\/\/shop.bantam.ch\/fr\/produit\/lampe-a-poser-eurotrail-spark-rechargeable\/","og_site_name":"Bantam Wankm\u00fcller SA","article_modified_time":"2026-04-18T21:00:34+00:00","og_image":[{"width":428,"height":600,"url":"https:\/\/shop.bantam.ch\/wp-content\/uploads\/2024\/09\/Movera-L-9945178100.jpg","type":"image\/jpeg"}],"twitter_card":"summary_large_image","schema":{"@context":"https:\/\/schema.org","@graph":[{"@type":"WebPage","@id":"https:\/\/shop.bantam.ch\/fr\/produit\/lampe-a-poser-eurotrail-spark-rechargeable\/","url":"https:\/\/shop.bantam.ch\/fr\/produit\/lampe-a-poser-eurotrail-spark-rechargeable\/","name":"Lampe \u00e0 poser EuroTrail Spark rechargeable - Bantam Wankm\u00fcller SA","isPartOf":{"@id":"https:\/\/shop.bantam.ch\/fr\/#website"},"primaryImageOfPage":{"@id":"https:\/\/shop.bantam.ch\/fr\/produit\/lampe-a-poser-eurotrail-spark-rechargeable\/#primaryimage"},"image":{"@id":"https:\/\/shop.bantam.ch\/fr\/produit\/lampe-a-poser-eurotrail-spark-rechargeable\/#primaryimage"},"thumbnailUrl":"https:\/\/shop.bantam.ch\/wp-content\/uploads\/2024\/09\/Movera-L-9945178100.jpg","datePublished":"2024-05-15T12:28:19+00:00","dateModified":"2026-04-18T21:00:34+00:00","breadcrumb":{"@id":"https:\/\/shop.bantam.ch\/fr\/produit\/lampe-a-poser-eurotrail-spark-rechargeable\/#breadcrumb"},"inLanguage":"fr-FR","potentialAction":[{"@type":"ReadAction","target":["https:\/\/shop.bantam.ch\/fr\/produit\/lampe-a-poser-eurotrail-spark-rechargeable\/"]}]},{"@type":"ImageObject","inLanguage":"fr-FR","@id":"https:\/\/shop.bantam.ch\/fr\/produit\/lampe-a-poser-eurotrail-spark-rechargeable\/#primaryimage","url":"https:\/\/shop.bantam.ch\/wp-content\/uploads\/2024\/09\/Movera-L-9945178100.jpg","contentUrl":"https:\/\/shop.bantam.ch\/wp-content\/uploads\/2024\/09\/Movera-L-9945178100.jpg","width":428,"height":600},{"@type":"BreadcrumbList","@id":"https:\/\/shop.bantam.ch\/fr\/produit\/lampe-a-poser-eurotrail-spark-rechargeable\/#breadcrumb","itemListElement":[{"@type":"ListItem","position":1,"name":"Accueil","item":"https:\/\/shop.bantam.ch\/fr\/"},{"@type":"ListItem","position":2,"name":"Boutique","item":"https:\/\/shop.bantam.ch\/fr\/boutique\/"},{"@type":"ListItem","position":3,"name":"Lampe \u00e0 poser EuroTrail Spark rechargeable"}]},{"@type":"WebSite","@id":"https:\/\/shop.bantam.ch\/fr\/#website","url":"https:\/\/shop.bantam.ch\/fr\/","name":"Bantam Wankm\u00fcller SA","description":"","publisher":{"@id":"https:\/\/shop.bantam.ch\/fr\/#organization"},"inLanguage":"fr-FR"},{"@type":"Organization","@id":"https:\/\/shop.bantam.ch\/fr\/#organization","name":"Bantam Wankm\u00fcller SA","url":"https:\/\/shop.bantam.ch\/fr\/","logo":{"@type":"ImageObject","inLanguage":"fr-FR","@id":"https:\/\/shop.bantam.ch\/fr\/#\/schema\/logo\/image\/","url":"https:\/\/shop.bantam.ch\/wp-content\/uploads\/2022\/12\/bantam-logo.png","contentUrl":"https:\/\/shop.bantam.ch\/wp-content\/uploads\/2022\/12\/bantam-logo.png","width":320,"height":71,"caption":"Bantam Wankm\u00fcller SA"},"image":{"@id":"https:\/\/shop.bantam.ch\/fr\/#\/schema\/logo\/image\/"}}]}},"_links":{"self":[{"href":"https:\/\/shop.bantam.ch\/fr\/wp-json\/wp\/v2\/product\/193416","targetHints":{"allow":["GET"]}}],"collection":[{"href":"https:\/\/shop.bantam.ch\/fr\/wp-json\/wp\/v2\/product"}],"about":[{"href":"https:\/\/shop.bantam.ch\/fr\/wp-json\/wp\/v2\/types\/product"}],"wp:featuredmedia":[{"embeddable":true,"href":"https:\/\/shop.bantam.ch\/fr\/wp-json\/wp\/v2\/media\/205994"}],"wp:attachment":[{"href":"https:\/\/shop.bantam.ch\/fr\/wp-json\/wp\/v2\/media?parent=193416"}],"wp:term":[{"taxonomy":"product_featured_cat","embeddable":true,"href":"https:\/\/shop.bantam.ch\/fr\/wp-json\/wp\/v2\/product_featured_cat?post=193416"},{"taxonomy":"product_brand","embeddable":true,"href":"https:\/\/shop.bantam.ch\/fr\/wp-json\/wp\/v2\/product_brand?post=193416"},{"taxonomy":"product_cat","embeddable":true,"href":"https:\/\/shop.bantam.ch\/fr\/wp-json\/wp\/v2\/product_cat?post=193416"},{"taxonomy":"product_tag","embeddable":true,"href":"https:\/\/shop.bantam.ch\/fr\/wp-json\/wp\/v2\/product_tag?post=193416"}],"curies":[{"name":"wp","href":"https:\/\/api.w.org\/{rel}","templated":true}]}}