{"id":193257,"date":"2024-05-15T14:22:02","date_gmt":"2024-05-15T12:22:02","guid":{"rendered":"https:\/\/shop.bantam.ch\/produit\/generateur-ecoflow-dual-fuel\/"},"modified":"2026-04-18T23:00:05","modified_gmt":"2026-04-18T21:00:05","slug":"generateur-ecoflow-dual-fuel","status":"publish","type":"product","link":"https:\/\/shop.bantam.ch\/fr\/produit\/generateur-ecoflow-dual-fuel\/","title":{"rendered":"G\u00e9n\u00e9rateur ECOFLOW DUAL FUEL"},"content":{"rendered":"<ul>\n<li>Double carburant: avec l&rsquo;essence et le gaz de p\u00e9trole liqu\u00e9fi\u00e9 (GPL), ces deux options de carburant vous offrent deux sources d&rsquo;\u00e9nergie \u00e0 faible \u00e9mission, tr\u00e8s efficaces et faciles \u00e0 utiliser.<\/li>\n<li>Partie de l&rsquo;\u00e9cosyst\u00e8me EcoFlow: vous pouvez configurer votre syst\u00e8me pour qu&rsquo;il charge automatiquement vos stations d&rsquo;alimentation DELTA Pro, Delta Max ou Power Kits lorsque la charge de leur batterie descend en dessous d&rsquo;un certain niveau. Celles-ci seront alors charg\u00e9es avec l&rsquo;efficacit\u00e9 de charge la plus \u00e9lev\u00e9e.<\/li>\n<li>Surveillance et contr\u00f4le intelligents: la surveillance et le contr\u00f4le \u00e0 distance sont \u00e0 votre disposition gr\u00e2ce \u00e0 l&rsquo;application EcoFlow.<\/li>\n<li>Rester inform\u00e9: Gr\u00e2ce aux 5 alarmes, comme par exemple l&rsquo;alerte au monoxyde de carbone, vous \u00eates toujours au courant.<\/li>\n<li>Commutation GPL transparente: gr\u00e2ce au commutateur et au r\u00e9gulateur int\u00e9gr\u00e9, le raccordement au gaz de p\u00e9trole liqu\u00e9fi\u00e9 (GPL) n&rsquo;a jamais \u00e9t\u00e9 aussi simple.<\/li>\n<\/ul>\n<p>Faites mieux avec Dual Fuel: optez pour le gaz ou le propane (GPL). Avec les deux options de combustible, vous avez acc\u00e8s \u00e0 l&rsquo;\u00e9nergie dans toutes les situations. Avec le GPL comme source de combustible suppl\u00e9mentaire, vous \u00eates encore plus flexible. En cas de panne d&rsquo;\u00e9lectricit\u00e9, le GPL est une option d&rsquo;alimentation de secours id\u00e9ale pour votre maison ou votre camping-car si le gaz naturel n&rsquo;est pas disponible. En outre, le GPL peut \u00eatre conserv\u00e9 plus longtemps et produit moins de fum\u00e9e.<\/p>\n<p>Une capacit\u00e9 \u00e9norme pour les pannes de courant de longue dur\u00e9e : Avec une puissance de sortie de 1600 W &#8211; 1800 W*\u00b9, vous produisez jusqu&rsquo;\u00e0 5,4 kWh avec un r\u00e9servoir d&rsquo;essence de 4 litres. Avec le GPL, vous produisez m\u00eame jusqu&rsquo;\u00e0 20 kWh*\u00b2. Rien qu&rsquo;avec le GPL, vous disposez donc d&rsquo;une autonomie de 12,5 h. Et si vous n&rsquo;avez plus d&rsquo;autres possibilit\u00e9s, vous pouvez le brancher sur vos stations d&rsquo;alimentation DELTA Pro, DELTA Max ou Power Kits pour les recharger. Et tout cela avec une consommation de combustible r\u00e9duite, moins de bruit et moins d&rsquo;\u00e9missions.<\/p>\n<p>&nbsp;<\/p>\n<p>R\u00e9servoir de carburant 4L<br \/>\nPuissance (essence) 5,4 kWh<br \/>\nPuissance nominale (GPL) 1600W<br \/>\nPuissance (GPL) 20 kWh<\/p>\n","protected":false},"excerpt":{"rendered":"<p>Double carburant: avec l&rsquo;essence et le gaz de p\u00e9trole liqu\u00e9fi\u00e9 (GPL), ces deux options de carburant vous offrent deux sources d&rsquo;\u00e9nergie \u00e0 faible \u00e9mission, tr\u00e8s efficaces et faciles \u00e0 utiliser. Partie de l&rsquo;\u00e9cosyst\u00e8me EcoFlow: vous pouvez configurer votre syst\u00e8me pour qu&rsquo;il charge automatiquement vos stations d&rsquo;alimentation DELTA Pro, Delta Max ou Power Kits lorsque la [&hellip;]<\/p>\n","protected":false},"featured_media":205952,"template":"","meta":{"_acf_changed":false},"product_featured_cat":[],"product_brand":[3628],"product_cat":[4855],"product_tag":[],"class_list":{"0":"post-193257","1":"product","2":"type-product","3":"status-publish","4":"has-post-thumbnail","6":"product_brand-ecoflow","7":"product_cat-generateurs-essence","9":"first","10":"instock","11":"taxable","12":"shipping-taxable","13":"purchasable","14":"product-type-simple"},"acf":[],"yoast_head":"<!-- This site is optimized with the Yoast SEO plugin v27.4 - https:\/\/yoast.com\/product\/yoast-seo-wordpress\/ -->\n<title>G\u00e9n\u00e9rateur ECOFLOW DUAL FUEL - Bantam Wankm\u00fcller SA<\/title>\n<meta name=\"robots\" content=\"index, follow, max-snippet:-1, max-image-preview:large, max-video-preview:-1\" \/>\n<link rel=\"canonical\" href=\"https:\/\/shop.bantam.ch\/fr\/produit\/generateur-ecoflow-dual-fuel\/\" \/>\n<meta property=\"og:locale\" content=\"fr_FR\" \/>\n<meta property=\"og:type\" content=\"article\" \/>\n<meta property=\"og:title\" content=\"G\u00e9n\u00e9rateur ECOFLOW DUAL FUEL - Bantam Wankm\u00fcller SA\" \/>\n<meta property=\"og:description\" content=\"Double carburant: avec l&rsquo;essence et le gaz de p\u00e9trole liqu\u00e9fi\u00e9 (GPL), ces deux options de carburant vous offrent deux sources d&rsquo;\u00e9nergie \u00e0 faible \u00e9mission, tr\u00e8s efficaces et faciles \u00e0 utiliser. Partie de l&rsquo;\u00e9cosyst\u00e8me EcoFlow: vous pouvez configurer votre syst\u00e8me pour qu&rsquo;il charge automatiquement vos stations d&rsquo;alimentation DELTA Pro, Delta Max ou Power Kits lorsque la [&hellip;]\" \/>\n<meta property=\"og:url\" content=\"https:\/\/shop.bantam.ch\/fr\/produit\/generateur-ecoflow-dual-fuel\/\" \/>\n<meta property=\"og:site_name\" content=\"Bantam Wankm\u00fcller SA\" \/>\n<meta property=\"article:modified_time\" content=\"2026-04-18T21:00:05+00:00\" \/>\n<meta property=\"og:image\" content=\"https:\/\/shop.bantam.ch\/wp-content\/uploads\/2024\/05\/Movera-L-9945079100.jpg\" \/>\n\t<meta property=\"og:image:width\" content=\"524\" \/>\n\t<meta property=\"og:image:height\" content=\"499\" \/>\n\t<meta property=\"og:image:type\" content=\"image\/jpeg\" \/>\n<meta name=\"twitter:card\" content=\"summary_large_image\" \/>\n<meta name=\"twitter:label1\" content=\"Dur\u00e9e de lecture estim\u00e9e\" \/>\n\t<meta name=\"twitter:data1\" content=\"2 minutes\" \/>\n<script type=\"application\/ld+json\" class=\"yoast-schema-graph\">{\"@context\":\"https:\\\/\\\/schema.org\",\"@graph\":[{\"@type\":\"WebPage\",\"@id\":\"https:\\\/\\\/shop.bantam.ch\\\/fr\\\/produit\\\/generateur-ecoflow-dual-fuel\\\/\",\"url\":\"https:\\\/\\\/shop.bantam.ch\\\/fr\\\/produit\\\/generateur-ecoflow-dual-fuel\\\/\",\"name\":\"G\u00e9n\u00e9rateur ECOFLOW DUAL FUEL - Bantam Wankm\u00fcller SA\",\"isPartOf\":{\"@id\":\"https:\\\/\\\/shop.bantam.ch\\\/fr\\\/#website\"},\"primaryImageOfPage\":{\"@id\":\"https:\\\/\\\/shop.bantam.ch\\\/fr\\\/produit\\\/generateur-ecoflow-dual-fuel\\\/#primaryimage\"},\"image\":{\"@id\":\"https:\\\/\\\/shop.bantam.ch\\\/fr\\\/produit\\\/generateur-ecoflow-dual-fuel\\\/#primaryimage\"},\"thumbnailUrl\":\"https:\\\/\\\/shop.bantam.ch\\\/wp-content\\\/uploads\\\/2024\\\/09\\\/Movera-L-9945079100.jpg\",\"datePublished\":\"2024-05-15T12:22:02+00:00\",\"dateModified\":\"2026-04-18T21:00:05+00:00\",\"breadcrumb\":{\"@id\":\"https:\\\/\\\/shop.bantam.ch\\\/fr\\\/produit\\\/generateur-ecoflow-dual-fuel\\\/#breadcrumb\"},\"inLanguage\":\"fr-FR\",\"potentialAction\":[{\"@type\":\"ReadAction\",\"target\":[\"https:\\\/\\\/shop.bantam.ch\\\/fr\\\/produit\\\/generateur-ecoflow-dual-fuel\\\/\"]}]},{\"@type\":\"ImageObject\",\"inLanguage\":\"fr-FR\",\"@id\":\"https:\\\/\\\/shop.bantam.ch\\\/fr\\\/produit\\\/generateur-ecoflow-dual-fuel\\\/#primaryimage\",\"url\":\"https:\\\/\\\/shop.bantam.ch\\\/wp-content\\\/uploads\\\/2024\\\/09\\\/Movera-L-9945079100.jpg\",\"contentUrl\":\"https:\\\/\\\/shop.bantam.ch\\\/wp-content\\\/uploads\\\/2024\\\/09\\\/Movera-L-9945079100.jpg\",\"width\":524,\"height\":499},{\"@type\":\"BreadcrumbList\",\"@id\":\"https:\\\/\\\/shop.bantam.ch\\\/fr\\\/produit\\\/generateur-ecoflow-dual-fuel\\\/#breadcrumb\",\"itemListElement\":[{\"@type\":\"ListItem\",\"position\":1,\"name\":\"Accueil\",\"item\":\"https:\\\/\\\/shop.bantam.ch\\\/fr\\\/\"},{\"@type\":\"ListItem\",\"position\":2,\"name\":\"Boutique\",\"item\":\"https:\\\/\\\/shop.bantam.ch\\\/fr\\\/boutique\\\/\"},{\"@type\":\"ListItem\",\"position\":3,\"name\":\"G\u00e9n\u00e9rateur ECOFLOW DUAL FUEL\"}]},{\"@type\":\"WebSite\",\"@id\":\"https:\\\/\\\/shop.bantam.ch\\\/fr\\\/#website\",\"url\":\"https:\\\/\\\/shop.bantam.ch\\\/fr\\\/\",\"name\":\"Bantam Wankm\u00fcller SA\",\"description\":\"\",\"publisher\":{\"@id\":\"https:\\\/\\\/shop.bantam.ch\\\/fr\\\/#organization\"},\"inLanguage\":\"fr-FR\"},{\"@type\":\"Organization\",\"@id\":\"https:\\\/\\\/shop.bantam.ch\\\/fr\\\/#organization\",\"name\":\"Bantam Wankm\u00fcller SA\",\"url\":\"https:\\\/\\\/shop.bantam.ch\\\/fr\\\/\",\"logo\":{\"@type\":\"ImageObject\",\"inLanguage\":\"fr-FR\",\"@id\":\"https:\\\/\\\/shop.bantam.ch\\\/fr\\\/#\\\/schema\\\/logo\\\/image\\\/\",\"url\":\"https:\\\/\\\/shop.bantam.ch\\\/wp-content\\\/uploads\\\/2022\\\/12\\\/bantam-logo.png\",\"contentUrl\":\"https:\\\/\\\/shop.bantam.ch\\\/wp-content\\\/uploads\\\/2022\\\/12\\\/bantam-logo.png\",\"width\":320,\"height\":71,\"caption\":\"Bantam Wankm\u00fcller SA\"},\"image\":{\"@id\":\"https:\\\/\\\/shop.bantam.ch\\\/fr\\\/#\\\/schema\\\/logo\\\/image\\\/\"}}]}<\/script>\n<!-- \/ Yoast SEO plugin. -->","yoast_head_json":{"title":"G\u00e9n\u00e9rateur ECOFLOW DUAL FUEL - Bantam Wankm\u00fcller SA","robots":{"index":"index","follow":"follow","max-snippet":"max-snippet:-1","max-image-preview":"max-image-preview:large","max-video-preview":"max-video-preview:-1"},"canonical":"https:\/\/shop.bantam.ch\/fr\/produit\/generateur-ecoflow-dual-fuel\/","og_locale":"fr_FR","og_type":"article","og_title":"G\u00e9n\u00e9rateur ECOFLOW DUAL FUEL - Bantam Wankm\u00fcller SA","og_description":"Double carburant: avec l&rsquo;essence et le gaz de p\u00e9trole liqu\u00e9fi\u00e9 (GPL), ces deux options de carburant vous offrent deux sources d&rsquo;\u00e9nergie \u00e0 faible \u00e9mission, tr\u00e8s efficaces et faciles \u00e0 utiliser. Partie de l&rsquo;\u00e9cosyst\u00e8me EcoFlow: vous pouvez configurer votre syst\u00e8me pour qu&rsquo;il charge automatiquement vos stations d&rsquo;alimentation DELTA Pro, Delta Max ou Power Kits lorsque la [&hellip;]","og_url":"https:\/\/shop.bantam.ch\/fr\/produit\/generateur-ecoflow-dual-fuel\/","og_site_name":"Bantam Wankm\u00fcller SA","article_modified_time":"2026-04-18T21:00:05+00:00","og_image":[{"width":524,"height":499,"url":"https:\/\/shop.bantam.ch\/wp-content\/uploads\/2024\/05\/Movera-L-9945079100.jpg","type":"image\/jpeg"}],"twitter_card":"summary_large_image","twitter_misc":{"Dur\u00e9e de lecture estim\u00e9e":"2 minutes"},"schema":{"@context":"https:\/\/schema.org","@graph":[{"@type":"WebPage","@id":"https:\/\/shop.bantam.ch\/fr\/produit\/generateur-ecoflow-dual-fuel\/","url":"https:\/\/shop.bantam.ch\/fr\/produit\/generateur-ecoflow-dual-fuel\/","name":"G\u00e9n\u00e9rateur ECOFLOW DUAL FUEL - Bantam Wankm\u00fcller SA","isPartOf":{"@id":"https:\/\/shop.bantam.ch\/fr\/#website"},"primaryImageOfPage":{"@id":"https:\/\/shop.bantam.ch\/fr\/produit\/generateur-ecoflow-dual-fuel\/#primaryimage"},"image":{"@id":"https:\/\/shop.bantam.ch\/fr\/produit\/generateur-ecoflow-dual-fuel\/#primaryimage"},"thumbnailUrl":"https:\/\/shop.bantam.ch\/wp-content\/uploads\/2024\/09\/Movera-L-9945079100.jpg","datePublished":"2024-05-15T12:22:02+00:00","dateModified":"2026-04-18T21:00:05+00:00","breadcrumb":{"@id":"https:\/\/shop.bantam.ch\/fr\/produit\/generateur-ecoflow-dual-fuel\/#breadcrumb"},"inLanguage":"fr-FR","potentialAction":[{"@type":"ReadAction","target":["https:\/\/shop.bantam.ch\/fr\/produit\/generateur-ecoflow-dual-fuel\/"]}]},{"@type":"ImageObject","inLanguage":"fr-FR","@id":"https:\/\/shop.bantam.ch\/fr\/produit\/generateur-ecoflow-dual-fuel\/#primaryimage","url":"https:\/\/shop.bantam.ch\/wp-content\/uploads\/2024\/09\/Movera-L-9945079100.jpg","contentUrl":"https:\/\/shop.bantam.ch\/wp-content\/uploads\/2024\/09\/Movera-L-9945079100.jpg","width":524,"height":499},{"@type":"BreadcrumbList","@id":"https:\/\/shop.bantam.ch\/fr\/produit\/generateur-ecoflow-dual-fuel\/#breadcrumb","itemListElement":[{"@type":"ListItem","position":1,"name":"Accueil","item":"https:\/\/shop.bantam.ch\/fr\/"},{"@type":"ListItem","position":2,"name":"Boutique","item":"https:\/\/shop.bantam.ch\/fr\/boutique\/"},{"@type":"ListItem","position":3,"name":"G\u00e9n\u00e9rateur ECOFLOW DUAL FUEL"}]},{"@type":"WebSite","@id":"https:\/\/shop.bantam.ch\/fr\/#website","url":"https:\/\/shop.bantam.ch\/fr\/","name":"Bantam Wankm\u00fcller SA","description":"","publisher":{"@id":"https:\/\/shop.bantam.ch\/fr\/#organization"},"inLanguage":"fr-FR"},{"@type":"Organization","@id":"https:\/\/shop.bantam.ch\/fr\/#organization","name":"Bantam Wankm\u00fcller SA","url":"https:\/\/shop.bantam.ch\/fr\/","logo":{"@type":"ImageObject","inLanguage":"fr-FR","@id":"https:\/\/shop.bantam.ch\/fr\/#\/schema\/logo\/image\/","url":"https:\/\/shop.bantam.ch\/wp-content\/uploads\/2022\/12\/bantam-logo.png","contentUrl":"https:\/\/shop.bantam.ch\/wp-content\/uploads\/2022\/12\/bantam-logo.png","width":320,"height":71,"caption":"Bantam Wankm\u00fcller SA"},"image":{"@id":"https:\/\/shop.bantam.ch\/fr\/#\/schema\/logo\/image\/"}}]}},"_links":{"self":[{"href":"https:\/\/shop.bantam.ch\/fr\/wp-json\/wp\/v2\/product\/193257","targetHints":{"allow":["GET"]}}],"collection":[{"href":"https:\/\/shop.bantam.ch\/fr\/wp-json\/wp\/v2\/product"}],"about":[{"href":"https:\/\/shop.bantam.ch\/fr\/wp-json\/wp\/v2\/types\/product"}],"wp:featuredmedia":[{"embeddable":true,"href":"https:\/\/shop.bantam.ch\/fr\/wp-json\/wp\/v2\/media\/205952"}],"wp:attachment":[{"href":"https:\/\/shop.bantam.ch\/fr\/wp-json\/wp\/v2\/media?parent=193257"}],"wp:term":[{"taxonomy":"product_featured_cat","embeddable":true,"href":"https:\/\/shop.bantam.ch\/fr\/wp-json\/wp\/v2\/product_featured_cat?post=193257"},{"taxonomy":"product_brand","embeddable":true,"href":"https:\/\/shop.bantam.ch\/fr\/wp-json\/wp\/v2\/product_brand?post=193257"},{"taxonomy":"product_cat","embeddable":true,"href":"https:\/\/shop.bantam.ch\/fr\/wp-json\/wp\/v2\/product_cat?post=193257"},{"taxonomy":"product_tag","embeddable":true,"href":"https:\/\/shop.bantam.ch\/fr\/wp-json\/wp\/v2\/product_tag?post=193257"}],"curies":[{"name":"wp","href":"https:\/\/api.w.org\/{rel}","templated":true}]}}