{"id":193209,"date":"2024-05-15T14:20:47","date_gmt":"2024-05-15T12:20:47","guid":{"rendered":"https:\/\/shop.bantam.ch\/produit\/adaptateur-fixe-schuko-suisse-3-poles\/"},"modified":"2026-05-02T22:53:22","modified_gmt":"2026-05-02T20:53:22","slug":"adaptateur-fixe-schuko-suisse-3-poles","status":"publish","type":"product","link":"https:\/\/shop.bantam.ch\/fr\/produit\/adaptateur-fixe-schuko-suisse-3-poles\/","title":{"rendered":"Adaptateur fixe Schuko Suisse 3 p\u00f4les"},"content":{"rendered":"<p>Cet adaptateur fixe est une fiche de transition entre la fiche standard allemande (Schuko CEE7) et la fiche suisse \u00e0 3 p\u00f4les (type 12). (type 12). L&rsquo;adaptateur est \u00e0 usage unique et sert de liaison m\u00e9canique fixe.<br \/>\nL&rsquo;adaptateur fixe est tir\u00e9 au moyen de l&rsquo;aide \u00e0 l&rsquo;insertion sur un c\u00e2ble avec une fiche Schuko allemande et transforme durablement la fiche allemande en une fiche suisse T12. La transformation est permanente, c&rsquo;est-\u00e0-dire que l&#8217;embout de la fiche suisse ne peut \u00eatre retir\u00e9 qu&rsquo;en le d\u00e9truisant.<br \/>\nDonn\u00e9es techniques :<br \/>\nCapacit\u00e9 de charge : 250 VAC \/ 10 A<br \/>\n&nbsp;<\/p>\n","protected":false},"excerpt":{"rendered":"<p>Cet adaptateur fixe est une fiche de transition entre la fiche standard allemande (Schuko CEE7) et la fiche suisse \u00e0 3 p\u00f4les (type 12). (type 12). L&rsquo;adaptateur est \u00e0 usage unique et sert de liaison m\u00e9canique fixe. L&rsquo;adaptateur fixe est tir\u00e9 au moyen de l&rsquo;aide \u00e0 l&rsquo;insertion sur un c\u00e2ble avec une fiche Schuko allemande [&hellip;]<\/p>\n","protected":false},"featured_media":205880,"template":"","meta":{"_acf_changed":false},"product_featured_cat":[],"product_brand":[5203],"product_cat":[4945],"product_tag":[],"class_list":{"0":"post-193209","1":"product","2":"type-product","3":"status-publish","4":"has-post-thumbnail","6":"product_brand-schuko","7":"product_cat-adaptateurs-de-voyage","9":"first","10":"instock","11":"taxable","12":"shipping-taxable","13":"purchasable","14":"product-type-simple"},"acf":[],"yoast_head":"<!-- This site is optimized with the Yoast SEO plugin v27.5 - https:\/\/yoast.com\/product\/yoast-seo-wordpress\/ -->\n<title>Adaptateur fixe Schuko Suisse 3 p\u00f4les - Bantam<\/title>\n<meta name=\"robots\" content=\"index, follow, max-snippet:-1, max-image-preview:large, max-video-preview:-1\" \/>\n<link rel=\"canonical\" href=\"https:\/\/shop.bantam.ch\/fr\/produit\/adaptateur-fixe-schuko-suisse-3-poles\/\" \/>\n<meta property=\"og:locale\" content=\"fr_FR\" \/>\n<meta property=\"og:type\" content=\"article\" \/>\n<meta property=\"og:title\" content=\"Adaptateur fixe Schuko Suisse 3 p\u00f4les - Bantam\" \/>\n<meta property=\"og:description\" content=\"Cet adaptateur fixe est une fiche de transition entre la fiche standard allemande (Schuko CEE7) et la fiche suisse \u00e0 3 p\u00f4les (type 12). (type 12). L&rsquo;adaptateur est \u00e0 usage unique et sert de liaison m\u00e9canique fixe. L&rsquo;adaptateur fixe est tir\u00e9 au moyen de l&rsquo;aide \u00e0 l&rsquo;insertion sur un c\u00e2ble avec une fiche Schuko allemande [&hellip;]\" \/>\n<meta property=\"og:url\" content=\"https:\/\/shop.bantam.ch\/fr\/produit\/adaptateur-fixe-schuko-suisse-3-poles\/\" \/>\n<meta property=\"og:site_name\" content=\"Bantam\" \/>\n<meta property=\"article:modified_time\" content=\"2026-05-02T20:53:22+00:00\" \/>\n<meta property=\"og:image\" content=\"https:\/\/shop.bantam.ch\/wp-content\/uploads\/2024\/05\/Movera-L-9942989100.jpg\" \/>\n\t<meta property=\"og:image:width\" content=\"500\" \/>\n\t<meta property=\"og:image:height\" content=\"500\" \/>\n\t<meta property=\"og:image:type\" content=\"image\/jpeg\" \/>\n<meta name=\"twitter:card\" content=\"summary_large_image\" \/>\n<script type=\"application\/ld+json\" class=\"yoast-schema-graph\">{\"@context\":\"https:\\\/\\\/schema.org\",\"@graph\":[{\"@type\":\"WebPage\",\"@id\":\"https:\\\/\\\/shop.bantam.ch\\\/fr\\\/produit\\\/adaptateur-fixe-schuko-suisse-3-poles\\\/\",\"url\":\"https:\\\/\\\/shop.bantam.ch\\\/fr\\\/produit\\\/adaptateur-fixe-schuko-suisse-3-poles\\\/\",\"name\":\"Adaptateur fixe Schuko Suisse 3 p\u00f4les - Bantam\",\"isPartOf\":{\"@id\":\"https:\\\/\\\/shop.bantam.ch\\\/fr\\\/#website\"},\"primaryImageOfPage\":{\"@id\":\"https:\\\/\\\/shop.bantam.ch\\\/fr\\\/produit\\\/adaptateur-fixe-schuko-suisse-3-poles\\\/#primaryimage\"},\"image\":{\"@id\":\"https:\\\/\\\/shop.bantam.ch\\\/fr\\\/produit\\\/adaptateur-fixe-schuko-suisse-3-poles\\\/#primaryimage\"},\"thumbnailUrl\":\"https:\\\/\\\/shop.bantam.ch\\\/wp-content\\\/uploads\\\/2024\\\/09\\\/Movera-L-9942989100.jpg\",\"datePublished\":\"2024-05-15T12:20:47+00:00\",\"dateModified\":\"2026-05-02T20:53:22+00:00\",\"breadcrumb\":{\"@id\":\"https:\\\/\\\/shop.bantam.ch\\\/fr\\\/produit\\\/adaptateur-fixe-schuko-suisse-3-poles\\\/#breadcrumb\"},\"inLanguage\":\"fr-FR\",\"potentialAction\":[{\"@type\":\"ReadAction\",\"target\":[\"https:\\\/\\\/shop.bantam.ch\\\/fr\\\/produit\\\/adaptateur-fixe-schuko-suisse-3-poles\\\/\"]}]},{\"@type\":\"ImageObject\",\"inLanguage\":\"fr-FR\",\"@id\":\"https:\\\/\\\/shop.bantam.ch\\\/fr\\\/produit\\\/adaptateur-fixe-schuko-suisse-3-poles\\\/#primaryimage\",\"url\":\"https:\\\/\\\/shop.bantam.ch\\\/wp-content\\\/uploads\\\/2024\\\/09\\\/Movera-L-9942989100.jpg\",\"contentUrl\":\"https:\\\/\\\/shop.bantam.ch\\\/wp-content\\\/uploads\\\/2024\\\/09\\\/Movera-L-9942989100.jpg\",\"width\":500,\"height\":500},{\"@type\":\"BreadcrumbList\",\"@id\":\"https:\\\/\\\/shop.bantam.ch\\\/fr\\\/produit\\\/adaptateur-fixe-schuko-suisse-3-poles\\\/#breadcrumb\",\"itemListElement\":[{\"@type\":\"ListItem\",\"position\":1,\"name\":\"Accueil\",\"item\":\"https:\\\/\\\/shop.bantam.ch\\\/fr\\\/\"},{\"@type\":\"ListItem\",\"position\":2,\"name\":\"Boutique\",\"item\":\"https:\\\/\\\/shop.bantam.ch\\\/fr\\\/boutique\\\/\"},{\"@type\":\"ListItem\",\"position\":3,\"name\":\"Adaptateur fixe Schuko Suisse 3 p\u00f4les\"}]},{\"@type\":\"WebSite\",\"@id\":\"https:\\\/\\\/shop.bantam.ch\\\/fr\\\/#website\",\"url\":\"https:\\\/\\\/shop.bantam.ch\\\/fr\\\/\",\"name\":\"Bantam\",\"description\":\"\",\"publisher\":{\"@id\":\"https:\\\/\\\/shop.bantam.ch\\\/fr\\\/#organization\"},\"inLanguage\":\"fr-FR\"},{\"@type\":\"Organization\",\"@id\":\"https:\\\/\\\/shop.bantam.ch\\\/fr\\\/#organization\",\"name\":\"Bantam\",\"url\":\"https:\\\/\\\/shop.bantam.ch\\\/fr\\\/\",\"logo\":{\"@type\":\"ImageObject\",\"inLanguage\":\"fr-FR\",\"@id\":\"https:\\\/\\\/shop.bantam.ch\\\/fr\\\/#\\\/schema\\\/logo\\\/image\\\/\",\"url\":\"https:\\\/\\\/shop.bantam.ch\\\/wp-content\\\/uploads\\\/2022\\\/12\\\/bantam-logo.png\",\"contentUrl\":\"https:\\\/\\\/shop.bantam.ch\\\/wp-content\\\/uploads\\\/2022\\\/12\\\/bantam-logo.png\",\"width\":320,\"height\":71,\"caption\":\"Bantam\"},\"image\":{\"@id\":\"https:\\\/\\\/shop.bantam.ch\\\/fr\\\/#\\\/schema\\\/logo\\\/image\\\/\"}}]}<\/script>\n<!-- \/ Yoast SEO plugin. -->","yoast_head_json":{"title":"Adaptateur fixe Schuko Suisse 3 p\u00f4les - Bantam","robots":{"index":"index","follow":"follow","max-snippet":"max-snippet:-1","max-image-preview":"max-image-preview:large","max-video-preview":"max-video-preview:-1"},"canonical":"https:\/\/shop.bantam.ch\/fr\/produit\/adaptateur-fixe-schuko-suisse-3-poles\/","og_locale":"fr_FR","og_type":"article","og_title":"Adaptateur fixe Schuko Suisse 3 p\u00f4les - Bantam","og_description":"Cet adaptateur fixe est une fiche de transition entre la fiche standard allemande (Schuko CEE7) et la fiche suisse \u00e0 3 p\u00f4les (type 12). (type 12). L&rsquo;adaptateur est \u00e0 usage unique et sert de liaison m\u00e9canique fixe. L&rsquo;adaptateur fixe est tir\u00e9 au moyen de l&rsquo;aide \u00e0 l&rsquo;insertion sur un c\u00e2ble avec une fiche Schuko allemande [&hellip;]","og_url":"https:\/\/shop.bantam.ch\/fr\/produit\/adaptateur-fixe-schuko-suisse-3-poles\/","og_site_name":"Bantam","article_modified_time":"2026-05-02T20:53:22+00:00","og_image":[{"width":500,"height":500,"url":"https:\/\/shop.bantam.ch\/wp-content\/uploads\/2024\/05\/Movera-L-9942989100.jpg","type":"image\/jpeg"}],"twitter_card":"summary_large_image","schema":{"@context":"https:\/\/schema.org","@graph":[{"@type":"WebPage","@id":"https:\/\/shop.bantam.ch\/fr\/produit\/adaptateur-fixe-schuko-suisse-3-poles\/","url":"https:\/\/shop.bantam.ch\/fr\/produit\/adaptateur-fixe-schuko-suisse-3-poles\/","name":"Adaptateur fixe Schuko Suisse 3 p\u00f4les - Bantam","isPartOf":{"@id":"https:\/\/shop.bantam.ch\/fr\/#website"},"primaryImageOfPage":{"@id":"https:\/\/shop.bantam.ch\/fr\/produit\/adaptateur-fixe-schuko-suisse-3-poles\/#primaryimage"},"image":{"@id":"https:\/\/shop.bantam.ch\/fr\/produit\/adaptateur-fixe-schuko-suisse-3-poles\/#primaryimage"},"thumbnailUrl":"https:\/\/shop.bantam.ch\/wp-content\/uploads\/2024\/09\/Movera-L-9942989100.jpg","datePublished":"2024-05-15T12:20:47+00:00","dateModified":"2026-05-02T20:53:22+00:00","breadcrumb":{"@id":"https:\/\/shop.bantam.ch\/fr\/produit\/adaptateur-fixe-schuko-suisse-3-poles\/#breadcrumb"},"inLanguage":"fr-FR","potentialAction":[{"@type":"ReadAction","target":["https:\/\/shop.bantam.ch\/fr\/produit\/adaptateur-fixe-schuko-suisse-3-poles\/"]}]},{"@type":"ImageObject","inLanguage":"fr-FR","@id":"https:\/\/shop.bantam.ch\/fr\/produit\/adaptateur-fixe-schuko-suisse-3-poles\/#primaryimage","url":"https:\/\/shop.bantam.ch\/wp-content\/uploads\/2024\/09\/Movera-L-9942989100.jpg","contentUrl":"https:\/\/shop.bantam.ch\/wp-content\/uploads\/2024\/09\/Movera-L-9942989100.jpg","width":500,"height":500},{"@type":"BreadcrumbList","@id":"https:\/\/shop.bantam.ch\/fr\/produit\/adaptateur-fixe-schuko-suisse-3-poles\/#breadcrumb","itemListElement":[{"@type":"ListItem","position":1,"name":"Accueil","item":"https:\/\/shop.bantam.ch\/fr\/"},{"@type":"ListItem","position":2,"name":"Boutique","item":"https:\/\/shop.bantam.ch\/fr\/boutique\/"},{"@type":"ListItem","position":3,"name":"Adaptateur fixe Schuko Suisse 3 p\u00f4les"}]},{"@type":"WebSite","@id":"https:\/\/shop.bantam.ch\/fr\/#website","url":"https:\/\/shop.bantam.ch\/fr\/","name":"Bantam","description":"","publisher":{"@id":"https:\/\/shop.bantam.ch\/fr\/#organization"},"inLanguage":"fr-FR"},{"@type":"Organization","@id":"https:\/\/shop.bantam.ch\/fr\/#organization","name":"Bantam","url":"https:\/\/shop.bantam.ch\/fr\/","logo":{"@type":"ImageObject","inLanguage":"fr-FR","@id":"https:\/\/shop.bantam.ch\/fr\/#\/schema\/logo\/image\/","url":"https:\/\/shop.bantam.ch\/wp-content\/uploads\/2022\/12\/bantam-logo.png","contentUrl":"https:\/\/shop.bantam.ch\/wp-content\/uploads\/2022\/12\/bantam-logo.png","width":320,"height":71,"caption":"Bantam"},"image":{"@id":"https:\/\/shop.bantam.ch\/fr\/#\/schema\/logo\/image\/"}}]}},"_links":{"self":[{"href":"https:\/\/shop.bantam.ch\/fr\/wp-json\/wp\/v2\/product\/193209","targetHints":{"allow":["GET"]}}],"collection":[{"href":"https:\/\/shop.bantam.ch\/fr\/wp-json\/wp\/v2\/product"}],"about":[{"href":"https:\/\/shop.bantam.ch\/fr\/wp-json\/wp\/v2\/types\/product"}],"wp:featuredmedia":[{"embeddable":true,"href":"https:\/\/shop.bantam.ch\/fr\/wp-json\/wp\/v2\/media\/205880"}],"wp:attachment":[{"href":"https:\/\/shop.bantam.ch\/fr\/wp-json\/wp\/v2\/media?parent=193209"}],"wp:term":[{"taxonomy":"product_featured_cat","embeddable":true,"href":"https:\/\/shop.bantam.ch\/fr\/wp-json\/wp\/v2\/product_featured_cat?post=193209"},{"taxonomy":"product_brand","embeddable":true,"href":"https:\/\/shop.bantam.ch\/fr\/wp-json\/wp\/v2\/product_brand?post=193209"},{"taxonomy":"product_cat","embeddable":true,"href":"https:\/\/shop.bantam.ch\/fr\/wp-json\/wp\/v2\/product_cat?post=193209"},{"taxonomy":"product_tag","embeddable":true,"href":"https:\/\/shop.bantam.ch\/fr\/wp-json\/wp\/v2\/product_tag?post=193209"}],"curies":[{"name":"wp","href":"https:\/\/api.w.org\/{rel}","templated":true}]}}