{"id":193187,"date":"2024-05-15T14:20:18","date_gmt":"2024-05-15T12:20:18","guid":{"rendered":"https:\/\/shop.bantam.ch\/produit\/klettfix-infinity-25-x-50-cm-contenu-5-pieces\/"},"modified":"2026-04-17T22:56:58","modified_gmt":"2026-04-17T20:56:58","slug":"klettfix-infinity-25-x-50-cm-contenu-5-pieces","status":"publish","type":"product","link":"https:\/\/shop.bantam.ch\/fr\/produit\/klettfix-infinity-25-x-50-cm-contenu-5-pieces\/","title":{"rendered":"KLETTfix INFINITY 2,5 x 50\u00a0cm, contenu 5 pi\u00e8ces"},"content":{"rendered":"<p>Avec nos sangles velcro express de haute qualit\u00e9, fabriqu\u00e9es en Allemagne, vous pouvez tendre tout ce que vous voulez tr\u00e8s rapidement, de mani\u00e8re tr\u00e8s flexible. Avec un chevauchement de fermeture de 10 cm, r\u00e9sistance d&rsquo;au moins 25 kg.<\/p>\n","protected":false},"excerpt":{"rendered":"<p>Avec nos sangles velcro express de haute qualit\u00e9, fabriqu\u00e9es en Allemagne, vous pouvez tendre tout ce que vous voulez tr\u00e8s rapidement, de mani\u00e8re tr\u00e8s flexible. Avec un chevauchement de fermeture de 10 cm, r\u00e9sistance d&rsquo;au moins 25 kg.<\/p>\n","protected":false},"featured_media":205866,"template":"","meta":{"_acf_changed":false},"product_featured_cat":[],"product_brand":[3574],"product_cat":[4253],"product_tag":[],"class_list":{"0":"post-193187","1":"product","2":"type-product","3":"status-publish","4":"has-post-thumbnail","6":"product_brand-klettfix-infinity","7":"product_cat-accessoires-de-montage","9":"first","10":"instock","11":"taxable","12":"shipping-taxable","13":"purchasable","14":"product-type-simple"},"acf":[],"yoast_head":"<!-- This site is optimized with the Yoast SEO plugin v27.4 - https:\/\/yoast.com\/product\/yoast-seo-wordpress\/ -->\n<title>KLETTfix INFINITY 2,5 x 50\u00a0cm, contenu 5 pi\u00e8ces - Bantam Wankm\u00fcller SA<\/title>\n<meta name=\"robots\" content=\"index, follow, max-snippet:-1, max-image-preview:large, max-video-preview:-1\" \/>\n<link rel=\"canonical\" href=\"https:\/\/shop.bantam.ch\/fr\/produit\/klettfix-infinity-25-x-50-cm-contenu-5-pieces\/\" \/>\n<meta property=\"og:locale\" content=\"fr_FR\" \/>\n<meta property=\"og:type\" content=\"article\" \/>\n<meta property=\"og:title\" content=\"KLETTfix INFINITY 2,5 x 50\u00a0cm, contenu 5 pi\u00e8ces - Bantam Wankm\u00fcller SA\" \/>\n<meta property=\"og:description\" content=\"Avec nos sangles velcro express de haute qualit\u00e9, fabriqu\u00e9es en Allemagne, vous pouvez tendre tout ce que vous voulez tr\u00e8s rapidement, de mani\u00e8re tr\u00e8s flexible. Avec un chevauchement de fermeture de 10 cm, r\u00e9sistance d&rsquo;au moins 25 kg.\" \/>\n<meta property=\"og:url\" content=\"https:\/\/shop.bantam.ch\/fr\/produit\/klettfix-infinity-25-x-50-cm-contenu-5-pieces\/\" \/>\n<meta property=\"og:site_name\" content=\"Bantam Wankm\u00fcller SA\" \/>\n<meta property=\"article:modified_time\" content=\"2026-04-17T20:56:58+00:00\" \/>\n<meta property=\"og:image\" content=\"https:\/\/shop.bantam.ch\/wp-content\/uploads\/2024\/05\/Movera-L-9944113200.jpg\" \/>\n\t<meta property=\"og:image:width\" content=\"640\" \/>\n\t<meta property=\"og:image:height\" content=\"205\" \/>\n\t<meta property=\"og:image:type\" content=\"image\/jpeg\" \/>\n<meta name=\"twitter:card\" content=\"summary_large_image\" \/>\n<script type=\"application\/ld+json\" class=\"yoast-schema-graph\">{\"@context\":\"https:\\\/\\\/schema.org\",\"@graph\":[{\"@type\":\"WebPage\",\"@id\":\"https:\\\/\\\/shop.bantam.ch\\\/fr\\\/produit\\\/klettfix-infinity-25-x-50-cm-contenu-5-pieces\\\/\",\"url\":\"https:\\\/\\\/shop.bantam.ch\\\/fr\\\/produit\\\/klettfix-infinity-25-x-50-cm-contenu-5-pieces\\\/\",\"name\":\"KLETTfix INFINITY 2,5 x 50\u00a0cm, contenu 5 pi\u00e8ces - Bantam Wankm\u00fcller SA\",\"isPartOf\":{\"@id\":\"https:\\\/\\\/shop.bantam.ch\\\/fr\\\/#website\"},\"primaryImageOfPage\":{\"@id\":\"https:\\\/\\\/shop.bantam.ch\\\/fr\\\/produit\\\/klettfix-infinity-25-x-50-cm-contenu-5-pieces\\\/#primaryimage\"},\"image\":{\"@id\":\"https:\\\/\\\/shop.bantam.ch\\\/fr\\\/produit\\\/klettfix-infinity-25-x-50-cm-contenu-5-pieces\\\/#primaryimage\"},\"thumbnailUrl\":\"https:\\\/\\\/shop.bantam.ch\\\/wp-content\\\/uploads\\\/2024\\\/09\\\/Movera-L-9944113200.jpg\",\"datePublished\":\"2024-05-15T12:20:18+00:00\",\"dateModified\":\"2026-04-17T20:56:58+00:00\",\"breadcrumb\":{\"@id\":\"https:\\\/\\\/shop.bantam.ch\\\/fr\\\/produit\\\/klettfix-infinity-25-x-50-cm-contenu-5-pieces\\\/#breadcrumb\"},\"inLanguage\":\"fr-FR\",\"potentialAction\":[{\"@type\":\"ReadAction\",\"target\":[\"https:\\\/\\\/shop.bantam.ch\\\/fr\\\/produit\\\/klettfix-infinity-25-x-50-cm-contenu-5-pieces\\\/\"]}]},{\"@type\":\"ImageObject\",\"inLanguage\":\"fr-FR\",\"@id\":\"https:\\\/\\\/shop.bantam.ch\\\/fr\\\/produit\\\/klettfix-infinity-25-x-50-cm-contenu-5-pieces\\\/#primaryimage\",\"url\":\"https:\\\/\\\/shop.bantam.ch\\\/wp-content\\\/uploads\\\/2024\\\/09\\\/Movera-L-9944113200.jpg\",\"contentUrl\":\"https:\\\/\\\/shop.bantam.ch\\\/wp-content\\\/uploads\\\/2024\\\/09\\\/Movera-L-9944113200.jpg\",\"width\":640,\"height\":205},{\"@type\":\"BreadcrumbList\",\"@id\":\"https:\\\/\\\/shop.bantam.ch\\\/fr\\\/produit\\\/klettfix-infinity-25-x-50-cm-contenu-5-pieces\\\/#breadcrumb\",\"itemListElement\":[{\"@type\":\"ListItem\",\"position\":1,\"name\":\"Accueil\",\"item\":\"https:\\\/\\\/shop.bantam.ch\\\/fr\\\/\"},{\"@type\":\"ListItem\",\"position\":2,\"name\":\"Boutique\",\"item\":\"https:\\\/\\\/shop.bantam.ch\\\/fr\\\/boutique\\\/\"},{\"@type\":\"ListItem\",\"position\":3,\"name\":\"KLETTfix INFINITY 2,5 x 50\u00a0cm, contenu 5 pi\u00e8ces\"}]},{\"@type\":\"WebSite\",\"@id\":\"https:\\\/\\\/shop.bantam.ch\\\/fr\\\/#website\",\"url\":\"https:\\\/\\\/shop.bantam.ch\\\/fr\\\/\",\"name\":\"Bantam Wankm\u00fcller SA\",\"description\":\"\",\"publisher\":{\"@id\":\"https:\\\/\\\/shop.bantam.ch\\\/fr\\\/#organization\"},\"inLanguage\":\"fr-FR\"},{\"@type\":\"Organization\",\"@id\":\"https:\\\/\\\/shop.bantam.ch\\\/fr\\\/#organization\",\"name\":\"Bantam Wankm\u00fcller SA\",\"url\":\"https:\\\/\\\/shop.bantam.ch\\\/fr\\\/\",\"logo\":{\"@type\":\"ImageObject\",\"inLanguage\":\"fr-FR\",\"@id\":\"https:\\\/\\\/shop.bantam.ch\\\/fr\\\/#\\\/schema\\\/logo\\\/image\\\/\",\"url\":\"https:\\\/\\\/shop.bantam.ch\\\/wp-content\\\/uploads\\\/2022\\\/12\\\/bantam-logo.png\",\"contentUrl\":\"https:\\\/\\\/shop.bantam.ch\\\/wp-content\\\/uploads\\\/2022\\\/12\\\/bantam-logo.png\",\"width\":320,\"height\":71,\"caption\":\"Bantam Wankm\u00fcller SA\"},\"image\":{\"@id\":\"https:\\\/\\\/shop.bantam.ch\\\/fr\\\/#\\\/schema\\\/logo\\\/image\\\/\"}}]}<\/script>\n<!-- \/ Yoast SEO plugin. -->","yoast_head_json":{"title":"KLETTfix INFINITY 2,5 x 50\u00a0cm, contenu 5 pi\u00e8ces - Bantam Wankm\u00fcller SA","robots":{"index":"index","follow":"follow","max-snippet":"max-snippet:-1","max-image-preview":"max-image-preview:large","max-video-preview":"max-video-preview:-1"},"canonical":"https:\/\/shop.bantam.ch\/fr\/produit\/klettfix-infinity-25-x-50-cm-contenu-5-pieces\/","og_locale":"fr_FR","og_type":"article","og_title":"KLETTfix INFINITY 2,5 x 50\u00a0cm, contenu 5 pi\u00e8ces - Bantam Wankm\u00fcller SA","og_description":"Avec nos sangles velcro express de haute qualit\u00e9, fabriqu\u00e9es en Allemagne, vous pouvez tendre tout ce que vous voulez tr\u00e8s rapidement, de mani\u00e8re tr\u00e8s flexible. Avec un chevauchement de fermeture de 10 cm, r\u00e9sistance d&rsquo;au moins 25 kg.","og_url":"https:\/\/shop.bantam.ch\/fr\/produit\/klettfix-infinity-25-x-50-cm-contenu-5-pieces\/","og_site_name":"Bantam Wankm\u00fcller SA","article_modified_time":"2026-04-17T20:56:58+00:00","og_image":[{"width":640,"height":205,"url":"https:\/\/shop.bantam.ch\/wp-content\/uploads\/2024\/05\/Movera-L-9944113200.jpg","type":"image\/jpeg"}],"twitter_card":"summary_large_image","schema":{"@context":"https:\/\/schema.org","@graph":[{"@type":"WebPage","@id":"https:\/\/shop.bantam.ch\/fr\/produit\/klettfix-infinity-25-x-50-cm-contenu-5-pieces\/","url":"https:\/\/shop.bantam.ch\/fr\/produit\/klettfix-infinity-25-x-50-cm-contenu-5-pieces\/","name":"KLETTfix INFINITY 2,5 x 50\u00a0cm, contenu 5 pi\u00e8ces - Bantam Wankm\u00fcller SA","isPartOf":{"@id":"https:\/\/shop.bantam.ch\/fr\/#website"},"primaryImageOfPage":{"@id":"https:\/\/shop.bantam.ch\/fr\/produit\/klettfix-infinity-25-x-50-cm-contenu-5-pieces\/#primaryimage"},"image":{"@id":"https:\/\/shop.bantam.ch\/fr\/produit\/klettfix-infinity-25-x-50-cm-contenu-5-pieces\/#primaryimage"},"thumbnailUrl":"https:\/\/shop.bantam.ch\/wp-content\/uploads\/2024\/09\/Movera-L-9944113200.jpg","datePublished":"2024-05-15T12:20:18+00:00","dateModified":"2026-04-17T20:56:58+00:00","breadcrumb":{"@id":"https:\/\/shop.bantam.ch\/fr\/produit\/klettfix-infinity-25-x-50-cm-contenu-5-pieces\/#breadcrumb"},"inLanguage":"fr-FR","potentialAction":[{"@type":"ReadAction","target":["https:\/\/shop.bantam.ch\/fr\/produit\/klettfix-infinity-25-x-50-cm-contenu-5-pieces\/"]}]},{"@type":"ImageObject","inLanguage":"fr-FR","@id":"https:\/\/shop.bantam.ch\/fr\/produit\/klettfix-infinity-25-x-50-cm-contenu-5-pieces\/#primaryimage","url":"https:\/\/shop.bantam.ch\/wp-content\/uploads\/2024\/09\/Movera-L-9944113200.jpg","contentUrl":"https:\/\/shop.bantam.ch\/wp-content\/uploads\/2024\/09\/Movera-L-9944113200.jpg","width":640,"height":205},{"@type":"BreadcrumbList","@id":"https:\/\/shop.bantam.ch\/fr\/produit\/klettfix-infinity-25-x-50-cm-contenu-5-pieces\/#breadcrumb","itemListElement":[{"@type":"ListItem","position":1,"name":"Accueil","item":"https:\/\/shop.bantam.ch\/fr\/"},{"@type":"ListItem","position":2,"name":"Boutique","item":"https:\/\/shop.bantam.ch\/fr\/boutique\/"},{"@type":"ListItem","position":3,"name":"KLETTfix INFINITY 2,5 x 50\u00a0cm, contenu 5 pi\u00e8ces"}]},{"@type":"WebSite","@id":"https:\/\/shop.bantam.ch\/fr\/#website","url":"https:\/\/shop.bantam.ch\/fr\/","name":"Bantam Wankm\u00fcller SA","description":"","publisher":{"@id":"https:\/\/shop.bantam.ch\/fr\/#organization"},"inLanguage":"fr-FR"},{"@type":"Organization","@id":"https:\/\/shop.bantam.ch\/fr\/#organization","name":"Bantam Wankm\u00fcller SA","url":"https:\/\/shop.bantam.ch\/fr\/","logo":{"@type":"ImageObject","inLanguage":"fr-FR","@id":"https:\/\/shop.bantam.ch\/fr\/#\/schema\/logo\/image\/","url":"https:\/\/shop.bantam.ch\/wp-content\/uploads\/2022\/12\/bantam-logo.png","contentUrl":"https:\/\/shop.bantam.ch\/wp-content\/uploads\/2022\/12\/bantam-logo.png","width":320,"height":71,"caption":"Bantam Wankm\u00fcller SA"},"image":{"@id":"https:\/\/shop.bantam.ch\/fr\/#\/schema\/logo\/image\/"}}]}},"_links":{"self":[{"href":"https:\/\/shop.bantam.ch\/fr\/wp-json\/wp\/v2\/product\/193187","targetHints":{"allow":["GET"]}}],"collection":[{"href":"https:\/\/shop.bantam.ch\/fr\/wp-json\/wp\/v2\/product"}],"about":[{"href":"https:\/\/shop.bantam.ch\/fr\/wp-json\/wp\/v2\/types\/product"}],"wp:featuredmedia":[{"embeddable":true,"href":"https:\/\/shop.bantam.ch\/fr\/wp-json\/wp\/v2\/media\/205866"}],"wp:attachment":[{"href":"https:\/\/shop.bantam.ch\/fr\/wp-json\/wp\/v2\/media?parent=193187"}],"wp:term":[{"taxonomy":"product_featured_cat","embeddable":true,"href":"https:\/\/shop.bantam.ch\/fr\/wp-json\/wp\/v2\/product_featured_cat?post=193187"},{"taxonomy":"product_brand","embeddable":true,"href":"https:\/\/shop.bantam.ch\/fr\/wp-json\/wp\/v2\/product_brand?post=193187"},{"taxonomy":"product_cat","embeddable":true,"href":"https:\/\/shop.bantam.ch\/fr\/wp-json\/wp\/v2\/product_cat?post=193187"},{"taxonomy":"product_tag","embeddable":true,"href":"https:\/\/shop.bantam.ch\/fr\/wp-json\/wp\/v2\/product_tag?post=193187"}],"curies":[{"name":"wp","href":"https:\/\/api.w.org\/{rel}","templated":true}]}}