{"id":193077,"date":"2024-05-15T14:16:30","date_gmt":"2024-05-15T12:16:30","guid":{"rendered":"https:\/\/shop.bantam.ch\/produit\/bande-detancheite-sika-sikamultiseal-bt-3-x-100-mm-autocollant\/"},"modified":"2026-04-18T22:59:34","modified_gmt":"2026-04-18T20:59:34","slug":"bande-detancheite-sika-sikamultiseal-bt-3-x-100-mm-autocollant","status":"publish","type":"product","link":"https:\/\/shop.bantam.ch\/fr\/produit\/bande-detancheite-sika-sikamultiseal-bt-3-x-100-mm-autocollant\/","title":{"rendered":"Bande d\u2019\u00e9tanch\u00e9it\u00e9 Sika SikaMultiSeal BT 3 x 100 mm Autocollant"},"content":{"rendered":"<p>Sika\u00ae MultiSeal BT est une bande d&rsquo;\u00e9tanch\u00e9it\u00e9 autocollante, compos\u00e9e d&rsquo;un assemblage de caoutchouc butyle avec un film m\u00e9tallique renforc\u00e9 en aluminium.<br \/>\nPour l&rsquo;\u00e9tanch\u00e9it\u00e9 et les r\u00e9parations rapides contre l&rsquo;humidit\u00e9 et les courants d&rsquo;air. \u00c9galement utilisable dans la zone visible, par exemple pour la r\u00e9paration et l&rsquo;\u00e9tanch\u00e9it\u00e9 de caravanes et autres v\u00e9hicules ou conteneurs.<\/p>\n<p>&nbsp;<\/p>\n<p>&nbsp;<\/p>\n<ul>\n<li>Autocollant<\/li>\n<li>Tr\u00e8s facile \u00e0 appliquer<\/li>\n<li>Adh\u00e9rence parfaite sur de nombreux supports, m\u00eame \u00e0 basse temp\u00e9rature<\/li>\n<p>.<\/p>\n<li>Bonne stabilit\u00e9 thermique<\/li>\n<li>Pas de fluage sous l&rsquo;influence de la chaleur<\/li>\n<p>.<\/p>\n<li>R\u00e9sistance aux intemp\u00e9ries et aux UV<\/li>\n<li>Sans solvants<\/li>\n<li>Possible \u00e0 peindre<\/li>\n<li>&nbsp;<\/li>\n<\/ul>\n","protected":false},"excerpt":{"rendered":"<p>Sika\u00ae MultiSeal BT est une bande d&rsquo;\u00e9tanch\u00e9it\u00e9 autocollante, compos\u00e9e d&rsquo;un assemblage de caoutchouc butyle avec un film m\u00e9tallique renforc\u00e9 en aluminium. Pour l&rsquo;\u00e9tanch\u00e9it\u00e9 et les r\u00e9parations rapides contre l&rsquo;humidit\u00e9 et les courants d&rsquo;air. \u00c9galement utilisable dans la zone visible, par exemple pour la r\u00e9paration et l&rsquo;\u00e9tanch\u00e9it\u00e9 de caravanes et autres v\u00e9hicules ou conteneurs. &nbsp; &nbsp; [&hellip;]<\/p>\n","protected":false},"featured_media":205798,"template":"","meta":{"_acf_changed":false},"product_featured_cat":[],"product_brand":[5195],"product_cat":[5083],"product_tag":[],"class_list":{"0":"post-193077","1":"product","2":"type-product","3":"status-publish","4":"has-post-thumbnail","6":"product_brand-sika-2","7":"product_cat-rubans-detancheite","9":"first","10":"instock","11":"taxable","12":"shipping-taxable","13":"purchasable","14":"product-type-simple"},"acf":[],"yoast_head":"<!-- This site is optimized with the Yoast SEO plugin v27.4 - https:\/\/yoast.com\/product\/yoast-seo-wordpress\/ -->\n<title>Bande d\u2019\u00e9tanch\u00e9it\u00e9 Sika SikaMultiSeal BT 3 x 100 mm Autocollant - Bantam Wankm\u00fcller SA<\/title>\n<meta name=\"robots\" content=\"index, follow, max-snippet:-1, max-image-preview:large, max-video-preview:-1\" \/>\n<link rel=\"canonical\" href=\"https:\/\/shop.bantam.ch\/fr\/produit\/bande-detancheite-sika-sikamultiseal-bt-3-x-100-mm-autocollant\/\" \/>\n<meta property=\"og:locale\" content=\"fr_FR\" \/>\n<meta property=\"og:type\" content=\"article\" \/>\n<meta property=\"og:title\" content=\"Bande d\u2019\u00e9tanch\u00e9it\u00e9 Sika SikaMultiSeal BT 3 x 100 mm Autocollant - Bantam Wankm\u00fcller SA\" \/>\n<meta property=\"og:description\" content=\"Sika\u00ae MultiSeal BT est une bande d&rsquo;\u00e9tanch\u00e9it\u00e9 autocollante, compos\u00e9e d&rsquo;un assemblage de caoutchouc butyle avec un film m\u00e9tallique renforc\u00e9 en aluminium. Pour l&rsquo;\u00e9tanch\u00e9it\u00e9 et les r\u00e9parations rapides contre l&rsquo;humidit\u00e9 et les courants d&rsquo;air. \u00c9galement utilisable dans la zone visible, par exemple pour la r\u00e9paration et l&rsquo;\u00e9tanch\u00e9it\u00e9 de caravanes et autres v\u00e9hicules ou conteneurs. &nbsp; &nbsp; [&hellip;]\" \/>\n<meta property=\"og:url\" content=\"https:\/\/shop.bantam.ch\/fr\/produit\/bande-detancheite-sika-sikamultiseal-bt-3-x-100-mm-autocollant\/\" \/>\n<meta property=\"og:site_name\" content=\"Bantam Wankm\u00fcller SA\" \/>\n<meta property=\"article:modified_time\" content=\"2026-04-18T20:59:34+00:00\" \/>\n<meta property=\"og:image\" content=\"https:\/\/shop.bantam.ch\/wp-content\/uploads\/2024\/05\/Movera-L-9939579100.jpg\" \/>\n\t<meta property=\"og:image:width\" content=\"640\" \/>\n\t<meta property=\"og:image:height\" content=\"640\" \/>\n\t<meta property=\"og:image:type\" content=\"image\/jpeg\" \/>\n<meta name=\"twitter:card\" content=\"summary_large_image\" \/>\n<meta name=\"twitter:label1\" content=\"Dur\u00e9e de lecture estim\u00e9e\" \/>\n\t<meta name=\"twitter:data1\" content=\"1 minute\" \/>\n<script type=\"application\/ld+json\" class=\"yoast-schema-graph\">{\"@context\":\"https:\\\/\\\/schema.org\",\"@graph\":[{\"@type\":\"WebPage\",\"@id\":\"https:\\\/\\\/shop.bantam.ch\\\/fr\\\/produit\\\/bande-detancheite-sika-sikamultiseal-bt-3-x-100-mm-autocollant\\\/\",\"url\":\"https:\\\/\\\/shop.bantam.ch\\\/fr\\\/produit\\\/bande-detancheite-sika-sikamultiseal-bt-3-x-100-mm-autocollant\\\/\",\"name\":\"Bande d\u2019\u00e9tanch\u00e9it\u00e9 Sika SikaMultiSeal BT 3 x 100 mm Autocollant - Bantam Wankm\u00fcller SA\",\"isPartOf\":{\"@id\":\"https:\\\/\\\/shop.bantam.ch\\\/fr\\\/#website\"},\"primaryImageOfPage\":{\"@id\":\"https:\\\/\\\/shop.bantam.ch\\\/fr\\\/produit\\\/bande-detancheite-sika-sikamultiseal-bt-3-x-100-mm-autocollant\\\/#primaryimage\"},\"image\":{\"@id\":\"https:\\\/\\\/shop.bantam.ch\\\/fr\\\/produit\\\/bande-detancheite-sika-sikamultiseal-bt-3-x-100-mm-autocollant\\\/#primaryimage\"},\"thumbnailUrl\":\"https:\\\/\\\/shop.bantam.ch\\\/wp-content\\\/uploads\\\/2024\\\/09\\\/Movera-L-9939579100.jpg\",\"datePublished\":\"2024-05-15T12:16:30+00:00\",\"dateModified\":\"2026-04-18T20:59:34+00:00\",\"breadcrumb\":{\"@id\":\"https:\\\/\\\/shop.bantam.ch\\\/fr\\\/produit\\\/bande-detancheite-sika-sikamultiseal-bt-3-x-100-mm-autocollant\\\/#breadcrumb\"},\"inLanguage\":\"fr-FR\",\"potentialAction\":[{\"@type\":\"ReadAction\",\"target\":[\"https:\\\/\\\/shop.bantam.ch\\\/fr\\\/produit\\\/bande-detancheite-sika-sikamultiseal-bt-3-x-100-mm-autocollant\\\/\"]}]},{\"@type\":\"ImageObject\",\"inLanguage\":\"fr-FR\",\"@id\":\"https:\\\/\\\/shop.bantam.ch\\\/fr\\\/produit\\\/bande-detancheite-sika-sikamultiseal-bt-3-x-100-mm-autocollant\\\/#primaryimage\",\"url\":\"https:\\\/\\\/shop.bantam.ch\\\/wp-content\\\/uploads\\\/2024\\\/09\\\/Movera-L-9939579100.jpg\",\"contentUrl\":\"https:\\\/\\\/shop.bantam.ch\\\/wp-content\\\/uploads\\\/2024\\\/09\\\/Movera-L-9939579100.jpg\",\"width\":640,\"height\":640},{\"@type\":\"BreadcrumbList\",\"@id\":\"https:\\\/\\\/shop.bantam.ch\\\/fr\\\/produit\\\/bande-detancheite-sika-sikamultiseal-bt-3-x-100-mm-autocollant\\\/#breadcrumb\",\"itemListElement\":[{\"@type\":\"ListItem\",\"position\":1,\"name\":\"Accueil\",\"item\":\"https:\\\/\\\/shop.bantam.ch\\\/fr\\\/\"},{\"@type\":\"ListItem\",\"position\":2,\"name\":\"Boutique\",\"item\":\"https:\\\/\\\/shop.bantam.ch\\\/fr\\\/boutique\\\/\"},{\"@type\":\"ListItem\",\"position\":3,\"name\":\"Bande d\u2019\u00e9tanch\u00e9it\u00e9 Sika SikaMultiSeal BT 3 x 100 mm Autocollant\"}]},{\"@type\":\"WebSite\",\"@id\":\"https:\\\/\\\/shop.bantam.ch\\\/fr\\\/#website\",\"url\":\"https:\\\/\\\/shop.bantam.ch\\\/fr\\\/\",\"name\":\"Bantam Wankm\u00fcller SA\",\"description\":\"\",\"publisher\":{\"@id\":\"https:\\\/\\\/shop.bantam.ch\\\/fr\\\/#organization\"},\"inLanguage\":\"fr-FR\"},{\"@type\":\"Organization\",\"@id\":\"https:\\\/\\\/shop.bantam.ch\\\/fr\\\/#organization\",\"name\":\"Bantam Wankm\u00fcller SA\",\"url\":\"https:\\\/\\\/shop.bantam.ch\\\/fr\\\/\",\"logo\":{\"@type\":\"ImageObject\",\"inLanguage\":\"fr-FR\",\"@id\":\"https:\\\/\\\/shop.bantam.ch\\\/fr\\\/#\\\/schema\\\/logo\\\/image\\\/\",\"url\":\"https:\\\/\\\/shop.bantam.ch\\\/wp-content\\\/uploads\\\/2022\\\/12\\\/bantam-logo.png\",\"contentUrl\":\"https:\\\/\\\/shop.bantam.ch\\\/wp-content\\\/uploads\\\/2022\\\/12\\\/bantam-logo.png\",\"width\":320,\"height\":71,\"caption\":\"Bantam Wankm\u00fcller SA\"},\"image\":{\"@id\":\"https:\\\/\\\/shop.bantam.ch\\\/fr\\\/#\\\/schema\\\/logo\\\/image\\\/\"}}]}<\/script>\n<!-- \/ Yoast SEO plugin. -->","yoast_head_json":{"title":"Bande d\u2019\u00e9tanch\u00e9it\u00e9 Sika SikaMultiSeal BT 3 x 100 mm Autocollant - Bantam Wankm\u00fcller SA","robots":{"index":"index","follow":"follow","max-snippet":"max-snippet:-1","max-image-preview":"max-image-preview:large","max-video-preview":"max-video-preview:-1"},"canonical":"https:\/\/shop.bantam.ch\/fr\/produit\/bande-detancheite-sika-sikamultiseal-bt-3-x-100-mm-autocollant\/","og_locale":"fr_FR","og_type":"article","og_title":"Bande d\u2019\u00e9tanch\u00e9it\u00e9 Sika SikaMultiSeal BT 3 x 100 mm Autocollant - Bantam Wankm\u00fcller SA","og_description":"Sika\u00ae MultiSeal BT est une bande d&rsquo;\u00e9tanch\u00e9it\u00e9 autocollante, compos\u00e9e d&rsquo;un assemblage de caoutchouc butyle avec un film m\u00e9tallique renforc\u00e9 en aluminium. Pour l&rsquo;\u00e9tanch\u00e9it\u00e9 et les r\u00e9parations rapides contre l&rsquo;humidit\u00e9 et les courants d&rsquo;air. \u00c9galement utilisable dans la zone visible, par exemple pour la r\u00e9paration et l&rsquo;\u00e9tanch\u00e9it\u00e9 de caravanes et autres v\u00e9hicules ou conteneurs. &nbsp; &nbsp; [&hellip;]","og_url":"https:\/\/shop.bantam.ch\/fr\/produit\/bande-detancheite-sika-sikamultiseal-bt-3-x-100-mm-autocollant\/","og_site_name":"Bantam Wankm\u00fcller SA","article_modified_time":"2026-04-18T20:59:34+00:00","og_image":[{"width":640,"height":640,"url":"https:\/\/shop.bantam.ch\/wp-content\/uploads\/2024\/05\/Movera-L-9939579100.jpg","type":"image\/jpeg"}],"twitter_card":"summary_large_image","twitter_misc":{"Dur\u00e9e de lecture estim\u00e9e":"1 minute"},"schema":{"@context":"https:\/\/schema.org","@graph":[{"@type":"WebPage","@id":"https:\/\/shop.bantam.ch\/fr\/produit\/bande-detancheite-sika-sikamultiseal-bt-3-x-100-mm-autocollant\/","url":"https:\/\/shop.bantam.ch\/fr\/produit\/bande-detancheite-sika-sikamultiseal-bt-3-x-100-mm-autocollant\/","name":"Bande d\u2019\u00e9tanch\u00e9it\u00e9 Sika SikaMultiSeal BT 3 x 100 mm Autocollant - Bantam Wankm\u00fcller SA","isPartOf":{"@id":"https:\/\/shop.bantam.ch\/fr\/#website"},"primaryImageOfPage":{"@id":"https:\/\/shop.bantam.ch\/fr\/produit\/bande-detancheite-sika-sikamultiseal-bt-3-x-100-mm-autocollant\/#primaryimage"},"image":{"@id":"https:\/\/shop.bantam.ch\/fr\/produit\/bande-detancheite-sika-sikamultiseal-bt-3-x-100-mm-autocollant\/#primaryimage"},"thumbnailUrl":"https:\/\/shop.bantam.ch\/wp-content\/uploads\/2024\/09\/Movera-L-9939579100.jpg","datePublished":"2024-05-15T12:16:30+00:00","dateModified":"2026-04-18T20:59:34+00:00","breadcrumb":{"@id":"https:\/\/shop.bantam.ch\/fr\/produit\/bande-detancheite-sika-sikamultiseal-bt-3-x-100-mm-autocollant\/#breadcrumb"},"inLanguage":"fr-FR","potentialAction":[{"@type":"ReadAction","target":["https:\/\/shop.bantam.ch\/fr\/produit\/bande-detancheite-sika-sikamultiseal-bt-3-x-100-mm-autocollant\/"]}]},{"@type":"ImageObject","inLanguage":"fr-FR","@id":"https:\/\/shop.bantam.ch\/fr\/produit\/bande-detancheite-sika-sikamultiseal-bt-3-x-100-mm-autocollant\/#primaryimage","url":"https:\/\/shop.bantam.ch\/wp-content\/uploads\/2024\/09\/Movera-L-9939579100.jpg","contentUrl":"https:\/\/shop.bantam.ch\/wp-content\/uploads\/2024\/09\/Movera-L-9939579100.jpg","width":640,"height":640},{"@type":"BreadcrumbList","@id":"https:\/\/shop.bantam.ch\/fr\/produit\/bande-detancheite-sika-sikamultiseal-bt-3-x-100-mm-autocollant\/#breadcrumb","itemListElement":[{"@type":"ListItem","position":1,"name":"Accueil","item":"https:\/\/shop.bantam.ch\/fr\/"},{"@type":"ListItem","position":2,"name":"Boutique","item":"https:\/\/shop.bantam.ch\/fr\/boutique\/"},{"@type":"ListItem","position":3,"name":"Bande d\u2019\u00e9tanch\u00e9it\u00e9 Sika SikaMultiSeal BT 3 x 100 mm Autocollant"}]},{"@type":"WebSite","@id":"https:\/\/shop.bantam.ch\/fr\/#website","url":"https:\/\/shop.bantam.ch\/fr\/","name":"Bantam Wankm\u00fcller SA","description":"","publisher":{"@id":"https:\/\/shop.bantam.ch\/fr\/#organization"},"inLanguage":"fr-FR"},{"@type":"Organization","@id":"https:\/\/shop.bantam.ch\/fr\/#organization","name":"Bantam Wankm\u00fcller SA","url":"https:\/\/shop.bantam.ch\/fr\/","logo":{"@type":"ImageObject","inLanguage":"fr-FR","@id":"https:\/\/shop.bantam.ch\/fr\/#\/schema\/logo\/image\/","url":"https:\/\/shop.bantam.ch\/wp-content\/uploads\/2022\/12\/bantam-logo.png","contentUrl":"https:\/\/shop.bantam.ch\/wp-content\/uploads\/2022\/12\/bantam-logo.png","width":320,"height":71,"caption":"Bantam Wankm\u00fcller SA"},"image":{"@id":"https:\/\/shop.bantam.ch\/fr\/#\/schema\/logo\/image\/"}}]}},"_links":{"self":[{"href":"https:\/\/shop.bantam.ch\/fr\/wp-json\/wp\/v2\/product\/193077","targetHints":{"allow":["GET"]}}],"collection":[{"href":"https:\/\/shop.bantam.ch\/fr\/wp-json\/wp\/v2\/product"}],"about":[{"href":"https:\/\/shop.bantam.ch\/fr\/wp-json\/wp\/v2\/types\/product"}],"wp:featuredmedia":[{"embeddable":true,"href":"https:\/\/shop.bantam.ch\/fr\/wp-json\/wp\/v2\/media\/205798"}],"wp:attachment":[{"href":"https:\/\/shop.bantam.ch\/fr\/wp-json\/wp\/v2\/media?parent=193077"}],"wp:term":[{"taxonomy":"product_featured_cat","embeddable":true,"href":"https:\/\/shop.bantam.ch\/fr\/wp-json\/wp\/v2\/product_featured_cat?post=193077"},{"taxonomy":"product_brand","embeddable":true,"href":"https:\/\/shop.bantam.ch\/fr\/wp-json\/wp\/v2\/product_brand?post=193077"},{"taxonomy":"product_cat","embeddable":true,"href":"https:\/\/shop.bantam.ch\/fr\/wp-json\/wp\/v2\/product_cat?post=193077"},{"taxonomy":"product_tag","embeddable":true,"href":"https:\/\/shop.bantam.ch\/fr\/wp-json\/wp\/v2\/product_tag?post=193077"}],"curies":[{"name":"wp","href":"https:\/\/api.w.org\/{rel}","templated":true}]}}