{"id":193039,"date":"2024-05-15T14:15:21","date_gmt":"2024-05-15T12:15:21","guid":{"rendered":"https:\/\/shop.bantam.ch\/produit\/jeu-de-cables-electr-sawiko-by-al-ko-fiat-x250-chassis-a-partir-de-2006-aii-aussi-s8\/"},"modified":"2026-04-18T22:59:26","modified_gmt":"2026-04-18T20:59:26","slug":"jeu-de-cables-electr-sawiko-by-al-ko-fiat-x250-chassis-a-partir-de-2006-aii-aussi-s8","status":"publish","type":"product","link":"https:\/\/shop.bantam.ch\/fr\/produit\/jeu-de-cables-electr-sawiko-by-al-ko-fiat-x250-chassis-a-partir-de-2006-aii-aussi-s8\/","title":{"rendered":"Jeu de c\u00e2bles \u00e9lectr SAWIKO by AL-KO Fiat X250 Chassis \u00e0 partir de 2006 AII aussi S8"},"content":{"rendered":"<p>Kit \u00e9lectrique de qualit\u00e9 sp\u00e9cialement con\u00e7u pour les camping-cars. Ce kit \u00e9lectrique offre une connexion de premi\u00e8re qualit\u00e9 sp\u00e9cifique au v\u00e9hicule, avec des longueurs de c\u00e2ble adapt\u00e9es et des instructions de montage d\u00e9taill\u00e9es. Un passage de c\u00e2ble adapt\u00e9 au kit \u00e9lectrique 13 p\u00f4les sp\u00e9cifique au v\u00e9hicule est d\u00e9j\u00e0 disponible sur votre FIAT DUCATO. Il est possible d&rsquo;\u00e9tendre la prise de remorque pour alimenter un consommateur \u00e9lectrique (positif permanent) ou pour charger une batterie s\u00e9par\u00e9e dans la remorque (c\u00e2ble de charge). Vous avez besoin du kit d&rsquo;extension (art. sur demande) pour l&rsquo;extension de la fonction plus permanent. Avec le kit d&rsquo;extension, vous pouvez commander une solution d&rsquo;\u00e9quipement ult\u00e9rieur combin\u00e9e pour le plus permanent et la ligne de charge.<\/p>\n","protected":false},"excerpt":{"rendered":"<p>Kit \u00e9lectrique de qualit\u00e9 sp\u00e9cialement con\u00e7u pour les camping-cars. Ce kit \u00e9lectrique offre une connexion de premi\u00e8re qualit\u00e9 sp\u00e9cifique au v\u00e9hicule, avec des longueurs de c\u00e2ble adapt\u00e9es et des instructions de montage d\u00e9taill\u00e9es. Un passage de c\u00e2ble adapt\u00e9 au kit \u00e9lectrique 13 p\u00f4les sp\u00e9cifique au v\u00e9hicule est d\u00e9j\u00e0 disponible sur votre FIAT DUCATO. Il est [&hellip;]<\/p>\n","protected":false},"featured_media":205696,"template":"","meta":{"_acf_changed":false},"product_featured_cat":[],"product_brand":[3314],"product_cat":[4795],"product_tag":[],"class_list":{"0":"post-193039","1":"product","2":"type-product","3":"status-publish","4":"has-post-thumbnail","6":"product_brand-sawiko-by-al-ko","7":"product_cat-attelages-de-remorque","9":"first","10":"instock","11":"taxable","12":"shipping-taxable","13":"purchasable","14":"product-type-simple"},"acf":[],"yoast_head":"<!-- This site is optimized with the Yoast SEO plugin v27.4 - https:\/\/yoast.com\/product\/yoast-seo-wordpress\/ -->\n<title>Jeu de c\u00e2bles \u00e9lectr SAWIKO by AL-KO Fiat X250 Chassis \u00e0 partir de 2006 AII aussi S8 - Bantam Wankm\u00fcller SA<\/title>\n<meta name=\"robots\" content=\"index, follow, max-snippet:-1, max-image-preview:large, max-video-preview:-1\" \/>\n<link rel=\"canonical\" href=\"https:\/\/shop.bantam.ch\/fr\/produit\/jeu-de-cables-electr-sawiko-by-al-ko-fiat-x250-chassis-a-partir-de-2006-aii-aussi-s8\/\" \/>\n<meta property=\"og:locale\" content=\"fr_FR\" \/>\n<meta property=\"og:type\" content=\"article\" \/>\n<meta property=\"og:title\" content=\"Jeu de c\u00e2bles \u00e9lectr SAWIKO by AL-KO Fiat X250 Chassis \u00e0 partir de 2006 AII aussi S8 - Bantam Wankm\u00fcller SA\" \/>\n<meta property=\"og:description\" content=\"Kit \u00e9lectrique de qualit\u00e9 sp\u00e9cialement con\u00e7u pour les camping-cars. Ce kit \u00e9lectrique offre une connexion de premi\u00e8re qualit\u00e9 sp\u00e9cifique au v\u00e9hicule, avec des longueurs de c\u00e2ble adapt\u00e9es et des instructions de montage d\u00e9taill\u00e9es. Un passage de c\u00e2ble adapt\u00e9 au kit \u00e9lectrique 13 p\u00f4les sp\u00e9cifique au v\u00e9hicule est d\u00e9j\u00e0 disponible sur votre FIAT DUCATO. Il est [&hellip;]\" \/>\n<meta property=\"og:url\" content=\"https:\/\/shop.bantam.ch\/fr\/produit\/jeu-de-cables-electr-sawiko-by-al-ko-fiat-x250-chassis-a-partir-de-2006-aii-aussi-s8\/\" \/>\n<meta property=\"og:site_name\" content=\"Bantam Wankm\u00fcller SA\" \/>\n<meta property=\"article:modified_time\" content=\"2026-04-18T20:59:26+00:00\" \/>\n<meta property=\"og:image\" content=\"https:\/\/shop.bantam.ch\/wp-content\/uploads\/2024\/09\/Movera-L-9938758100.jpg\" \/>\n\t<meta property=\"og:image:width\" content=\"640\" \/>\n\t<meta property=\"og:image:height\" content=\"523\" \/>\n\t<meta property=\"og:image:type\" content=\"image\/jpeg\" \/>\n<meta name=\"twitter:card\" content=\"summary_large_image\" \/>\n<meta name=\"twitter:label1\" content=\"Dur\u00e9e de lecture estim\u00e9e\" \/>\n\t<meta name=\"twitter:data1\" content=\"1 minute\" \/>\n<script type=\"application\/ld+json\" class=\"yoast-schema-graph\">{\"@context\":\"https:\\\/\\\/schema.org\",\"@graph\":[{\"@type\":\"WebPage\",\"@id\":\"https:\\\/\\\/shop.bantam.ch\\\/fr\\\/produit\\\/jeu-de-cables-electr-sawiko-by-al-ko-fiat-x250-chassis-a-partir-de-2006-aii-aussi-s8\\\/\",\"url\":\"https:\\\/\\\/shop.bantam.ch\\\/fr\\\/produit\\\/jeu-de-cables-electr-sawiko-by-al-ko-fiat-x250-chassis-a-partir-de-2006-aii-aussi-s8\\\/\",\"name\":\"Jeu de c\u00e2bles \u00e9lectr SAWIKO by AL-KO Fiat X250 Chassis \u00e0 partir de 2006 AII aussi S8 - Bantam Wankm\u00fcller SA\",\"isPartOf\":{\"@id\":\"https:\\\/\\\/shop.bantam.ch\\\/fr\\\/#website\"},\"primaryImageOfPage\":{\"@id\":\"https:\\\/\\\/shop.bantam.ch\\\/fr\\\/produit\\\/jeu-de-cables-electr-sawiko-by-al-ko-fiat-x250-chassis-a-partir-de-2006-aii-aussi-s8\\\/#primaryimage\"},\"image\":{\"@id\":\"https:\\\/\\\/shop.bantam.ch\\\/fr\\\/produit\\\/jeu-de-cables-electr-sawiko-by-al-ko-fiat-x250-chassis-a-partir-de-2006-aii-aussi-s8\\\/#primaryimage\"},\"thumbnailUrl\":\"https:\\\/\\\/shop.bantam.ch\\\/wp-content\\\/uploads\\\/2024\\\/09\\\/Movera-L-9938758100.jpg\",\"datePublished\":\"2024-05-15T12:15:21+00:00\",\"dateModified\":\"2026-04-18T20:59:26+00:00\",\"breadcrumb\":{\"@id\":\"https:\\\/\\\/shop.bantam.ch\\\/fr\\\/produit\\\/jeu-de-cables-electr-sawiko-by-al-ko-fiat-x250-chassis-a-partir-de-2006-aii-aussi-s8\\\/#breadcrumb\"},\"inLanguage\":\"fr-FR\",\"potentialAction\":[{\"@type\":\"ReadAction\",\"target\":[\"https:\\\/\\\/shop.bantam.ch\\\/fr\\\/produit\\\/jeu-de-cables-electr-sawiko-by-al-ko-fiat-x250-chassis-a-partir-de-2006-aii-aussi-s8\\\/\"]}]},{\"@type\":\"ImageObject\",\"inLanguage\":\"fr-FR\",\"@id\":\"https:\\\/\\\/shop.bantam.ch\\\/fr\\\/produit\\\/jeu-de-cables-electr-sawiko-by-al-ko-fiat-x250-chassis-a-partir-de-2006-aii-aussi-s8\\\/#primaryimage\",\"url\":\"https:\\\/\\\/shop.bantam.ch\\\/wp-content\\\/uploads\\\/2024\\\/09\\\/Movera-L-9938758100.jpg\",\"contentUrl\":\"https:\\\/\\\/shop.bantam.ch\\\/wp-content\\\/uploads\\\/2024\\\/09\\\/Movera-L-9938758100.jpg\",\"width\":640,\"height\":523},{\"@type\":\"BreadcrumbList\",\"@id\":\"https:\\\/\\\/shop.bantam.ch\\\/fr\\\/produit\\\/jeu-de-cables-electr-sawiko-by-al-ko-fiat-x250-chassis-a-partir-de-2006-aii-aussi-s8\\\/#breadcrumb\",\"itemListElement\":[{\"@type\":\"ListItem\",\"position\":1,\"name\":\"Accueil\",\"item\":\"https:\\\/\\\/shop.bantam.ch\\\/fr\\\/\"},{\"@type\":\"ListItem\",\"position\":2,\"name\":\"Boutique\",\"item\":\"https:\\\/\\\/shop.bantam.ch\\\/fr\\\/boutique\\\/\"},{\"@type\":\"ListItem\",\"position\":3,\"name\":\"Jeu de c\u00e2bles \u00e9lectr SAWIKO by AL-KO Fiat X250 Chassis \u00e0 partir de 2006 AII aussi S8\"}]},{\"@type\":\"WebSite\",\"@id\":\"https:\\\/\\\/shop.bantam.ch\\\/fr\\\/#website\",\"url\":\"https:\\\/\\\/shop.bantam.ch\\\/fr\\\/\",\"name\":\"Bantam Wankm\u00fcller SA\",\"description\":\"\",\"publisher\":{\"@id\":\"https:\\\/\\\/shop.bantam.ch\\\/fr\\\/#organization\"},\"inLanguage\":\"fr-FR\"},{\"@type\":\"Organization\",\"@id\":\"https:\\\/\\\/shop.bantam.ch\\\/fr\\\/#organization\",\"name\":\"Bantam Wankm\u00fcller SA\",\"url\":\"https:\\\/\\\/shop.bantam.ch\\\/fr\\\/\",\"logo\":{\"@type\":\"ImageObject\",\"inLanguage\":\"fr-FR\",\"@id\":\"https:\\\/\\\/shop.bantam.ch\\\/fr\\\/#\\\/schema\\\/logo\\\/image\\\/\",\"url\":\"https:\\\/\\\/shop.bantam.ch\\\/wp-content\\\/uploads\\\/2022\\\/12\\\/bantam-logo.png\",\"contentUrl\":\"https:\\\/\\\/shop.bantam.ch\\\/wp-content\\\/uploads\\\/2022\\\/12\\\/bantam-logo.png\",\"width\":320,\"height\":71,\"caption\":\"Bantam Wankm\u00fcller SA\"},\"image\":{\"@id\":\"https:\\\/\\\/shop.bantam.ch\\\/fr\\\/#\\\/schema\\\/logo\\\/image\\\/\"}}]}<\/script>\n<!-- \/ Yoast SEO plugin. -->","yoast_head_json":{"title":"Jeu de c\u00e2bles \u00e9lectr SAWIKO by AL-KO Fiat X250 Chassis \u00e0 partir de 2006 AII aussi S8 - Bantam Wankm\u00fcller SA","robots":{"index":"index","follow":"follow","max-snippet":"max-snippet:-1","max-image-preview":"max-image-preview:large","max-video-preview":"max-video-preview:-1"},"canonical":"https:\/\/shop.bantam.ch\/fr\/produit\/jeu-de-cables-electr-sawiko-by-al-ko-fiat-x250-chassis-a-partir-de-2006-aii-aussi-s8\/","og_locale":"fr_FR","og_type":"article","og_title":"Jeu de c\u00e2bles \u00e9lectr SAWIKO by AL-KO Fiat X250 Chassis \u00e0 partir de 2006 AII aussi S8 - Bantam Wankm\u00fcller SA","og_description":"Kit \u00e9lectrique de qualit\u00e9 sp\u00e9cialement con\u00e7u pour les camping-cars. Ce kit \u00e9lectrique offre une connexion de premi\u00e8re qualit\u00e9 sp\u00e9cifique au v\u00e9hicule, avec des longueurs de c\u00e2ble adapt\u00e9es et des instructions de montage d\u00e9taill\u00e9es. Un passage de c\u00e2ble adapt\u00e9 au kit \u00e9lectrique 13 p\u00f4les sp\u00e9cifique au v\u00e9hicule est d\u00e9j\u00e0 disponible sur votre FIAT DUCATO. Il est [&hellip;]","og_url":"https:\/\/shop.bantam.ch\/fr\/produit\/jeu-de-cables-electr-sawiko-by-al-ko-fiat-x250-chassis-a-partir-de-2006-aii-aussi-s8\/","og_site_name":"Bantam Wankm\u00fcller SA","article_modified_time":"2026-04-18T20:59:26+00:00","og_image":[{"width":640,"height":523,"url":"https:\/\/shop.bantam.ch\/wp-content\/uploads\/2024\/09\/Movera-L-9938758100.jpg","type":"image\/jpeg"}],"twitter_card":"summary_large_image","twitter_misc":{"Dur\u00e9e de lecture estim\u00e9e":"1 minute"},"schema":{"@context":"https:\/\/schema.org","@graph":[{"@type":"WebPage","@id":"https:\/\/shop.bantam.ch\/fr\/produit\/jeu-de-cables-electr-sawiko-by-al-ko-fiat-x250-chassis-a-partir-de-2006-aii-aussi-s8\/","url":"https:\/\/shop.bantam.ch\/fr\/produit\/jeu-de-cables-electr-sawiko-by-al-ko-fiat-x250-chassis-a-partir-de-2006-aii-aussi-s8\/","name":"Jeu de c\u00e2bles \u00e9lectr SAWIKO by AL-KO Fiat X250 Chassis \u00e0 partir de 2006 AII aussi S8 - Bantam Wankm\u00fcller SA","isPartOf":{"@id":"https:\/\/shop.bantam.ch\/fr\/#website"},"primaryImageOfPage":{"@id":"https:\/\/shop.bantam.ch\/fr\/produit\/jeu-de-cables-electr-sawiko-by-al-ko-fiat-x250-chassis-a-partir-de-2006-aii-aussi-s8\/#primaryimage"},"image":{"@id":"https:\/\/shop.bantam.ch\/fr\/produit\/jeu-de-cables-electr-sawiko-by-al-ko-fiat-x250-chassis-a-partir-de-2006-aii-aussi-s8\/#primaryimage"},"thumbnailUrl":"https:\/\/shop.bantam.ch\/wp-content\/uploads\/2024\/09\/Movera-L-9938758100.jpg","datePublished":"2024-05-15T12:15:21+00:00","dateModified":"2026-04-18T20:59:26+00:00","breadcrumb":{"@id":"https:\/\/shop.bantam.ch\/fr\/produit\/jeu-de-cables-electr-sawiko-by-al-ko-fiat-x250-chassis-a-partir-de-2006-aii-aussi-s8\/#breadcrumb"},"inLanguage":"fr-FR","potentialAction":[{"@type":"ReadAction","target":["https:\/\/shop.bantam.ch\/fr\/produit\/jeu-de-cables-electr-sawiko-by-al-ko-fiat-x250-chassis-a-partir-de-2006-aii-aussi-s8\/"]}]},{"@type":"ImageObject","inLanguage":"fr-FR","@id":"https:\/\/shop.bantam.ch\/fr\/produit\/jeu-de-cables-electr-sawiko-by-al-ko-fiat-x250-chassis-a-partir-de-2006-aii-aussi-s8\/#primaryimage","url":"https:\/\/shop.bantam.ch\/wp-content\/uploads\/2024\/09\/Movera-L-9938758100.jpg","contentUrl":"https:\/\/shop.bantam.ch\/wp-content\/uploads\/2024\/09\/Movera-L-9938758100.jpg","width":640,"height":523},{"@type":"BreadcrumbList","@id":"https:\/\/shop.bantam.ch\/fr\/produit\/jeu-de-cables-electr-sawiko-by-al-ko-fiat-x250-chassis-a-partir-de-2006-aii-aussi-s8\/#breadcrumb","itemListElement":[{"@type":"ListItem","position":1,"name":"Accueil","item":"https:\/\/shop.bantam.ch\/fr\/"},{"@type":"ListItem","position":2,"name":"Boutique","item":"https:\/\/shop.bantam.ch\/fr\/boutique\/"},{"@type":"ListItem","position":3,"name":"Jeu de c\u00e2bles \u00e9lectr SAWIKO by AL-KO Fiat X250 Chassis \u00e0 partir de 2006 AII aussi S8"}]},{"@type":"WebSite","@id":"https:\/\/shop.bantam.ch\/fr\/#website","url":"https:\/\/shop.bantam.ch\/fr\/","name":"Bantam Wankm\u00fcller SA","description":"","publisher":{"@id":"https:\/\/shop.bantam.ch\/fr\/#organization"},"inLanguage":"fr-FR"},{"@type":"Organization","@id":"https:\/\/shop.bantam.ch\/fr\/#organization","name":"Bantam Wankm\u00fcller SA","url":"https:\/\/shop.bantam.ch\/fr\/","logo":{"@type":"ImageObject","inLanguage":"fr-FR","@id":"https:\/\/shop.bantam.ch\/fr\/#\/schema\/logo\/image\/","url":"https:\/\/shop.bantam.ch\/wp-content\/uploads\/2022\/12\/bantam-logo.png","contentUrl":"https:\/\/shop.bantam.ch\/wp-content\/uploads\/2022\/12\/bantam-logo.png","width":320,"height":71,"caption":"Bantam Wankm\u00fcller SA"},"image":{"@id":"https:\/\/shop.bantam.ch\/fr\/#\/schema\/logo\/image\/"}}]}},"_links":{"self":[{"href":"https:\/\/shop.bantam.ch\/fr\/wp-json\/wp\/v2\/product\/193039","targetHints":{"allow":["GET"]}}],"collection":[{"href":"https:\/\/shop.bantam.ch\/fr\/wp-json\/wp\/v2\/product"}],"about":[{"href":"https:\/\/shop.bantam.ch\/fr\/wp-json\/wp\/v2\/types\/product"}],"wp:featuredmedia":[{"embeddable":true,"href":"https:\/\/shop.bantam.ch\/fr\/wp-json\/wp\/v2\/media\/205696"}],"wp:attachment":[{"href":"https:\/\/shop.bantam.ch\/fr\/wp-json\/wp\/v2\/media?parent=193039"}],"wp:term":[{"taxonomy":"product_featured_cat","embeddable":true,"href":"https:\/\/shop.bantam.ch\/fr\/wp-json\/wp\/v2\/product_featured_cat?post=193039"},{"taxonomy":"product_brand","embeddable":true,"href":"https:\/\/shop.bantam.ch\/fr\/wp-json\/wp\/v2\/product_brand?post=193039"},{"taxonomy":"product_cat","embeddable":true,"href":"https:\/\/shop.bantam.ch\/fr\/wp-json\/wp\/v2\/product_cat?post=193039"},{"taxonomy":"product_tag","embeddable":true,"href":"https:\/\/shop.bantam.ch\/fr\/wp-json\/wp\/v2\/product_tag?post=193039"}],"curies":[{"name":"wp","href":"https:\/\/api.w.org\/{rel}","templated":true}]}}