{"id":193007,"date":"2024-05-15T14:13:53","date_gmt":"2024-05-15T12:13:53","guid":{"rendered":"https:\/\/shop.bantam.ch\/produit\/meubles-pliants-outwell-fontana-lake\/"},"modified":"2026-05-03T22:54:06","modified_gmt":"2026-05-03T20:54:06","slug":"meubles-pliants-outwell-fontana-lake","status":"publish","type":"product","link":"https:\/\/shop.bantam.ch\/fr\/produit\/meubles-pliants-outwell-fontana-lake\/","title":{"rendered":"Meubles pliants Outwell Fontana Lake"},"content":{"rendered":"<p>Le design polyvalent du Fontana Lake d&rsquo;Outwell vous permettra de vous mettre rapidement \u00e0 l&rsquo;aise. Il suffit de le d\u00e9plier et il est pr\u00eat \u00e0 l&#8217;emploi, que ce soit en position allong\u00e9e ou en profitant des options \u00e0 quatre positions du dossier. Vous pouvez l&rsquo;utiliser comme lit d&rsquo;appoint ou comme bain de soleil, le pied unique \u00e0 l&rsquo;extr\u00e9mit\u00e9 offrant une stabilit\u00e9 suppl\u00e9mentaire pour se lever ou se coucher.<\/p>\n<ul>\n<li>Rembourrage \u00e9pais sur toute la longueur pour une bonne isolation et une sensation de douceur et de confort<\/li>\n<li>Dossier \u00e0 quatre positions<\/li>\n<li>Appui-t\u00eate amovible pouvant \u00e9galement servir d&rsquo;oreiller<\/li>\n<li>Le pied anti-bascule assure la stabilit\u00e9 lors de l&rsquo;entr\u00e9e et de la sortie du lit.<\/li>\n<li>Pieds surdimensionn\u00e9s, plats et mobiles, pour une meilleure stabilit\u00e9 sur les sols irr\u00e9guliers<\/li>\n<li>S&rsquo;ouvre et se plie en quelques secondes<\/li>\n<\/ul>\n<p>Mat\u00e9riaux:<br \/>\nHousse: 100 % polyester<br \/>\nStructure: acier rev\u00eatu par poudre<\/p>\n<ul>\n<li>Aucun assemblage n&rsquo;est n\u00e9cessaire<\/li>\n<li>Acier durable \u00e0 haute r\u00e9sistance<\/li>\n<li>La sangle r\u00e9glable facilite l&#8217;emballage<\/li>\n<\/ul>\n","protected":false},"excerpt":{"rendered":"<p>Le design polyvalent du Fontana Lake d&rsquo;Outwell vous permettra de vous mettre rapidement \u00e0 l&rsquo;aise. Il suffit de le d\u00e9plier et il est pr\u00eat \u00e0 l&#8217;emploi, que ce soit en position allong\u00e9e ou en profitant des options \u00e0 quatre positions du dossier. Vous pouvez l&rsquo;utiliser comme lit d&rsquo;appoint ou comme bain de soleil, le pied [&hellip;]<\/p>\n","protected":false},"featured_media":205522,"template":"","meta":{"_acf_changed":false},"product_featured_cat":[],"product_brand":[3296],"product_cat":[4977],"product_tag":[],"class_list":{"0":"post-193007","1":"product","2":"type-product","3":"status-publish","4":"has-post-thumbnail","6":"product_brand-outwell","7":"product_cat-chaises-longues-de-camping","9":"first","10":"instock","11":"taxable","12":"shipping-taxable","13":"purchasable","14":"product-type-simple"},"acf":[],"yoast_head":"<!-- This site is optimized with the Yoast SEO plugin v27.5 - https:\/\/yoast.com\/product\/yoast-seo-wordpress\/ -->\n<title>Meubles pliants Outwell Fontana Lake - Bantam<\/title>\n<meta name=\"robots\" content=\"index, follow, max-snippet:-1, max-image-preview:large, max-video-preview:-1\" \/>\n<link rel=\"canonical\" href=\"https:\/\/shop.bantam.ch\/fr\/produit\/meubles-pliants-outwell-fontana-lake\/\" \/>\n<meta property=\"og:locale\" content=\"fr_FR\" \/>\n<meta property=\"og:type\" content=\"article\" \/>\n<meta property=\"og:title\" content=\"Meubles pliants Outwell Fontana Lake - Bantam\" \/>\n<meta property=\"og:description\" content=\"Le design polyvalent du Fontana Lake d&rsquo;Outwell vous permettra de vous mettre rapidement \u00e0 l&rsquo;aise. Il suffit de le d\u00e9plier et il est pr\u00eat \u00e0 l&#8217;emploi, que ce soit en position allong\u00e9e ou en profitant des options \u00e0 quatre positions du dossier. Vous pouvez l&rsquo;utiliser comme lit d&rsquo;appoint ou comme bain de soleil, le pied [&hellip;]\" \/>\n<meta property=\"og:url\" content=\"https:\/\/shop.bantam.ch\/fr\/produit\/meubles-pliants-outwell-fontana-lake\/\" \/>\n<meta property=\"og:site_name\" content=\"Bantam\" \/>\n<meta property=\"article:modified_time\" content=\"2026-05-03T20:54:06+00:00\" \/>\n<meta property=\"og:image\" content=\"https:\/\/shop.bantam.ch\/wp-content\/uploads\/2024\/05\/Movera-L-9935218100.jpg\" \/>\n\t<meta property=\"og:image:width\" content=\"640\" \/>\n\t<meta property=\"og:image:height\" content=\"360\" \/>\n\t<meta property=\"og:image:type\" content=\"image\/jpeg\" \/>\n<meta name=\"twitter:card\" content=\"summary_large_image\" \/>\n<meta name=\"twitter:label1\" content=\"Dur\u00e9e de lecture estim\u00e9e\" \/>\n\t<meta name=\"twitter:data1\" content=\"1 minute\" \/>\n<script type=\"application\/ld+json\" class=\"yoast-schema-graph\">{\"@context\":\"https:\\\/\\\/schema.org\",\"@graph\":[{\"@type\":\"WebPage\",\"@id\":\"https:\\\/\\\/shop.bantam.ch\\\/fr\\\/produit\\\/meubles-pliants-outwell-fontana-lake\\\/\",\"url\":\"https:\\\/\\\/shop.bantam.ch\\\/fr\\\/produit\\\/meubles-pliants-outwell-fontana-lake\\\/\",\"name\":\"Meubles pliants Outwell Fontana Lake - Bantam\",\"isPartOf\":{\"@id\":\"https:\\\/\\\/shop.bantam.ch\\\/fr\\\/#website\"},\"primaryImageOfPage\":{\"@id\":\"https:\\\/\\\/shop.bantam.ch\\\/fr\\\/produit\\\/meubles-pliants-outwell-fontana-lake\\\/#primaryimage\"},\"image\":{\"@id\":\"https:\\\/\\\/shop.bantam.ch\\\/fr\\\/produit\\\/meubles-pliants-outwell-fontana-lake\\\/#primaryimage\"},\"thumbnailUrl\":\"https:\\\/\\\/shop.bantam.ch\\\/wp-content\\\/uploads\\\/2024\\\/09\\\/Movera-L-9935218100.jpg\",\"datePublished\":\"2024-05-15T12:13:53+00:00\",\"dateModified\":\"2026-05-03T20:54:06+00:00\",\"breadcrumb\":{\"@id\":\"https:\\\/\\\/shop.bantam.ch\\\/fr\\\/produit\\\/meubles-pliants-outwell-fontana-lake\\\/#breadcrumb\"},\"inLanguage\":\"fr-FR\",\"potentialAction\":[{\"@type\":\"ReadAction\",\"target\":[\"https:\\\/\\\/shop.bantam.ch\\\/fr\\\/produit\\\/meubles-pliants-outwell-fontana-lake\\\/\"]}]},{\"@type\":\"ImageObject\",\"inLanguage\":\"fr-FR\",\"@id\":\"https:\\\/\\\/shop.bantam.ch\\\/fr\\\/produit\\\/meubles-pliants-outwell-fontana-lake\\\/#primaryimage\",\"url\":\"https:\\\/\\\/shop.bantam.ch\\\/wp-content\\\/uploads\\\/2024\\\/09\\\/Movera-L-9935218100.jpg\",\"contentUrl\":\"https:\\\/\\\/shop.bantam.ch\\\/wp-content\\\/uploads\\\/2024\\\/09\\\/Movera-L-9935218100.jpg\",\"width\":640,\"height\":360},{\"@type\":\"BreadcrumbList\",\"@id\":\"https:\\\/\\\/shop.bantam.ch\\\/fr\\\/produit\\\/meubles-pliants-outwell-fontana-lake\\\/#breadcrumb\",\"itemListElement\":[{\"@type\":\"ListItem\",\"position\":1,\"name\":\"Accueil\",\"item\":\"https:\\\/\\\/shop.bantam.ch\\\/fr\\\/\"},{\"@type\":\"ListItem\",\"position\":2,\"name\":\"Boutique\",\"item\":\"https:\\\/\\\/shop.bantam.ch\\\/fr\\\/boutique\\\/\"},{\"@type\":\"ListItem\",\"position\":3,\"name\":\"Meubles pliants Outwell Fontana Lake\"}]},{\"@type\":\"WebSite\",\"@id\":\"https:\\\/\\\/shop.bantam.ch\\\/fr\\\/#website\",\"url\":\"https:\\\/\\\/shop.bantam.ch\\\/fr\\\/\",\"name\":\"Bantam\",\"description\":\"\",\"publisher\":{\"@id\":\"https:\\\/\\\/shop.bantam.ch\\\/fr\\\/#organization\"},\"inLanguage\":\"fr-FR\"},{\"@type\":\"Organization\",\"@id\":\"https:\\\/\\\/shop.bantam.ch\\\/fr\\\/#organization\",\"name\":\"Bantam\",\"url\":\"https:\\\/\\\/shop.bantam.ch\\\/fr\\\/\",\"logo\":{\"@type\":\"ImageObject\",\"inLanguage\":\"fr-FR\",\"@id\":\"https:\\\/\\\/shop.bantam.ch\\\/fr\\\/#\\\/schema\\\/logo\\\/image\\\/\",\"url\":\"https:\\\/\\\/shop.bantam.ch\\\/wp-content\\\/uploads\\\/2022\\\/12\\\/bantam-logo.png\",\"contentUrl\":\"https:\\\/\\\/shop.bantam.ch\\\/wp-content\\\/uploads\\\/2022\\\/12\\\/bantam-logo.png\",\"width\":320,\"height\":71,\"caption\":\"Bantam\"},\"image\":{\"@id\":\"https:\\\/\\\/shop.bantam.ch\\\/fr\\\/#\\\/schema\\\/logo\\\/image\\\/\"}}]}<\/script>\n<!-- \/ Yoast SEO plugin. -->","yoast_head_json":{"title":"Meubles pliants Outwell Fontana Lake - Bantam","robots":{"index":"index","follow":"follow","max-snippet":"max-snippet:-1","max-image-preview":"max-image-preview:large","max-video-preview":"max-video-preview:-1"},"canonical":"https:\/\/shop.bantam.ch\/fr\/produit\/meubles-pliants-outwell-fontana-lake\/","og_locale":"fr_FR","og_type":"article","og_title":"Meubles pliants Outwell Fontana Lake - Bantam","og_description":"Le design polyvalent du Fontana Lake d&rsquo;Outwell vous permettra de vous mettre rapidement \u00e0 l&rsquo;aise. Il suffit de le d\u00e9plier et il est pr\u00eat \u00e0 l&#8217;emploi, que ce soit en position allong\u00e9e ou en profitant des options \u00e0 quatre positions du dossier. Vous pouvez l&rsquo;utiliser comme lit d&rsquo;appoint ou comme bain de soleil, le pied [&hellip;]","og_url":"https:\/\/shop.bantam.ch\/fr\/produit\/meubles-pliants-outwell-fontana-lake\/","og_site_name":"Bantam","article_modified_time":"2026-05-03T20:54:06+00:00","og_image":[{"width":640,"height":360,"url":"https:\/\/shop.bantam.ch\/wp-content\/uploads\/2024\/05\/Movera-L-9935218100.jpg","type":"image\/jpeg"}],"twitter_card":"summary_large_image","twitter_misc":{"Dur\u00e9e de lecture estim\u00e9e":"1 minute"},"schema":{"@context":"https:\/\/schema.org","@graph":[{"@type":"WebPage","@id":"https:\/\/shop.bantam.ch\/fr\/produit\/meubles-pliants-outwell-fontana-lake\/","url":"https:\/\/shop.bantam.ch\/fr\/produit\/meubles-pliants-outwell-fontana-lake\/","name":"Meubles pliants Outwell Fontana Lake - Bantam","isPartOf":{"@id":"https:\/\/shop.bantam.ch\/fr\/#website"},"primaryImageOfPage":{"@id":"https:\/\/shop.bantam.ch\/fr\/produit\/meubles-pliants-outwell-fontana-lake\/#primaryimage"},"image":{"@id":"https:\/\/shop.bantam.ch\/fr\/produit\/meubles-pliants-outwell-fontana-lake\/#primaryimage"},"thumbnailUrl":"https:\/\/shop.bantam.ch\/wp-content\/uploads\/2024\/09\/Movera-L-9935218100.jpg","datePublished":"2024-05-15T12:13:53+00:00","dateModified":"2026-05-03T20:54:06+00:00","breadcrumb":{"@id":"https:\/\/shop.bantam.ch\/fr\/produit\/meubles-pliants-outwell-fontana-lake\/#breadcrumb"},"inLanguage":"fr-FR","potentialAction":[{"@type":"ReadAction","target":["https:\/\/shop.bantam.ch\/fr\/produit\/meubles-pliants-outwell-fontana-lake\/"]}]},{"@type":"ImageObject","inLanguage":"fr-FR","@id":"https:\/\/shop.bantam.ch\/fr\/produit\/meubles-pliants-outwell-fontana-lake\/#primaryimage","url":"https:\/\/shop.bantam.ch\/wp-content\/uploads\/2024\/09\/Movera-L-9935218100.jpg","contentUrl":"https:\/\/shop.bantam.ch\/wp-content\/uploads\/2024\/09\/Movera-L-9935218100.jpg","width":640,"height":360},{"@type":"BreadcrumbList","@id":"https:\/\/shop.bantam.ch\/fr\/produit\/meubles-pliants-outwell-fontana-lake\/#breadcrumb","itemListElement":[{"@type":"ListItem","position":1,"name":"Accueil","item":"https:\/\/shop.bantam.ch\/fr\/"},{"@type":"ListItem","position":2,"name":"Boutique","item":"https:\/\/shop.bantam.ch\/fr\/boutique\/"},{"@type":"ListItem","position":3,"name":"Meubles pliants Outwell Fontana Lake"}]},{"@type":"WebSite","@id":"https:\/\/shop.bantam.ch\/fr\/#website","url":"https:\/\/shop.bantam.ch\/fr\/","name":"Bantam","description":"","publisher":{"@id":"https:\/\/shop.bantam.ch\/fr\/#organization"},"inLanguage":"fr-FR"},{"@type":"Organization","@id":"https:\/\/shop.bantam.ch\/fr\/#organization","name":"Bantam","url":"https:\/\/shop.bantam.ch\/fr\/","logo":{"@type":"ImageObject","inLanguage":"fr-FR","@id":"https:\/\/shop.bantam.ch\/fr\/#\/schema\/logo\/image\/","url":"https:\/\/shop.bantam.ch\/wp-content\/uploads\/2022\/12\/bantam-logo.png","contentUrl":"https:\/\/shop.bantam.ch\/wp-content\/uploads\/2022\/12\/bantam-logo.png","width":320,"height":71,"caption":"Bantam"},"image":{"@id":"https:\/\/shop.bantam.ch\/fr\/#\/schema\/logo\/image\/"}}]}},"_links":{"self":[{"href":"https:\/\/shop.bantam.ch\/fr\/wp-json\/wp\/v2\/product\/193007","targetHints":{"allow":["GET"]}}],"collection":[{"href":"https:\/\/shop.bantam.ch\/fr\/wp-json\/wp\/v2\/product"}],"about":[{"href":"https:\/\/shop.bantam.ch\/fr\/wp-json\/wp\/v2\/types\/product"}],"wp:featuredmedia":[{"embeddable":true,"href":"https:\/\/shop.bantam.ch\/fr\/wp-json\/wp\/v2\/media\/205522"}],"wp:attachment":[{"href":"https:\/\/shop.bantam.ch\/fr\/wp-json\/wp\/v2\/media?parent=193007"}],"wp:term":[{"taxonomy":"product_featured_cat","embeddable":true,"href":"https:\/\/shop.bantam.ch\/fr\/wp-json\/wp\/v2\/product_featured_cat?post=193007"},{"taxonomy":"product_brand","embeddable":true,"href":"https:\/\/shop.bantam.ch\/fr\/wp-json\/wp\/v2\/product_brand?post=193007"},{"taxonomy":"product_cat","embeddable":true,"href":"https:\/\/shop.bantam.ch\/fr\/wp-json\/wp\/v2\/product_cat?post=193007"},{"taxonomy":"product_tag","embeddable":true,"href":"https:\/\/shop.bantam.ch\/fr\/wp-json\/wp\/v2\/product_tag?post=193007"}],"curies":[{"name":"wp","href":"https:\/\/api.w.org\/{rel}","templated":true}]}}