{"id":192971,"date":"2024-05-15T14:12:50","date_gmt":"2024-05-15T12:12:50","guid":{"rendered":"https:\/\/shop.bantam.ch\/produit\/pompe-a-air-outwell-squall-12v\/"},"modified":"2025-02-12T23:56:27","modified_gmt":"2025-02-12T22:56:27","slug":"pompe-a-air-outwell-squall-12v","status":"publish","type":"product","link":"https:\/\/shop.bantam.ch\/fr\/produit\/pompe-a-air-outwell-squall-12v\/","title":{"rendered":"Pompe \u00e0 air Outwell Squall 12V"},"content":{"rendered":"<p>La pompe \u00e9lectrique Outwell Squall Tent est un moyen rapide et facile de gonfler votre tente gonflable. Elle s&rsquo;arr\u00eate automatiquement lorsqu&rsquo;elle atteint la pression r\u00e9gl\u00e9e. Cela \u00e9vite un surgonflage et assure la stabilit\u00e9 du cadre. Convient pour une alimentation \u00e9lectrique de voiture de 12V.<\/p>\n<ul>\n<li>Pour gonfler les tentes.<\/li>\n<li>Convient pour une alimentation en 12 V<\/li>\n<li>R\u00e9glage \u00e9lectronique de la pression jusqu&rsquo;\u00e0 16PSI<\/li>\n<li>\u00c9cran LCD pour un r\u00e9glage facile de la pression<\/li>\n<li>Arr\u00eat automatique lorsque la valeur r\u00e9gl\u00e9e est atteinte<\/li>\n<li>C\u00e2ble de 5 m<\/li>\n<li>Volume : 70l\/min.<\/li>\n<li>Livr\u00e9 avec 2 buses diff\u00e9rentes<\/li>\n<li>Convient \u00e0 toutes les tentes Outwell<\/li>\n<\/ul>\n","protected":false},"excerpt":{"rendered":"<p>La pompe \u00e9lectrique Outwell Squall Tent est un moyen rapide et facile de gonfler votre tente gonflable. Elle s&rsquo;arr\u00eate automatiquement lorsqu&rsquo;elle atteint la pression r\u00e9gl\u00e9e. Cela \u00e9vite un surgonflage et assure la stabilit\u00e9 du cadre. Convient pour une alimentation \u00e9lectrique de voiture de 12V. Pour gonfler les tentes. Convient pour une alimentation en 12 V [&hellip;]<\/p>\n","protected":false},"featured_media":205450,"template":"","meta":{"_acf_changed":false},"product_featured_cat":[],"product_brand":[3296],"product_cat":[4359],"product_tag":[],"class_list":{"0":"post-192971","1":"product","2":"type-product","3":"status-publish","4":"has-post-thumbnail","6":"product_brand-outwell","7":"product_cat-accessoires-pour-matelas-gonflables-et-lits","9":"first","10":"instock","11":"taxable","12":"shipping-taxable","13":"purchasable","14":"product-type-simple"},"acf":[],"yoast_head":"<!-- This site is optimized with the Yoast SEO plugin v27.5 - https:\/\/yoast.com\/product\/yoast-seo-wordpress\/ -->\n<title>Pompe \u00e0 air Outwell Squall 12V - Bantam<\/title>\n<meta name=\"robots\" content=\"index, follow, max-snippet:-1, max-image-preview:large, max-video-preview:-1\" \/>\n<link rel=\"canonical\" href=\"https:\/\/shop.bantam.ch\/fr\/produit\/pompe-a-air-outwell-squall-12v\/\" \/>\n<meta property=\"og:locale\" content=\"fr_FR\" \/>\n<meta property=\"og:type\" content=\"article\" \/>\n<meta property=\"og:title\" content=\"Pompe \u00e0 air Outwell Squall 12V - Bantam\" \/>\n<meta property=\"og:description\" content=\"La pompe \u00e9lectrique Outwell Squall Tent est un moyen rapide et facile de gonfler votre tente gonflable. Elle s&rsquo;arr\u00eate automatiquement lorsqu&rsquo;elle atteint la pression r\u00e9gl\u00e9e. Cela \u00e9vite un surgonflage et assure la stabilit\u00e9 du cadre. Convient pour une alimentation \u00e9lectrique de voiture de 12V. Pour gonfler les tentes. Convient pour une alimentation en 12 V [&hellip;]\" \/>\n<meta property=\"og:url\" content=\"https:\/\/shop.bantam.ch\/fr\/produit\/pompe-a-air-outwell-squall-12v\/\" \/>\n<meta property=\"og:site_name\" content=\"Bantam\" \/>\n<meta property=\"article:modified_time\" content=\"2025-02-12T22:56:27+00:00\" \/>\n<meta property=\"og:image\" content=\"https:\/\/shop.bantam.ch\/wp-content\/uploads\/2024\/05\/Movera-L-9933078100.jpg\" \/>\n\t<meta property=\"og:image:width\" content=\"640\" \/>\n\t<meta property=\"og:image:height\" content=\"360\" \/>\n\t<meta property=\"og:image:type\" content=\"image\/jpeg\" \/>\n<meta name=\"twitter:card\" content=\"summary_large_image\" \/>\n<meta name=\"twitter:label1\" content=\"Dur\u00e9e de lecture estim\u00e9e\" \/>\n\t<meta name=\"twitter:data1\" content=\"1 minute\" \/>\n<script type=\"application\/ld+json\" class=\"yoast-schema-graph\">{\"@context\":\"https:\\\/\\\/schema.org\",\"@graph\":[{\"@type\":\"WebPage\",\"@id\":\"https:\\\/\\\/shop.bantam.ch\\\/fr\\\/produit\\\/pompe-a-air-outwell-squall-12v\\\/\",\"url\":\"https:\\\/\\\/shop.bantam.ch\\\/fr\\\/produit\\\/pompe-a-air-outwell-squall-12v\\\/\",\"name\":\"Pompe \u00e0 air Outwell Squall 12V - Bantam\",\"isPartOf\":{\"@id\":\"https:\\\/\\\/shop.bantam.ch\\\/fr\\\/#website\"},\"primaryImageOfPage\":{\"@id\":\"https:\\\/\\\/shop.bantam.ch\\\/fr\\\/produit\\\/pompe-a-air-outwell-squall-12v\\\/#primaryimage\"},\"image\":{\"@id\":\"https:\\\/\\\/shop.bantam.ch\\\/fr\\\/produit\\\/pompe-a-air-outwell-squall-12v\\\/#primaryimage\"},\"thumbnailUrl\":\"https:\\\/\\\/shop.bantam.ch\\\/wp-content\\\/uploads\\\/2024\\\/09\\\/Movera-L-9933078100.jpg\",\"datePublished\":\"2024-05-15T12:12:50+00:00\",\"dateModified\":\"2025-02-12T22:56:27+00:00\",\"breadcrumb\":{\"@id\":\"https:\\\/\\\/shop.bantam.ch\\\/fr\\\/produit\\\/pompe-a-air-outwell-squall-12v\\\/#breadcrumb\"},\"inLanguage\":\"fr-FR\",\"potentialAction\":[{\"@type\":\"ReadAction\",\"target\":[\"https:\\\/\\\/shop.bantam.ch\\\/fr\\\/produit\\\/pompe-a-air-outwell-squall-12v\\\/\"]}]},{\"@type\":\"ImageObject\",\"inLanguage\":\"fr-FR\",\"@id\":\"https:\\\/\\\/shop.bantam.ch\\\/fr\\\/produit\\\/pompe-a-air-outwell-squall-12v\\\/#primaryimage\",\"url\":\"https:\\\/\\\/shop.bantam.ch\\\/wp-content\\\/uploads\\\/2024\\\/09\\\/Movera-L-9933078100.jpg\",\"contentUrl\":\"https:\\\/\\\/shop.bantam.ch\\\/wp-content\\\/uploads\\\/2024\\\/09\\\/Movera-L-9933078100.jpg\",\"width\":640,\"height\":360},{\"@type\":\"BreadcrumbList\",\"@id\":\"https:\\\/\\\/shop.bantam.ch\\\/fr\\\/produit\\\/pompe-a-air-outwell-squall-12v\\\/#breadcrumb\",\"itemListElement\":[{\"@type\":\"ListItem\",\"position\":1,\"name\":\"Accueil\",\"item\":\"https:\\\/\\\/shop.bantam.ch\\\/fr\\\/\"},{\"@type\":\"ListItem\",\"position\":2,\"name\":\"Boutique\",\"item\":\"https:\\\/\\\/shop.bantam.ch\\\/fr\\\/boutique\\\/\"},{\"@type\":\"ListItem\",\"position\":3,\"name\":\"Pompe \u00e0 air Outwell Squall 12V\"}]},{\"@type\":\"WebSite\",\"@id\":\"https:\\\/\\\/shop.bantam.ch\\\/fr\\\/#website\",\"url\":\"https:\\\/\\\/shop.bantam.ch\\\/fr\\\/\",\"name\":\"Bantam\",\"description\":\"\",\"publisher\":{\"@id\":\"https:\\\/\\\/shop.bantam.ch\\\/fr\\\/#organization\"},\"inLanguage\":\"fr-FR\"},{\"@type\":\"Organization\",\"@id\":\"https:\\\/\\\/shop.bantam.ch\\\/fr\\\/#organization\",\"name\":\"Bantam\",\"url\":\"https:\\\/\\\/shop.bantam.ch\\\/fr\\\/\",\"logo\":{\"@type\":\"ImageObject\",\"inLanguage\":\"fr-FR\",\"@id\":\"https:\\\/\\\/shop.bantam.ch\\\/fr\\\/#\\\/schema\\\/logo\\\/image\\\/\",\"url\":\"https:\\\/\\\/shop.bantam.ch\\\/wp-content\\\/uploads\\\/2022\\\/12\\\/bantam-logo.png\",\"contentUrl\":\"https:\\\/\\\/shop.bantam.ch\\\/wp-content\\\/uploads\\\/2022\\\/12\\\/bantam-logo.png\",\"width\":320,\"height\":71,\"caption\":\"Bantam\"},\"image\":{\"@id\":\"https:\\\/\\\/shop.bantam.ch\\\/fr\\\/#\\\/schema\\\/logo\\\/image\\\/\"}}]}<\/script>\n<!-- \/ Yoast SEO plugin. -->","yoast_head_json":{"title":"Pompe \u00e0 air Outwell Squall 12V - Bantam","robots":{"index":"index","follow":"follow","max-snippet":"max-snippet:-1","max-image-preview":"max-image-preview:large","max-video-preview":"max-video-preview:-1"},"canonical":"https:\/\/shop.bantam.ch\/fr\/produit\/pompe-a-air-outwell-squall-12v\/","og_locale":"fr_FR","og_type":"article","og_title":"Pompe \u00e0 air Outwell Squall 12V - Bantam","og_description":"La pompe \u00e9lectrique Outwell Squall Tent est un moyen rapide et facile de gonfler votre tente gonflable. Elle s&rsquo;arr\u00eate automatiquement lorsqu&rsquo;elle atteint la pression r\u00e9gl\u00e9e. Cela \u00e9vite un surgonflage et assure la stabilit\u00e9 du cadre. Convient pour une alimentation \u00e9lectrique de voiture de 12V. Pour gonfler les tentes. Convient pour une alimentation en 12 V [&hellip;]","og_url":"https:\/\/shop.bantam.ch\/fr\/produit\/pompe-a-air-outwell-squall-12v\/","og_site_name":"Bantam","article_modified_time":"2025-02-12T22:56:27+00:00","og_image":[{"width":640,"height":360,"url":"https:\/\/shop.bantam.ch\/wp-content\/uploads\/2024\/05\/Movera-L-9933078100.jpg","type":"image\/jpeg"}],"twitter_card":"summary_large_image","twitter_misc":{"Dur\u00e9e de lecture estim\u00e9e":"1 minute"},"schema":{"@context":"https:\/\/schema.org","@graph":[{"@type":"WebPage","@id":"https:\/\/shop.bantam.ch\/fr\/produit\/pompe-a-air-outwell-squall-12v\/","url":"https:\/\/shop.bantam.ch\/fr\/produit\/pompe-a-air-outwell-squall-12v\/","name":"Pompe \u00e0 air Outwell Squall 12V - Bantam","isPartOf":{"@id":"https:\/\/shop.bantam.ch\/fr\/#website"},"primaryImageOfPage":{"@id":"https:\/\/shop.bantam.ch\/fr\/produit\/pompe-a-air-outwell-squall-12v\/#primaryimage"},"image":{"@id":"https:\/\/shop.bantam.ch\/fr\/produit\/pompe-a-air-outwell-squall-12v\/#primaryimage"},"thumbnailUrl":"https:\/\/shop.bantam.ch\/wp-content\/uploads\/2024\/09\/Movera-L-9933078100.jpg","datePublished":"2024-05-15T12:12:50+00:00","dateModified":"2025-02-12T22:56:27+00:00","breadcrumb":{"@id":"https:\/\/shop.bantam.ch\/fr\/produit\/pompe-a-air-outwell-squall-12v\/#breadcrumb"},"inLanguage":"fr-FR","potentialAction":[{"@type":"ReadAction","target":["https:\/\/shop.bantam.ch\/fr\/produit\/pompe-a-air-outwell-squall-12v\/"]}]},{"@type":"ImageObject","inLanguage":"fr-FR","@id":"https:\/\/shop.bantam.ch\/fr\/produit\/pompe-a-air-outwell-squall-12v\/#primaryimage","url":"https:\/\/shop.bantam.ch\/wp-content\/uploads\/2024\/09\/Movera-L-9933078100.jpg","contentUrl":"https:\/\/shop.bantam.ch\/wp-content\/uploads\/2024\/09\/Movera-L-9933078100.jpg","width":640,"height":360},{"@type":"BreadcrumbList","@id":"https:\/\/shop.bantam.ch\/fr\/produit\/pompe-a-air-outwell-squall-12v\/#breadcrumb","itemListElement":[{"@type":"ListItem","position":1,"name":"Accueil","item":"https:\/\/shop.bantam.ch\/fr\/"},{"@type":"ListItem","position":2,"name":"Boutique","item":"https:\/\/shop.bantam.ch\/fr\/boutique\/"},{"@type":"ListItem","position":3,"name":"Pompe \u00e0 air Outwell Squall 12V"}]},{"@type":"WebSite","@id":"https:\/\/shop.bantam.ch\/fr\/#website","url":"https:\/\/shop.bantam.ch\/fr\/","name":"Bantam","description":"","publisher":{"@id":"https:\/\/shop.bantam.ch\/fr\/#organization"},"inLanguage":"fr-FR"},{"@type":"Organization","@id":"https:\/\/shop.bantam.ch\/fr\/#organization","name":"Bantam","url":"https:\/\/shop.bantam.ch\/fr\/","logo":{"@type":"ImageObject","inLanguage":"fr-FR","@id":"https:\/\/shop.bantam.ch\/fr\/#\/schema\/logo\/image\/","url":"https:\/\/shop.bantam.ch\/wp-content\/uploads\/2022\/12\/bantam-logo.png","contentUrl":"https:\/\/shop.bantam.ch\/wp-content\/uploads\/2022\/12\/bantam-logo.png","width":320,"height":71,"caption":"Bantam"},"image":{"@id":"https:\/\/shop.bantam.ch\/fr\/#\/schema\/logo\/image\/"}}]}},"_links":{"self":[{"href":"https:\/\/shop.bantam.ch\/fr\/wp-json\/wp\/v2\/product\/192971","targetHints":{"allow":["GET"]}}],"collection":[{"href":"https:\/\/shop.bantam.ch\/fr\/wp-json\/wp\/v2\/product"}],"about":[{"href":"https:\/\/shop.bantam.ch\/fr\/wp-json\/wp\/v2\/types\/product"}],"wp:featuredmedia":[{"embeddable":true,"href":"https:\/\/shop.bantam.ch\/fr\/wp-json\/wp\/v2\/media\/205450"}],"wp:attachment":[{"href":"https:\/\/shop.bantam.ch\/fr\/wp-json\/wp\/v2\/media?parent=192971"}],"wp:term":[{"taxonomy":"product_featured_cat","embeddable":true,"href":"https:\/\/shop.bantam.ch\/fr\/wp-json\/wp\/v2\/product_featured_cat?post=192971"},{"taxonomy":"product_brand","embeddable":true,"href":"https:\/\/shop.bantam.ch\/fr\/wp-json\/wp\/v2\/product_brand?post=192971"},{"taxonomy":"product_cat","embeddable":true,"href":"https:\/\/shop.bantam.ch\/fr\/wp-json\/wp\/v2\/product_cat?post=192971"},{"taxonomy":"product_tag","embeddable":true,"href":"https:\/\/shop.bantam.ch\/fr\/wp-json\/wp\/v2\/product_tag?post=192971"}],"curies":[{"name":"wp","href":"https:\/\/api.w.org\/{rel}","templated":true}]}}