{"id":192945,"date":"2024-05-15T14:11:57","date_gmt":"2024-05-15T12:11:57","guid":{"rendered":"https:\/\/shop.bantam.ch\/produit\/meuble-de-camping-eurotrail-st-barts-couleur-gris-fonce\/"},"modified":"2026-04-19T23:01:19","modified_gmt":"2026-04-19T21:01:19","slug":"meuble-de-camping-eurotrail-st-barts-couleur-gris-fonce","status":"publish","type":"product","link":"https:\/\/shop.bantam.ch\/fr\/produit\/meuble-de-camping-eurotrail-st-barts-couleur-gris-fonce\/","title":{"rendered":"Meuble de camping EuroTrail St. Barts Couleur gris fonc\u00e9"},"content":{"rendered":"<p>Meuble \u00e0 provisions et de stockage compact, pliable, sac inclus. Avec porte en forme de D tape-\u00e0-l\u2018\u0153il, 2 \u00e9tag\u00e8res (bords renforc\u00e9s en aluminium), grille de ventilation \u00e0 l\u2018arri\u00e8re et pieds r\u00e9glables individuellement.<\/p>\n<p>\u00a0<\/p>\n<ul>\n<li>Meuble \u00e0 provisions et de stockage compact<\/li>\n<li>Pliable<\/li>\n<li>Montage simple et rapide (cadre repliable en croix)<\/li>\n<li>Avec sac et grille de ventilation<\/li>\n<\/ul>\n<p>\u00a0<\/p>\n<p>Mat\u00e9riau\u00a0:<br \/>100 % polyester<br \/>Armature en aluminium<\/p>\n<p>\u00a0<\/p>\n","protected":false},"excerpt":{"rendered":"<p>Meuble \u00e0 provisions et de stockage compact, pliable, sac inclus. Avec porte en forme de D tape-\u00e0-l\u2018\u0153il, 2 \u00e9tag\u00e8res (bords renforc\u00e9s en aluminium), grille de ventilation \u00e0 l\u2018arri\u00e8re et pieds r\u00e9glables individuellement. \u00a0 Meuble \u00e0 provisions et de stockage compact Pliable Montage simple et rapide (cadre repliable en croix) Avec sac et grille de ventilation [&hellip;]<\/p>\n","protected":false},"featured_media":205386,"template":"","meta":{"_acf_changed":false},"product_featured_cat":[],"product_brand":[3074],"product_cat":[4057],"product_tag":[],"class_list":{"0":"post-192945","1":"product","2":"type-product","3":"status-publish","4":"has-post-thumbnail","6":"product_brand-eurotrail","7":"product_cat-armoires-de-camping","9":"first","10":"instock","11":"taxable","12":"shipping-taxable","13":"purchasable","14":"product-type-simple"},"acf":[],"yoast_head":"<!-- This site is optimized with the Yoast SEO plugin v27.4 - https:\/\/yoast.com\/product\/yoast-seo-wordpress\/ -->\n<title>Meuble de camping EuroTrail St. Barts Couleur gris fonc\u00e9 - Bantam Wankm\u00fcller SA<\/title>\n<meta name=\"robots\" content=\"index, follow, max-snippet:-1, max-image-preview:large, max-video-preview:-1\" \/>\n<link rel=\"canonical\" href=\"https:\/\/shop.bantam.ch\/fr\/produit\/meuble-de-camping-eurotrail-st-barts-couleur-gris-fonce\/\" \/>\n<meta property=\"og:locale\" content=\"fr_FR\" \/>\n<meta property=\"og:type\" content=\"article\" \/>\n<meta property=\"og:title\" content=\"Meuble de camping EuroTrail St. Barts Couleur gris fonc\u00e9 - Bantam Wankm\u00fcller SA\" \/>\n<meta property=\"og:description\" content=\"Meuble \u00e0 provisions et de stockage compact, pliable, sac inclus. Avec porte en forme de D tape-\u00e0-l\u2018\u0153il, 2 \u00e9tag\u00e8res (bords renforc\u00e9s en aluminium), grille de ventilation \u00e0 l\u2018arri\u00e8re et pieds r\u00e9glables individuellement. \u00a0 Meuble \u00e0 provisions et de stockage compact Pliable Montage simple et rapide (cadre repliable en croix) Avec sac et grille de ventilation [&hellip;]\" \/>\n<meta property=\"og:url\" content=\"https:\/\/shop.bantam.ch\/fr\/produit\/meuble-de-camping-eurotrail-st-barts-couleur-gris-fonce\/\" \/>\n<meta property=\"og:site_name\" content=\"Bantam Wankm\u00fcller SA\" \/>\n<meta property=\"article:modified_time\" content=\"2026-04-19T21:01:19+00:00\" \/>\n<meta property=\"og:image\" content=\"https:\/\/shop.bantam.ch\/wp-content\/uploads\/2024\/05\/Movera-L-9930561100.jpg\" \/>\n\t<meta property=\"og:image:width\" content=\"640\" \/>\n\t<meta property=\"og:image:height\" content=\"687\" \/>\n\t<meta property=\"og:image:type\" content=\"image\/jpeg\" \/>\n<meta name=\"twitter:card\" content=\"summary_large_image\" \/>\n<script type=\"application\/ld+json\" class=\"yoast-schema-graph\">{\"@context\":\"https:\\\/\\\/schema.org\",\"@graph\":[{\"@type\":\"WebPage\",\"@id\":\"https:\\\/\\\/shop.bantam.ch\\\/fr\\\/produit\\\/meuble-de-camping-eurotrail-st-barts-couleur-gris-fonce\\\/\",\"url\":\"https:\\\/\\\/shop.bantam.ch\\\/fr\\\/produit\\\/meuble-de-camping-eurotrail-st-barts-couleur-gris-fonce\\\/\",\"name\":\"Meuble de camping EuroTrail St. Barts Couleur gris fonc\u00e9 - Bantam Wankm\u00fcller SA\",\"isPartOf\":{\"@id\":\"https:\\\/\\\/shop.bantam.ch\\\/fr\\\/#website\"},\"primaryImageOfPage\":{\"@id\":\"https:\\\/\\\/shop.bantam.ch\\\/fr\\\/produit\\\/meuble-de-camping-eurotrail-st-barts-couleur-gris-fonce\\\/#primaryimage\"},\"image\":{\"@id\":\"https:\\\/\\\/shop.bantam.ch\\\/fr\\\/produit\\\/meuble-de-camping-eurotrail-st-barts-couleur-gris-fonce\\\/#primaryimage\"},\"thumbnailUrl\":\"https:\\\/\\\/shop.bantam.ch\\\/wp-content\\\/uploads\\\/2024\\\/09\\\/Movera-L-9930561100.jpg\",\"datePublished\":\"2024-05-15T12:11:57+00:00\",\"dateModified\":\"2026-04-19T21:01:19+00:00\",\"breadcrumb\":{\"@id\":\"https:\\\/\\\/shop.bantam.ch\\\/fr\\\/produit\\\/meuble-de-camping-eurotrail-st-barts-couleur-gris-fonce\\\/#breadcrumb\"},\"inLanguage\":\"fr-FR\",\"potentialAction\":[{\"@type\":\"ReadAction\",\"target\":[\"https:\\\/\\\/shop.bantam.ch\\\/fr\\\/produit\\\/meuble-de-camping-eurotrail-st-barts-couleur-gris-fonce\\\/\"]}]},{\"@type\":\"ImageObject\",\"inLanguage\":\"fr-FR\",\"@id\":\"https:\\\/\\\/shop.bantam.ch\\\/fr\\\/produit\\\/meuble-de-camping-eurotrail-st-barts-couleur-gris-fonce\\\/#primaryimage\",\"url\":\"https:\\\/\\\/shop.bantam.ch\\\/wp-content\\\/uploads\\\/2024\\\/09\\\/Movera-L-9930561100.jpg\",\"contentUrl\":\"https:\\\/\\\/shop.bantam.ch\\\/wp-content\\\/uploads\\\/2024\\\/09\\\/Movera-L-9930561100.jpg\",\"width\":640,\"height\":687},{\"@type\":\"BreadcrumbList\",\"@id\":\"https:\\\/\\\/shop.bantam.ch\\\/fr\\\/produit\\\/meuble-de-camping-eurotrail-st-barts-couleur-gris-fonce\\\/#breadcrumb\",\"itemListElement\":[{\"@type\":\"ListItem\",\"position\":1,\"name\":\"Accueil\",\"item\":\"https:\\\/\\\/shop.bantam.ch\\\/fr\\\/\"},{\"@type\":\"ListItem\",\"position\":2,\"name\":\"Boutique\",\"item\":\"https:\\\/\\\/shop.bantam.ch\\\/fr\\\/boutique\\\/\"},{\"@type\":\"ListItem\",\"position\":3,\"name\":\"Meuble de camping EuroTrail St. Barts Couleur gris fonc\u00e9\"}]},{\"@type\":\"WebSite\",\"@id\":\"https:\\\/\\\/shop.bantam.ch\\\/fr\\\/#website\",\"url\":\"https:\\\/\\\/shop.bantam.ch\\\/fr\\\/\",\"name\":\"Bantam Wankm\u00fcller SA\",\"description\":\"\",\"publisher\":{\"@id\":\"https:\\\/\\\/shop.bantam.ch\\\/fr\\\/#organization\"},\"inLanguage\":\"fr-FR\"},{\"@type\":\"Organization\",\"@id\":\"https:\\\/\\\/shop.bantam.ch\\\/fr\\\/#organization\",\"name\":\"Bantam Wankm\u00fcller SA\",\"url\":\"https:\\\/\\\/shop.bantam.ch\\\/fr\\\/\",\"logo\":{\"@type\":\"ImageObject\",\"inLanguage\":\"fr-FR\",\"@id\":\"https:\\\/\\\/shop.bantam.ch\\\/fr\\\/#\\\/schema\\\/logo\\\/image\\\/\",\"url\":\"https:\\\/\\\/shop.bantam.ch\\\/wp-content\\\/uploads\\\/2022\\\/12\\\/bantam-logo.png\",\"contentUrl\":\"https:\\\/\\\/shop.bantam.ch\\\/wp-content\\\/uploads\\\/2022\\\/12\\\/bantam-logo.png\",\"width\":320,\"height\":71,\"caption\":\"Bantam Wankm\u00fcller SA\"},\"image\":{\"@id\":\"https:\\\/\\\/shop.bantam.ch\\\/fr\\\/#\\\/schema\\\/logo\\\/image\\\/\"}}]}<\/script>\n<!-- \/ Yoast SEO plugin. -->","yoast_head_json":{"title":"Meuble de camping EuroTrail St. Barts Couleur gris fonc\u00e9 - Bantam Wankm\u00fcller SA","robots":{"index":"index","follow":"follow","max-snippet":"max-snippet:-1","max-image-preview":"max-image-preview:large","max-video-preview":"max-video-preview:-1"},"canonical":"https:\/\/shop.bantam.ch\/fr\/produit\/meuble-de-camping-eurotrail-st-barts-couleur-gris-fonce\/","og_locale":"fr_FR","og_type":"article","og_title":"Meuble de camping EuroTrail St. Barts Couleur gris fonc\u00e9 - Bantam Wankm\u00fcller SA","og_description":"Meuble \u00e0 provisions et de stockage compact, pliable, sac inclus. Avec porte en forme de D tape-\u00e0-l\u2018\u0153il, 2 \u00e9tag\u00e8res (bords renforc\u00e9s en aluminium), grille de ventilation \u00e0 l\u2018arri\u00e8re et pieds r\u00e9glables individuellement. \u00a0 Meuble \u00e0 provisions et de stockage compact Pliable Montage simple et rapide (cadre repliable en croix) Avec sac et grille de ventilation [&hellip;]","og_url":"https:\/\/shop.bantam.ch\/fr\/produit\/meuble-de-camping-eurotrail-st-barts-couleur-gris-fonce\/","og_site_name":"Bantam Wankm\u00fcller SA","article_modified_time":"2026-04-19T21:01:19+00:00","og_image":[{"width":640,"height":687,"url":"https:\/\/shop.bantam.ch\/wp-content\/uploads\/2024\/05\/Movera-L-9930561100.jpg","type":"image\/jpeg"}],"twitter_card":"summary_large_image","schema":{"@context":"https:\/\/schema.org","@graph":[{"@type":"WebPage","@id":"https:\/\/shop.bantam.ch\/fr\/produit\/meuble-de-camping-eurotrail-st-barts-couleur-gris-fonce\/","url":"https:\/\/shop.bantam.ch\/fr\/produit\/meuble-de-camping-eurotrail-st-barts-couleur-gris-fonce\/","name":"Meuble de camping EuroTrail St. Barts Couleur gris fonc\u00e9 - Bantam Wankm\u00fcller SA","isPartOf":{"@id":"https:\/\/shop.bantam.ch\/fr\/#website"},"primaryImageOfPage":{"@id":"https:\/\/shop.bantam.ch\/fr\/produit\/meuble-de-camping-eurotrail-st-barts-couleur-gris-fonce\/#primaryimage"},"image":{"@id":"https:\/\/shop.bantam.ch\/fr\/produit\/meuble-de-camping-eurotrail-st-barts-couleur-gris-fonce\/#primaryimage"},"thumbnailUrl":"https:\/\/shop.bantam.ch\/wp-content\/uploads\/2024\/09\/Movera-L-9930561100.jpg","datePublished":"2024-05-15T12:11:57+00:00","dateModified":"2026-04-19T21:01:19+00:00","breadcrumb":{"@id":"https:\/\/shop.bantam.ch\/fr\/produit\/meuble-de-camping-eurotrail-st-barts-couleur-gris-fonce\/#breadcrumb"},"inLanguage":"fr-FR","potentialAction":[{"@type":"ReadAction","target":["https:\/\/shop.bantam.ch\/fr\/produit\/meuble-de-camping-eurotrail-st-barts-couleur-gris-fonce\/"]}]},{"@type":"ImageObject","inLanguage":"fr-FR","@id":"https:\/\/shop.bantam.ch\/fr\/produit\/meuble-de-camping-eurotrail-st-barts-couleur-gris-fonce\/#primaryimage","url":"https:\/\/shop.bantam.ch\/wp-content\/uploads\/2024\/09\/Movera-L-9930561100.jpg","contentUrl":"https:\/\/shop.bantam.ch\/wp-content\/uploads\/2024\/09\/Movera-L-9930561100.jpg","width":640,"height":687},{"@type":"BreadcrumbList","@id":"https:\/\/shop.bantam.ch\/fr\/produit\/meuble-de-camping-eurotrail-st-barts-couleur-gris-fonce\/#breadcrumb","itemListElement":[{"@type":"ListItem","position":1,"name":"Accueil","item":"https:\/\/shop.bantam.ch\/fr\/"},{"@type":"ListItem","position":2,"name":"Boutique","item":"https:\/\/shop.bantam.ch\/fr\/boutique\/"},{"@type":"ListItem","position":3,"name":"Meuble de camping EuroTrail St. Barts Couleur gris fonc\u00e9"}]},{"@type":"WebSite","@id":"https:\/\/shop.bantam.ch\/fr\/#website","url":"https:\/\/shop.bantam.ch\/fr\/","name":"Bantam Wankm\u00fcller SA","description":"","publisher":{"@id":"https:\/\/shop.bantam.ch\/fr\/#organization"},"inLanguage":"fr-FR"},{"@type":"Organization","@id":"https:\/\/shop.bantam.ch\/fr\/#organization","name":"Bantam Wankm\u00fcller SA","url":"https:\/\/shop.bantam.ch\/fr\/","logo":{"@type":"ImageObject","inLanguage":"fr-FR","@id":"https:\/\/shop.bantam.ch\/fr\/#\/schema\/logo\/image\/","url":"https:\/\/shop.bantam.ch\/wp-content\/uploads\/2022\/12\/bantam-logo.png","contentUrl":"https:\/\/shop.bantam.ch\/wp-content\/uploads\/2022\/12\/bantam-logo.png","width":320,"height":71,"caption":"Bantam Wankm\u00fcller SA"},"image":{"@id":"https:\/\/shop.bantam.ch\/fr\/#\/schema\/logo\/image\/"}}]}},"_links":{"self":[{"href":"https:\/\/shop.bantam.ch\/fr\/wp-json\/wp\/v2\/product\/192945","targetHints":{"allow":["GET"]}}],"collection":[{"href":"https:\/\/shop.bantam.ch\/fr\/wp-json\/wp\/v2\/product"}],"about":[{"href":"https:\/\/shop.bantam.ch\/fr\/wp-json\/wp\/v2\/types\/product"}],"wp:featuredmedia":[{"embeddable":true,"href":"https:\/\/shop.bantam.ch\/fr\/wp-json\/wp\/v2\/media\/205386"}],"wp:attachment":[{"href":"https:\/\/shop.bantam.ch\/fr\/wp-json\/wp\/v2\/media?parent=192945"}],"wp:term":[{"taxonomy":"product_featured_cat","embeddable":true,"href":"https:\/\/shop.bantam.ch\/fr\/wp-json\/wp\/v2\/product_featured_cat?post=192945"},{"taxonomy":"product_brand","embeddable":true,"href":"https:\/\/shop.bantam.ch\/fr\/wp-json\/wp\/v2\/product_brand?post=192945"},{"taxonomy":"product_cat","embeddable":true,"href":"https:\/\/shop.bantam.ch\/fr\/wp-json\/wp\/v2\/product_cat?post=192945"},{"taxonomy":"product_tag","embeddable":true,"href":"https:\/\/shop.bantam.ch\/fr\/wp-json\/wp\/v2\/product_tag?post=192945"}],"curies":[{"name":"wp","href":"https:\/\/api.w.org\/{rel}","templated":true}]}}