{"id":192881,"date":"2024-05-15T14:09:56","date_gmt":"2024-05-15T12:09:56","guid":{"rendered":"https:\/\/shop.bantam.ch\/produit\/glaciere-engel-md45f-cd-p-40-l-12-24-v\/"},"modified":"2026-05-02T22:52:07","modified_gmt":"2026-05-02T20:52:07","slug":"glaciere-engel-md45f-cd-p-40-l-12-24-v","status":"publish","type":"product","link":"https:\/\/shop.bantam.ch\/fr\/produit\/glaciere-engel-md45f-cd-p-40-l-12-24-v\/","title":{"rendered":"Glaci\u00e8re Engel MD45F-CD-P 40 l. 12\/24 V"},"content":{"rendered":"<p>La qualit\u00e9 ENGEL \u00e9prouv\u00e9e avec de nombreuses possibilit\u00e9s d&rsquo;utilisation. L&rsquo;ENGEL MD45F-CD-P peut \u00eatre utilis\u00e9e aussi bien comme simple glaci\u00e8re qu&rsquo;avec un compartiment de cong\u00e9lation en deux tailles. Dans la variante combin\u00e9e, un compartiment de r\u00e9frig\u00e9ration de 22 litres et un compartiment de cong\u00e9lation de 17 litres, ou l&rsquo;inverse, sont disponibles. La bo\u00eete de cong\u00e9lation est insensible aux vibrations, aux chocs et aux inclinaisons et convient parfaitement aux bateaux.<br \/>\n<br \/>\nCaract\u00e9ristiques:<\/p>\n<ul>\n<li>Des variantes de combinaison pour un large domaine d&rsquo;utilisation<\/li>\n<p>.<\/p>\n<li>Consommation \u00e9lectrique extr\u00eamement faible<\/li>\n<li>Dur\u00e9e de vie jusqu&rsquo;\u00e0 30 ans et plus<\/li>\n<li>Possibilit\u00e9 de fonctionnement par cellules solaires<\/li>\n<li>100% sans entretien<\/li>\n<li>Isolation PU<\/li>\n<li>Nettoyage facile gr\u00e2ce aux surfaces lisses<\/li>\n<p>.\n<\/ul>\n<p>Livraison :<br \/>\nC\u00e2ble DC inclus, poign\u00e9es avec vis, mode d&#8217;emploi<\/p>\n","protected":false},"excerpt":{"rendered":"<p>La qualit\u00e9 ENGEL \u00e9prouv\u00e9e avec de nombreuses possibilit\u00e9s d&rsquo;utilisation. L&rsquo;ENGEL MD45F-CD-P peut \u00eatre utilis\u00e9e aussi bien comme simple glaci\u00e8re qu&rsquo;avec un compartiment de cong\u00e9lation en deux tailles. Dans la variante combin\u00e9e, un compartiment de r\u00e9frig\u00e9ration de 22 litres et un compartiment de cong\u00e9lation de 17 litres, ou l&rsquo;inverse, sont disponibles. La bo\u00eete de cong\u00e9lation est [&hellip;]<\/p>\n","protected":false},"featured_media":205306,"template":"","meta":{"_acf_changed":false},"product_featured_cat":[],"product_brand":[3772],"product_cat":[4545],"product_tag":[],"class_list":{"0":"post-192881","1":"product","2":"type-product","3":"status-publish","4":"has-post-thumbnail","6":"product_brand-engel","7":"product_cat-glacieres-a-compression","9":"first","10":"instock","11":"taxable","12":"shipping-taxable","13":"purchasable","14":"product-type-simple"},"acf":[],"yoast_head":"<!-- This site is optimized with the Yoast SEO plugin v27.5 - https:\/\/yoast.com\/product\/yoast-seo-wordpress\/ -->\n<title>Glaci\u00e8re Engel MD45F-CD-P 40 l. 12\/24 V - Bantam<\/title>\n<meta name=\"robots\" content=\"index, follow, max-snippet:-1, max-image-preview:large, max-video-preview:-1\" \/>\n<link rel=\"canonical\" href=\"https:\/\/shop.bantam.ch\/fr\/produit\/glaciere-engel-md45f-cd-p-40-l-12-24-v\/\" \/>\n<meta property=\"og:locale\" content=\"fr_FR\" \/>\n<meta property=\"og:type\" content=\"article\" \/>\n<meta property=\"og:title\" content=\"Glaci\u00e8re Engel MD45F-CD-P 40 l. 12\/24 V - Bantam\" \/>\n<meta property=\"og:description\" content=\"La qualit\u00e9 ENGEL \u00e9prouv\u00e9e avec de nombreuses possibilit\u00e9s d&rsquo;utilisation. L&rsquo;ENGEL MD45F-CD-P peut \u00eatre utilis\u00e9e aussi bien comme simple glaci\u00e8re qu&rsquo;avec un compartiment de cong\u00e9lation en deux tailles. Dans la variante combin\u00e9e, un compartiment de r\u00e9frig\u00e9ration de 22 litres et un compartiment de cong\u00e9lation de 17 litres, ou l&rsquo;inverse, sont disponibles. La bo\u00eete de cong\u00e9lation est [&hellip;]\" \/>\n<meta property=\"og:url\" content=\"https:\/\/shop.bantam.ch\/fr\/produit\/glaciere-engel-md45f-cd-p-40-l-12-24-v\/\" \/>\n<meta property=\"og:site_name\" content=\"Bantam\" \/>\n<meta property=\"article:modified_time\" content=\"2026-05-02T20:52:07+00:00\" \/>\n<meta property=\"og:image\" content=\"https:\/\/shop.bantam.ch\/wp-content\/uploads\/2024\/05\/Movera-L-9929142100.jpg\" \/>\n\t<meta property=\"og:image:width\" content=\"640\" \/>\n\t<meta property=\"og:image:height\" content=\"658\" \/>\n\t<meta property=\"og:image:type\" content=\"image\/jpeg\" \/>\n<meta name=\"twitter:card\" content=\"summary_large_image\" \/>\n<meta name=\"twitter:label1\" content=\"Dur\u00e9e de lecture estim\u00e9e\" \/>\n\t<meta name=\"twitter:data1\" content=\"1 minute\" \/>\n<script type=\"application\/ld+json\" class=\"yoast-schema-graph\">{\"@context\":\"https:\\\/\\\/schema.org\",\"@graph\":[{\"@type\":\"WebPage\",\"@id\":\"https:\\\/\\\/shop.bantam.ch\\\/fr\\\/produit\\\/glaciere-engel-md45f-cd-p-40-l-12-24-v\\\/\",\"url\":\"https:\\\/\\\/shop.bantam.ch\\\/fr\\\/produit\\\/glaciere-engel-md45f-cd-p-40-l-12-24-v\\\/\",\"name\":\"Glaci\u00e8re Engel MD45F-CD-P 40 l. 12\\\/24 V - Bantam\",\"isPartOf\":{\"@id\":\"https:\\\/\\\/shop.bantam.ch\\\/fr\\\/#website\"},\"primaryImageOfPage\":{\"@id\":\"https:\\\/\\\/shop.bantam.ch\\\/fr\\\/produit\\\/glaciere-engel-md45f-cd-p-40-l-12-24-v\\\/#primaryimage\"},\"image\":{\"@id\":\"https:\\\/\\\/shop.bantam.ch\\\/fr\\\/produit\\\/glaciere-engel-md45f-cd-p-40-l-12-24-v\\\/#primaryimage\"},\"thumbnailUrl\":\"https:\\\/\\\/shop.bantam.ch\\\/wp-content\\\/uploads\\\/2024\\\/09\\\/Movera-L-9929142100.jpg\",\"datePublished\":\"2024-05-15T12:09:56+00:00\",\"dateModified\":\"2026-05-02T20:52:07+00:00\",\"breadcrumb\":{\"@id\":\"https:\\\/\\\/shop.bantam.ch\\\/fr\\\/produit\\\/glaciere-engel-md45f-cd-p-40-l-12-24-v\\\/#breadcrumb\"},\"inLanguage\":\"fr-FR\",\"potentialAction\":[{\"@type\":\"ReadAction\",\"target\":[\"https:\\\/\\\/shop.bantam.ch\\\/fr\\\/produit\\\/glaciere-engel-md45f-cd-p-40-l-12-24-v\\\/\"]}]},{\"@type\":\"ImageObject\",\"inLanguage\":\"fr-FR\",\"@id\":\"https:\\\/\\\/shop.bantam.ch\\\/fr\\\/produit\\\/glaciere-engel-md45f-cd-p-40-l-12-24-v\\\/#primaryimage\",\"url\":\"https:\\\/\\\/shop.bantam.ch\\\/wp-content\\\/uploads\\\/2024\\\/09\\\/Movera-L-9929142100.jpg\",\"contentUrl\":\"https:\\\/\\\/shop.bantam.ch\\\/wp-content\\\/uploads\\\/2024\\\/09\\\/Movera-L-9929142100.jpg\",\"width\":640,\"height\":658},{\"@type\":\"BreadcrumbList\",\"@id\":\"https:\\\/\\\/shop.bantam.ch\\\/fr\\\/produit\\\/glaciere-engel-md45f-cd-p-40-l-12-24-v\\\/#breadcrumb\",\"itemListElement\":[{\"@type\":\"ListItem\",\"position\":1,\"name\":\"Accueil\",\"item\":\"https:\\\/\\\/shop.bantam.ch\\\/fr\\\/\"},{\"@type\":\"ListItem\",\"position\":2,\"name\":\"Boutique\",\"item\":\"https:\\\/\\\/shop.bantam.ch\\\/fr\\\/boutique\\\/\"},{\"@type\":\"ListItem\",\"position\":3,\"name\":\"Glaci\u00e8re Engel MD45F-CD-P 40 l. 12\\\/24 V\"}]},{\"@type\":\"WebSite\",\"@id\":\"https:\\\/\\\/shop.bantam.ch\\\/fr\\\/#website\",\"url\":\"https:\\\/\\\/shop.bantam.ch\\\/fr\\\/\",\"name\":\"Bantam\",\"description\":\"\",\"publisher\":{\"@id\":\"https:\\\/\\\/shop.bantam.ch\\\/fr\\\/#organization\"},\"inLanguage\":\"fr-FR\"},{\"@type\":\"Organization\",\"@id\":\"https:\\\/\\\/shop.bantam.ch\\\/fr\\\/#organization\",\"name\":\"Bantam\",\"url\":\"https:\\\/\\\/shop.bantam.ch\\\/fr\\\/\",\"logo\":{\"@type\":\"ImageObject\",\"inLanguage\":\"fr-FR\",\"@id\":\"https:\\\/\\\/shop.bantam.ch\\\/fr\\\/#\\\/schema\\\/logo\\\/image\\\/\",\"url\":\"https:\\\/\\\/shop.bantam.ch\\\/wp-content\\\/uploads\\\/2022\\\/12\\\/bantam-logo.png\",\"contentUrl\":\"https:\\\/\\\/shop.bantam.ch\\\/wp-content\\\/uploads\\\/2022\\\/12\\\/bantam-logo.png\",\"width\":320,\"height\":71,\"caption\":\"Bantam\"},\"image\":{\"@id\":\"https:\\\/\\\/shop.bantam.ch\\\/fr\\\/#\\\/schema\\\/logo\\\/image\\\/\"}}]}<\/script>\n<!-- \/ Yoast SEO plugin. -->","yoast_head_json":{"title":"Glaci\u00e8re Engel MD45F-CD-P 40 l. 12\/24 V - Bantam","robots":{"index":"index","follow":"follow","max-snippet":"max-snippet:-1","max-image-preview":"max-image-preview:large","max-video-preview":"max-video-preview:-1"},"canonical":"https:\/\/shop.bantam.ch\/fr\/produit\/glaciere-engel-md45f-cd-p-40-l-12-24-v\/","og_locale":"fr_FR","og_type":"article","og_title":"Glaci\u00e8re Engel MD45F-CD-P 40 l. 12\/24 V - Bantam","og_description":"La qualit\u00e9 ENGEL \u00e9prouv\u00e9e avec de nombreuses possibilit\u00e9s d&rsquo;utilisation. L&rsquo;ENGEL MD45F-CD-P peut \u00eatre utilis\u00e9e aussi bien comme simple glaci\u00e8re qu&rsquo;avec un compartiment de cong\u00e9lation en deux tailles. Dans la variante combin\u00e9e, un compartiment de r\u00e9frig\u00e9ration de 22 litres et un compartiment de cong\u00e9lation de 17 litres, ou l&rsquo;inverse, sont disponibles. La bo\u00eete de cong\u00e9lation est [&hellip;]","og_url":"https:\/\/shop.bantam.ch\/fr\/produit\/glaciere-engel-md45f-cd-p-40-l-12-24-v\/","og_site_name":"Bantam","article_modified_time":"2026-05-02T20:52:07+00:00","og_image":[{"width":640,"height":658,"url":"https:\/\/shop.bantam.ch\/wp-content\/uploads\/2024\/05\/Movera-L-9929142100.jpg","type":"image\/jpeg"}],"twitter_card":"summary_large_image","twitter_misc":{"Dur\u00e9e de lecture estim\u00e9e":"1 minute"},"schema":{"@context":"https:\/\/schema.org","@graph":[{"@type":"WebPage","@id":"https:\/\/shop.bantam.ch\/fr\/produit\/glaciere-engel-md45f-cd-p-40-l-12-24-v\/","url":"https:\/\/shop.bantam.ch\/fr\/produit\/glaciere-engel-md45f-cd-p-40-l-12-24-v\/","name":"Glaci\u00e8re Engel MD45F-CD-P 40 l. 12\/24 V - Bantam","isPartOf":{"@id":"https:\/\/shop.bantam.ch\/fr\/#website"},"primaryImageOfPage":{"@id":"https:\/\/shop.bantam.ch\/fr\/produit\/glaciere-engel-md45f-cd-p-40-l-12-24-v\/#primaryimage"},"image":{"@id":"https:\/\/shop.bantam.ch\/fr\/produit\/glaciere-engel-md45f-cd-p-40-l-12-24-v\/#primaryimage"},"thumbnailUrl":"https:\/\/shop.bantam.ch\/wp-content\/uploads\/2024\/09\/Movera-L-9929142100.jpg","datePublished":"2024-05-15T12:09:56+00:00","dateModified":"2026-05-02T20:52:07+00:00","breadcrumb":{"@id":"https:\/\/shop.bantam.ch\/fr\/produit\/glaciere-engel-md45f-cd-p-40-l-12-24-v\/#breadcrumb"},"inLanguage":"fr-FR","potentialAction":[{"@type":"ReadAction","target":["https:\/\/shop.bantam.ch\/fr\/produit\/glaciere-engel-md45f-cd-p-40-l-12-24-v\/"]}]},{"@type":"ImageObject","inLanguage":"fr-FR","@id":"https:\/\/shop.bantam.ch\/fr\/produit\/glaciere-engel-md45f-cd-p-40-l-12-24-v\/#primaryimage","url":"https:\/\/shop.bantam.ch\/wp-content\/uploads\/2024\/09\/Movera-L-9929142100.jpg","contentUrl":"https:\/\/shop.bantam.ch\/wp-content\/uploads\/2024\/09\/Movera-L-9929142100.jpg","width":640,"height":658},{"@type":"BreadcrumbList","@id":"https:\/\/shop.bantam.ch\/fr\/produit\/glaciere-engel-md45f-cd-p-40-l-12-24-v\/#breadcrumb","itemListElement":[{"@type":"ListItem","position":1,"name":"Accueil","item":"https:\/\/shop.bantam.ch\/fr\/"},{"@type":"ListItem","position":2,"name":"Boutique","item":"https:\/\/shop.bantam.ch\/fr\/boutique\/"},{"@type":"ListItem","position":3,"name":"Glaci\u00e8re Engel MD45F-CD-P 40 l. 12\/24 V"}]},{"@type":"WebSite","@id":"https:\/\/shop.bantam.ch\/fr\/#website","url":"https:\/\/shop.bantam.ch\/fr\/","name":"Bantam","description":"","publisher":{"@id":"https:\/\/shop.bantam.ch\/fr\/#organization"},"inLanguage":"fr-FR"},{"@type":"Organization","@id":"https:\/\/shop.bantam.ch\/fr\/#organization","name":"Bantam","url":"https:\/\/shop.bantam.ch\/fr\/","logo":{"@type":"ImageObject","inLanguage":"fr-FR","@id":"https:\/\/shop.bantam.ch\/fr\/#\/schema\/logo\/image\/","url":"https:\/\/shop.bantam.ch\/wp-content\/uploads\/2022\/12\/bantam-logo.png","contentUrl":"https:\/\/shop.bantam.ch\/wp-content\/uploads\/2022\/12\/bantam-logo.png","width":320,"height":71,"caption":"Bantam"},"image":{"@id":"https:\/\/shop.bantam.ch\/fr\/#\/schema\/logo\/image\/"}}]}},"_links":{"self":[{"href":"https:\/\/shop.bantam.ch\/fr\/wp-json\/wp\/v2\/product\/192881","targetHints":{"allow":["GET"]}}],"collection":[{"href":"https:\/\/shop.bantam.ch\/fr\/wp-json\/wp\/v2\/product"}],"about":[{"href":"https:\/\/shop.bantam.ch\/fr\/wp-json\/wp\/v2\/types\/product"}],"wp:featuredmedia":[{"embeddable":true,"href":"https:\/\/shop.bantam.ch\/fr\/wp-json\/wp\/v2\/media\/205306"}],"wp:attachment":[{"href":"https:\/\/shop.bantam.ch\/fr\/wp-json\/wp\/v2\/media?parent=192881"}],"wp:term":[{"taxonomy":"product_featured_cat","embeddable":true,"href":"https:\/\/shop.bantam.ch\/fr\/wp-json\/wp\/v2\/product_featured_cat?post=192881"},{"taxonomy":"product_brand","embeddable":true,"href":"https:\/\/shop.bantam.ch\/fr\/wp-json\/wp\/v2\/product_brand?post=192881"},{"taxonomy":"product_cat","embeddable":true,"href":"https:\/\/shop.bantam.ch\/fr\/wp-json\/wp\/v2\/product_cat?post=192881"},{"taxonomy":"product_tag","embeddable":true,"href":"https:\/\/shop.bantam.ch\/fr\/wp-json\/wp\/v2\/product_tag?post=192881"}],"curies":[{"name":"wp","href":"https:\/\/api.w.org\/{rel}","templated":true}]}}