{"id":192751,"date":"2024-05-15T14:05:56","date_gmt":"2024-05-15T12:05:56","guid":{"rendered":"https:\/\/shop.bantam.ch\/produit\/tente-auvent-thule-panorama\/"},"modified":"2026-04-18T00:54:59","modified_gmt":"2026-04-17T22:54:59","slug":"tente-auvent-thule-panorama","status":"publish","type":"product","link":"https:\/\/shop.bantam.ch\/fr\/produit\/tente-auvent-thule-panorama\/","title":{"rendered":"tente auvent Thule Panorama"},"content":{"rendered":"<p>Le panorama se compose de deux parties lat\u00e9rales et d&rsquo;une paroi frontale, offre une excellente stabilit\u00e9 et est facile \u00e0 monter. La paroi avant est simplement gliss\u00e9e dans la barre frontale du store. La paroi lat\u00e9rale est fix\u00e9e \u00e0 la toile du store \u00e0 l&rsquo;aide d&rsquo;un profil\u00e9 de serrage pour une \u00e9tanch\u00e9it\u00e9 parfaite. Pour une esth\u00e9tique parfaite, les pieds de support sont cach\u00e9s par la paroi avant. Tous les d\u00e9tails ont \u00e9t\u00e9 fabriqu\u00e9s avec un soin particulier.<\/p>\n<ul>\n<li>Mat\u00e9riau de la toile: AIRTEX est une toile 100% polyester, enduite d&rsquo;acrylate sur une face et impr\u00e9gn\u00e9e d&rsquo;un rev\u00eatement \u00e0 base de t\u00e9flon. L&rsquo;enduction fongicide emp\u00eache la formation de moisissures. La toile n&rsquo;absorbe pratiquement pas d&rsquo;humidit\u00e9 et pr\u00e9sente une r\u00e9sistance optimale \u00e0 l&rsquo;eau. Elle n\u00e9cessite un entretien minimal et est lavable.<\/li>\n<li>Montage sans probl\u00e8me &amp; grande stabilit\u00e9 : la tente offre une stabilit\u00e9 extr\u00eame tout en \u00e9tant facile et rapide \u00e0 monter.<\/li>\n<li>Modularit\u00e9: avec de grandes fen\u00eatres qui laissent entrer beaucoup de lumi\u00e8re et permettent de voir encore mieux ce qui se passe autour, la Thule Safari Panorama offre une v\u00e9ritable sensation d&rsquo;ext\u00e9rieur. En outre, les fen\u00eatres frontales peuvent \u00eatre enti\u00e8rement retir\u00e9es, utilis\u00e9es comme porte en les ouvrant verticalement ou ouvertes horizontalement pour laisser entrer l&rsquo;air frais. Les parois lat\u00e9rales de la tente peuvent \u00e9galement \u00eatre utilis\u00e9es comme Sun and Rain Blockers.<\/li>\n<li>A\u00e9ration intelligente: la tente dispose de bandes d&rsquo;a\u00e9ration sur les deux c\u00f4t\u00e9s, qui permettent une parfaite circulation de l&rsquo;air lorsque la tente est ferm\u00e9e. En outre, les deux fen\u00eatres lat\u00e9rales sont \u00e9quip\u00e9es de moustiquaires.<\/li>\n<li>Pens\u00e9e jusque dans les moindres d\u00e9tails : pour une esth\u00e9tique parfaite, les pieds de support sont cach\u00e9s par la paroi avant. Tous les d\u00e9tails ont \u00e9t\u00e9 fabriqu\u00e9s avec un soin particulier.<\/li>\n<li>La nouvelle tente Thule Safari Panorama est la premi\u00e8re tente auvent dont le design peut rivaliser avec un auvent classique de qualit\u00e9. Pour une esth\u00e9tique parfaite, les pieds de support sont cach\u00e9s par la paroi avant. Tous les d\u00e9tails ont \u00e9t\u00e9 r\u00e9alis\u00e9s avec un soin particulier.<\/li>\n<\/ul>\n<p>Mat\u00e9riau:<br \/>\n100 % polyester<\/p>\n<p>Contenu de la livraison:<br \/>\nInlcus Paroi frontale<br \/>\n2 parties lat\u00e9rales<br \/>\nTablier de sol<br \/>\n2 sacs de rangement<\/p>\n","protected":false},"excerpt":{"rendered":"<p>Le panorama se compose de deux parties lat\u00e9rales et d&rsquo;une paroi frontale, offre une excellente stabilit\u00e9 et est facile \u00e0 monter. La paroi avant est simplement gliss\u00e9e dans la barre frontale du store. La paroi lat\u00e9rale est fix\u00e9e \u00e0 la toile du store \u00e0 l&rsquo;aide d&rsquo;un profil\u00e9 de serrage pour une \u00e9tanch\u00e9it\u00e9 parfaite. Pour une [&hellip;]<\/p>\n","protected":false},"featured_media":192741,"template":"","meta":{"_acf_changed":false},"product_featured_cat":[],"product_brand":[3046],"product_cat":[4223],"product_tag":[],"class_list":{"0":"post-192751","1":"product","2":"type-product","3":"status-publish","4":"has-post-thumbnail","6":"product_brand-thule","7":"product_cat-stores-et-auvents","9":"first","10":"instock","11":"taxable","12":"shipping-taxable","13":"purchasable","14":"product-type-variable"},"acf":[],"yoast_head":"<!-- This site is optimized with the Yoast SEO plugin v27.4 - https:\/\/yoast.com\/product\/yoast-seo-wordpress\/ -->\n<title>tente auvent Thule Panorama - Bantam Wankm\u00fcller SA<\/title>\n<meta name=\"robots\" content=\"index, follow, max-snippet:-1, max-image-preview:large, max-video-preview:-1\" \/>\n<link rel=\"canonical\" href=\"https:\/\/shop.bantam.ch\/fr\/produit\/tente-auvent-thule-panorama\/\" \/>\n<meta property=\"og:locale\" content=\"fr_FR\" \/>\n<meta property=\"og:type\" content=\"article\" \/>\n<meta property=\"og:title\" content=\"tente auvent Thule Panorama - Bantam Wankm\u00fcller SA\" \/>\n<meta property=\"og:description\" content=\"Le panorama se compose de deux parties lat\u00e9rales et d&rsquo;une paroi frontale, offre une excellente stabilit\u00e9 et est facile \u00e0 monter. La paroi avant est simplement gliss\u00e9e dans la barre frontale du store. La paroi lat\u00e9rale est fix\u00e9e \u00e0 la toile du store \u00e0 l&rsquo;aide d&rsquo;un profil\u00e9 de serrage pour une \u00e9tanch\u00e9it\u00e9 parfaite. Pour une [&hellip;]\" \/>\n<meta property=\"og:url\" content=\"https:\/\/shop.bantam.ch\/fr\/produit\/tente-auvent-thule-panorama\/\" \/>\n<meta property=\"og:site_name\" content=\"Bantam Wankm\u00fcller SA\" \/>\n<meta property=\"article:modified_time\" content=\"2026-04-17T22:54:59+00:00\" \/>\n<meta property=\"og:image\" content=\"https:\/\/shop.bantam.ch\/wp-content\/uploads\/2024\/05\/Movera-L-0106702100.jpg\" \/>\n\t<meta property=\"og:image:width\" content=\"640\" \/>\n\t<meta property=\"og:image:height\" content=\"640\" \/>\n\t<meta property=\"og:image:type\" content=\"image\/jpeg\" \/>\n<meta name=\"twitter:card\" content=\"summary_large_image\" \/>\n<meta name=\"twitter:label1\" content=\"Dur\u00e9e de lecture estim\u00e9e\" \/>\n\t<meta name=\"twitter:data1\" content=\"2 minutes\" \/>\n<script type=\"application\/ld+json\" class=\"yoast-schema-graph\">{\"@context\":\"https:\\\/\\\/schema.org\",\"@graph\":[{\"@type\":\"WebPage\",\"@id\":\"https:\\\/\\\/shop.bantam.ch\\\/fr\\\/produit\\\/tente-auvent-thule-panorama\\\/\",\"url\":\"https:\\\/\\\/shop.bantam.ch\\\/fr\\\/produit\\\/tente-auvent-thule-panorama\\\/\",\"name\":\"tente auvent Thule Panorama - Bantam Wankm\u00fcller SA\",\"isPartOf\":{\"@id\":\"https:\\\/\\\/shop.bantam.ch\\\/fr\\\/#website\"},\"primaryImageOfPage\":{\"@id\":\"https:\\\/\\\/shop.bantam.ch\\\/fr\\\/produit\\\/tente-auvent-thule-panorama\\\/#primaryimage\"},\"image\":{\"@id\":\"https:\\\/\\\/shop.bantam.ch\\\/fr\\\/produit\\\/tente-auvent-thule-panorama\\\/#primaryimage\"},\"thumbnailUrl\":\"https:\\\/\\\/shop.bantam.ch\\\/wp-content\\\/uploads\\\/2024\\\/05\\\/Movera-L-0106702100.jpg\",\"datePublished\":\"2024-05-15T12:05:56+00:00\",\"dateModified\":\"2026-04-17T22:54:59+00:00\",\"breadcrumb\":{\"@id\":\"https:\\\/\\\/shop.bantam.ch\\\/fr\\\/produit\\\/tente-auvent-thule-panorama\\\/#breadcrumb\"},\"inLanguage\":\"fr-FR\",\"potentialAction\":[{\"@type\":\"ReadAction\",\"target\":[\"https:\\\/\\\/shop.bantam.ch\\\/fr\\\/produit\\\/tente-auvent-thule-panorama\\\/\"]}]},{\"@type\":\"ImageObject\",\"inLanguage\":\"fr-FR\",\"@id\":\"https:\\\/\\\/shop.bantam.ch\\\/fr\\\/produit\\\/tente-auvent-thule-panorama\\\/#primaryimage\",\"url\":\"https:\\\/\\\/shop.bantam.ch\\\/wp-content\\\/uploads\\\/2024\\\/05\\\/Movera-L-0106702100.jpg\",\"contentUrl\":\"https:\\\/\\\/shop.bantam.ch\\\/wp-content\\\/uploads\\\/2024\\\/05\\\/Movera-L-0106702100.jpg\",\"width\":640,\"height\":640},{\"@type\":\"BreadcrumbList\",\"@id\":\"https:\\\/\\\/shop.bantam.ch\\\/fr\\\/produit\\\/tente-auvent-thule-panorama\\\/#breadcrumb\",\"itemListElement\":[{\"@type\":\"ListItem\",\"position\":1,\"name\":\"Accueil\",\"item\":\"https:\\\/\\\/shop.bantam.ch\\\/fr\\\/\"},{\"@type\":\"ListItem\",\"position\":2,\"name\":\"Boutique\",\"item\":\"https:\\\/\\\/shop.bantam.ch\\\/fr\\\/boutique\\\/\"},{\"@type\":\"ListItem\",\"position\":3,\"name\":\"tente auvent Thule Panorama\"}]},{\"@type\":\"WebSite\",\"@id\":\"https:\\\/\\\/shop.bantam.ch\\\/fr\\\/#website\",\"url\":\"https:\\\/\\\/shop.bantam.ch\\\/fr\\\/\",\"name\":\"Bantam Wankm\u00fcller SA\",\"description\":\"\",\"publisher\":{\"@id\":\"https:\\\/\\\/shop.bantam.ch\\\/fr\\\/#organization\"},\"inLanguage\":\"fr-FR\"},{\"@type\":\"Organization\",\"@id\":\"https:\\\/\\\/shop.bantam.ch\\\/fr\\\/#organization\",\"name\":\"Bantam Wankm\u00fcller SA\",\"url\":\"https:\\\/\\\/shop.bantam.ch\\\/fr\\\/\",\"logo\":{\"@type\":\"ImageObject\",\"inLanguage\":\"fr-FR\",\"@id\":\"https:\\\/\\\/shop.bantam.ch\\\/fr\\\/#\\\/schema\\\/logo\\\/image\\\/\",\"url\":\"https:\\\/\\\/shop.bantam.ch\\\/wp-content\\\/uploads\\\/2022\\\/12\\\/bantam-logo.png\",\"contentUrl\":\"https:\\\/\\\/shop.bantam.ch\\\/wp-content\\\/uploads\\\/2022\\\/12\\\/bantam-logo.png\",\"width\":320,\"height\":71,\"caption\":\"Bantam Wankm\u00fcller SA\"},\"image\":{\"@id\":\"https:\\\/\\\/shop.bantam.ch\\\/fr\\\/#\\\/schema\\\/logo\\\/image\\\/\"}}]}<\/script>\n<!-- \/ Yoast SEO plugin. -->","yoast_head_json":{"title":"tente auvent Thule Panorama - Bantam Wankm\u00fcller SA","robots":{"index":"index","follow":"follow","max-snippet":"max-snippet:-1","max-image-preview":"max-image-preview:large","max-video-preview":"max-video-preview:-1"},"canonical":"https:\/\/shop.bantam.ch\/fr\/produit\/tente-auvent-thule-panorama\/","og_locale":"fr_FR","og_type":"article","og_title":"tente auvent Thule Panorama - Bantam Wankm\u00fcller SA","og_description":"Le panorama se compose de deux parties lat\u00e9rales et d&rsquo;une paroi frontale, offre une excellente stabilit\u00e9 et est facile \u00e0 monter. La paroi avant est simplement gliss\u00e9e dans la barre frontale du store. La paroi lat\u00e9rale est fix\u00e9e \u00e0 la toile du store \u00e0 l&rsquo;aide d&rsquo;un profil\u00e9 de serrage pour une \u00e9tanch\u00e9it\u00e9 parfaite. Pour une [&hellip;]","og_url":"https:\/\/shop.bantam.ch\/fr\/produit\/tente-auvent-thule-panorama\/","og_site_name":"Bantam Wankm\u00fcller SA","article_modified_time":"2026-04-17T22:54:59+00:00","og_image":[{"width":640,"height":640,"url":"https:\/\/shop.bantam.ch\/wp-content\/uploads\/2024\/05\/Movera-L-0106702100.jpg","type":"image\/jpeg"}],"twitter_card":"summary_large_image","twitter_misc":{"Dur\u00e9e de lecture estim\u00e9e":"2 minutes"},"schema":{"@context":"https:\/\/schema.org","@graph":[{"@type":"WebPage","@id":"https:\/\/shop.bantam.ch\/fr\/produit\/tente-auvent-thule-panorama\/","url":"https:\/\/shop.bantam.ch\/fr\/produit\/tente-auvent-thule-panorama\/","name":"tente auvent Thule Panorama - Bantam Wankm\u00fcller SA","isPartOf":{"@id":"https:\/\/shop.bantam.ch\/fr\/#website"},"primaryImageOfPage":{"@id":"https:\/\/shop.bantam.ch\/fr\/produit\/tente-auvent-thule-panorama\/#primaryimage"},"image":{"@id":"https:\/\/shop.bantam.ch\/fr\/produit\/tente-auvent-thule-panorama\/#primaryimage"},"thumbnailUrl":"https:\/\/shop.bantam.ch\/wp-content\/uploads\/2024\/05\/Movera-L-0106702100.jpg","datePublished":"2024-05-15T12:05:56+00:00","dateModified":"2026-04-17T22:54:59+00:00","breadcrumb":{"@id":"https:\/\/shop.bantam.ch\/fr\/produit\/tente-auvent-thule-panorama\/#breadcrumb"},"inLanguage":"fr-FR","potentialAction":[{"@type":"ReadAction","target":["https:\/\/shop.bantam.ch\/fr\/produit\/tente-auvent-thule-panorama\/"]}]},{"@type":"ImageObject","inLanguage":"fr-FR","@id":"https:\/\/shop.bantam.ch\/fr\/produit\/tente-auvent-thule-panorama\/#primaryimage","url":"https:\/\/shop.bantam.ch\/wp-content\/uploads\/2024\/05\/Movera-L-0106702100.jpg","contentUrl":"https:\/\/shop.bantam.ch\/wp-content\/uploads\/2024\/05\/Movera-L-0106702100.jpg","width":640,"height":640},{"@type":"BreadcrumbList","@id":"https:\/\/shop.bantam.ch\/fr\/produit\/tente-auvent-thule-panorama\/#breadcrumb","itemListElement":[{"@type":"ListItem","position":1,"name":"Accueil","item":"https:\/\/shop.bantam.ch\/fr\/"},{"@type":"ListItem","position":2,"name":"Boutique","item":"https:\/\/shop.bantam.ch\/fr\/boutique\/"},{"@type":"ListItem","position":3,"name":"tente auvent Thule Panorama"}]},{"@type":"WebSite","@id":"https:\/\/shop.bantam.ch\/fr\/#website","url":"https:\/\/shop.bantam.ch\/fr\/","name":"Bantam Wankm\u00fcller SA","description":"","publisher":{"@id":"https:\/\/shop.bantam.ch\/fr\/#organization"},"inLanguage":"fr-FR"},{"@type":"Organization","@id":"https:\/\/shop.bantam.ch\/fr\/#organization","name":"Bantam Wankm\u00fcller SA","url":"https:\/\/shop.bantam.ch\/fr\/","logo":{"@type":"ImageObject","inLanguage":"fr-FR","@id":"https:\/\/shop.bantam.ch\/fr\/#\/schema\/logo\/image\/","url":"https:\/\/shop.bantam.ch\/wp-content\/uploads\/2022\/12\/bantam-logo.png","contentUrl":"https:\/\/shop.bantam.ch\/wp-content\/uploads\/2022\/12\/bantam-logo.png","width":320,"height":71,"caption":"Bantam Wankm\u00fcller SA"},"image":{"@id":"https:\/\/shop.bantam.ch\/fr\/#\/schema\/logo\/image\/"}}]}},"_links":{"self":[{"href":"https:\/\/shop.bantam.ch\/fr\/wp-json\/wp\/v2\/product\/192751","targetHints":{"allow":["GET"]}}],"collection":[{"href":"https:\/\/shop.bantam.ch\/fr\/wp-json\/wp\/v2\/product"}],"about":[{"href":"https:\/\/shop.bantam.ch\/fr\/wp-json\/wp\/v2\/types\/product"}],"wp:featuredmedia":[{"embeddable":true,"href":"https:\/\/shop.bantam.ch\/fr\/wp-json\/wp\/v2\/media\/192741"}],"wp:attachment":[{"href":"https:\/\/shop.bantam.ch\/fr\/wp-json\/wp\/v2\/media?parent=192751"}],"wp:term":[{"taxonomy":"product_featured_cat","embeddable":true,"href":"https:\/\/shop.bantam.ch\/fr\/wp-json\/wp\/v2\/product_featured_cat?post=192751"},{"taxonomy":"product_brand","embeddable":true,"href":"https:\/\/shop.bantam.ch\/fr\/wp-json\/wp\/v2\/product_brand?post=192751"},{"taxonomy":"product_cat","embeddable":true,"href":"https:\/\/shop.bantam.ch\/fr\/wp-json\/wp\/v2\/product_cat?post=192751"},{"taxonomy":"product_tag","embeddable":true,"href":"https:\/\/shop.bantam.ch\/fr\/wp-json\/wp\/v2\/product_tag?post=192751"}],"curies":[{"name":"wp","href":"https:\/\/api.w.org\/{rel}","templated":true}]}}