{"id":192735,"date":"2024-05-15T14:05:41","date_gmt":"2024-05-15T12:05:41","guid":{"rendered":"https:\/\/shop.bantam.ch\/produit\/gasregler-en71-12kg-h-30mbar-g1-4-lh-kn-prv-version-ch\/"},"modified":"2026-05-11T22:52:36","modified_gmt":"2026-05-11T20:52:36","slug":"gasregler-en71-12kg-h-30mbar-g1-4-lh-kn-prv-version-ch","status":"publish","type":"product","link":"https:\/\/shop.bantam.ch\/fr\/produit\/gasregler-en71-12kg-h-30mbar-g1-4-lh-kn-prv-version-ch\/","title":{"rendered":"Gasregler EN71 1,2kg\/h 30mbar G1\/4 LH-KN PRV \u00ab\u00a0Version \u00ab\u00a0\u00a0\u00bbCH\u00a0\u00bb\u00a0\u00bb\u00a0\u00bb"},"content":{"rendered":"<p>Pour le raccordement aux bouteilles de gaz et la r\u00e9gulation de la pression \u00e0 la pression nominale de l&rsquo;appareil \u00e0 gaz. Avec dispositif de s\u00e9curit\u00e9 int\u00e9gr\u00e9 contre la surpression.<\/p>\n","protected":false},"excerpt":{"rendered":"<p>Pour le raccordement aux bouteilles de gaz et la r\u00e9gulation de la pression \u00e0 la pression nominale de l&rsquo;appareil \u00e0 gaz. Avec dispositif de s\u00e9curit\u00e9 int\u00e9gr\u00e9 contre la surpression.<\/p>\n","protected":false},"featured_media":205220,"template":"","meta":{"_acf_changed":false},"product_featured_cat":[],"product_brand":[3254],"product_cat":[4491],"product_tag":[],"class_list":{"0":"post-192735","1":"product","2":"type-product","3":"status-publish","4":"has-post-thumbnail","6":"product_brand-gok","7":"product_cat-detendeurs-gaz","9":"first","10":"instock","11":"taxable","12":"shipping-taxable","13":"purchasable","14":"product-type-simple"},"acf":[],"yoast_head":"<!-- This site is optimized with the Yoast SEO plugin v27.5 - https:\/\/yoast.com\/product\/yoast-seo-wordpress\/ -->\n<title>Gasregler EN71 1,2kg\/h 30mbar G1\/4 LH-KN PRV &quot;Version &quot;&quot;CH&quot;&quot;&quot; - Bantam<\/title>\n<meta name=\"robots\" content=\"index, follow, max-snippet:-1, max-image-preview:large, max-video-preview:-1\" \/>\n<link rel=\"canonical\" href=\"https:\/\/shop.bantam.ch\/fr\/produit\/gasregler-en71-12kg-h-30mbar-g1-4-lh-kn-prv-version-ch\/\" \/>\n<meta property=\"og:locale\" content=\"fr_FR\" \/>\n<meta property=\"og:type\" content=\"article\" \/>\n<meta property=\"og:title\" content=\"Gasregler EN71 1,2kg\/h 30mbar G1\/4 LH-KN PRV &quot;Version &quot;&quot;CH&quot;&quot;&quot; - Bantam\" \/>\n<meta property=\"og:description\" content=\"Pour le raccordement aux bouteilles de gaz et la r\u00e9gulation de la pression \u00e0 la pression nominale de l&rsquo;appareil \u00e0 gaz. Avec dispositif de s\u00e9curit\u00e9 int\u00e9gr\u00e9 contre la surpression.\" \/>\n<meta property=\"og:url\" content=\"https:\/\/shop.bantam.ch\/fr\/produit\/gasregler-en71-12kg-h-30mbar-g1-4-lh-kn-prv-version-ch\/\" \/>\n<meta property=\"og:site_name\" content=\"Bantam\" \/>\n<meta property=\"article:modified_time\" content=\"2026-05-11T20:52:36+00:00\" \/>\n<meta property=\"og:image\" content=\"https:\/\/shop.bantam.ch\/wp-content\/uploads\/2024\/05\/Movera-L-9926764100.png\" \/>\n\t<meta property=\"og:image:width\" content=\"640\" \/>\n\t<meta property=\"og:image:height\" content=\"389\" \/>\n\t<meta property=\"og:image:type\" content=\"image\/png\" \/>\n<meta name=\"twitter:card\" content=\"summary_large_image\" \/>\n<script type=\"application\/ld+json\" class=\"yoast-schema-graph\">{\"@context\":\"https:\\\/\\\/schema.org\",\"@graph\":[{\"@type\":\"WebPage\",\"@id\":\"https:\\\/\\\/shop.bantam.ch\\\/fr\\\/produit\\\/gasregler-en71-12kg-h-30mbar-g1-4-lh-kn-prv-version-ch\\\/\",\"url\":\"https:\\\/\\\/shop.bantam.ch\\\/fr\\\/produit\\\/gasregler-en71-12kg-h-30mbar-g1-4-lh-kn-prv-version-ch\\\/\",\"name\":\"Gasregler EN71 1,2kg\\\/h 30mbar G1\\\/4 LH-KN PRV \\\"Version \\\"\\\"CH\\\"\\\"\\\" - Bantam\",\"isPartOf\":{\"@id\":\"https:\\\/\\\/shop.bantam.ch\\\/fr\\\/#website\"},\"primaryImageOfPage\":{\"@id\":\"https:\\\/\\\/shop.bantam.ch\\\/fr\\\/produit\\\/gasregler-en71-12kg-h-30mbar-g1-4-lh-kn-prv-version-ch\\\/#primaryimage\"},\"image\":{\"@id\":\"https:\\\/\\\/shop.bantam.ch\\\/fr\\\/produit\\\/gasregler-en71-12kg-h-30mbar-g1-4-lh-kn-prv-version-ch\\\/#primaryimage\"},\"thumbnailUrl\":\"https:\\\/\\\/shop.bantam.ch\\\/wp-content\\\/uploads\\\/2024\\\/09\\\/Movera-L-9926764100.png\",\"datePublished\":\"2024-05-15T12:05:41+00:00\",\"dateModified\":\"2026-05-11T20:52:36+00:00\",\"breadcrumb\":{\"@id\":\"https:\\\/\\\/shop.bantam.ch\\\/fr\\\/produit\\\/gasregler-en71-12kg-h-30mbar-g1-4-lh-kn-prv-version-ch\\\/#breadcrumb\"},\"inLanguage\":\"fr-FR\",\"potentialAction\":[{\"@type\":\"ReadAction\",\"target\":[\"https:\\\/\\\/shop.bantam.ch\\\/fr\\\/produit\\\/gasregler-en71-12kg-h-30mbar-g1-4-lh-kn-prv-version-ch\\\/\"]}]},{\"@type\":\"ImageObject\",\"inLanguage\":\"fr-FR\",\"@id\":\"https:\\\/\\\/shop.bantam.ch\\\/fr\\\/produit\\\/gasregler-en71-12kg-h-30mbar-g1-4-lh-kn-prv-version-ch\\\/#primaryimage\",\"url\":\"https:\\\/\\\/shop.bantam.ch\\\/wp-content\\\/uploads\\\/2024\\\/09\\\/Movera-L-9926764100.png\",\"contentUrl\":\"https:\\\/\\\/shop.bantam.ch\\\/wp-content\\\/uploads\\\/2024\\\/09\\\/Movera-L-9926764100.png\",\"width\":640,\"height\":389},{\"@type\":\"BreadcrumbList\",\"@id\":\"https:\\\/\\\/shop.bantam.ch\\\/fr\\\/produit\\\/gasregler-en71-12kg-h-30mbar-g1-4-lh-kn-prv-version-ch\\\/#breadcrumb\",\"itemListElement\":[{\"@type\":\"ListItem\",\"position\":1,\"name\":\"Accueil\",\"item\":\"https:\\\/\\\/shop.bantam.ch\\\/fr\\\/\"},{\"@type\":\"ListItem\",\"position\":2,\"name\":\"Boutique\",\"item\":\"https:\\\/\\\/shop.bantam.ch\\\/fr\\\/boutique\\\/\"},{\"@type\":\"ListItem\",\"position\":3,\"name\":\"Gasregler EN71 1,2kg\\\/h 30mbar G1\\\/4 LH-KN PRV &#8220;Version &#8220;&#8221;CH&#8221;&#8221;&#8221;\"}]},{\"@type\":\"WebSite\",\"@id\":\"https:\\\/\\\/shop.bantam.ch\\\/fr\\\/#website\",\"url\":\"https:\\\/\\\/shop.bantam.ch\\\/fr\\\/\",\"name\":\"Bantam\",\"description\":\"\",\"publisher\":{\"@id\":\"https:\\\/\\\/shop.bantam.ch\\\/fr\\\/#organization\"},\"inLanguage\":\"fr-FR\"},{\"@type\":\"Organization\",\"@id\":\"https:\\\/\\\/shop.bantam.ch\\\/fr\\\/#organization\",\"name\":\"Bantam\",\"url\":\"https:\\\/\\\/shop.bantam.ch\\\/fr\\\/\",\"logo\":{\"@type\":\"ImageObject\",\"inLanguage\":\"fr-FR\",\"@id\":\"https:\\\/\\\/shop.bantam.ch\\\/fr\\\/#\\\/schema\\\/logo\\\/image\\\/\",\"url\":\"https:\\\/\\\/shop.bantam.ch\\\/wp-content\\\/uploads\\\/2022\\\/12\\\/bantam-logo.png\",\"contentUrl\":\"https:\\\/\\\/shop.bantam.ch\\\/wp-content\\\/uploads\\\/2022\\\/12\\\/bantam-logo.png\",\"width\":320,\"height\":71,\"caption\":\"Bantam\"},\"image\":{\"@id\":\"https:\\\/\\\/shop.bantam.ch\\\/fr\\\/#\\\/schema\\\/logo\\\/image\\\/\"}}]}<\/script>\n<!-- \/ Yoast SEO plugin. -->","yoast_head_json":{"title":"Gasregler EN71 1,2kg\/h 30mbar G1\/4 LH-KN PRV \"Version \"\"CH\"\"\" - Bantam","robots":{"index":"index","follow":"follow","max-snippet":"max-snippet:-1","max-image-preview":"max-image-preview:large","max-video-preview":"max-video-preview:-1"},"canonical":"https:\/\/shop.bantam.ch\/fr\/produit\/gasregler-en71-12kg-h-30mbar-g1-4-lh-kn-prv-version-ch\/","og_locale":"fr_FR","og_type":"article","og_title":"Gasregler EN71 1,2kg\/h 30mbar G1\/4 LH-KN PRV \"Version \"\"CH\"\"\" - Bantam","og_description":"Pour le raccordement aux bouteilles de gaz et la r\u00e9gulation de la pression \u00e0 la pression nominale de l&rsquo;appareil \u00e0 gaz. Avec dispositif de s\u00e9curit\u00e9 int\u00e9gr\u00e9 contre la surpression.","og_url":"https:\/\/shop.bantam.ch\/fr\/produit\/gasregler-en71-12kg-h-30mbar-g1-4-lh-kn-prv-version-ch\/","og_site_name":"Bantam","article_modified_time":"2026-05-11T20:52:36+00:00","og_image":[{"width":640,"height":389,"url":"https:\/\/shop.bantam.ch\/wp-content\/uploads\/2024\/05\/Movera-L-9926764100.png","type":"image\/png"}],"twitter_card":"summary_large_image","schema":{"@context":"https:\/\/schema.org","@graph":[{"@type":"WebPage","@id":"https:\/\/shop.bantam.ch\/fr\/produit\/gasregler-en71-12kg-h-30mbar-g1-4-lh-kn-prv-version-ch\/","url":"https:\/\/shop.bantam.ch\/fr\/produit\/gasregler-en71-12kg-h-30mbar-g1-4-lh-kn-prv-version-ch\/","name":"Gasregler EN71 1,2kg\/h 30mbar G1\/4 LH-KN PRV \"Version \"\"CH\"\"\" - Bantam","isPartOf":{"@id":"https:\/\/shop.bantam.ch\/fr\/#website"},"primaryImageOfPage":{"@id":"https:\/\/shop.bantam.ch\/fr\/produit\/gasregler-en71-12kg-h-30mbar-g1-4-lh-kn-prv-version-ch\/#primaryimage"},"image":{"@id":"https:\/\/shop.bantam.ch\/fr\/produit\/gasregler-en71-12kg-h-30mbar-g1-4-lh-kn-prv-version-ch\/#primaryimage"},"thumbnailUrl":"https:\/\/shop.bantam.ch\/wp-content\/uploads\/2024\/09\/Movera-L-9926764100.png","datePublished":"2024-05-15T12:05:41+00:00","dateModified":"2026-05-11T20:52:36+00:00","breadcrumb":{"@id":"https:\/\/shop.bantam.ch\/fr\/produit\/gasregler-en71-12kg-h-30mbar-g1-4-lh-kn-prv-version-ch\/#breadcrumb"},"inLanguage":"fr-FR","potentialAction":[{"@type":"ReadAction","target":["https:\/\/shop.bantam.ch\/fr\/produit\/gasregler-en71-12kg-h-30mbar-g1-4-lh-kn-prv-version-ch\/"]}]},{"@type":"ImageObject","inLanguage":"fr-FR","@id":"https:\/\/shop.bantam.ch\/fr\/produit\/gasregler-en71-12kg-h-30mbar-g1-4-lh-kn-prv-version-ch\/#primaryimage","url":"https:\/\/shop.bantam.ch\/wp-content\/uploads\/2024\/09\/Movera-L-9926764100.png","contentUrl":"https:\/\/shop.bantam.ch\/wp-content\/uploads\/2024\/09\/Movera-L-9926764100.png","width":640,"height":389},{"@type":"BreadcrumbList","@id":"https:\/\/shop.bantam.ch\/fr\/produit\/gasregler-en71-12kg-h-30mbar-g1-4-lh-kn-prv-version-ch\/#breadcrumb","itemListElement":[{"@type":"ListItem","position":1,"name":"Accueil","item":"https:\/\/shop.bantam.ch\/fr\/"},{"@type":"ListItem","position":2,"name":"Boutique","item":"https:\/\/shop.bantam.ch\/fr\/boutique\/"},{"@type":"ListItem","position":3,"name":"Gasregler EN71 1,2kg\/h 30mbar G1\/4 LH-KN PRV &#8220;Version &#8220;&#8221;CH&#8221;&#8221;&#8221;"}]},{"@type":"WebSite","@id":"https:\/\/shop.bantam.ch\/fr\/#website","url":"https:\/\/shop.bantam.ch\/fr\/","name":"Bantam","description":"","publisher":{"@id":"https:\/\/shop.bantam.ch\/fr\/#organization"},"inLanguage":"fr-FR"},{"@type":"Organization","@id":"https:\/\/shop.bantam.ch\/fr\/#organization","name":"Bantam","url":"https:\/\/shop.bantam.ch\/fr\/","logo":{"@type":"ImageObject","inLanguage":"fr-FR","@id":"https:\/\/shop.bantam.ch\/fr\/#\/schema\/logo\/image\/","url":"https:\/\/shop.bantam.ch\/wp-content\/uploads\/2022\/12\/bantam-logo.png","contentUrl":"https:\/\/shop.bantam.ch\/wp-content\/uploads\/2022\/12\/bantam-logo.png","width":320,"height":71,"caption":"Bantam"},"image":{"@id":"https:\/\/shop.bantam.ch\/fr\/#\/schema\/logo\/image\/"}}]}},"_links":{"self":[{"href":"https:\/\/shop.bantam.ch\/fr\/wp-json\/wp\/v2\/product\/192735","targetHints":{"allow":["GET"]}}],"collection":[{"href":"https:\/\/shop.bantam.ch\/fr\/wp-json\/wp\/v2\/product"}],"about":[{"href":"https:\/\/shop.bantam.ch\/fr\/wp-json\/wp\/v2\/types\/product"}],"wp:featuredmedia":[{"embeddable":true,"href":"https:\/\/shop.bantam.ch\/fr\/wp-json\/wp\/v2\/media\/205220"}],"wp:attachment":[{"href":"https:\/\/shop.bantam.ch\/fr\/wp-json\/wp\/v2\/media?parent=192735"}],"wp:term":[{"taxonomy":"product_featured_cat","embeddable":true,"href":"https:\/\/shop.bantam.ch\/fr\/wp-json\/wp\/v2\/product_featured_cat?post=192735"},{"taxonomy":"product_brand","embeddable":true,"href":"https:\/\/shop.bantam.ch\/fr\/wp-json\/wp\/v2\/product_brand?post=192735"},{"taxonomy":"product_cat","embeddable":true,"href":"https:\/\/shop.bantam.ch\/fr\/wp-json\/wp\/v2\/product_cat?post=192735"},{"taxonomy":"product_tag","embeddable":true,"href":"https:\/\/shop.bantam.ch\/fr\/wp-json\/wp\/v2\/product_tag?post=192735"}],"curies":[{"name":"wp","href":"https:\/\/api.w.org\/{rel}","templated":true}]}}