{"id":192585,"date":"2024-05-15T13:59:25","date_gmt":"2024-05-15T11:59:25","guid":{"rendered":"https:\/\/shop.bantam.ch\/produit\/bache-de-tablier-de-sol\/"},"modified":"2026-04-18T00:54:04","modified_gmt":"2026-04-17T22:54:04","slug":"bache-de-tablier-de-sol","status":"publish","type":"product","link":"https:\/\/shop.bantam.ch\/fr\/produit\/bache-de-tablier-de-sol\/","title":{"rendered":"B\u00e2che de tablier de sol"},"content":{"rendered":"<p>Prot\u00e8ge des courants d&rsquo;air \u00e0 l&rsquo;endroit o\u00f9 l&rsquo;on s&rsquo;assied devant la caravane et bloque les vents d\u00e9sagr\u00e9ables. Id\u00e9al \u00e9galement pour un montage durable gr\u00e2ce au bourrelet et aux \u0153illets pour la fixation au sol.<\/p>\n<p>&nbsp;<\/p>\n<p>Caract\u00e9ristiques:<\/p>\n<ul>\n<li>Faites de b\u00e2ches r\u00e9sistantes \u00e0 l&rsquo;hiver et renforc\u00e9es de tissu avec un bourrelet textile<\/li>\n<p>.<\/p>\n<li>Le bourrelet est rapidement ins\u00e9r\u00e9 et solidement soud\u00e9 au mat\u00e9riau. C&rsquo;est pourquoi le tablier de sol peut \u00eatre raccourci \u00e0 la bonne dimension sans qu&rsquo;un fil de couture ne se d\u00e9tache<\/li>\n<p>.<\/p>\n<li>Une fixation solide au sol s&rsquo;effectue \u00e0 l&rsquo;aide de piquets sur les \u0153illets renforc\u00e9s en PVC<\/li>\n<p>.\n<\/ul>\n<p>Mat\u00e9riel:<\/p>\n<p>Feuille de vinyle avec structure en lin et bordure en PVC<\/p>\n","protected":false},"excerpt":{"rendered":"<p>Prot\u00e8ge des courants d&rsquo;air \u00e0 l&rsquo;endroit o\u00f9 l&rsquo;on s&rsquo;assied devant la caravane et bloque les vents d\u00e9sagr\u00e9ables. Id\u00e9al \u00e9galement pour un montage durable gr\u00e2ce au bourrelet et aux \u0153illets pour la fixation au sol. &nbsp; Caract\u00e9ristiques: Faites de b\u00e2ches r\u00e9sistantes \u00e0 l&rsquo;hiver et renforc\u00e9es de tissu avec un bourrelet textile . Le bourrelet est rapidement [&hellip;]<\/p>\n","protected":false},"featured_media":192583,"template":"","meta":{"_acf_changed":false},"product_featured_cat":[],"product_brand":[3040],"product_cat":[5167],"product_tag":[],"class_list":{"0":"post-192585","1":"product","2":"type-product","3":"status-publish","4":"has-post-thumbnail","6":"product_brand-hindermann","7":"product_cat-tabliers-de-sol","9":"first","10":"instock","11":"taxable","12":"shipping-taxable","13":"purchasable","14":"product-type-variable"},"acf":[],"yoast_head":"<!-- This site is optimized with the Yoast SEO plugin v27.4 - https:\/\/yoast.com\/product\/yoast-seo-wordpress\/ -->\n<title>B\u00e2che de tablier de sol - Bantam Wankm\u00fcller SA<\/title>\n<meta name=\"robots\" content=\"index, follow, max-snippet:-1, max-image-preview:large, max-video-preview:-1\" \/>\n<link rel=\"canonical\" href=\"https:\/\/shop.bantam.ch\/fr\/produit\/bache-de-tablier-de-sol\/\" \/>\n<meta property=\"og:locale\" content=\"fr_FR\" \/>\n<meta property=\"og:type\" content=\"article\" \/>\n<meta property=\"og:title\" content=\"B\u00e2che de tablier de sol - Bantam Wankm\u00fcller SA\" \/>\n<meta property=\"og:description\" content=\"Prot\u00e8ge des courants d&rsquo;air \u00e0 l&rsquo;endroit o\u00f9 l&rsquo;on s&rsquo;assied devant la caravane et bloque les vents d\u00e9sagr\u00e9ables. Id\u00e9al \u00e9galement pour un montage durable gr\u00e2ce au bourrelet et aux \u0153illets pour la fixation au sol. &nbsp; Caract\u00e9ristiques: Faites de b\u00e2ches r\u00e9sistantes \u00e0 l&rsquo;hiver et renforc\u00e9es de tissu avec un bourrelet textile . Le bourrelet est rapidement [&hellip;]\" \/>\n<meta property=\"og:url\" content=\"https:\/\/shop.bantam.ch\/fr\/produit\/bache-de-tablier-de-sol\/\" \/>\n<meta property=\"og:site_name\" content=\"Bantam Wankm\u00fcller SA\" \/>\n<meta property=\"article:modified_time\" content=\"2026-04-17T22:54:04+00:00\" \/>\n<meta property=\"og:image\" content=\"https:\/\/shop.bantam.ch\/wp-content\/uploads\/2024\/05\/Movera-L-0106812100.jpg\" \/>\n\t<meta property=\"og:image:width\" content=\"640\" \/>\n\t<meta property=\"og:image:height\" content=\"427\" \/>\n\t<meta property=\"og:image:type\" content=\"image\/jpeg\" \/>\n<meta name=\"twitter:card\" content=\"summary_large_image\" \/>\n<meta name=\"twitter:label1\" content=\"Dur\u00e9e de lecture estim\u00e9e\" \/>\n\t<meta name=\"twitter:data1\" content=\"1 minute\" \/>\n<script type=\"application\/ld+json\" class=\"yoast-schema-graph\">{\"@context\":\"https:\\\/\\\/schema.org\",\"@graph\":[{\"@type\":\"WebPage\",\"@id\":\"https:\\\/\\\/shop.bantam.ch\\\/fr\\\/produit\\\/bache-de-tablier-de-sol\\\/\",\"url\":\"https:\\\/\\\/shop.bantam.ch\\\/fr\\\/produit\\\/bache-de-tablier-de-sol\\\/\",\"name\":\"B\u00e2che de tablier de sol - Bantam Wankm\u00fcller SA\",\"isPartOf\":{\"@id\":\"https:\\\/\\\/shop.bantam.ch\\\/fr\\\/#website\"},\"primaryImageOfPage\":{\"@id\":\"https:\\\/\\\/shop.bantam.ch\\\/fr\\\/produit\\\/bache-de-tablier-de-sol\\\/#primaryimage\"},\"image\":{\"@id\":\"https:\\\/\\\/shop.bantam.ch\\\/fr\\\/produit\\\/bache-de-tablier-de-sol\\\/#primaryimage\"},\"thumbnailUrl\":\"https:\\\/\\\/shop.bantam.ch\\\/wp-content\\\/uploads\\\/2024\\\/05\\\/Movera-L-0106812100.jpg\",\"datePublished\":\"2024-05-15T11:59:25+00:00\",\"dateModified\":\"2026-04-17T22:54:04+00:00\",\"breadcrumb\":{\"@id\":\"https:\\\/\\\/shop.bantam.ch\\\/fr\\\/produit\\\/bache-de-tablier-de-sol\\\/#breadcrumb\"},\"inLanguage\":\"fr-FR\",\"potentialAction\":[{\"@type\":\"ReadAction\",\"target\":[\"https:\\\/\\\/shop.bantam.ch\\\/fr\\\/produit\\\/bache-de-tablier-de-sol\\\/\"]}]},{\"@type\":\"ImageObject\",\"inLanguage\":\"fr-FR\",\"@id\":\"https:\\\/\\\/shop.bantam.ch\\\/fr\\\/produit\\\/bache-de-tablier-de-sol\\\/#primaryimage\",\"url\":\"https:\\\/\\\/shop.bantam.ch\\\/wp-content\\\/uploads\\\/2024\\\/05\\\/Movera-L-0106812100.jpg\",\"contentUrl\":\"https:\\\/\\\/shop.bantam.ch\\\/wp-content\\\/uploads\\\/2024\\\/05\\\/Movera-L-0106812100.jpg\",\"width\":640,\"height\":427},{\"@type\":\"BreadcrumbList\",\"@id\":\"https:\\\/\\\/shop.bantam.ch\\\/fr\\\/produit\\\/bache-de-tablier-de-sol\\\/#breadcrumb\",\"itemListElement\":[{\"@type\":\"ListItem\",\"position\":1,\"name\":\"Accueil\",\"item\":\"https:\\\/\\\/shop.bantam.ch\\\/fr\\\/\"},{\"@type\":\"ListItem\",\"position\":2,\"name\":\"Boutique\",\"item\":\"https:\\\/\\\/shop.bantam.ch\\\/fr\\\/boutique\\\/\"},{\"@type\":\"ListItem\",\"position\":3,\"name\":\"B\u00e2che de tablier de sol\"}]},{\"@type\":\"WebSite\",\"@id\":\"https:\\\/\\\/shop.bantam.ch\\\/fr\\\/#website\",\"url\":\"https:\\\/\\\/shop.bantam.ch\\\/fr\\\/\",\"name\":\"Bantam Wankm\u00fcller SA\",\"description\":\"\",\"publisher\":{\"@id\":\"https:\\\/\\\/shop.bantam.ch\\\/fr\\\/#organization\"},\"inLanguage\":\"fr-FR\"},{\"@type\":\"Organization\",\"@id\":\"https:\\\/\\\/shop.bantam.ch\\\/fr\\\/#organization\",\"name\":\"Bantam Wankm\u00fcller SA\",\"url\":\"https:\\\/\\\/shop.bantam.ch\\\/fr\\\/\",\"logo\":{\"@type\":\"ImageObject\",\"inLanguage\":\"fr-FR\",\"@id\":\"https:\\\/\\\/shop.bantam.ch\\\/fr\\\/#\\\/schema\\\/logo\\\/image\\\/\",\"url\":\"https:\\\/\\\/shop.bantam.ch\\\/wp-content\\\/uploads\\\/2022\\\/12\\\/bantam-logo.png\",\"contentUrl\":\"https:\\\/\\\/shop.bantam.ch\\\/wp-content\\\/uploads\\\/2022\\\/12\\\/bantam-logo.png\",\"width\":320,\"height\":71,\"caption\":\"Bantam Wankm\u00fcller SA\"},\"image\":{\"@id\":\"https:\\\/\\\/shop.bantam.ch\\\/fr\\\/#\\\/schema\\\/logo\\\/image\\\/\"}}]}<\/script>\n<!-- \/ Yoast SEO plugin. -->","yoast_head_json":{"title":"B\u00e2che de tablier de sol - Bantam Wankm\u00fcller SA","robots":{"index":"index","follow":"follow","max-snippet":"max-snippet:-1","max-image-preview":"max-image-preview:large","max-video-preview":"max-video-preview:-1"},"canonical":"https:\/\/shop.bantam.ch\/fr\/produit\/bache-de-tablier-de-sol\/","og_locale":"fr_FR","og_type":"article","og_title":"B\u00e2che de tablier de sol - Bantam Wankm\u00fcller SA","og_description":"Prot\u00e8ge des courants d&rsquo;air \u00e0 l&rsquo;endroit o\u00f9 l&rsquo;on s&rsquo;assied devant la caravane et bloque les vents d\u00e9sagr\u00e9ables. Id\u00e9al \u00e9galement pour un montage durable gr\u00e2ce au bourrelet et aux \u0153illets pour la fixation au sol. &nbsp; Caract\u00e9ristiques: Faites de b\u00e2ches r\u00e9sistantes \u00e0 l&rsquo;hiver et renforc\u00e9es de tissu avec un bourrelet textile . Le bourrelet est rapidement [&hellip;]","og_url":"https:\/\/shop.bantam.ch\/fr\/produit\/bache-de-tablier-de-sol\/","og_site_name":"Bantam Wankm\u00fcller SA","article_modified_time":"2026-04-17T22:54:04+00:00","og_image":[{"width":640,"height":427,"url":"https:\/\/shop.bantam.ch\/wp-content\/uploads\/2024\/05\/Movera-L-0106812100.jpg","type":"image\/jpeg"}],"twitter_card":"summary_large_image","twitter_misc":{"Dur\u00e9e de lecture estim\u00e9e":"1 minute"},"schema":{"@context":"https:\/\/schema.org","@graph":[{"@type":"WebPage","@id":"https:\/\/shop.bantam.ch\/fr\/produit\/bache-de-tablier-de-sol\/","url":"https:\/\/shop.bantam.ch\/fr\/produit\/bache-de-tablier-de-sol\/","name":"B\u00e2che de tablier de sol - Bantam Wankm\u00fcller SA","isPartOf":{"@id":"https:\/\/shop.bantam.ch\/fr\/#website"},"primaryImageOfPage":{"@id":"https:\/\/shop.bantam.ch\/fr\/produit\/bache-de-tablier-de-sol\/#primaryimage"},"image":{"@id":"https:\/\/shop.bantam.ch\/fr\/produit\/bache-de-tablier-de-sol\/#primaryimage"},"thumbnailUrl":"https:\/\/shop.bantam.ch\/wp-content\/uploads\/2024\/05\/Movera-L-0106812100.jpg","datePublished":"2024-05-15T11:59:25+00:00","dateModified":"2026-04-17T22:54:04+00:00","breadcrumb":{"@id":"https:\/\/shop.bantam.ch\/fr\/produit\/bache-de-tablier-de-sol\/#breadcrumb"},"inLanguage":"fr-FR","potentialAction":[{"@type":"ReadAction","target":["https:\/\/shop.bantam.ch\/fr\/produit\/bache-de-tablier-de-sol\/"]}]},{"@type":"ImageObject","inLanguage":"fr-FR","@id":"https:\/\/shop.bantam.ch\/fr\/produit\/bache-de-tablier-de-sol\/#primaryimage","url":"https:\/\/shop.bantam.ch\/wp-content\/uploads\/2024\/05\/Movera-L-0106812100.jpg","contentUrl":"https:\/\/shop.bantam.ch\/wp-content\/uploads\/2024\/05\/Movera-L-0106812100.jpg","width":640,"height":427},{"@type":"BreadcrumbList","@id":"https:\/\/shop.bantam.ch\/fr\/produit\/bache-de-tablier-de-sol\/#breadcrumb","itemListElement":[{"@type":"ListItem","position":1,"name":"Accueil","item":"https:\/\/shop.bantam.ch\/fr\/"},{"@type":"ListItem","position":2,"name":"Boutique","item":"https:\/\/shop.bantam.ch\/fr\/boutique\/"},{"@type":"ListItem","position":3,"name":"B\u00e2che de tablier de sol"}]},{"@type":"WebSite","@id":"https:\/\/shop.bantam.ch\/fr\/#website","url":"https:\/\/shop.bantam.ch\/fr\/","name":"Bantam Wankm\u00fcller SA","description":"","publisher":{"@id":"https:\/\/shop.bantam.ch\/fr\/#organization"},"inLanguage":"fr-FR"},{"@type":"Organization","@id":"https:\/\/shop.bantam.ch\/fr\/#organization","name":"Bantam Wankm\u00fcller SA","url":"https:\/\/shop.bantam.ch\/fr\/","logo":{"@type":"ImageObject","inLanguage":"fr-FR","@id":"https:\/\/shop.bantam.ch\/fr\/#\/schema\/logo\/image\/","url":"https:\/\/shop.bantam.ch\/wp-content\/uploads\/2022\/12\/bantam-logo.png","contentUrl":"https:\/\/shop.bantam.ch\/wp-content\/uploads\/2022\/12\/bantam-logo.png","width":320,"height":71,"caption":"Bantam Wankm\u00fcller SA"},"image":{"@id":"https:\/\/shop.bantam.ch\/fr\/#\/schema\/logo\/image\/"}}]}},"_links":{"self":[{"href":"https:\/\/shop.bantam.ch\/fr\/wp-json\/wp\/v2\/product\/192585","targetHints":{"allow":["GET"]}}],"collection":[{"href":"https:\/\/shop.bantam.ch\/fr\/wp-json\/wp\/v2\/product"}],"about":[{"href":"https:\/\/shop.bantam.ch\/fr\/wp-json\/wp\/v2\/types\/product"}],"wp:featuredmedia":[{"embeddable":true,"href":"https:\/\/shop.bantam.ch\/fr\/wp-json\/wp\/v2\/media\/192583"}],"wp:attachment":[{"href":"https:\/\/shop.bantam.ch\/fr\/wp-json\/wp\/v2\/media?parent=192585"}],"wp:term":[{"taxonomy":"product_featured_cat","embeddable":true,"href":"https:\/\/shop.bantam.ch\/fr\/wp-json\/wp\/v2\/product_featured_cat?post=192585"},{"taxonomy":"product_brand","embeddable":true,"href":"https:\/\/shop.bantam.ch\/fr\/wp-json\/wp\/v2\/product_brand?post=192585"},{"taxonomy":"product_cat","embeddable":true,"href":"https:\/\/shop.bantam.ch\/fr\/wp-json\/wp\/v2\/product_cat?post=192585"},{"taxonomy":"product_tag","embeddable":true,"href":"https:\/\/shop.bantam.ch\/fr\/wp-json\/wp\/v2\/product_tag?post=192585"}],"curies":[{"name":"wp","href":"https:\/\/api.w.org\/{rel}","templated":true}]}}