{"id":192571,"date":"2024-05-15T13:58:45","date_gmt":"2024-05-15T11:58:45","guid":{"rendered":"https:\/\/shop.bantam.ch\/produit\/housse-velour-beige-beifahrersitz-ska-komfort-sitz-sans-accoudoirs\/"},"modified":"2026-04-20T22:55:34","modified_gmt":"2026-04-20T20:55:34","slug":"housse-velour-beige-beifahrersitz-ska-komfort-sitz-sans-accoudoirs","status":"publish","type":"product","link":"https:\/\/shop.bantam.ch\/fr\/produit\/housse-velour-beige-beifahrersitz-ska-komfort-sitz-sans-accoudoirs\/","title":{"rendered":"Housse Velour beige Beifahrersitz SKA Komfort Sitz Sans accoudoirs"},"content":{"rendered":"<p>Les housses de si\u00e8ge et les accoudoirs prot\u00e8gent vos pr\u00e9cieux rembourrages d&rsquo;origine contre les salissures et l&rsquo;usure.<br \/>\nLes housses peuvent \u00eatre nettoy\u00e9es sans probl\u00e8me en machine. Un montage rapide, un choix de couleurs neutres et un prix \u00e9quitable caract\u00e9risent ces housses de si\u00e8ge. Elles conviennent aux si\u00e8ges avec appui-t\u00eate rapport\u00e9, aux si\u00e8ges \u00e0 dossier haut et aux si\u00e8ges avec syst\u00e8me de ceinture int\u00e9gr\u00e9.<\/p>\n<p>&nbsp;<\/p>\n<p>Caract\u00e9ristiques d&rsquo;identification:<\/p>\n<ul>\n<li>Logo SKA\u00ae sur le dossier<\/li>\n<p>.<\/p>\n<li>Uniquement dans les mobiles particuli\u00e8rement luxueux<\/li>\n<p>.<\/p>\n<li>Syst\u00e8me de ceinture dans le rembourrage du dossier<\/li>\n<li>Mont\u00e9 dans les v\u00e9hicules Adria, Niesmann &amp;amp ; Bischoff<\/li>\n<p>.\n<\/ul>\n<p>Livraison :<br \/>\n1 housse de si\u00e8ge sans housse d&rsquo;accoudoir<\/p>\n<p>.<\/p>\n<p>Mat\u00e9riel : 100 % coton<\/p>\n","protected":false},"excerpt":{"rendered":"<p>Les housses de si\u00e8ge et les accoudoirs prot\u00e8gent vos pr\u00e9cieux rembourrages d&rsquo;origine contre les salissures et l&rsquo;usure. Les housses peuvent \u00eatre nettoy\u00e9es sans probl\u00e8me en machine. Un montage rapide, un choix de couleurs neutres et un prix \u00e9quitable caract\u00e9risent ces housses de si\u00e8ge. Elles conviennent aux si\u00e8ges avec appui-t\u00eate rapport\u00e9, aux si\u00e8ges \u00e0 dossier haut [&hellip;]<\/p>\n","protected":false},"featured_media":205016,"template":"","meta":{"_acf_changed":false},"product_featured_cat":[],"product_brand":[3316],"product_cat":[4765],"product_tag":[],"class_list":{"0":"post-192571","1":"product","2":"type-product","3":"status-publish","4":"has-post-thumbnail","6":"product_brand-art","7":"product_cat-housses-de-siege","9":"first","10":"instock","11":"taxable","12":"shipping-taxable","13":"purchasable","14":"product-type-simple"},"acf":[],"yoast_head":"<!-- This site is optimized with the Yoast SEO plugin v27.4 - https:\/\/yoast.com\/product\/yoast-seo-wordpress\/ -->\n<title>Housse Velour beige Beifahrersitz SKA Komfort Sitz Sans accoudoirs - Bantam Wankm\u00fcller SA<\/title>\n<meta name=\"robots\" content=\"index, follow, max-snippet:-1, max-image-preview:large, max-video-preview:-1\" \/>\n<link rel=\"canonical\" href=\"https:\/\/shop.bantam.ch\/fr\/produit\/housse-velour-beige-beifahrersitz-ska-komfort-sitz-sans-accoudoirs\/\" \/>\n<meta property=\"og:locale\" content=\"fr_FR\" \/>\n<meta property=\"og:type\" content=\"article\" \/>\n<meta property=\"og:title\" content=\"Housse Velour beige Beifahrersitz SKA Komfort Sitz Sans accoudoirs - Bantam Wankm\u00fcller SA\" \/>\n<meta property=\"og:description\" content=\"Les housses de si\u00e8ge et les accoudoirs prot\u00e8gent vos pr\u00e9cieux rembourrages d&rsquo;origine contre les salissures et l&rsquo;usure. Les housses peuvent \u00eatre nettoy\u00e9es sans probl\u00e8me en machine. Un montage rapide, un choix de couleurs neutres et un prix \u00e9quitable caract\u00e9risent ces housses de si\u00e8ge. Elles conviennent aux si\u00e8ges avec appui-t\u00eate rapport\u00e9, aux si\u00e8ges \u00e0 dossier haut [&hellip;]\" \/>\n<meta property=\"og:url\" content=\"https:\/\/shop.bantam.ch\/fr\/produit\/housse-velour-beige-beifahrersitz-ska-komfort-sitz-sans-accoudoirs\/\" \/>\n<meta property=\"og:site_name\" content=\"Bantam Wankm\u00fcller SA\" \/>\n<meta property=\"article:modified_time\" content=\"2026-04-20T20:55:34+00:00\" \/>\n<meta property=\"og:image\" content=\"https:\/\/shop.bantam.ch\/wp-content\/uploads\/2024\/05\/Movera-L-9914090200.jpg\" \/>\n\t<meta property=\"og:image:width\" content=\"382\" \/>\n\t<meta property=\"og:image:height\" content=\"500\" \/>\n\t<meta property=\"og:image:type\" content=\"image\/jpeg\" \/>\n<meta name=\"twitter:card\" content=\"summary_large_image\" \/>\n<meta name=\"twitter:label1\" content=\"Dur\u00e9e de lecture estim\u00e9e\" \/>\n\t<meta name=\"twitter:data1\" content=\"1 minute\" \/>\n<script type=\"application\/ld+json\" class=\"yoast-schema-graph\">{\"@context\":\"https:\\\/\\\/schema.org\",\"@graph\":[{\"@type\":\"WebPage\",\"@id\":\"https:\\\/\\\/shop.bantam.ch\\\/fr\\\/produit\\\/housse-velour-beige-beifahrersitz-ska-komfort-sitz-sans-accoudoirs\\\/\",\"url\":\"https:\\\/\\\/shop.bantam.ch\\\/fr\\\/produit\\\/housse-velour-beige-beifahrersitz-ska-komfort-sitz-sans-accoudoirs\\\/\",\"name\":\"Housse Velour beige Beifahrersitz SKA Komfort Sitz Sans accoudoirs - Bantam Wankm\u00fcller SA\",\"isPartOf\":{\"@id\":\"https:\\\/\\\/shop.bantam.ch\\\/fr\\\/#website\"},\"primaryImageOfPage\":{\"@id\":\"https:\\\/\\\/shop.bantam.ch\\\/fr\\\/produit\\\/housse-velour-beige-beifahrersitz-ska-komfort-sitz-sans-accoudoirs\\\/#primaryimage\"},\"image\":{\"@id\":\"https:\\\/\\\/shop.bantam.ch\\\/fr\\\/produit\\\/housse-velour-beige-beifahrersitz-ska-komfort-sitz-sans-accoudoirs\\\/#primaryimage\"},\"thumbnailUrl\":\"https:\\\/\\\/shop.bantam.ch\\\/wp-content\\\/uploads\\\/2024\\\/09\\\/Movera-L-9914090200.jpg\",\"datePublished\":\"2024-05-15T11:58:45+00:00\",\"dateModified\":\"2026-04-20T20:55:34+00:00\",\"breadcrumb\":{\"@id\":\"https:\\\/\\\/shop.bantam.ch\\\/fr\\\/produit\\\/housse-velour-beige-beifahrersitz-ska-komfort-sitz-sans-accoudoirs\\\/#breadcrumb\"},\"inLanguage\":\"fr-FR\",\"potentialAction\":[{\"@type\":\"ReadAction\",\"target\":[\"https:\\\/\\\/shop.bantam.ch\\\/fr\\\/produit\\\/housse-velour-beige-beifahrersitz-ska-komfort-sitz-sans-accoudoirs\\\/\"]}]},{\"@type\":\"ImageObject\",\"inLanguage\":\"fr-FR\",\"@id\":\"https:\\\/\\\/shop.bantam.ch\\\/fr\\\/produit\\\/housse-velour-beige-beifahrersitz-ska-komfort-sitz-sans-accoudoirs\\\/#primaryimage\",\"url\":\"https:\\\/\\\/shop.bantam.ch\\\/wp-content\\\/uploads\\\/2024\\\/09\\\/Movera-L-9914090200.jpg\",\"contentUrl\":\"https:\\\/\\\/shop.bantam.ch\\\/wp-content\\\/uploads\\\/2024\\\/09\\\/Movera-L-9914090200.jpg\",\"width\":382,\"height\":500},{\"@type\":\"BreadcrumbList\",\"@id\":\"https:\\\/\\\/shop.bantam.ch\\\/fr\\\/produit\\\/housse-velour-beige-beifahrersitz-ska-komfort-sitz-sans-accoudoirs\\\/#breadcrumb\",\"itemListElement\":[{\"@type\":\"ListItem\",\"position\":1,\"name\":\"Accueil\",\"item\":\"https:\\\/\\\/shop.bantam.ch\\\/fr\\\/\"},{\"@type\":\"ListItem\",\"position\":2,\"name\":\"Boutique\",\"item\":\"https:\\\/\\\/shop.bantam.ch\\\/fr\\\/boutique\\\/\"},{\"@type\":\"ListItem\",\"position\":3,\"name\":\"Housse Velour beige Beifahrersitz SKA Komfort Sitz Sans accoudoirs\"}]},{\"@type\":\"WebSite\",\"@id\":\"https:\\\/\\\/shop.bantam.ch\\\/fr\\\/#website\",\"url\":\"https:\\\/\\\/shop.bantam.ch\\\/fr\\\/\",\"name\":\"Bantam Wankm\u00fcller SA\",\"description\":\"\",\"publisher\":{\"@id\":\"https:\\\/\\\/shop.bantam.ch\\\/fr\\\/#organization\"},\"inLanguage\":\"fr-FR\"},{\"@type\":\"Organization\",\"@id\":\"https:\\\/\\\/shop.bantam.ch\\\/fr\\\/#organization\",\"name\":\"Bantam Wankm\u00fcller SA\",\"url\":\"https:\\\/\\\/shop.bantam.ch\\\/fr\\\/\",\"logo\":{\"@type\":\"ImageObject\",\"inLanguage\":\"fr-FR\",\"@id\":\"https:\\\/\\\/shop.bantam.ch\\\/fr\\\/#\\\/schema\\\/logo\\\/image\\\/\",\"url\":\"https:\\\/\\\/shop.bantam.ch\\\/wp-content\\\/uploads\\\/2022\\\/12\\\/bantam-logo.png\",\"contentUrl\":\"https:\\\/\\\/shop.bantam.ch\\\/wp-content\\\/uploads\\\/2022\\\/12\\\/bantam-logo.png\",\"width\":320,\"height\":71,\"caption\":\"Bantam Wankm\u00fcller SA\"},\"image\":{\"@id\":\"https:\\\/\\\/shop.bantam.ch\\\/fr\\\/#\\\/schema\\\/logo\\\/image\\\/\"}}]}<\/script>\n<!-- \/ Yoast SEO plugin. -->","yoast_head_json":{"title":"Housse Velour beige Beifahrersitz SKA Komfort Sitz Sans accoudoirs - Bantam Wankm\u00fcller SA","robots":{"index":"index","follow":"follow","max-snippet":"max-snippet:-1","max-image-preview":"max-image-preview:large","max-video-preview":"max-video-preview:-1"},"canonical":"https:\/\/shop.bantam.ch\/fr\/produit\/housse-velour-beige-beifahrersitz-ska-komfort-sitz-sans-accoudoirs\/","og_locale":"fr_FR","og_type":"article","og_title":"Housse Velour beige Beifahrersitz SKA Komfort Sitz Sans accoudoirs - Bantam Wankm\u00fcller SA","og_description":"Les housses de si\u00e8ge et les accoudoirs prot\u00e8gent vos pr\u00e9cieux rembourrages d&rsquo;origine contre les salissures et l&rsquo;usure. Les housses peuvent \u00eatre nettoy\u00e9es sans probl\u00e8me en machine. Un montage rapide, un choix de couleurs neutres et un prix \u00e9quitable caract\u00e9risent ces housses de si\u00e8ge. Elles conviennent aux si\u00e8ges avec appui-t\u00eate rapport\u00e9, aux si\u00e8ges \u00e0 dossier haut [&hellip;]","og_url":"https:\/\/shop.bantam.ch\/fr\/produit\/housse-velour-beige-beifahrersitz-ska-komfort-sitz-sans-accoudoirs\/","og_site_name":"Bantam Wankm\u00fcller SA","article_modified_time":"2026-04-20T20:55:34+00:00","og_image":[{"width":382,"height":500,"url":"https:\/\/shop.bantam.ch\/wp-content\/uploads\/2024\/05\/Movera-L-9914090200.jpg","type":"image\/jpeg"}],"twitter_card":"summary_large_image","twitter_misc":{"Dur\u00e9e de lecture estim\u00e9e":"1 minute"},"schema":{"@context":"https:\/\/schema.org","@graph":[{"@type":"WebPage","@id":"https:\/\/shop.bantam.ch\/fr\/produit\/housse-velour-beige-beifahrersitz-ska-komfort-sitz-sans-accoudoirs\/","url":"https:\/\/shop.bantam.ch\/fr\/produit\/housse-velour-beige-beifahrersitz-ska-komfort-sitz-sans-accoudoirs\/","name":"Housse Velour beige Beifahrersitz SKA Komfort Sitz Sans accoudoirs - Bantam Wankm\u00fcller SA","isPartOf":{"@id":"https:\/\/shop.bantam.ch\/fr\/#website"},"primaryImageOfPage":{"@id":"https:\/\/shop.bantam.ch\/fr\/produit\/housse-velour-beige-beifahrersitz-ska-komfort-sitz-sans-accoudoirs\/#primaryimage"},"image":{"@id":"https:\/\/shop.bantam.ch\/fr\/produit\/housse-velour-beige-beifahrersitz-ska-komfort-sitz-sans-accoudoirs\/#primaryimage"},"thumbnailUrl":"https:\/\/shop.bantam.ch\/wp-content\/uploads\/2024\/09\/Movera-L-9914090200.jpg","datePublished":"2024-05-15T11:58:45+00:00","dateModified":"2026-04-20T20:55:34+00:00","breadcrumb":{"@id":"https:\/\/shop.bantam.ch\/fr\/produit\/housse-velour-beige-beifahrersitz-ska-komfort-sitz-sans-accoudoirs\/#breadcrumb"},"inLanguage":"fr-FR","potentialAction":[{"@type":"ReadAction","target":["https:\/\/shop.bantam.ch\/fr\/produit\/housse-velour-beige-beifahrersitz-ska-komfort-sitz-sans-accoudoirs\/"]}]},{"@type":"ImageObject","inLanguage":"fr-FR","@id":"https:\/\/shop.bantam.ch\/fr\/produit\/housse-velour-beige-beifahrersitz-ska-komfort-sitz-sans-accoudoirs\/#primaryimage","url":"https:\/\/shop.bantam.ch\/wp-content\/uploads\/2024\/09\/Movera-L-9914090200.jpg","contentUrl":"https:\/\/shop.bantam.ch\/wp-content\/uploads\/2024\/09\/Movera-L-9914090200.jpg","width":382,"height":500},{"@type":"BreadcrumbList","@id":"https:\/\/shop.bantam.ch\/fr\/produit\/housse-velour-beige-beifahrersitz-ska-komfort-sitz-sans-accoudoirs\/#breadcrumb","itemListElement":[{"@type":"ListItem","position":1,"name":"Accueil","item":"https:\/\/shop.bantam.ch\/fr\/"},{"@type":"ListItem","position":2,"name":"Boutique","item":"https:\/\/shop.bantam.ch\/fr\/boutique\/"},{"@type":"ListItem","position":3,"name":"Housse Velour beige Beifahrersitz SKA Komfort Sitz Sans accoudoirs"}]},{"@type":"WebSite","@id":"https:\/\/shop.bantam.ch\/fr\/#website","url":"https:\/\/shop.bantam.ch\/fr\/","name":"Bantam Wankm\u00fcller SA","description":"","publisher":{"@id":"https:\/\/shop.bantam.ch\/fr\/#organization"},"inLanguage":"fr-FR"},{"@type":"Organization","@id":"https:\/\/shop.bantam.ch\/fr\/#organization","name":"Bantam Wankm\u00fcller SA","url":"https:\/\/shop.bantam.ch\/fr\/","logo":{"@type":"ImageObject","inLanguage":"fr-FR","@id":"https:\/\/shop.bantam.ch\/fr\/#\/schema\/logo\/image\/","url":"https:\/\/shop.bantam.ch\/wp-content\/uploads\/2022\/12\/bantam-logo.png","contentUrl":"https:\/\/shop.bantam.ch\/wp-content\/uploads\/2022\/12\/bantam-logo.png","width":320,"height":71,"caption":"Bantam Wankm\u00fcller SA"},"image":{"@id":"https:\/\/shop.bantam.ch\/fr\/#\/schema\/logo\/image\/"}}]}},"_links":{"self":[{"href":"https:\/\/shop.bantam.ch\/fr\/wp-json\/wp\/v2\/product\/192571","targetHints":{"allow":["GET"]}}],"collection":[{"href":"https:\/\/shop.bantam.ch\/fr\/wp-json\/wp\/v2\/product"}],"about":[{"href":"https:\/\/shop.bantam.ch\/fr\/wp-json\/wp\/v2\/types\/product"}],"wp:featuredmedia":[{"embeddable":true,"href":"https:\/\/shop.bantam.ch\/fr\/wp-json\/wp\/v2\/media\/205016"}],"wp:attachment":[{"href":"https:\/\/shop.bantam.ch\/fr\/wp-json\/wp\/v2\/media?parent=192571"}],"wp:term":[{"taxonomy":"product_featured_cat","embeddable":true,"href":"https:\/\/shop.bantam.ch\/fr\/wp-json\/wp\/v2\/product_featured_cat?post=192571"},{"taxonomy":"product_brand","embeddable":true,"href":"https:\/\/shop.bantam.ch\/fr\/wp-json\/wp\/v2\/product_brand?post=192571"},{"taxonomy":"product_cat","embeddable":true,"href":"https:\/\/shop.bantam.ch\/fr\/wp-json\/wp\/v2\/product_cat?post=192571"},{"taxonomy":"product_tag","embeddable":true,"href":"https:\/\/shop.bantam.ch\/fr\/wp-json\/wp\/v2\/product_tag?post=192571"}],"curies":[{"name":"wp","href":"https:\/\/api.w.org\/{rel}","templated":true}]}}