{"id":192563,"date":"2024-05-15T13:58:30","date_gmt":"2024-05-15T11:58:30","guid":{"rendered":"https:\/\/shop.bantam.ch\/produit\/sat-antenne-precision-65-cm-twin-lnb-et-sa-stativ\/"},"modified":"2026-04-19T22:59:54","modified_gmt":"2026-04-19T20:59:54","slug":"sat-antenne-precision-65-cm-twin-lnb-et-sa-stativ","status":"publish","type":"product","link":"https:\/\/shop.bantam.ch\/fr\/produit\/sat-antenne-precision-65-cm-twin-lnb-et-sa-stativ\/","title":{"rendered":"Sat-Antenne Precision 65 cm\/Twin LNB et Sa Stativ"},"content":{"rendered":"<p>Kit satellite de pr\u00e9cision Maxview<br \/>\nAntenne satellite portable \u00e0 r\u00e9glage manuel avec tr\u00e9pied satellite. La Maxview&nbsp;<br \/>\nPrecision a \u00e9t\u00e9 sp\u00e9cialement con\u00e7ue pour une utilisation intuitive. Une attention particuli\u00e8re a \u00e9t\u00e9 port\u00e9e \u00e0 la facilit\u00e9 de montage, de d\u00e9montage et de r\u00e9glage.&nbsp;<br \/>\nde l&rsquo;antenne pr\u00e9mont\u00e9e. La recherche du satellite est facilit\u00e9e par&nbsp;<br \/>\nle chercheur de satellite int\u00e9gr\u00e9 et le r\u00e9glage pr\u00e9cis de l&rsquo;\u00e9l\u00e9vation. L&rsquo;un des pieds du tr\u00e9pied comporte en outre un rep\u00e8re pour le sud,&nbsp;<br \/>\nqu&rsquo;il suffit d&rsquo;orienter vers le sud. La limite de rotation&nbsp;<br \/>\nsur le tr\u00e9pied ne permet plus qu&rsquo;un angle de recherche d&rsquo;environ 30\u00b0, c&rsquo;est dans ce segment que se trouve le satellite souhait\u00e9. Le tr\u00e9pied satellite est \u00e9quip\u00e9 d&rsquo;un&nbsp;<br \/>\nniveau \u00e0 bulle, ce qui permet de l&rsquo;ajuster facilement, m\u00eame sur un sol in\u00e9gal. Le c\u00e2ble coaxial de 10 m fourni est dot\u00e9 d&rsquo;un&nbsp;<br \/>\nmultibrin, ce qui le rend particuli\u00e8rement flexible et le prot\u00e8ge des plis. Lorsqu&rsquo;elle n&rsquo;est pas utilis\u00e9e, la Precision se range dans les deux&nbsp;<br \/>\nPour s\u00e9curiser le bras LNB rabattable pendant le transport, la Precision est \u00e9quip\u00e9e d&rsquo;une fixation magn\u00e9tique.&nbsp;<br \/>\nfixation du bras LNB.<br \/>\nLe montage est simple :<\/p>\n<ul>\n<li>orienter le pied de tr\u00e9pied marqu\u00e9 vers le sud<\/li>\n<li>Monter l&rsquo;unit\u00e9 de miroir<\/li>\n<li>r\u00e9gler l&rsquo;\u00e9l\u00e9vation<\/li>\n<li>S\u00e9lectionner le satellite souhait\u00e9 sur le r\u00e9cepteur<\/li>\n<li>Chercher les satellites<\/li>\n<\/ul>\n<p>Dimensions et poids :<\/p>\n<ul>\n<li>Precision 55 : L 100 x H 156 cm \/ 6,1 kg<\/li>\n<\/ul>\n<p>Contenu de la livraison :<br \/>\nAntenne satellite avec tr\u00e9pied satellite, LNB universel \u00e0 faible niveau de bruit,&nbsp;<br \/>\nSacs de transport pour le tr\u00e9pied et l&rsquo;antenne, c\u00e2ble de raccordement coaxial de 10 m<\/p>\n","protected":false},"excerpt":{"rendered":"<p>Kit satellite de pr\u00e9cision Maxview Antenne satellite portable \u00e0 r\u00e9glage manuel avec tr\u00e9pied satellite. La Maxview&nbsp; Precision a \u00e9t\u00e9 sp\u00e9cialement con\u00e7ue pour une utilisation intuitive. Une attention particuli\u00e8re a \u00e9t\u00e9 port\u00e9e \u00e0 la facilit\u00e9 de montage, de d\u00e9montage et de r\u00e9glage.&nbsp; de l&rsquo;antenne pr\u00e9mont\u00e9e. La recherche du satellite est facilit\u00e9e par&nbsp; le chercheur de satellite [&hellip;]<\/p>\n","protected":false},"featured_media":204998,"template":"","meta":{"_acf_changed":false},"product_featured_cat":[],"product_brand":[3082],"product_cat":[4529],"product_tag":[],"class_list":{"0":"post-192563","1":"product","2":"type-product","3":"status-publish","4":"has-post-thumbnail","6":"product_brand-maxview","7":"product_cat-systemes-complets-de-satellites-et-televiseurs","9":"first","10":"instock","11":"taxable","12":"shipping-taxable","13":"purchasable","14":"product-type-simple"},"acf":[],"yoast_head":"<!-- This site is optimized with the Yoast SEO plugin v27.4 - https:\/\/yoast.com\/product\/yoast-seo-wordpress\/ -->\n<title>Sat-Antenne Precision 65 cm\/Twin LNB et Sa Stativ - Bantam Wankm\u00fcller SA<\/title>\n<meta name=\"robots\" content=\"index, follow, max-snippet:-1, max-image-preview:large, max-video-preview:-1\" \/>\n<link rel=\"canonical\" href=\"https:\/\/shop.bantam.ch\/fr\/produit\/sat-antenne-precision-65-cm-twin-lnb-et-sa-stativ\/\" \/>\n<meta property=\"og:locale\" content=\"fr_FR\" \/>\n<meta property=\"og:type\" content=\"article\" \/>\n<meta property=\"og:title\" content=\"Sat-Antenne Precision 65 cm\/Twin LNB et Sa Stativ - Bantam Wankm\u00fcller SA\" \/>\n<meta property=\"og:description\" content=\"Kit satellite de pr\u00e9cision Maxview Antenne satellite portable \u00e0 r\u00e9glage manuel avec tr\u00e9pied satellite. La Maxview&nbsp; Precision a \u00e9t\u00e9 sp\u00e9cialement con\u00e7ue pour une utilisation intuitive. Une attention particuli\u00e8re a \u00e9t\u00e9 port\u00e9e \u00e0 la facilit\u00e9 de montage, de d\u00e9montage et de r\u00e9glage.&nbsp; de l&rsquo;antenne pr\u00e9mont\u00e9e. La recherche du satellite est facilit\u00e9e par&nbsp; le chercheur de satellite [&hellip;]\" \/>\n<meta property=\"og:url\" content=\"https:\/\/shop.bantam.ch\/fr\/produit\/sat-antenne-precision-65-cm-twin-lnb-et-sa-stativ\/\" \/>\n<meta property=\"og:site_name\" content=\"Bantam Wankm\u00fcller SA\" \/>\n<meta property=\"article:modified_time\" content=\"2026-04-19T20:59:54+00:00\" \/>\n<meta name=\"twitter:card\" content=\"summary_large_image\" \/>\n<meta name=\"twitter:label1\" content=\"Dur\u00e9e de lecture estim\u00e9e\" \/>\n\t<meta name=\"twitter:data1\" content=\"1 minute\" \/>\n<script type=\"application\/ld+json\" class=\"yoast-schema-graph\">{\"@context\":\"https:\\\/\\\/schema.org\",\"@graph\":[{\"@type\":\"WebPage\",\"@id\":\"https:\\\/\\\/shop.bantam.ch\\\/fr\\\/produit\\\/sat-antenne-precision-65-cm-twin-lnb-et-sa-stativ\\\/\",\"url\":\"https:\\\/\\\/shop.bantam.ch\\\/fr\\\/produit\\\/sat-antenne-precision-65-cm-twin-lnb-et-sa-stativ\\\/\",\"name\":\"Sat-Antenne Precision 65 cm\\\/Twin LNB et Sa Stativ - Bantam Wankm\u00fcller SA\",\"isPartOf\":{\"@id\":\"https:\\\/\\\/shop.bantam.ch\\\/fr\\\/#website\"},\"primaryImageOfPage\":{\"@id\":\"https:\\\/\\\/shop.bantam.ch\\\/fr\\\/produit\\\/sat-antenne-precision-65-cm-twin-lnb-et-sa-stativ\\\/#primaryimage\"},\"image\":{\"@id\":\"https:\\\/\\\/shop.bantam.ch\\\/fr\\\/produit\\\/sat-antenne-precision-65-cm-twin-lnb-et-sa-stativ\\\/#primaryimage\"},\"thumbnailUrl\":\"https:\\\/\\\/shop.bantam.ch\\\/wp-content\\\/uploads\\\/2024\\\/09\\\/Movera-L-9912524100.jpg\",\"datePublished\":\"2024-05-15T11:58:30+00:00\",\"dateModified\":\"2026-04-19T20:59:54+00:00\",\"breadcrumb\":{\"@id\":\"https:\\\/\\\/shop.bantam.ch\\\/fr\\\/produit\\\/sat-antenne-precision-65-cm-twin-lnb-et-sa-stativ\\\/#breadcrumb\"},\"inLanguage\":\"fr-FR\",\"potentialAction\":[{\"@type\":\"ReadAction\",\"target\":[\"https:\\\/\\\/shop.bantam.ch\\\/fr\\\/produit\\\/sat-antenne-precision-65-cm-twin-lnb-et-sa-stativ\\\/\"]}]},{\"@type\":\"ImageObject\",\"inLanguage\":\"fr-FR\",\"@id\":\"https:\\\/\\\/shop.bantam.ch\\\/fr\\\/produit\\\/sat-antenne-precision-65-cm-twin-lnb-et-sa-stativ\\\/#primaryimage\",\"url\":\"https:\\\/\\\/shop.bantam.ch\\\/wp-content\\\/uploads\\\/2024\\\/09\\\/Movera-L-9912524100.jpg\",\"contentUrl\":\"https:\\\/\\\/shop.bantam.ch\\\/wp-content\\\/uploads\\\/2024\\\/09\\\/Movera-L-9912524100.jpg\",\"width\":582,\"height\":1042},{\"@type\":\"BreadcrumbList\",\"@id\":\"https:\\\/\\\/shop.bantam.ch\\\/fr\\\/produit\\\/sat-antenne-precision-65-cm-twin-lnb-et-sa-stativ\\\/#breadcrumb\",\"itemListElement\":[{\"@type\":\"ListItem\",\"position\":1,\"name\":\"Accueil\",\"item\":\"https:\\\/\\\/shop.bantam.ch\\\/fr\\\/\"},{\"@type\":\"ListItem\",\"position\":2,\"name\":\"Boutique\",\"item\":\"https:\\\/\\\/shop.bantam.ch\\\/fr\\\/boutique\\\/\"},{\"@type\":\"ListItem\",\"position\":3,\"name\":\"Sat-Antenne Precision 65 cm\\\/Twin LNB et Sa Stativ\"}]},{\"@type\":\"WebSite\",\"@id\":\"https:\\\/\\\/shop.bantam.ch\\\/fr\\\/#website\",\"url\":\"https:\\\/\\\/shop.bantam.ch\\\/fr\\\/\",\"name\":\"Bantam Wankm\u00fcller SA\",\"description\":\"\",\"publisher\":{\"@id\":\"https:\\\/\\\/shop.bantam.ch\\\/fr\\\/#organization\"},\"inLanguage\":\"fr-FR\"},{\"@type\":\"Organization\",\"@id\":\"https:\\\/\\\/shop.bantam.ch\\\/fr\\\/#organization\",\"name\":\"Bantam Wankm\u00fcller SA\",\"url\":\"https:\\\/\\\/shop.bantam.ch\\\/fr\\\/\",\"logo\":{\"@type\":\"ImageObject\",\"inLanguage\":\"fr-FR\",\"@id\":\"https:\\\/\\\/shop.bantam.ch\\\/fr\\\/#\\\/schema\\\/logo\\\/image\\\/\",\"url\":\"https:\\\/\\\/shop.bantam.ch\\\/wp-content\\\/uploads\\\/2022\\\/12\\\/bantam-logo.png\",\"contentUrl\":\"https:\\\/\\\/shop.bantam.ch\\\/wp-content\\\/uploads\\\/2022\\\/12\\\/bantam-logo.png\",\"width\":320,\"height\":71,\"caption\":\"Bantam Wankm\u00fcller SA\"},\"image\":{\"@id\":\"https:\\\/\\\/shop.bantam.ch\\\/fr\\\/#\\\/schema\\\/logo\\\/image\\\/\"}}]}<\/script>\n<!-- \/ Yoast SEO plugin. -->","yoast_head_json":{"title":"Sat-Antenne Precision 65 cm\/Twin LNB et Sa Stativ - Bantam Wankm\u00fcller SA","robots":{"index":"index","follow":"follow","max-snippet":"max-snippet:-1","max-image-preview":"max-image-preview:large","max-video-preview":"max-video-preview:-1"},"canonical":"https:\/\/shop.bantam.ch\/fr\/produit\/sat-antenne-precision-65-cm-twin-lnb-et-sa-stativ\/","og_locale":"fr_FR","og_type":"article","og_title":"Sat-Antenne Precision 65 cm\/Twin LNB et Sa Stativ - Bantam Wankm\u00fcller SA","og_description":"Kit satellite de pr\u00e9cision Maxview Antenne satellite portable \u00e0 r\u00e9glage manuel avec tr\u00e9pied satellite. La Maxview&nbsp; Precision a \u00e9t\u00e9 sp\u00e9cialement con\u00e7ue pour une utilisation intuitive. Une attention particuli\u00e8re a \u00e9t\u00e9 port\u00e9e \u00e0 la facilit\u00e9 de montage, de d\u00e9montage et de r\u00e9glage.&nbsp; de l&rsquo;antenne pr\u00e9mont\u00e9e. La recherche du satellite est facilit\u00e9e par&nbsp; le chercheur de satellite [&hellip;]","og_url":"https:\/\/shop.bantam.ch\/fr\/produit\/sat-antenne-precision-65-cm-twin-lnb-et-sa-stativ\/","og_site_name":"Bantam Wankm\u00fcller SA","article_modified_time":"2026-04-19T20:59:54+00:00","twitter_card":"summary_large_image","twitter_misc":{"Dur\u00e9e de lecture estim\u00e9e":"1 minute"},"schema":{"@context":"https:\/\/schema.org","@graph":[{"@type":"WebPage","@id":"https:\/\/shop.bantam.ch\/fr\/produit\/sat-antenne-precision-65-cm-twin-lnb-et-sa-stativ\/","url":"https:\/\/shop.bantam.ch\/fr\/produit\/sat-antenne-precision-65-cm-twin-lnb-et-sa-stativ\/","name":"Sat-Antenne Precision 65 cm\/Twin LNB et Sa Stativ - Bantam Wankm\u00fcller SA","isPartOf":{"@id":"https:\/\/shop.bantam.ch\/fr\/#website"},"primaryImageOfPage":{"@id":"https:\/\/shop.bantam.ch\/fr\/produit\/sat-antenne-precision-65-cm-twin-lnb-et-sa-stativ\/#primaryimage"},"image":{"@id":"https:\/\/shop.bantam.ch\/fr\/produit\/sat-antenne-precision-65-cm-twin-lnb-et-sa-stativ\/#primaryimage"},"thumbnailUrl":"https:\/\/shop.bantam.ch\/wp-content\/uploads\/2024\/09\/Movera-L-9912524100.jpg","datePublished":"2024-05-15T11:58:30+00:00","dateModified":"2026-04-19T20:59:54+00:00","breadcrumb":{"@id":"https:\/\/shop.bantam.ch\/fr\/produit\/sat-antenne-precision-65-cm-twin-lnb-et-sa-stativ\/#breadcrumb"},"inLanguage":"fr-FR","potentialAction":[{"@type":"ReadAction","target":["https:\/\/shop.bantam.ch\/fr\/produit\/sat-antenne-precision-65-cm-twin-lnb-et-sa-stativ\/"]}]},{"@type":"ImageObject","inLanguage":"fr-FR","@id":"https:\/\/shop.bantam.ch\/fr\/produit\/sat-antenne-precision-65-cm-twin-lnb-et-sa-stativ\/#primaryimage","url":"https:\/\/shop.bantam.ch\/wp-content\/uploads\/2024\/09\/Movera-L-9912524100.jpg","contentUrl":"https:\/\/shop.bantam.ch\/wp-content\/uploads\/2024\/09\/Movera-L-9912524100.jpg","width":582,"height":1042},{"@type":"BreadcrumbList","@id":"https:\/\/shop.bantam.ch\/fr\/produit\/sat-antenne-precision-65-cm-twin-lnb-et-sa-stativ\/#breadcrumb","itemListElement":[{"@type":"ListItem","position":1,"name":"Accueil","item":"https:\/\/shop.bantam.ch\/fr\/"},{"@type":"ListItem","position":2,"name":"Boutique","item":"https:\/\/shop.bantam.ch\/fr\/boutique\/"},{"@type":"ListItem","position":3,"name":"Sat-Antenne Precision 65 cm\/Twin LNB et Sa Stativ"}]},{"@type":"WebSite","@id":"https:\/\/shop.bantam.ch\/fr\/#website","url":"https:\/\/shop.bantam.ch\/fr\/","name":"Bantam Wankm\u00fcller SA","description":"","publisher":{"@id":"https:\/\/shop.bantam.ch\/fr\/#organization"},"inLanguage":"fr-FR"},{"@type":"Organization","@id":"https:\/\/shop.bantam.ch\/fr\/#organization","name":"Bantam Wankm\u00fcller SA","url":"https:\/\/shop.bantam.ch\/fr\/","logo":{"@type":"ImageObject","inLanguage":"fr-FR","@id":"https:\/\/shop.bantam.ch\/fr\/#\/schema\/logo\/image\/","url":"https:\/\/shop.bantam.ch\/wp-content\/uploads\/2022\/12\/bantam-logo.png","contentUrl":"https:\/\/shop.bantam.ch\/wp-content\/uploads\/2022\/12\/bantam-logo.png","width":320,"height":71,"caption":"Bantam Wankm\u00fcller SA"},"image":{"@id":"https:\/\/shop.bantam.ch\/fr\/#\/schema\/logo\/image\/"}}]}},"_links":{"self":[{"href":"https:\/\/shop.bantam.ch\/fr\/wp-json\/wp\/v2\/product\/192563","targetHints":{"allow":["GET"]}}],"collection":[{"href":"https:\/\/shop.bantam.ch\/fr\/wp-json\/wp\/v2\/product"}],"about":[{"href":"https:\/\/shop.bantam.ch\/fr\/wp-json\/wp\/v2\/types\/product"}],"wp:featuredmedia":[{"embeddable":true,"href":"https:\/\/shop.bantam.ch\/fr\/wp-json\/wp\/v2\/media\/204998"}],"wp:attachment":[{"href":"https:\/\/shop.bantam.ch\/fr\/wp-json\/wp\/v2\/media?parent=192563"}],"wp:term":[{"taxonomy":"product_featured_cat","embeddable":true,"href":"https:\/\/shop.bantam.ch\/fr\/wp-json\/wp\/v2\/product_featured_cat?post=192563"},{"taxonomy":"product_brand","embeddable":true,"href":"https:\/\/shop.bantam.ch\/fr\/wp-json\/wp\/v2\/product_brand?post=192563"},{"taxonomy":"product_cat","embeddable":true,"href":"https:\/\/shop.bantam.ch\/fr\/wp-json\/wp\/v2\/product_cat?post=192563"},{"taxonomy":"product_tag","embeddable":true,"href":"https:\/\/shop.bantam.ch\/fr\/wp-json\/wp\/v2\/product_tag?post=192563"}],"curies":[{"name":"wp","href":"https:\/\/api.w.org\/{rel}","templated":true}]}}