{"id":190942,"date":"2024-04-03T18:51:36","date_gmt":"2024-04-03T16:51:36","guid":{"rendered":"https:\/\/shop.bantam.ch\/produit\/televiseur-smart-tv-webos-hub-185-47cm\/"},"modified":"2026-04-20T22:55:26","modified_gmt":"2026-04-20T20:55:26","slug":"televiseur-smart-tv-webos-hub-185-47cm","status":"publish","type":"product","link":"https:\/\/shop.bantam.ch\/fr\/produit\/televiseur-smart-tv-webos-hub-185-47cm\/","title":{"rendered":"T\u00e9l\u00e9viseur Smart TV WebOS Hub 18,5"},"content":{"rendered":"<p>ECRAN<br \/>\nDiagonale : 47 cm \/ 18,5\u00a0\u00bb<br \/>\nD\u00e9finition: HD<br \/>\nR\u00e9solution max :1366 x 768<br \/>\nType : r\u00e9tro\u00e9clairage LED<br \/>\nFr\u00e9quence : 60Hz<br \/>\nTemps de r\u00e9ponse : &lt; 14 ms<br \/>\nBrillance : Anti reflet<br \/>\nFormat : 16\/9<br \/>\nLuminance : 200 cd\/m\u00b2<br \/>\nContraste : 1000\uff1a1<br \/>\nCouleurs : 16,7M<br \/>\nAngle de vsion (H \/ V) :178\u00b0 \/ 178\u00b0<\/p>\n<p>FONCTIONS<br \/>\nOS Smart TV : WebOS Hub<br \/>\nConnexion Internet : Oui<br \/>\nPasserelle mutlim\u00e9dia : Oui<br \/>\nClassement automatique des cha\u00eenes : Oui<br \/>\nTuner TNT : DVB-T\/T2<br \/>\nTuner satellite : DVB-S\/S2<br \/>\nDisecq : 1.0<br \/>\nLecteur de carte compatible CI+ : Oui<br \/>\nDVD : Non<br \/>\nAUDIO<\/p>\n<p>Puissance : 2 x 5W RMS<br \/>\nCompatibilit\u00e9s audio: Dolby Audio; Dolby Digital Plus<\/p>\n<p>CONNECTIQUES ENTREES<br \/>\nHDMI : x 3<br \/>\nHDMI ARC: Oui, sur HDMI 2 version 1.4<br \/>\nUSB : 1 x USB2.0 type A<br \/>\nSD : Non<br \/>\nMini AV IN : Oui<br \/>\nAntenne RF S\/S2 : Oui<br \/>\nAntenne RT T\/T2 : Oui<\/p>\n<p>CONNECTIQUES SORTIES<br \/>\nOptique num\u00e9rique : Oui<br \/>\nCasque : Oui<br \/>\nEthernet RJ45 : Oui<br \/>\nWi-Fi : Oui<br \/>\nBluetooth : Oui, version 5.0<\/p>\n<p>DONNEES GENERALES<br \/>\nLangues menus : Multilingues dont FR\/GB\/NL\/DE\/IT\/SP<br \/>\nAccessoires inclus : manuel d&rsquo;utilisation, t\u00e9l\u00e9commandes et piles, c\u00e2ble allume-cigare 12\/24V, pied TV<br \/>\nColoris: Noir<br \/>\nVESA : 100 x 100<br \/>\nType de pied : central<br \/>\nDimensions sans pied : 436 x 45 x259 mm<br \/>\nPoids sans pied : 2,1 kg<br \/>\nDimensions avec pied : 436 x 160 x 304 mm<br \/>\nPoids avec pied: 2,3 kg<\/p>\n","protected":false},"excerpt":{"rendered":"<p>ECRAN Diagonale : 47 cm \/ 18,5\u00a0\u00bb D\u00e9finition: HD R\u00e9solution max :1366 x 768 Type : r\u00e9tro\u00e9clairage LED Fr\u00e9quence : 60Hz Temps de r\u00e9ponse : &lt; 14 ms Brillance : Anti reflet Format : 16\/9 Luminance : 200 cd\/m\u00b2 Contraste : 1000\uff1a1 Couleurs : 16,7M Angle de vsion (H \/ V) :178\u00b0 \/ 178\u00b0 FONCTIONS [&hellip;]<\/p>\n","protected":false},"featured_media":190940,"template":"","meta":{"_acf_changed":false},"product_featured_cat":[],"product_brand":[3740],"product_cat":[4505],"product_tag":[],"class_list":{"0":"post-190942","1":"product","2":"type-product","3":"status-publish","4":"has-post-thumbnail","6":"product_brand-bantam","7":"product_cat-televiseurs","9":"first","10":"instock","11":"taxable","12":"shipping-taxable","13":"purchasable","14":"product-type-simple"},"acf":[],"yoast_head":"<!-- This site is optimized with the Yoast SEO plugin v27.4 - https:\/\/yoast.com\/product\/yoast-seo-wordpress\/ -->\n<title>T\u00e9l\u00e9viseur Smart TV WebOS Hub 18,5 - Bantam Wankm\u00fcller SA<\/title>\n<meta name=\"robots\" content=\"index, follow, max-snippet:-1, max-image-preview:large, max-video-preview:-1\" \/>\n<link rel=\"canonical\" href=\"https:\/\/shop.bantam.ch\/fr\/produit\/televiseur-smart-tv-webos-hub-185-47cm\/\" \/>\n<meta property=\"og:locale\" content=\"fr_FR\" \/>\n<meta property=\"og:type\" content=\"article\" \/>\n<meta property=\"og:title\" content=\"T\u00e9l\u00e9viseur Smart TV WebOS Hub 18,5 - Bantam Wankm\u00fcller SA\" \/>\n<meta property=\"og:description\" content=\"ECRAN Diagonale : 47 cm \/ 18,5\u00a0\u00bb D\u00e9finition: HD R\u00e9solution max :1366 x 768 Type : r\u00e9tro\u00e9clairage LED Fr\u00e9quence : 60Hz Temps de r\u00e9ponse : &lt; 14 ms Brillance : Anti reflet Format : 16\/9 Luminance : 200 cd\/m\u00b2 Contraste : 1000\uff1a1 Couleurs : 16,7M Angle de vsion (H \/ V) :178\u00b0 \/ 178\u00b0 FONCTIONS [&hellip;]\" \/>\n<meta property=\"og:url\" content=\"https:\/\/shop.bantam.ch\/fr\/produit\/televiseur-smart-tv-webos-hub-185-47cm\/\" \/>\n<meta property=\"og:site_name\" content=\"Bantam Wankm\u00fcller SA\" \/>\n<meta property=\"article:modified_time\" content=\"2026-04-20T20:55:26+00:00\" \/>\n<meta property=\"og:image\" content=\"https:\/\/shop.bantam.ch\/wp-content\/uploads\/2024\/04\/vignette_produit.jpg\" \/>\n\t<meta property=\"og:image:width\" content=\"455\" \/>\n\t<meta property=\"og:image:height\" content=\"460\" \/>\n\t<meta property=\"og:image:type\" content=\"image\/jpeg\" \/>\n<meta name=\"twitter:card\" content=\"summary_large_image\" \/>\n<meta name=\"twitter:label1\" content=\"Dur\u00e9e de lecture estim\u00e9e\" \/>\n\t<meta name=\"twitter:data1\" content=\"1 minute\" \/>\n<script type=\"application\/ld+json\" class=\"yoast-schema-graph\">{\"@context\":\"https:\\\/\\\/schema.org\",\"@graph\":[{\"@type\":\"WebPage\",\"@id\":\"https:\\\/\\\/shop.bantam.ch\\\/fr\\\/produit\\\/televiseur-smart-tv-webos-hub-185-47cm\\\/\",\"url\":\"https:\\\/\\\/shop.bantam.ch\\\/fr\\\/produit\\\/televiseur-smart-tv-webos-hub-185-47cm\\\/\",\"name\":\"T\u00e9l\u00e9viseur Smart TV WebOS Hub 18,5 - Bantam Wankm\u00fcller SA\",\"isPartOf\":{\"@id\":\"https:\\\/\\\/shop.bantam.ch\\\/fr\\\/#website\"},\"primaryImageOfPage\":{\"@id\":\"https:\\\/\\\/shop.bantam.ch\\\/fr\\\/produit\\\/televiseur-smart-tv-webos-hub-185-47cm\\\/#primaryimage\"},\"image\":{\"@id\":\"https:\\\/\\\/shop.bantam.ch\\\/fr\\\/produit\\\/televiseur-smart-tv-webos-hub-185-47cm\\\/#primaryimage\"},\"thumbnailUrl\":\"https:\\\/\\\/shop.bantam.ch\\\/wp-content\\\/uploads\\\/2024\\\/04\\\/vignette_produit.jpg\",\"datePublished\":\"2024-04-03T16:51:36+00:00\",\"dateModified\":\"2026-04-20T20:55:26+00:00\",\"breadcrumb\":{\"@id\":\"https:\\\/\\\/shop.bantam.ch\\\/fr\\\/produit\\\/televiseur-smart-tv-webos-hub-185-47cm\\\/#breadcrumb\"},\"inLanguage\":\"fr-FR\",\"potentialAction\":[{\"@type\":\"ReadAction\",\"target\":[\"https:\\\/\\\/shop.bantam.ch\\\/fr\\\/produit\\\/televiseur-smart-tv-webos-hub-185-47cm\\\/\"]}]},{\"@type\":\"ImageObject\",\"inLanguage\":\"fr-FR\",\"@id\":\"https:\\\/\\\/shop.bantam.ch\\\/fr\\\/produit\\\/televiseur-smart-tv-webos-hub-185-47cm\\\/#primaryimage\",\"url\":\"https:\\\/\\\/shop.bantam.ch\\\/wp-content\\\/uploads\\\/2024\\\/04\\\/vignette_produit.jpg\",\"contentUrl\":\"https:\\\/\\\/shop.bantam.ch\\\/wp-content\\\/uploads\\\/2024\\\/04\\\/vignette_produit.jpg\",\"width\":455,\"height\":460},{\"@type\":\"BreadcrumbList\",\"@id\":\"https:\\\/\\\/shop.bantam.ch\\\/fr\\\/produit\\\/televiseur-smart-tv-webos-hub-185-47cm\\\/#breadcrumb\",\"itemListElement\":[{\"@type\":\"ListItem\",\"position\":1,\"name\":\"Accueil\",\"item\":\"https:\\\/\\\/shop.bantam.ch\\\/fr\\\/\"},{\"@type\":\"ListItem\",\"position\":2,\"name\":\"Boutique\",\"item\":\"https:\\\/\\\/shop.bantam.ch\\\/fr\\\/boutique\\\/\"},{\"@type\":\"ListItem\",\"position\":3,\"name\":\"T\u00e9l\u00e9viseur Smart TV WebOS Hub 18,5\"}]},{\"@type\":\"WebSite\",\"@id\":\"https:\\\/\\\/shop.bantam.ch\\\/fr\\\/#website\",\"url\":\"https:\\\/\\\/shop.bantam.ch\\\/fr\\\/\",\"name\":\"Bantam Wankm\u00fcller SA\",\"description\":\"\",\"publisher\":{\"@id\":\"https:\\\/\\\/shop.bantam.ch\\\/fr\\\/#organization\"},\"inLanguage\":\"fr-FR\"},{\"@type\":\"Organization\",\"@id\":\"https:\\\/\\\/shop.bantam.ch\\\/fr\\\/#organization\",\"name\":\"Bantam Wankm\u00fcller SA\",\"url\":\"https:\\\/\\\/shop.bantam.ch\\\/fr\\\/\",\"logo\":{\"@type\":\"ImageObject\",\"inLanguage\":\"fr-FR\",\"@id\":\"https:\\\/\\\/shop.bantam.ch\\\/fr\\\/#\\\/schema\\\/logo\\\/image\\\/\",\"url\":\"https:\\\/\\\/shop.bantam.ch\\\/wp-content\\\/uploads\\\/2022\\\/12\\\/bantam-logo.png\",\"contentUrl\":\"https:\\\/\\\/shop.bantam.ch\\\/wp-content\\\/uploads\\\/2022\\\/12\\\/bantam-logo.png\",\"width\":320,\"height\":71,\"caption\":\"Bantam Wankm\u00fcller SA\"},\"image\":{\"@id\":\"https:\\\/\\\/shop.bantam.ch\\\/fr\\\/#\\\/schema\\\/logo\\\/image\\\/\"}}]}<\/script>\n<!-- \/ Yoast SEO plugin. -->","yoast_head_json":{"title":"T\u00e9l\u00e9viseur Smart TV WebOS Hub 18,5 - Bantam Wankm\u00fcller SA","robots":{"index":"index","follow":"follow","max-snippet":"max-snippet:-1","max-image-preview":"max-image-preview:large","max-video-preview":"max-video-preview:-1"},"canonical":"https:\/\/shop.bantam.ch\/fr\/produit\/televiseur-smart-tv-webos-hub-185-47cm\/","og_locale":"fr_FR","og_type":"article","og_title":"T\u00e9l\u00e9viseur Smart TV WebOS Hub 18,5 - Bantam Wankm\u00fcller SA","og_description":"ECRAN Diagonale : 47 cm \/ 18,5\u00a0\u00bb D\u00e9finition: HD R\u00e9solution max :1366 x 768 Type : r\u00e9tro\u00e9clairage LED Fr\u00e9quence : 60Hz Temps de r\u00e9ponse : &lt; 14 ms Brillance : Anti reflet Format : 16\/9 Luminance : 200 cd\/m\u00b2 Contraste : 1000\uff1a1 Couleurs : 16,7M Angle de vsion (H \/ V) :178\u00b0 \/ 178\u00b0 FONCTIONS [&hellip;]","og_url":"https:\/\/shop.bantam.ch\/fr\/produit\/televiseur-smart-tv-webos-hub-185-47cm\/","og_site_name":"Bantam Wankm\u00fcller SA","article_modified_time":"2026-04-20T20:55:26+00:00","og_image":[{"width":455,"height":460,"url":"https:\/\/shop.bantam.ch\/wp-content\/uploads\/2024\/04\/vignette_produit.jpg","type":"image\/jpeg"}],"twitter_card":"summary_large_image","twitter_misc":{"Dur\u00e9e de lecture estim\u00e9e":"1 minute"},"schema":{"@context":"https:\/\/schema.org","@graph":[{"@type":"WebPage","@id":"https:\/\/shop.bantam.ch\/fr\/produit\/televiseur-smart-tv-webos-hub-185-47cm\/","url":"https:\/\/shop.bantam.ch\/fr\/produit\/televiseur-smart-tv-webos-hub-185-47cm\/","name":"T\u00e9l\u00e9viseur Smart TV WebOS Hub 18,5 - Bantam Wankm\u00fcller SA","isPartOf":{"@id":"https:\/\/shop.bantam.ch\/fr\/#website"},"primaryImageOfPage":{"@id":"https:\/\/shop.bantam.ch\/fr\/produit\/televiseur-smart-tv-webos-hub-185-47cm\/#primaryimage"},"image":{"@id":"https:\/\/shop.bantam.ch\/fr\/produit\/televiseur-smart-tv-webos-hub-185-47cm\/#primaryimage"},"thumbnailUrl":"https:\/\/shop.bantam.ch\/wp-content\/uploads\/2024\/04\/vignette_produit.jpg","datePublished":"2024-04-03T16:51:36+00:00","dateModified":"2026-04-20T20:55:26+00:00","breadcrumb":{"@id":"https:\/\/shop.bantam.ch\/fr\/produit\/televiseur-smart-tv-webos-hub-185-47cm\/#breadcrumb"},"inLanguage":"fr-FR","potentialAction":[{"@type":"ReadAction","target":["https:\/\/shop.bantam.ch\/fr\/produit\/televiseur-smart-tv-webos-hub-185-47cm\/"]}]},{"@type":"ImageObject","inLanguage":"fr-FR","@id":"https:\/\/shop.bantam.ch\/fr\/produit\/televiseur-smart-tv-webos-hub-185-47cm\/#primaryimage","url":"https:\/\/shop.bantam.ch\/wp-content\/uploads\/2024\/04\/vignette_produit.jpg","contentUrl":"https:\/\/shop.bantam.ch\/wp-content\/uploads\/2024\/04\/vignette_produit.jpg","width":455,"height":460},{"@type":"BreadcrumbList","@id":"https:\/\/shop.bantam.ch\/fr\/produit\/televiseur-smart-tv-webos-hub-185-47cm\/#breadcrumb","itemListElement":[{"@type":"ListItem","position":1,"name":"Accueil","item":"https:\/\/shop.bantam.ch\/fr\/"},{"@type":"ListItem","position":2,"name":"Boutique","item":"https:\/\/shop.bantam.ch\/fr\/boutique\/"},{"@type":"ListItem","position":3,"name":"T\u00e9l\u00e9viseur Smart TV WebOS Hub 18,5"}]},{"@type":"WebSite","@id":"https:\/\/shop.bantam.ch\/fr\/#website","url":"https:\/\/shop.bantam.ch\/fr\/","name":"Bantam Wankm\u00fcller SA","description":"","publisher":{"@id":"https:\/\/shop.bantam.ch\/fr\/#organization"},"inLanguage":"fr-FR"},{"@type":"Organization","@id":"https:\/\/shop.bantam.ch\/fr\/#organization","name":"Bantam Wankm\u00fcller SA","url":"https:\/\/shop.bantam.ch\/fr\/","logo":{"@type":"ImageObject","inLanguage":"fr-FR","@id":"https:\/\/shop.bantam.ch\/fr\/#\/schema\/logo\/image\/","url":"https:\/\/shop.bantam.ch\/wp-content\/uploads\/2022\/12\/bantam-logo.png","contentUrl":"https:\/\/shop.bantam.ch\/wp-content\/uploads\/2022\/12\/bantam-logo.png","width":320,"height":71,"caption":"Bantam Wankm\u00fcller SA"},"image":{"@id":"https:\/\/shop.bantam.ch\/fr\/#\/schema\/logo\/image\/"}}]}},"_links":{"self":[{"href":"https:\/\/shop.bantam.ch\/fr\/wp-json\/wp\/v2\/product\/190942","targetHints":{"allow":["GET"]}}],"collection":[{"href":"https:\/\/shop.bantam.ch\/fr\/wp-json\/wp\/v2\/product"}],"about":[{"href":"https:\/\/shop.bantam.ch\/fr\/wp-json\/wp\/v2\/types\/product"}],"wp:featuredmedia":[{"embeddable":true,"href":"https:\/\/shop.bantam.ch\/fr\/wp-json\/wp\/v2\/media\/190940"}],"wp:attachment":[{"href":"https:\/\/shop.bantam.ch\/fr\/wp-json\/wp\/v2\/media?parent=190942"}],"wp:term":[{"taxonomy":"product_featured_cat","embeddable":true,"href":"https:\/\/shop.bantam.ch\/fr\/wp-json\/wp\/v2\/product_featured_cat?post=190942"},{"taxonomy":"product_brand","embeddable":true,"href":"https:\/\/shop.bantam.ch\/fr\/wp-json\/wp\/v2\/product_brand?post=190942"},{"taxonomy":"product_cat","embeddable":true,"href":"https:\/\/shop.bantam.ch\/fr\/wp-json\/wp\/v2\/product_cat?post=190942"},{"taxonomy":"product_tag","embeddable":true,"href":"https:\/\/shop.bantam.ch\/fr\/wp-json\/wp\/v2\/product_tag?post=190942"}],"curies":[{"name":"wp","href":"https:\/\/api.w.org\/{rel}","templated":true}]}}