{"id":190902,"date":"2024-04-02T11:39:19","date_gmt":"2024-04-02T09:39:19","guid":{"rendered":"https:\/\/shop.bantam.ch\/produit\/feuerdesign-pince-a-griller-pour-gril-de-table\/"},"modified":"2026-04-17T22:54:29","modified_gmt":"2026-04-17T20:54:29","slug":"feuerdesign-pince-a-griller-pour-gril-de-table","status":"publish","type":"product","link":"https:\/\/shop.bantam.ch\/fr\/produit\/feuerdesign-pince-a-griller-pour-gril-de-table\/","title":{"rendered":"Feuerdesign pince \u00e0 griller pour gril de table"},"content":{"rendered":"<p>Accessoires originaux Feuerdesign Pince \u00e0 barbecue<br \/>\nen acier inoxydable et silicone<br \/>\nmod\u00e8le moderne, avec anneau de fermeture, peu encombrante<br \/>\nR\u00e9sistante \u00e0 la chaleur, maniable, l\u00e9g\u00e8re<br \/>\nPeut \u00eatre utilis\u00e9e pour soulever le couvercle du panier \u00e0 charbon pour le remplissage de charbon pendant le barbecue<br \/>\nConvient au lave-vaisselle<\/p>\n","protected":false},"excerpt":{"rendered":"<p>Accessoires originaux Feuerdesign Pince \u00e0 barbecue en acier inoxydable et silicone mod\u00e8le moderne, avec anneau de fermeture, peu encombrante R\u00e9sistante \u00e0 la chaleur, maniable, l\u00e9g\u00e8re Peut \u00eatre utilis\u00e9e pour soulever le couvercle du panier \u00e0 charbon pour le remplissage de charbon pendant le barbecue Convient au lave-vaisselle<\/p>\n","protected":false},"featured_media":190900,"template":"","meta":{"_acf_changed":false},"product_featured_cat":[],"product_brand":[3732],"product_cat":[3997,4201],"product_tag":[],"class_list":{"0":"post-190902","1":"product","2":"type-product","3":"status-publish","4":"has-post-thumbnail","6":"product_brand-feuerdesign-by-limatec","7":"product_cat-grilles-de-barbecue","8":"product_cat-pieces-de-rechange-grilles-et-gaz","10":"first","11":"instock","12":"taxable","13":"shipping-taxable","14":"purchasable","15":"product-type-simple"},"acf":[],"yoast_head":"<!-- This site is optimized with the Yoast SEO plugin v27.4 - https:\/\/yoast.com\/product\/yoast-seo-wordpress\/ -->\n<title>Feuerdesign pince \u00e0 griller pour gril de table - Bantam Wankm\u00fcller SA<\/title>\n<meta name=\"robots\" content=\"index, follow, max-snippet:-1, max-image-preview:large, max-video-preview:-1\" \/>\n<link rel=\"canonical\" href=\"https:\/\/shop.bantam.ch\/fr\/produit\/feuerdesign-pince-a-griller-pour-gril-de-table\/\" \/>\n<meta property=\"og:locale\" content=\"fr_FR\" \/>\n<meta property=\"og:type\" content=\"article\" \/>\n<meta property=\"og:title\" content=\"Feuerdesign pince \u00e0 griller pour gril de table - Bantam Wankm\u00fcller SA\" \/>\n<meta property=\"og:description\" content=\"Accessoires originaux Feuerdesign Pince \u00e0 barbecue en acier inoxydable et silicone mod\u00e8le moderne, avec anneau de fermeture, peu encombrante R\u00e9sistante \u00e0 la chaleur, maniable, l\u00e9g\u00e8re Peut \u00eatre utilis\u00e9e pour soulever le couvercle du panier \u00e0 charbon pour le remplissage de charbon pendant le barbecue Convient au lave-vaisselle\" \/>\n<meta property=\"og:url\" content=\"https:\/\/shop.bantam.ch\/fr\/produit\/feuerdesign-pince-a-griller-pour-gril-de-table\/\" \/>\n<meta property=\"og:site_name\" content=\"Bantam Wankm\u00fcller SA\" \/>\n<meta property=\"article:modified_time\" content=\"2026-04-17T20:54:29+00:00\" \/>\n<meta property=\"og:image\" content=\"https:\/\/shop.bantam.ch\/wp-content\/uploads\/2024\/04\/ZANGE_600x600.jpg\" \/>\n\t<meta property=\"og:image:width\" content=\"600\" \/>\n\t<meta property=\"og:image:height\" content=\"399\" \/>\n\t<meta property=\"og:image:type\" content=\"image\/jpeg\" \/>\n<meta name=\"twitter:card\" content=\"summary_large_image\" \/>\n<script type=\"application\/ld+json\" class=\"yoast-schema-graph\">{\"@context\":\"https:\\\/\\\/schema.org\",\"@graph\":[{\"@type\":\"WebPage\",\"@id\":\"https:\\\/\\\/shop.bantam.ch\\\/fr\\\/produit\\\/feuerdesign-pince-a-griller-pour-gril-de-table\\\/\",\"url\":\"https:\\\/\\\/shop.bantam.ch\\\/fr\\\/produit\\\/feuerdesign-pince-a-griller-pour-gril-de-table\\\/\",\"name\":\"Feuerdesign pince \u00e0 griller pour gril de table - Bantam Wankm\u00fcller SA\",\"isPartOf\":{\"@id\":\"https:\\\/\\\/shop.bantam.ch\\\/fr\\\/#website\"},\"primaryImageOfPage\":{\"@id\":\"https:\\\/\\\/shop.bantam.ch\\\/fr\\\/produit\\\/feuerdesign-pince-a-griller-pour-gril-de-table\\\/#primaryimage\"},\"image\":{\"@id\":\"https:\\\/\\\/shop.bantam.ch\\\/fr\\\/produit\\\/feuerdesign-pince-a-griller-pour-gril-de-table\\\/#primaryimage\"},\"thumbnailUrl\":\"https:\\\/\\\/shop.bantam.ch\\\/wp-content\\\/uploads\\\/2024\\\/04\\\/ZANGE_600x600.jpg\",\"datePublished\":\"2024-04-02T09:39:19+00:00\",\"dateModified\":\"2026-04-17T20:54:29+00:00\",\"breadcrumb\":{\"@id\":\"https:\\\/\\\/shop.bantam.ch\\\/fr\\\/produit\\\/feuerdesign-pince-a-griller-pour-gril-de-table\\\/#breadcrumb\"},\"inLanguage\":\"fr-FR\",\"potentialAction\":[{\"@type\":\"ReadAction\",\"target\":[\"https:\\\/\\\/shop.bantam.ch\\\/fr\\\/produit\\\/feuerdesign-pince-a-griller-pour-gril-de-table\\\/\"]}]},{\"@type\":\"ImageObject\",\"inLanguage\":\"fr-FR\",\"@id\":\"https:\\\/\\\/shop.bantam.ch\\\/fr\\\/produit\\\/feuerdesign-pince-a-griller-pour-gril-de-table\\\/#primaryimage\",\"url\":\"https:\\\/\\\/shop.bantam.ch\\\/wp-content\\\/uploads\\\/2024\\\/04\\\/ZANGE_600x600.jpg\",\"contentUrl\":\"https:\\\/\\\/shop.bantam.ch\\\/wp-content\\\/uploads\\\/2024\\\/04\\\/ZANGE_600x600.jpg\",\"width\":600,\"height\":399},{\"@type\":\"BreadcrumbList\",\"@id\":\"https:\\\/\\\/shop.bantam.ch\\\/fr\\\/produit\\\/feuerdesign-pince-a-griller-pour-gril-de-table\\\/#breadcrumb\",\"itemListElement\":[{\"@type\":\"ListItem\",\"position\":1,\"name\":\"Accueil\",\"item\":\"https:\\\/\\\/shop.bantam.ch\\\/fr\\\/\"},{\"@type\":\"ListItem\",\"position\":2,\"name\":\"Boutique\",\"item\":\"https:\\\/\\\/shop.bantam.ch\\\/fr\\\/boutique\\\/\"},{\"@type\":\"ListItem\",\"position\":3,\"name\":\"Feuerdesign pince \u00e0 griller pour gril de table\"}]},{\"@type\":\"WebSite\",\"@id\":\"https:\\\/\\\/shop.bantam.ch\\\/fr\\\/#website\",\"url\":\"https:\\\/\\\/shop.bantam.ch\\\/fr\\\/\",\"name\":\"Bantam Wankm\u00fcller SA\",\"description\":\"\",\"publisher\":{\"@id\":\"https:\\\/\\\/shop.bantam.ch\\\/fr\\\/#organization\"},\"inLanguage\":\"fr-FR\"},{\"@type\":\"Organization\",\"@id\":\"https:\\\/\\\/shop.bantam.ch\\\/fr\\\/#organization\",\"name\":\"Bantam Wankm\u00fcller SA\",\"url\":\"https:\\\/\\\/shop.bantam.ch\\\/fr\\\/\",\"logo\":{\"@type\":\"ImageObject\",\"inLanguage\":\"fr-FR\",\"@id\":\"https:\\\/\\\/shop.bantam.ch\\\/fr\\\/#\\\/schema\\\/logo\\\/image\\\/\",\"url\":\"https:\\\/\\\/shop.bantam.ch\\\/wp-content\\\/uploads\\\/2022\\\/12\\\/bantam-logo.png\",\"contentUrl\":\"https:\\\/\\\/shop.bantam.ch\\\/wp-content\\\/uploads\\\/2022\\\/12\\\/bantam-logo.png\",\"width\":320,\"height\":71,\"caption\":\"Bantam Wankm\u00fcller SA\"},\"image\":{\"@id\":\"https:\\\/\\\/shop.bantam.ch\\\/fr\\\/#\\\/schema\\\/logo\\\/image\\\/\"}}]}<\/script>\n<!-- \/ Yoast SEO plugin. -->","yoast_head_json":{"title":"Feuerdesign pince \u00e0 griller pour gril de table - Bantam Wankm\u00fcller SA","robots":{"index":"index","follow":"follow","max-snippet":"max-snippet:-1","max-image-preview":"max-image-preview:large","max-video-preview":"max-video-preview:-1"},"canonical":"https:\/\/shop.bantam.ch\/fr\/produit\/feuerdesign-pince-a-griller-pour-gril-de-table\/","og_locale":"fr_FR","og_type":"article","og_title":"Feuerdesign pince \u00e0 griller pour gril de table - Bantam Wankm\u00fcller SA","og_description":"Accessoires originaux Feuerdesign Pince \u00e0 barbecue en acier inoxydable et silicone mod\u00e8le moderne, avec anneau de fermeture, peu encombrante R\u00e9sistante \u00e0 la chaleur, maniable, l\u00e9g\u00e8re Peut \u00eatre utilis\u00e9e pour soulever le couvercle du panier \u00e0 charbon pour le remplissage de charbon pendant le barbecue Convient au lave-vaisselle","og_url":"https:\/\/shop.bantam.ch\/fr\/produit\/feuerdesign-pince-a-griller-pour-gril-de-table\/","og_site_name":"Bantam Wankm\u00fcller SA","article_modified_time":"2026-04-17T20:54:29+00:00","og_image":[{"width":600,"height":399,"url":"https:\/\/shop.bantam.ch\/wp-content\/uploads\/2024\/04\/ZANGE_600x600.jpg","type":"image\/jpeg"}],"twitter_card":"summary_large_image","schema":{"@context":"https:\/\/schema.org","@graph":[{"@type":"WebPage","@id":"https:\/\/shop.bantam.ch\/fr\/produit\/feuerdesign-pince-a-griller-pour-gril-de-table\/","url":"https:\/\/shop.bantam.ch\/fr\/produit\/feuerdesign-pince-a-griller-pour-gril-de-table\/","name":"Feuerdesign pince \u00e0 griller pour gril de table - Bantam Wankm\u00fcller SA","isPartOf":{"@id":"https:\/\/shop.bantam.ch\/fr\/#website"},"primaryImageOfPage":{"@id":"https:\/\/shop.bantam.ch\/fr\/produit\/feuerdesign-pince-a-griller-pour-gril-de-table\/#primaryimage"},"image":{"@id":"https:\/\/shop.bantam.ch\/fr\/produit\/feuerdesign-pince-a-griller-pour-gril-de-table\/#primaryimage"},"thumbnailUrl":"https:\/\/shop.bantam.ch\/wp-content\/uploads\/2024\/04\/ZANGE_600x600.jpg","datePublished":"2024-04-02T09:39:19+00:00","dateModified":"2026-04-17T20:54:29+00:00","breadcrumb":{"@id":"https:\/\/shop.bantam.ch\/fr\/produit\/feuerdesign-pince-a-griller-pour-gril-de-table\/#breadcrumb"},"inLanguage":"fr-FR","potentialAction":[{"@type":"ReadAction","target":["https:\/\/shop.bantam.ch\/fr\/produit\/feuerdesign-pince-a-griller-pour-gril-de-table\/"]}]},{"@type":"ImageObject","inLanguage":"fr-FR","@id":"https:\/\/shop.bantam.ch\/fr\/produit\/feuerdesign-pince-a-griller-pour-gril-de-table\/#primaryimage","url":"https:\/\/shop.bantam.ch\/wp-content\/uploads\/2024\/04\/ZANGE_600x600.jpg","contentUrl":"https:\/\/shop.bantam.ch\/wp-content\/uploads\/2024\/04\/ZANGE_600x600.jpg","width":600,"height":399},{"@type":"BreadcrumbList","@id":"https:\/\/shop.bantam.ch\/fr\/produit\/feuerdesign-pince-a-griller-pour-gril-de-table\/#breadcrumb","itemListElement":[{"@type":"ListItem","position":1,"name":"Accueil","item":"https:\/\/shop.bantam.ch\/fr\/"},{"@type":"ListItem","position":2,"name":"Boutique","item":"https:\/\/shop.bantam.ch\/fr\/boutique\/"},{"@type":"ListItem","position":3,"name":"Feuerdesign pince \u00e0 griller pour gril de table"}]},{"@type":"WebSite","@id":"https:\/\/shop.bantam.ch\/fr\/#website","url":"https:\/\/shop.bantam.ch\/fr\/","name":"Bantam Wankm\u00fcller SA","description":"","publisher":{"@id":"https:\/\/shop.bantam.ch\/fr\/#organization"},"inLanguage":"fr-FR"},{"@type":"Organization","@id":"https:\/\/shop.bantam.ch\/fr\/#organization","name":"Bantam Wankm\u00fcller SA","url":"https:\/\/shop.bantam.ch\/fr\/","logo":{"@type":"ImageObject","inLanguage":"fr-FR","@id":"https:\/\/shop.bantam.ch\/fr\/#\/schema\/logo\/image\/","url":"https:\/\/shop.bantam.ch\/wp-content\/uploads\/2022\/12\/bantam-logo.png","contentUrl":"https:\/\/shop.bantam.ch\/wp-content\/uploads\/2022\/12\/bantam-logo.png","width":320,"height":71,"caption":"Bantam Wankm\u00fcller SA"},"image":{"@id":"https:\/\/shop.bantam.ch\/fr\/#\/schema\/logo\/image\/"}}]}},"_links":{"self":[{"href":"https:\/\/shop.bantam.ch\/fr\/wp-json\/wp\/v2\/product\/190902","targetHints":{"allow":["GET"]}}],"collection":[{"href":"https:\/\/shop.bantam.ch\/fr\/wp-json\/wp\/v2\/product"}],"about":[{"href":"https:\/\/shop.bantam.ch\/fr\/wp-json\/wp\/v2\/types\/product"}],"wp:featuredmedia":[{"embeddable":true,"href":"https:\/\/shop.bantam.ch\/fr\/wp-json\/wp\/v2\/media\/190900"}],"wp:attachment":[{"href":"https:\/\/shop.bantam.ch\/fr\/wp-json\/wp\/v2\/media?parent=190902"}],"wp:term":[{"taxonomy":"product_featured_cat","embeddable":true,"href":"https:\/\/shop.bantam.ch\/fr\/wp-json\/wp\/v2\/product_featured_cat?post=190902"},{"taxonomy":"product_brand","embeddable":true,"href":"https:\/\/shop.bantam.ch\/fr\/wp-json\/wp\/v2\/product_brand?post=190902"},{"taxonomy":"product_cat","embeddable":true,"href":"https:\/\/shop.bantam.ch\/fr\/wp-json\/wp\/v2\/product_cat?post=190902"},{"taxonomy":"product_tag","embeddable":true,"href":"https:\/\/shop.bantam.ch\/fr\/wp-json\/wp\/v2\/product_tag?post=190902"}],"curies":[{"name":"wp","href":"https:\/\/api.w.org\/{rel}","templated":true}]}}