{"id":190857,"date":"2024-04-02T10:16:45","date_gmt":"2024-04-02T08:16:45","guid":{"rendered":"https:\/\/shop.bantam.ch\/produit\/gril-a-charbon-feuerdesign-teide-anthracite\/"},"modified":"2026-04-17T22:54:21","modified_gmt":"2026-04-17T20:54:21","slug":"gril-a-charbon-feuerdesign-teide-anthracite","status":"publish","type":"product","link":"https:\/\/shop.bantam.ch\/fr\/produit\/gril-a-charbon-feuerdesign-teide-anthracite\/","title":{"rendered":"Gril \u00e0 charbon Feuerdesign Teide anthracite"},"content":{"rendered":"<p>Barbecue de table au charbon de bois avec pince \u00e0 barbecue. Le ventilateur rechargeable par c\u00e2ble USB garantit des braises rapides, une temp\u00e9rature r\u00e9glable et une dur\u00e9e de cuisson pouvant atteindre 4 heures. La grande grille en acier inoxydable de 34 x 34 cm offre suffisamment de place pour un barbecue de six personnes.<\/p>\n<p>Avantages:.<br \/>\nUne hauteur agr\u00e9able \u00e0 table gr\u00e2ce \u00e0 sa construction plate.<br \/>\nLe panier \u00e0 charbon de bois ferm\u00e9 prot\u00e8ge de la graisse qui s&rsquo;\u00e9goutte et de la fum\u00e9e g\u00eanante.<br \/>\nLa grille et le bac de r\u00e9cup\u00e9ration des graisses sont en acier inoxydable et lavables au lave-vaisselle.<br \/>\nLa surface du fond r\u00e9siste \u00e0 la chaleur, reste froide et convient donc \u00e0 tout type de support.<br \/>\nLa construction \u00e0 double paroi permet de le toucher m\u00eame pendant le fonctionnement.<br \/>\nPeut \u00eatre utilis\u00e9 m\u00eame par grand vent.<br \/>\nLe charbon peut \u00eatre recharg\u00e9 \u00e0 tout moment pendant la grillade.<\/p>\n","protected":false},"excerpt":{"rendered":"<p>Barbecue de table au charbon de bois avec pince \u00e0 barbecue. Le ventilateur rechargeable par c\u00e2ble USB garantit des braises rapides, une temp\u00e9rature r\u00e9glable et une dur\u00e9e de cuisson pouvant atteindre 4 heures. La grande grille en acier inoxydable de 34 x 34 cm offre suffisamment de place pour un barbecue de six personnes. Avantages:. [&hellip;]<\/p>\n","protected":false},"featured_media":190855,"template":"","meta":{"_acf_changed":false},"product_featured_cat":[],"product_brand":[3732],"product_cat":[3997,4201],"product_tag":[],"class_list":{"0":"post-190857","1":"product","2":"type-product","3":"status-publish","4":"has-post-thumbnail","6":"product_brand-feuerdesign-by-limatec","7":"product_cat-grilles-de-barbecue","8":"product_cat-pieces-de-rechange-grilles-et-gaz","10":"first","11":"instock","12":"taxable","13":"shipping-taxable","14":"purchasable","15":"product-type-simple"},"acf":[],"yoast_head":"<!-- This site is optimized with the Yoast SEO plugin v27.4 - https:\/\/yoast.com\/product\/yoast-seo-wordpress\/ -->\n<title>Gril \u00e0 charbon Feuerdesign Teide anthracite - Bantam Wankm\u00fcller SA<\/title>\n<meta name=\"robots\" content=\"index, follow, max-snippet:-1, max-image-preview:large, max-video-preview:-1\" \/>\n<link rel=\"canonical\" href=\"https:\/\/shop.bantam.ch\/fr\/produit\/gril-a-charbon-feuerdesign-teide-anthracite\/\" \/>\n<meta property=\"og:locale\" content=\"fr_FR\" \/>\n<meta property=\"og:type\" content=\"article\" \/>\n<meta property=\"og:title\" content=\"Gril \u00e0 charbon Feuerdesign Teide anthracite - Bantam Wankm\u00fcller SA\" \/>\n<meta property=\"og:description\" content=\"Barbecue de table au charbon de bois avec pince \u00e0 barbecue. Le ventilateur rechargeable par c\u00e2ble USB garantit des braises rapides, une temp\u00e9rature r\u00e9glable et une dur\u00e9e de cuisson pouvant atteindre 4 heures. La grande grille en acier inoxydable de 34 x 34 cm offre suffisamment de place pour un barbecue de six personnes. Avantages:. [&hellip;]\" \/>\n<meta property=\"og:url\" content=\"https:\/\/shop.bantam.ch\/fr\/produit\/gril-a-charbon-feuerdesign-teide-anthracite\/\" \/>\n<meta property=\"og:site_name\" content=\"Bantam Wankm\u00fcller SA\" \/>\n<meta property=\"article:modified_time\" content=\"2026-04-17T20:54:21+00:00\" \/>\n<meta property=\"og:image\" content=\"https:\/\/shop.bantam.ch\/wp-content\/uploads\/2024\/04\/119733_000001_1_600x600.jpg\" \/>\n\t<meta property=\"og:image:width\" content=\"360\" \/>\n\t<meta property=\"og:image:height\" content=\"240\" \/>\n\t<meta property=\"og:image:type\" content=\"image\/jpeg\" \/>\n<meta name=\"twitter:card\" content=\"summary_large_image\" \/>\n<meta name=\"twitter:label1\" content=\"Dur\u00e9e de lecture estim\u00e9e\" \/>\n\t<meta name=\"twitter:data1\" content=\"1 minute\" \/>\n<script type=\"application\/ld+json\" class=\"yoast-schema-graph\">{\"@context\":\"https:\\\/\\\/schema.org\",\"@graph\":[{\"@type\":\"WebPage\",\"@id\":\"https:\\\/\\\/shop.bantam.ch\\\/fr\\\/produit\\\/gril-a-charbon-feuerdesign-teide-anthracite\\\/\",\"url\":\"https:\\\/\\\/shop.bantam.ch\\\/fr\\\/produit\\\/gril-a-charbon-feuerdesign-teide-anthracite\\\/\",\"name\":\"Gril \u00e0 charbon Feuerdesign Teide anthracite - Bantam Wankm\u00fcller SA\",\"isPartOf\":{\"@id\":\"https:\\\/\\\/shop.bantam.ch\\\/fr\\\/#website\"},\"primaryImageOfPage\":{\"@id\":\"https:\\\/\\\/shop.bantam.ch\\\/fr\\\/produit\\\/gril-a-charbon-feuerdesign-teide-anthracite\\\/#primaryimage\"},\"image\":{\"@id\":\"https:\\\/\\\/shop.bantam.ch\\\/fr\\\/produit\\\/gril-a-charbon-feuerdesign-teide-anthracite\\\/#primaryimage\"},\"thumbnailUrl\":\"https:\\\/\\\/shop.bantam.ch\\\/wp-content\\\/uploads\\\/2024\\\/04\\\/119733_000001_1_600x600.jpg\",\"datePublished\":\"2024-04-02T08:16:45+00:00\",\"dateModified\":\"2026-04-17T20:54:21+00:00\",\"breadcrumb\":{\"@id\":\"https:\\\/\\\/shop.bantam.ch\\\/fr\\\/produit\\\/gril-a-charbon-feuerdesign-teide-anthracite\\\/#breadcrumb\"},\"inLanguage\":\"fr-FR\",\"potentialAction\":[{\"@type\":\"ReadAction\",\"target\":[\"https:\\\/\\\/shop.bantam.ch\\\/fr\\\/produit\\\/gril-a-charbon-feuerdesign-teide-anthracite\\\/\"]}]},{\"@type\":\"ImageObject\",\"inLanguage\":\"fr-FR\",\"@id\":\"https:\\\/\\\/shop.bantam.ch\\\/fr\\\/produit\\\/gril-a-charbon-feuerdesign-teide-anthracite\\\/#primaryimage\",\"url\":\"https:\\\/\\\/shop.bantam.ch\\\/wp-content\\\/uploads\\\/2024\\\/04\\\/119733_000001_1_600x600.jpg\",\"contentUrl\":\"https:\\\/\\\/shop.bantam.ch\\\/wp-content\\\/uploads\\\/2024\\\/04\\\/119733_000001_1_600x600.jpg\",\"width\":360,\"height\":240},{\"@type\":\"BreadcrumbList\",\"@id\":\"https:\\\/\\\/shop.bantam.ch\\\/fr\\\/produit\\\/gril-a-charbon-feuerdesign-teide-anthracite\\\/#breadcrumb\",\"itemListElement\":[{\"@type\":\"ListItem\",\"position\":1,\"name\":\"Accueil\",\"item\":\"https:\\\/\\\/shop.bantam.ch\\\/fr\\\/\"},{\"@type\":\"ListItem\",\"position\":2,\"name\":\"Boutique\",\"item\":\"https:\\\/\\\/shop.bantam.ch\\\/fr\\\/boutique\\\/\"},{\"@type\":\"ListItem\",\"position\":3,\"name\":\"Gril \u00e0 charbon Feuerdesign Teide anthracite\"}]},{\"@type\":\"WebSite\",\"@id\":\"https:\\\/\\\/shop.bantam.ch\\\/fr\\\/#website\",\"url\":\"https:\\\/\\\/shop.bantam.ch\\\/fr\\\/\",\"name\":\"Bantam Wankm\u00fcller SA\",\"description\":\"\",\"publisher\":{\"@id\":\"https:\\\/\\\/shop.bantam.ch\\\/fr\\\/#organization\"},\"inLanguage\":\"fr-FR\"},{\"@type\":\"Organization\",\"@id\":\"https:\\\/\\\/shop.bantam.ch\\\/fr\\\/#organization\",\"name\":\"Bantam Wankm\u00fcller SA\",\"url\":\"https:\\\/\\\/shop.bantam.ch\\\/fr\\\/\",\"logo\":{\"@type\":\"ImageObject\",\"inLanguage\":\"fr-FR\",\"@id\":\"https:\\\/\\\/shop.bantam.ch\\\/fr\\\/#\\\/schema\\\/logo\\\/image\\\/\",\"url\":\"https:\\\/\\\/shop.bantam.ch\\\/wp-content\\\/uploads\\\/2022\\\/12\\\/bantam-logo.png\",\"contentUrl\":\"https:\\\/\\\/shop.bantam.ch\\\/wp-content\\\/uploads\\\/2022\\\/12\\\/bantam-logo.png\",\"width\":320,\"height\":71,\"caption\":\"Bantam Wankm\u00fcller SA\"},\"image\":{\"@id\":\"https:\\\/\\\/shop.bantam.ch\\\/fr\\\/#\\\/schema\\\/logo\\\/image\\\/\"}}]}<\/script>\n<!-- \/ Yoast SEO plugin. -->","yoast_head_json":{"title":"Gril \u00e0 charbon Feuerdesign Teide anthracite - Bantam Wankm\u00fcller SA","robots":{"index":"index","follow":"follow","max-snippet":"max-snippet:-1","max-image-preview":"max-image-preview:large","max-video-preview":"max-video-preview:-1"},"canonical":"https:\/\/shop.bantam.ch\/fr\/produit\/gril-a-charbon-feuerdesign-teide-anthracite\/","og_locale":"fr_FR","og_type":"article","og_title":"Gril \u00e0 charbon Feuerdesign Teide anthracite - Bantam Wankm\u00fcller SA","og_description":"Barbecue de table au charbon de bois avec pince \u00e0 barbecue. Le ventilateur rechargeable par c\u00e2ble USB garantit des braises rapides, une temp\u00e9rature r\u00e9glable et une dur\u00e9e de cuisson pouvant atteindre 4 heures. La grande grille en acier inoxydable de 34 x 34 cm offre suffisamment de place pour un barbecue de six personnes. Avantages:. [&hellip;]","og_url":"https:\/\/shop.bantam.ch\/fr\/produit\/gril-a-charbon-feuerdesign-teide-anthracite\/","og_site_name":"Bantam Wankm\u00fcller SA","article_modified_time":"2026-04-17T20:54:21+00:00","og_image":[{"width":360,"height":240,"url":"https:\/\/shop.bantam.ch\/wp-content\/uploads\/2024\/04\/119733_000001_1_600x600.jpg","type":"image\/jpeg"}],"twitter_card":"summary_large_image","twitter_misc":{"Dur\u00e9e de lecture estim\u00e9e":"1 minute"},"schema":{"@context":"https:\/\/schema.org","@graph":[{"@type":"WebPage","@id":"https:\/\/shop.bantam.ch\/fr\/produit\/gril-a-charbon-feuerdesign-teide-anthracite\/","url":"https:\/\/shop.bantam.ch\/fr\/produit\/gril-a-charbon-feuerdesign-teide-anthracite\/","name":"Gril \u00e0 charbon Feuerdesign Teide anthracite - Bantam Wankm\u00fcller SA","isPartOf":{"@id":"https:\/\/shop.bantam.ch\/fr\/#website"},"primaryImageOfPage":{"@id":"https:\/\/shop.bantam.ch\/fr\/produit\/gril-a-charbon-feuerdesign-teide-anthracite\/#primaryimage"},"image":{"@id":"https:\/\/shop.bantam.ch\/fr\/produit\/gril-a-charbon-feuerdesign-teide-anthracite\/#primaryimage"},"thumbnailUrl":"https:\/\/shop.bantam.ch\/wp-content\/uploads\/2024\/04\/119733_000001_1_600x600.jpg","datePublished":"2024-04-02T08:16:45+00:00","dateModified":"2026-04-17T20:54:21+00:00","breadcrumb":{"@id":"https:\/\/shop.bantam.ch\/fr\/produit\/gril-a-charbon-feuerdesign-teide-anthracite\/#breadcrumb"},"inLanguage":"fr-FR","potentialAction":[{"@type":"ReadAction","target":["https:\/\/shop.bantam.ch\/fr\/produit\/gril-a-charbon-feuerdesign-teide-anthracite\/"]}]},{"@type":"ImageObject","inLanguage":"fr-FR","@id":"https:\/\/shop.bantam.ch\/fr\/produit\/gril-a-charbon-feuerdesign-teide-anthracite\/#primaryimage","url":"https:\/\/shop.bantam.ch\/wp-content\/uploads\/2024\/04\/119733_000001_1_600x600.jpg","contentUrl":"https:\/\/shop.bantam.ch\/wp-content\/uploads\/2024\/04\/119733_000001_1_600x600.jpg","width":360,"height":240},{"@type":"BreadcrumbList","@id":"https:\/\/shop.bantam.ch\/fr\/produit\/gril-a-charbon-feuerdesign-teide-anthracite\/#breadcrumb","itemListElement":[{"@type":"ListItem","position":1,"name":"Accueil","item":"https:\/\/shop.bantam.ch\/fr\/"},{"@type":"ListItem","position":2,"name":"Boutique","item":"https:\/\/shop.bantam.ch\/fr\/boutique\/"},{"@type":"ListItem","position":3,"name":"Gril \u00e0 charbon Feuerdesign Teide anthracite"}]},{"@type":"WebSite","@id":"https:\/\/shop.bantam.ch\/fr\/#website","url":"https:\/\/shop.bantam.ch\/fr\/","name":"Bantam Wankm\u00fcller SA","description":"","publisher":{"@id":"https:\/\/shop.bantam.ch\/fr\/#organization"},"inLanguage":"fr-FR"},{"@type":"Organization","@id":"https:\/\/shop.bantam.ch\/fr\/#organization","name":"Bantam Wankm\u00fcller SA","url":"https:\/\/shop.bantam.ch\/fr\/","logo":{"@type":"ImageObject","inLanguage":"fr-FR","@id":"https:\/\/shop.bantam.ch\/fr\/#\/schema\/logo\/image\/","url":"https:\/\/shop.bantam.ch\/wp-content\/uploads\/2022\/12\/bantam-logo.png","contentUrl":"https:\/\/shop.bantam.ch\/wp-content\/uploads\/2022\/12\/bantam-logo.png","width":320,"height":71,"caption":"Bantam Wankm\u00fcller SA"},"image":{"@id":"https:\/\/shop.bantam.ch\/fr\/#\/schema\/logo\/image\/"}}]}},"_links":{"self":[{"href":"https:\/\/shop.bantam.ch\/fr\/wp-json\/wp\/v2\/product\/190857","targetHints":{"allow":["GET"]}}],"collection":[{"href":"https:\/\/shop.bantam.ch\/fr\/wp-json\/wp\/v2\/product"}],"about":[{"href":"https:\/\/shop.bantam.ch\/fr\/wp-json\/wp\/v2\/types\/product"}],"wp:featuredmedia":[{"embeddable":true,"href":"https:\/\/shop.bantam.ch\/fr\/wp-json\/wp\/v2\/media\/190855"}],"wp:attachment":[{"href":"https:\/\/shop.bantam.ch\/fr\/wp-json\/wp\/v2\/media?parent=190857"}],"wp:term":[{"taxonomy":"product_featured_cat","embeddable":true,"href":"https:\/\/shop.bantam.ch\/fr\/wp-json\/wp\/v2\/product_featured_cat?post=190857"},{"taxonomy":"product_brand","embeddable":true,"href":"https:\/\/shop.bantam.ch\/fr\/wp-json\/wp\/v2\/product_brand?post=190857"},{"taxonomy":"product_cat","embeddable":true,"href":"https:\/\/shop.bantam.ch\/fr\/wp-json\/wp\/v2\/product_cat?post=190857"},{"taxonomy":"product_tag","embeddable":true,"href":"https:\/\/shop.bantam.ch\/fr\/wp-json\/wp\/v2\/product_tag?post=190857"}],"curies":[{"name":"wp","href":"https:\/\/api.w.org\/{rel}","templated":true}]}}