{"id":190845,"date":"2024-04-02T09:58:10","date_gmt":"2024-04-02T07:58:10","guid":{"rendered":"https:\/\/shop.bantam.ch\/produit\/feuerdesign-teide-fuchsia\/"},"modified":"2026-04-17T22:54:15","modified_gmt":"2026-04-17T20:54:15","slug":"feuerdesign-teide-fuchsia","status":"publish","type":"product","link":"https:\/\/shop.bantam.ch\/fr\/produit\/feuerdesign-teide-fuchsia\/","title":{"rendered":"Feuerdesign Teide Fuchsia"},"content":{"rendered":"<p>Barbecue de table au charbon de bois avec pince \u00e0 barbecue en acier inoxydable\/silicone<br \/>\nAvec ventilateur amovible et rechargeable par c\u00e2ble USB, pour un allumage rapide,<br \/>\ntemp\u00e9rature r\u00e9glable et jusqu&rsquo;\u00e0 4 heures de temps de cuisson<br \/>\nForme carr\u00e9e, 34 x 34 cm, permet une utilisation optimale de la surface de cuisson pour jusqu&rsquo;\u00e0 6 personnes.<br \/>\nConstruction plate (21 cm de haut) pour une manipulation facile lors des grillades \u00e0 table.<br \/>\nPanier \u00e0 charbon de bois avec couvercle ferm\u00e9 prot\u00e8ge le charbon de la graisse qui s&rsquo;\u00e9goutte pour une grillade saine et sans fum\u00e9e.<br \/>\nGrille de cuisson et bac de r\u00e9cup\u00e9ration des graisses en acier inoxydable, faciles \u00e0 nettoyer au lave-vaisselle.<br \/>\nLa construction \u00e0 double paroi permet de toucher le barbecue m\u00eame pendant la cuisson.<br \/>\nSac de transport pratique et exclusif pour un barbecue quand &#8211; o\u00f9.<br \/>\nSac de transport, ventilateur, c\u00e2ble de chargement USB et pince sont inclus.<br \/>\nPeut \u00eatre utilis\u00e9 m\u00eame par grand vent.<br \/>\nLa surface du sol est r\u00e9sistante \u00e0 la chaleur, elle peut donc \u00eatre plac\u00e9e sur n&rsquo;importe quel support.<br \/>\nDur\u00e9e de combustion entre 40 et 60 minutes selon le type de charbon de bois (recommandation : charbon de bois de h\u00eatre).<br \/>\nLe charbon peut \u00eatre recharg\u00e9 \u00e0 tout moment pendant la cuisson.<\/p>\n","protected":false},"excerpt":{"rendered":"<p>Barbecue de table au charbon de bois avec pince \u00e0 barbecue en acier inoxydable\/silicone Avec ventilateur amovible et rechargeable par c\u00e2ble USB, pour un allumage rapide, temp\u00e9rature r\u00e9glable et jusqu&rsquo;\u00e0 4 heures de temps de cuisson Forme carr\u00e9e, 34 x 34 cm, permet une utilisation optimale de la surface de cuisson pour jusqu&rsquo;\u00e0 6 personnes. [&hellip;]<\/p>\n","protected":false},"featured_media":190843,"template":"","meta":{"_acf_changed":false},"product_featured_cat":[],"product_brand":[3732],"product_cat":[3997,4201],"product_tag":[],"class_list":{"0":"post-190845","1":"product","2":"type-product","3":"status-publish","4":"has-post-thumbnail","6":"product_brand-feuerdesign-by-limatec","7":"product_cat-grilles-de-barbecue","8":"product_cat-pieces-de-rechange-grilles-et-gaz","10":"first","11":"instock","12":"taxable","13":"shipping-taxable","14":"purchasable","15":"product-type-simple"},"acf":[],"yoast_head":"<!-- This site is optimized with the Yoast SEO plugin v27.4 - https:\/\/yoast.com\/product\/yoast-seo-wordpress\/ -->\n<title>Feuerdesign Teide Fuchsia - Bantam Wankm\u00fcller SA<\/title>\n<meta name=\"robots\" content=\"index, follow, max-snippet:-1, max-image-preview:large, max-video-preview:-1\" \/>\n<link rel=\"canonical\" href=\"https:\/\/shop.bantam.ch\/fr\/produit\/feuerdesign-teide-fuchsia\/\" \/>\n<meta property=\"og:locale\" content=\"fr_FR\" \/>\n<meta property=\"og:type\" content=\"article\" \/>\n<meta property=\"og:title\" content=\"Feuerdesign Teide Fuchsia - Bantam Wankm\u00fcller SA\" \/>\n<meta property=\"og:description\" content=\"Barbecue de table au charbon de bois avec pince \u00e0 barbecue en acier inoxydable\/silicone Avec ventilateur amovible et rechargeable par c\u00e2ble USB, pour un allumage rapide, temp\u00e9rature r\u00e9glable et jusqu&rsquo;\u00e0 4 heures de temps de cuisson Forme carr\u00e9e, 34 x 34 cm, permet une utilisation optimale de la surface de cuisson pour jusqu&rsquo;\u00e0 6 personnes. [&hellip;]\" \/>\n<meta property=\"og:url\" content=\"https:\/\/shop.bantam.ch\/fr\/produit\/feuerdesign-teide-fuchsia\/\" \/>\n<meta property=\"og:site_name\" content=\"Bantam Wankm\u00fcller SA\" \/>\n<meta property=\"article:modified_time\" content=\"2026-04-17T20:54:15+00:00\" \/>\n<meta property=\"og:image\" content=\"https:\/\/shop.bantam.ch\/wp-content\/uploads\/2024\/04\/Teide-Fuchsia8kAGk0rr0SduT_600x600.jpg\" \/>\n\t<meta property=\"og:image:width\" content=\"600\" \/>\n\t<meta property=\"og:image:height\" content=\"399\" \/>\n\t<meta property=\"og:image:type\" content=\"image\/jpeg\" \/>\n<meta name=\"twitter:card\" content=\"summary_large_image\" \/>\n<meta name=\"twitter:label1\" content=\"Dur\u00e9e de lecture estim\u00e9e\" \/>\n\t<meta name=\"twitter:data1\" content=\"1 minute\" \/>\n<script type=\"application\/ld+json\" class=\"yoast-schema-graph\">{\"@context\":\"https:\\\/\\\/schema.org\",\"@graph\":[{\"@type\":\"WebPage\",\"@id\":\"https:\\\/\\\/shop.bantam.ch\\\/fr\\\/produit\\\/feuerdesign-teide-fuchsia\\\/\",\"url\":\"https:\\\/\\\/shop.bantam.ch\\\/fr\\\/produit\\\/feuerdesign-teide-fuchsia\\\/\",\"name\":\"Feuerdesign Teide Fuchsia - Bantam Wankm\u00fcller SA\",\"isPartOf\":{\"@id\":\"https:\\\/\\\/shop.bantam.ch\\\/fr\\\/#website\"},\"primaryImageOfPage\":{\"@id\":\"https:\\\/\\\/shop.bantam.ch\\\/fr\\\/produit\\\/feuerdesign-teide-fuchsia\\\/#primaryimage\"},\"image\":{\"@id\":\"https:\\\/\\\/shop.bantam.ch\\\/fr\\\/produit\\\/feuerdesign-teide-fuchsia\\\/#primaryimage\"},\"thumbnailUrl\":\"https:\\\/\\\/shop.bantam.ch\\\/wp-content\\\/uploads\\\/2024\\\/04\\\/Teide-Fuchsia8kAGk0rr0SduT_600x600.jpg\",\"datePublished\":\"2024-04-02T07:58:10+00:00\",\"dateModified\":\"2026-04-17T20:54:15+00:00\",\"breadcrumb\":{\"@id\":\"https:\\\/\\\/shop.bantam.ch\\\/fr\\\/produit\\\/feuerdesign-teide-fuchsia\\\/#breadcrumb\"},\"inLanguage\":\"fr-FR\",\"potentialAction\":[{\"@type\":\"ReadAction\",\"target\":[\"https:\\\/\\\/shop.bantam.ch\\\/fr\\\/produit\\\/feuerdesign-teide-fuchsia\\\/\"]}]},{\"@type\":\"ImageObject\",\"inLanguage\":\"fr-FR\",\"@id\":\"https:\\\/\\\/shop.bantam.ch\\\/fr\\\/produit\\\/feuerdesign-teide-fuchsia\\\/#primaryimage\",\"url\":\"https:\\\/\\\/shop.bantam.ch\\\/wp-content\\\/uploads\\\/2024\\\/04\\\/Teide-Fuchsia8kAGk0rr0SduT_600x600.jpg\",\"contentUrl\":\"https:\\\/\\\/shop.bantam.ch\\\/wp-content\\\/uploads\\\/2024\\\/04\\\/Teide-Fuchsia8kAGk0rr0SduT_600x600.jpg\",\"width\":600,\"height\":399},{\"@type\":\"BreadcrumbList\",\"@id\":\"https:\\\/\\\/shop.bantam.ch\\\/fr\\\/produit\\\/feuerdesign-teide-fuchsia\\\/#breadcrumb\",\"itemListElement\":[{\"@type\":\"ListItem\",\"position\":1,\"name\":\"Accueil\",\"item\":\"https:\\\/\\\/shop.bantam.ch\\\/fr\\\/\"},{\"@type\":\"ListItem\",\"position\":2,\"name\":\"Boutique\",\"item\":\"https:\\\/\\\/shop.bantam.ch\\\/fr\\\/boutique\\\/\"},{\"@type\":\"ListItem\",\"position\":3,\"name\":\"Feuerdesign Teide Fuchsia\"}]},{\"@type\":\"WebSite\",\"@id\":\"https:\\\/\\\/shop.bantam.ch\\\/fr\\\/#website\",\"url\":\"https:\\\/\\\/shop.bantam.ch\\\/fr\\\/\",\"name\":\"Bantam Wankm\u00fcller SA\",\"description\":\"\",\"publisher\":{\"@id\":\"https:\\\/\\\/shop.bantam.ch\\\/fr\\\/#organization\"},\"inLanguage\":\"fr-FR\"},{\"@type\":\"Organization\",\"@id\":\"https:\\\/\\\/shop.bantam.ch\\\/fr\\\/#organization\",\"name\":\"Bantam Wankm\u00fcller SA\",\"url\":\"https:\\\/\\\/shop.bantam.ch\\\/fr\\\/\",\"logo\":{\"@type\":\"ImageObject\",\"inLanguage\":\"fr-FR\",\"@id\":\"https:\\\/\\\/shop.bantam.ch\\\/fr\\\/#\\\/schema\\\/logo\\\/image\\\/\",\"url\":\"https:\\\/\\\/shop.bantam.ch\\\/wp-content\\\/uploads\\\/2022\\\/12\\\/bantam-logo.png\",\"contentUrl\":\"https:\\\/\\\/shop.bantam.ch\\\/wp-content\\\/uploads\\\/2022\\\/12\\\/bantam-logo.png\",\"width\":320,\"height\":71,\"caption\":\"Bantam Wankm\u00fcller SA\"},\"image\":{\"@id\":\"https:\\\/\\\/shop.bantam.ch\\\/fr\\\/#\\\/schema\\\/logo\\\/image\\\/\"}}]}<\/script>\n<!-- \/ Yoast SEO plugin. -->","yoast_head_json":{"title":"Feuerdesign Teide Fuchsia - Bantam Wankm\u00fcller SA","robots":{"index":"index","follow":"follow","max-snippet":"max-snippet:-1","max-image-preview":"max-image-preview:large","max-video-preview":"max-video-preview:-1"},"canonical":"https:\/\/shop.bantam.ch\/fr\/produit\/feuerdesign-teide-fuchsia\/","og_locale":"fr_FR","og_type":"article","og_title":"Feuerdesign Teide Fuchsia - Bantam Wankm\u00fcller SA","og_description":"Barbecue de table au charbon de bois avec pince \u00e0 barbecue en acier inoxydable\/silicone Avec ventilateur amovible et rechargeable par c\u00e2ble USB, pour un allumage rapide, temp\u00e9rature r\u00e9glable et jusqu&rsquo;\u00e0 4 heures de temps de cuisson Forme carr\u00e9e, 34 x 34 cm, permet une utilisation optimale de la surface de cuisson pour jusqu&rsquo;\u00e0 6 personnes. [&hellip;]","og_url":"https:\/\/shop.bantam.ch\/fr\/produit\/feuerdesign-teide-fuchsia\/","og_site_name":"Bantam Wankm\u00fcller SA","article_modified_time":"2026-04-17T20:54:15+00:00","og_image":[{"width":600,"height":399,"url":"https:\/\/shop.bantam.ch\/wp-content\/uploads\/2024\/04\/Teide-Fuchsia8kAGk0rr0SduT_600x600.jpg","type":"image\/jpeg"}],"twitter_card":"summary_large_image","twitter_misc":{"Dur\u00e9e de lecture estim\u00e9e":"1 minute"},"schema":{"@context":"https:\/\/schema.org","@graph":[{"@type":"WebPage","@id":"https:\/\/shop.bantam.ch\/fr\/produit\/feuerdesign-teide-fuchsia\/","url":"https:\/\/shop.bantam.ch\/fr\/produit\/feuerdesign-teide-fuchsia\/","name":"Feuerdesign Teide Fuchsia - Bantam Wankm\u00fcller SA","isPartOf":{"@id":"https:\/\/shop.bantam.ch\/fr\/#website"},"primaryImageOfPage":{"@id":"https:\/\/shop.bantam.ch\/fr\/produit\/feuerdesign-teide-fuchsia\/#primaryimage"},"image":{"@id":"https:\/\/shop.bantam.ch\/fr\/produit\/feuerdesign-teide-fuchsia\/#primaryimage"},"thumbnailUrl":"https:\/\/shop.bantam.ch\/wp-content\/uploads\/2024\/04\/Teide-Fuchsia8kAGk0rr0SduT_600x600.jpg","datePublished":"2024-04-02T07:58:10+00:00","dateModified":"2026-04-17T20:54:15+00:00","breadcrumb":{"@id":"https:\/\/shop.bantam.ch\/fr\/produit\/feuerdesign-teide-fuchsia\/#breadcrumb"},"inLanguage":"fr-FR","potentialAction":[{"@type":"ReadAction","target":["https:\/\/shop.bantam.ch\/fr\/produit\/feuerdesign-teide-fuchsia\/"]}]},{"@type":"ImageObject","inLanguage":"fr-FR","@id":"https:\/\/shop.bantam.ch\/fr\/produit\/feuerdesign-teide-fuchsia\/#primaryimage","url":"https:\/\/shop.bantam.ch\/wp-content\/uploads\/2024\/04\/Teide-Fuchsia8kAGk0rr0SduT_600x600.jpg","contentUrl":"https:\/\/shop.bantam.ch\/wp-content\/uploads\/2024\/04\/Teide-Fuchsia8kAGk0rr0SduT_600x600.jpg","width":600,"height":399},{"@type":"BreadcrumbList","@id":"https:\/\/shop.bantam.ch\/fr\/produit\/feuerdesign-teide-fuchsia\/#breadcrumb","itemListElement":[{"@type":"ListItem","position":1,"name":"Accueil","item":"https:\/\/shop.bantam.ch\/fr\/"},{"@type":"ListItem","position":2,"name":"Boutique","item":"https:\/\/shop.bantam.ch\/fr\/boutique\/"},{"@type":"ListItem","position":3,"name":"Feuerdesign Teide Fuchsia"}]},{"@type":"WebSite","@id":"https:\/\/shop.bantam.ch\/fr\/#website","url":"https:\/\/shop.bantam.ch\/fr\/","name":"Bantam Wankm\u00fcller SA","description":"","publisher":{"@id":"https:\/\/shop.bantam.ch\/fr\/#organization"},"inLanguage":"fr-FR"},{"@type":"Organization","@id":"https:\/\/shop.bantam.ch\/fr\/#organization","name":"Bantam Wankm\u00fcller SA","url":"https:\/\/shop.bantam.ch\/fr\/","logo":{"@type":"ImageObject","inLanguage":"fr-FR","@id":"https:\/\/shop.bantam.ch\/fr\/#\/schema\/logo\/image\/","url":"https:\/\/shop.bantam.ch\/wp-content\/uploads\/2022\/12\/bantam-logo.png","contentUrl":"https:\/\/shop.bantam.ch\/wp-content\/uploads\/2022\/12\/bantam-logo.png","width":320,"height":71,"caption":"Bantam Wankm\u00fcller SA"},"image":{"@id":"https:\/\/shop.bantam.ch\/fr\/#\/schema\/logo\/image\/"}}]}},"_links":{"self":[{"href":"https:\/\/shop.bantam.ch\/fr\/wp-json\/wp\/v2\/product\/190845","targetHints":{"allow":["GET"]}}],"collection":[{"href":"https:\/\/shop.bantam.ch\/fr\/wp-json\/wp\/v2\/product"}],"about":[{"href":"https:\/\/shop.bantam.ch\/fr\/wp-json\/wp\/v2\/types\/product"}],"wp:featuredmedia":[{"embeddable":true,"href":"https:\/\/shop.bantam.ch\/fr\/wp-json\/wp\/v2\/media\/190843"}],"wp:attachment":[{"href":"https:\/\/shop.bantam.ch\/fr\/wp-json\/wp\/v2\/media?parent=190845"}],"wp:term":[{"taxonomy":"product_featured_cat","embeddable":true,"href":"https:\/\/shop.bantam.ch\/fr\/wp-json\/wp\/v2\/product_featured_cat?post=190845"},{"taxonomy":"product_brand","embeddable":true,"href":"https:\/\/shop.bantam.ch\/fr\/wp-json\/wp\/v2\/product_brand?post=190845"},{"taxonomy":"product_cat","embeddable":true,"href":"https:\/\/shop.bantam.ch\/fr\/wp-json\/wp\/v2\/product_cat?post=190845"},{"taxonomy":"product_tag","embeddable":true,"href":"https:\/\/shop.bantam.ch\/fr\/wp-json\/wp\/v2\/product_tag?post=190845"}],"curies":[{"name":"wp","href":"https:\/\/api.w.org\/{rel}","templated":true}]}}