{"id":190840,"date":"2024-04-02T09:51:58","date_gmt":"2024-04-02T07:51:58","guid":{"rendered":"https:\/\/shop.bantam.ch\/produit\/feuerdesign-vesuvio-gril-de-table-fuchsia\/"},"modified":"2026-04-17T22:54:14","modified_gmt":"2026-04-17T20:54:14","slug":"feuerdesign-vesuvio-gril-de-table-fuchsia","status":"publish","type":"product","link":"https:\/\/shop.bantam.ch\/fr\/produit\/feuerdesign-vesuvio-gril-de-table-fuchsia\/","title":{"rendered":"Feuerdesign Vesuvio Gril de table &#8211; fuchsia"},"content":{"rendered":"<p>La construction plate assure une manipulation agr\u00e9able lors des grillades \u00e0 table<br \/>\nmoteur de ventilateur extra puissant et amovible, r\u00e9glable sur plusieurs niveaux avec batterie 1000 mAh pour jusqu&rsquo;\u00e0 4 heures de grillade, rechargeable via le c\u00e2ble USB fourni<br \/>\npanier de cuisson robuste et durable<br \/>\nr\u00e9partition uniforme de la chaleur gr\u00e2ce \u00e0 une chambre de combustion extra large et plate<\/p>\n<p>Donn\u00e9es techniques :<br \/>\nMod\u00e8le : rond<br \/>\nCouleur : fuchsia<br \/>\nDimensions (L x P x H) : 33 \u00d7 34 \u00d7 18,5 cm<br \/>\npoids : 3,56 kg<\/p>\n","protected":false},"excerpt":{"rendered":"<p>La construction plate assure une manipulation agr\u00e9able lors des grillades \u00e0 table moteur de ventilateur extra puissant et amovible, r\u00e9glable sur plusieurs niveaux avec batterie 1000 mAh pour jusqu&rsquo;\u00e0 4 heures de grillade, rechargeable via le c\u00e2ble USB fourni panier de cuisson robuste et durable r\u00e9partition uniforme de la chaleur gr\u00e2ce \u00e0 une chambre de [&hellip;]<\/p>\n","protected":false},"featured_media":190834,"template":"","meta":{"_acf_changed":false},"product_featured_cat":[],"product_brand":[3732],"product_cat":[3997,4201],"product_tag":[],"class_list":{"0":"post-190840","1":"product","2":"type-product","3":"status-publish","4":"has-post-thumbnail","6":"product_brand-feuerdesign-by-limatec","7":"product_cat-grilles-de-barbecue","8":"product_cat-pieces-de-rechange-grilles-et-gaz","10":"first","11":"instock","12":"taxable","13":"shipping-taxable","14":"purchasable","15":"product-type-simple"},"acf":[],"yoast_head":"<!-- This site is optimized with the Yoast SEO plugin v27.4 - https:\/\/yoast.com\/product\/yoast-seo-wordpress\/ -->\n<title>Feuerdesign Vesuvio Gril de table - fuchsia - Bantam Wankm\u00fcller SA<\/title>\n<meta name=\"robots\" content=\"index, follow, max-snippet:-1, max-image-preview:large, max-video-preview:-1\" \/>\n<link rel=\"canonical\" href=\"https:\/\/shop.bantam.ch\/fr\/produit\/feuerdesign-vesuvio-gril-de-table-fuchsia\/\" \/>\n<meta property=\"og:locale\" content=\"fr_FR\" \/>\n<meta property=\"og:type\" content=\"article\" \/>\n<meta property=\"og:title\" content=\"Feuerdesign Vesuvio Gril de table - fuchsia - Bantam Wankm\u00fcller SA\" \/>\n<meta property=\"og:description\" content=\"La construction plate assure une manipulation agr\u00e9able lors des grillades \u00e0 table moteur de ventilateur extra puissant et amovible, r\u00e9glable sur plusieurs niveaux avec batterie 1000 mAh pour jusqu&rsquo;\u00e0 4 heures de grillade, rechargeable via le c\u00e2ble USB fourni panier de cuisson robuste et durable r\u00e9partition uniforme de la chaleur gr\u00e2ce \u00e0 une chambre de [&hellip;]\" \/>\n<meta property=\"og:url\" content=\"https:\/\/shop.bantam.ch\/fr\/produit\/feuerdesign-vesuvio-gril-de-table-fuchsia\/\" \/>\n<meta property=\"og:site_name\" content=\"Bantam Wankm\u00fcller SA\" \/>\n<meta property=\"article:modified_time\" content=\"2026-04-17T20:54:14+00:00\" \/>\n<meta property=\"og:image\" content=\"https:\/\/shop.bantam.ch\/wp-content\/uploads\/2024\/04\/53734.jpg\" \/>\n\t<meta property=\"og:image:width\" content=\"480\" \/>\n\t<meta property=\"og:image:height\" content=\"480\" \/>\n\t<meta property=\"og:image:type\" content=\"image\/jpeg\" \/>\n<meta name=\"twitter:card\" content=\"summary_large_image\" \/>\n<script type=\"application\/ld+json\" class=\"yoast-schema-graph\">{\"@context\":\"https:\\\/\\\/schema.org\",\"@graph\":[{\"@type\":\"WebPage\",\"@id\":\"https:\\\/\\\/shop.bantam.ch\\\/fr\\\/produit\\\/feuerdesign-vesuvio-gril-de-table-fuchsia\\\/\",\"url\":\"https:\\\/\\\/shop.bantam.ch\\\/fr\\\/produit\\\/feuerdesign-vesuvio-gril-de-table-fuchsia\\\/\",\"name\":\"Feuerdesign Vesuvio Gril de table - fuchsia - Bantam Wankm\u00fcller SA\",\"isPartOf\":{\"@id\":\"https:\\\/\\\/shop.bantam.ch\\\/fr\\\/#website\"},\"primaryImageOfPage\":{\"@id\":\"https:\\\/\\\/shop.bantam.ch\\\/fr\\\/produit\\\/feuerdesign-vesuvio-gril-de-table-fuchsia\\\/#primaryimage\"},\"image\":{\"@id\":\"https:\\\/\\\/shop.bantam.ch\\\/fr\\\/produit\\\/feuerdesign-vesuvio-gril-de-table-fuchsia\\\/#primaryimage\"},\"thumbnailUrl\":\"https:\\\/\\\/shop.bantam.ch\\\/wp-content\\\/uploads\\\/2024\\\/04\\\/53734.jpg\",\"datePublished\":\"2024-04-02T07:51:58+00:00\",\"dateModified\":\"2026-04-17T20:54:14+00:00\",\"breadcrumb\":{\"@id\":\"https:\\\/\\\/shop.bantam.ch\\\/fr\\\/produit\\\/feuerdesign-vesuvio-gril-de-table-fuchsia\\\/#breadcrumb\"},\"inLanguage\":\"fr-FR\",\"potentialAction\":[{\"@type\":\"ReadAction\",\"target\":[\"https:\\\/\\\/shop.bantam.ch\\\/fr\\\/produit\\\/feuerdesign-vesuvio-gril-de-table-fuchsia\\\/\"]}]},{\"@type\":\"ImageObject\",\"inLanguage\":\"fr-FR\",\"@id\":\"https:\\\/\\\/shop.bantam.ch\\\/fr\\\/produit\\\/feuerdesign-vesuvio-gril-de-table-fuchsia\\\/#primaryimage\",\"url\":\"https:\\\/\\\/shop.bantam.ch\\\/wp-content\\\/uploads\\\/2024\\\/04\\\/53734.jpg\",\"contentUrl\":\"https:\\\/\\\/shop.bantam.ch\\\/wp-content\\\/uploads\\\/2024\\\/04\\\/53734.jpg\",\"width\":480,\"height\":480},{\"@type\":\"BreadcrumbList\",\"@id\":\"https:\\\/\\\/shop.bantam.ch\\\/fr\\\/produit\\\/feuerdesign-vesuvio-gril-de-table-fuchsia\\\/#breadcrumb\",\"itemListElement\":[{\"@type\":\"ListItem\",\"position\":1,\"name\":\"Accueil\",\"item\":\"https:\\\/\\\/shop.bantam.ch\\\/fr\\\/\"},{\"@type\":\"ListItem\",\"position\":2,\"name\":\"Boutique\",\"item\":\"https:\\\/\\\/shop.bantam.ch\\\/fr\\\/boutique\\\/\"},{\"@type\":\"ListItem\",\"position\":3,\"name\":\"Feuerdesign Vesuvio Gril de table &#8211; fuchsia\"}]},{\"@type\":\"WebSite\",\"@id\":\"https:\\\/\\\/shop.bantam.ch\\\/fr\\\/#website\",\"url\":\"https:\\\/\\\/shop.bantam.ch\\\/fr\\\/\",\"name\":\"Bantam Wankm\u00fcller SA\",\"description\":\"\",\"publisher\":{\"@id\":\"https:\\\/\\\/shop.bantam.ch\\\/fr\\\/#organization\"},\"inLanguage\":\"fr-FR\"},{\"@type\":\"Organization\",\"@id\":\"https:\\\/\\\/shop.bantam.ch\\\/fr\\\/#organization\",\"name\":\"Bantam Wankm\u00fcller SA\",\"url\":\"https:\\\/\\\/shop.bantam.ch\\\/fr\\\/\",\"logo\":{\"@type\":\"ImageObject\",\"inLanguage\":\"fr-FR\",\"@id\":\"https:\\\/\\\/shop.bantam.ch\\\/fr\\\/#\\\/schema\\\/logo\\\/image\\\/\",\"url\":\"https:\\\/\\\/shop.bantam.ch\\\/wp-content\\\/uploads\\\/2022\\\/12\\\/bantam-logo.png\",\"contentUrl\":\"https:\\\/\\\/shop.bantam.ch\\\/wp-content\\\/uploads\\\/2022\\\/12\\\/bantam-logo.png\",\"width\":320,\"height\":71,\"caption\":\"Bantam Wankm\u00fcller SA\"},\"image\":{\"@id\":\"https:\\\/\\\/shop.bantam.ch\\\/fr\\\/#\\\/schema\\\/logo\\\/image\\\/\"}}]}<\/script>\n<!-- \/ Yoast SEO plugin. -->","yoast_head_json":{"title":"Feuerdesign Vesuvio Gril de table - fuchsia - Bantam Wankm\u00fcller SA","robots":{"index":"index","follow":"follow","max-snippet":"max-snippet:-1","max-image-preview":"max-image-preview:large","max-video-preview":"max-video-preview:-1"},"canonical":"https:\/\/shop.bantam.ch\/fr\/produit\/feuerdesign-vesuvio-gril-de-table-fuchsia\/","og_locale":"fr_FR","og_type":"article","og_title":"Feuerdesign Vesuvio Gril de table - fuchsia - Bantam Wankm\u00fcller SA","og_description":"La construction plate assure une manipulation agr\u00e9able lors des grillades \u00e0 table moteur de ventilateur extra puissant et amovible, r\u00e9glable sur plusieurs niveaux avec batterie 1000 mAh pour jusqu&rsquo;\u00e0 4 heures de grillade, rechargeable via le c\u00e2ble USB fourni panier de cuisson robuste et durable r\u00e9partition uniforme de la chaleur gr\u00e2ce \u00e0 une chambre de [&hellip;]","og_url":"https:\/\/shop.bantam.ch\/fr\/produit\/feuerdesign-vesuvio-gril-de-table-fuchsia\/","og_site_name":"Bantam Wankm\u00fcller SA","article_modified_time":"2026-04-17T20:54:14+00:00","og_image":[{"width":480,"height":480,"url":"https:\/\/shop.bantam.ch\/wp-content\/uploads\/2024\/04\/53734.jpg","type":"image\/jpeg"}],"twitter_card":"summary_large_image","schema":{"@context":"https:\/\/schema.org","@graph":[{"@type":"WebPage","@id":"https:\/\/shop.bantam.ch\/fr\/produit\/feuerdesign-vesuvio-gril-de-table-fuchsia\/","url":"https:\/\/shop.bantam.ch\/fr\/produit\/feuerdesign-vesuvio-gril-de-table-fuchsia\/","name":"Feuerdesign Vesuvio Gril de table - fuchsia - Bantam Wankm\u00fcller SA","isPartOf":{"@id":"https:\/\/shop.bantam.ch\/fr\/#website"},"primaryImageOfPage":{"@id":"https:\/\/shop.bantam.ch\/fr\/produit\/feuerdesign-vesuvio-gril-de-table-fuchsia\/#primaryimage"},"image":{"@id":"https:\/\/shop.bantam.ch\/fr\/produit\/feuerdesign-vesuvio-gril-de-table-fuchsia\/#primaryimage"},"thumbnailUrl":"https:\/\/shop.bantam.ch\/wp-content\/uploads\/2024\/04\/53734.jpg","datePublished":"2024-04-02T07:51:58+00:00","dateModified":"2026-04-17T20:54:14+00:00","breadcrumb":{"@id":"https:\/\/shop.bantam.ch\/fr\/produit\/feuerdesign-vesuvio-gril-de-table-fuchsia\/#breadcrumb"},"inLanguage":"fr-FR","potentialAction":[{"@type":"ReadAction","target":["https:\/\/shop.bantam.ch\/fr\/produit\/feuerdesign-vesuvio-gril-de-table-fuchsia\/"]}]},{"@type":"ImageObject","inLanguage":"fr-FR","@id":"https:\/\/shop.bantam.ch\/fr\/produit\/feuerdesign-vesuvio-gril-de-table-fuchsia\/#primaryimage","url":"https:\/\/shop.bantam.ch\/wp-content\/uploads\/2024\/04\/53734.jpg","contentUrl":"https:\/\/shop.bantam.ch\/wp-content\/uploads\/2024\/04\/53734.jpg","width":480,"height":480},{"@type":"BreadcrumbList","@id":"https:\/\/shop.bantam.ch\/fr\/produit\/feuerdesign-vesuvio-gril-de-table-fuchsia\/#breadcrumb","itemListElement":[{"@type":"ListItem","position":1,"name":"Accueil","item":"https:\/\/shop.bantam.ch\/fr\/"},{"@type":"ListItem","position":2,"name":"Boutique","item":"https:\/\/shop.bantam.ch\/fr\/boutique\/"},{"@type":"ListItem","position":3,"name":"Feuerdesign Vesuvio Gril de table &#8211; fuchsia"}]},{"@type":"WebSite","@id":"https:\/\/shop.bantam.ch\/fr\/#website","url":"https:\/\/shop.bantam.ch\/fr\/","name":"Bantam Wankm\u00fcller SA","description":"","publisher":{"@id":"https:\/\/shop.bantam.ch\/fr\/#organization"},"inLanguage":"fr-FR"},{"@type":"Organization","@id":"https:\/\/shop.bantam.ch\/fr\/#organization","name":"Bantam Wankm\u00fcller SA","url":"https:\/\/shop.bantam.ch\/fr\/","logo":{"@type":"ImageObject","inLanguage":"fr-FR","@id":"https:\/\/shop.bantam.ch\/fr\/#\/schema\/logo\/image\/","url":"https:\/\/shop.bantam.ch\/wp-content\/uploads\/2022\/12\/bantam-logo.png","contentUrl":"https:\/\/shop.bantam.ch\/wp-content\/uploads\/2022\/12\/bantam-logo.png","width":320,"height":71,"caption":"Bantam Wankm\u00fcller SA"},"image":{"@id":"https:\/\/shop.bantam.ch\/fr\/#\/schema\/logo\/image\/"}}]}},"_links":{"self":[{"href":"https:\/\/shop.bantam.ch\/fr\/wp-json\/wp\/v2\/product\/190840","targetHints":{"allow":["GET"]}}],"collection":[{"href":"https:\/\/shop.bantam.ch\/fr\/wp-json\/wp\/v2\/product"}],"about":[{"href":"https:\/\/shop.bantam.ch\/fr\/wp-json\/wp\/v2\/types\/product"}],"wp:featuredmedia":[{"embeddable":true,"href":"https:\/\/shop.bantam.ch\/fr\/wp-json\/wp\/v2\/media\/190834"}],"wp:attachment":[{"href":"https:\/\/shop.bantam.ch\/fr\/wp-json\/wp\/v2\/media?parent=190840"}],"wp:term":[{"taxonomy":"product_featured_cat","embeddable":true,"href":"https:\/\/shop.bantam.ch\/fr\/wp-json\/wp\/v2\/product_featured_cat?post=190840"},{"taxonomy":"product_brand","embeddable":true,"href":"https:\/\/shop.bantam.ch\/fr\/wp-json\/wp\/v2\/product_brand?post=190840"},{"taxonomy":"product_cat","embeddable":true,"href":"https:\/\/shop.bantam.ch\/fr\/wp-json\/wp\/v2\/product_cat?post=190840"},{"taxonomy":"product_tag","embeddable":true,"href":"https:\/\/shop.bantam.ch\/fr\/wp-json\/wp\/v2\/product_tag?post=190840"}],"curies":[{"name":"wp","href":"https:\/\/api.w.org\/{rel}","templated":true}]}}