{"id":190457,"date":"2024-03-19T17:26:06","date_gmt":"2024-03-19T16:26:06","guid":{"rendered":"https:\/\/shop.bantam.ch\/produit\/dometic-cool-ice-ci-55-couleur-pierre\/"},"modified":"2026-04-19T22:59:25","modified_gmt":"2026-04-19T20:59:25","slug":"dometic-cool-ice-ci-55-couleur-pierre","status":"publish","type":"product","link":"https:\/\/shop.bantam.ch\/fr\/produit\/dometic-cool-ice-ci-55-couleur-pierre\/","title":{"rendered":"DOMETIC Cool Ice CI 55 &#8211; Couleur pierre"},"content":{"rendered":"<p>Partez plusieurs jours \u00e0 la p\u00eache, en bateau, en voiture, en fourgon am\u00e9nag\u00e9 ou en camping sans vous soucier de la conservation de vos aliments ou boissons avec la glaci\u00e8re Dometic Cool-Ice CI 55 d&rsquo;une capacit\u00e9 de 56 litres.<\/p>\n<p>Facilement transportable, \u00e0 l&rsquo;aide de deux poign\u00e9es rabattables avec points de fixation, cette glaci\u00e8re rigide est performante, l\u00e9g\u00e8re et r\u00e9sistante aux chocs. Son isolation particuli\u00e8rement efficace permet, selon les conditions m\u00e9t\u00e9orologiques et d&rsquo;utilisation, de garder boissons, aliments, poissons, app\u00e2ts et gibier au frais.<br \/>\nDim. (l x H x P) 570 x 432 x 515 mm<br \/>\nPoids 10.6kg<\/p>\n","protected":false},"excerpt":{"rendered":"<p>Partez plusieurs jours \u00e0 la p\u00eache, en bateau, en voiture, en fourgon am\u00e9nag\u00e9 ou en camping sans vous soucier de la conservation de vos aliments ou boissons avec la glaci\u00e8re Dometic Cool-Ice CI 55 d&rsquo;une capacit\u00e9 de 56 litres. Facilement transportable, \u00e0 l&rsquo;aide de deux poign\u00e9es rabattables avec points de fixation, cette glaci\u00e8re rigide est [&hellip;]<\/p>\n","protected":false},"featured_media":190455,"template":"","meta":{"_acf_changed":false},"product_featured_cat":[94],"product_brand":[3028],"product_cat":[5163],"product_tag":[],"class_list":{"0":"post-190457","1":"product","2":"type-product","3":"status-publish","4":"has-post-thumbnail","6":"product_featured_cat-promotions-etagnieres","7":"product_brand-dometic","8":"product_cat-glacieres","10":"first","11":"instock","12":"sale","13":"taxable","14":"shipping-taxable","15":"purchasable","16":"product-type-simple"},"acf":[],"yoast_head":"<!-- This site is optimized with the Yoast SEO plugin v27.4 - https:\/\/yoast.com\/product\/yoast-seo-wordpress\/ -->\n<title>DOMETIC Cool Ice CI 55 - Couleur pierre - Bantam Wankm\u00fcller SA<\/title>\n<meta name=\"robots\" content=\"index, follow, max-snippet:-1, max-image-preview:large, max-video-preview:-1\" \/>\n<link rel=\"canonical\" href=\"https:\/\/shop.bantam.ch\/fr\/produit\/dometic-cool-ice-ci-55-couleur-pierre\/\" \/>\n<meta property=\"og:locale\" content=\"fr_FR\" \/>\n<meta property=\"og:type\" content=\"article\" \/>\n<meta property=\"og:title\" content=\"DOMETIC Cool Ice CI 55 - Couleur pierre - Bantam Wankm\u00fcller SA\" \/>\n<meta property=\"og:description\" content=\"Partez plusieurs jours \u00e0 la p\u00eache, en bateau, en voiture, en fourgon am\u00e9nag\u00e9 ou en camping sans vous soucier de la conservation de vos aliments ou boissons avec la glaci\u00e8re Dometic Cool-Ice CI 55 d&rsquo;une capacit\u00e9 de 56 litres. Facilement transportable, \u00e0 l&rsquo;aide de deux poign\u00e9es rabattables avec points de fixation, cette glaci\u00e8re rigide est [&hellip;]\" \/>\n<meta property=\"og:url\" content=\"https:\/\/shop.bantam.ch\/fr\/produit\/dometic-cool-ice-ci-55-couleur-pierre\/\" \/>\n<meta property=\"og:site_name\" content=\"Bantam Wankm\u00fcller SA\" \/>\n<meta property=\"article:modified_time\" content=\"2026-04-19T20:59:25+00:00\" \/>\n<meta property=\"og:image\" content=\"https:\/\/shop.bantam.ch\/wp-content\/uploads\/2024\/03\/glaciere-isotherme-71-l-ref-cool-ice-ci-70_ok-1.jpg\" \/>\n\t<meta property=\"og:image:width\" content=\"600\" \/>\n\t<meta property=\"og:image:height\" content=\"600\" \/>\n\t<meta property=\"og:image:type\" content=\"image\/jpeg\" \/>\n<meta name=\"twitter:card\" content=\"summary_large_image\" \/>\n<meta name=\"twitter:label1\" content=\"Dur\u00e9e de lecture estim\u00e9e\" \/>\n\t<meta name=\"twitter:data1\" content=\"1 minute\" \/>\n<script type=\"application\/ld+json\" class=\"yoast-schema-graph\">{\"@context\":\"https:\\\/\\\/schema.org\",\"@graph\":[{\"@type\":\"WebPage\",\"@id\":\"https:\\\/\\\/shop.bantam.ch\\\/fr\\\/produit\\\/dometic-cool-ice-ci-55-couleur-pierre\\\/\",\"url\":\"https:\\\/\\\/shop.bantam.ch\\\/fr\\\/produit\\\/dometic-cool-ice-ci-55-couleur-pierre\\\/\",\"name\":\"DOMETIC Cool Ice CI 55 - Couleur pierre - Bantam Wankm\u00fcller SA\",\"isPartOf\":{\"@id\":\"https:\\\/\\\/shop.bantam.ch\\\/fr\\\/#website\"},\"primaryImageOfPage\":{\"@id\":\"https:\\\/\\\/shop.bantam.ch\\\/fr\\\/produit\\\/dometic-cool-ice-ci-55-couleur-pierre\\\/#primaryimage\"},\"image\":{\"@id\":\"https:\\\/\\\/shop.bantam.ch\\\/fr\\\/produit\\\/dometic-cool-ice-ci-55-couleur-pierre\\\/#primaryimage\"},\"thumbnailUrl\":\"https:\\\/\\\/shop.bantam.ch\\\/wp-content\\\/uploads\\\/2024\\\/03\\\/glaciere-isotherme-71-l-ref-cool-ice-ci-70_ok-1.jpg\",\"datePublished\":\"2024-03-19T16:26:06+00:00\",\"dateModified\":\"2026-04-19T20:59:25+00:00\",\"breadcrumb\":{\"@id\":\"https:\\\/\\\/shop.bantam.ch\\\/fr\\\/produit\\\/dometic-cool-ice-ci-55-couleur-pierre\\\/#breadcrumb\"},\"inLanguage\":\"fr-FR\",\"potentialAction\":[{\"@type\":\"ReadAction\",\"target\":[\"https:\\\/\\\/shop.bantam.ch\\\/fr\\\/produit\\\/dometic-cool-ice-ci-55-couleur-pierre\\\/\"]}]},{\"@type\":\"ImageObject\",\"inLanguage\":\"fr-FR\",\"@id\":\"https:\\\/\\\/shop.bantam.ch\\\/fr\\\/produit\\\/dometic-cool-ice-ci-55-couleur-pierre\\\/#primaryimage\",\"url\":\"https:\\\/\\\/shop.bantam.ch\\\/wp-content\\\/uploads\\\/2024\\\/03\\\/glaciere-isotherme-71-l-ref-cool-ice-ci-70_ok-1.jpg\",\"contentUrl\":\"https:\\\/\\\/shop.bantam.ch\\\/wp-content\\\/uploads\\\/2024\\\/03\\\/glaciere-isotherme-71-l-ref-cool-ice-ci-70_ok-1.jpg\",\"width\":600,\"height\":600},{\"@type\":\"BreadcrumbList\",\"@id\":\"https:\\\/\\\/shop.bantam.ch\\\/fr\\\/produit\\\/dometic-cool-ice-ci-55-couleur-pierre\\\/#breadcrumb\",\"itemListElement\":[{\"@type\":\"ListItem\",\"position\":1,\"name\":\"Accueil\",\"item\":\"https:\\\/\\\/shop.bantam.ch\\\/fr\\\/\"},{\"@type\":\"ListItem\",\"position\":2,\"name\":\"Boutique\",\"item\":\"https:\\\/\\\/shop.bantam.ch\\\/fr\\\/boutique\\\/\"},{\"@type\":\"ListItem\",\"position\":3,\"name\":\"DOMETIC Cool Ice CI 55 &#8211; Couleur pierre\"}]},{\"@type\":\"WebSite\",\"@id\":\"https:\\\/\\\/shop.bantam.ch\\\/fr\\\/#website\",\"url\":\"https:\\\/\\\/shop.bantam.ch\\\/fr\\\/\",\"name\":\"Bantam Wankm\u00fcller SA\",\"description\":\"\",\"publisher\":{\"@id\":\"https:\\\/\\\/shop.bantam.ch\\\/fr\\\/#organization\"},\"inLanguage\":\"fr-FR\"},{\"@type\":\"Organization\",\"@id\":\"https:\\\/\\\/shop.bantam.ch\\\/fr\\\/#organization\",\"name\":\"Bantam Wankm\u00fcller SA\",\"url\":\"https:\\\/\\\/shop.bantam.ch\\\/fr\\\/\",\"logo\":{\"@type\":\"ImageObject\",\"inLanguage\":\"fr-FR\",\"@id\":\"https:\\\/\\\/shop.bantam.ch\\\/fr\\\/#\\\/schema\\\/logo\\\/image\\\/\",\"url\":\"https:\\\/\\\/shop.bantam.ch\\\/wp-content\\\/uploads\\\/2022\\\/12\\\/bantam-logo.png\",\"contentUrl\":\"https:\\\/\\\/shop.bantam.ch\\\/wp-content\\\/uploads\\\/2022\\\/12\\\/bantam-logo.png\",\"width\":320,\"height\":71,\"caption\":\"Bantam Wankm\u00fcller SA\"},\"image\":{\"@id\":\"https:\\\/\\\/shop.bantam.ch\\\/fr\\\/#\\\/schema\\\/logo\\\/image\\\/\"}}]}<\/script>\n<!-- \/ Yoast SEO plugin. -->","yoast_head_json":{"title":"DOMETIC Cool Ice CI 55 - Couleur pierre - Bantam Wankm\u00fcller SA","robots":{"index":"index","follow":"follow","max-snippet":"max-snippet:-1","max-image-preview":"max-image-preview:large","max-video-preview":"max-video-preview:-1"},"canonical":"https:\/\/shop.bantam.ch\/fr\/produit\/dometic-cool-ice-ci-55-couleur-pierre\/","og_locale":"fr_FR","og_type":"article","og_title":"DOMETIC Cool Ice CI 55 - Couleur pierre - Bantam Wankm\u00fcller SA","og_description":"Partez plusieurs jours \u00e0 la p\u00eache, en bateau, en voiture, en fourgon am\u00e9nag\u00e9 ou en camping sans vous soucier de la conservation de vos aliments ou boissons avec la glaci\u00e8re Dometic Cool-Ice CI 55 d&rsquo;une capacit\u00e9 de 56 litres. Facilement transportable, \u00e0 l&rsquo;aide de deux poign\u00e9es rabattables avec points de fixation, cette glaci\u00e8re rigide est [&hellip;]","og_url":"https:\/\/shop.bantam.ch\/fr\/produit\/dometic-cool-ice-ci-55-couleur-pierre\/","og_site_name":"Bantam Wankm\u00fcller SA","article_modified_time":"2026-04-19T20:59:25+00:00","og_image":[{"width":600,"height":600,"url":"https:\/\/shop.bantam.ch\/wp-content\/uploads\/2024\/03\/glaciere-isotherme-71-l-ref-cool-ice-ci-70_ok-1.jpg","type":"image\/jpeg"}],"twitter_card":"summary_large_image","twitter_misc":{"Dur\u00e9e de lecture estim\u00e9e":"1 minute"},"schema":{"@context":"https:\/\/schema.org","@graph":[{"@type":"WebPage","@id":"https:\/\/shop.bantam.ch\/fr\/produit\/dometic-cool-ice-ci-55-couleur-pierre\/","url":"https:\/\/shop.bantam.ch\/fr\/produit\/dometic-cool-ice-ci-55-couleur-pierre\/","name":"DOMETIC Cool Ice CI 55 - Couleur pierre - Bantam Wankm\u00fcller SA","isPartOf":{"@id":"https:\/\/shop.bantam.ch\/fr\/#website"},"primaryImageOfPage":{"@id":"https:\/\/shop.bantam.ch\/fr\/produit\/dometic-cool-ice-ci-55-couleur-pierre\/#primaryimage"},"image":{"@id":"https:\/\/shop.bantam.ch\/fr\/produit\/dometic-cool-ice-ci-55-couleur-pierre\/#primaryimage"},"thumbnailUrl":"https:\/\/shop.bantam.ch\/wp-content\/uploads\/2024\/03\/glaciere-isotherme-71-l-ref-cool-ice-ci-70_ok-1.jpg","datePublished":"2024-03-19T16:26:06+00:00","dateModified":"2026-04-19T20:59:25+00:00","breadcrumb":{"@id":"https:\/\/shop.bantam.ch\/fr\/produit\/dometic-cool-ice-ci-55-couleur-pierre\/#breadcrumb"},"inLanguage":"fr-FR","potentialAction":[{"@type":"ReadAction","target":["https:\/\/shop.bantam.ch\/fr\/produit\/dometic-cool-ice-ci-55-couleur-pierre\/"]}]},{"@type":"ImageObject","inLanguage":"fr-FR","@id":"https:\/\/shop.bantam.ch\/fr\/produit\/dometic-cool-ice-ci-55-couleur-pierre\/#primaryimage","url":"https:\/\/shop.bantam.ch\/wp-content\/uploads\/2024\/03\/glaciere-isotherme-71-l-ref-cool-ice-ci-70_ok-1.jpg","contentUrl":"https:\/\/shop.bantam.ch\/wp-content\/uploads\/2024\/03\/glaciere-isotherme-71-l-ref-cool-ice-ci-70_ok-1.jpg","width":600,"height":600},{"@type":"BreadcrumbList","@id":"https:\/\/shop.bantam.ch\/fr\/produit\/dometic-cool-ice-ci-55-couleur-pierre\/#breadcrumb","itemListElement":[{"@type":"ListItem","position":1,"name":"Accueil","item":"https:\/\/shop.bantam.ch\/fr\/"},{"@type":"ListItem","position":2,"name":"Boutique","item":"https:\/\/shop.bantam.ch\/fr\/boutique\/"},{"@type":"ListItem","position":3,"name":"DOMETIC Cool Ice CI 55 &#8211; Couleur pierre"}]},{"@type":"WebSite","@id":"https:\/\/shop.bantam.ch\/fr\/#website","url":"https:\/\/shop.bantam.ch\/fr\/","name":"Bantam Wankm\u00fcller SA","description":"","publisher":{"@id":"https:\/\/shop.bantam.ch\/fr\/#organization"},"inLanguage":"fr-FR"},{"@type":"Organization","@id":"https:\/\/shop.bantam.ch\/fr\/#organization","name":"Bantam Wankm\u00fcller SA","url":"https:\/\/shop.bantam.ch\/fr\/","logo":{"@type":"ImageObject","inLanguage":"fr-FR","@id":"https:\/\/shop.bantam.ch\/fr\/#\/schema\/logo\/image\/","url":"https:\/\/shop.bantam.ch\/wp-content\/uploads\/2022\/12\/bantam-logo.png","contentUrl":"https:\/\/shop.bantam.ch\/wp-content\/uploads\/2022\/12\/bantam-logo.png","width":320,"height":71,"caption":"Bantam Wankm\u00fcller SA"},"image":{"@id":"https:\/\/shop.bantam.ch\/fr\/#\/schema\/logo\/image\/"}}]}},"_links":{"self":[{"href":"https:\/\/shop.bantam.ch\/fr\/wp-json\/wp\/v2\/product\/190457","targetHints":{"allow":["GET"]}}],"collection":[{"href":"https:\/\/shop.bantam.ch\/fr\/wp-json\/wp\/v2\/product"}],"about":[{"href":"https:\/\/shop.bantam.ch\/fr\/wp-json\/wp\/v2\/types\/product"}],"wp:featuredmedia":[{"embeddable":true,"href":"https:\/\/shop.bantam.ch\/fr\/wp-json\/wp\/v2\/media\/190455"}],"wp:attachment":[{"href":"https:\/\/shop.bantam.ch\/fr\/wp-json\/wp\/v2\/media?parent=190457"}],"wp:term":[{"taxonomy":"product_featured_cat","embeddable":true,"href":"https:\/\/shop.bantam.ch\/fr\/wp-json\/wp\/v2\/product_featured_cat?post=190457"},{"taxonomy":"product_brand","embeddable":true,"href":"https:\/\/shop.bantam.ch\/fr\/wp-json\/wp\/v2\/product_brand?post=190457"},{"taxonomy":"product_cat","embeddable":true,"href":"https:\/\/shop.bantam.ch\/fr\/wp-json\/wp\/v2\/product_cat?post=190457"},{"taxonomy":"product_tag","embeddable":true,"href":"https:\/\/shop.bantam.ch\/fr\/wp-json\/wp\/v2\/product_tag?post=190457"}],"curies":[{"name":"wp","href":"https:\/\/api.w.org\/{rel}","templated":true}]}}