{"id":190440,"date":"2024-03-19T16:22:27","date_gmt":"2024-03-19T15:22:27","guid":{"rendered":"https:\/\/shop.bantam.ch\/produit\/cool-ice-wci-33-dometic\/"},"modified":"2026-04-17T22:54:07","modified_gmt":"2026-04-17T20:54:07","slug":"cool-ice-wci-33-dometic","status":"publish","type":"product","link":"https:\/\/shop.bantam.ch\/fr\/produit\/cool-ice-wci-33-dometic\/","title":{"rendered":"Cool ICE WCI 33 Dometic"},"content":{"rendered":"<p>Cette glaci\u00e8re extr\u00eamement efficace et l\u00e9g\u00e8re conserve la glace pendant plusieurs jours. Elle est dot\u00e9e d\u2019une mousse isolante \u00e9paisse de qualit\u00e9 frigorifique et d\u2019un joint labyrinthe sp\u00e9cial. Emportez un rafra\u00eechissement glac\u00e9 avec vous, o\u00f9 que vous alliez !<\/p>\n<p>Isolation \u00e9paisse et joint sp\u00e9cialement con\u00e7u pour conserver la glace plus longtemps<br \/>\nHygi\u00e9nique et facile \u00e0 nettoyer avec grand bouchon de vidange<br \/>\nL\u00e9g\u00e8re et facile \u00e0 transporter gr\u00e2ce \u00e0 sa bandouli\u00e8re solide<br \/>\nFabrication robuste et r\u00e9sistante en poly\u00e9thyl\u00e8ne de qualit\u00e9 alimentaire<br \/>\nPieds en poly\u00e9thyl\u00e8ne int\u00e9gr\u00e9s<br \/>\nCharni\u00e8res int\u00e9gr\u00e9es durables avec tringles en inox, fermetures en nylon solides et vis de fixation en inox<br \/>\nDimensions H x L x P (mm) 445 x 375 x 420<br \/>\nPoids (kg) 6,10<\/p>\n","protected":false},"excerpt":{"rendered":"<p>Cette glaci\u00e8re extr\u00eamement efficace et l\u00e9g\u00e8re conserve la glace pendant plusieurs jours. Elle est dot\u00e9e d\u2019une mousse isolante \u00e9paisse de qualit\u00e9 frigorifique et d\u2019un joint labyrinthe sp\u00e9cial. Emportez un rafra\u00eechissement glac\u00e9 avec vous, o\u00f9 que vous alliez ! Isolation \u00e9paisse et joint sp\u00e9cialement con\u00e7u pour conserver la glace plus longtemps Hygi\u00e9nique et facile \u00e0 nettoyer [&hellip;]<\/p>\n","protected":false},"featured_media":190438,"template":"","meta":{"_acf_changed":false},"product_featured_cat":[1888],"product_brand":[3028],"product_cat":[4085],"product_tag":[],"class_list":{"0":"post-190440","1":"product","2":"type-product","3":"status-publish","4":"has-post-thumbnail","6":"product_featured_cat-glacieres-dometic","7":"product_brand-dometic","8":"product_cat-glacieres-passives-et-sacs","10":"first","11":"instock","12":"taxable","13":"shipping-taxable","14":"purchasable","15":"product-type-simple"},"acf":[],"yoast_head":"<!-- This site is optimized with the Yoast SEO plugin v27.4 - https:\/\/yoast.com\/product\/yoast-seo-wordpress\/ -->\n<title>Cool ICE WCI 33 Dometic - Bantam Wankm\u00fcller SA<\/title>\n<meta name=\"robots\" content=\"index, follow, max-snippet:-1, max-image-preview:large, max-video-preview:-1\" \/>\n<link rel=\"canonical\" href=\"https:\/\/shop.bantam.ch\/fr\/produit\/cool-ice-wci-33-dometic\/\" \/>\n<meta property=\"og:locale\" content=\"fr_FR\" \/>\n<meta property=\"og:type\" content=\"article\" \/>\n<meta property=\"og:title\" content=\"Cool ICE WCI 33 Dometic - Bantam Wankm\u00fcller SA\" \/>\n<meta property=\"og:description\" content=\"Cette glaci\u00e8re extr\u00eamement efficace et l\u00e9g\u00e8re conserve la glace pendant plusieurs jours. Elle est dot\u00e9e d\u2019une mousse isolante \u00e9paisse de qualit\u00e9 frigorifique et d\u2019un joint labyrinthe sp\u00e9cial. Emportez un rafra\u00eechissement glac\u00e9 avec vous, o\u00f9 que vous alliez ! Isolation \u00e9paisse et joint sp\u00e9cialement con\u00e7u pour conserver la glace plus longtemps Hygi\u00e9nique et facile \u00e0 nettoyer [&hellip;]\" \/>\n<meta property=\"og:url\" content=\"https:\/\/shop.bantam.ch\/fr\/produit\/cool-ice-wci-33-dometic\/\" \/>\n<meta property=\"og:site_name\" content=\"Bantam Wankm\u00fcller SA\" \/>\n<meta property=\"article:modified_time\" content=\"2026-04-17T20:54:07+00:00\" \/>\n<meta property=\"og:image\" content=\"https:\/\/shop.bantam.ch\/wp-content\/uploads\/2024\/03\/dometic-cool-ice-wci-33_9600000502_54510.png\" \/>\n\t<meta property=\"og:image:width\" content=\"640\" \/>\n\t<meta property=\"og:image:height\" content=\"640\" \/>\n\t<meta property=\"og:image:type\" content=\"image\/png\" \/>\n<meta name=\"twitter:card\" content=\"summary_large_image\" \/>\n<meta name=\"twitter:label1\" content=\"Dur\u00e9e de lecture estim\u00e9e\" \/>\n\t<meta name=\"twitter:data1\" content=\"1 minute\" \/>\n<script type=\"application\/ld+json\" class=\"yoast-schema-graph\">{\"@context\":\"https:\\\/\\\/schema.org\",\"@graph\":[{\"@type\":\"WebPage\",\"@id\":\"https:\\\/\\\/shop.bantam.ch\\\/fr\\\/produit\\\/cool-ice-wci-33-dometic\\\/\",\"url\":\"https:\\\/\\\/shop.bantam.ch\\\/fr\\\/produit\\\/cool-ice-wci-33-dometic\\\/\",\"name\":\"Cool ICE WCI 33 Dometic - Bantam Wankm\u00fcller SA\",\"isPartOf\":{\"@id\":\"https:\\\/\\\/shop.bantam.ch\\\/fr\\\/#website\"},\"primaryImageOfPage\":{\"@id\":\"https:\\\/\\\/shop.bantam.ch\\\/fr\\\/produit\\\/cool-ice-wci-33-dometic\\\/#primaryimage\"},\"image\":{\"@id\":\"https:\\\/\\\/shop.bantam.ch\\\/fr\\\/produit\\\/cool-ice-wci-33-dometic\\\/#primaryimage\"},\"thumbnailUrl\":\"https:\\\/\\\/shop.bantam.ch\\\/wp-content\\\/uploads\\\/2024\\\/03\\\/dometic-cool-ice-wci-33_9600000502_54510.png\",\"datePublished\":\"2024-03-19T15:22:27+00:00\",\"dateModified\":\"2026-04-17T20:54:07+00:00\",\"breadcrumb\":{\"@id\":\"https:\\\/\\\/shop.bantam.ch\\\/fr\\\/produit\\\/cool-ice-wci-33-dometic\\\/#breadcrumb\"},\"inLanguage\":\"fr-FR\",\"potentialAction\":[{\"@type\":\"ReadAction\",\"target\":[\"https:\\\/\\\/shop.bantam.ch\\\/fr\\\/produit\\\/cool-ice-wci-33-dometic\\\/\"]}]},{\"@type\":\"ImageObject\",\"inLanguage\":\"fr-FR\",\"@id\":\"https:\\\/\\\/shop.bantam.ch\\\/fr\\\/produit\\\/cool-ice-wci-33-dometic\\\/#primaryimage\",\"url\":\"https:\\\/\\\/shop.bantam.ch\\\/wp-content\\\/uploads\\\/2024\\\/03\\\/dometic-cool-ice-wci-33_9600000502_54510.png\",\"contentUrl\":\"https:\\\/\\\/shop.bantam.ch\\\/wp-content\\\/uploads\\\/2024\\\/03\\\/dometic-cool-ice-wci-33_9600000502_54510.png\",\"width\":640,\"height\":640},{\"@type\":\"BreadcrumbList\",\"@id\":\"https:\\\/\\\/shop.bantam.ch\\\/fr\\\/produit\\\/cool-ice-wci-33-dometic\\\/#breadcrumb\",\"itemListElement\":[{\"@type\":\"ListItem\",\"position\":1,\"name\":\"Accueil\",\"item\":\"https:\\\/\\\/shop.bantam.ch\\\/fr\\\/\"},{\"@type\":\"ListItem\",\"position\":2,\"name\":\"Boutique\",\"item\":\"https:\\\/\\\/shop.bantam.ch\\\/fr\\\/boutique\\\/\"},{\"@type\":\"ListItem\",\"position\":3,\"name\":\"Cool ICE WCI 33 Dometic\"}]},{\"@type\":\"WebSite\",\"@id\":\"https:\\\/\\\/shop.bantam.ch\\\/fr\\\/#website\",\"url\":\"https:\\\/\\\/shop.bantam.ch\\\/fr\\\/\",\"name\":\"Bantam Wankm\u00fcller SA\",\"description\":\"\",\"publisher\":{\"@id\":\"https:\\\/\\\/shop.bantam.ch\\\/fr\\\/#organization\"},\"inLanguage\":\"fr-FR\"},{\"@type\":\"Organization\",\"@id\":\"https:\\\/\\\/shop.bantam.ch\\\/fr\\\/#organization\",\"name\":\"Bantam Wankm\u00fcller SA\",\"url\":\"https:\\\/\\\/shop.bantam.ch\\\/fr\\\/\",\"logo\":{\"@type\":\"ImageObject\",\"inLanguage\":\"fr-FR\",\"@id\":\"https:\\\/\\\/shop.bantam.ch\\\/fr\\\/#\\\/schema\\\/logo\\\/image\\\/\",\"url\":\"https:\\\/\\\/shop.bantam.ch\\\/wp-content\\\/uploads\\\/2022\\\/12\\\/bantam-logo.png\",\"contentUrl\":\"https:\\\/\\\/shop.bantam.ch\\\/wp-content\\\/uploads\\\/2022\\\/12\\\/bantam-logo.png\",\"width\":320,\"height\":71,\"caption\":\"Bantam Wankm\u00fcller SA\"},\"image\":{\"@id\":\"https:\\\/\\\/shop.bantam.ch\\\/fr\\\/#\\\/schema\\\/logo\\\/image\\\/\"}}]}<\/script>\n<!-- \/ Yoast SEO plugin. -->","yoast_head_json":{"title":"Cool ICE WCI 33 Dometic - Bantam Wankm\u00fcller SA","robots":{"index":"index","follow":"follow","max-snippet":"max-snippet:-1","max-image-preview":"max-image-preview:large","max-video-preview":"max-video-preview:-1"},"canonical":"https:\/\/shop.bantam.ch\/fr\/produit\/cool-ice-wci-33-dometic\/","og_locale":"fr_FR","og_type":"article","og_title":"Cool ICE WCI 33 Dometic - Bantam Wankm\u00fcller SA","og_description":"Cette glaci\u00e8re extr\u00eamement efficace et l\u00e9g\u00e8re conserve la glace pendant plusieurs jours. Elle est dot\u00e9e d\u2019une mousse isolante \u00e9paisse de qualit\u00e9 frigorifique et d\u2019un joint labyrinthe sp\u00e9cial. Emportez un rafra\u00eechissement glac\u00e9 avec vous, o\u00f9 que vous alliez ! Isolation \u00e9paisse et joint sp\u00e9cialement con\u00e7u pour conserver la glace plus longtemps Hygi\u00e9nique et facile \u00e0 nettoyer [&hellip;]","og_url":"https:\/\/shop.bantam.ch\/fr\/produit\/cool-ice-wci-33-dometic\/","og_site_name":"Bantam Wankm\u00fcller SA","article_modified_time":"2026-04-17T20:54:07+00:00","og_image":[{"width":640,"height":640,"url":"https:\/\/shop.bantam.ch\/wp-content\/uploads\/2024\/03\/dometic-cool-ice-wci-33_9600000502_54510.png","type":"image\/png"}],"twitter_card":"summary_large_image","twitter_misc":{"Dur\u00e9e de lecture estim\u00e9e":"1 minute"},"schema":{"@context":"https:\/\/schema.org","@graph":[{"@type":"WebPage","@id":"https:\/\/shop.bantam.ch\/fr\/produit\/cool-ice-wci-33-dometic\/","url":"https:\/\/shop.bantam.ch\/fr\/produit\/cool-ice-wci-33-dometic\/","name":"Cool ICE WCI 33 Dometic - Bantam Wankm\u00fcller SA","isPartOf":{"@id":"https:\/\/shop.bantam.ch\/fr\/#website"},"primaryImageOfPage":{"@id":"https:\/\/shop.bantam.ch\/fr\/produit\/cool-ice-wci-33-dometic\/#primaryimage"},"image":{"@id":"https:\/\/shop.bantam.ch\/fr\/produit\/cool-ice-wci-33-dometic\/#primaryimage"},"thumbnailUrl":"https:\/\/shop.bantam.ch\/wp-content\/uploads\/2024\/03\/dometic-cool-ice-wci-33_9600000502_54510.png","datePublished":"2024-03-19T15:22:27+00:00","dateModified":"2026-04-17T20:54:07+00:00","breadcrumb":{"@id":"https:\/\/shop.bantam.ch\/fr\/produit\/cool-ice-wci-33-dometic\/#breadcrumb"},"inLanguage":"fr-FR","potentialAction":[{"@type":"ReadAction","target":["https:\/\/shop.bantam.ch\/fr\/produit\/cool-ice-wci-33-dometic\/"]}]},{"@type":"ImageObject","inLanguage":"fr-FR","@id":"https:\/\/shop.bantam.ch\/fr\/produit\/cool-ice-wci-33-dometic\/#primaryimage","url":"https:\/\/shop.bantam.ch\/wp-content\/uploads\/2024\/03\/dometic-cool-ice-wci-33_9600000502_54510.png","contentUrl":"https:\/\/shop.bantam.ch\/wp-content\/uploads\/2024\/03\/dometic-cool-ice-wci-33_9600000502_54510.png","width":640,"height":640},{"@type":"BreadcrumbList","@id":"https:\/\/shop.bantam.ch\/fr\/produit\/cool-ice-wci-33-dometic\/#breadcrumb","itemListElement":[{"@type":"ListItem","position":1,"name":"Accueil","item":"https:\/\/shop.bantam.ch\/fr\/"},{"@type":"ListItem","position":2,"name":"Boutique","item":"https:\/\/shop.bantam.ch\/fr\/boutique\/"},{"@type":"ListItem","position":3,"name":"Cool ICE WCI 33 Dometic"}]},{"@type":"WebSite","@id":"https:\/\/shop.bantam.ch\/fr\/#website","url":"https:\/\/shop.bantam.ch\/fr\/","name":"Bantam Wankm\u00fcller SA","description":"","publisher":{"@id":"https:\/\/shop.bantam.ch\/fr\/#organization"},"inLanguage":"fr-FR"},{"@type":"Organization","@id":"https:\/\/shop.bantam.ch\/fr\/#organization","name":"Bantam Wankm\u00fcller SA","url":"https:\/\/shop.bantam.ch\/fr\/","logo":{"@type":"ImageObject","inLanguage":"fr-FR","@id":"https:\/\/shop.bantam.ch\/fr\/#\/schema\/logo\/image\/","url":"https:\/\/shop.bantam.ch\/wp-content\/uploads\/2022\/12\/bantam-logo.png","contentUrl":"https:\/\/shop.bantam.ch\/wp-content\/uploads\/2022\/12\/bantam-logo.png","width":320,"height":71,"caption":"Bantam Wankm\u00fcller SA"},"image":{"@id":"https:\/\/shop.bantam.ch\/fr\/#\/schema\/logo\/image\/"}}]}},"_links":{"self":[{"href":"https:\/\/shop.bantam.ch\/fr\/wp-json\/wp\/v2\/product\/190440","targetHints":{"allow":["GET"]}}],"collection":[{"href":"https:\/\/shop.bantam.ch\/fr\/wp-json\/wp\/v2\/product"}],"about":[{"href":"https:\/\/shop.bantam.ch\/fr\/wp-json\/wp\/v2\/types\/product"}],"wp:featuredmedia":[{"embeddable":true,"href":"https:\/\/shop.bantam.ch\/fr\/wp-json\/wp\/v2\/media\/190438"}],"wp:attachment":[{"href":"https:\/\/shop.bantam.ch\/fr\/wp-json\/wp\/v2\/media?parent=190440"}],"wp:term":[{"taxonomy":"product_featured_cat","embeddable":true,"href":"https:\/\/shop.bantam.ch\/fr\/wp-json\/wp\/v2\/product_featured_cat?post=190440"},{"taxonomy":"product_brand","embeddable":true,"href":"https:\/\/shop.bantam.ch\/fr\/wp-json\/wp\/v2\/product_brand?post=190440"},{"taxonomy":"product_cat","embeddable":true,"href":"https:\/\/shop.bantam.ch\/fr\/wp-json\/wp\/v2\/product_cat?post=190440"},{"taxonomy":"product_tag","embeddable":true,"href":"https:\/\/shop.bantam.ch\/fr\/wp-json\/wp\/v2\/product_tag?post=190440"}],"curies":[{"name":"wp","href":"https:\/\/api.w.org\/{rel}","templated":true}]}}