{"id":190436,"date":"2024-03-19T16:19:30","date_gmt":"2024-03-19T15:19:30","guid":{"rendered":"https:\/\/shop.bantam.ch\/produit\/touarec-5-lw\/"},"modified":"2026-04-17T22:54:07","modified_gmt":"2026-04-17T20:54:07","slug":"touarec-5-lw","status":"publish","type":"product","link":"https:\/\/shop.bantam.ch\/fr\/produit\/touarec-5-lw\/","title":{"rendered":"Touarec 5 lw"},"content":{"rendered":"<p>Tente familiale spacieuse, multifonctionnelle, con\u00e7ue pour 5 personnes.<br \/>\nDouble toit: Enti\u00e8rement scell\u00e9s, en polyester ripstop 75D ignifug\u00e9, \u2028enduit polyur\u00e9thanne, colonne d&rsquo;eau 4.000 mm. Couleur: Olive.<br \/>\nTente int\u00e9rieure: Polyester 75D hydrofuge, ignifuge et respirant.<br \/>\nTapis de sol tente int\u00e9rieure: Colonne d&rsquo;eau 5.000 mm. \u2028Taille: 686 x 270 cm. Poids: 18,8 kg. Taille compress\u00e9e: 70&#215;34 cm. \u2028Inclus: Un sac \u00e0 porter avec des compartiments s\u00e9par\u00e9s, 2 m\u00e2ts en aluminium pour la porte. Options recommand\u00e9es: Zip dans tapis de sol, chambre int\u00e9r. pour 3 personnes. \u2028Caract\u00e9ristiques: Double toit: Tissu l\u00e9ger, hauteur 205 cm, fen\u00eatre avec moustiquaire, \u20282 portes lat\u00e9rales avec moustiquaire, 2 petites chambres avec sortie arri\u00e8re, \u2028poche de rangement dans tentes int\u00e9rieure, \u2028facilit\u00e9 de montage. Poids: 18,8 kg<\/p>\n","protected":false},"excerpt":{"rendered":"<p>Tente familiale spacieuse, multifonctionnelle, con\u00e7ue pour 5 personnes. Double toit: Enti\u00e8rement scell\u00e9s, en polyester ripstop 75D ignifug\u00e9, \u2028enduit polyur\u00e9thanne, colonne d&rsquo;eau 4.000 mm. Couleur: Olive. Tente int\u00e9rieure: Polyester 75D hydrofuge, ignifuge et respirant. Tapis de sol tente int\u00e9rieure: Colonne d&rsquo;eau 5.000 mm. \u2028Taille: 686 x 270 cm. Poids: 18,8 kg. Taille compress\u00e9e: 70&#215;34 cm. \u2028Inclus: [&hellip;]<\/p>\n","protected":false},"featured_media":190432,"template":"","meta":{"_acf_changed":false},"product_featured_cat":[],"product_brand":[3740],"product_cat":[4239],"product_tag":[],"class_list":{"0":"post-190436","1":"product","2":"type-product","3":"status-publish","4":"has-post-thumbnail","6":"product_brand-bantam","7":"product_cat-tentes-de-couchage","9":"first","10":"instock","11":"taxable","12":"shipping-taxable","13":"purchasable","14":"product-type-simple"},"acf":[],"yoast_head":"<!-- This site is optimized with the Yoast SEO plugin v27.4 - https:\/\/yoast.com\/product\/yoast-seo-wordpress\/ -->\n<title>Touarec 5 lw - Bantam Wankm\u00fcller SA<\/title>\n<meta name=\"robots\" content=\"index, follow, max-snippet:-1, max-image-preview:large, max-video-preview:-1\" \/>\n<link rel=\"canonical\" href=\"https:\/\/shop.bantam.ch\/fr\/produit\/touarec-5-lw\/\" \/>\n<meta property=\"og:locale\" content=\"fr_FR\" \/>\n<meta property=\"og:type\" content=\"article\" \/>\n<meta property=\"og:title\" content=\"Touarec 5 lw - Bantam Wankm\u00fcller SA\" \/>\n<meta property=\"og:description\" content=\"Tente familiale spacieuse, multifonctionnelle, con\u00e7ue pour 5 personnes. Double toit: Enti\u00e8rement scell\u00e9s, en polyester ripstop 75D ignifug\u00e9, \u2028enduit polyur\u00e9thanne, colonne d&rsquo;eau 4.000 mm. Couleur: Olive. Tente int\u00e9rieure: Polyester 75D hydrofuge, ignifuge et respirant. Tapis de sol tente int\u00e9rieure: Colonne d&rsquo;eau 5.000 mm. \u2028Taille: 686 x 270 cm. Poids: 18,8 kg. Taille compress\u00e9e: 70&#215;34 cm. \u2028Inclus: [&hellip;]\" \/>\n<meta property=\"og:url\" content=\"https:\/\/shop.bantam.ch\/fr\/produit\/touarec-5-lw\/\" \/>\n<meta property=\"og:site_name\" content=\"Bantam Wankm\u00fcller SA\" \/>\n<meta property=\"article:modified_time\" content=\"2026-04-17T20:54:07+00:00\" \/>\n<meta property=\"og:image\" content=\"https:\/\/shop.bantam.ch\/wp-content\/uploads\/2024\/03\/Touarec5LW_Dooropen.jpg\" \/>\n\t<meta property=\"og:image:width\" content=\"600\" \/>\n\t<meta property=\"og:image:height\" content=\"220\" \/>\n\t<meta property=\"og:image:type\" content=\"image\/jpeg\" \/>\n<meta name=\"twitter:card\" content=\"summary_large_image\" \/>\n<meta name=\"twitter:label1\" content=\"Dur\u00e9e de lecture estim\u00e9e\" \/>\n\t<meta name=\"twitter:data1\" content=\"1 minute\" \/>\n<script type=\"application\/ld+json\" class=\"yoast-schema-graph\">{\"@context\":\"https:\\\/\\\/schema.org\",\"@graph\":[{\"@type\":\"WebPage\",\"@id\":\"https:\\\/\\\/shop.bantam.ch\\\/fr\\\/produit\\\/touarec-5-lw\\\/\",\"url\":\"https:\\\/\\\/shop.bantam.ch\\\/fr\\\/produit\\\/touarec-5-lw\\\/\",\"name\":\"Touarec 5 lw - Bantam Wankm\u00fcller SA\",\"isPartOf\":{\"@id\":\"https:\\\/\\\/shop.bantam.ch\\\/fr\\\/#website\"},\"primaryImageOfPage\":{\"@id\":\"https:\\\/\\\/shop.bantam.ch\\\/fr\\\/produit\\\/touarec-5-lw\\\/#primaryimage\"},\"image\":{\"@id\":\"https:\\\/\\\/shop.bantam.ch\\\/fr\\\/produit\\\/touarec-5-lw\\\/#primaryimage\"},\"thumbnailUrl\":\"https:\\\/\\\/shop.bantam.ch\\\/wp-content\\\/uploads\\\/2024\\\/03\\\/Touarec5LW_Dooropen.jpg\",\"datePublished\":\"2024-03-19T15:19:30+00:00\",\"dateModified\":\"2026-04-17T20:54:07+00:00\",\"breadcrumb\":{\"@id\":\"https:\\\/\\\/shop.bantam.ch\\\/fr\\\/produit\\\/touarec-5-lw\\\/#breadcrumb\"},\"inLanguage\":\"fr-FR\",\"potentialAction\":[{\"@type\":\"ReadAction\",\"target\":[\"https:\\\/\\\/shop.bantam.ch\\\/fr\\\/produit\\\/touarec-5-lw\\\/\"]}]},{\"@type\":\"ImageObject\",\"inLanguage\":\"fr-FR\",\"@id\":\"https:\\\/\\\/shop.bantam.ch\\\/fr\\\/produit\\\/touarec-5-lw\\\/#primaryimage\",\"url\":\"https:\\\/\\\/shop.bantam.ch\\\/wp-content\\\/uploads\\\/2024\\\/03\\\/Touarec5LW_Dooropen.jpg\",\"contentUrl\":\"https:\\\/\\\/shop.bantam.ch\\\/wp-content\\\/uploads\\\/2024\\\/03\\\/Touarec5LW_Dooropen.jpg\",\"width\":600,\"height\":220},{\"@type\":\"BreadcrumbList\",\"@id\":\"https:\\\/\\\/shop.bantam.ch\\\/fr\\\/produit\\\/touarec-5-lw\\\/#breadcrumb\",\"itemListElement\":[{\"@type\":\"ListItem\",\"position\":1,\"name\":\"Accueil\",\"item\":\"https:\\\/\\\/shop.bantam.ch\\\/fr\\\/\"},{\"@type\":\"ListItem\",\"position\":2,\"name\":\"Boutique\",\"item\":\"https:\\\/\\\/shop.bantam.ch\\\/fr\\\/boutique\\\/\"},{\"@type\":\"ListItem\",\"position\":3,\"name\":\"Touarec 5 lw\"}]},{\"@type\":\"WebSite\",\"@id\":\"https:\\\/\\\/shop.bantam.ch\\\/fr\\\/#website\",\"url\":\"https:\\\/\\\/shop.bantam.ch\\\/fr\\\/\",\"name\":\"Bantam Wankm\u00fcller SA\",\"description\":\"\",\"publisher\":{\"@id\":\"https:\\\/\\\/shop.bantam.ch\\\/fr\\\/#organization\"},\"inLanguage\":\"fr-FR\"},{\"@type\":\"Organization\",\"@id\":\"https:\\\/\\\/shop.bantam.ch\\\/fr\\\/#organization\",\"name\":\"Bantam Wankm\u00fcller SA\",\"url\":\"https:\\\/\\\/shop.bantam.ch\\\/fr\\\/\",\"logo\":{\"@type\":\"ImageObject\",\"inLanguage\":\"fr-FR\",\"@id\":\"https:\\\/\\\/shop.bantam.ch\\\/fr\\\/#\\\/schema\\\/logo\\\/image\\\/\",\"url\":\"https:\\\/\\\/shop.bantam.ch\\\/wp-content\\\/uploads\\\/2022\\\/12\\\/bantam-logo.png\",\"contentUrl\":\"https:\\\/\\\/shop.bantam.ch\\\/wp-content\\\/uploads\\\/2022\\\/12\\\/bantam-logo.png\",\"width\":320,\"height\":71,\"caption\":\"Bantam Wankm\u00fcller SA\"},\"image\":{\"@id\":\"https:\\\/\\\/shop.bantam.ch\\\/fr\\\/#\\\/schema\\\/logo\\\/image\\\/\"}}]}<\/script>\n<!-- \/ Yoast SEO plugin. -->","yoast_head_json":{"title":"Touarec 5 lw - Bantam Wankm\u00fcller SA","robots":{"index":"index","follow":"follow","max-snippet":"max-snippet:-1","max-image-preview":"max-image-preview:large","max-video-preview":"max-video-preview:-1"},"canonical":"https:\/\/shop.bantam.ch\/fr\/produit\/touarec-5-lw\/","og_locale":"fr_FR","og_type":"article","og_title":"Touarec 5 lw - Bantam Wankm\u00fcller SA","og_description":"Tente familiale spacieuse, multifonctionnelle, con\u00e7ue pour 5 personnes. Double toit: Enti\u00e8rement scell\u00e9s, en polyester ripstop 75D ignifug\u00e9, \u2028enduit polyur\u00e9thanne, colonne d&rsquo;eau 4.000 mm. Couleur: Olive. Tente int\u00e9rieure: Polyester 75D hydrofuge, ignifuge et respirant. Tapis de sol tente int\u00e9rieure: Colonne d&rsquo;eau 5.000 mm. \u2028Taille: 686 x 270 cm. Poids: 18,8 kg. Taille compress\u00e9e: 70&#215;34 cm. \u2028Inclus: [&hellip;]","og_url":"https:\/\/shop.bantam.ch\/fr\/produit\/touarec-5-lw\/","og_site_name":"Bantam Wankm\u00fcller SA","article_modified_time":"2026-04-17T20:54:07+00:00","og_image":[{"width":600,"height":220,"url":"https:\/\/shop.bantam.ch\/wp-content\/uploads\/2024\/03\/Touarec5LW_Dooropen.jpg","type":"image\/jpeg"}],"twitter_card":"summary_large_image","twitter_misc":{"Dur\u00e9e de lecture estim\u00e9e":"1 minute"},"schema":{"@context":"https:\/\/schema.org","@graph":[{"@type":"WebPage","@id":"https:\/\/shop.bantam.ch\/fr\/produit\/touarec-5-lw\/","url":"https:\/\/shop.bantam.ch\/fr\/produit\/touarec-5-lw\/","name":"Touarec 5 lw - Bantam Wankm\u00fcller SA","isPartOf":{"@id":"https:\/\/shop.bantam.ch\/fr\/#website"},"primaryImageOfPage":{"@id":"https:\/\/shop.bantam.ch\/fr\/produit\/touarec-5-lw\/#primaryimage"},"image":{"@id":"https:\/\/shop.bantam.ch\/fr\/produit\/touarec-5-lw\/#primaryimage"},"thumbnailUrl":"https:\/\/shop.bantam.ch\/wp-content\/uploads\/2024\/03\/Touarec5LW_Dooropen.jpg","datePublished":"2024-03-19T15:19:30+00:00","dateModified":"2026-04-17T20:54:07+00:00","breadcrumb":{"@id":"https:\/\/shop.bantam.ch\/fr\/produit\/touarec-5-lw\/#breadcrumb"},"inLanguage":"fr-FR","potentialAction":[{"@type":"ReadAction","target":["https:\/\/shop.bantam.ch\/fr\/produit\/touarec-5-lw\/"]}]},{"@type":"ImageObject","inLanguage":"fr-FR","@id":"https:\/\/shop.bantam.ch\/fr\/produit\/touarec-5-lw\/#primaryimage","url":"https:\/\/shop.bantam.ch\/wp-content\/uploads\/2024\/03\/Touarec5LW_Dooropen.jpg","contentUrl":"https:\/\/shop.bantam.ch\/wp-content\/uploads\/2024\/03\/Touarec5LW_Dooropen.jpg","width":600,"height":220},{"@type":"BreadcrumbList","@id":"https:\/\/shop.bantam.ch\/fr\/produit\/touarec-5-lw\/#breadcrumb","itemListElement":[{"@type":"ListItem","position":1,"name":"Accueil","item":"https:\/\/shop.bantam.ch\/fr\/"},{"@type":"ListItem","position":2,"name":"Boutique","item":"https:\/\/shop.bantam.ch\/fr\/boutique\/"},{"@type":"ListItem","position":3,"name":"Touarec 5 lw"}]},{"@type":"WebSite","@id":"https:\/\/shop.bantam.ch\/fr\/#website","url":"https:\/\/shop.bantam.ch\/fr\/","name":"Bantam Wankm\u00fcller SA","description":"","publisher":{"@id":"https:\/\/shop.bantam.ch\/fr\/#organization"},"inLanguage":"fr-FR"},{"@type":"Organization","@id":"https:\/\/shop.bantam.ch\/fr\/#organization","name":"Bantam Wankm\u00fcller SA","url":"https:\/\/shop.bantam.ch\/fr\/","logo":{"@type":"ImageObject","inLanguage":"fr-FR","@id":"https:\/\/shop.bantam.ch\/fr\/#\/schema\/logo\/image\/","url":"https:\/\/shop.bantam.ch\/wp-content\/uploads\/2022\/12\/bantam-logo.png","contentUrl":"https:\/\/shop.bantam.ch\/wp-content\/uploads\/2022\/12\/bantam-logo.png","width":320,"height":71,"caption":"Bantam Wankm\u00fcller SA"},"image":{"@id":"https:\/\/shop.bantam.ch\/fr\/#\/schema\/logo\/image\/"}}]}},"_links":{"self":[{"href":"https:\/\/shop.bantam.ch\/fr\/wp-json\/wp\/v2\/product\/190436","targetHints":{"allow":["GET"]}}],"collection":[{"href":"https:\/\/shop.bantam.ch\/fr\/wp-json\/wp\/v2\/product"}],"about":[{"href":"https:\/\/shop.bantam.ch\/fr\/wp-json\/wp\/v2\/types\/product"}],"wp:featuredmedia":[{"embeddable":true,"href":"https:\/\/shop.bantam.ch\/fr\/wp-json\/wp\/v2\/media\/190432"}],"wp:attachment":[{"href":"https:\/\/shop.bantam.ch\/fr\/wp-json\/wp\/v2\/media?parent=190436"}],"wp:term":[{"taxonomy":"product_featured_cat","embeddable":true,"href":"https:\/\/shop.bantam.ch\/fr\/wp-json\/wp\/v2\/product_featured_cat?post=190436"},{"taxonomy":"product_brand","embeddable":true,"href":"https:\/\/shop.bantam.ch\/fr\/wp-json\/wp\/v2\/product_brand?post=190436"},{"taxonomy":"product_cat","embeddable":true,"href":"https:\/\/shop.bantam.ch\/fr\/wp-json\/wp\/v2\/product_cat?post=190436"},{"taxonomy":"product_tag","embeddable":true,"href":"https:\/\/shop.bantam.ch\/fr\/wp-json\/wp\/v2\/product_tag?post=190436"}],"curies":[{"name":"wp","href":"https:\/\/api.w.org\/{rel}","templated":true}]}}