{"id":190389,"date":"2024-03-19T10:09:35","date_gmt":"2024-03-19T09:09:35","guid":{"rendered":"https:\/\/shop.bantam.ch\/produit\/safari-chef-30-hp\/"},"modified":"2026-04-18T22:56:46","modified_gmt":"2026-04-18T20:56:46","slug":"safari-chef-30-hp","status":"publish","type":"product","link":"https:\/\/shop.bantam.ch\/fr\/produit\/safari-chef-30-hp\/","title":{"rendered":"SAFARI CHEF 30 HP"},"content":{"rendered":"<p>BBQ polyvalent &amp; l\u00e9ger \u00e0 emporter partout (\u00f8 30cm)<br \/>\nPieds repliables pour un rangement compact<br \/>\nVersion HP (High Pressure)<br \/>\nBouton poussoir avec allumage automatique piezo<br \/>\nLe bac de r\u00e9cup\u00e9ration des graisses sert \u00e9galement de brise-vent<br \/>\nSupport de casserole, grille BBQ, plaque de cuisson lisse et plat\/couvercle<br \/>\nSac de rangement inclus<\/p>\n","protected":false},"excerpt":{"rendered":"<p>BBQ polyvalent &amp; l\u00e9ger \u00e0 emporter partout (\u00f8 30cm) Pieds repliables pour un rangement compact Version HP (High Pressure) Bouton poussoir avec allumage automatique piezo Le bac de r\u00e9cup\u00e9ration des graisses sert \u00e9galement de brise-vent Support de casserole, grille BBQ, plaque de cuisson lisse et plat\/couvercle Sac de rangement inclus<\/p>\n","protected":false},"featured_media":190387,"template":"","meta":{"_acf_changed":false},"product_featured_cat":[],"product_brand":[3668],"product_cat":[4279],"product_tag":[],"class_list":{"0":"post-190389","1":"product","2":"type-product","3":"status-publish","4":"has-post-thumbnail","6":"product_brand-cadac","7":"product_cat-barbecues-a-gaz","9":"first","10":"instock","11":"taxable","12":"shipping-taxable","13":"purchasable","14":"product-type-simple"},"acf":[],"yoast_head":"<!-- This site is optimized with the Yoast SEO plugin v27.4 - https:\/\/yoast.com\/product\/yoast-seo-wordpress\/ -->\n<title>SAFARI CHEF 30 HP - Bantam Wankm\u00fcller SA<\/title>\n<meta name=\"robots\" content=\"index, follow, max-snippet:-1, max-image-preview:large, max-video-preview:-1\" \/>\n<link rel=\"canonical\" href=\"https:\/\/shop.bantam.ch\/fr\/produit\/safari-chef-30-hp\/\" \/>\n<meta property=\"og:locale\" content=\"fr_FR\" \/>\n<meta property=\"og:type\" content=\"article\" \/>\n<meta property=\"og:title\" content=\"SAFARI CHEF 30 HP - Bantam Wankm\u00fcller SA\" \/>\n<meta property=\"og:description\" content=\"BBQ polyvalent &amp; l\u00e9ger \u00e0 emporter partout (\u00f8 30cm) Pieds repliables pour un rangement compact Version HP (High Pressure) Bouton poussoir avec allumage automatique piezo Le bac de r\u00e9cup\u00e9ration des graisses sert \u00e9galement de brise-vent Support de casserole, grille BBQ, plaque de cuisson lisse et plat\/couvercle Sac de rangement inclus\" \/>\n<meta property=\"og:url\" content=\"https:\/\/shop.bantam.ch\/fr\/produit\/safari-chef-30-hp\/\" \/>\n<meta property=\"og:site_name\" content=\"Bantam Wankm\u00fcller SA\" \/>\n<meta property=\"article:modified_time\" content=\"2026-04-18T20:56:46+00:00\" \/>\n<meta property=\"og:image\" content=\"https:\/\/shop.bantam.ch\/wp-content\/uploads\/2024\/03\/e84afed22ec34f789fc37190cd0efbb9_660x660.jpg\" \/>\n\t<meta property=\"og:image:width\" content=\"261\" \/>\n\t<meta property=\"og:image:height\" content=\"660\" \/>\n\t<meta property=\"og:image:type\" content=\"image\/jpeg\" \/>\n<meta name=\"twitter:card\" content=\"summary_large_image\" \/>\n<script type=\"application\/ld+json\" class=\"yoast-schema-graph\">{\"@context\":\"https:\\\/\\\/schema.org\",\"@graph\":[{\"@type\":\"WebPage\",\"@id\":\"https:\\\/\\\/shop.bantam.ch\\\/fr\\\/produit\\\/safari-chef-30-hp\\\/\",\"url\":\"https:\\\/\\\/shop.bantam.ch\\\/fr\\\/produit\\\/safari-chef-30-hp\\\/\",\"name\":\"SAFARI CHEF 30 HP - Bantam Wankm\u00fcller SA\",\"isPartOf\":{\"@id\":\"https:\\\/\\\/shop.bantam.ch\\\/fr\\\/#website\"},\"primaryImageOfPage\":{\"@id\":\"https:\\\/\\\/shop.bantam.ch\\\/fr\\\/produit\\\/safari-chef-30-hp\\\/#primaryimage\"},\"image\":{\"@id\":\"https:\\\/\\\/shop.bantam.ch\\\/fr\\\/produit\\\/safari-chef-30-hp\\\/#primaryimage\"},\"thumbnailUrl\":\"https:\\\/\\\/shop.bantam.ch\\\/wp-content\\\/uploads\\\/2024\\\/03\\\/e84afed22ec34f789fc37190cd0efbb9_660x660.jpg\",\"datePublished\":\"2024-03-19T09:09:35+00:00\",\"dateModified\":\"2026-04-18T20:56:46+00:00\",\"breadcrumb\":{\"@id\":\"https:\\\/\\\/shop.bantam.ch\\\/fr\\\/produit\\\/safari-chef-30-hp\\\/#breadcrumb\"},\"inLanguage\":\"fr-FR\",\"potentialAction\":[{\"@type\":\"ReadAction\",\"target\":[\"https:\\\/\\\/shop.bantam.ch\\\/fr\\\/produit\\\/safari-chef-30-hp\\\/\"]}]},{\"@type\":\"ImageObject\",\"inLanguage\":\"fr-FR\",\"@id\":\"https:\\\/\\\/shop.bantam.ch\\\/fr\\\/produit\\\/safari-chef-30-hp\\\/#primaryimage\",\"url\":\"https:\\\/\\\/shop.bantam.ch\\\/wp-content\\\/uploads\\\/2024\\\/03\\\/e84afed22ec34f789fc37190cd0efbb9_660x660.jpg\",\"contentUrl\":\"https:\\\/\\\/shop.bantam.ch\\\/wp-content\\\/uploads\\\/2024\\\/03\\\/e84afed22ec34f789fc37190cd0efbb9_660x660.jpg\",\"width\":261,\"height\":660},{\"@type\":\"BreadcrumbList\",\"@id\":\"https:\\\/\\\/shop.bantam.ch\\\/fr\\\/produit\\\/safari-chef-30-hp\\\/#breadcrumb\",\"itemListElement\":[{\"@type\":\"ListItem\",\"position\":1,\"name\":\"Accueil\",\"item\":\"https:\\\/\\\/shop.bantam.ch\\\/fr\\\/\"},{\"@type\":\"ListItem\",\"position\":2,\"name\":\"Boutique\",\"item\":\"https:\\\/\\\/shop.bantam.ch\\\/fr\\\/boutique\\\/\"},{\"@type\":\"ListItem\",\"position\":3,\"name\":\"SAFARI CHEF 30 HP\"}]},{\"@type\":\"WebSite\",\"@id\":\"https:\\\/\\\/shop.bantam.ch\\\/fr\\\/#website\",\"url\":\"https:\\\/\\\/shop.bantam.ch\\\/fr\\\/\",\"name\":\"Bantam Wankm\u00fcller SA\",\"description\":\"\",\"publisher\":{\"@id\":\"https:\\\/\\\/shop.bantam.ch\\\/fr\\\/#organization\"},\"inLanguage\":\"fr-FR\"},{\"@type\":\"Organization\",\"@id\":\"https:\\\/\\\/shop.bantam.ch\\\/fr\\\/#organization\",\"name\":\"Bantam Wankm\u00fcller SA\",\"url\":\"https:\\\/\\\/shop.bantam.ch\\\/fr\\\/\",\"logo\":{\"@type\":\"ImageObject\",\"inLanguage\":\"fr-FR\",\"@id\":\"https:\\\/\\\/shop.bantam.ch\\\/fr\\\/#\\\/schema\\\/logo\\\/image\\\/\",\"url\":\"https:\\\/\\\/shop.bantam.ch\\\/wp-content\\\/uploads\\\/2022\\\/12\\\/bantam-logo.png\",\"contentUrl\":\"https:\\\/\\\/shop.bantam.ch\\\/wp-content\\\/uploads\\\/2022\\\/12\\\/bantam-logo.png\",\"width\":320,\"height\":71,\"caption\":\"Bantam Wankm\u00fcller SA\"},\"image\":{\"@id\":\"https:\\\/\\\/shop.bantam.ch\\\/fr\\\/#\\\/schema\\\/logo\\\/image\\\/\"}}]}<\/script>\n<!-- \/ Yoast SEO plugin. -->","yoast_head_json":{"title":"SAFARI CHEF 30 HP - Bantam Wankm\u00fcller SA","robots":{"index":"index","follow":"follow","max-snippet":"max-snippet:-1","max-image-preview":"max-image-preview:large","max-video-preview":"max-video-preview:-1"},"canonical":"https:\/\/shop.bantam.ch\/fr\/produit\/safari-chef-30-hp\/","og_locale":"fr_FR","og_type":"article","og_title":"SAFARI CHEF 30 HP - Bantam Wankm\u00fcller SA","og_description":"BBQ polyvalent &amp; l\u00e9ger \u00e0 emporter partout (\u00f8 30cm) Pieds repliables pour un rangement compact Version HP (High Pressure) Bouton poussoir avec allumage automatique piezo Le bac de r\u00e9cup\u00e9ration des graisses sert \u00e9galement de brise-vent Support de casserole, grille BBQ, plaque de cuisson lisse et plat\/couvercle Sac de rangement inclus","og_url":"https:\/\/shop.bantam.ch\/fr\/produit\/safari-chef-30-hp\/","og_site_name":"Bantam Wankm\u00fcller SA","article_modified_time":"2026-04-18T20:56:46+00:00","og_image":[{"width":261,"height":660,"url":"https:\/\/shop.bantam.ch\/wp-content\/uploads\/2024\/03\/e84afed22ec34f789fc37190cd0efbb9_660x660.jpg","type":"image\/jpeg"}],"twitter_card":"summary_large_image","schema":{"@context":"https:\/\/schema.org","@graph":[{"@type":"WebPage","@id":"https:\/\/shop.bantam.ch\/fr\/produit\/safari-chef-30-hp\/","url":"https:\/\/shop.bantam.ch\/fr\/produit\/safari-chef-30-hp\/","name":"SAFARI CHEF 30 HP - Bantam Wankm\u00fcller SA","isPartOf":{"@id":"https:\/\/shop.bantam.ch\/fr\/#website"},"primaryImageOfPage":{"@id":"https:\/\/shop.bantam.ch\/fr\/produit\/safari-chef-30-hp\/#primaryimage"},"image":{"@id":"https:\/\/shop.bantam.ch\/fr\/produit\/safari-chef-30-hp\/#primaryimage"},"thumbnailUrl":"https:\/\/shop.bantam.ch\/wp-content\/uploads\/2024\/03\/e84afed22ec34f789fc37190cd0efbb9_660x660.jpg","datePublished":"2024-03-19T09:09:35+00:00","dateModified":"2026-04-18T20:56:46+00:00","breadcrumb":{"@id":"https:\/\/shop.bantam.ch\/fr\/produit\/safari-chef-30-hp\/#breadcrumb"},"inLanguage":"fr-FR","potentialAction":[{"@type":"ReadAction","target":["https:\/\/shop.bantam.ch\/fr\/produit\/safari-chef-30-hp\/"]}]},{"@type":"ImageObject","inLanguage":"fr-FR","@id":"https:\/\/shop.bantam.ch\/fr\/produit\/safari-chef-30-hp\/#primaryimage","url":"https:\/\/shop.bantam.ch\/wp-content\/uploads\/2024\/03\/e84afed22ec34f789fc37190cd0efbb9_660x660.jpg","contentUrl":"https:\/\/shop.bantam.ch\/wp-content\/uploads\/2024\/03\/e84afed22ec34f789fc37190cd0efbb9_660x660.jpg","width":261,"height":660},{"@type":"BreadcrumbList","@id":"https:\/\/shop.bantam.ch\/fr\/produit\/safari-chef-30-hp\/#breadcrumb","itemListElement":[{"@type":"ListItem","position":1,"name":"Accueil","item":"https:\/\/shop.bantam.ch\/fr\/"},{"@type":"ListItem","position":2,"name":"Boutique","item":"https:\/\/shop.bantam.ch\/fr\/boutique\/"},{"@type":"ListItem","position":3,"name":"SAFARI CHEF 30 HP"}]},{"@type":"WebSite","@id":"https:\/\/shop.bantam.ch\/fr\/#website","url":"https:\/\/shop.bantam.ch\/fr\/","name":"Bantam Wankm\u00fcller SA","description":"","publisher":{"@id":"https:\/\/shop.bantam.ch\/fr\/#organization"},"inLanguage":"fr-FR"},{"@type":"Organization","@id":"https:\/\/shop.bantam.ch\/fr\/#organization","name":"Bantam Wankm\u00fcller SA","url":"https:\/\/shop.bantam.ch\/fr\/","logo":{"@type":"ImageObject","inLanguage":"fr-FR","@id":"https:\/\/shop.bantam.ch\/fr\/#\/schema\/logo\/image\/","url":"https:\/\/shop.bantam.ch\/wp-content\/uploads\/2022\/12\/bantam-logo.png","contentUrl":"https:\/\/shop.bantam.ch\/wp-content\/uploads\/2022\/12\/bantam-logo.png","width":320,"height":71,"caption":"Bantam Wankm\u00fcller SA"},"image":{"@id":"https:\/\/shop.bantam.ch\/fr\/#\/schema\/logo\/image\/"}}]}},"_links":{"self":[{"href":"https:\/\/shop.bantam.ch\/fr\/wp-json\/wp\/v2\/product\/190389","targetHints":{"allow":["GET"]}}],"collection":[{"href":"https:\/\/shop.bantam.ch\/fr\/wp-json\/wp\/v2\/product"}],"about":[{"href":"https:\/\/shop.bantam.ch\/fr\/wp-json\/wp\/v2\/types\/product"}],"wp:featuredmedia":[{"embeddable":true,"href":"https:\/\/shop.bantam.ch\/fr\/wp-json\/wp\/v2\/media\/190387"}],"wp:attachment":[{"href":"https:\/\/shop.bantam.ch\/fr\/wp-json\/wp\/v2\/media?parent=190389"}],"wp:term":[{"taxonomy":"product_featured_cat","embeddable":true,"href":"https:\/\/shop.bantam.ch\/fr\/wp-json\/wp\/v2\/product_featured_cat?post=190389"},{"taxonomy":"product_brand","embeddable":true,"href":"https:\/\/shop.bantam.ch\/fr\/wp-json\/wp\/v2\/product_brand?post=190389"},{"taxonomy":"product_cat","embeddable":true,"href":"https:\/\/shop.bantam.ch\/fr\/wp-json\/wp\/v2\/product_cat?post=190389"},{"taxonomy":"product_tag","embeddable":true,"href":"https:\/\/shop.bantam.ch\/fr\/wp-json\/wp\/v2\/product_tag?post=190389"}],"curies":[{"name":"wp","href":"https:\/\/api.w.org\/{rel}","templated":true}]}}