{"id":190054,"date":"2024-03-08T14:52:56","date_gmt":"2024-03-08T13:52:56","guid":{"rendered":"https:\/\/shop.bantam.ch\/produit\/guide-drome-ardeche-petit-fute-2023\/"},"modified":"2026-05-11T22:50:43","modified_gmt":"2026-05-11T20:50:43","slug":"guide-drome-ardeche-petit-fute-2023","status":"publish","type":"product","link":"https:\/\/shop.bantam.ch\/fr\/produit\/guide-drome-ardeche-petit-fute-2023\/","title":{"rendered":"Guide Dr\u00f4me-Ard\u00e8che Petit Fut\u00e9 2024"},"content":{"rendered":"<p>Des montagnes enneig\u00e9es du Vercors aux plaines du Rh\u00f4ne, des collines du Facteur Cheval aux champs de lavande et aux moulins \u00e0 huile de la Provence, la Dr\u00f4me nous fait go\u00fbter \u00e0 tous les plaisirs. Amoureux de nature, de grands espaces, de patrimoine, de sports d&rsquo;eau vive ou d&rsquo;authenticit\u00e9, tout en Ard\u00e8che pousse \u00e0 prendre son temps&#8230; et \u00e0 profiter pleinement du temps tant attendu des loisirs et des vacances.<\/p>\n","protected":false},"excerpt":{"rendered":"<p>Des montagnes enneig\u00e9es du Vercors aux plaines du Rh\u00f4ne, des collines du Facteur Cheval aux champs de lavande et aux moulins \u00e0 huile de la Provence, la Dr\u00f4me nous fait go\u00fbter \u00e0 tous les plaisirs. Amoureux de nature, de grands espaces, de patrimoine, de sports d&rsquo;eau vive ou d&rsquo;authenticit\u00e9, tout en Ard\u00e8che pousse \u00e0 prendre [&hellip;]<\/p>\n","protected":false},"featured_media":190052,"template":"","meta":{"_acf_changed":false},"product_featured_cat":[],"product_brand":[3740],"product_cat":[4351],"product_tag":[],"class_list":{"0":"post-190054","1":"product","2":"type-product","3":"status-publish","4":"has-post-thumbnail","6":"product_brand-bantam","7":"product_cat-guides-de-voyage","9":"first","10":"instock","11":"taxable","12":"shipping-taxable","13":"purchasable","14":"product-type-simple"},"acf":[],"yoast_head":"<!-- This site is optimized with the Yoast SEO plugin v27.5 - https:\/\/yoast.com\/product\/yoast-seo-wordpress\/ -->\n<title>Guide Dr\u00f4me-Ard\u00e8che Petit Fut\u00e9 2024 - Bantam<\/title>\n<meta name=\"robots\" content=\"index, follow, max-snippet:-1, max-image-preview:large, max-video-preview:-1\" \/>\n<link rel=\"canonical\" href=\"https:\/\/shop.bantam.ch\/fr\/produit\/guide-drome-ardeche-petit-fute-2023\/\" \/>\n<meta property=\"og:locale\" content=\"fr_FR\" \/>\n<meta property=\"og:type\" content=\"article\" \/>\n<meta property=\"og:title\" content=\"Guide Dr\u00f4me-Ard\u00e8che Petit Fut\u00e9 2024 - Bantam\" \/>\n<meta property=\"og:description\" content=\"Des montagnes enneig\u00e9es du Vercors aux plaines du Rh\u00f4ne, des collines du Facteur Cheval aux champs de lavande et aux moulins \u00e0 huile de la Provence, la Dr\u00f4me nous fait go\u00fbter \u00e0 tous les plaisirs. Amoureux de nature, de grands espaces, de patrimoine, de sports d&rsquo;eau vive ou d&rsquo;authenticit\u00e9, tout en Ard\u00e8che pousse \u00e0 prendre [&hellip;]\" \/>\n<meta property=\"og:url\" content=\"https:\/\/shop.bantam.ch\/fr\/produit\/guide-drome-ardeche-petit-fute-2023\/\" \/>\n<meta property=\"og:site_name\" content=\"Bantam\" \/>\n<meta property=\"article:modified_time\" content=\"2026-05-11T20:50:43+00:00\" \/>\n<meta property=\"og:image\" content=\"https:\/\/shop.bantam.ch\/wp-content\/uploads\/2024\/03\/9782305094557_DromeArdeche.jpg\" \/>\n\t<meta property=\"og:image:width\" content=\"936\" \/>\n\t<meta property=\"og:image:height\" content=\"1600\" \/>\n\t<meta property=\"og:image:type\" content=\"image\/jpeg\" \/>\n<meta name=\"twitter:card\" content=\"summary_large_image\" \/>\n<script type=\"application\/ld+json\" class=\"yoast-schema-graph\">{\"@context\":\"https:\\\/\\\/schema.org\",\"@graph\":[{\"@type\":\"WebPage\",\"@id\":\"https:\\\/\\\/shop.bantam.ch\\\/fr\\\/produit\\\/guide-drome-ardeche-petit-fute-2023\\\/\",\"url\":\"https:\\\/\\\/shop.bantam.ch\\\/fr\\\/produit\\\/guide-drome-ardeche-petit-fute-2023\\\/\",\"name\":\"Guide Dr\u00f4me-Ard\u00e8che Petit Fut\u00e9 2024 - Bantam\",\"isPartOf\":{\"@id\":\"https:\\\/\\\/shop.bantam.ch\\\/fr\\\/#website\"},\"primaryImageOfPage\":{\"@id\":\"https:\\\/\\\/shop.bantam.ch\\\/fr\\\/produit\\\/guide-drome-ardeche-petit-fute-2023\\\/#primaryimage\"},\"image\":{\"@id\":\"https:\\\/\\\/shop.bantam.ch\\\/fr\\\/produit\\\/guide-drome-ardeche-petit-fute-2023\\\/#primaryimage\"},\"thumbnailUrl\":\"https:\\\/\\\/shop.bantam.ch\\\/wp-content\\\/uploads\\\/2024\\\/03\\\/9782305094557_DromeArdeche.jpg\",\"datePublished\":\"2024-03-08T13:52:56+00:00\",\"dateModified\":\"2026-05-11T20:50:43+00:00\",\"breadcrumb\":{\"@id\":\"https:\\\/\\\/shop.bantam.ch\\\/fr\\\/produit\\\/guide-drome-ardeche-petit-fute-2023\\\/#breadcrumb\"},\"inLanguage\":\"fr-FR\",\"potentialAction\":[{\"@type\":\"ReadAction\",\"target\":[\"https:\\\/\\\/shop.bantam.ch\\\/fr\\\/produit\\\/guide-drome-ardeche-petit-fute-2023\\\/\"]}]},{\"@type\":\"ImageObject\",\"inLanguage\":\"fr-FR\",\"@id\":\"https:\\\/\\\/shop.bantam.ch\\\/fr\\\/produit\\\/guide-drome-ardeche-petit-fute-2023\\\/#primaryimage\",\"url\":\"https:\\\/\\\/shop.bantam.ch\\\/wp-content\\\/uploads\\\/2024\\\/03\\\/9782305094557_DromeArdeche.jpg\",\"contentUrl\":\"https:\\\/\\\/shop.bantam.ch\\\/wp-content\\\/uploads\\\/2024\\\/03\\\/9782305094557_DromeArdeche.jpg\",\"width\":936,\"height\":1600},{\"@type\":\"BreadcrumbList\",\"@id\":\"https:\\\/\\\/shop.bantam.ch\\\/fr\\\/produit\\\/guide-drome-ardeche-petit-fute-2023\\\/#breadcrumb\",\"itemListElement\":[{\"@type\":\"ListItem\",\"position\":1,\"name\":\"Accueil\",\"item\":\"https:\\\/\\\/shop.bantam.ch\\\/fr\\\/\"},{\"@type\":\"ListItem\",\"position\":2,\"name\":\"Boutique\",\"item\":\"https:\\\/\\\/shop.bantam.ch\\\/fr\\\/boutique\\\/\"},{\"@type\":\"ListItem\",\"position\":3,\"name\":\"Guide Dr\u00f4me-Ard\u00e8che Petit Fut\u00e9 2024\"}]},{\"@type\":\"WebSite\",\"@id\":\"https:\\\/\\\/shop.bantam.ch\\\/fr\\\/#website\",\"url\":\"https:\\\/\\\/shop.bantam.ch\\\/fr\\\/\",\"name\":\"Bantam\",\"description\":\"\",\"publisher\":{\"@id\":\"https:\\\/\\\/shop.bantam.ch\\\/fr\\\/#organization\"},\"inLanguage\":\"fr-FR\"},{\"@type\":\"Organization\",\"@id\":\"https:\\\/\\\/shop.bantam.ch\\\/fr\\\/#organization\",\"name\":\"Bantam\",\"url\":\"https:\\\/\\\/shop.bantam.ch\\\/fr\\\/\",\"logo\":{\"@type\":\"ImageObject\",\"inLanguage\":\"fr-FR\",\"@id\":\"https:\\\/\\\/shop.bantam.ch\\\/fr\\\/#\\\/schema\\\/logo\\\/image\\\/\",\"url\":\"https:\\\/\\\/shop.bantam.ch\\\/wp-content\\\/uploads\\\/2022\\\/12\\\/bantam-logo.png\",\"contentUrl\":\"https:\\\/\\\/shop.bantam.ch\\\/wp-content\\\/uploads\\\/2022\\\/12\\\/bantam-logo.png\",\"width\":320,\"height\":71,\"caption\":\"Bantam\"},\"image\":{\"@id\":\"https:\\\/\\\/shop.bantam.ch\\\/fr\\\/#\\\/schema\\\/logo\\\/image\\\/\"}}]}<\/script>\n<!-- \/ Yoast SEO plugin. -->","yoast_head_json":{"title":"Guide Dr\u00f4me-Ard\u00e8che Petit Fut\u00e9 2024 - Bantam","robots":{"index":"index","follow":"follow","max-snippet":"max-snippet:-1","max-image-preview":"max-image-preview:large","max-video-preview":"max-video-preview:-1"},"canonical":"https:\/\/shop.bantam.ch\/fr\/produit\/guide-drome-ardeche-petit-fute-2023\/","og_locale":"fr_FR","og_type":"article","og_title":"Guide Dr\u00f4me-Ard\u00e8che Petit Fut\u00e9 2024 - Bantam","og_description":"Des montagnes enneig\u00e9es du Vercors aux plaines du Rh\u00f4ne, des collines du Facteur Cheval aux champs de lavande et aux moulins \u00e0 huile de la Provence, la Dr\u00f4me nous fait go\u00fbter \u00e0 tous les plaisirs. Amoureux de nature, de grands espaces, de patrimoine, de sports d&rsquo;eau vive ou d&rsquo;authenticit\u00e9, tout en Ard\u00e8che pousse \u00e0 prendre [&hellip;]","og_url":"https:\/\/shop.bantam.ch\/fr\/produit\/guide-drome-ardeche-petit-fute-2023\/","og_site_name":"Bantam","article_modified_time":"2026-05-11T20:50:43+00:00","og_image":[{"width":936,"height":1600,"url":"https:\/\/shop.bantam.ch\/wp-content\/uploads\/2024\/03\/9782305094557_DromeArdeche.jpg","type":"image\/jpeg"}],"twitter_card":"summary_large_image","schema":{"@context":"https:\/\/schema.org","@graph":[{"@type":"WebPage","@id":"https:\/\/shop.bantam.ch\/fr\/produit\/guide-drome-ardeche-petit-fute-2023\/","url":"https:\/\/shop.bantam.ch\/fr\/produit\/guide-drome-ardeche-petit-fute-2023\/","name":"Guide Dr\u00f4me-Ard\u00e8che Petit Fut\u00e9 2024 - Bantam","isPartOf":{"@id":"https:\/\/shop.bantam.ch\/fr\/#website"},"primaryImageOfPage":{"@id":"https:\/\/shop.bantam.ch\/fr\/produit\/guide-drome-ardeche-petit-fute-2023\/#primaryimage"},"image":{"@id":"https:\/\/shop.bantam.ch\/fr\/produit\/guide-drome-ardeche-petit-fute-2023\/#primaryimage"},"thumbnailUrl":"https:\/\/shop.bantam.ch\/wp-content\/uploads\/2024\/03\/9782305094557_DromeArdeche.jpg","datePublished":"2024-03-08T13:52:56+00:00","dateModified":"2026-05-11T20:50:43+00:00","breadcrumb":{"@id":"https:\/\/shop.bantam.ch\/fr\/produit\/guide-drome-ardeche-petit-fute-2023\/#breadcrumb"},"inLanguage":"fr-FR","potentialAction":[{"@type":"ReadAction","target":["https:\/\/shop.bantam.ch\/fr\/produit\/guide-drome-ardeche-petit-fute-2023\/"]}]},{"@type":"ImageObject","inLanguage":"fr-FR","@id":"https:\/\/shop.bantam.ch\/fr\/produit\/guide-drome-ardeche-petit-fute-2023\/#primaryimage","url":"https:\/\/shop.bantam.ch\/wp-content\/uploads\/2024\/03\/9782305094557_DromeArdeche.jpg","contentUrl":"https:\/\/shop.bantam.ch\/wp-content\/uploads\/2024\/03\/9782305094557_DromeArdeche.jpg","width":936,"height":1600},{"@type":"BreadcrumbList","@id":"https:\/\/shop.bantam.ch\/fr\/produit\/guide-drome-ardeche-petit-fute-2023\/#breadcrumb","itemListElement":[{"@type":"ListItem","position":1,"name":"Accueil","item":"https:\/\/shop.bantam.ch\/fr\/"},{"@type":"ListItem","position":2,"name":"Boutique","item":"https:\/\/shop.bantam.ch\/fr\/boutique\/"},{"@type":"ListItem","position":3,"name":"Guide Dr\u00f4me-Ard\u00e8che Petit Fut\u00e9 2024"}]},{"@type":"WebSite","@id":"https:\/\/shop.bantam.ch\/fr\/#website","url":"https:\/\/shop.bantam.ch\/fr\/","name":"Bantam","description":"","publisher":{"@id":"https:\/\/shop.bantam.ch\/fr\/#organization"},"inLanguage":"fr-FR"},{"@type":"Organization","@id":"https:\/\/shop.bantam.ch\/fr\/#organization","name":"Bantam","url":"https:\/\/shop.bantam.ch\/fr\/","logo":{"@type":"ImageObject","inLanguage":"fr-FR","@id":"https:\/\/shop.bantam.ch\/fr\/#\/schema\/logo\/image\/","url":"https:\/\/shop.bantam.ch\/wp-content\/uploads\/2022\/12\/bantam-logo.png","contentUrl":"https:\/\/shop.bantam.ch\/wp-content\/uploads\/2022\/12\/bantam-logo.png","width":320,"height":71,"caption":"Bantam"},"image":{"@id":"https:\/\/shop.bantam.ch\/fr\/#\/schema\/logo\/image\/"}}]}},"_links":{"self":[{"href":"https:\/\/shop.bantam.ch\/fr\/wp-json\/wp\/v2\/product\/190054","targetHints":{"allow":["GET"]}}],"collection":[{"href":"https:\/\/shop.bantam.ch\/fr\/wp-json\/wp\/v2\/product"}],"about":[{"href":"https:\/\/shop.bantam.ch\/fr\/wp-json\/wp\/v2\/types\/product"}],"wp:featuredmedia":[{"embeddable":true,"href":"https:\/\/shop.bantam.ch\/fr\/wp-json\/wp\/v2\/media\/190052"}],"wp:attachment":[{"href":"https:\/\/shop.bantam.ch\/fr\/wp-json\/wp\/v2\/media?parent=190054"}],"wp:term":[{"taxonomy":"product_featured_cat","embeddable":true,"href":"https:\/\/shop.bantam.ch\/fr\/wp-json\/wp\/v2\/product_featured_cat?post=190054"},{"taxonomy":"product_brand","embeddable":true,"href":"https:\/\/shop.bantam.ch\/fr\/wp-json\/wp\/v2\/product_brand?post=190054"},{"taxonomy":"product_cat","embeddable":true,"href":"https:\/\/shop.bantam.ch\/fr\/wp-json\/wp\/v2\/product_cat?post=190054"},{"taxonomy":"product_tag","embeddable":true,"href":"https:\/\/shop.bantam.ch\/fr\/wp-json\/wp\/v2\/product_tag?post=190054"}],"curies":[{"name":"wp","href":"https:\/\/api.w.org\/{rel}","templated":true}]}}