{"id":189886,"date":"2024-03-06T14:12:34","date_gmt":"2024-03-06T13:12:34","guid":{"rendered":"https:\/\/shop.bantam.ch\/produit\/cadac-2-cook-pro-stove\/"},"modified":"2026-04-18T22:56:24","modified_gmt":"2026-04-18T20:56:24","slug":"cadac-2-cook-pro-stove","status":"publish","type":"product","link":"https:\/\/shop.bantam.ch\/fr\/produit\/cadac-2-cook-pro-stove\/","title":{"rendered":"Cadac 2 Cook Pro Stove"},"content":{"rendered":"<p>Le r\u00e9chaud \u00e0 basse pression l\u00e9ger fonctionne avec une bouteille de gaz LP rechargeable (non incluse dans la livraison). Ce r\u00e9chaud est id\u00e9al pour le camping ou le caravaning. Les deux br\u00fbleurs peuvent \u00eatre allum\u00e9s s\u00e9par\u00e9ment, mais n&rsquo;ont pas d&rsquo;allumage pi\u00e9zo. Les supports de casseroles peuvent porter un pot de \u00d8 25 cm et offrent ainsi un moyen facile de faire bouillir l&rsquo;eau ou r\u00e9chauffer une soupe. Livr\u00e9 sans tuyau ni r\u00e9gulateur.<br \/>\nDimensions du colis d&rsquo;articles : 11.43 x 32.51 x 57.4 cm<br \/>\nPoids du colis de l&rsquo;article : 3.94 kg<\/p>\n","protected":false},"excerpt":{"rendered":"<p>Le r\u00e9chaud \u00e0 basse pression l\u00e9ger fonctionne avec une bouteille de gaz LP rechargeable (non incluse dans la livraison). Ce r\u00e9chaud est id\u00e9al pour le camping ou le caravaning. Les deux br\u00fbleurs peuvent \u00eatre allum\u00e9s s\u00e9par\u00e9ment, mais n&rsquo;ont pas d&rsquo;allumage pi\u00e9zo. Les supports de casseroles peuvent porter un pot de \u00d8 25 cm et offrent [&hellip;]<\/p>\n","protected":false},"featured_media":189888,"template":"","meta":{"_acf_changed":false},"product_featured_cat":[],"product_brand":[3668],"product_cat":[4305],"product_tag":[],"class_list":{"0":"post-189886","1":"product","2":"type-product","3":"status-publish","4":"has-post-thumbnail","6":"product_brand-cadac","7":"product_cat-rechauds","9":"first","10":"instock","11":"taxable","12":"shipping-taxable","13":"purchasable","14":"product-type-simple"},"acf":[],"yoast_head":"<!-- This site is optimized with the Yoast SEO plugin v27.4 - https:\/\/yoast.com\/product\/yoast-seo-wordpress\/ -->\n<title>Cadac 2 Cook Pro Stove - Bantam Wankm\u00fcller SA<\/title>\n<meta name=\"robots\" content=\"index, follow, max-snippet:-1, max-image-preview:large, max-video-preview:-1\" \/>\n<link rel=\"canonical\" href=\"https:\/\/shop.bantam.ch\/fr\/produit\/cadac-2-cook-pro-stove\/\" \/>\n<meta property=\"og:locale\" content=\"fr_FR\" \/>\n<meta property=\"og:type\" content=\"article\" \/>\n<meta property=\"og:title\" content=\"Cadac 2 Cook Pro Stove - Bantam Wankm\u00fcller SA\" \/>\n<meta property=\"og:description\" content=\"Le r\u00e9chaud \u00e0 basse pression l\u00e9ger fonctionne avec une bouteille de gaz LP rechargeable (non incluse dans la livraison). Ce r\u00e9chaud est id\u00e9al pour le camping ou le caravaning. Les deux br\u00fbleurs peuvent \u00eatre allum\u00e9s s\u00e9par\u00e9ment, mais n&rsquo;ont pas d&rsquo;allumage pi\u00e9zo. Les supports de casseroles peuvent porter un pot de \u00d8 25 cm et offrent [&hellip;]\" \/>\n<meta property=\"og:url\" content=\"https:\/\/shop.bantam.ch\/fr\/produit\/cadac-2-cook-pro-stove\/\" \/>\n<meta property=\"og:site_name\" content=\"Bantam Wankm\u00fcller SA\" \/>\n<meta property=\"article:modified_time\" content=\"2026-04-18T20:56:24+00:00\" \/>\n<meta property=\"og:image\" content=\"https:\/\/shop.bantam.ch\/wp-content\/uploads\/2024\/03\/2-cook-pro-2-flamm-kocher_grill-30mbar_-2-brenner_CS149249_1.png\" \/>\n\t<meta property=\"og:image:width\" content=\"1600\" \/>\n\t<meta property=\"og:image:height\" content=\"1000\" \/>\n\t<meta property=\"og:image:type\" content=\"image\/png\" \/>\n<meta name=\"twitter:card\" content=\"summary_large_image\" \/>\n<script type=\"application\/ld+json\" class=\"yoast-schema-graph\">{\"@context\":\"https:\\\/\\\/schema.org\",\"@graph\":[{\"@type\":\"WebPage\",\"@id\":\"https:\\\/\\\/shop.bantam.ch\\\/fr\\\/produit\\\/cadac-2-cook-pro-stove\\\/\",\"url\":\"https:\\\/\\\/shop.bantam.ch\\\/fr\\\/produit\\\/cadac-2-cook-pro-stove\\\/\",\"name\":\"Cadac 2 Cook Pro Stove - Bantam Wankm\u00fcller SA\",\"isPartOf\":{\"@id\":\"https:\\\/\\\/shop.bantam.ch\\\/fr\\\/#website\"},\"primaryImageOfPage\":{\"@id\":\"https:\\\/\\\/shop.bantam.ch\\\/fr\\\/produit\\\/cadac-2-cook-pro-stove\\\/#primaryimage\"},\"image\":{\"@id\":\"https:\\\/\\\/shop.bantam.ch\\\/fr\\\/produit\\\/cadac-2-cook-pro-stove\\\/#primaryimage\"},\"thumbnailUrl\":\"https:\\\/\\\/shop.bantam.ch\\\/wp-content\\\/uploads\\\/2024\\\/03\\\/2-cook-pro-2-flamm-kocher_grill-30mbar_-2-brenner_CS149249_1.png\",\"datePublished\":\"2024-03-06T13:12:34+00:00\",\"dateModified\":\"2026-04-18T20:56:24+00:00\",\"breadcrumb\":{\"@id\":\"https:\\\/\\\/shop.bantam.ch\\\/fr\\\/produit\\\/cadac-2-cook-pro-stove\\\/#breadcrumb\"},\"inLanguage\":\"fr-FR\",\"potentialAction\":[{\"@type\":\"ReadAction\",\"target\":[\"https:\\\/\\\/shop.bantam.ch\\\/fr\\\/produit\\\/cadac-2-cook-pro-stove\\\/\"]}]},{\"@type\":\"ImageObject\",\"inLanguage\":\"fr-FR\",\"@id\":\"https:\\\/\\\/shop.bantam.ch\\\/fr\\\/produit\\\/cadac-2-cook-pro-stove\\\/#primaryimage\",\"url\":\"https:\\\/\\\/shop.bantam.ch\\\/wp-content\\\/uploads\\\/2024\\\/03\\\/2-cook-pro-2-flamm-kocher_grill-30mbar_-2-brenner_CS149249_1.png\",\"contentUrl\":\"https:\\\/\\\/shop.bantam.ch\\\/wp-content\\\/uploads\\\/2024\\\/03\\\/2-cook-pro-2-flamm-kocher_grill-30mbar_-2-brenner_CS149249_1.png\",\"width\":1600,\"height\":1000},{\"@type\":\"BreadcrumbList\",\"@id\":\"https:\\\/\\\/shop.bantam.ch\\\/fr\\\/produit\\\/cadac-2-cook-pro-stove\\\/#breadcrumb\",\"itemListElement\":[{\"@type\":\"ListItem\",\"position\":1,\"name\":\"Accueil\",\"item\":\"https:\\\/\\\/shop.bantam.ch\\\/fr\\\/\"},{\"@type\":\"ListItem\",\"position\":2,\"name\":\"Boutique\",\"item\":\"https:\\\/\\\/shop.bantam.ch\\\/fr\\\/boutique\\\/\"},{\"@type\":\"ListItem\",\"position\":3,\"name\":\"Cadac 2 Cook Pro Stove\"}]},{\"@type\":\"WebSite\",\"@id\":\"https:\\\/\\\/shop.bantam.ch\\\/fr\\\/#website\",\"url\":\"https:\\\/\\\/shop.bantam.ch\\\/fr\\\/\",\"name\":\"Bantam Wankm\u00fcller SA\",\"description\":\"\",\"publisher\":{\"@id\":\"https:\\\/\\\/shop.bantam.ch\\\/fr\\\/#organization\"},\"inLanguage\":\"fr-FR\"},{\"@type\":\"Organization\",\"@id\":\"https:\\\/\\\/shop.bantam.ch\\\/fr\\\/#organization\",\"name\":\"Bantam Wankm\u00fcller SA\",\"url\":\"https:\\\/\\\/shop.bantam.ch\\\/fr\\\/\",\"logo\":{\"@type\":\"ImageObject\",\"inLanguage\":\"fr-FR\",\"@id\":\"https:\\\/\\\/shop.bantam.ch\\\/fr\\\/#\\\/schema\\\/logo\\\/image\\\/\",\"url\":\"https:\\\/\\\/shop.bantam.ch\\\/wp-content\\\/uploads\\\/2022\\\/12\\\/bantam-logo.png\",\"contentUrl\":\"https:\\\/\\\/shop.bantam.ch\\\/wp-content\\\/uploads\\\/2022\\\/12\\\/bantam-logo.png\",\"width\":320,\"height\":71,\"caption\":\"Bantam Wankm\u00fcller SA\"},\"image\":{\"@id\":\"https:\\\/\\\/shop.bantam.ch\\\/fr\\\/#\\\/schema\\\/logo\\\/image\\\/\"}}]}<\/script>\n<!-- \/ Yoast SEO plugin. -->","yoast_head_json":{"title":"Cadac 2 Cook Pro Stove - Bantam Wankm\u00fcller SA","robots":{"index":"index","follow":"follow","max-snippet":"max-snippet:-1","max-image-preview":"max-image-preview:large","max-video-preview":"max-video-preview:-1"},"canonical":"https:\/\/shop.bantam.ch\/fr\/produit\/cadac-2-cook-pro-stove\/","og_locale":"fr_FR","og_type":"article","og_title":"Cadac 2 Cook Pro Stove - Bantam Wankm\u00fcller SA","og_description":"Le r\u00e9chaud \u00e0 basse pression l\u00e9ger fonctionne avec une bouteille de gaz LP rechargeable (non incluse dans la livraison). Ce r\u00e9chaud est id\u00e9al pour le camping ou le caravaning. Les deux br\u00fbleurs peuvent \u00eatre allum\u00e9s s\u00e9par\u00e9ment, mais n&rsquo;ont pas d&rsquo;allumage pi\u00e9zo. Les supports de casseroles peuvent porter un pot de \u00d8 25 cm et offrent [&hellip;]","og_url":"https:\/\/shop.bantam.ch\/fr\/produit\/cadac-2-cook-pro-stove\/","og_site_name":"Bantam Wankm\u00fcller SA","article_modified_time":"2026-04-18T20:56:24+00:00","og_image":[{"width":1600,"height":1000,"url":"https:\/\/shop.bantam.ch\/wp-content\/uploads\/2024\/03\/2-cook-pro-2-flamm-kocher_grill-30mbar_-2-brenner_CS149249_1.png","type":"image\/png"}],"twitter_card":"summary_large_image","schema":{"@context":"https:\/\/schema.org","@graph":[{"@type":"WebPage","@id":"https:\/\/shop.bantam.ch\/fr\/produit\/cadac-2-cook-pro-stove\/","url":"https:\/\/shop.bantam.ch\/fr\/produit\/cadac-2-cook-pro-stove\/","name":"Cadac 2 Cook Pro Stove - Bantam Wankm\u00fcller SA","isPartOf":{"@id":"https:\/\/shop.bantam.ch\/fr\/#website"},"primaryImageOfPage":{"@id":"https:\/\/shop.bantam.ch\/fr\/produit\/cadac-2-cook-pro-stove\/#primaryimage"},"image":{"@id":"https:\/\/shop.bantam.ch\/fr\/produit\/cadac-2-cook-pro-stove\/#primaryimage"},"thumbnailUrl":"https:\/\/shop.bantam.ch\/wp-content\/uploads\/2024\/03\/2-cook-pro-2-flamm-kocher_grill-30mbar_-2-brenner_CS149249_1.png","datePublished":"2024-03-06T13:12:34+00:00","dateModified":"2026-04-18T20:56:24+00:00","breadcrumb":{"@id":"https:\/\/shop.bantam.ch\/fr\/produit\/cadac-2-cook-pro-stove\/#breadcrumb"},"inLanguage":"fr-FR","potentialAction":[{"@type":"ReadAction","target":["https:\/\/shop.bantam.ch\/fr\/produit\/cadac-2-cook-pro-stove\/"]}]},{"@type":"ImageObject","inLanguage":"fr-FR","@id":"https:\/\/shop.bantam.ch\/fr\/produit\/cadac-2-cook-pro-stove\/#primaryimage","url":"https:\/\/shop.bantam.ch\/wp-content\/uploads\/2024\/03\/2-cook-pro-2-flamm-kocher_grill-30mbar_-2-brenner_CS149249_1.png","contentUrl":"https:\/\/shop.bantam.ch\/wp-content\/uploads\/2024\/03\/2-cook-pro-2-flamm-kocher_grill-30mbar_-2-brenner_CS149249_1.png","width":1600,"height":1000},{"@type":"BreadcrumbList","@id":"https:\/\/shop.bantam.ch\/fr\/produit\/cadac-2-cook-pro-stove\/#breadcrumb","itemListElement":[{"@type":"ListItem","position":1,"name":"Accueil","item":"https:\/\/shop.bantam.ch\/fr\/"},{"@type":"ListItem","position":2,"name":"Boutique","item":"https:\/\/shop.bantam.ch\/fr\/boutique\/"},{"@type":"ListItem","position":3,"name":"Cadac 2 Cook Pro Stove"}]},{"@type":"WebSite","@id":"https:\/\/shop.bantam.ch\/fr\/#website","url":"https:\/\/shop.bantam.ch\/fr\/","name":"Bantam Wankm\u00fcller SA","description":"","publisher":{"@id":"https:\/\/shop.bantam.ch\/fr\/#organization"},"inLanguage":"fr-FR"},{"@type":"Organization","@id":"https:\/\/shop.bantam.ch\/fr\/#organization","name":"Bantam Wankm\u00fcller SA","url":"https:\/\/shop.bantam.ch\/fr\/","logo":{"@type":"ImageObject","inLanguage":"fr-FR","@id":"https:\/\/shop.bantam.ch\/fr\/#\/schema\/logo\/image\/","url":"https:\/\/shop.bantam.ch\/wp-content\/uploads\/2022\/12\/bantam-logo.png","contentUrl":"https:\/\/shop.bantam.ch\/wp-content\/uploads\/2022\/12\/bantam-logo.png","width":320,"height":71,"caption":"Bantam Wankm\u00fcller SA"},"image":{"@id":"https:\/\/shop.bantam.ch\/fr\/#\/schema\/logo\/image\/"}}]}},"_links":{"self":[{"href":"https:\/\/shop.bantam.ch\/fr\/wp-json\/wp\/v2\/product\/189886","targetHints":{"allow":["GET"]}}],"collection":[{"href":"https:\/\/shop.bantam.ch\/fr\/wp-json\/wp\/v2\/product"}],"about":[{"href":"https:\/\/shop.bantam.ch\/fr\/wp-json\/wp\/v2\/types\/product"}],"wp:featuredmedia":[{"embeddable":true,"href":"https:\/\/shop.bantam.ch\/fr\/wp-json\/wp\/v2\/media\/189888"}],"wp:attachment":[{"href":"https:\/\/shop.bantam.ch\/fr\/wp-json\/wp\/v2\/media?parent=189886"}],"wp:term":[{"taxonomy":"product_featured_cat","embeddable":true,"href":"https:\/\/shop.bantam.ch\/fr\/wp-json\/wp\/v2\/product_featured_cat?post=189886"},{"taxonomy":"product_brand","embeddable":true,"href":"https:\/\/shop.bantam.ch\/fr\/wp-json\/wp\/v2\/product_brand?post=189886"},{"taxonomy":"product_cat","embeddable":true,"href":"https:\/\/shop.bantam.ch\/fr\/wp-json\/wp\/v2\/product_cat?post=189886"},{"taxonomy":"product_tag","embeddable":true,"href":"https:\/\/shop.bantam.ch\/fr\/wp-json\/wp\/v2\/product_tag?post=189886"}],"curies":[{"name":"wp","href":"https:\/\/api.w.org\/{rel}","templated":true}]}}