{"id":189879,"date":"2023-03-06T13:45:46","date_gmt":"2023-03-06T12:45:46","guid":{"rendered":"https:\/\/shop.bantam.ch\/produit\/cadac-grillo-chef-40-bbq-dome-30-mbar\/"},"modified":"2026-04-18T22:56:23","modified_gmt":"2026-04-18T20:56:23","slug":"cadac-grillo-chef-40-bbq-dome-30-mbar","status":"publish","type":"product","link":"https:\/\/shop.bantam.ch\/fr\/produit\/cadac-grillo-chef-40-bbq-dome-30-mbar\/","title":{"rendered":"Cadac, Grillo Chef 40 BBQ \/ Dome \/ 30 mbar"},"content":{"rendered":"<p>Le Grillo Chef 2 robuste, compact et portable avec grille de cuisson de \u00f8 38 cm \u00e0 rev\u00eatement c\u00e9ramique GreenGrill est id\u00e9al pour griller de la viande, du poisson, de la volaille et des l\u00e9gumes. Le d\u00e9flecteur situ\u00e9 \u00e0 l&rsquo;arri\u00e8re de la grille r\u00e9partit la chaleur de mani\u00e8re id\u00e9ale.<\/p>\n<p>Syst\u00e8me de br\u00fbleur : br\u00fbleur en aluminium \u00f8 9,5 cm \u00e0 puissance variable.<\/p>\n<p>Contenu de la livraison : grille GreenGrill, l\u00e8chefrite Easy Clean, couvercle avec thermom\u00e8tre, support de casserole chrom\u00e9 et sac d&#8217;emballage.<\/p>\n<p>Caract\u00e9ristiques:<br \/>\nCouleur noir<br \/>\nPression de service 30 mbar<br \/>\nConsommation de gaz 218 g\/h<br \/>\nPuissance nominale 3 kW<br \/>\nFusible d&rsquo;allumage Non<br \/>\nLargeur 65,4 cm<br \/>\nHauteur 88,5 cm Profondeur<br \/>\n65,4 cm<br \/>\nPoids net 7,6 kg<br \/>\nDimensions du colis 57,3 x 42,2 x 22 cm<\/p>\n","protected":false},"excerpt":{"rendered":"<p>Le Grillo Chef 2 robuste, compact et portable avec grille de cuisson de \u00f8 38 cm \u00e0 rev\u00eatement c\u00e9ramique GreenGrill est id\u00e9al pour griller de la viande, du poisson, de la volaille et des l\u00e9gumes. Le d\u00e9flecteur situ\u00e9 \u00e0 l&rsquo;arri\u00e8re de la grille r\u00e9partit la chaleur de mani\u00e8re id\u00e9ale. Syst\u00e8me de br\u00fbleur : br\u00fbleur en [&hellip;]<\/p>\n","protected":false},"featured_media":189875,"template":"","meta":{"_acf_changed":false},"product_featured_cat":[],"product_brand":[3668],"product_cat":[4279],"product_tag":[],"class_list":{"0":"post-189879","1":"product","2":"type-product","3":"status-publish","4":"has-post-thumbnail","6":"product_brand-cadac","7":"product_cat-barbecues-a-gaz","9":"first","10":"instock","11":"taxable","12":"shipping-taxable","13":"purchasable","14":"product-type-simple"},"acf":[],"yoast_head":"<!-- This site is optimized with the Yoast SEO plugin v27.4 - https:\/\/yoast.com\/product\/yoast-seo-wordpress\/ -->\n<title>Cadac, Grillo Chef 40 BBQ \/ Dome \/ 30 mbar - Bantam Wankm\u00fcller SA<\/title>\n<meta name=\"robots\" content=\"index, follow, max-snippet:-1, max-image-preview:large, max-video-preview:-1\" \/>\n<link rel=\"canonical\" href=\"https:\/\/shop.bantam.ch\/fr\/produit\/cadac-grillo-chef-40-bbq-dome-30-mbar\/\" \/>\n<meta property=\"og:locale\" content=\"fr_FR\" \/>\n<meta property=\"og:type\" content=\"article\" \/>\n<meta property=\"og:title\" content=\"Cadac, Grillo Chef 40 BBQ \/ Dome \/ 30 mbar - Bantam Wankm\u00fcller SA\" \/>\n<meta property=\"og:description\" content=\"Le Grillo Chef 2 robuste, compact et portable avec grille de cuisson de \u00f8 38 cm \u00e0 rev\u00eatement c\u00e9ramique GreenGrill est id\u00e9al pour griller de la viande, du poisson, de la volaille et des l\u00e9gumes. Le d\u00e9flecteur situ\u00e9 \u00e0 l&rsquo;arri\u00e8re de la grille r\u00e9partit la chaleur de mani\u00e8re id\u00e9ale. Syst\u00e8me de br\u00fbleur : br\u00fbleur en [&hellip;]\" \/>\n<meta property=\"og:url\" content=\"https:\/\/shop.bantam.ch\/fr\/produit\/cadac-grillo-chef-40-bbq-dome-30-mbar\/\" \/>\n<meta property=\"og:site_name\" content=\"Bantam Wankm\u00fcller SA\" \/>\n<meta property=\"article:modified_time\" content=\"2026-04-18T20:56:23+00:00\" \/>\n<meta property=\"og:image\" content=\"https:\/\/shop.bantam.ch\/wp-content\/uploads\/2024\/03\/350603.png\" \/>\n\t<meta property=\"og:image:width\" content=\"400\" \/>\n\t<meta property=\"og:image:height\" content=\"433\" \/>\n\t<meta property=\"og:image:type\" content=\"image\/png\" \/>\n<meta name=\"twitter:card\" content=\"summary_large_image\" \/>\n<meta name=\"twitter:label1\" content=\"Dur\u00e9e de lecture estim\u00e9e\" \/>\n\t<meta name=\"twitter:data1\" content=\"1 minute\" \/>\n<script type=\"application\/ld+json\" class=\"yoast-schema-graph\">{\"@context\":\"https:\\\/\\\/schema.org\",\"@graph\":[{\"@type\":\"WebPage\",\"@id\":\"https:\\\/\\\/shop.bantam.ch\\\/fr\\\/produit\\\/cadac-grillo-chef-40-bbq-dome-30-mbar\\\/\",\"url\":\"https:\\\/\\\/shop.bantam.ch\\\/fr\\\/produit\\\/cadac-grillo-chef-40-bbq-dome-30-mbar\\\/\",\"name\":\"Cadac, Grillo Chef 40 BBQ \\\/ Dome \\\/ 30 mbar - Bantam Wankm\u00fcller SA\",\"isPartOf\":{\"@id\":\"https:\\\/\\\/shop.bantam.ch\\\/fr\\\/#website\"},\"primaryImageOfPage\":{\"@id\":\"https:\\\/\\\/shop.bantam.ch\\\/fr\\\/produit\\\/cadac-grillo-chef-40-bbq-dome-30-mbar\\\/#primaryimage\"},\"image\":{\"@id\":\"https:\\\/\\\/shop.bantam.ch\\\/fr\\\/produit\\\/cadac-grillo-chef-40-bbq-dome-30-mbar\\\/#primaryimage\"},\"thumbnailUrl\":\"https:\\\/\\\/shop.bantam.ch\\\/wp-content\\\/uploads\\\/2024\\\/03\\\/350603.png\",\"datePublished\":\"2023-03-06T12:45:46+00:00\",\"dateModified\":\"2026-04-18T20:56:23+00:00\",\"breadcrumb\":{\"@id\":\"https:\\\/\\\/shop.bantam.ch\\\/fr\\\/produit\\\/cadac-grillo-chef-40-bbq-dome-30-mbar\\\/#breadcrumb\"},\"inLanguage\":\"fr-FR\",\"potentialAction\":[{\"@type\":\"ReadAction\",\"target\":[\"https:\\\/\\\/shop.bantam.ch\\\/fr\\\/produit\\\/cadac-grillo-chef-40-bbq-dome-30-mbar\\\/\"]}]},{\"@type\":\"ImageObject\",\"inLanguage\":\"fr-FR\",\"@id\":\"https:\\\/\\\/shop.bantam.ch\\\/fr\\\/produit\\\/cadac-grillo-chef-40-bbq-dome-30-mbar\\\/#primaryimage\",\"url\":\"https:\\\/\\\/shop.bantam.ch\\\/wp-content\\\/uploads\\\/2024\\\/03\\\/350603.png\",\"contentUrl\":\"https:\\\/\\\/shop.bantam.ch\\\/wp-content\\\/uploads\\\/2024\\\/03\\\/350603.png\",\"width\":400,\"height\":433},{\"@type\":\"BreadcrumbList\",\"@id\":\"https:\\\/\\\/shop.bantam.ch\\\/fr\\\/produit\\\/cadac-grillo-chef-40-bbq-dome-30-mbar\\\/#breadcrumb\",\"itemListElement\":[{\"@type\":\"ListItem\",\"position\":1,\"name\":\"Accueil\",\"item\":\"https:\\\/\\\/shop.bantam.ch\\\/fr\\\/\"},{\"@type\":\"ListItem\",\"position\":2,\"name\":\"Boutique\",\"item\":\"https:\\\/\\\/shop.bantam.ch\\\/fr\\\/boutique\\\/\"},{\"@type\":\"ListItem\",\"position\":3,\"name\":\"Cadac, Grillo Chef 40 BBQ \\\/ Dome \\\/ 30 mbar\"}]},{\"@type\":\"WebSite\",\"@id\":\"https:\\\/\\\/shop.bantam.ch\\\/fr\\\/#website\",\"url\":\"https:\\\/\\\/shop.bantam.ch\\\/fr\\\/\",\"name\":\"Bantam Wankm\u00fcller SA\",\"description\":\"\",\"publisher\":{\"@id\":\"https:\\\/\\\/shop.bantam.ch\\\/fr\\\/#organization\"},\"inLanguage\":\"fr-FR\"},{\"@type\":\"Organization\",\"@id\":\"https:\\\/\\\/shop.bantam.ch\\\/fr\\\/#organization\",\"name\":\"Bantam Wankm\u00fcller SA\",\"url\":\"https:\\\/\\\/shop.bantam.ch\\\/fr\\\/\",\"logo\":{\"@type\":\"ImageObject\",\"inLanguage\":\"fr-FR\",\"@id\":\"https:\\\/\\\/shop.bantam.ch\\\/fr\\\/#\\\/schema\\\/logo\\\/image\\\/\",\"url\":\"https:\\\/\\\/shop.bantam.ch\\\/wp-content\\\/uploads\\\/2022\\\/12\\\/bantam-logo.png\",\"contentUrl\":\"https:\\\/\\\/shop.bantam.ch\\\/wp-content\\\/uploads\\\/2022\\\/12\\\/bantam-logo.png\",\"width\":320,\"height\":71,\"caption\":\"Bantam Wankm\u00fcller SA\"},\"image\":{\"@id\":\"https:\\\/\\\/shop.bantam.ch\\\/fr\\\/#\\\/schema\\\/logo\\\/image\\\/\"}}]}<\/script>\n<!-- \/ Yoast SEO plugin. -->","yoast_head_json":{"title":"Cadac, Grillo Chef 40 BBQ \/ Dome \/ 30 mbar - Bantam Wankm\u00fcller SA","robots":{"index":"index","follow":"follow","max-snippet":"max-snippet:-1","max-image-preview":"max-image-preview:large","max-video-preview":"max-video-preview:-1"},"canonical":"https:\/\/shop.bantam.ch\/fr\/produit\/cadac-grillo-chef-40-bbq-dome-30-mbar\/","og_locale":"fr_FR","og_type":"article","og_title":"Cadac, Grillo Chef 40 BBQ \/ Dome \/ 30 mbar - Bantam Wankm\u00fcller SA","og_description":"Le Grillo Chef 2 robuste, compact et portable avec grille de cuisson de \u00f8 38 cm \u00e0 rev\u00eatement c\u00e9ramique GreenGrill est id\u00e9al pour griller de la viande, du poisson, de la volaille et des l\u00e9gumes. Le d\u00e9flecteur situ\u00e9 \u00e0 l&rsquo;arri\u00e8re de la grille r\u00e9partit la chaleur de mani\u00e8re id\u00e9ale. Syst\u00e8me de br\u00fbleur : br\u00fbleur en [&hellip;]","og_url":"https:\/\/shop.bantam.ch\/fr\/produit\/cadac-grillo-chef-40-bbq-dome-30-mbar\/","og_site_name":"Bantam Wankm\u00fcller SA","article_modified_time":"2026-04-18T20:56:23+00:00","og_image":[{"width":400,"height":433,"url":"https:\/\/shop.bantam.ch\/wp-content\/uploads\/2024\/03\/350603.png","type":"image\/png"}],"twitter_card":"summary_large_image","twitter_misc":{"Dur\u00e9e de lecture estim\u00e9e":"1 minute"},"schema":{"@context":"https:\/\/schema.org","@graph":[{"@type":"WebPage","@id":"https:\/\/shop.bantam.ch\/fr\/produit\/cadac-grillo-chef-40-bbq-dome-30-mbar\/","url":"https:\/\/shop.bantam.ch\/fr\/produit\/cadac-grillo-chef-40-bbq-dome-30-mbar\/","name":"Cadac, Grillo Chef 40 BBQ \/ Dome \/ 30 mbar - Bantam Wankm\u00fcller SA","isPartOf":{"@id":"https:\/\/shop.bantam.ch\/fr\/#website"},"primaryImageOfPage":{"@id":"https:\/\/shop.bantam.ch\/fr\/produit\/cadac-grillo-chef-40-bbq-dome-30-mbar\/#primaryimage"},"image":{"@id":"https:\/\/shop.bantam.ch\/fr\/produit\/cadac-grillo-chef-40-bbq-dome-30-mbar\/#primaryimage"},"thumbnailUrl":"https:\/\/shop.bantam.ch\/wp-content\/uploads\/2024\/03\/350603.png","datePublished":"2023-03-06T12:45:46+00:00","dateModified":"2026-04-18T20:56:23+00:00","breadcrumb":{"@id":"https:\/\/shop.bantam.ch\/fr\/produit\/cadac-grillo-chef-40-bbq-dome-30-mbar\/#breadcrumb"},"inLanguage":"fr-FR","potentialAction":[{"@type":"ReadAction","target":["https:\/\/shop.bantam.ch\/fr\/produit\/cadac-grillo-chef-40-bbq-dome-30-mbar\/"]}]},{"@type":"ImageObject","inLanguage":"fr-FR","@id":"https:\/\/shop.bantam.ch\/fr\/produit\/cadac-grillo-chef-40-bbq-dome-30-mbar\/#primaryimage","url":"https:\/\/shop.bantam.ch\/wp-content\/uploads\/2024\/03\/350603.png","contentUrl":"https:\/\/shop.bantam.ch\/wp-content\/uploads\/2024\/03\/350603.png","width":400,"height":433},{"@type":"BreadcrumbList","@id":"https:\/\/shop.bantam.ch\/fr\/produit\/cadac-grillo-chef-40-bbq-dome-30-mbar\/#breadcrumb","itemListElement":[{"@type":"ListItem","position":1,"name":"Accueil","item":"https:\/\/shop.bantam.ch\/fr\/"},{"@type":"ListItem","position":2,"name":"Boutique","item":"https:\/\/shop.bantam.ch\/fr\/boutique\/"},{"@type":"ListItem","position":3,"name":"Cadac, Grillo Chef 40 BBQ \/ Dome \/ 30 mbar"}]},{"@type":"WebSite","@id":"https:\/\/shop.bantam.ch\/fr\/#website","url":"https:\/\/shop.bantam.ch\/fr\/","name":"Bantam Wankm\u00fcller SA","description":"","publisher":{"@id":"https:\/\/shop.bantam.ch\/fr\/#organization"},"inLanguage":"fr-FR"},{"@type":"Organization","@id":"https:\/\/shop.bantam.ch\/fr\/#organization","name":"Bantam Wankm\u00fcller SA","url":"https:\/\/shop.bantam.ch\/fr\/","logo":{"@type":"ImageObject","inLanguage":"fr-FR","@id":"https:\/\/shop.bantam.ch\/fr\/#\/schema\/logo\/image\/","url":"https:\/\/shop.bantam.ch\/wp-content\/uploads\/2022\/12\/bantam-logo.png","contentUrl":"https:\/\/shop.bantam.ch\/wp-content\/uploads\/2022\/12\/bantam-logo.png","width":320,"height":71,"caption":"Bantam Wankm\u00fcller SA"},"image":{"@id":"https:\/\/shop.bantam.ch\/fr\/#\/schema\/logo\/image\/"}}]}},"_links":{"self":[{"href":"https:\/\/shop.bantam.ch\/fr\/wp-json\/wp\/v2\/product\/189879","targetHints":{"allow":["GET"]}}],"collection":[{"href":"https:\/\/shop.bantam.ch\/fr\/wp-json\/wp\/v2\/product"}],"about":[{"href":"https:\/\/shop.bantam.ch\/fr\/wp-json\/wp\/v2\/types\/product"}],"wp:featuredmedia":[{"embeddable":true,"href":"https:\/\/shop.bantam.ch\/fr\/wp-json\/wp\/v2\/media\/189875"}],"wp:attachment":[{"href":"https:\/\/shop.bantam.ch\/fr\/wp-json\/wp\/v2\/media?parent=189879"}],"wp:term":[{"taxonomy":"product_featured_cat","embeddable":true,"href":"https:\/\/shop.bantam.ch\/fr\/wp-json\/wp\/v2\/product_featured_cat?post=189879"},{"taxonomy":"product_brand","embeddable":true,"href":"https:\/\/shop.bantam.ch\/fr\/wp-json\/wp\/v2\/product_brand?post=189879"},{"taxonomy":"product_cat","embeddable":true,"href":"https:\/\/shop.bantam.ch\/fr\/wp-json\/wp\/v2\/product_cat?post=189879"},{"taxonomy":"product_tag","embeddable":true,"href":"https:\/\/shop.bantam.ch\/fr\/wp-json\/wp\/v2\/product_tag?post=189879"}],"curies":[{"name":"wp","href":"https:\/\/api.w.org\/{rel}","templated":true}]}}