{"id":189755,"date":"2023-02-27T16:06:13","date_gmt":"2023-02-27T15:06:13","guid":{"rendered":"https:\/\/shop.bantam.ch\/produit\/climatisation-truma-aventa-compact-plus-unite-exterieure-noir-distr-dair-tele-gris-basalte\/"},"modified":"2026-04-19T22:58:46","modified_gmt":"2026-04-19T20:58:46","slug":"climatisation-truma-aventa-compact-plus-unite-exterieure-noir-distr-dair-tele-gris-basalte","status":"publish","type":"product","link":"https:\/\/shop.bantam.ch\/fr\/produit\/climatisation-truma-aventa-compact-plus-unite-exterieure-noir-distr-dair-tele-gris-basalte\/","title":{"rendered":"Climatisation Truma Aventa compact plus Unit\u00e9 ext\u00e9rieure, noir Distr d\u2019air, t\u00e9l\u00e9-gris basalte"},"content":{"rendered":"<p>Le mod\u00e8le compact Aventa est dimensionn\u00e9 pour s&rsquo;adapter \u00e0 n&rsquo;importe quel toit de v\u00e9hicule. En m\u00eame temps, c&rsquo;est le climatiseur de toit le plus l\u00e9ger et le plus silencieux sur le march\u00e9. Une excellente puissance de refroidissement va sans dire.<\/p>\n<p>Pratique : montage simple et rapide de l&rsquo;installation de climatisation par les cadres de montage universels<br \/>\nSouple : Gamme modulaire de produits Aventa adapt\u00e9e \u00e0 tous les v\u00e9hicules : de la fourgonnette au camping-car liner<br \/>\nApprouv\u00e9 : L&rsquo;obligation de garantie vous donne droit \u00e0 un appareil neuf.<br \/>\nUtilisation connect\u00e9e : Int\u00e9gration facile dans le syst\u00e8me Truma iNet<\/p>\n<p>L&rsquo;air froid circule dans tout l&rsquo;int\u00e9rieur via le petit diffuseur d&rsquo;air. Les quatre diffuseurs peuvent \u00eatre r\u00e9gl\u00e9s individuellement et r\u00e9partir le flux d&rsquo;air de mani\u00e8re homog\u00e8ne et sans courants d&rsquo;air dans le v\u00e9hicule.<br \/>\nAucun espace lat\u00e9ral ne doit \u00eatre pris en compte pour le petit diffuseur d&rsquo;air Cet \u00e9tat de fait et les dimensions compactes permettent des options de conception beaucoup plus souples dans la construction de meubles. Il faut veiller \u00e0 ce qu&rsquo;il n&rsquo;y ait pas d&rsquo;obstacle \u00e0 l&rsquo;\u00e9vacuation de l&rsquo;air devant et derri\u00e8re les diffuseurs d&rsquo;air.<\/p>\n<p>Dimensions ext\u00e9rieures : 560 x 265 x 785 mm (l x h x p)<br \/>\nDimensions int\u00e9rieures : 496 x 46 x 556 mm (l x h x p)<br \/>\nD\u00e9coupe de toit : 380 x 350 mm et 400 x 400 mm (l x p)<br \/>\n\u00c9paisseur de toit : 25 &#8211; 50 mm (avec adaptateur d\u2019\u00e9paisseur de toit jusqu\u2019\u00e0 110 mm)<br \/>\nPerformance de refroidissement : 1700 W\/5800 BTU\/h<br \/>\nPuissance absorb\u00e9e : 650 W<br \/>\nConsommation de courant en mode refroidissement : 4,4 A<\/p>\n","protected":false},"excerpt":{"rendered":"<p>Le mod\u00e8le compact Aventa est dimensionn\u00e9 pour s&rsquo;adapter \u00e0 n&rsquo;importe quel toit de v\u00e9hicule. En m\u00eame temps, c&rsquo;est le climatiseur de toit le plus l\u00e9ger et le plus silencieux sur le march\u00e9. Une excellente puissance de refroidissement va sans dire. Pratique : montage simple et rapide de l&rsquo;installation de climatisation par les cadres de montage [&hellip;]<\/p>\n","protected":false},"featured_media":207216,"template":"","meta":{"_acf_changed":false},"product_featured_cat":[],"product_brand":[3026],"product_cat":[4089],"product_tag":[],"class_list":{"0":"post-189755","1":"product","2":"type-product","3":"status-publish","4":"has-post-thumbnail","6":"product_brand-truma","7":"product_cat-climatisations","9":"first","10":"instock","11":"taxable","12":"shipping-taxable","13":"purchasable","14":"product-type-simple"},"acf":[],"yoast_head":"<!-- This site is optimized with the Yoast SEO plugin v27.4 - https:\/\/yoast.com\/product\/yoast-seo-wordpress\/ -->\n<title>Climatisation Truma Aventa compact plus Unit\u00e9 ext\u00e9rieure, noir Distr d\u2019air, t\u00e9l\u00e9-gris basalte - Bantam Wankm\u00fcller SA<\/title>\n<meta name=\"robots\" content=\"index, follow, max-snippet:-1, max-image-preview:large, max-video-preview:-1\" \/>\n<link rel=\"canonical\" href=\"https:\/\/shop.bantam.ch\/fr\/produit\/climatisation-truma-aventa-compact-plus-unite-exterieure-noir-distr-dair-tele-gris-basalte\/\" \/>\n<meta property=\"og:locale\" content=\"fr_FR\" \/>\n<meta property=\"og:type\" content=\"article\" \/>\n<meta property=\"og:title\" content=\"Climatisation Truma Aventa compact plus Unit\u00e9 ext\u00e9rieure, noir Distr d\u2019air, t\u00e9l\u00e9-gris basalte - Bantam Wankm\u00fcller SA\" \/>\n<meta property=\"og:description\" content=\"Le mod\u00e8le compact Aventa est dimensionn\u00e9 pour s&rsquo;adapter \u00e0 n&rsquo;importe quel toit de v\u00e9hicule. En m\u00eame temps, c&rsquo;est le climatiseur de toit le plus l\u00e9ger et le plus silencieux sur le march\u00e9. Une excellente puissance de refroidissement va sans dire. Pratique : montage simple et rapide de l&rsquo;installation de climatisation par les cadres de montage [&hellip;]\" \/>\n<meta property=\"og:url\" content=\"https:\/\/shop.bantam.ch\/fr\/produit\/climatisation-truma-aventa-compact-plus-unite-exterieure-noir-distr-dair-tele-gris-basalte\/\" \/>\n<meta property=\"og:site_name\" content=\"Bantam Wankm\u00fcller SA\" \/>\n<meta property=\"article:modified_time\" content=\"2026-04-19T20:58:46+00:00\" \/>\n<meta property=\"og:image\" content=\"https:\/\/shop.bantam.ch\/wp-content\/uploads\/2024\/02\/Movera-L-9963347100.jpg\" \/>\n\t<meta property=\"og:image:width\" content=\"640\" \/>\n\t<meta property=\"og:image:height\" content=\"475\" \/>\n\t<meta property=\"og:image:type\" content=\"image\/jpeg\" \/>\n<meta name=\"twitter:card\" content=\"summary_large_image\" \/>\n<meta name=\"twitter:label1\" content=\"Dur\u00e9e de lecture estim\u00e9e\" \/>\n\t<meta name=\"twitter:data1\" content=\"1 minute\" \/>\n<script type=\"application\/ld+json\" class=\"yoast-schema-graph\">{\"@context\":\"https:\\\/\\\/schema.org\",\"@graph\":[{\"@type\":\"WebPage\",\"@id\":\"https:\\\/\\\/shop.bantam.ch\\\/fr\\\/produit\\\/climatisation-truma-aventa-compact-plus-unite-exterieure-noir-distr-dair-tele-gris-basalte\\\/\",\"url\":\"https:\\\/\\\/shop.bantam.ch\\\/fr\\\/produit\\\/climatisation-truma-aventa-compact-plus-unite-exterieure-noir-distr-dair-tele-gris-basalte\\\/\",\"name\":\"Climatisation Truma Aventa compact plus Unit\u00e9 ext\u00e9rieure, noir Distr d\u2019air, t\u00e9l\u00e9-gris basalte - Bantam Wankm\u00fcller SA\",\"isPartOf\":{\"@id\":\"https:\\\/\\\/shop.bantam.ch\\\/fr\\\/#website\"},\"primaryImageOfPage\":{\"@id\":\"https:\\\/\\\/shop.bantam.ch\\\/fr\\\/produit\\\/climatisation-truma-aventa-compact-plus-unite-exterieure-noir-distr-dair-tele-gris-basalte\\\/#primaryimage\"},\"image\":{\"@id\":\"https:\\\/\\\/shop.bantam.ch\\\/fr\\\/produit\\\/climatisation-truma-aventa-compact-plus-unite-exterieure-noir-distr-dair-tele-gris-basalte\\\/#primaryimage\"},\"thumbnailUrl\":\"https:\\\/\\\/shop.bantam.ch\\\/wp-content\\\/uploads\\\/2024\\\/09\\\/Movera-L-9963347100.jpg\",\"datePublished\":\"2023-02-27T15:06:13+00:00\",\"dateModified\":\"2026-04-19T20:58:46+00:00\",\"breadcrumb\":{\"@id\":\"https:\\\/\\\/shop.bantam.ch\\\/fr\\\/produit\\\/climatisation-truma-aventa-compact-plus-unite-exterieure-noir-distr-dair-tele-gris-basalte\\\/#breadcrumb\"},\"inLanguage\":\"fr-FR\",\"potentialAction\":[{\"@type\":\"ReadAction\",\"target\":[\"https:\\\/\\\/shop.bantam.ch\\\/fr\\\/produit\\\/climatisation-truma-aventa-compact-plus-unite-exterieure-noir-distr-dair-tele-gris-basalte\\\/\"]}]},{\"@type\":\"ImageObject\",\"inLanguage\":\"fr-FR\",\"@id\":\"https:\\\/\\\/shop.bantam.ch\\\/fr\\\/produit\\\/climatisation-truma-aventa-compact-plus-unite-exterieure-noir-distr-dair-tele-gris-basalte\\\/#primaryimage\",\"url\":\"https:\\\/\\\/shop.bantam.ch\\\/wp-content\\\/uploads\\\/2024\\\/09\\\/Movera-L-9963347100.jpg\",\"contentUrl\":\"https:\\\/\\\/shop.bantam.ch\\\/wp-content\\\/uploads\\\/2024\\\/09\\\/Movera-L-9963347100.jpg\",\"width\":640,\"height\":475},{\"@type\":\"BreadcrumbList\",\"@id\":\"https:\\\/\\\/shop.bantam.ch\\\/fr\\\/produit\\\/climatisation-truma-aventa-compact-plus-unite-exterieure-noir-distr-dair-tele-gris-basalte\\\/#breadcrumb\",\"itemListElement\":[{\"@type\":\"ListItem\",\"position\":1,\"name\":\"Accueil\",\"item\":\"https:\\\/\\\/shop.bantam.ch\\\/fr\\\/\"},{\"@type\":\"ListItem\",\"position\":2,\"name\":\"Boutique\",\"item\":\"https:\\\/\\\/shop.bantam.ch\\\/fr\\\/boutique\\\/\"},{\"@type\":\"ListItem\",\"position\":3,\"name\":\"Climatisation Truma Aventa compact plus Unit\u00e9 ext\u00e9rieure, noir Distr d\u2019air, t\u00e9l\u00e9-gris basalte\"}]},{\"@type\":\"WebSite\",\"@id\":\"https:\\\/\\\/shop.bantam.ch\\\/fr\\\/#website\",\"url\":\"https:\\\/\\\/shop.bantam.ch\\\/fr\\\/\",\"name\":\"Bantam Wankm\u00fcller SA\",\"description\":\"\",\"publisher\":{\"@id\":\"https:\\\/\\\/shop.bantam.ch\\\/fr\\\/#organization\"},\"inLanguage\":\"fr-FR\"},{\"@type\":\"Organization\",\"@id\":\"https:\\\/\\\/shop.bantam.ch\\\/fr\\\/#organization\",\"name\":\"Bantam Wankm\u00fcller SA\",\"url\":\"https:\\\/\\\/shop.bantam.ch\\\/fr\\\/\",\"logo\":{\"@type\":\"ImageObject\",\"inLanguage\":\"fr-FR\",\"@id\":\"https:\\\/\\\/shop.bantam.ch\\\/fr\\\/#\\\/schema\\\/logo\\\/image\\\/\",\"url\":\"https:\\\/\\\/shop.bantam.ch\\\/wp-content\\\/uploads\\\/2022\\\/12\\\/bantam-logo.png\",\"contentUrl\":\"https:\\\/\\\/shop.bantam.ch\\\/wp-content\\\/uploads\\\/2022\\\/12\\\/bantam-logo.png\",\"width\":320,\"height\":71,\"caption\":\"Bantam Wankm\u00fcller SA\"},\"image\":{\"@id\":\"https:\\\/\\\/shop.bantam.ch\\\/fr\\\/#\\\/schema\\\/logo\\\/image\\\/\"}}]}<\/script>\n<!-- \/ Yoast SEO plugin. -->","yoast_head_json":{"title":"Climatisation Truma Aventa compact plus Unit\u00e9 ext\u00e9rieure, noir Distr d\u2019air, t\u00e9l\u00e9-gris basalte - Bantam Wankm\u00fcller SA","robots":{"index":"index","follow":"follow","max-snippet":"max-snippet:-1","max-image-preview":"max-image-preview:large","max-video-preview":"max-video-preview:-1"},"canonical":"https:\/\/shop.bantam.ch\/fr\/produit\/climatisation-truma-aventa-compact-plus-unite-exterieure-noir-distr-dair-tele-gris-basalte\/","og_locale":"fr_FR","og_type":"article","og_title":"Climatisation Truma Aventa compact plus Unit\u00e9 ext\u00e9rieure, noir Distr d\u2019air, t\u00e9l\u00e9-gris basalte - Bantam Wankm\u00fcller SA","og_description":"Le mod\u00e8le compact Aventa est dimensionn\u00e9 pour s&rsquo;adapter \u00e0 n&rsquo;importe quel toit de v\u00e9hicule. En m\u00eame temps, c&rsquo;est le climatiseur de toit le plus l\u00e9ger et le plus silencieux sur le march\u00e9. Une excellente puissance de refroidissement va sans dire. Pratique : montage simple et rapide de l&rsquo;installation de climatisation par les cadres de montage [&hellip;]","og_url":"https:\/\/shop.bantam.ch\/fr\/produit\/climatisation-truma-aventa-compact-plus-unite-exterieure-noir-distr-dair-tele-gris-basalte\/","og_site_name":"Bantam Wankm\u00fcller SA","article_modified_time":"2026-04-19T20:58:46+00:00","og_image":[{"width":640,"height":475,"url":"https:\/\/shop.bantam.ch\/wp-content\/uploads\/2024\/02\/Movera-L-9963347100.jpg","type":"image\/jpeg"}],"twitter_card":"summary_large_image","twitter_misc":{"Dur\u00e9e de lecture estim\u00e9e":"1 minute"},"schema":{"@context":"https:\/\/schema.org","@graph":[{"@type":"WebPage","@id":"https:\/\/shop.bantam.ch\/fr\/produit\/climatisation-truma-aventa-compact-plus-unite-exterieure-noir-distr-dair-tele-gris-basalte\/","url":"https:\/\/shop.bantam.ch\/fr\/produit\/climatisation-truma-aventa-compact-plus-unite-exterieure-noir-distr-dair-tele-gris-basalte\/","name":"Climatisation Truma Aventa compact plus Unit\u00e9 ext\u00e9rieure, noir Distr d\u2019air, t\u00e9l\u00e9-gris basalte - Bantam Wankm\u00fcller SA","isPartOf":{"@id":"https:\/\/shop.bantam.ch\/fr\/#website"},"primaryImageOfPage":{"@id":"https:\/\/shop.bantam.ch\/fr\/produit\/climatisation-truma-aventa-compact-plus-unite-exterieure-noir-distr-dair-tele-gris-basalte\/#primaryimage"},"image":{"@id":"https:\/\/shop.bantam.ch\/fr\/produit\/climatisation-truma-aventa-compact-plus-unite-exterieure-noir-distr-dair-tele-gris-basalte\/#primaryimage"},"thumbnailUrl":"https:\/\/shop.bantam.ch\/wp-content\/uploads\/2024\/09\/Movera-L-9963347100.jpg","datePublished":"2023-02-27T15:06:13+00:00","dateModified":"2026-04-19T20:58:46+00:00","breadcrumb":{"@id":"https:\/\/shop.bantam.ch\/fr\/produit\/climatisation-truma-aventa-compact-plus-unite-exterieure-noir-distr-dair-tele-gris-basalte\/#breadcrumb"},"inLanguage":"fr-FR","potentialAction":[{"@type":"ReadAction","target":["https:\/\/shop.bantam.ch\/fr\/produit\/climatisation-truma-aventa-compact-plus-unite-exterieure-noir-distr-dair-tele-gris-basalte\/"]}]},{"@type":"ImageObject","inLanguage":"fr-FR","@id":"https:\/\/shop.bantam.ch\/fr\/produit\/climatisation-truma-aventa-compact-plus-unite-exterieure-noir-distr-dair-tele-gris-basalte\/#primaryimage","url":"https:\/\/shop.bantam.ch\/wp-content\/uploads\/2024\/09\/Movera-L-9963347100.jpg","contentUrl":"https:\/\/shop.bantam.ch\/wp-content\/uploads\/2024\/09\/Movera-L-9963347100.jpg","width":640,"height":475},{"@type":"BreadcrumbList","@id":"https:\/\/shop.bantam.ch\/fr\/produit\/climatisation-truma-aventa-compact-plus-unite-exterieure-noir-distr-dair-tele-gris-basalte\/#breadcrumb","itemListElement":[{"@type":"ListItem","position":1,"name":"Accueil","item":"https:\/\/shop.bantam.ch\/fr\/"},{"@type":"ListItem","position":2,"name":"Boutique","item":"https:\/\/shop.bantam.ch\/fr\/boutique\/"},{"@type":"ListItem","position":3,"name":"Climatisation Truma Aventa compact plus Unit\u00e9 ext\u00e9rieure, noir Distr d\u2019air, t\u00e9l\u00e9-gris basalte"}]},{"@type":"WebSite","@id":"https:\/\/shop.bantam.ch\/fr\/#website","url":"https:\/\/shop.bantam.ch\/fr\/","name":"Bantam Wankm\u00fcller SA","description":"","publisher":{"@id":"https:\/\/shop.bantam.ch\/fr\/#organization"},"inLanguage":"fr-FR"},{"@type":"Organization","@id":"https:\/\/shop.bantam.ch\/fr\/#organization","name":"Bantam Wankm\u00fcller SA","url":"https:\/\/shop.bantam.ch\/fr\/","logo":{"@type":"ImageObject","inLanguage":"fr-FR","@id":"https:\/\/shop.bantam.ch\/fr\/#\/schema\/logo\/image\/","url":"https:\/\/shop.bantam.ch\/wp-content\/uploads\/2022\/12\/bantam-logo.png","contentUrl":"https:\/\/shop.bantam.ch\/wp-content\/uploads\/2022\/12\/bantam-logo.png","width":320,"height":71,"caption":"Bantam Wankm\u00fcller SA"},"image":{"@id":"https:\/\/shop.bantam.ch\/fr\/#\/schema\/logo\/image\/"}}]}},"_links":{"self":[{"href":"https:\/\/shop.bantam.ch\/fr\/wp-json\/wp\/v2\/product\/189755","targetHints":{"allow":["GET"]}}],"collection":[{"href":"https:\/\/shop.bantam.ch\/fr\/wp-json\/wp\/v2\/product"}],"about":[{"href":"https:\/\/shop.bantam.ch\/fr\/wp-json\/wp\/v2\/types\/product"}],"wp:featuredmedia":[{"embeddable":true,"href":"https:\/\/shop.bantam.ch\/fr\/wp-json\/wp\/v2\/media\/207216"}],"wp:attachment":[{"href":"https:\/\/shop.bantam.ch\/fr\/wp-json\/wp\/v2\/media?parent=189755"}],"wp:term":[{"taxonomy":"product_featured_cat","embeddable":true,"href":"https:\/\/shop.bantam.ch\/fr\/wp-json\/wp\/v2\/product_featured_cat?post=189755"},{"taxonomy":"product_brand","embeddable":true,"href":"https:\/\/shop.bantam.ch\/fr\/wp-json\/wp\/v2\/product_brand?post=189755"},{"taxonomy":"product_cat","embeddable":true,"href":"https:\/\/shop.bantam.ch\/fr\/wp-json\/wp\/v2\/product_cat?post=189755"},{"taxonomy":"product_tag","embeddable":true,"href":"https:\/\/shop.bantam.ch\/fr\/wp-json\/wp\/v2\/product_tag?post=189755"}],"curies":[{"name":"wp","href":"https:\/\/api.w.org\/{rel}","templated":true}]}}