{"id":189747,"date":"2024-02-27T15:44:39","date_gmt":"2024-02-27T14:44:39","guid":{"rendered":"https:\/\/shop.bantam.ch\/produit\/fauteuil-directeur-ultra-compact\/"},"modified":"2026-04-19T22:58:40","modified_gmt":"2026-04-19T20:58:40","slug":"fauteuil-directeur-ultra-compact","status":"publish","type":"product","link":"https:\/\/shop.bantam.ch\/fr\/produit\/fauteuil-directeur-ultra-compact\/","title":{"rendered":"Fauteuil directeur Ultra Compact"},"content":{"rendered":"<p>Fauteuil directeur pliant ultra compact, id\u00e9al pour le camping, il se glissera facilement dans la soute de votre camping-car, caravane, fourgon, van ou dans votre voiture.<br \/>\nId\u00e9al Van, fourgon et ludospace<br \/>\nCet \u00e9l\u00e9gant fauteuil en aluminium et acier se replie facilement, rapidement et de mani\u00e8re tr\u00e8s compacte pour gagner de la place dans votre coffre ou votre soute.<br \/>\nCadre finition mate et toile en polyester, lavable \u00e0 l&rsquo;eau savoneuse et rin\u00e7able \u00e0 l&rsquo;eau froide.<br \/>\nBlocage du m\u00e9canisme de pliage avec velcro.<br \/>\nDimensions repli\u00e9 : 48 x 9 x H 45 cm<br \/>\nDimensions ouvert : 61 x 48 x H 87 &#8211; Assise : 48 cm<br \/>\nStructure en alu et acier<br \/>\nPoids 3.3 kg<br \/>\nCharge maximum 100 kg<\/p>\n","protected":false},"excerpt":{"rendered":"<p>Fauteuil directeur pliant ultra compact, id\u00e9al pour le camping, il se glissera facilement dans la soute de votre camping-car, caravane, fourgon, van ou dans votre voiture. Id\u00e9al Van, fourgon et ludospace Cet \u00e9l\u00e9gant fauteuil en aluminium et acier se replie facilement, rapidement et de mani\u00e8re tr\u00e8s compacte pour gagner de la place dans votre coffre [&hellip;]<\/p>\n","protected":false},"featured_media":189745,"template":"","meta":{"_acf_changed":false},"product_featured_cat":[],"product_brand":[5331],"product_cat":[4971],"product_tag":[],"class_list":{"0":"post-189747","1":"product","2":"type-product","3":"status-publish","4":"has-post-thumbnail","6":"product_brand-antarel","7":"product_cat-chaises-de-camping","9":"first","10":"instock","11":"taxable","12":"shipping-taxable","13":"purchasable","14":"product-type-simple"},"acf":[],"yoast_head":"<!-- This site is optimized with the Yoast SEO plugin v27.4 - https:\/\/yoast.com\/product\/yoast-seo-wordpress\/ -->\n<title>Fauteuil directeur Ultra Compact - Bantam Wankm\u00fcller SA<\/title>\n<meta name=\"robots\" content=\"index, follow, max-snippet:-1, max-image-preview:large, max-video-preview:-1\" \/>\n<link rel=\"canonical\" href=\"https:\/\/shop.bantam.ch\/fr\/produit\/fauteuil-directeur-ultra-compact\/\" \/>\n<meta property=\"og:locale\" content=\"fr_FR\" \/>\n<meta property=\"og:type\" content=\"article\" \/>\n<meta property=\"og:title\" content=\"Fauteuil directeur Ultra Compact - Bantam Wankm\u00fcller SA\" \/>\n<meta property=\"og:description\" content=\"Fauteuil directeur pliant ultra compact, id\u00e9al pour le camping, il se glissera facilement dans la soute de votre camping-car, caravane, fourgon, van ou dans votre voiture. Id\u00e9al Van, fourgon et ludospace Cet \u00e9l\u00e9gant fauteuil en aluminium et acier se replie facilement, rapidement et de mani\u00e8re tr\u00e8s compacte pour gagner de la place dans votre coffre [&hellip;]\" \/>\n<meta property=\"og:url\" content=\"https:\/\/shop.bantam.ch\/fr\/produit\/fauteuil-directeur-ultra-compact\/\" \/>\n<meta property=\"og:site_name\" content=\"Bantam Wankm\u00fcller SA\" \/>\n<meta property=\"article:modified_time\" content=\"2026-04-19T20:58:40+00:00\" \/>\n<meta property=\"og:image\" content=\"https:\/\/shop.bantam.ch\/wp-content\/uploads\/2024\/02\/6371_fauteuil-directeur-ultra-compact_3.jpg\" \/>\n\t<meta property=\"og:image:width\" content=\"600\" \/>\n\t<meta property=\"og:image:height\" content=\"600\" \/>\n\t<meta property=\"og:image:type\" content=\"image\/jpeg\" \/>\n<meta name=\"twitter:card\" content=\"summary_large_image\" \/>\n<meta name=\"twitter:label1\" content=\"Dur\u00e9e de lecture estim\u00e9e\" \/>\n\t<meta name=\"twitter:data1\" content=\"1 minute\" \/>\n<script type=\"application\/ld+json\" class=\"yoast-schema-graph\">{\"@context\":\"https:\\\/\\\/schema.org\",\"@graph\":[{\"@type\":\"WebPage\",\"@id\":\"https:\\\/\\\/shop.bantam.ch\\\/fr\\\/produit\\\/fauteuil-directeur-ultra-compact\\\/\",\"url\":\"https:\\\/\\\/shop.bantam.ch\\\/fr\\\/produit\\\/fauteuil-directeur-ultra-compact\\\/\",\"name\":\"Fauteuil directeur Ultra Compact - Bantam Wankm\u00fcller SA\",\"isPartOf\":{\"@id\":\"https:\\\/\\\/shop.bantam.ch\\\/fr\\\/#website\"},\"primaryImageOfPage\":{\"@id\":\"https:\\\/\\\/shop.bantam.ch\\\/fr\\\/produit\\\/fauteuil-directeur-ultra-compact\\\/#primaryimage\"},\"image\":{\"@id\":\"https:\\\/\\\/shop.bantam.ch\\\/fr\\\/produit\\\/fauteuil-directeur-ultra-compact\\\/#primaryimage\"},\"thumbnailUrl\":\"https:\\\/\\\/shop.bantam.ch\\\/wp-content\\\/uploads\\\/2024\\\/02\\\/6371_fauteuil-directeur-ultra-compact_3.jpg\",\"datePublished\":\"2024-02-27T14:44:39+00:00\",\"dateModified\":\"2026-04-19T20:58:40+00:00\",\"breadcrumb\":{\"@id\":\"https:\\\/\\\/shop.bantam.ch\\\/fr\\\/produit\\\/fauteuil-directeur-ultra-compact\\\/#breadcrumb\"},\"inLanguage\":\"fr-FR\",\"potentialAction\":[{\"@type\":\"ReadAction\",\"target\":[\"https:\\\/\\\/shop.bantam.ch\\\/fr\\\/produit\\\/fauteuil-directeur-ultra-compact\\\/\"]}]},{\"@type\":\"ImageObject\",\"inLanguage\":\"fr-FR\",\"@id\":\"https:\\\/\\\/shop.bantam.ch\\\/fr\\\/produit\\\/fauteuil-directeur-ultra-compact\\\/#primaryimage\",\"url\":\"https:\\\/\\\/shop.bantam.ch\\\/wp-content\\\/uploads\\\/2024\\\/02\\\/6371_fauteuil-directeur-ultra-compact_3.jpg\",\"contentUrl\":\"https:\\\/\\\/shop.bantam.ch\\\/wp-content\\\/uploads\\\/2024\\\/02\\\/6371_fauteuil-directeur-ultra-compact_3.jpg\",\"width\":600,\"height\":600},{\"@type\":\"BreadcrumbList\",\"@id\":\"https:\\\/\\\/shop.bantam.ch\\\/fr\\\/produit\\\/fauteuil-directeur-ultra-compact\\\/#breadcrumb\",\"itemListElement\":[{\"@type\":\"ListItem\",\"position\":1,\"name\":\"Accueil\",\"item\":\"https:\\\/\\\/shop.bantam.ch\\\/fr\\\/\"},{\"@type\":\"ListItem\",\"position\":2,\"name\":\"Boutique\",\"item\":\"https:\\\/\\\/shop.bantam.ch\\\/fr\\\/boutique\\\/\"},{\"@type\":\"ListItem\",\"position\":3,\"name\":\"Fauteuil directeur Ultra Compact\"}]},{\"@type\":\"WebSite\",\"@id\":\"https:\\\/\\\/shop.bantam.ch\\\/fr\\\/#website\",\"url\":\"https:\\\/\\\/shop.bantam.ch\\\/fr\\\/\",\"name\":\"Bantam Wankm\u00fcller SA\",\"description\":\"\",\"publisher\":{\"@id\":\"https:\\\/\\\/shop.bantam.ch\\\/fr\\\/#organization\"},\"inLanguage\":\"fr-FR\"},{\"@type\":\"Organization\",\"@id\":\"https:\\\/\\\/shop.bantam.ch\\\/fr\\\/#organization\",\"name\":\"Bantam Wankm\u00fcller SA\",\"url\":\"https:\\\/\\\/shop.bantam.ch\\\/fr\\\/\",\"logo\":{\"@type\":\"ImageObject\",\"inLanguage\":\"fr-FR\",\"@id\":\"https:\\\/\\\/shop.bantam.ch\\\/fr\\\/#\\\/schema\\\/logo\\\/image\\\/\",\"url\":\"https:\\\/\\\/shop.bantam.ch\\\/wp-content\\\/uploads\\\/2022\\\/12\\\/bantam-logo.png\",\"contentUrl\":\"https:\\\/\\\/shop.bantam.ch\\\/wp-content\\\/uploads\\\/2022\\\/12\\\/bantam-logo.png\",\"width\":320,\"height\":71,\"caption\":\"Bantam Wankm\u00fcller SA\"},\"image\":{\"@id\":\"https:\\\/\\\/shop.bantam.ch\\\/fr\\\/#\\\/schema\\\/logo\\\/image\\\/\"}}]}<\/script>\n<!-- \/ Yoast SEO plugin. -->","yoast_head_json":{"title":"Fauteuil directeur Ultra Compact - Bantam Wankm\u00fcller SA","robots":{"index":"index","follow":"follow","max-snippet":"max-snippet:-1","max-image-preview":"max-image-preview:large","max-video-preview":"max-video-preview:-1"},"canonical":"https:\/\/shop.bantam.ch\/fr\/produit\/fauteuil-directeur-ultra-compact\/","og_locale":"fr_FR","og_type":"article","og_title":"Fauteuil directeur Ultra Compact - Bantam Wankm\u00fcller SA","og_description":"Fauteuil directeur pliant ultra compact, id\u00e9al pour le camping, il se glissera facilement dans la soute de votre camping-car, caravane, fourgon, van ou dans votre voiture. Id\u00e9al Van, fourgon et ludospace Cet \u00e9l\u00e9gant fauteuil en aluminium et acier se replie facilement, rapidement et de mani\u00e8re tr\u00e8s compacte pour gagner de la place dans votre coffre [&hellip;]","og_url":"https:\/\/shop.bantam.ch\/fr\/produit\/fauteuil-directeur-ultra-compact\/","og_site_name":"Bantam Wankm\u00fcller SA","article_modified_time":"2026-04-19T20:58:40+00:00","og_image":[{"width":600,"height":600,"url":"https:\/\/shop.bantam.ch\/wp-content\/uploads\/2024\/02\/6371_fauteuil-directeur-ultra-compact_3.jpg","type":"image\/jpeg"}],"twitter_card":"summary_large_image","twitter_misc":{"Dur\u00e9e de lecture estim\u00e9e":"1 minute"},"schema":{"@context":"https:\/\/schema.org","@graph":[{"@type":"WebPage","@id":"https:\/\/shop.bantam.ch\/fr\/produit\/fauteuil-directeur-ultra-compact\/","url":"https:\/\/shop.bantam.ch\/fr\/produit\/fauteuil-directeur-ultra-compact\/","name":"Fauteuil directeur Ultra Compact - Bantam Wankm\u00fcller SA","isPartOf":{"@id":"https:\/\/shop.bantam.ch\/fr\/#website"},"primaryImageOfPage":{"@id":"https:\/\/shop.bantam.ch\/fr\/produit\/fauteuil-directeur-ultra-compact\/#primaryimage"},"image":{"@id":"https:\/\/shop.bantam.ch\/fr\/produit\/fauteuil-directeur-ultra-compact\/#primaryimage"},"thumbnailUrl":"https:\/\/shop.bantam.ch\/wp-content\/uploads\/2024\/02\/6371_fauteuil-directeur-ultra-compact_3.jpg","datePublished":"2024-02-27T14:44:39+00:00","dateModified":"2026-04-19T20:58:40+00:00","breadcrumb":{"@id":"https:\/\/shop.bantam.ch\/fr\/produit\/fauteuil-directeur-ultra-compact\/#breadcrumb"},"inLanguage":"fr-FR","potentialAction":[{"@type":"ReadAction","target":["https:\/\/shop.bantam.ch\/fr\/produit\/fauteuil-directeur-ultra-compact\/"]}]},{"@type":"ImageObject","inLanguage":"fr-FR","@id":"https:\/\/shop.bantam.ch\/fr\/produit\/fauteuil-directeur-ultra-compact\/#primaryimage","url":"https:\/\/shop.bantam.ch\/wp-content\/uploads\/2024\/02\/6371_fauteuil-directeur-ultra-compact_3.jpg","contentUrl":"https:\/\/shop.bantam.ch\/wp-content\/uploads\/2024\/02\/6371_fauteuil-directeur-ultra-compact_3.jpg","width":600,"height":600},{"@type":"BreadcrumbList","@id":"https:\/\/shop.bantam.ch\/fr\/produit\/fauteuil-directeur-ultra-compact\/#breadcrumb","itemListElement":[{"@type":"ListItem","position":1,"name":"Accueil","item":"https:\/\/shop.bantam.ch\/fr\/"},{"@type":"ListItem","position":2,"name":"Boutique","item":"https:\/\/shop.bantam.ch\/fr\/boutique\/"},{"@type":"ListItem","position":3,"name":"Fauteuil directeur Ultra Compact"}]},{"@type":"WebSite","@id":"https:\/\/shop.bantam.ch\/fr\/#website","url":"https:\/\/shop.bantam.ch\/fr\/","name":"Bantam Wankm\u00fcller SA","description":"","publisher":{"@id":"https:\/\/shop.bantam.ch\/fr\/#organization"},"inLanguage":"fr-FR"},{"@type":"Organization","@id":"https:\/\/shop.bantam.ch\/fr\/#organization","name":"Bantam Wankm\u00fcller SA","url":"https:\/\/shop.bantam.ch\/fr\/","logo":{"@type":"ImageObject","inLanguage":"fr-FR","@id":"https:\/\/shop.bantam.ch\/fr\/#\/schema\/logo\/image\/","url":"https:\/\/shop.bantam.ch\/wp-content\/uploads\/2022\/12\/bantam-logo.png","contentUrl":"https:\/\/shop.bantam.ch\/wp-content\/uploads\/2022\/12\/bantam-logo.png","width":320,"height":71,"caption":"Bantam Wankm\u00fcller SA"},"image":{"@id":"https:\/\/shop.bantam.ch\/fr\/#\/schema\/logo\/image\/"}}]}},"_links":{"self":[{"href":"https:\/\/shop.bantam.ch\/fr\/wp-json\/wp\/v2\/product\/189747","targetHints":{"allow":["GET"]}}],"collection":[{"href":"https:\/\/shop.bantam.ch\/fr\/wp-json\/wp\/v2\/product"}],"about":[{"href":"https:\/\/shop.bantam.ch\/fr\/wp-json\/wp\/v2\/types\/product"}],"wp:featuredmedia":[{"embeddable":true,"href":"https:\/\/shop.bantam.ch\/fr\/wp-json\/wp\/v2\/media\/189745"}],"wp:attachment":[{"href":"https:\/\/shop.bantam.ch\/fr\/wp-json\/wp\/v2\/media?parent=189747"}],"wp:term":[{"taxonomy":"product_featured_cat","embeddable":true,"href":"https:\/\/shop.bantam.ch\/fr\/wp-json\/wp\/v2\/product_featured_cat?post=189747"},{"taxonomy":"product_brand","embeddable":true,"href":"https:\/\/shop.bantam.ch\/fr\/wp-json\/wp\/v2\/product_brand?post=189747"},{"taxonomy":"product_cat","embeddable":true,"href":"https:\/\/shop.bantam.ch\/fr\/wp-json\/wp\/v2\/product_cat?post=189747"},{"taxonomy":"product_tag","embeddable":true,"href":"https:\/\/shop.bantam.ch\/fr\/wp-json\/wp\/v2\/product_tag?post=189747"}],"curies":[{"name":"wp","href":"https:\/\/api.w.org\/{rel}","templated":true}]}}