{"id":189743,"date":"2024-02-27T16:20:33","date_gmt":"2024-02-27T15:20:33","guid":{"rendered":"https:\/\/shop.bantam.ch\/produit\/climatiseur-de-toit-indel-b-plein-aircon-12-v\/"},"modified":"2026-05-05T22:50:31","modified_gmt":"2026-05-05T20:50:31","slug":"climatiseur-de-toit-indel-b-plein-aircon-12-v","status":"publish","type":"product","link":"https:\/\/shop.bantam.ch\/fr\/produit\/climatiseur-de-toit-indel-b-plein-aircon-12-v\/","title":{"rendered":"Climatiseur de toit indel B Plein-Aircon, 12 V"},"content":{"rendered":"<p>Plein-Aircon est le premier climatiseur 12 V pour camping-cars et semi-int\u00e9graux aliment\u00e9 uniquement par la batterie de bord, c&rsquo;est-\u00e0-dire sans l&rsquo;installation de convertisseurs ou de g\u00e9n\u00e9rateurs. O\u00f9 que vous soyez, profitez de votre s\u00e9jour en plein air sans renoncer au confort d&rsquo;une temp\u00e9rature int\u00e9rieure id\u00e9ale pendant les chaudes nuits d&rsquo;\u00e9t\u00e9. Plein-Aircon 12V est le climatiseur de toit qui c\u00e9l\u00e8bre le plus authentiquement l&rsquo;esprit du voyage en toute libert\u00e9 et en contact avec la nature. Il refroidit et d\u00e9shumidifie l&rsquo;habitacle des caravanes, campervans et camping-cars jusqu&rsquo;\u00e0 6 m\u00e8tres de long sans avoir besoin d&rsquo;\u00eatre branch\u00e9 \u00e0 une source d&rsquo;\u00e9nergie 220 V ou \u00e0 des g\u00e9n\u00e9rateurs auxiliaires.<br \/>\nPlein-Aircon 12V est con\u00e7u pour \u00eatre install\u00e9 sur le toit dans la zone du lit : pour un confort encore plus grand lors des arr\u00eats et du sommeil, pour maintenir une temp\u00e9rature id\u00e9ale pendant le trajet et pour garantir une r\u00e9partition optimale du froid. Compar\u00e9 aux solutions fonctionnant en 220V, Plein-Aircon en 12V ne n\u00e9cessite pas l&rsquo;installation d&rsquo;un convertisseur ou d&rsquo;un g\u00e9n\u00e9rateur auxiliaire \u00e0 combustion ; la consommation d&rsquo;\u00e9nergie et la dispersion sont consid\u00e9rablement r\u00e9duites, et le stationnement ne produit pas d&rsquo;\u00e9missions de CO2.<\/p>\n<p>La r\u00e9volution des climatiseurs et \u00e9quipements mobiles aliment\u00e9s en 12V : La gamme de climatiseurs et d&rsquo;installations OFF d&rsquo;Indel B est synonyme d&rsquo;innovation, d&rsquo;efficacit\u00e9 et de praticit\u00e9<\/p>\n","protected":false},"excerpt":{"rendered":"<p>Plein-Aircon est le premier climatiseur 12 V pour camping-cars et semi-int\u00e9graux aliment\u00e9 uniquement par la batterie de bord, c&rsquo;est-\u00e0-dire sans l&rsquo;installation de convertisseurs ou de g\u00e9n\u00e9rateurs. O\u00f9 que vous soyez, profitez de votre s\u00e9jour en plein air sans renoncer au confort d&rsquo;une temp\u00e9rature int\u00e9rieure id\u00e9ale pendant les chaudes nuits d&rsquo;\u00e9t\u00e9. Plein-Aircon 12V est le climatiseur [&hellip;]<\/p>\n","protected":false},"featured_media":189737,"template":"","meta":{"_acf_changed":false},"product_featured_cat":[],"product_brand":[5325],"product_cat":[4089],"product_tag":[],"class_list":{"0":"post-189743","1":"product","2":"type-product","3":"status-publish","4":"has-post-thumbnail","6":"product_brand-indelb","7":"product_cat-climatisations","9":"first","10":"instock","11":"taxable","12":"shipping-taxable","13":"purchasable","14":"product-type-simple"},"acf":[],"yoast_head":"<!-- This site is optimized with the Yoast SEO plugin v27.5 - https:\/\/yoast.com\/product\/yoast-seo-wordpress\/ -->\n<title>Climatiseur de toit indel B Plein-Aircon, 12 V - Bantam<\/title>\n<meta name=\"robots\" content=\"index, follow, max-snippet:-1, max-image-preview:large, max-video-preview:-1\" \/>\n<link rel=\"canonical\" href=\"https:\/\/shop.bantam.ch\/fr\/produit\/climatiseur-de-toit-indel-b-plein-aircon-12-v\/\" \/>\n<meta property=\"og:locale\" content=\"fr_FR\" \/>\n<meta property=\"og:type\" content=\"article\" \/>\n<meta property=\"og:title\" content=\"Climatiseur de toit indel B Plein-Aircon, 12 V - Bantam\" \/>\n<meta property=\"og:description\" content=\"Plein-Aircon est le premier climatiseur 12 V pour camping-cars et semi-int\u00e9graux aliment\u00e9 uniquement par la batterie de bord, c&rsquo;est-\u00e0-dire sans l&rsquo;installation de convertisseurs ou de g\u00e9n\u00e9rateurs. O\u00f9 que vous soyez, profitez de votre s\u00e9jour en plein air sans renoncer au confort d&rsquo;une temp\u00e9rature int\u00e9rieure id\u00e9ale pendant les chaudes nuits d&rsquo;\u00e9t\u00e9. Plein-Aircon 12V est le climatiseur [&hellip;]\" \/>\n<meta property=\"og:url\" content=\"https:\/\/shop.bantam.ch\/fr\/produit\/climatiseur-de-toit-indel-b-plein-aircon-12-v\/\" \/>\n<meta property=\"og:site_name\" content=\"Bantam\" \/>\n<meta property=\"article:modified_time\" content=\"2026-05-05T20:50:31+00:00\" \/>\n<meta property=\"og:image\" content=\"https:\/\/shop.bantam.ch\/wp-content\/uploads\/2024\/02\/Movera-L-9963421701.jpg\" \/>\n\t<meta property=\"og:image:width\" content=\"640\" \/>\n\t<meta property=\"og:image:height\" content=\"427\" \/>\n\t<meta property=\"og:image:type\" content=\"image\/jpeg\" \/>\n<meta name=\"twitter:card\" content=\"summary_large_image\" \/>\n<meta name=\"twitter:label1\" content=\"Dur\u00e9e de lecture estim\u00e9e\" \/>\n\t<meta name=\"twitter:data1\" content=\"1 minute\" \/>\n<script type=\"application\/ld+json\" class=\"yoast-schema-graph\">{\"@context\":\"https:\\\/\\\/schema.org\",\"@graph\":[{\"@type\":\"WebPage\",\"@id\":\"https:\\\/\\\/shop.bantam.ch\\\/fr\\\/produit\\\/climatiseur-de-toit-indel-b-plein-aircon-12-v\\\/\",\"url\":\"https:\\\/\\\/shop.bantam.ch\\\/fr\\\/produit\\\/climatiseur-de-toit-indel-b-plein-aircon-12-v\\\/\",\"name\":\"Climatiseur de toit indel B Plein-Aircon, 12 V - Bantam\",\"isPartOf\":{\"@id\":\"https:\\\/\\\/shop.bantam.ch\\\/fr\\\/#website\"},\"primaryImageOfPage\":{\"@id\":\"https:\\\/\\\/shop.bantam.ch\\\/fr\\\/produit\\\/climatiseur-de-toit-indel-b-plein-aircon-12-v\\\/#primaryimage\"},\"image\":{\"@id\":\"https:\\\/\\\/shop.bantam.ch\\\/fr\\\/produit\\\/climatiseur-de-toit-indel-b-plein-aircon-12-v\\\/#primaryimage\"},\"thumbnailUrl\":\"https:\\\/\\\/shop.bantam.ch\\\/wp-content\\\/uploads\\\/2024\\\/02\\\/Movera-L-9963421701.jpg\",\"datePublished\":\"2024-02-27T15:20:33+00:00\",\"dateModified\":\"2026-05-05T20:50:31+00:00\",\"breadcrumb\":{\"@id\":\"https:\\\/\\\/shop.bantam.ch\\\/fr\\\/produit\\\/climatiseur-de-toit-indel-b-plein-aircon-12-v\\\/#breadcrumb\"},\"inLanguage\":\"fr-FR\",\"potentialAction\":[{\"@type\":\"ReadAction\",\"target\":[\"https:\\\/\\\/shop.bantam.ch\\\/fr\\\/produit\\\/climatiseur-de-toit-indel-b-plein-aircon-12-v\\\/\"]}]},{\"@type\":\"ImageObject\",\"inLanguage\":\"fr-FR\",\"@id\":\"https:\\\/\\\/shop.bantam.ch\\\/fr\\\/produit\\\/climatiseur-de-toit-indel-b-plein-aircon-12-v\\\/#primaryimage\",\"url\":\"https:\\\/\\\/shop.bantam.ch\\\/wp-content\\\/uploads\\\/2024\\\/02\\\/Movera-L-9963421701.jpg\",\"contentUrl\":\"https:\\\/\\\/shop.bantam.ch\\\/wp-content\\\/uploads\\\/2024\\\/02\\\/Movera-L-9963421701.jpg\",\"width\":640,\"height\":427},{\"@type\":\"BreadcrumbList\",\"@id\":\"https:\\\/\\\/shop.bantam.ch\\\/fr\\\/produit\\\/climatiseur-de-toit-indel-b-plein-aircon-12-v\\\/#breadcrumb\",\"itemListElement\":[{\"@type\":\"ListItem\",\"position\":1,\"name\":\"Accueil\",\"item\":\"https:\\\/\\\/shop.bantam.ch\\\/fr\\\/\"},{\"@type\":\"ListItem\",\"position\":2,\"name\":\"Boutique\",\"item\":\"https:\\\/\\\/shop.bantam.ch\\\/fr\\\/boutique\\\/\"},{\"@type\":\"ListItem\",\"position\":3,\"name\":\"Climatiseur de toit indel B Plein-Aircon, 12 V\"}]},{\"@type\":\"WebSite\",\"@id\":\"https:\\\/\\\/shop.bantam.ch\\\/fr\\\/#website\",\"url\":\"https:\\\/\\\/shop.bantam.ch\\\/fr\\\/\",\"name\":\"Bantam\",\"description\":\"\",\"publisher\":{\"@id\":\"https:\\\/\\\/shop.bantam.ch\\\/fr\\\/#organization\"},\"inLanguage\":\"fr-FR\"},{\"@type\":\"Organization\",\"@id\":\"https:\\\/\\\/shop.bantam.ch\\\/fr\\\/#organization\",\"name\":\"Bantam\",\"url\":\"https:\\\/\\\/shop.bantam.ch\\\/fr\\\/\",\"logo\":{\"@type\":\"ImageObject\",\"inLanguage\":\"fr-FR\",\"@id\":\"https:\\\/\\\/shop.bantam.ch\\\/fr\\\/#\\\/schema\\\/logo\\\/image\\\/\",\"url\":\"https:\\\/\\\/shop.bantam.ch\\\/wp-content\\\/uploads\\\/2022\\\/12\\\/bantam-logo.png\",\"contentUrl\":\"https:\\\/\\\/shop.bantam.ch\\\/wp-content\\\/uploads\\\/2022\\\/12\\\/bantam-logo.png\",\"width\":320,\"height\":71,\"caption\":\"Bantam\"},\"image\":{\"@id\":\"https:\\\/\\\/shop.bantam.ch\\\/fr\\\/#\\\/schema\\\/logo\\\/image\\\/\"}}]}<\/script>\n<!-- \/ Yoast SEO plugin. -->","yoast_head_json":{"title":"Climatiseur de toit indel B Plein-Aircon, 12 V - Bantam","robots":{"index":"index","follow":"follow","max-snippet":"max-snippet:-1","max-image-preview":"max-image-preview:large","max-video-preview":"max-video-preview:-1"},"canonical":"https:\/\/shop.bantam.ch\/fr\/produit\/climatiseur-de-toit-indel-b-plein-aircon-12-v\/","og_locale":"fr_FR","og_type":"article","og_title":"Climatiseur de toit indel B Plein-Aircon, 12 V - Bantam","og_description":"Plein-Aircon est le premier climatiseur 12 V pour camping-cars et semi-int\u00e9graux aliment\u00e9 uniquement par la batterie de bord, c&rsquo;est-\u00e0-dire sans l&rsquo;installation de convertisseurs ou de g\u00e9n\u00e9rateurs. O\u00f9 que vous soyez, profitez de votre s\u00e9jour en plein air sans renoncer au confort d&rsquo;une temp\u00e9rature int\u00e9rieure id\u00e9ale pendant les chaudes nuits d&rsquo;\u00e9t\u00e9. Plein-Aircon 12V est le climatiseur [&hellip;]","og_url":"https:\/\/shop.bantam.ch\/fr\/produit\/climatiseur-de-toit-indel-b-plein-aircon-12-v\/","og_site_name":"Bantam","article_modified_time":"2026-05-05T20:50:31+00:00","og_image":[{"width":640,"height":427,"url":"https:\/\/shop.bantam.ch\/wp-content\/uploads\/2024\/02\/Movera-L-9963421701.jpg","type":"image\/jpeg"}],"twitter_card":"summary_large_image","twitter_misc":{"Dur\u00e9e de lecture estim\u00e9e":"1 minute"},"schema":{"@context":"https:\/\/schema.org","@graph":[{"@type":"WebPage","@id":"https:\/\/shop.bantam.ch\/fr\/produit\/climatiseur-de-toit-indel-b-plein-aircon-12-v\/","url":"https:\/\/shop.bantam.ch\/fr\/produit\/climatiseur-de-toit-indel-b-plein-aircon-12-v\/","name":"Climatiseur de toit indel B Plein-Aircon, 12 V - Bantam","isPartOf":{"@id":"https:\/\/shop.bantam.ch\/fr\/#website"},"primaryImageOfPage":{"@id":"https:\/\/shop.bantam.ch\/fr\/produit\/climatiseur-de-toit-indel-b-plein-aircon-12-v\/#primaryimage"},"image":{"@id":"https:\/\/shop.bantam.ch\/fr\/produit\/climatiseur-de-toit-indel-b-plein-aircon-12-v\/#primaryimage"},"thumbnailUrl":"https:\/\/shop.bantam.ch\/wp-content\/uploads\/2024\/02\/Movera-L-9963421701.jpg","datePublished":"2024-02-27T15:20:33+00:00","dateModified":"2026-05-05T20:50:31+00:00","breadcrumb":{"@id":"https:\/\/shop.bantam.ch\/fr\/produit\/climatiseur-de-toit-indel-b-plein-aircon-12-v\/#breadcrumb"},"inLanguage":"fr-FR","potentialAction":[{"@type":"ReadAction","target":["https:\/\/shop.bantam.ch\/fr\/produit\/climatiseur-de-toit-indel-b-plein-aircon-12-v\/"]}]},{"@type":"ImageObject","inLanguage":"fr-FR","@id":"https:\/\/shop.bantam.ch\/fr\/produit\/climatiseur-de-toit-indel-b-plein-aircon-12-v\/#primaryimage","url":"https:\/\/shop.bantam.ch\/wp-content\/uploads\/2024\/02\/Movera-L-9963421701.jpg","contentUrl":"https:\/\/shop.bantam.ch\/wp-content\/uploads\/2024\/02\/Movera-L-9963421701.jpg","width":640,"height":427},{"@type":"BreadcrumbList","@id":"https:\/\/shop.bantam.ch\/fr\/produit\/climatiseur-de-toit-indel-b-plein-aircon-12-v\/#breadcrumb","itemListElement":[{"@type":"ListItem","position":1,"name":"Accueil","item":"https:\/\/shop.bantam.ch\/fr\/"},{"@type":"ListItem","position":2,"name":"Boutique","item":"https:\/\/shop.bantam.ch\/fr\/boutique\/"},{"@type":"ListItem","position":3,"name":"Climatiseur de toit indel B Plein-Aircon, 12 V"}]},{"@type":"WebSite","@id":"https:\/\/shop.bantam.ch\/fr\/#website","url":"https:\/\/shop.bantam.ch\/fr\/","name":"Bantam","description":"","publisher":{"@id":"https:\/\/shop.bantam.ch\/fr\/#organization"},"inLanguage":"fr-FR"},{"@type":"Organization","@id":"https:\/\/shop.bantam.ch\/fr\/#organization","name":"Bantam","url":"https:\/\/shop.bantam.ch\/fr\/","logo":{"@type":"ImageObject","inLanguage":"fr-FR","@id":"https:\/\/shop.bantam.ch\/fr\/#\/schema\/logo\/image\/","url":"https:\/\/shop.bantam.ch\/wp-content\/uploads\/2022\/12\/bantam-logo.png","contentUrl":"https:\/\/shop.bantam.ch\/wp-content\/uploads\/2022\/12\/bantam-logo.png","width":320,"height":71,"caption":"Bantam"},"image":{"@id":"https:\/\/shop.bantam.ch\/fr\/#\/schema\/logo\/image\/"}}]}},"_links":{"self":[{"href":"https:\/\/shop.bantam.ch\/fr\/wp-json\/wp\/v2\/product\/189743","targetHints":{"allow":["GET"]}}],"collection":[{"href":"https:\/\/shop.bantam.ch\/fr\/wp-json\/wp\/v2\/product"}],"about":[{"href":"https:\/\/shop.bantam.ch\/fr\/wp-json\/wp\/v2\/types\/product"}],"wp:featuredmedia":[{"embeddable":true,"href":"https:\/\/shop.bantam.ch\/fr\/wp-json\/wp\/v2\/media\/189737"}],"wp:attachment":[{"href":"https:\/\/shop.bantam.ch\/fr\/wp-json\/wp\/v2\/media?parent=189743"}],"wp:term":[{"taxonomy":"product_featured_cat","embeddable":true,"href":"https:\/\/shop.bantam.ch\/fr\/wp-json\/wp\/v2\/product_featured_cat?post=189743"},{"taxonomy":"product_brand","embeddable":true,"href":"https:\/\/shop.bantam.ch\/fr\/wp-json\/wp\/v2\/product_brand?post=189743"},{"taxonomy":"product_cat","embeddable":true,"href":"https:\/\/shop.bantam.ch\/fr\/wp-json\/wp\/v2\/product_cat?post=189743"},{"taxonomy":"product_tag","embeddable":true,"href":"https:\/\/shop.bantam.ch\/fr\/wp-json\/wp\/v2\/product_tag?post=189743"}],"curies":[{"name":"wp","href":"https:\/\/api.w.org\/{rel}","templated":true}]}}