{"id":188723,"date":"2023-12-27T14:06:08","date_gmt":"2023-12-27T13:06:08","guid":{"rendered":"https:\/\/shop.bantam.ch\/produit\/power-bank-comb-e-600-eza\/"},"modified":"2026-04-20T22:54:06","modified_gmt":"2026-04-20T20:54:06","slug":"power-bank-comb-e-600-eza","status":"publish","type":"product","link":"https:\/\/shop.bantam.ch\/fr\/produit\/power-bank-comb-e-600-eza\/","title":{"rendered":"POWER BANK COMB-E 600 EZA"},"content":{"rendered":"<p>Contrairement aux autres mod\u00e8les de Power Bank, Le Comb-E 600 d\u2019EZA est dot\u00e9 du nec plus ultra du Lithium avec des cellules LiFePo, ce qui lui conf\u00e8re une dur\u00e9e de vie, une puissance et une vitesse de charge tr\u00e8s sup\u00e9rieures aux mod\u00e8les dot\u00e9s de cellules Li-ion.<\/p>\n<p>Batterie LiFePo 40A\/512Wh, rechargeable en 12v DC et 220v AC. Alimentation AC220v pur sinus 600W continu, 675W en pic. Connectiques : 1 prise 220v 50Hz, 2 prises USB-2.0 5v2.1A, 1 prise USB-QC 3.0 18w, 1 prise USB-C 5-20v 65w, 1 prise Allume-cigare 12v 10A, 1 prise Anderson 12v 20A. Accessoires fournis : Sac de transport, chargeur 220v-20A, cordon allume-cigare, cordon 12v Anderson. Dimensions (L x l x H) : 295 x 223 x 225mm. Poids : 8.4Kg.<br \/>\nTemps de charge sur secteur : 2.5 heures. Pour recharger tous vos appareils nomades et multim\u00e9dia et les alimenter en 220v jusqu\u2019\u00e0 600w.<\/p>\n","protected":false},"excerpt":{"rendered":"<p>Contrairement aux autres mod\u00e8les de Power Bank, Le Comb-E 600 d\u2019EZA est dot\u00e9 du nec plus ultra du Lithium avec des cellules LiFePo, ce qui lui conf\u00e8re une dur\u00e9e de vie, une puissance et une vitesse de charge tr\u00e8s sup\u00e9rieures aux mod\u00e8les dot\u00e9s de cellules Li-ion. Batterie LiFePo 40A\/512Wh, rechargeable en 12v DC et 220v [&hellip;]<\/p>\n","protected":false},"featured_media":188719,"template":"","meta":{"_acf_changed":false},"product_featured_cat":[],"product_brand":[3676],"product_cat":[5129],"product_tag":[],"class_list":{"0":"post-188723","1":"product","2":"type-product","3":"status-publish","4":"has-post-thumbnail","6":"product_brand-eza","7":"product_cat-batteries-portables","9":"first","10":"instock","11":"taxable","12":"shipping-taxable","13":"purchasable","14":"product-type-simple"},"acf":[],"yoast_head":"<!-- This site is optimized with the Yoast SEO plugin v27.4 - https:\/\/yoast.com\/product\/yoast-seo-wordpress\/ -->\n<title>POWER BANK COMB-E 600 EZA - Bantam Wankm\u00fcller SA<\/title>\n<meta name=\"robots\" content=\"index, follow, max-snippet:-1, max-image-preview:large, max-video-preview:-1\" \/>\n<link rel=\"canonical\" href=\"https:\/\/shop.bantam.ch\/fr\/produit\/power-bank-comb-e-600-eza\/\" \/>\n<meta property=\"og:locale\" content=\"fr_FR\" \/>\n<meta property=\"og:type\" content=\"article\" \/>\n<meta property=\"og:title\" content=\"POWER BANK COMB-E 600 EZA - Bantam Wankm\u00fcller SA\" \/>\n<meta property=\"og:description\" content=\"Contrairement aux autres mod\u00e8les de Power Bank, Le Comb-E 600 d\u2019EZA est dot\u00e9 du nec plus ultra du Lithium avec des cellules LiFePo, ce qui lui conf\u00e8re une dur\u00e9e de vie, une puissance et une vitesse de charge tr\u00e8s sup\u00e9rieures aux mod\u00e8les dot\u00e9s de cellules Li-ion. Batterie LiFePo 40A\/512Wh, rechargeable en 12v DC et 220v [&hellip;]\" \/>\n<meta property=\"og:url\" content=\"https:\/\/shop.bantam.ch\/fr\/produit\/power-bank-comb-e-600-eza\/\" \/>\n<meta property=\"og:site_name\" content=\"Bantam Wankm\u00fcller SA\" \/>\n<meta property=\"article:modified_time\" content=\"2026-04-20T20:54:06+00:00\" \/>\n<meta property=\"og:image\" content=\"https:\/\/shop.bantam.ch\/wp-content\/uploads\/2023\/12\/77323025.jpg\" \/>\n\t<meta property=\"og:image:width\" content=\"435\" \/>\n\t<meta property=\"og:image:height\" content=\"435\" \/>\n\t<meta property=\"og:image:type\" content=\"image\/jpeg\" \/>\n<meta name=\"twitter:card\" content=\"summary_large_image\" \/>\n<meta name=\"twitter:label1\" content=\"Dur\u00e9e de lecture estim\u00e9e\" \/>\n\t<meta name=\"twitter:data1\" content=\"1 minute\" \/>\n<script type=\"application\/ld+json\" class=\"yoast-schema-graph\">{\"@context\":\"https:\\\/\\\/schema.org\",\"@graph\":[{\"@type\":\"WebPage\",\"@id\":\"https:\\\/\\\/shop.bantam.ch\\\/fr\\\/produit\\\/power-bank-comb-e-600-eza\\\/\",\"url\":\"https:\\\/\\\/shop.bantam.ch\\\/fr\\\/produit\\\/power-bank-comb-e-600-eza\\\/\",\"name\":\"POWER BANK COMB-E 600 EZA - Bantam Wankm\u00fcller SA\",\"isPartOf\":{\"@id\":\"https:\\\/\\\/shop.bantam.ch\\\/fr\\\/#website\"},\"primaryImageOfPage\":{\"@id\":\"https:\\\/\\\/shop.bantam.ch\\\/fr\\\/produit\\\/power-bank-comb-e-600-eza\\\/#primaryimage\"},\"image\":{\"@id\":\"https:\\\/\\\/shop.bantam.ch\\\/fr\\\/produit\\\/power-bank-comb-e-600-eza\\\/#primaryimage\"},\"thumbnailUrl\":\"https:\\\/\\\/shop.bantam.ch\\\/wp-content\\\/uploads\\\/2023\\\/12\\\/77323025.jpg\",\"datePublished\":\"2023-12-27T13:06:08+00:00\",\"dateModified\":\"2026-04-20T20:54:06+00:00\",\"breadcrumb\":{\"@id\":\"https:\\\/\\\/shop.bantam.ch\\\/fr\\\/produit\\\/power-bank-comb-e-600-eza\\\/#breadcrumb\"},\"inLanguage\":\"fr-FR\",\"potentialAction\":[{\"@type\":\"ReadAction\",\"target\":[\"https:\\\/\\\/shop.bantam.ch\\\/fr\\\/produit\\\/power-bank-comb-e-600-eza\\\/\"]}]},{\"@type\":\"ImageObject\",\"inLanguage\":\"fr-FR\",\"@id\":\"https:\\\/\\\/shop.bantam.ch\\\/fr\\\/produit\\\/power-bank-comb-e-600-eza\\\/#primaryimage\",\"url\":\"https:\\\/\\\/shop.bantam.ch\\\/wp-content\\\/uploads\\\/2023\\\/12\\\/77323025.jpg\",\"contentUrl\":\"https:\\\/\\\/shop.bantam.ch\\\/wp-content\\\/uploads\\\/2023\\\/12\\\/77323025.jpg\",\"width\":435,\"height\":435},{\"@type\":\"BreadcrumbList\",\"@id\":\"https:\\\/\\\/shop.bantam.ch\\\/fr\\\/produit\\\/power-bank-comb-e-600-eza\\\/#breadcrumb\",\"itemListElement\":[{\"@type\":\"ListItem\",\"position\":1,\"name\":\"Accueil\",\"item\":\"https:\\\/\\\/shop.bantam.ch\\\/fr\\\/\"},{\"@type\":\"ListItem\",\"position\":2,\"name\":\"Boutique\",\"item\":\"https:\\\/\\\/shop.bantam.ch\\\/fr\\\/boutique\\\/\"},{\"@type\":\"ListItem\",\"position\":3,\"name\":\"POWER BANK COMB-E 600 EZA\"}]},{\"@type\":\"WebSite\",\"@id\":\"https:\\\/\\\/shop.bantam.ch\\\/fr\\\/#website\",\"url\":\"https:\\\/\\\/shop.bantam.ch\\\/fr\\\/\",\"name\":\"Bantam Wankm\u00fcller SA\",\"description\":\"\",\"publisher\":{\"@id\":\"https:\\\/\\\/shop.bantam.ch\\\/fr\\\/#organization\"},\"inLanguage\":\"fr-FR\"},{\"@type\":\"Organization\",\"@id\":\"https:\\\/\\\/shop.bantam.ch\\\/fr\\\/#organization\",\"name\":\"Bantam Wankm\u00fcller SA\",\"url\":\"https:\\\/\\\/shop.bantam.ch\\\/fr\\\/\",\"logo\":{\"@type\":\"ImageObject\",\"inLanguage\":\"fr-FR\",\"@id\":\"https:\\\/\\\/shop.bantam.ch\\\/fr\\\/#\\\/schema\\\/logo\\\/image\\\/\",\"url\":\"https:\\\/\\\/shop.bantam.ch\\\/wp-content\\\/uploads\\\/2022\\\/12\\\/bantam-logo.png\",\"contentUrl\":\"https:\\\/\\\/shop.bantam.ch\\\/wp-content\\\/uploads\\\/2022\\\/12\\\/bantam-logo.png\",\"width\":320,\"height\":71,\"caption\":\"Bantam Wankm\u00fcller SA\"},\"image\":{\"@id\":\"https:\\\/\\\/shop.bantam.ch\\\/fr\\\/#\\\/schema\\\/logo\\\/image\\\/\"}}]}<\/script>\n<!-- \/ Yoast SEO plugin. -->","yoast_head_json":{"title":"POWER BANK COMB-E 600 EZA - Bantam Wankm\u00fcller SA","robots":{"index":"index","follow":"follow","max-snippet":"max-snippet:-1","max-image-preview":"max-image-preview:large","max-video-preview":"max-video-preview:-1"},"canonical":"https:\/\/shop.bantam.ch\/fr\/produit\/power-bank-comb-e-600-eza\/","og_locale":"fr_FR","og_type":"article","og_title":"POWER BANK COMB-E 600 EZA - Bantam Wankm\u00fcller SA","og_description":"Contrairement aux autres mod\u00e8les de Power Bank, Le Comb-E 600 d\u2019EZA est dot\u00e9 du nec plus ultra du Lithium avec des cellules LiFePo, ce qui lui conf\u00e8re une dur\u00e9e de vie, une puissance et une vitesse de charge tr\u00e8s sup\u00e9rieures aux mod\u00e8les dot\u00e9s de cellules Li-ion. Batterie LiFePo 40A\/512Wh, rechargeable en 12v DC et 220v [&hellip;]","og_url":"https:\/\/shop.bantam.ch\/fr\/produit\/power-bank-comb-e-600-eza\/","og_site_name":"Bantam Wankm\u00fcller SA","article_modified_time":"2026-04-20T20:54:06+00:00","og_image":[{"width":435,"height":435,"url":"https:\/\/shop.bantam.ch\/wp-content\/uploads\/2023\/12\/77323025.jpg","type":"image\/jpeg"}],"twitter_card":"summary_large_image","twitter_misc":{"Dur\u00e9e de lecture estim\u00e9e":"1 minute"},"schema":{"@context":"https:\/\/schema.org","@graph":[{"@type":"WebPage","@id":"https:\/\/shop.bantam.ch\/fr\/produit\/power-bank-comb-e-600-eza\/","url":"https:\/\/shop.bantam.ch\/fr\/produit\/power-bank-comb-e-600-eza\/","name":"POWER BANK COMB-E 600 EZA - Bantam Wankm\u00fcller SA","isPartOf":{"@id":"https:\/\/shop.bantam.ch\/fr\/#website"},"primaryImageOfPage":{"@id":"https:\/\/shop.bantam.ch\/fr\/produit\/power-bank-comb-e-600-eza\/#primaryimage"},"image":{"@id":"https:\/\/shop.bantam.ch\/fr\/produit\/power-bank-comb-e-600-eza\/#primaryimage"},"thumbnailUrl":"https:\/\/shop.bantam.ch\/wp-content\/uploads\/2023\/12\/77323025.jpg","datePublished":"2023-12-27T13:06:08+00:00","dateModified":"2026-04-20T20:54:06+00:00","breadcrumb":{"@id":"https:\/\/shop.bantam.ch\/fr\/produit\/power-bank-comb-e-600-eza\/#breadcrumb"},"inLanguage":"fr-FR","potentialAction":[{"@type":"ReadAction","target":["https:\/\/shop.bantam.ch\/fr\/produit\/power-bank-comb-e-600-eza\/"]}]},{"@type":"ImageObject","inLanguage":"fr-FR","@id":"https:\/\/shop.bantam.ch\/fr\/produit\/power-bank-comb-e-600-eza\/#primaryimage","url":"https:\/\/shop.bantam.ch\/wp-content\/uploads\/2023\/12\/77323025.jpg","contentUrl":"https:\/\/shop.bantam.ch\/wp-content\/uploads\/2023\/12\/77323025.jpg","width":435,"height":435},{"@type":"BreadcrumbList","@id":"https:\/\/shop.bantam.ch\/fr\/produit\/power-bank-comb-e-600-eza\/#breadcrumb","itemListElement":[{"@type":"ListItem","position":1,"name":"Accueil","item":"https:\/\/shop.bantam.ch\/fr\/"},{"@type":"ListItem","position":2,"name":"Boutique","item":"https:\/\/shop.bantam.ch\/fr\/boutique\/"},{"@type":"ListItem","position":3,"name":"POWER BANK COMB-E 600 EZA"}]},{"@type":"WebSite","@id":"https:\/\/shop.bantam.ch\/fr\/#website","url":"https:\/\/shop.bantam.ch\/fr\/","name":"Bantam Wankm\u00fcller SA","description":"","publisher":{"@id":"https:\/\/shop.bantam.ch\/fr\/#organization"},"inLanguage":"fr-FR"},{"@type":"Organization","@id":"https:\/\/shop.bantam.ch\/fr\/#organization","name":"Bantam Wankm\u00fcller SA","url":"https:\/\/shop.bantam.ch\/fr\/","logo":{"@type":"ImageObject","inLanguage":"fr-FR","@id":"https:\/\/shop.bantam.ch\/fr\/#\/schema\/logo\/image\/","url":"https:\/\/shop.bantam.ch\/wp-content\/uploads\/2022\/12\/bantam-logo.png","contentUrl":"https:\/\/shop.bantam.ch\/wp-content\/uploads\/2022\/12\/bantam-logo.png","width":320,"height":71,"caption":"Bantam Wankm\u00fcller SA"},"image":{"@id":"https:\/\/shop.bantam.ch\/fr\/#\/schema\/logo\/image\/"}}]}},"_links":{"self":[{"href":"https:\/\/shop.bantam.ch\/fr\/wp-json\/wp\/v2\/product\/188723","targetHints":{"allow":["GET"]}}],"collection":[{"href":"https:\/\/shop.bantam.ch\/fr\/wp-json\/wp\/v2\/product"}],"about":[{"href":"https:\/\/shop.bantam.ch\/fr\/wp-json\/wp\/v2\/types\/product"}],"wp:featuredmedia":[{"embeddable":true,"href":"https:\/\/shop.bantam.ch\/fr\/wp-json\/wp\/v2\/media\/188719"}],"wp:attachment":[{"href":"https:\/\/shop.bantam.ch\/fr\/wp-json\/wp\/v2\/media?parent=188723"}],"wp:term":[{"taxonomy":"product_featured_cat","embeddable":true,"href":"https:\/\/shop.bantam.ch\/fr\/wp-json\/wp\/v2\/product_featured_cat?post=188723"},{"taxonomy":"product_brand","embeddable":true,"href":"https:\/\/shop.bantam.ch\/fr\/wp-json\/wp\/v2\/product_brand?post=188723"},{"taxonomy":"product_cat","embeddable":true,"href":"https:\/\/shop.bantam.ch\/fr\/wp-json\/wp\/v2\/product_cat?post=188723"},{"taxonomy":"product_tag","embeddable":true,"href":"https:\/\/shop.bantam.ch\/fr\/wp-json\/wp\/v2\/product_tag?post=188723"}],"curies":[{"name":"wp","href":"https:\/\/api.w.org\/{rel}","templated":true}]}}