{"id":188717,"date":"2024-03-15T10:30:47","date_gmt":"2024-03-15T09:30:47","guid":{"rendered":"https:\/\/shop.bantam.ch\/produit\/volet-exterieur-isolant-rabattable-ducato-a-partir-de-2007\/"},"modified":"2026-04-18T22:55:58","modified_gmt":"2026-04-18T20:55:58","slug":"volet-exterieur-isolant-rabattable-ducato-a-partir-de-2007","status":"publish","type":"product","link":"https:\/\/shop.bantam.ch\/fr\/produit\/volet-exterieur-isolant-rabattable-ducato-a-partir-de-2007\/","title":{"rendered":"Volet ext\u00e9rieur isolant rabattable Ducato, \u00e0 partir de 2007"},"content":{"rendered":"<p>Volet d&rsquo;abattable. Son syst\u00e8me d&rsquo;ouverture partielle au niveau du pare-brise permet de profiter des rayons du soleil \u00e0 l&rsquo;int\u00e9rieur tout en laissant le dispositif en place.<\/p>\n<p>Ce volet isolant couvre pare-brise et vitres avant en une seule pi\u00e8ce.<\/p>\n<p>Pratique et facile \u00e0 positionner, ce volet occultant isotherme sera rang\u00e9 dans son sac fourni. Sa composition sp\u00e9ciale permet d\u2019isoler, de l\u2019ext\u00e9rieur, la cabine et d\u2019\u00e9liminer la condensation hivernale g\u00eanante qui peut se cr\u00e9er \u00e0 l\u2019int\u00e9rieur.<br \/>\nCe volet occultant isotherme est con\u00e7u sp\u00e9cifiquement pour repousser la lumi\u00e8re du soleil et le froid (jusqu\u2019\u00e0 -20 \u00b0C).<br \/>\nDans les coins sup\u00e9rieurs, les \u00e9lastiques seront coinc\u00e9s \u00e0 la fermeture des 2 portes maintenant ainsi le volet.<br \/>\nSous les r\u00e9troviseurs, une bande velcro permet un maintien parfait du produit et une fixation rapide.<br \/>\nIsolation PVC de 6 mm.<br \/>\nBande velcro sous les r\u00e9troviseurs pour une fixation rapide.<\/p>\n","protected":false},"excerpt":{"rendered":"<p>Volet d&rsquo;abattable. Son syst\u00e8me d&rsquo;ouverture partielle au niveau du pare-brise permet de profiter des rayons du soleil \u00e0 l&rsquo;int\u00e9rieur tout en laissant le dispositif en place. Ce volet isolant couvre pare-brise et vitres avant en une seule pi\u00e8ce. Pratique et facile \u00e0 positionner, ce volet occultant isotherme sera rang\u00e9 dans son sac fourni. Sa composition [&hellip;]<\/p>\n","protected":false},"featured_media":188715,"template":"","meta":{"_acf_changed":false},"product_featured_cat":[3925,5296],"product_brand":[3712],"product_cat":[4645],"product_tag":[],"class_list":{"0":"post-188717","1":"product","2":"type-product","3":"status-publish","4":"has-post-thumbnail","6":"product_featured_cat-prix-bantam","7":"product_featured_cat-prix-bantam-hindelbank-fr","8":"product_brand-alpa","9":"product_cat-accessoires-pour-couvertures-et-matelas-thermiques","11":"first","12":"instock","13":"taxable","14":"shipping-taxable","15":"purchasable","16":"product-type-simple"},"acf":[],"yoast_head":"<!-- This site is optimized with the Yoast SEO plugin v27.4 - https:\/\/yoast.com\/product\/yoast-seo-wordpress\/ -->\n<title>Volet ext\u00e9rieur isolant rabattable Ducato, \u00e0 partir de 2007 - Bantam Wankm\u00fcller SA<\/title>\n<meta name=\"robots\" content=\"index, follow, max-snippet:-1, max-image-preview:large, max-video-preview:-1\" \/>\n<link rel=\"canonical\" href=\"https:\/\/shop.bantam.ch\/fr\/produit\/volet-exterieur-isolant-rabattable-ducato-a-partir-de-2007\/\" \/>\n<meta property=\"og:locale\" content=\"fr_FR\" \/>\n<meta property=\"og:type\" content=\"article\" \/>\n<meta property=\"og:title\" content=\"Volet ext\u00e9rieur isolant rabattable Ducato, \u00e0 partir de 2007 - Bantam Wankm\u00fcller SA\" \/>\n<meta property=\"og:description\" content=\"Volet d&rsquo;abattable. Son syst\u00e8me d&rsquo;ouverture partielle au niveau du pare-brise permet de profiter des rayons du soleil \u00e0 l&rsquo;int\u00e9rieur tout en laissant le dispositif en place. Ce volet isolant couvre pare-brise et vitres avant en une seule pi\u00e8ce. Pratique et facile \u00e0 positionner, ce volet occultant isotherme sera rang\u00e9 dans son sac fourni. Sa composition [&hellip;]\" \/>\n<meta property=\"og:url\" content=\"https:\/\/shop.bantam.ch\/fr\/produit\/volet-exterieur-isolant-rabattable-ducato-a-partir-de-2007\/\" \/>\n<meta property=\"og:site_name\" content=\"Bantam Wankm\u00fcller SA\" \/>\n<meta property=\"article:modified_time\" content=\"2026-04-18T20:55:58+00:00\" \/>\n<meta property=\"og:image\" content=\"https:\/\/shop.bantam.ch\/wp-content\/uploads\/2023\/12\/volet-exterieur-isolant-rabattable-ducato-a-partir-de-2007.jpg\" \/>\n\t<meta property=\"og:image:width\" content=\"458\" \/>\n\t<meta property=\"og:image:height\" content=\"458\" \/>\n\t<meta property=\"og:image:type\" content=\"image\/jpeg\" \/>\n<meta name=\"twitter:card\" content=\"summary_large_image\" \/>\n<meta name=\"twitter:label1\" content=\"Dur\u00e9e de lecture estim\u00e9e\" \/>\n\t<meta name=\"twitter:data1\" content=\"1 minute\" \/>\n<script type=\"application\/ld+json\" class=\"yoast-schema-graph\">{\"@context\":\"https:\\\/\\\/schema.org\",\"@graph\":[{\"@type\":\"WebPage\",\"@id\":\"https:\\\/\\\/shop.bantam.ch\\\/fr\\\/produit\\\/volet-exterieur-isolant-rabattable-ducato-a-partir-de-2007\\\/\",\"url\":\"https:\\\/\\\/shop.bantam.ch\\\/fr\\\/produit\\\/volet-exterieur-isolant-rabattable-ducato-a-partir-de-2007\\\/\",\"name\":\"Volet ext\u00e9rieur isolant rabattable Ducato, \u00e0 partir de 2007 - Bantam Wankm\u00fcller SA\",\"isPartOf\":{\"@id\":\"https:\\\/\\\/shop.bantam.ch\\\/fr\\\/#website\"},\"primaryImageOfPage\":{\"@id\":\"https:\\\/\\\/shop.bantam.ch\\\/fr\\\/produit\\\/volet-exterieur-isolant-rabattable-ducato-a-partir-de-2007\\\/#primaryimage\"},\"image\":{\"@id\":\"https:\\\/\\\/shop.bantam.ch\\\/fr\\\/produit\\\/volet-exterieur-isolant-rabattable-ducato-a-partir-de-2007\\\/#primaryimage\"},\"thumbnailUrl\":\"https:\\\/\\\/shop.bantam.ch\\\/wp-content\\\/uploads\\\/2023\\\/12\\\/volet-exterieur-isolant-rabattable-ducato-a-partir-de-2007.jpg\",\"datePublished\":\"2024-03-15T09:30:47+00:00\",\"dateModified\":\"2026-04-18T20:55:58+00:00\",\"breadcrumb\":{\"@id\":\"https:\\\/\\\/shop.bantam.ch\\\/fr\\\/produit\\\/volet-exterieur-isolant-rabattable-ducato-a-partir-de-2007\\\/#breadcrumb\"},\"inLanguage\":\"fr-FR\",\"potentialAction\":[{\"@type\":\"ReadAction\",\"target\":[\"https:\\\/\\\/shop.bantam.ch\\\/fr\\\/produit\\\/volet-exterieur-isolant-rabattable-ducato-a-partir-de-2007\\\/\"]}]},{\"@type\":\"ImageObject\",\"inLanguage\":\"fr-FR\",\"@id\":\"https:\\\/\\\/shop.bantam.ch\\\/fr\\\/produit\\\/volet-exterieur-isolant-rabattable-ducato-a-partir-de-2007\\\/#primaryimage\",\"url\":\"https:\\\/\\\/shop.bantam.ch\\\/wp-content\\\/uploads\\\/2023\\\/12\\\/volet-exterieur-isolant-rabattable-ducato-a-partir-de-2007.jpg\",\"contentUrl\":\"https:\\\/\\\/shop.bantam.ch\\\/wp-content\\\/uploads\\\/2023\\\/12\\\/volet-exterieur-isolant-rabattable-ducato-a-partir-de-2007.jpg\",\"width\":458,\"height\":458},{\"@type\":\"BreadcrumbList\",\"@id\":\"https:\\\/\\\/shop.bantam.ch\\\/fr\\\/produit\\\/volet-exterieur-isolant-rabattable-ducato-a-partir-de-2007\\\/#breadcrumb\",\"itemListElement\":[{\"@type\":\"ListItem\",\"position\":1,\"name\":\"Accueil\",\"item\":\"https:\\\/\\\/shop.bantam.ch\\\/fr\\\/\"},{\"@type\":\"ListItem\",\"position\":2,\"name\":\"Boutique\",\"item\":\"https:\\\/\\\/shop.bantam.ch\\\/fr\\\/boutique\\\/\"},{\"@type\":\"ListItem\",\"position\":3,\"name\":\"Volet ext\u00e9rieur isolant rabattable Ducato, \u00e0 partir de 2007\"}]},{\"@type\":\"WebSite\",\"@id\":\"https:\\\/\\\/shop.bantam.ch\\\/fr\\\/#website\",\"url\":\"https:\\\/\\\/shop.bantam.ch\\\/fr\\\/\",\"name\":\"Bantam Wankm\u00fcller SA\",\"description\":\"\",\"publisher\":{\"@id\":\"https:\\\/\\\/shop.bantam.ch\\\/fr\\\/#organization\"},\"inLanguage\":\"fr-FR\"},{\"@type\":\"Organization\",\"@id\":\"https:\\\/\\\/shop.bantam.ch\\\/fr\\\/#organization\",\"name\":\"Bantam Wankm\u00fcller SA\",\"url\":\"https:\\\/\\\/shop.bantam.ch\\\/fr\\\/\",\"logo\":{\"@type\":\"ImageObject\",\"inLanguage\":\"fr-FR\",\"@id\":\"https:\\\/\\\/shop.bantam.ch\\\/fr\\\/#\\\/schema\\\/logo\\\/image\\\/\",\"url\":\"https:\\\/\\\/shop.bantam.ch\\\/wp-content\\\/uploads\\\/2022\\\/12\\\/bantam-logo.png\",\"contentUrl\":\"https:\\\/\\\/shop.bantam.ch\\\/wp-content\\\/uploads\\\/2022\\\/12\\\/bantam-logo.png\",\"width\":320,\"height\":71,\"caption\":\"Bantam Wankm\u00fcller SA\"},\"image\":{\"@id\":\"https:\\\/\\\/shop.bantam.ch\\\/fr\\\/#\\\/schema\\\/logo\\\/image\\\/\"}}]}<\/script>\n<!-- \/ Yoast SEO plugin. -->","yoast_head_json":{"title":"Volet ext\u00e9rieur isolant rabattable Ducato, \u00e0 partir de 2007 - Bantam Wankm\u00fcller SA","robots":{"index":"index","follow":"follow","max-snippet":"max-snippet:-1","max-image-preview":"max-image-preview:large","max-video-preview":"max-video-preview:-1"},"canonical":"https:\/\/shop.bantam.ch\/fr\/produit\/volet-exterieur-isolant-rabattable-ducato-a-partir-de-2007\/","og_locale":"fr_FR","og_type":"article","og_title":"Volet ext\u00e9rieur isolant rabattable Ducato, \u00e0 partir de 2007 - Bantam Wankm\u00fcller SA","og_description":"Volet d&rsquo;abattable. Son syst\u00e8me d&rsquo;ouverture partielle au niveau du pare-brise permet de profiter des rayons du soleil \u00e0 l&rsquo;int\u00e9rieur tout en laissant le dispositif en place. Ce volet isolant couvre pare-brise et vitres avant en une seule pi\u00e8ce. Pratique et facile \u00e0 positionner, ce volet occultant isotherme sera rang\u00e9 dans son sac fourni. Sa composition [&hellip;]","og_url":"https:\/\/shop.bantam.ch\/fr\/produit\/volet-exterieur-isolant-rabattable-ducato-a-partir-de-2007\/","og_site_name":"Bantam Wankm\u00fcller SA","article_modified_time":"2026-04-18T20:55:58+00:00","og_image":[{"width":458,"height":458,"url":"https:\/\/shop.bantam.ch\/wp-content\/uploads\/2023\/12\/volet-exterieur-isolant-rabattable-ducato-a-partir-de-2007.jpg","type":"image\/jpeg"}],"twitter_card":"summary_large_image","twitter_misc":{"Dur\u00e9e de lecture estim\u00e9e":"1 minute"},"schema":{"@context":"https:\/\/schema.org","@graph":[{"@type":"WebPage","@id":"https:\/\/shop.bantam.ch\/fr\/produit\/volet-exterieur-isolant-rabattable-ducato-a-partir-de-2007\/","url":"https:\/\/shop.bantam.ch\/fr\/produit\/volet-exterieur-isolant-rabattable-ducato-a-partir-de-2007\/","name":"Volet ext\u00e9rieur isolant rabattable Ducato, \u00e0 partir de 2007 - Bantam Wankm\u00fcller SA","isPartOf":{"@id":"https:\/\/shop.bantam.ch\/fr\/#website"},"primaryImageOfPage":{"@id":"https:\/\/shop.bantam.ch\/fr\/produit\/volet-exterieur-isolant-rabattable-ducato-a-partir-de-2007\/#primaryimage"},"image":{"@id":"https:\/\/shop.bantam.ch\/fr\/produit\/volet-exterieur-isolant-rabattable-ducato-a-partir-de-2007\/#primaryimage"},"thumbnailUrl":"https:\/\/shop.bantam.ch\/wp-content\/uploads\/2023\/12\/volet-exterieur-isolant-rabattable-ducato-a-partir-de-2007.jpg","datePublished":"2024-03-15T09:30:47+00:00","dateModified":"2026-04-18T20:55:58+00:00","breadcrumb":{"@id":"https:\/\/shop.bantam.ch\/fr\/produit\/volet-exterieur-isolant-rabattable-ducato-a-partir-de-2007\/#breadcrumb"},"inLanguage":"fr-FR","potentialAction":[{"@type":"ReadAction","target":["https:\/\/shop.bantam.ch\/fr\/produit\/volet-exterieur-isolant-rabattable-ducato-a-partir-de-2007\/"]}]},{"@type":"ImageObject","inLanguage":"fr-FR","@id":"https:\/\/shop.bantam.ch\/fr\/produit\/volet-exterieur-isolant-rabattable-ducato-a-partir-de-2007\/#primaryimage","url":"https:\/\/shop.bantam.ch\/wp-content\/uploads\/2023\/12\/volet-exterieur-isolant-rabattable-ducato-a-partir-de-2007.jpg","contentUrl":"https:\/\/shop.bantam.ch\/wp-content\/uploads\/2023\/12\/volet-exterieur-isolant-rabattable-ducato-a-partir-de-2007.jpg","width":458,"height":458},{"@type":"BreadcrumbList","@id":"https:\/\/shop.bantam.ch\/fr\/produit\/volet-exterieur-isolant-rabattable-ducato-a-partir-de-2007\/#breadcrumb","itemListElement":[{"@type":"ListItem","position":1,"name":"Accueil","item":"https:\/\/shop.bantam.ch\/fr\/"},{"@type":"ListItem","position":2,"name":"Boutique","item":"https:\/\/shop.bantam.ch\/fr\/boutique\/"},{"@type":"ListItem","position":3,"name":"Volet ext\u00e9rieur isolant rabattable Ducato, \u00e0 partir de 2007"}]},{"@type":"WebSite","@id":"https:\/\/shop.bantam.ch\/fr\/#website","url":"https:\/\/shop.bantam.ch\/fr\/","name":"Bantam Wankm\u00fcller SA","description":"","publisher":{"@id":"https:\/\/shop.bantam.ch\/fr\/#organization"},"inLanguage":"fr-FR"},{"@type":"Organization","@id":"https:\/\/shop.bantam.ch\/fr\/#organization","name":"Bantam Wankm\u00fcller SA","url":"https:\/\/shop.bantam.ch\/fr\/","logo":{"@type":"ImageObject","inLanguage":"fr-FR","@id":"https:\/\/shop.bantam.ch\/fr\/#\/schema\/logo\/image\/","url":"https:\/\/shop.bantam.ch\/wp-content\/uploads\/2022\/12\/bantam-logo.png","contentUrl":"https:\/\/shop.bantam.ch\/wp-content\/uploads\/2022\/12\/bantam-logo.png","width":320,"height":71,"caption":"Bantam Wankm\u00fcller SA"},"image":{"@id":"https:\/\/shop.bantam.ch\/fr\/#\/schema\/logo\/image\/"}}]}},"_links":{"self":[{"href":"https:\/\/shop.bantam.ch\/fr\/wp-json\/wp\/v2\/product\/188717","targetHints":{"allow":["GET"]}}],"collection":[{"href":"https:\/\/shop.bantam.ch\/fr\/wp-json\/wp\/v2\/product"}],"about":[{"href":"https:\/\/shop.bantam.ch\/fr\/wp-json\/wp\/v2\/types\/product"}],"wp:featuredmedia":[{"embeddable":true,"href":"https:\/\/shop.bantam.ch\/fr\/wp-json\/wp\/v2\/media\/188715"}],"wp:attachment":[{"href":"https:\/\/shop.bantam.ch\/fr\/wp-json\/wp\/v2\/media?parent=188717"}],"wp:term":[{"taxonomy":"product_featured_cat","embeddable":true,"href":"https:\/\/shop.bantam.ch\/fr\/wp-json\/wp\/v2\/product_featured_cat?post=188717"},{"taxonomy":"product_brand","embeddable":true,"href":"https:\/\/shop.bantam.ch\/fr\/wp-json\/wp\/v2\/product_brand?post=188717"},{"taxonomy":"product_cat","embeddable":true,"href":"https:\/\/shop.bantam.ch\/fr\/wp-json\/wp\/v2\/product_cat?post=188717"},{"taxonomy":"product_tag","embeddable":true,"href":"https:\/\/shop.bantam.ch\/fr\/wp-json\/wp\/v2\/product_tag?post=188717"}],"curies":[{"name":"wp","href":"https:\/\/api.w.org\/{rel}","templated":true}]}}