{"id":188634,"date":"2023-12-26T12:04:23","date_gmt":"2023-12-26T11:04:23","guid":{"rendered":"https:\/\/shop.bantam.ch\/produit\/guide-campings-de-reve\/"},"modified":"2026-04-19T22:58:09","modified_gmt":"2026-04-19T20:58:09","slug":"guide-campings-de-reve","status":"publish","type":"product","link":"https:\/\/shop.bantam.ch\/fr\/produit\/guide-campings-de-reve\/","title":{"rendered":"Guide Campings de R\u00eave 2025"},"content":{"rendered":"<p class=\"MsoNormal\"><span>Le guide des campings de r\u00eave vous propose pr\u00e8s<br \/>\nde 238 campings en France.\u00a0Ces \u00e9tablissements repr\u00e9sentent la plus belle vitrine du camping en France, de<br \/>\nv\u00e9ritables ambassadeurs de la qualit\u00e9.\u00a0Ce sont de r\u00e9els clubs de vacances qui offrent des animations pour petits et<br \/>\ngrands. De l&rsquo;\u00e9picerie au restaurant sans oublier bien s\u00fbr le complexe<br \/>\naquatique, ces clubs ne sont pas en reste non plus sur l&rsquo;ensemble des<br \/>\n\u00e9quipements pour vos locations : mobile-homes, chalets mais aussi des<br \/>\nemplacements traditionnels. Tout pour s\u00e9duire la famille enti\u00e8re.\u00a05 coups de c\u0153ur les distinguent : le complexe aquatique, les animations club<br \/>\nenfants, les services, le site environnement paysager, la basse saison.\u00a0Pour chaque terrain, une information pr\u00e9cise et d\u00e9taill\u00e9e :<br \/>\n&#8211; Les prestations propos\u00e9es et leurs dates\u00a0&#8211; Les tarifs des emplacements et des locations, les coordonn\u00e9es et les dates<br \/>\nd&rsquo;ouverture\u00a0&#8211; Deux photos illustrent l&rsquo;ambiance de chaque terrain. Un \u00ab\u00a0coup de<br \/>\nc\u0153ur\u00a0\u00bb ainsi que l&rsquo;avis du journaliste enrichissent chaque s\u00e9lection.\u00a0De plus cette ann\u00e9e retrouvez \u00e0 la fin de votre guide une s\u00e9lection des plus<br \/>\nbeaux sites touristiques proches des campings, pour vous aider \u00e0 organiser<br \/>\nvotre s\u00e9jour.<\/span><\/p>\n","protected":false},"excerpt":{"rendered":"<p>Le guide des campings de r\u00eave vous propose pr\u00e8s de 238 campings en France.\u00a0Ces \u00e9tablissements repr\u00e9sentent la plus belle vitrine du camping en France, de v\u00e9ritables ambassadeurs de la qualit\u00e9.\u00a0Ce sont de r\u00e9els clubs de vacances qui offrent des animations pour petits et grands. De l&rsquo;\u00e9picerie au restaurant sans oublier bien s\u00fbr le complexe aquatique, [&hellip;]<\/p>\n","protected":false},"featured_media":209353,"template":"","meta":{"_acf_changed":false},"product_featured_cat":[],"product_brand":[3032],"product_cat":[4345],"product_tag":[],"class_list":{"0":"post-188634","1":"product","2":"type-product","3":"status-publish","4":"has-post-thumbnail","6":"product_brand-standard","7":"product_cat-guides-des-emplacements","9":"first","10":"instock","11":"taxable","12":"shipping-taxable","13":"purchasable","14":"product-type-simple"},"acf":[],"yoast_head":"<!-- This site is optimized with the Yoast SEO plugin v27.4 - https:\/\/yoast.com\/product\/yoast-seo-wordpress\/ -->\n<title>Guide Campings de R\u00eave 2025 - Bantam Wankm\u00fcller SA<\/title>\n<meta name=\"robots\" content=\"index, follow, max-snippet:-1, max-image-preview:large, max-video-preview:-1\" \/>\n<link rel=\"canonical\" href=\"https:\/\/shop.bantam.ch\/fr\/produit\/guide-campings-de-reve\/\" \/>\n<meta property=\"og:locale\" content=\"fr_FR\" \/>\n<meta property=\"og:type\" content=\"article\" \/>\n<meta property=\"og:title\" content=\"Guide Campings de R\u00eave 2025 - Bantam Wankm\u00fcller SA\" \/>\n<meta property=\"og:description\" content=\"Le guide des campings de r\u00eave vous propose pr\u00e8s de 238 campings en France.\u00a0Ces \u00e9tablissements repr\u00e9sentent la plus belle vitrine du camping en France, de v\u00e9ritables ambassadeurs de la qualit\u00e9.\u00a0Ce sont de r\u00e9els clubs de vacances qui offrent des animations pour petits et grands. De l&rsquo;\u00e9picerie au restaurant sans oublier bien s\u00fbr le complexe aquatique, [&hellip;]\" \/>\n<meta property=\"og:url\" content=\"https:\/\/shop.bantam.ch\/fr\/produit\/guide-campings-de-reve\/\" \/>\n<meta property=\"og:site_name\" content=\"Bantam Wankm\u00fcller SA\" \/>\n<meta property=\"article:modified_time\" content=\"2026-04-19T20:58:09+00:00\" \/>\n<meta property=\"og:image\" content=\"https:\/\/shop.bantam.ch\/wp-content\/uploads\/2025\/02\/REVE-COUV-2025_MLP-600-px.jpg\" \/>\n\t<meta property=\"og:image:width\" content=\"600\" \/>\n\t<meta property=\"og:image:height\" content=\"951\" \/>\n\t<meta property=\"og:image:type\" content=\"image\/jpeg\" \/>\n<meta name=\"twitter:card\" content=\"summary_large_image\" \/>\n<meta name=\"twitter:label1\" content=\"Dur\u00e9e de lecture estim\u00e9e\" \/>\n\t<meta name=\"twitter:data1\" content=\"1 minute\" \/>\n<script type=\"application\/ld+json\" class=\"yoast-schema-graph\">{\"@context\":\"https:\\\/\\\/schema.org\",\"@graph\":[{\"@type\":\"WebPage\",\"@id\":\"https:\\\/\\\/shop.bantam.ch\\\/fr\\\/produit\\\/guide-campings-de-reve\\\/\",\"url\":\"https:\\\/\\\/shop.bantam.ch\\\/fr\\\/produit\\\/guide-campings-de-reve\\\/\",\"name\":\"Guide Campings de R\u00eave 2025 - Bantam Wankm\u00fcller SA\",\"isPartOf\":{\"@id\":\"https:\\\/\\\/shop.bantam.ch\\\/fr\\\/#website\"},\"primaryImageOfPage\":{\"@id\":\"https:\\\/\\\/shop.bantam.ch\\\/fr\\\/produit\\\/guide-campings-de-reve\\\/#primaryimage\"},\"image\":{\"@id\":\"https:\\\/\\\/shop.bantam.ch\\\/fr\\\/produit\\\/guide-campings-de-reve\\\/#primaryimage\"},\"thumbnailUrl\":\"https:\\\/\\\/shop.bantam.ch\\\/wp-content\\\/uploads\\\/2025\\\/02\\\/REVE-COUV-2025_MLP-600-px.jpg\",\"datePublished\":\"2023-12-26T11:04:23+00:00\",\"dateModified\":\"2026-04-19T20:58:09+00:00\",\"breadcrumb\":{\"@id\":\"https:\\\/\\\/shop.bantam.ch\\\/fr\\\/produit\\\/guide-campings-de-reve\\\/#breadcrumb\"},\"inLanguage\":\"fr-FR\",\"potentialAction\":[{\"@type\":\"ReadAction\",\"target\":[\"https:\\\/\\\/shop.bantam.ch\\\/fr\\\/produit\\\/guide-campings-de-reve\\\/\"]}]},{\"@type\":\"ImageObject\",\"inLanguage\":\"fr-FR\",\"@id\":\"https:\\\/\\\/shop.bantam.ch\\\/fr\\\/produit\\\/guide-campings-de-reve\\\/#primaryimage\",\"url\":\"https:\\\/\\\/shop.bantam.ch\\\/wp-content\\\/uploads\\\/2025\\\/02\\\/REVE-COUV-2025_MLP-600-px.jpg\",\"contentUrl\":\"https:\\\/\\\/shop.bantam.ch\\\/wp-content\\\/uploads\\\/2025\\\/02\\\/REVE-COUV-2025_MLP-600-px.jpg\",\"width\":600,\"height\":951},{\"@type\":\"BreadcrumbList\",\"@id\":\"https:\\\/\\\/shop.bantam.ch\\\/fr\\\/produit\\\/guide-campings-de-reve\\\/#breadcrumb\",\"itemListElement\":[{\"@type\":\"ListItem\",\"position\":1,\"name\":\"Accueil\",\"item\":\"https:\\\/\\\/shop.bantam.ch\\\/fr\\\/\"},{\"@type\":\"ListItem\",\"position\":2,\"name\":\"Boutique\",\"item\":\"https:\\\/\\\/shop.bantam.ch\\\/fr\\\/boutique\\\/\"},{\"@type\":\"ListItem\",\"position\":3,\"name\":\"Guide Campings de R\u00eave 2025\"}]},{\"@type\":\"WebSite\",\"@id\":\"https:\\\/\\\/shop.bantam.ch\\\/fr\\\/#website\",\"url\":\"https:\\\/\\\/shop.bantam.ch\\\/fr\\\/\",\"name\":\"Bantam Wankm\u00fcller SA\",\"description\":\"\",\"publisher\":{\"@id\":\"https:\\\/\\\/shop.bantam.ch\\\/fr\\\/#organization\"},\"inLanguage\":\"fr-FR\"},{\"@type\":\"Organization\",\"@id\":\"https:\\\/\\\/shop.bantam.ch\\\/fr\\\/#organization\",\"name\":\"Bantam Wankm\u00fcller SA\",\"url\":\"https:\\\/\\\/shop.bantam.ch\\\/fr\\\/\",\"logo\":{\"@type\":\"ImageObject\",\"inLanguage\":\"fr-FR\",\"@id\":\"https:\\\/\\\/shop.bantam.ch\\\/fr\\\/#\\\/schema\\\/logo\\\/image\\\/\",\"url\":\"https:\\\/\\\/shop.bantam.ch\\\/wp-content\\\/uploads\\\/2022\\\/12\\\/bantam-logo.png\",\"contentUrl\":\"https:\\\/\\\/shop.bantam.ch\\\/wp-content\\\/uploads\\\/2022\\\/12\\\/bantam-logo.png\",\"width\":320,\"height\":71,\"caption\":\"Bantam Wankm\u00fcller SA\"},\"image\":{\"@id\":\"https:\\\/\\\/shop.bantam.ch\\\/fr\\\/#\\\/schema\\\/logo\\\/image\\\/\"}}]}<\/script>\n<!-- \/ Yoast SEO plugin. -->","yoast_head_json":{"title":"Guide Campings de R\u00eave 2025 - Bantam Wankm\u00fcller SA","robots":{"index":"index","follow":"follow","max-snippet":"max-snippet:-1","max-image-preview":"max-image-preview:large","max-video-preview":"max-video-preview:-1"},"canonical":"https:\/\/shop.bantam.ch\/fr\/produit\/guide-campings-de-reve\/","og_locale":"fr_FR","og_type":"article","og_title":"Guide Campings de R\u00eave 2025 - Bantam Wankm\u00fcller SA","og_description":"Le guide des campings de r\u00eave vous propose pr\u00e8s de 238 campings en France.\u00a0Ces \u00e9tablissements repr\u00e9sentent la plus belle vitrine du camping en France, de v\u00e9ritables ambassadeurs de la qualit\u00e9.\u00a0Ce sont de r\u00e9els clubs de vacances qui offrent des animations pour petits et grands. De l&rsquo;\u00e9picerie au restaurant sans oublier bien s\u00fbr le complexe aquatique, [&hellip;]","og_url":"https:\/\/shop.bantam.ch\/fr\/produit\/guide-campings-de-reve\/","og_site_name":"Bantam Wankm\u00fcller SA","article_modified_time":"2026-04-19T20:58:09+00:00","og_image":[{"width":600,"height":951,"url":"https:\/\/shop.bantam.ch\/wp-content\/uploads\/2025\/02\/REVE-COUV-2025_MLP-600-px.jpg","type":"image\/jpeg"}],"twitter_card":"summary_large_image","twitter_misc":{"Dur\u00e9e de lecture estim\u00e9e":"1 minute"},"schema":{"@context":"https:\/\/schema.org","@graph":[{"@type":"WebPage","@id":"https:\/\/shop.bantam.ch\/fr\/produit\/guide-campings-de-reve\/","url":"https:\/\/shop.bantam.ch\/fr\/produit\/guide-campings-de-reve\/","name":"Guide Campings de R\u00eave 2025 - Bantam Wankm\u00fcller SA","isPartOf":{"@id":"https:\/\/shop.bantam.ch\/fr\/#website"},"primaryImageOfPage":{"@id":"https:\/\/shop.bantam.ch\/fr\/produit\/guide-campings-de-reve\/#primaryimage"},"image":{"@id":"https:\/\/shop.bantam.ch\/fr\/produit\/guide-campings-de-reve\/#primaryimage"},"thumbnailUrl":"https:\/\/shop.bantam.ch\/wp-content\/uploads\/2025\/02\/REVE-COUV-2025_MLP-600-px.jpg","datePublished":"2023-12-26T11:04:23+00:00","dateModified":"2026-04-19T20:58:09+00:00","breadcrumb":{"@id":"https:\/\/shop.bantam.ch\/fr\/produit\/guide-campings-de-reve\/#breadcrumb"},"inLanguage":"fr-FR","potentialAction":[{"@type":"ReadAction","target":["https:\/\/shop.bantam.ch\/fr\/produit\/guide-campings-de-reve\/"]}]},{"@type":"ImageObject","inLanguage":"fr-FR","@id":"https:\/\/shop.bantam.ch\/fr\/produit\/guide-campings-de-reve\/#primaryimage","url":"https:\/\/shop.bantam.ch\/wp-content\/uploads\/2025\/02\/REVE-COUV-2025_MLP-600-px.jpg","contentUrl":"https:\/\/shop.bantam.ch\/wp-content\/uploads\/2025\/02\/REVE-COUV-2025_MLP-600-px.jpg","width":600,"height":951},{"@type":"BreadcrumbList","@id":"https:\/\/shop.bantam.ch\/fr\/produit\/guide-campings-de-reve\/#breadcrumb","itemListElement":[{"@type":"ListItem","position":1,"name":"Accueil","item":"https:\/\/shop.bantam.ch\/fr\/"},{"@type":"ListItem","position":2,"name":"Boutique","item":"https:\/\/shop.bantam.ch\/fr\/boutique\/"},{"@type":"ListItem","position":3,"name":"Guide Campings de R\u00eave 2025"}]},{"@type":"WebSite","@id":"https:\/\/shop.bantam.ch\/fr\/#website","url":"https:\/\/shop.bantam.ch\/fr\/","name":"Bantam Wankm\u00fcller SA","description":"","publisher":{"@id":"https:\/\/shop.bantam.ch\/fr\/#organization"},"inLanguage":"fr-FR"},{"@type":"Organization","@id":"https:\/\/shop.bantam.ch\/fr\/#organization","name":"Bantam Wankm\u00fcller SA","url":"https:\/\/shop.bantam.ch\/fr\/","logo":{"@type":"ImageObject","inLanguage":"fr-FR","@id":"https:\/\/shop.bantam.ch\/fr\/#\/schema\/logo\/image\/","url":"https:\/\/shop.bantam.ch\/wp-content\/uploads\/2022\/12\/bantam-logo.png","contentUrl":"https:\/\/shop.bantam.ch\/wp-content\/uploads\/2022\/12\/bantam-logo.png","width":320,"height":71,"caption":"Bantam Wankm\u00fcller SA"},"image":{"@id":"https:\/\/shop.bantam.ch\/fr\/#\/schema\/logo\/image\/"}}]}},"_links":{"self":[{"href":"https:\/\/shop.bantam.ch\/fr\/wp-json\/wp\/v2\/product\/188634","targetHints":{"allow":["GET"]}}],"collection":[{"href":"https:\/\/shop.bantam.ch\/fr\/wp-json\/wp\/v2\/product"}],"about":[{"href":"https:\/\/shop.bantam.ch\/fr\/wp-json\/wp\/v2\/types\/product"}],"wp:featuredmedia":[{"embeddable":true,"href":"https:\/\/shop.bantam.ch\/fr\/wp-json\/wp\/v2\/media\/209353"}],"wp:attachment":[{"href":"https:\/\/shop.bantam.ch\/fr\/wp-json\/wp\/v2\/media?parent=188634"}],"wp:term":[{"taxonomy":"product_featured_cat","embeddable":true,"href":"https:\/\/shop.bantam.ch\/fr\/wp-json\/wp\/v2\/product_featured_cat?post=188634"},{"taxonomy":"product_brand","embeddable":true,"href":"https:\/\/shop.bantam.ch\/fr\/wp-json\/wp\/v2\/product_brand?post=188634"},{"taxonomy":"product_cat","embeddable":true,"href":"https:\/\/shop.bantam.ch\/fr\/wp-json\/wp\/v2\/product_cat?post=188634"},{"taxonomy":"product_tag","embeddable":true,"href":"https:\/\/shop.bantam.ch\/fr\/wp-json\/wp\/v2\/product_tag?post=188634"}],"curies":[{"name":"wp","href":"https:\/\/api.w.org\/{rel}","templated":true}]}}