{"id":188632,"date":"2023-12-26T12:02:31","date_gmt":"2023-12-26T11:02:31","guid":{"rendered":"https:\/\/shop.bantam.ch\/produit\/guide-officiel-camping-caravaning\/"},"modified":"2026-04-18T22:55:39","modified_gmt":"2026-04-18T20:55:39","slug":"guide-officiel-camping-caravaning","status":"publish","type":"product","link":"https:\/\/shop.bantam.ch\/fr\/produit\/guide-officiel-camping-caravaning\/","title":{"rendered":"Guide Officiel Camping Caravaning"},"content":{"rendered":"<p class=\"MsoNormal\"><span>8 229 campings en France : tous les campings<br \/>\nfran\u00e7ais, sans exception, sont r\u00e9pertori\u00e9s dans le Guide Officiel Camping<br \/>\nCaravaning, \u00e9dit\u00e9 par le groupe R\u00e9gicamp, en partenariat avec la FFCC, et<br \/>\nchaque ann\u00e9e remis \u00e0 jour. Ils y sont class\u00e9s par d\u00e9partement, pr\u00e9c\u00e9d\u00e9s d&rsquo;une<br \/>\ncartographie avec localisation des communes o\u00f9 se situe au moins un terrain.\u00a0Vous trouverez pour chaque camping ses coordonn\u00e9es GPS.\u00a0Camper au calme sur un petit terrain municipal bourguignon, louer un<br \/>\nmobile-home ou un chalet \u00ab\u00a0pieds dans l&rsquo;eau\u00a0\u00bb au bord de l&rsquo;Atlantique,<br \/>\npartir en famille dans un camping de style club avec complexe aquatique,<br \/>\nrestaurant et spectacle tous les soirs : tous les choix sont possibles.\u00a0Reflet fid\u00e8le de l&rsquo;h\u00f4tellerie de plein air fran\u00e7aise, le Guide Officiel indique<br \/>\nclairement le classement des terrains, leurs \u00e9quipements, les services et<br \/>\nloisirs propos\u00e9s sur place ainsi que les informations pratiques indispensables.<\/span><\/p>\n","protected":false},"excerpt":{"rendered":"<p>8 229 campings en France : tous les campings fran\u00e7ais, sans exception, sont r\u00e9pertori\u00e9s dans le Guide Officiel Camping Caravaning, \u00e9dit\u00e9 par le groupe R\u00e9gicamp, en partenariat avec la FFCC, et chaque ann\u00e9e remis \u00e0 jour. Ils y sont class\u00e9s par d\u00e9partement, pr\u00e9c\u00e9d\u00e9s d&rsquo;une cartographie avec localisation des communes o\u00f9 se situe au moins un [&hellip;]<\/p>\n","protected":false},"featured_media":209345,"template":"","meta":{"_acf_changed":false},"product_featured_cat":[],"product_brand":[3032],"product_cat":[4345],"product_tag":[],"class_list":{"0":"post-188632","1":"product","2":"type-product","3":"status-publish","4":"has-post-thumbnail","6":"product_brand-standard","7":"product_cat-guides-des-emplacements","9":"first","10":"instock","11":"taxable","12":"shipping-taxable","13":"purchasable","14":"product-type-simple"},"acf":[],"yoast_head":"<!-- This site is optimized with the Yoast SEO plugin v27.4 - https:\/\/yoast.com\/product\/yoast-seo-wordpress\/ -->\n<title>Guide Officiel Camping Caravaning - Bantam Wankm\u00fcller SA<\/title>\n<meta name=\"robots\" content=\"index, follow, max-snippet:-1, max-image-preview:large, max-video-preview:-1\" \/>\n<link rel=\"canonical\" href=\"https:\/\/shop.bantam.ch\/fr\/produit\/guide-officiel-camping-caravaning\/\" \/>\n<meta property=\"og:locale\" content=\"fr_FR\" \/>\n<meta property=\"og:type\" content=\"article\" \/>\n<meta property=\"og:title\" content=\"Guide Officiel Camping Caravaning - Bantam Wankm\u00fcller SA\" \/>\n<meta property=\"og:description\" content=\"8 229 campings en France : tous les campings fran\u00e7ais, sans exception, sont r\u00e9pertori\u00e9s dans le Guide Officiel Camping Caravaning, \u00e9dit\u00e9 par le groupe R\u00e9gicamp, en partenariat avec la FFCC, et chaque ann\u00e9e remis \u00e0 jour. Ils y sont class\u00e9s par d\u00e9partement, pr\u00e9c\u00e9d\u00e9s d&rsquo;une cartographie avec localisation des communes o\u00f9 se situe au moins un [&hellip;]\" \/>\n<meta property=\"og:url\" content=\"https:\/\/shop.bantam.ch\/fr\/produit\/guide-officiel-camping-caravaning\/\" \/>\n<meta property=\"og:site_name\" content=\"Bantam Wankm\u00fcller SA\" \/>\n<meta property=\"article:modified_time\" content=\"2026-04-18T20:55:39+00:00\" \/>\n<meta property=\"og:image\" content=\"https:\/\/shop.bantam.ch\/wp-content\/uploads\/2025\/02\/COUV_GOFF_LIBRAIRIE_2024.jpg\" \/>\n\t<meta property=\"og:image:width\" content=\"1118\" \/>\n\t<meta property=\"og:image:height\" content=\"1811\" \/>\n\t<meta property=\"og:image:type\" content=\"image\/jpeg\" \/>\n<meta name=\"twitter:card\" content=\"summary_large_image\" \/>\n<meta name=\"twitter:label1\" content=\"Dur\u00e9e de lecture estim\u00e9e\" \/>\n\t<meta name=\"twitter:data1\" content=\"1 minute\" \/>\n<script type=\"application\/ld+json\" class=\"yoast-schema-graph\">{\"@context\":\"https:\\\/\\\/schema.org\",\"@graph\":[{\"@type\":\"WebPage\",\"@id\":\"https:\\\/\\\/shop.bantam.ch\\\/fr\\\/produit\\\/guide-officiel-camping-caravaning\\\/\",\"url\":\"https:\\\/\\\/shop.bantam.ch\\\/fr\\\/produit\\\/guide-officiel-camping-caravaning\\\/\",\"name\":\"Guide Officiel Camping Caravaning - Bantam Wankm\u00fcller SA\",\"isPartOf\":{\"@id\":\"https:\\\/\\\/shop.bantam.ch\\\/fr\\\/#website\"},\"primaryImageOfPage\":{\"@id\":\"https:\\\/\\\/shop.bantam.ch\\\/fr\\\/produit\\\/guide-officiel-camping-caravaning\\\/#primaryimage\"},\"image\":{\"@id\":\"https:\\\/\\\/shop.bantam.ch\\\/fr\\\/produit\\\/guide-officiel-camping-caravaning\\\/#primaryimage\"},\"thumbnailUrl\":\"https:\\\/\\\/shop.bantam.ch\\\/wp-content\\\/uploads\\\/2025\\\/02\\\/COUV_GOFF_LIBRAIRIE_2024.jpg\",\"datePublished\":\"2023-12-26T11:02:31+00:00\",\"dateModified\":\"2026-04-18T20:55:39+00:00\",\"breadcrumb\":{\"@id\":\"https:\\\/\\\/shop.bantam.ch\\\/fr\\\/produit\\\/guide-officiel-camping-caravaning\\\/#breadcrumb\"},\"inLanguage\":\"fr-FR\",\"potentialAction\":[{\"@type\":\"ReadAction\",\"target\":[\"https:\\\/\\\/shop.bantam.ch\\\/fr\\\/produit\\\/guide-officiel-camping-caravaning\\\/\"]}]},{\"@type\":\"ImageObject\",\"inLanguage\":\"fr-FR\",\"@id\":\"https:\\\/\\\/shop.bantam.ch\\\/fr\\\/produit\\\/guide-officiel-camping-caravaning\\\/#primaryimage\",\"url\":\"https:\\\/\\\/shop.bantam.ch\\\/wp-content\\\/uploads\\\/2025\\\/02\\\/COUV_GOFF_LIBRAIRIE_2024.jpg\",\"contentUrl\":\"https:\\\/\\\/shop.bantam.ch\\\/wp-content\\\/uploads\\\/2025\\\/02\\\/COUV_GOFF_LIBRAIRIE_2024.jpg\",\"width\":1118,\"height\":1811},{\"@type\":\"BreadcrumbList\",\"@id\":\"https:\\\/\\\/shop.bantam.ch\\\/fr\\\/produit\\\/guide-officiel-camping-caravaning\\\/#breadcrumb\",\"itemListElement\":[{\"@type\":\"ListItem\",\"position\":1,\"name\":\"Accueil\",\"item\":\"https:\\\/\\\/shop.bantam.ch\\\/fr\\\/\"},{\"@type\":\"ListItem\",\"position\":2,\"name\":\"Boutique\",\"item\":\"https:\\\/\\\/shop.bantam.ch\\\/fr\\\/boutique\\\/\"},{\"@type\":\"ListItem\",\"position\":3,\"name\":\"Guide Officiel Camping Caravaning\"}]},{\"@type\":\"WebSite\",\"@id\":\"https:\\\/\\\/shop.bantam.ch\\\/fr\\\/#website\",\"url\":\"https:\\\/\\\/shop.bantam.ch\\\/fr\\\/\",\"name\":\"Bantam Wankm\u00fcller SA\",\"description\":\"\",\"publisher\":{\"@id\":\"https:\\\/\\\/shop.bantam.ch\\\/fr\\\/#organization\"},\"inLanguage\":\"fr-FR\"},{\"@type\":\"Organization\",\"@id\":\"https:\\\/\\\/shop.bantam.ch\\\/fr\\\/#organization\",\"name\":\"Bantam Wankm\u00fcller SA\",\"url\":\"https:\\\/\\\/shop.bantam.ch\\\/fr\\\/\",\"logo\":{\"@type\":\"ImageObject\",\"inLanguage\":\"fr-FR\",\"@id\":\"https:\\\/\\\/shop.bantam.ch\\\/fr\\\/#\\\/schema\\\/logo\\\/image\\\/\",\"url\":\"https:\\\/\\\/shop.bantam.ch\\\/wp-content\\\/uploads\\\/2022\\\/12\\\/bantam-logo.png\",\"contentUrl\":\"https:\\\/\\\/shop.bantam.ch\\\/wp-content\\\/uploads\\\/2022\\\/12\\\/bantam-logo.png\",\"width\":320,\"height\":71,\"caption\":\"Bantam Wankm\u00fcller SA\"},\"image\":{\"@id\":\"https:\\\/\\\/shop.bantam.ch\\\/fr\\\/#\\\/schema\\\/logo\\\/image\\\/\"}}]}<\/script>\n<!-- \/ Yoast SEO plugin. -->","yoast_head_json":{"title":"Guide Officiel Camping Caravaning - Bantam Wankm\u00fcller SA","robots":{"index":"index","follow":"follow","max-snippet":"max-snippet:-1","max-image-preview":"max-image-preview:large","max-video-preview":"max-video-preview:-1"},"canonical":"https:\/\/shop.bantam.ch\/fr\/produit\/guide-officiel-camping-caravaning\/","og_locale":"fr_FR","og_type":"article","og_title":"Guide Officiel Camping Caravaning - Bantam Wankm\u00fcller SA","og_description":"8 229 campings en France : tous les campings fran\u00e7ais, sans exception, sont r\u00e9pertori\u00e9s dans le Guide Officiel Camping Caravaning, \u00e9dit\u00e9 par le groupe R\u00e9gicamp, en partenariat avec la FFCC, et chaque ann\u00e9e remis \u00e0 jour. Ils y sont class\u00e9s par d\u00e9partement, pr\u00e9c\u00e9d\u00e9s d&rsquo;une cartographie avec localisation des communes o\u00f9 se situe au moins un [&hellip;]","og_url":"https:\/\/shop.bantam.ch\/fr\/produit\/guide-officiel-camping-caravaning\/","og_site_name":"Bantam Wankm\u00fcller SA","article_modified_time":"2026-04-18T20:55:39+00:00","og_image":[{"width":1118,"height":1811,"url":"https:\/\/shop.bantam.ch\/wp-content\/uploads\/2025\/02\/COUV_GOFF_LIBRAIRIE_2024.jpg","type":"image\/jpeg"}],"twitter_card":"summary_large_image","twitter_misc":{"Dur\u00e9e de lecture estim\u00e9e":"1 minute"},"schema":{"@context":"https:\/\/schema.org","@graph":[{"@type":"WebPage","@id":"https:\/\/shop.bantam.ch\/fr\/produit\/guide-officiel-camping-caravaning\/","url":"https:\/\/shop.bantam.ch\/fr\/produit\/guide-officiel-camping-caravaning\/","name":"Guide Officiel Camping Caravaning - Bantam Wankm\u00fcller SA","isPartOf":{"@id":"https:\/\/shop.bantam.ch\/fr\/#website"},"primaryImageOfPage":{"@id":"https:\/\/shop.bantam.ch\/fr\/produit\/guide-officiel-camping-caravaning\/#primaryimage"},"image":{"@id":"https:\/\/shop.bantam.ch\/fr\/produit\/guide-officiel-camping-caravaning\/#primaryimage"},"thumbnailUrl":"https:\/\/shop.bantam.ch\/wp-content\/uploads\/2025\/02\/COUV_GOFF_LIBRAIRIE_2024.jpg","datePublished":"2023-12-26T11:02:31+00:00","dateModified":"2026-04-18T20:55:39+00:00","breadcrumb":{"@id":"https:\/\/shop.bantam.ch\/fr\/produit\/guide-officiel-camping-caravaning\/#breadcrumb"},"inLanguage":"fr-FR","potentialAction":[{"@type":"ReadAction","target":["https:\/\/shop.bantam.ch\/fr\/produit\/guide-officiel-camping-caravaning\/"]}]},{"@type":"ImageObject","inLanguage":"fr-FR","@id":"https:\/\/shop.bantam.ch\/fr\/produit\/guide-officiel-camping-caravaning\/#primaryimage","url":"https:\/\/shop.bantam.ch\/wp-content\/uploads\/2025\/02\/COUV_GOFF_LIBRAIRIE_2024.jpg","contentUrl":"https:\/\/shop.bantam.ch\/wp-content\/uploads\/2025\/02\/COUV_GOFF_LIBRAIRIE_2024.jpg","width":1118,"height":1811},{"@type":"BreadcrumbList","@id":"https:\/\/shop.bantam.ch\/fr\/produit\/guide-officiel-camping-caravaning\/#breadcrumb","itemListElement":[{"@type":"ListItem","position":1,"name":"Accueil","item":"https:\/\/shop.bantam.ch\/fr\/"},{"@type":"ListItem","position":2,"name":"Boutique","item":"https:\/\/shop.bantam.ch\/fr\/boutique\/"},{"@type":"ListItem","position":3,"name":"Guide Officiel Camping Caravaning"}]},{"@type":"WebSite","@id":"https:\/\/shop.bantam.ch\/fr\/#website","url":"https:\/\/shop.bantam.ch\/fr\/","name":"Bantam Wankm\u00fcller SA","description":"","publisher":{"@id":"https:\/\/shop.bantam.ch\/fr\/#organization"},"inLanguage":"fr-FR"},{"@type":"Organization","@id":"https:\/\/shop.bantam.ch\/fr\/#organization","name":"Bantam Wankm\u00fcller SA","url":"https:\/\/shop.bantam.ch\/fr\/","logo":{"@type":"ImageObject","inLanguage":"fr-FR","@id":"https:\/\/shop.bantam.ch\/fr\/#\/schema\/logo\/image\/","url":"https:\/\/shop.bantam.ch\/wp-content\/uploads\/2022\/12\/bantam-logo.png","contentUrl":"https:\/\/shop.bantam.ch\/wp-content\/uploads\/2022\/12\/bantam-logo.png","width":320,"height":71,"caption":"Bantam Wankm\u00fcller SA"},"image":{"@id":"https:\/\/shop.bantam.ch\/fr\/#\/schema\/logo\/image\/"}}]}},"_links":{"self":[{"href":"https:\/\/shop.bantam.ch\/fr\/wp-json\/wp\/v2\/product\/188632","targetHints":{"allow":["GET"]}}],"collection":[{"href":"https:\/\/shop.bantam.ch\/fr\/wp-json\/wp\/v2\/product"}],"about":[{"href":"https:\/\/shop.bantam.ch\/fr\/wp-json\/wp\/v2\/types\/product"}],"wp:featuredmedia":[{"embeddable":true,"href":"https:\/\/shop.bantam.ch\/fr\/wp-json\/wp\/v2\/media\/209345"}],"wp:attachment":[{"href":"https:\/\/shop.bantam.ch\/fr\/wp-json\/wp\/v2\/media?parent=188632"}],"wp:term":[{"taxonomy":"product_featured_cat","embeddable":true,"href":"https:\/\/shop.bantam.ch\/fr\/wp-json\/wp\/v2\/product_featured_cat?post=188632"},{"taxonomy":"product_brand","embeddable":true,"href":"https:\/\/shop.bantam.ch\/fr\/wp-json\/wp\/v2\/product_brand?post=188632"},{"taxonomy":"product_cat","embeddable":true,"href":"https:\/\/shop.bantam.ch\/fr\/wp-json\/wp\/v2\/product_cat?post=188632"},{"taxonomy":"product_tag","embeddable":true,"href":"https:\/\/shop.bantam.ch\/fr\/wp-json\/wp\/v2\/product_tag?post=188632"}],"curies":[{"name":"wp","href":"https:\/\/api.w.org\/{rel}","templated":true}]}}