{"id":188565,"date":"2023-12-20T08:17:56","date_gmt":"2023-12-20T07:17:56","guid":{"rendered":"https:\/\/shop.bantam.ch\/produit\/sac-de-couchage-charbon-petrole\/"},"modified":"2026-04-18T22:55:38","modified_gmt":"2026-04-18T20:55:38","slug":"sac-de-couchage-charbon-petrole","status":"publish","type":"product","link":"https:\/\/shop.bantam.ch\/fr\/produit\/sac-de-couchage-charbon-petrole\/","title":{"rendered":"Sac de couchage &#8211; Charbon \/ P\u00e9trole"},"content":{"rendered":"<p>Sac de couchage mod\u00e8le couverture en polyester sp\u00e9cialement trait\u00e9 (finition p\u00eache), tr\u00e8s doux et agr\u00e9able sur la peau, respirant et hydrofuge. Equip\u00e9 d&rsquo;un remplissage en fibre creuse SLII (Supreme Loft II). Ce rembourrage garantit que vous restez agr\u00e9ablement au chaud pendant la nuit. Le meilleur confort ou temp\u00e9rature ambiante de ce sac de couchage est d&rsquo;environ + 5 \u00b0 C<\/p>\n<p>Dimensions : 200 x 80 cm<br \/>\nDimensions emball\u00e9 : \u00d822 x 38 cm<br \/>\nRev\u00eatement ext\u00e9rieur : PES Soft touch Polyester 230 T.<br \/>\nDoublure int\u00e9rieure : polyester PES soft touch 210 T.<br \/>\nRembourrage : 250 gr \/ m\u00b2 SLII Fibre creuse<br \/>\nTemp\u00e9rature de confort : + 5\/0 \u00b0 C<br \/>\nPoids : 1500 gr<\/p>\n<p>Plage de temp\u00e9rature : 20\/5 \/ 0\u00baC<\/p>\n","protected":false},"excerpt":{"rendered":"<p>Sac de couchage mod\u00e8le couverture en polyester sp\u00e9cialement trait\u00e9 (finition p\u00eache), tr\u00e8s doux et agr\u00e9able sur la peau, respirant et hydrofuge. Equip\u00e9 d&rsquo;un remplissage en fibre creuse SLII (Supreme Loft II). Ce rembourrage garantit que vous restez agr\u00e9ablement au chaud pendant la nuit. Le meilleur confort ou temp\u00e9rature ambiante de ce sac de couchage est [&hellip;]<\/p>\n","protected":false},"featured_media":188559,"template":"","meta":{"_acf_changed":false},"product_featured_cat":[94,5297],"product_brand":[3074],"product_cat":[4453],"product_tag":[],"class_list":{"0":"post-188565","1":"product","2":"type-product","3":"status-publish","4":"has-post-thumbnail","6":"product_featured_cat-promotions-etagnieres","7":"product_featured_cat-sonderangebote-hindelbank-fr","8":"product_brand-eurotrail","9":"product_cat-sacs-de-couchage-couverture","11":"first","12":"instock","13":"sale","14":"taxable","15":"shipping-taxable","16":"purchasable","17":"product-type-simple"},"acf":[],"yoast_head":"<!-- This site is optimized with the Yoast SEO plugin v27.4 - https:\/\/yoast.com\/product\/yoast-seo-wordpress\/ -->\n<title>Sac de couchage - Charbon \/ P\u00e9trole - Bantam Wankm\u00fcller SA<\/title>\n<meta name=\"robots\" content=\"index, follow, max-snippet:-1, max-image-preview:large, max-video-preview:-1\" \/>\n<link rel=\"canonical\" href=\"https:\/\/shop.bantam.ch\/fr\/produit\/sac-de-couchage-charbon-petrole\/\" \/>\n<meta property=\"og:locale\" content=\"fr_FR\" \/>\n<meta property=\"og:type\" content=\"article\" \/>\n<meta property=\"og:title\" content=\"Sac de couchage - Charbon \/ P\u00e9trole - Bantam Wankm\u00fcller SA\" \/>\n<meta property=\"og:description\" content=\"Sac de couchage mod\u00e8le couverture en polyester sp\u00e9cialement trait\u00e9 (finition p\u00eache), tr\u00e8s doux et agr\u00e9able sur la peau, respirant et hydrofuge. Equip\u00e9 d&rsquo;un remplissage en fibre creuse SLII (Supreme Loft II). Ce rembourrage garantit que vous restez agr\u00e9ablement au chaud pendant la nuit. Le meilleur confort ou temp\u00e9rature ambiante de ce sac de couchage est [&hellip;]\" \/>\n<meta property=\"og:url\" content=\"https:\/\/shop.bantam.ch\/fr\/produit\/sac-de-couchage-charbon-petrole\/\" \/>\n<meta property=\"og:site_name\" content=\"Bantam Wankm\u00fcller SA\" \/>\n<meta property=\"article:modified_time\" content=\"2026-04-18T20:55:38+00:00\" \/>\n<meta property=\"og:image\" content=\"https:\/\/shop.bantam.ch\/wp-content\/uploads\/2023\/12\/ETSB0006-1_600px.jpg\" \/>\n\t<meta property=\"og:image:width\" content=\"600\" \/>\n\t<meta property=\"og:image:height\" content=\"1604\" \/>\n\t<meta property=\"og:image:type\" content=\"image\/jpeg\" \/>\n<meta name=\"twitter:card\" content=\"summary_large_image\" \/>\n<meta name=\"twitter:label1\" content=\"Dur\u00e9e de lecture estim\u00e9e\" \/>\n\t<meta name=\"twitter:data1\" content=\"1 minute\" \/>\n<script type=\"application\/ld+json\" class=\"yoast-schema-graph\">{\"@context\":\"https:\\\/\\\/schema.org\",\"@graph\":[{\"@type\":\"WebPage\",\"@id\":\"https:\\\/\\\/shop.bantam.ch\\\/fr\\\/produit\\\/sac-de-couchage-charbon-petrole\\\/\",\"url\":\"https:\\\/\\\/shop.bantam.ch\\\/fr\\\/produit\\\/sac-de-couchage-charbon-petrole\\\/\",\"name\":\"Sac de couchage - Charbon \\\/ P\u00e9trole - Bantam Wankm\u00fcller SA\",\"isPartOf\":{\"@id\":\"https:\\\/\\\/shop.bantam.ch\\\/fr\\\/#website\"},\"primaryImageOfPage\":{\"@id\":\"https:\\\/\\\/shop.bantam.ch\\\/fr\\\/produit\\\/sac-de-couchage-charbon-petrole\\\/#primaryimage\"},\"image\":{\"@id\":\"https:\\\/\\\/shop.bantam.ch\\\/fr\\\/produit\\\/sac-de-couchage-charbon-petrole\\\/#primaryimage\"},\"thumbnailUrl\":\"https:\\\/\\\/shop.bantam.ch\\\/wp-content\\\/uploads\\\/2023\\\/12\\\/ETSB0006-1_600px.jpg\",\"datePublished\":\"2023-12-20T07:17:56+00:00\",\"dateModified\":\"2026-04-18T20:55:38+00:00\",\"breadcrumb\":{\"@id\":\"https:\\\/\\\/shop.bantam.ch\\\/fr\\\/produit\\\/sac-de-couchage-charbon-petrole\\\/#breadcrumb\"},\"inLanguage\":\"fr-FR\",\"potentialAction\":[{\"@type\":\"ReadAction\",\"target\":[\"https:\\\/\\\/shop.bantam.ch\\\/fr\\\/produit\\\/sac-de-couchage-charbon-petrole\\\/\"]}]},{\"@type\":\"ImageObject\",\"inLanguage\":\"fr-FR\",\"@id\":\"https:\\\/\\\/shop.bantam.ch\\\/fr\\\/produit\\\/sac-de-couchage-charbon-petrole\\\/#primaryimage\",\"url\":\"https:\\\/\\\/shop.bantam.ch\\\/wp-content\\\/uploads\\\/2023\\\/12\\\/ETSB0006-1_600px.jpg\",\"contentUrl\":\"https:\\\/\\\/shop.bantam.ch\\\/wp-content\\\/uploads\\\/2023\\\/12\\\/ETSB0006-1_600px.jpg\",\"width\":600,\"height\":1604},{\"@type\":\"BreadcrumbList\",\"@id\":\"https:\\\/\\\/shop.bantam.ch\\\/fr\\\/produit\\\/sac-de-couchage-charbon-petrole\\\/#breadcrumb\",\"itemListElement\":[{\"@type\":\"ListItem\",\"position\":1,\"name\":\"Accueil\",\"item\":\"https:\\\/\\\/shop.bantam.ch\\\/fr\\\/\"},{\"@type\":\"ListItem\",\"position\":2,\"name\":\"Boutique\",\"item\":\"https:\\\/\\\/shop.bantam.ch\\\/fr\\\/boutique\\\/\"},{\"@type\":\"ListItem\",\"position\":3,\"name\":\"Sac de couchage &#8211; Charbon \\\/ P\u00e9trole\"}]},{\"@type\":\"WebSite\",\"@id\":\"https:\\\/\\\/shop.bantam.ch\\\/fr\\\/#website\",\"url\":\"https:\\\/\\\/shop.bantam.ch\\\/fr\\\/\",\"name\":\"Bantam Wankm\u00fcller SA\",\"description\":\"\",\"publisher\":{\"@id\":\"https:\\\/\\\/shop.bantam.ch\\\/fr\\\/#organization\"},\"inLanguage\":\"fr-FR\"},{\"@type\":\"Organization\",\"@id\":\"https:\\\/\\\/shop.bantam.ch\\\/fr\\\/#organization\",\"name\":\"Bantam Wankm\u00fcller SA\",\"url\":\"https:\\\/\\\/shop.bantam.ch\\\/fr\\\/\",\"logo\":{\"@type\":\"ImageObject\",\"inLanguage\":\"fr-FR\",\"@id\":\"https:\\\/\\\/shop.bantam.ch\\\/fr\\\/#\\\/schema\\\/logo\\\/image\\\/\",\"url\":\"https:\\\/\\\/shop.bantam.ch\\\/wp-content\\\/uploads\\\/2022\\\/12\\\/bantam-logo.png\",\"contentUrl\":\"https:\\\/\\\/shop.bantam.ch\\\/wp-content\\\/uploads\\\/2022\\\/12\\\/bantam-logo.png\",\"width\":320,\"height\":71,\"caption\":\"Bantam Wankm\u00fcller SA\"},\"image\":{\"@id\":\"https:\\\/\\\/shop.bantam.ch\\\/fr\\\/#\\\/schema\\\/logo\\\/image\\\/\"}}]}<\/script>\n<!-- \/ Yoast SEO plugin. -->","yoast_head_json":{"title":"Sac de couchage - Charbon \/ P\u00e9trole - Bantam Wankm\u00fcller SA","robots":{"index":"index","follow":"follow","max-snippet":"max-snippet:-1","max-image-preview":"max-image-preview:large","max-video-preview":"max-video-preview:-1"},"canonical":"https:\/\/shop.bantam.ch\/fr\/produit\/sac-de-couchage-charbon-petrole\/","og_locale":"fr_FR","og_type":"article","og_title":"Sac de couchage - Charbon \/ P\u00e9trole - Bantam Wankm\u00fcller SA","og_description":"Sac de couchage mod\u00e8le couverture en polyester sp\u00e9cialement trait\u00e9 (finition p\u00eache), tr\u00e8s doux et agr\u00e9able sur la peau, respirant et hydrofuge. Equip\u00e9 d&rsquo;un remplissage en fibre creuse SLII (Supreme Loft II). Ce rembourrage garantit que vous restez agr\u00e9ablement au chaud pendant la nuit. Le meilleur confort ou temp\u00e9rature ambiante de ce sac de couchage est [&hellip;]","og_url":"https:\/\/shop.bantam.ch\/fr\/produit\/sac-de-couchage-charbon-petrole\/","og_site_name":"Bantam Wankm\u00fcller SA","article_modified_time":"2026-04-18T20:55:38+00:00","og_image":[{"width":600,"height":1604,"url":"https:\/\/shop.bantam.ch\/wp-content\/uploads\/2023\/12\/ETSB0006-1_600px.jpg","type":"image\/jpeg"}],"twitter_card":"summary_large_image","twitter_misc":{"Dur\u00e9e de lecture estim\u00e9e":"1 minute"},"schema":{"@context":"https:\/\/schema.org","@graph":[{"@type":"WebPage","@id":"https:\/\/shop.bantam.ch\/fr\/produit\/sac-de-couchage-charbon-petrole\/","url":"https:\/\/shop.bantam.ch\/fr\/produit\/sac-de-couchage-charbon-petrole\/","name":"Sac de couchage - Charbon \/ P\u00e9trole - Bantam Wankm\u00fcller SA","isPartOf":{"@id":"https:\/\/shop.bantam.ch\/fr\/#website"},"primaryImageOfPage":{"@id":"https:\/\/shop.bantam.ch\/fr\/produit\/sac-de-couchage-charbon-petrole\/#primaryimage"},"image":{"@id":"https:\/\/shop.bantam.ch\/fr\/produit\/sac-de-couchage-charbon-petrole\/#primaryimage"},"thumbnailUrl":"https:\/\/shop.bantam.ch\/wp-content\/uploads\/2023\/12\/ETSB0006-1_600px.jpg","datePublished":"2023-12-20T07:17:56+00:00","dateModified":"2026-04-18T20:55:38+00:00","breadcrumb":{"@id":"https:\/\/shop.bantam.ch\/fr\/produit\/sac-de-couchage-charbon-petrole\/#breadcrumb"},"inLanguage":"fr-FR","potentialAction":[{"@type":"ReadAction","target":["https:\/\/shop.bantam.ch\/fr\/produit\/sac-de-couchage-charbon-petrole\/"]}]},{"@type":"ImageObject","inLanguage":"fr-FR","@id":"https:\/\/shop.bantam.ch\/fr\/produit\/sac-de-couchage-charbon-petrole\/#primaryimage","url":"https:\/\/shop.bantam.ch\/wp-content\/uploads\/2023\/12\/ETSB0006-1_600px.jpg","contentUrl":"https:\/\/shop.bantam.ch\/wp-content\/uploads\/2023\/12\/ETSB0006-1_600px.jpg","width":600,"height":1604},{"@type":"BreadcrumbList","@id":"https:\/\/shop.bantam.ch\/fr\/produit\/sac-de-couchage-charbon-petrole\/#breadcrumb","itemListElement":[{"@type":"ListItem","position":1,"name":"Accueil","item":"https:\/\/shop.bantam.ch\/fr\/"},{"@type":"ListItem","position":2,"name":"Boutique","item":"https:\/\/shop.bantam.ch\/fr\/boutique\/"},{"@type":"ListItem","position":3,"name":"Sac de couchage &#8211; Charbon \/ P\u00e9trole"}]},{"@type":"WebSite","@id":"https:\/\/shop.bantam.ch\/fr\/#website","url":"https:\/\/shop.bantam.ch\/fr\/","name":"Bantam Wankm\u00fcller SA","description":"","publisher":{"@id":"https:\/\/shop.bantam.ch\/fr\/#organization"},"inLanguage":"fr-FR"},{"@type":"Organization","@id":"https:\/\/shop.bantam.ch\/fr\/#organization","name":"Bantam Wankm\u00fcller SA","url":"https:\/\/shop.bantam.ch\/fr\/","logo":{"@type":"ImageObject","inLanguage":"fr-FR","@id":"https:\/\/shop.bantam.ch\/fr\/#\/schema\/logo\/image\/","url":"https:\/\/shop.bantam.ch\/wp-content\/uploads\/2022\/12\/bantam-logo.png","contentUrl":"https:\/\/shop.bantam.ch\/wp-content\/uploads\/2022\/12\/bantam-logo.png","width":320,"height":71,"caption":"Bantam Wankm\u00fcller SA"},"image":{"@id":"https:\/\/shop.bantam.ch\/fr\/#\/schema\/logo\/image\/"}}]}},"_links":{"self":[{"href":"https:\/\/shop.bantam.ch\/fr\/wp-json\/wp\/v2\/product\/188565","targetHints":{"allow":["GET"]}}],"collection":[{"href":"https:\/\/shop.bantam.ch\/fr\/wp-json\/wp\/v2\/product"}],"about":[{"href":"https:\/\/shop.bantam.ch\/fr\/wp-json\/wp\/v2\/types\/product"}],"wp:featuredmedia":[{"embeddable":true,"href":"https:\/\/shop.bantam.ch\/fr\/wp-json\/wp\/v2\/media\/188559"}],"wp:attachment":[{"href":"https:\/\/shop.bantam.ch\/fr\/wp-json\/wp\/v2\/media?parent=188565"}],"wp:term":[{"taxonomy":"product_featured_cat","embeddable":true,"href":"https:\/\/shop.bantam.ch\/fr\/wp-json\/wp\/v2\/product_featured_cat?post=188565"},{"taxonomy":"product_brand","embeddable":true,"href":"https:\/\/shop.bantam.ch\/fr\/wp-json\/wp\/v2\/product_brand?post=188565"},{"taxonomy":"product_cat","embeddable":true,"href":"https:\/\/shop.bantam.ch\/fr\/wp-json\/wp\/v2\/product_cat?post=188565"},{"taxonomy":"product_tag","embeddable":true,"href":"https:\/\/shop.bantam.ch\/fr\/wp-json\/wp\/v2\/product_tag?post=188565"}],"curies":[{"name":"wp","href":"https:\/\/api.w.org\/{rel}","templated":true}]}}