{"id":188523,"date":"2023-12-19T17:12:04","date_gmt":"2023-12-19T16:12:04","guid":{"rendered":"https:\/\/shop.bantam.ch\/produit\/matelas-relax-si-antracite\/"},"modified":"2026-04-18T22:55:31","modified_gmt":"2026-04-18T20:55:31","slug":"matelas-relax-si-antracite","status":"publish","type":"product","link":"https:\/\/shop.bantam.ch\/fr\/produit\/matelas-relax-si-antracite\/","title":{"rendered":"Matelas Relax SI &#8211; 1 personne"},"content":{"rendered":"<p>Eurotrail propose une s\u00e9rie de tapis thermo autogonflants disponibles en diff\u00e9rentes \u00e9paisseurs. Parfait pour le camping et offre une surface chaude (isolante), confortable et \u00e9gale. Convient \u00e9galement bien dans la caravane comme matelas suppl\u00e9mentaire sur les coussins. Indispensable pour chaque campeur ! Les tapis sont fournis avec housse et kit de r\u00e9paration. Ce matelas nouvellement con\u00e7u avec un mat\u00e9riau extensible 30D sur le dessus est doux et offre un confort suppl\u00e9mentaire. Le dossier est fait d&rsquo;un mat\u00e9riau plus ferme (150D Poly Oxford) afin que votre matelas soit prot\u00e9g\u00e9 contre les surfaces dures et in\u00e9gales. Convient pour une utilisation comme matelas d&rsquo;invit\u00e9 \u00e0 la maison, dans la caravane comme support suppl\u00e9mentaire sur les coussins du canap\u00e9 ou dans la tente.<\/p>\n<p>Mat\u00e9riau : 100% polyester 30D \/ Poly Oxford 150D<br \/>\nDimensions : 200 x 77 x 15 cm<br \/>\nDimensions de l&#8217;emballage : 77 x \u00f8 40 cm<br \/>\nPoids : 4,2 kg<\/p>\n","protected":false},"excerpt":{"rendered":"<p>Eurotrail propose une s\u00e9rie de tapis thermo autogonflants disponibles en diff\u00e9rentes \u00e9paisseurs. Parfait pour le camping et offre une surface chaude (isolante), confortable et \u00e9gale. Convient \u00e9galement bien dans la caravane comme matelas suppl\u00e9mentaire sur les coussins. Indispensable pour chaque campeur ! Les tapis sont fournis avec housse et kit de r\u00e9paration. Ce matelas nouvellement [&hellip;]<\/p>\n","protected":false},"featured_media":188517,"template":"","meta":{"_acf_changed":false},"product_featured_cat":[],"product_brand":[3074],"product_cat":[4453],"product_tag":[],"class_list":{"0":"post-188523","1":"product","2":"type-product","3":"status-publish","4":"has-post-thumbnail","6":"product_brand-eurotrail","7":"product_cat-sacs-de-couchage-couverture","9":"first","10":"instock","11":"taxable","12":"shipping-taxable","13":"purchasable","14":"product-type-simple"},"acf":[],"yoast_head":"<!-- This site is optimized with the Yoast SEO plugin v27.4 - https:\/\/yoast.com\/product\/yoast-seo-wordpress\/ -->\n<title>Matelas Relax SI - 1 personne - Bantam Wankm\u00fcller SA<\/title>\n<meta name=\"robots\" content=\"index, follow, max-snippet:-1, max-image-preview:large, max-video-preview:-1\" \/>\n<link rel=\"canonical\" href=\"https:\/\/shop.bantam.ch\/fr\/produit\/matelas-relax-si-antracite\/\" \/>\n<meta property=\"og:locale\" content=\"fr_FR\" \/>\n<meta property=\"og:type\" content=\"article\" \/>\n<meta property=\"og:title\" content=\"Matelas Relax SI - 1 personne - Bantam Wankm\u00fcller SA\" \/>\n<meta property=\"og:description\" content=\"Eurotrail propose une s\u00e9rie de tapis thermo autogonflants disponibles en diff\u00e9rentes \u00e9paisseurs. Parfait pour le camping et offre une surface chaude (isolante), confortable et \u00e9gale. Convient \u00e9galement bien dans la caravane comme matelas suppl\u00e9mentaire sur les coussins. Indispensable pour chaque campeur ! Les tapis sont fournis avec housse et kit de r\u00e9paration. Ce matelas nouvellement [&hellip;]\" \/>\n<meta property=\"og:url\" content=\"https:\/\/shop.bantam.ch\/fr\/produit\/matelas-relax-si-antracite\/\" \/>\n<meta property=\"og:site_name\" content=\"Bantam Wankm\u00fcller SA\" \/>\n<meta property=\"article:modified_time\" content=\"2026-04-18T20:55:31+00:00\" \/>\n<meta property=\"og:image\" content=\"https:\/\/shop.bantam.ch\/wp-content\/uploads\/2023\/12\/ETIC0201-1_600px.jpg\" \/>\n\t<meta property=\"og:image:width\" content=\"600\" \/>\n\t<meta property=\"og:image:height\" content=\"433\" \/>\n\t<meta property=\"og:image:type\" content=\"image\/jpeg\" \/>\n<meta name=\"twitter:card\" content=\"summary_large_image\" \/>\n<meta name=\"twitter:label1\" content=\"Dur\u00e9e de lecture estim\u00e9e\" \/>\n\t<meta name=\"twitter:data1\" content=\"1 minute\" \/>\n<script type=\"application\/ld+json\" class=\"yoast-schema-graph\">{\"@context\":\"https:\\\/\\\/schema.org\",\"@graph\":[{\"@type\":\"WebPage\",\"@id\":\"https:\\\/\\\/shop.bantam.ch\\\/fr\\\/produit\\\/matelas-relax-si-antracite\\\/\",\"url\":\"https:\\\/\\\/shop.bantam.ch\\\/fr\\\/produit\\\/matelas-relax-si-antracite\\\/\",\"name\":\"Matelas Relax SI - 1 personne - Bantam Wankm\u00fcller SA\",\"isPartOf\":{\"@id\":\"https:\\\/\\\/shop.bantam.ch\\\/fr\\\/#website\"},\"primaryImageOfPage\":{\"@id\":\"https:\\\/\\\/shop.bantam.ch\\\/fr\\\/produit\\\/matelas-relax-si-antracite\\\/#primaryimage\"},\"image\":{\"@id\":\"https:\\\/\\\/shop.bantam.ch\\\/fr\\\/produit\\\/matelas-relax-si-antracite\\\/#primaryimage\"},\"thumbnailUrl\":\"https:\\\/\\\/shop.bantam.ch\\\/wp-content\\\/uploads\\\/2023\\\/12\\\/ETIC0201-1_600px.jpg\",\"datePublished\":\"2023-12-19T16:12:04+00:00\",\"dateModified\":\"2026-04-18T20:55:31+00:00\",\"breadcrumb\":{\"@id\":\"https:\\\/\\\/shop.bantam.ch\\\/fr\\\/produit\\\/matelas-relax-si-antracite\\\/#breadcrumb\"},\"inLanguage\":\"fr-FR\",\"potentialAction\":[{\"@type\":\"ReadAction\",\"target\":[\"https:\\\/\\\/shop.bantam.ch\\\/fr\\\/produit\\\/matelas-relax-si-antracite\\\/\"]}]},{\"@type\":\"ImageObject\",\"inLanguage\":\"fr-FR\",\"@id\":\"https:\\\/\\\/shop.bantam.ch\\\/fr\\\/produit\\\/matelas-relax-si-antracite\\\/#primaryimage\",\"url\":\"https:\\\/\\\/shop.bantam.ch\\\/wp-content\\\/uploads\\\/2023\\\/12\\\/ETIC0201-1_600px.jpg\",\"contentUrl\":\"https:\\\/\\\/shop.bantam.ch\\\/wp-content\\\/uploads\\\/2023\\\/12\\\/ETIC0201-1_600px.jpg\",\"width\":600,\"height\":433},{\"@type\":\"BreadcrumbList\",\"@id\":\"https:\\\/\\\/shop.bantam.ch\\\/fr\\\/produit\\\/matelas-relax-si-antracite\\\/#breadcrumb\",\"itemListElement\":[{\"@type\":\"ListItem\",\"position\":1,\"name\":\"Accueil\",\"item\":\"https:\\\/\\\/shop.bantam.ch\\\/fr\\\/\"},{\"@type\":\"ListItem\",\"position\":2,\"name\":\"Boutique\",\"item\":\"https:\\\/\\\/shop.bantam.ch\\\/fr\\\/boutique\\\/\"},{\"@type\":\"ListItem\",\"position\":3,\"name\":\"Matelas Relax SI &#8211; 1 personne\"}]},{\"@type\":\"WebSite\",\"@id\":\"https:\\\/\\\/shop.bantam.ch\\\/fr\\\/#website\",\"url\":\"https:\\\/\\\/shop.bantam.ch\\\/fr\\\/\",\"name\":\"Bantam Wankm\u00fcller SA\",\"description\":\"\",\"publisher\":{\"@id\":\"https:\\\/\\\/shop.bantam.ch\\\/fr\\\/#organization\"},\"inLanguage\":\"fr-FR\"},{\"@type\":\"Organization\",\"@id\":\"https:\\\/\\\/shop.bantam.ch\\\/fr\\\/#organization\",\"name\":\"Bantam Wankm\u00fcller SA\",\"url\":\"https:\\\/\\\/shop.bantam.ch\\\/fr\\\/\",\"logo\":{\"@type\":\"ImageObject\",\"inLanguage\":\"fr-FR\",\"@id\":\"https:\\\/\\\/shop.bantam.ch\\\/fr\\\/#\\\/schema\\\/logo\\\/image\\\/\",\"url\":\"https:\\\/\\\/shop.bantam.ch\\\/wp-content\\\/uploads\\\/2022\\\/12\\\/bantam-logo.png\",\"contentUrl\":\"https:\\\/\\\/shop.bantam.ch\\\/wp-content\\\/uploads\\\/2022\\\/12\\\/bantam-logo.png\",\"width\":320,\"height\":71,\"caption\":\"Bantam Wankm\u00fcller SA\"},\"image\":{\"@id\":\"https:\\\/\\\/shop.bantam.ch\\\/fr\\\/#\\\/schema\\\/logo\\\/image\\\/\"}}]}<\/script>\n<!-- \/ Yoast SEO plugin. -->","yoast_head_json":{"title":"Matelas Relax SI - 1 personne - Bantam Wankm\u00fcller SA","robots":{"index":"index","follow":"follow","max-snippet":"max-snippet:-1","max-image-preview":"max-image-preview:large","max-video-preview":"max-video-preview:-1"},"canonical":"https:\/\/shop.bantam.ch\/fr\/produit\/matelas-relax-si-antracite\/","og_locale":"fr_FR","og_type":"article","og_title":"Matelas Relax SI - 1 personne - Bantam Wankm\u00fcller SA","og_description":"Eurotrail propose une s\u00e9rie de tapis thermo autogonflants disponibles en diff\u00e9rentes \u00e9paisseurs. Parfait pour le camping et offre une surface chaude (isolante), confortable et \u00e9gale. Convient \u00e9galement bien dans la caravane comme matelas suppl\u00e9mentaire sur les coussins. Indispensable pour chaque campeur ! Les tapis sont fournis avec housse et kit de r\u00e9paration. Ce matelas nouvellement [&hellip;]","og_url":"https:\/\/shop.bantam.ch\/fr\/produit\/matelas-relax-si-antracite\/","og_site_name":"Bantam Wankm\u00fcller SA","article_modified_time":"2026-04-18T20:55:31+00:00","og_image":[{"width":600,"height":433,"url":"https:\/\/shop.bantam.ch\/wp-content\/uploads\/2023\/12\/ETIC0201-1_600px.jpg","type":"image\/jpeg"}],"twitter_card":"summary_large_image","twitter_misc":{"Dur\u00e9e de lecture estim\u00e9e":"1 minute"},"schema":{"@context":"https:\/\/schema.org","@graph":[{"@type":"WebPage","@id":"https:\/\/shop.bantam.ch\/fr\/produit\/matelas-relax-si-antracite\/","url":"https:\/\/shop.bantam.ch\/fr\/produit\/matelas-relax-si-antracite\/","name":"Matelas Relax SI - 1 personne - Bantam Wankm\u00fcller SA","isPartOf":{"@id":"https:\/\/shop.bantam.ch\/fr\/#website"},"primaryImageOfPage":{"@id":"https:\/\/shop.bantam.ch\/fr\/produit\/matelas-relax-si-antracite\/#primaryimage"},"image":{"@id":"https:\/\/shop.bantam.ch\/fr\/produit\/matelas-relax-si-antracite\/#primaryimage"},"thumbnailUrl":"https:\/\/shop.bantam.ch\/wp-content\/uploads\/2023\/12\/ETIC0201-1_600px.jpg","datePublished":"2023-12-19T16:12:04+00:00","dateModified":"2026-04-18T20:55:31+00:00","breadcrumb":{"@id":"https:\/\/shop.bantam.ch\/fr\/produit\/matelas-relax-si-antracite\/#breadcrumb"},"inLanguage":"fr-FR","potentialAction":[{"@type":"ReadAction","target":["https:\/\/shop.bantam.ch\/fr\/produit\/matelas-relax-si-antracite\/"]}]},{"@type":"ImageObject","inLanguage":"fr-FR","@id":"https:\/\/shop.bantam.ch\/fr\/produit\/matelas-relax-si-antracite\/#primaryimage","url":"https:\/\/shop.bantam.ch\/wp-content\/uploads\/2023\/12\/ETIC0201-1_600px.jpg","contentUrl":"https:\/\/shop.bantam.ch\/wp-content\/uploads\/2023\/12\/ETIC0201-1_600px.jpg","width":600,"height":433},{"@type":"BreadcrumbList","@id":"https:\/\/shop.bantam.ch\/fr\/produit\/matelas-relax-si-antracite\/#breadcrumb","itemListElement":[{"@type":"ListItem","position":1,"name":"Accueil","item":"https:\/\/shop.bantam.ch\/fr\/"},{"@type":"ListItem","position":2,"name":"Boutique","item":"https:\/\/shop.bantam.ch\/fr\/boutique\/"},{"@type":"ListItem","position":3,"name":"Matelas Relax SI &#8211; 1 personne"}]},{"@type":"WebSite","@id":"https:\/\/shop.bantam.ch\/fr\/#website","url":"https:\/\/shop.bantam.ch\/fr\/","name":"Bantam Wankm\u00fcller SA","description":"","publisher":{"@id":"https:\/\/shop.bantam.ch\/fr\/#organization"},"inLanguage":"fr-FR"},{"@type":"Organization","@id":"https:\/\/shop.bantam.ch\/fr\/#organization","name":"Bantam Wankm\u00fcller SA","url":"https:\/\/shop.bantam.ch\/fr\/","logo":{"@type":"ImageObject","inLanguage":"fr-FR","@id":"https:\/\/shop.bantam.ch\/fr\/#\/schema\/logo\/image\/","url":"https:\/\/shop.bantam.ch\/wp-content\/uploads\/2022\/12\/bantam-logo.png","contentUrl":"https:\/\/shop.bantam.ch\/wp-content\/uploads\/2022\/12\/bantam-logo.png","width":320,"height":71,"caption":"Bantam Wankm\u00fcller SA"},"image":{"@id":"https:\/\/shop.bantam.ch\/fr\/#\/schema\/logo\/image\/"}}]}},"_links":{"self":[{"href":"https:\/\/shop.bantam.ch\/fr\/wp-json\/wp\/v2\/product\/188523","targetHints":{"allow":["GET"]}}],"collection":[{"href":"https:\/\/shop.bantam.ch\/fr\/wp-json\/wp\/v2\/product"}],"about":[{"href":"https:\/\/shop.bantam.ch\/fr\/wp-json\/wp\/v2\/types\/product"}],"wp:featuredmedia":[{"embeddable":true,"href":"https:\/\/shop.bantam.ch\/fr\/wp-json\/wp\/v2\/media\/188517"}],"wp:attachment":[{"href":"https:\/\/shop.bantam.ch\/fr\/wp-json\/wp\/v2\/media?parent=188523"}],"wp:term":[{"taxonomy":"product_featured_cat","embeddable":true,"href":"https:\/\/shop.bantam.ch\/fr\/wp-json\/wp\/v2\/product_featured_cat?post=188523"},{"taxonomy":"product_brand","embeddable":true,"href":"https:\/\/shop.bantam.ch\/fr\/wp-json\/wp\/v2\/product_brand?post=188523"},{"taxonomy":"product_cat","embeddable":true,"href":"https:\/\/shop.bantam.ch\/fr\/wp-json\/wp\/v2\/product_cat?post=188523"},{"taxonomy":"product_tag","embeddable":true,"href":"https:\/\/shop.bantam.ch\/fr\/wp-json\/wp\/v2\/product_tag?post=188523"}],"curies":[{"name":"wp","href":"https:\/\/api.w.org\/{rel}","templated":true}]}}