{"id":188515,"date":"2023-12-19T17:08:39","date_gmt":"2023-12-19T16:08:39","guid":{"rendered":"https:\/\/shop.bantam.ch\/produit\/matelas-isolant-iso-camp-confort-dlx-2\/"},"modified":"2026-04-18T22:55:25","modified_gmt":"2026-04-18T20:55:25","slug":"matelas-isolant-iso-camp-confort-dlx-2","status":"publish","type":"product","link":"https:\/\/shop.bantam.ch\/fr\/produit\/matelas-isolant-iso-camp-confort-dlx-2\/","title":{"rendered":"Matelas isolant &#8211; Iso Camp Confort DLX"},"content":{"rendered":"<p>La meilleure alternative \u00e0 votre matelas ! Matelas de sol autogonflant extra large (80 cm) et extra \u00e9pais (10 cm). Les tapis de couchage Iso-Camp ont une base en mousse tr\u00e8s puissant qui garantit que le tapis est bien rempli d&rsquo;air apr\u00e8s l&rsquo;ouverture de la valve. Si vous le souhaitez, vous pouvez souffler plus d\u2019air dans le tapis avec votre bouche, selon votre pr\u00e9f\u00e9rence de dormir sur une surface dure ou molle. Le tissu ext\u00e9rieur r\u00e9sistant \u00e0 l&rsquo;usure garantit une longue dur\u00e9e de vie.<\/p>\n<p>Mat\u00e9riau : 150D Oxford<br \/>\nDimensions : 198 x 80&nbsp;x 10 cm<br \/>\nPoids : 4,5&nbsp;kg<br \/>\nCouleur : P\u00e9trole \/ Anthracite<\/p>\n","protected":false},"excerpt":{"rendered":"<p>La meilleure alternative \u00e0 votre matelas ! Matelas de sol autogonflant extra large (80 cm) et extra \u00e9pais (10 cm). Les tapis de couchage Iso-Camp ont une base en mousse tr\u00e8s puissant qui garantit que le tapis est bien rempli d&rsquo;air apr\u00e8s l&rsquo;ouverture de la valve. Si vous le souhaitez, vous pouvez souffler plus d\u2019air [&hellip;]<\/p>\n","protected":false},"featured_media":188511,"template":"","meta":{"_acf_changed":false},"product_featured_cat":[94,5297],"product_brand":[3074],"product_cat":[4453],"product_tag":[],"class_list":{"0":"post-188515","1":"product","2":"type-product","3":"status-publish","4":"has-post-thumbnail","6":"product_featured_cat-promotions-etagnieres","7":"product_featured_cat-sonderangebote-hindelbank-fr","8":"product_brand-eurotrail","9":"product_cat-sacs-de-couchage-couverture","11":"first","12":"instock","13":"sale","14":"taxable","15":"shipping-taxable","16":"purchasable","17":"product-type-simple"},"acf":[],"yoast_head":"<!-- This site is optimized with the Yoast SEO plugin v27.4 - https:\/\/yoast.com\/product\/yoast-seo-wordpress\/ -->\n<title>Matelas isolant - Iso Camp Confort DLX - Bantam Wankm\u00fcller SA<\/title>\n<meta name=\"robots\" content=\"index, follow, max-snippet:-1, max-image-preview:large, max-video-preview:-1\" \/>\n<link rel=\"canonical\" href=\"https:\/\/shop.bantam.ch\/fr\/produit\/matelas-isolant-iso-camp-confort-dlx-2\/\" \/>\n<meta property=\"og:locale\" content=\"fr_FR\" \/>\n<meta property=\"og:type\" content=\"article\" \/>\n<meta property=\"og:title\" content=\"Matelas isolant - Iso Camp Confort DLX - Bantam Wankm\u00fcller SA\" \/>\n<meta property=\"og:description\" content=\"La meilleure alternative \u00e0 votre matelas ! Matelas de sol autogonflant extra large (80 cm) et extra \u00e9pais (10 cm). Les tapis de couchage Iso-Camp ont une base en mousse tr\u00e8s puissant qui garantit que le tapis est bien rempli d&rsquo;air apr\u00e8s l&rsquo;ouverture de la valve. Si vous le souhaitez, vous pouvez souffler plus d\u2019air [&hellip;]\" \/>\n<meta property=\"og:url\" content=\"https:\/\/shop.bantam.ch\/fr\/produit\/matelas-isolant-iso-camp-confort-dlx-2\/\" \/>\n<meta property=\"og:site_name\" content=\"Bantam Wankm\u00fcller SA\" \/>\n<meta property=\"article:modified_time\" content=\"2026-04-18T20:55:25+00:00\" \/>\n<meta property=\"og:image\" content=\"https:\/\/shop.bantam.ch\/wp-content\/uploads\/2023\/12\/ETIC0076-1_600px-1.jpg\" \/>\n\t<meta property=\"og:image:width\" content=\"600\" \/>\n\t<meta property=\"og:image:height\" content=\"337\" \/>\n\t<meta property=\"og:image:type\" content=\"image\/jpeg\" \/>\n<meta name=\"twitter:card\" content=\"summary_large_image\" \/>\n<meta name=\"twitter:label1\" content=\"Dur\u00e9e de lecture estim\u00e9e\" \/>\n\t<meta name=\"twitter:data1\" content=\"1 minute\" \/>\n<script type=\"application\/ld+json\" class=\"yoast-schema-graph\">{\"@context\":\"https:\\\/\\\/schema.org\",\"@graph\":[{\"@type\":\"WebPage\",\"@id\":\"https:\\\/\\\/shop.bantam.ch\\\/fr\\\/produit\\\/matelas-isolant-iso-camp-confort-dlx-2\\\/\",\"url\":\"https:\\\/\\\/shop.bantam.ch\\\/fr\\\/produit\\\/matelas-isolant-iso-camp-confort-dlx-2\\\/\",\"name\":\"Matelas isolant - Iso Camp Confort DLX - Bantam Wankm\u00fcller SA\",\"isPartOf\":{\"@id\":\"https:\\\/\\\/shop.bantam.ch\\\/fr\\\/#website\"},\"primaryImageOfPage\":{\"@id\":\"https:\\\/\\\/shop.bantam.ch\\\/fr\\\/produit\\\/matelas-isolant-iso-camp-confort-dlx-2\\\/#primaryimage\"},\"image\":{\"@id\":\"https:\\\/\\\/shop.bantam.ch\\\/fr\\\/produit\\\/matelas-isolant-iso-camp-confort-dlx-2\\\/#primaryimage\"},\"thumbnailUrl\":\"https:\\\/\\\/shop.bantam.ch\\\/wp-content\\\/uploads\\\/2023\\\/12\\\/ETIC0076-1_600px-1.jpg\",\"datePublished\":\"2023-12-19T16:08:39+00:00\",\"dateModified\":\"2026-04-18T20:55:25+00:00\",\"breadcrumb\":{\"@id\":\"https:\\\/\\\/shop.bantam.ch\\\/fr\\\/produit\\\/matelas-isolant-iso-camp-confort-dlx-2\\\/#breadcrumb\"},\"inLanguage\":\"fr-FR\",\"potentialAction\":[{\"@type\":\"ReadAction\",\"target\":[\"https:\\\/\\\/shop.bantam.ch\\\/fr\\\/produit\\\/matelas-isolant-iso-camp-confort-dlx-2\\\/\"]}]},{\"@type\":\"ImageObject\",\"inLanguage\":\"fr-FR\",\"@id\":\"https:\\\/\\\/shop.bantam.ch\\\/fr\\\/produit\\\/matelas-isolant-iso-camp-confort-dlx-2\\\/#primaryimage\",\"url\":\"https:\\\/\\\/shop.bantam.ch\\\/wp-content\\\/uploads\\\/2023\\\/12\\\/ETIC0076-1_600px-1.jpg\",\"contentUrl\":\"https:\\\/\\\/shop.bantam.ch\\\/wp-content\\\/uploads\\\/2023\\\/12\\\/ETIC0076-1_600px-1.jpg\",\"width\":600,\"height\":337},{\"@type\":\"BreadcrumbList\",\"@id\":\"https:\\\/\\\/shop.bantam.ch\\\/fr\\\/produit\\\/matelas-isolant-iso-camp-confort-dlx-2\\\/#breadcrumb\",\"itemListElement\":[{\"@type\":\"ListItem\",\"position\":1,\"name\":\"Accueil\",\"item\":\"https:\\\/\\\/shop.bantam.ch\\\/fr\\\/\"},{\"@type\":\"ListItem\",\"position\":2,\"name\":\"Boutique\",\"item\":\"https:\\\/\\\/shop.bantam.ch\\\/fr\\\/boutique\\\/\"},{\"@type\":\"ListItem\",\"position\":3,\"name\":\"Matelas isolant &#8211; Iso Camp Confort DLX\"}]},{\"@type\":\"WebSite\",\"@id\":\"https:\\\/\\\/shop.bantam.ch\\\/fr\\\/#website\",\"url\":\"https:\\\/\\\/shop.bantam.ch\\\/fr\\\/\",\"name\":\"Bantam Wankm\u00fcller SA\",\"description\":\"\",\"publisher\":{\"@id\":\"https:\\\/\\\/shop.bantam.ch\\\/fr\\\/#organization\"},\"inLanguage\":\"fr-FR\"},{\"@type\":\"Organization\",\"@id\":\"https:\\\/\\\/shop.bantam.ch\\\/fr\\\/#organization\",\"name\":\"Bantam Wankm\u00fcller SA\",\"url\":\"https:\\\/\\\/shop.bantam.ch\\\/fr\\\/\",\"logo\":{\"@type\":\"ImageObject\",\"inLanguage\":\"fr-FR\",\"@id\":\"https:\\\/\\\/shop.bantam.ch\\\/fr\\\/#\\\/schema\\\/logo\\\/image\\\/\",\"url\":\"https:\\\/\\\/shop.bantam.ch\\\/wp-content\\\/uploads\\\/2022\\\/12\\\/bantam-logo.png\",\"contentUrl\":\"https:\\\/\\\/shop.bantam.ch\\\/wp-content\\\/uploads\\\/2022\\\/12\\\/bantam-logo.png\",\"width\":320,\"height\":71,\"caption\":\"Bantam Wankm\u00fcller SA\"},\"image\":{\"@id\":\"https:\\\/\\\/shop.bantam.ch\\\/fr\\\/#\\\/schema\\\/logo\\\/image\\\/\"}}]}<\/script>\n<!-- \/ Yoast SEO plugin. -->","yoast_head_json":{"title":"Matelas isolant - Iso Camp Confort DLX - Bantam Wankm\u00fcller SA","robots":{"index":"index","follow":"follow","max-snippet":"max-snippet:-1","max-image-preview":"max-image-preview:large","max-video-preview":"max-video-preview:-1"},"canonical":"https:\/\/shop.bantam.ch\/fr\/produit\/matelas-isolant-iso-camp-confort-dlx-2\/","og_locale":"fr_FR","og_type":"article","og_title":"Matelas isolant - Iso Camp Confort DLX - Bantam Wankm\u00fcller SA","og_description":"La meilleure alternative \u00e0 votre matelas ! Matelas de sol autogonflant extra large (80 cm) et extra \u00e9pais (10 cm). Les tapis de couchage Iso-Camp ont une base en mousse tr\u00e8s puissant qui garantit que le tapis est bien rempli d&rsquo;air apr\u00e8s l&rsquo;ouverture de la valve. Si vous le souhaitez, vous pouvez souffler plus d\u2019air [&hellip;]","og_url":"https:\/\/shop.bantam.ch\/fr\/produit\/matelas-isolant-iso-camp-confort-dlx-2\/","og_site_name":"Bantam Wankm\u00fcller SA","article_modified_time":"2026-04-18T20:55:25+00:00","og_image":[{"width":600,"height":337,"url":"https:\/\/shop.bantam.ch\/wp-content\/uploads\/2023\/12\/ETIC0076-1_600px-1.jpg","type":"image\/jpeg"}],"twitter_card":"summary_large_image","twitter_misc":{"Dur\u00e9e de lecture estim\u00e9e":"1 minute"},"schema":{"@context":"https:\/\/schema.org","@graph":[{"@type":"WebPage","@id":"https:\/\/shop.bantam.ch\/fr\/produit\/matelas-isolant-iso-camp-confort-dlx-2\/","url":"https:\/\/shop.bantam.ch\/fr\/produit\/matelas-isolant-iso-camp-confort-dlx-2\/","name":"Matelas isolant - Iso Camp Confort DLX - Bantam Wankm\u00fcller SA","isPartOf":{"@id":"https:\/\/shop.bantam.ch\/fr\/#website"},"primaryImageOfPage":{"@id":"https:\/\/shop.bantam.ch\/fr\/produit\/matelas-isolant-iso-camp-confort-dlx-2\/#primaryimage"},"image":{"@id":"https:\/\/shop.bantam.ch\/fr\/produit\/matelas-isolant-iso-camp-confort-dlx-2\/#primaryimage"},"thumbnailUrl":"https:\/\/shop.bantam.ch\/wp-content\/uploads\/2023\/12\/ETIC0076-1_600px-1.jpg","datePublished":"2023-12-19T16:08:39+00:00","dateModified":"2026-04-18T20:55:25+00:00","breadcrumb":{"@id":"https:\/\/shop.bantam.ch\/fr\/produit\/matelas-isolant-iso-camp-confort-dlx-2\/#breadcrumb"},"inLanguage":"fr-FR","potentialAction":[{"@type":"ReadAction","target":["https:\/\/shop.bantam.ch\/fr\/produit\/matelas-isolant-iso-camp-confort-dlx-2\/"]}]},{"@type":"ImageObject","inLanguage":"fr-FR","@id":"https:\/\/shop.bantam.ch\/fr\/produit\/matelas-isolant-iso-camp-confort-dlx-2\/#primaryimage","url":"https:\/\/shop.bantam.ch\/wp-content\/uploads\/2023\/12\/ETIC0076-1_600px-1.jpg","contentUrl":"https:\/\/shop.bantam.ch\/wp-content\/uploads\/2023\/12\/ETIC0076-1_600px-1.jpg","width":600,"height":337},{"@type":"BreadcrumbList","@id":"https:\/\/shop.bantam.ch\/fr\/produit\/matelas-isolant-iso-camp-confort-dlx-2\/#breadcrumb","itemListElement":[{"@type":"ListItem","position":1,"name":"Accueil","item":"https:\/\/shop.bantam.ch\/fr\/"},{"@type":"ListItem","position":2,"name":"Boutique","item":"https:\/\/shop.bantam.ch\/fr\/boutique\/"},{"@type":"ListItem","position":3,"name":"Matelas isolant &#8211; Iso Camp Confort DLX"}]},{"@type":"WebSite","@id":"https:\/\/shop.bantam.ch\/fr\/#website","url":"https:\/\/shop.bantam.ch\/fr\/","name":"Bantam Wankm\u00fcller SA","description":"","publisher":{"@id":"https:\/\/shop.bantam.ch\/fr\/#organization"},"inLanguage":"fr-FR"},{"@type":"Organization","@id":"https:\/\/shop.bantam.ch\/fr\/#organization","name":"Bantam Wankm\u00fcller SA","url":"https:\/\/shop.bantam.ch\/fr\/","logo":{"@type":"ImageObject","inLanguage":"fr-FR","@id":"https:\/\/shop.bantam.ch\/fr\/#\/schema\/logo\/image\/","url":"https:\/\/shop.bantam.ch\/wp-content\/uploads\/2022\/12\/bantam-logo.png","contentUrl":"https:\/\/shop.bantam.ch\/wp-content\/uploads\/2022\/12\/bantam-logo.png","width":320,"height":71,"caption":"Bantam Wankm\u00fcller SA"},"image":{"@id":"https:\/\/shop.bantam.ch\/fr\/#\/schema\/logo\/image\/"}}]}},"_links":{"self":[{"href":"https:\/\/shop.bantam.ch\/fr\/wp-json\/wp\/v2\/product\/188515","targetHints":{"allow":["GET"]}}],"collection":[{"href":"https:\/\/shop.bantam.ch\/fr\/wp-json\/wp\/v2\/product"}],"about":[{"href":"https:\/\/shop.bantam.ch\/fr\/wp-json\/wp\/v2\/types\/product"}],"wp:featuredmedia":[{"embeddable":true,"href":"https:\/\/shop.bantam.ch\/fr\/wp-json\/wp\/v2\/media\/188511"}],"wp:attachment":[{"href":"https:\/\/shop.bantam.ch\/fr\/wp-json\/wp\/v2\/media?parent=188515"}],"wp:term":[{"taxonomy":"product_featured_cat","embeddable":true,"href":"https:\/\/shop.bantam.ch\/fr\/wp-json\/wp\/v2\/product_featured_cat?post=188515"},{"taxonomy":"product_brand","embeddable":true,"href":"https:\/\/shop.bantam.ch\/fr\/wp-json\/wp\/v2\/product_brand?post=188515"},{"taxonomy":"product_cat","embeddable":true,"href":"https:\/\/shop.bantam.ch\/fr\/wp-json\/wp\/v2\/product_cat?post=188515"},{"taxonomy":"product_tag","embeddable":true,"href":"https:\/\/shop.bantam.ch\/fr\/wp-json\/wp\/v2\/product_tag?post=188515"}],"curies":[{"name":"wp","href":"https:\/\/api.w.org\/{rel}","templated":true}]}}