{"id":188503,"date":"2023-12-19T17:03:09","date_gmt":"2023-12-19T16:03:09","guid":{"rendered":"https:\/\/shop.bantam.ch\/produit\/matelas-isolant-iso-camp-classic-all-round\/"},"modified":"2026-04-18T22:55:24","modified_gmt":"2026-04-18T20:55:24","slug":"matelas-isolant-iso-camp-classic-all-round","status":"publish","type":"product","link":"https:\/\/shop.bantam.ch\/fr\/produit\/matelas-isolant-iso-camp-classic-all-round\/","title":{"rendered":"Matelas isolant &#8211; Iso Camp classic \/ All round"},"content":{"rendered":"<p>Eurotrail vous propose une s\u00e9rie de tapis thermo autogonflants disponibles en diff\u00e9rentes tailles et \u00e9paisseurs. Parfait pour le camping et offre une surface chaude (isolante), confortable mais aussi lisse. Aussi bon \u00e0 utiliser dans la caravane comme matelas suppl\u00e9mentaires sur les coussins. Poids l\u00e9ger, mat\u00e9riau durable et petit volume d&#8217;emballage. Les tapis sont fournis avec housse et kit de r\u00e9paration. Indispensable pour chaque campeur !<\/p>\n<p>Mat\u00e9riau : 100% polyester<br \/>\nDimensions : 198 x 80 x 6 cm<br \/>\nPoids : environ 3,1 kg<br \/>\nCouleur : P\u00e9trole \/ Anthracite<br \/>\n&nbsp;<\/p>\n","protected":false},"excerpt":{"rendered":"<p>Eurotrail vous propose une s\u00e9rie de tapis thermo autogonflants disponibles en diff\u00e9rentes tailles et \u00e9paisseurs. Parfait pour le camping et offre une surface chaude (isolante), confortable mais aussi lisse. Aussi bon \u00e0 utiliser dans la caravane comme matelas suppl\u00e9mentaires sur les coussins. Poids l\u00e9ger, mat\u00e9riau durable et petit volume d&#8217;emballage. Les tapis sont fournis avec [&hellip;]<\/p>\n","protected":false},"featured_media":188499,"template":"","meta":{"_acf_changed":false},"product_featured_cat":[94,5297],"product_brand":[3074],"product_cat":[4453],"product_tag":[],"class_list":{"0":"post-188503","1":"product","2":"type-product","3":"status-publish","4":"has-post-thumbnail","6":"product_featured_cat-promotions-etagnieres","7":"product_featured_cat-sonderangebote-hindelbank-fr","8":"product_brand-eurotrail","9":"product_cat-sacs-de-couchage-couverture","11":"first","12":"instock","13":"sale","14":"taxable","15":"shipping-taxable","16":"purchasable","17":"product-type-simple"},"acf":[],"yoast_head":"<!-- This site is optimized with the Yoast SEO plugin v27.4 - https:\/\/yoast.com\/product\/yoast-seo-wordpress\/ -->\n<title>Matelas isolant - Iso Camp classic \/ All round - Bantam Wankm\u00fcller SA<\/title>\n<meta name=\"robots\" content=\"index, follow, max-snippet:-1, max-image-preview:large, max-video-preview:-1\" \/>\n<link rel=\"canonical\" href=\"https:\/\/shop.bantam.ch\/fr\/produit\/matelas-isolant-iso-camp-classic-all-round\/\" \/>\n<meta property=\"og:locale\" content=\"fr_FR\" \/>\n<meta property=\"og:type\" content=\"article\" \/>\n<meta property=\"og:title\" content=\"Matelas isolant - Iso Camp classic \/ All round - Bantam Wankm\u00fcller SA\" \/>\n<meta property=\"og:description\" content=\"Eurotrail vous propose une s\u00e9rie de tapis thermo autogonflants disponibles en diff\u00e9rentes tailles et \u00e9paisseurs. Parfait pour le camping et offre une surface chaude (isolante), confortable mais aussi lisse. Aussi bon \u00e0 utiliser dans la caravane comme matelas suppl\u00e9mentaires sur les coussins. Poids l\u00e9ger, mat\u00e9riau durable et petit volume d&#8217;emballage. Les tapis sont fournis avec [&hellip;]\" \/>\n<meta property=\"og:url\" content=\"https:\/\/shop.bantam.ch\/fr\/produit\/matelas-isolant-iso-camp-classic-all-round\/\" \/>\n<meta property=\"og:site_name\" content=\"Bantam Wankm\u00fcller SA\" \/>\n<meta property=\"article:modified_time\" content=\"2026-04-18T20:55:24+00:00\" \/>\n<meta property=\"og:image\" content=\"https:\/\/shop.bantam.ch\/wp-content\/uploads\/2023\/12\/ETIC0071-2_600px.jpg\" \/>\n\t<meta property=\"og:image:width\" content=\"600\" \/>\n\t<meta property=\"og:image:height\" content=\"563\" \/>\n\t<meta property=\"og:image:type\" content=\"image\/jpeg\" \/>\n<meta name=\"twitter:card\" content=\"summary_large_image\" \/>\n<script type=\"application\/ld+json\" class=\"yoast-schema-graph\">{\"@context\":\"https:\\\/\\\/schema.org\",\"@graph\":[{\"@type\":\"WebPage\",\"@id\":\"https:\\\/\\\/shop.bantam.ch\\\/fr\\\/produit\\\/matelas-isolant-iso-camp-classic-all-round\\\/\",\"url\":\"https:\\\/\\\/shop.bantam.ch\\\/fr\\\/produit\\\/matelas-isolant-iso-camp-classic-all-round\\\/\",\"name\":\"Matelas isolant - Iso Camp classic \\\/ All round - Bantam Wankm\u00fcller SA\",\"isPartOf\":{\"@id\":\"https:\\\/\\\/shop.bantam.ch\\\/fr\\\/#website\"},\"primaryImageOfPage\":{\"@id\":\"https:\\\/\\\/shop.bantam.ch\\\/fr\\\/produit\\\/matelas-isolant-iso-camp-classic-all-round\\\/#primaryimage\"},\"image\":{\"@id\":\"https:\\\/\\\/shop.bantam.ch\\\/fr\\\/produit\\\/matelas-isolant-iso-camp-classic-all-round\\\/#primaryimage\"},\"thumbnailUrl\":\"https:\\\/\\\/shop.bantam.ch\\\/wp-content\\\/uploads\\\/2023\\\/12\\\/ETIC0071-2_600px.jpg\",\"datePublished\":\"2023-12-19T16:03:09+00:00\",\"dateModified\":\"2026-04-18T20:55:24+00:00\",\"breadcrumb\":{\"@id\":\"https:\\\/\\\/shop.bantam.ch\\\/fr\\\/produit\\\/matelas-isolant-iso-camp-classic-all-round\\\/#breadcrumb\"},\"inLanguage\":\"fr-FR\",\"potentialAction\":[{\"@type\":\"ReadAction\",\"target\":[\"https:\\\/\\\/shop.bantam.ch\\\/fr\\\/produit\\\/matelas-isolant-iso-camp-classic-all-round\\\/\"]}]},{\"@type\":\"ImageObject\",\"inLanguage\":\"fr-FR\",\"@id\":\"https:\\\/\\\/shop.bantam.ch\\\/fr\\\/produit\\\/matelas-isolant-iso-camp-classic-all-round\\\/#primaryimage\",\"url\":\"https:\\\/\\\/shop.bantam.ch\\\/wp-content\\\/uploads\\\/2023\\\/12\\\/ETIC0071-2_600px.jpg\",\"contentUrl\":\"https:\\\/\\\/shop.bantam.ch\\\/wp-content\\\/uploads\\\/2023\\\/12\\\/ETIC0071-2_600px.jpg\",\"width\":600,\"height\":563},{\"@type\":\"BreadcrumbList\",\"@id\":\"https:\\\/\\\/shop.bantam.ch\\\/fr\\\/produit\\\/matelas-isolant-iso-camp-classic-all-round\\\/#breadcrumb\",\"itemListElement\":[{\"@type\":\"ListItem\",\"position\":1,\"name\":\"Accueil\",\"item\":\"https:\\\/\\\/shop.bantam.ch\\\/fr\\\/\"},{\"@type\":\"ListItem\",\"position\":2,\"name\":\"Boutique\",\"item\":\"https:\\\/\\\/shop.bantam.ch\\\/fr\\\/boutique\\\/\"},{\"@type\":\"ListItem\",\"position\":3,\"name\":\"Matelas isolant &#8211; Iso Camp classic \\\/ All round\"}]},{\"@type\":\"WebSite\",\"@id\":\"https:\\\/\\\/shop.bantam.ch\\\/fr\\\/#website\",\"url\":\"https:\\\/\\\/shop.bantam.ch\\\/fr\\\/\",\"name\":\"Bantam Wankm\u00fcller SA\",\"description\":\"\",\"publisher\":{\"@id\":\"https:\\\/\\\/shop.bantam.ch\\\/fr\\\/#organization\"},\"inLanguage\":\"fr-FR\"},{\"@type\":\"Organization\",\"@id\":\"https:\\\/\\\/shop.bantam.ch\\\/fr\\\/#organization\",\"name\":\"Bantam Wankm\u00fcller SA\",\"url\":\"https:\\\/\\\/shop.bantam.ch\\\/fr\\\/\",\"logo\":{\"@type\":\"ImageObject\",\"inLanguage\":\"fr-FR\",\"@id\":\"https:\\\/\\\/shop.bantam.ch\\\/fr\\\/#\\\/schema\\\/logo\\\/image\\\/\",\"url\":\"https:\\\/\\\/shop.bantam.ch\\\/wp-content\\\/uploads\\\/2022\\\/12\\\/bantam-logo.png\",\"contentUrl\":\"https:\\\/\\\/shop.bantam.ch\\\/wp-content\\\/uploads\\\/2022\\\/12\\\/bantam-logo.png\",\"width\":320,\"height\":71,\"caption\":\"Bantam Wankm\u00fcller SA\"},\"image\":{\"@id\":\"https:\\\/\\\/shop.bantam.ch\\\/fr\\\/#\\\/schema\\\/logo\\\/image\\\/\"}}]}<\/script>\n<!-- \/ Yoast SEO plugin. -->","yoast_head_json":{"title":"Matelas isolant - Iso Camp classic \/ All round - Bantam Wankm\u00fcller SA","robots":{"index":"index","follow":"follow","max-snippet":"max-snippet:-1","max-image-preview":"max-image-preview:large","max-video-preview":"max-video-preview:-1"},"canonical":"https:\/\/shop.bantam.ch\/fr\/produit\/matelas-isolant-iso-camp-classic-all-round\/","og_locale":"fr_FR","og_type":"article","og_title":"Matelas isolant - Iso Camp classic \/ All round - Bantam Wankm\u00fcller SA","og_description":"Eurotrail vous propose une s\u00e9rie de tapis thermo autogonflants disponibles en diff\u00e9rentes tailles et \u00e9paisseurs. Parfait pour le camping et offre une surface chaude (isolante), confortable mais aussi lisse. Aussi bon \u00e0 utiliser dans la caravane comme matelas suppl\u00e9mentaires sur les coussins. Poids l\u00e9ger, mat\u00e9riau durable et petit volume d&#8217;emballage. Les tapis sont fournis avec [&hellip;]","og_url":"https:\/\/shop.bantam.ch\/fr\/produit\/matelas-isolant-iso-camp-classic-all-round\/","og_site_name":"Bantam Wankm\u00fcller SA","article_modified_time":"2026-04-18T20:55:24+00:00","og_image":[{"width":600,"height":563,"url":"https:\/\/shop.bantam.ch\/wp-content\/uploads\/2023\/12\/ETIC0071-2_600px.jpg","type":"image\/jpeg"}],"twitter_card":"summary_large_image","schema":{"@context":"https:\/\/schema.org","@graph":[{"@type":"WebPage","@id":"https:\/\/shop.bantam.ch\/fr\/produit\/matelas-isolant-iso-camp-classic-all-round\/","url":"https:\/\/shop.bantam.ch\/fr\/produit\/matelas-isolant-iso-camp-classic-all-round\/","name":"Matelas isolant - Iso Camp classic \/ All round - Bantam Wankm\u00fcller SA","isPartOf":{"@id":"https:\/\/shop.bantam.ch\/fr\/#website"},"primaryImageOfPage":{"@id":"https:\/\/shop.bantam.ch\/fr\/produit\/matelas-isolant-iso-camp-classic-all-round\/#primaryimage"},"image":{"@id":"https:\/\/shop.bantam.ch\/fr\/produit\/matelas-isolant-iso-camp-classic-all-round\/#primaryimage"},"thumbnailUrl":"https:\/\/shop.bantam.ch\/wp-content\/uploads\/2023\/12\/ETIC0071-2_600px.jpg","datePublished":"2023-12-19T16:03:09+00:00","dateModified":"2026-04-18T20:55:24+00:00","breadcrumb":{"@id":"https:\/\/shop.bantam.ch\/fr\/produit\/matelas-isolant-iso-camp-classic-all-round\/#breadcrumb"},"inLanguage":"fr-FR","potentialAction":[{"@type":"ReadAction","target":["https:\/\/shop.bantam.ch\/fr\/produit\/matelas-isolant-iso-camp-classic-all-round\/"]}]},{"@type":"ImageObject","inLanguage":"fr-FR","@id":"https:\/\/shop.bantam.ch\/fr\/produit\/matelas-isolant-iso-camp-classic-all-round\/#primaryimage","url":"https:\/\/shop.bantam.ch\/wp-content\/uploads\/2023\/12\/ETIC0071-2_600px.jpg","contentUrl":"https:\/\/shop.bantam.ch\/wp-content\/uploads\/2023\/12\/ETIC0071-2_600px.jpg","width":600,"height":563},{"@type":"BreadcrumbList","@id":"https:\/\/shop.bantam.ch\/fr\/produit\/matelas-isolant-iso-camp-classic-all-round\/#breadcrumb","itemListElement":[{"@type":"ListItem","position":1,"name":"Accueil","item":"https:\/\/shop.bantam.ch\/fr\/"},{"@type":"ListItem","position":2,"name":"Boutique","item":"https:\/\/shop.bantam.ch\/fr\/boutique\/"},{"@type":"ListItem","position":3,"name":"Matelas isolant &#8211; Iso Camp classic \/ All round"}]},{"@type":"WebSite","@id":"https:\/\/shop.bantam.ch\/fr\/#website","url":"https:\/\/shop.bantam.ch\/fr\/","name":"Bantam Wankm\u00fcller SA","description":"","publisher":{"@id":"https:\/\/shop.bantam.ch\/fr\/#organization"},"inLanguage":"fr-FR"},{"@type":"Organization","@id":"https:\/\/shop.bantam.ch\/fr\/#organization","name":"Bantam Wankm\u00fcller SA","url":"https:\/\/shop.bantam.ch\/fr\/","logo":{"@type":"ImageObject","inLanguage":"fr-FR","@id":"https:\/\/shop.bantam.ch\/fr\/#\/schema\/logo\/image\/","url":"https:\/\/shop.bantam.ch\/wp-content\/uploads\/2022\/12\/bantam-logo.png","contentUrl":"https:\/\/shop.bantam.ch\/wp-content\/uploads\/2022\/12\/bantam-logo.png","width":320,"height":71,"caption":"Bantam Wankm\u00fcller SA"},"image":{"@id":"https:\/\/shop.bantam.ch\/fr\/#\/schema\/logo\/image\/"}}]}},"_links":{"self":[{"href":"https:\/\/shop.bantam.ch\/fr\/wp-json\/wp\/v2\/product\/188503","targetHints":{"allow":["GET"]}}],"collection":[{"href":"https:\/\/shop.bantam.ch\/fr\/wp-json\/wp\/v2\/product"}],"about":[{"href":"https:\/\/shop.bantam.ch\/fr\/wp-json\/wp\/v2\/types\/product"}],"wp:featuredmedia":[{"embeddable":true,"href":"https:\/\/shop.bantam.ch\/fr\/wp-json\/wp\/v2\/media\/188499"}],"wp:attachment":[{"href":"https:\/\/shop.bantam.ch\/fr\/wp-json\/wp\/v2\/media?parent=188503"}],"wp:term":[{"taxonomy":"product_featured_cat","embeddable":true,"href":"https:\/\/shop.bantam.ch\/fr\/wp-json\/wp\/v2\/product_featured_cat?post=188503"},{"taxonomy":"product_brand","embeddable":true,"href":"https:\/\/shop.bantam.ch\/fr\/wp-json\/wp\/v2\/product_brand?post=188503"},{"taxonomy":"product_cat","embeddable":true,"href":"https:\/\/shop.bantam.ch\/fr\/wp-json\/wp\/v2\/product_cat?post=188503"},{"taxonomy":"product_tag","embeddable":true,"href":"https:\/\/shop.bantam.ch\/fr\/wp-json\/wp\/v2\/product_tag?post=188503"}],"curies":[{"name":"wp","href":"https:\/\/api.w.org\/{rel}","templated":true}]}}