{"id":188358,"date":"2023-12-15T13:11:00","date_gmt":"2023-12-15T12:11:00","guid":{"rendered":"https:\/\/shop.bantam.ch\/produit\/climatisation-rechargeable\/"},"modified":"2026-04-20T22:53:23","modified_gmt":"2026-04-20T20:53:23","slug":"climatisation-rechargeable","status":"publish","type":"product","link":"https:\/\/shop.bantam.ch\/fr\/produit\/climatisation-rechargeable\/","title":{"rendered":"Climatisation rechargeable"},"content":{"rendered":"<p>Ce refroidisseur d&rsquo;air rechargeable peut \u00eatre utilis\u00e9 n&rsquo;importe o\u00f9; en camping-car, en caravane ou en camping sous la tente, mais aussi \u00e0 la maison dans la chambre.<br \/>\nLe refroidisseur peut non seulement \u00eatre utilis\u00e9 via la prise, mais il est \u00e9quip\u00e9 d&rsquo;une batterie rechargeable solide (USB) avec une dur\u00e9e de fonctionnement de 1,5 \u00e0 2 heures \u00e0 basse vitesse et environ 50 minutes \u00e0 grande vitesse.<br \/>\nIl aspire l&rsquo;air chaud de la pi\u00e8ce pour remplir la pi\u00e8ce d&rsquo;air frais via le filtre \u00e0 eau par \u00e9vaporation. Il a un r\u00e9servoir d&rsquo;eau de 430 ml et un r\u00e9servoir sp\u00e9cial de 33 ml pour ajouter de l&rsquo;huile essentielle pour un joli parfum!<br \/>\nLe refroidisseur refroidit l&rsquo;air autour de vous, l&rsquo;humidifie et purifie l&rsquo;espace. Le meilleur r\u00e9sultat de refroidissement est obtenu en ajoutant de la glace au r\u00e9servoir. Plus l&rsquo;eau dans le r\u00e9servoir est froide, plus l&rsquo;air est froid.<\/p>\n<p>D\u00e9tails:<br \/>\n\u2022 Power 8W, DC-5V 1.5A\u00a0<br \/>\n\u2022 Compact et portable<br \/>\n\u2022 Ne p\u00e8se que 1 kg., Taille compacte 16,5&#215;16,5&#215;18,5 cm<br \/>\n\u2022 r\u00e9servoir d&rsquo;eau de 430 ml<br \/>\n\u2022 Suffisant pour 3-5 heures de refroidissement, selon la vitesse du ventilateur et la temp\u00e9rature ambiante<br \/>\n\u2022 Incl. r\u00e9servoir d&rsquo;huile essentielle 33 ml et flacon d&rsquo;injection pratique<br \/>\n\u2022 Filtre \u00e0 eau interchangeable<br \/>\n\u2022 Batterie rechargeable USB 1,5-2 heures d&rsquo;utilisation<br \/>\n\u2022 Veilleuse LED apaisante int\u00e9gr\u00e9e<br \/>\n\u2022 3 r\u00e9glages de vitesse diff\u00e9rents<br \/>\n\u2022 St\u00e9rilisateur<br \/>\n\u2022 Convient pour camping-car, caravane, tente ou \u00e0 la maison<\/p>\n","protected":false},"excerpt":{"rendered":"<p>Ce refroidisseur d&rsquo;air rechargeable peut \u00eatre utilis\u00e9 n&rsquo;importe o\u00f9; en camping-car, en caravane ou en camping sous la tente, mais aussi \u00e0 la maison dans la chambre. Le refroidisseur peut non seulement \u00eatre utilis\u00e9 via la prise, mais il est \u00e9quip\u00e9 d&rsquo;une batterie rechargeable solide (USB) avec une dur\u00e9e de fonctionnement de 1,5 \u00e0 2 [&hellip;]<\/p>\n","protected":false},"featured_media":188442,"template":"","meta":{"_acf_changed":false},"product_featured_cat":[],"product_brand":[3074],"product_cat":[4095],"product_tag":[],"class_list":{"0":"post-188358","1":"product","2":"type-product","3":"status-publish","4":"has-post-thumbnail","6":"product_brand-eurotrail","7":"product_cat-accessoires-et-pieces-de-rechange","9":"first","10":"instock","11":"taxable","12":"shipping-taxable","13":"purchasable","14":"product-type-simple"},"acf":[],"yoast_head":"<!-- This site is optimized with the Yoast SEO plugin v27.4 - https:\/\/yoast.com\/product\/yoast-seo-wordpress\/ -->\n<title>Climatisation rechargeable - Bantam Wankm\u00fcller SA<\/title>\n<meta name=\"robots\" content=\"index, follow, max-snippet:-1, max-image-preview:large, max-video-preview:-1\" \/>\n<link rel=\"canonical\" href=\"https:\/\/shop.bantam.ch\/fr\/produit\/climatisation-rechargeable\/\" \/>\n<meta property=\"og:locale\" content=\"fr_FR\" \/>\n<meta property=\"og:type\" content=\"article\" \/>\n<meta property=\"og:title\" content=\"Climatisation rechargeable - Bantam Wankm\u00fcller SA\" \/>\n<meta property=\"og:description\" content=\"Ce refroidisseur d&rsquo;air rechargeable peut \u00eatre utilis\u00e9 n&rsquo;importe o\u00f9; en camping-car, en caravane ou en camping sous la tente, mais aussi \u00e0 la maison dans la chambre. Le refroidisseur peut non seulement \u00eatre utilis\u00e9 via la prise, mais il est \u00e9quip\u00e9 d&rsquo;une batterie rechargeable solide (USB) avec une dur\u00e9e de fonctionnement de 1,5 \u00e0 2 [&hellip;]\" \/>\n<meta property=\"og:url\" content=\"https:\/\/shop.bantam.ch\/fr\/produit\/climatisation-rechargeable\/\" \/>\n<meta property=\"og:site_name\" content=\"Bantam Wankm\u00fcller SA\" \/>\n<meta property=\"article:modified_time\" content=\"2026-04-20T20:53:23+00:00\" \/>\n<meta name=\"twitter:card\" content=\"summary_large_image\" \/>\n<meta name=\"twitter:label1\" content=\"Dur\u00e9e de lecture estim\u00e9e\" \/>\n\t<meta name=\"twitter:data1\" content=\"1 minute\" \/>\n<script type=\"application\/ld+json\" class=\"yoast-schema-graph\">{\"@context\":\"https:\\\/\\\/schema.org\",\"@graph\":[{\"@type\":\"WebPage\",\"@id\":\"https:\\\/\\\/shop.bantam.ch\\\/fr\\\/produit\\\/climatisation-rechargeable\\\/\",\"url\":\"https:\\\/\\\/shop.bantam.ch\\\/fr\\\/produit\\\/climatisation-rechargeable\\\/\",\"name\":\"Climatisation rechargeable - Bantam Wankm\u00fcller SA\",\"isPartOf\":{\"@id\":\"https:\\\/\\\/shop.bantam.ch\\\/fr\\\/#website\"},\"primaryImageOfPage\":{\"@id\":\"https:\\\/\\\/shop.bantam.ch\\\/fr\\\/produit\\\/climatisation-rechargeable\\\/#primaryimage\"},\"image\":{\"@id\":\"https:\\\/\\\/shop.bantam.ch\\\/fr\\\/produit\\\/climatisation-rechargeable\\\/#primaryimage\"},\"thumbnailUrl\":\"https:\\\/\\\/shop.bantam.ch\\\/wp-content\\\/uploads\\\/2023\\\/12\\\/ETLT5001-Air-Cooler-Rechargable-A1-met-lucht-en-rook-GESPIEGELD-S-21_600px.jpg\",\"datePublished\":\"2023-12-15T12:11:00+00:00\",\"dateModified\":\"2026-04-20T20:53:23+00:00\",\"breadcrumb\":{\"@id\":\"https:\\\/\\\/shop.bantam.ch\\\/fr\\\/produit\\\/climatisation-rechargeable\\\/#breadcrumb\"},\"inLanguage\":\"fr-FR\",\"potentialAction\":[{\"@type\":\"ReadAction\",\"target\":[\"https:\\\/\\\/shop.bantam.ch\\\/fr\\\/produit\\\/climatisation-rechargeable\\\/\"]}]},{\"@type\":\"ImageObject\",\"inLanguage\":\"fr-FR\",\"@id\":\"https:\\\/\\\/shop.bantam.ch\\\/fr\\\/produit\\\/climatisation-rechargeable\\\/#primaryimage\",\"url\":\"https:\\\/\\\/shop.bantam.ch\\\/wp-content\\\/uploads\\\/2023\\\/12\\\/ETLT5001-Air-Cooler-Rechargable-A1-met-lucht-en-rook-GESPIEGELD-S-21_600px.jpg\",\"contentUrl\":\"https:\\\/\\\/shop.bantam.ch\\\/wp-content\\\/uploads\\\/2023\\\/12\\\/ETLT5001-Air-Cooler-Rechargable-A1-met-lucht-en-rook-GESPIEGELD-S-21_600px.jpg\",\"width\":600,\"height\":514},{\"@type\":\"BreadcrumbList\",\"@id\":\"https:\\\/\\\/shop.bantam.ch\\\/fr\\\/produit\\\/climatisation-rechargeable\\\/#breadcrumb\",\"itemListElement\":[{\"@type\":\"ListItem\",\"position\":1,\"name\":\"Accueil\",\"item\":\"https:\\\/\\\/shop.bantam.ch\\\/fr\\\/\"},{\"@type\":\"ListItem\",\"position\":2,\"name\":\"Boutique\",\"item\":\"https:\\\/\\\/shop.bantam.ch\\\/fr\\\/boutique\\\/\"},{\"@type\":\"ListItem\",\"position\":3,\"name\":\"Climatisation rechargeable\"}]},{\"@type\":\"WebSite\",\"@id\":\"https:\\\/\\\/shop.bantam.ch\\\/fr\\\/#website\",\"url\":\"https:\\\/\\\/shop.bantam.ch\\\/fr\\\/\",\"name\":\"Bantam Wankm\u00fcller SA\",\"description\":\"\",\"publisher\":{\"@id\":\"https:\\\/\\\/shop.bantam.ch\\\/fr\\\/#organization\"},\"inLanguage\":\"fr-FR\"},{\"@type\":\"Organization\",\"@id\":\"https:\\\/\\\/shop.bantam.ch\\\/fr\\\/#organization\",\"name\":\"Bantam Wankm\u00fcller SA\",\"url\":\"https:\\\/\\\/shop.bantam.ch\\\/fr\\\/\",\"logo\":{\"@type\":\"ImageObject\",\"inLanguage\":\"fr-FR\",\"@id\":\"https:\\\/\\\/shop.bantam.ch\\\/fr\\\/#\\\/schema\\\/logo\\\/image\\\/\",\"url\":\"https:\\\/\\\/shop.bantam.ch\\\/wp-content\\\/uploads\\\/2022\\\/12\\\/bantam-logo.png\",\"contentUrl\":\"https:\\\/\\\/shop.bantam.ch\\\/wp-content\\\/uploads\\\/2022\\\/12\\\/bantam-logo.png\",\"width\":320,\"height\":71,\"caption\":\"Bantam Wankm\u00fcller SA\"},\"image\":{\"@id\":\"https:\\\/\\\/shop.bantam.ch\\\/fr\\\/#\\\/schema\\\/logo\\\/image\\\/\"}}]}<\/script>\n<!-- \/ Yoast SEO plugin. -->","yoast_head_json":{"title":"Climatisation rechargeable - Bantam Wankm\u00fcller SA","robots":{"index":"index","follow":"follow","max-snippet":"max-snippet:-1","max-image-preview":"max-image-preview:large","max-video-preview":"max-video-preview:-1"},"canonical":"https:\/\/shop.bantam.ch\/fr\/produit\/climatisation-rechargeable\/","og_locale":"fr_FR","og_type":"article","og_title":"Climatisation rechargeable - Bantam Wankm\u00fcller SA","og_description":"Ce refroidisseur d&rsquo;air rechargeable peut \u00eatre utilis\u00e9 n&rsquo;importe o\u00f9; en camping-car, en caravane ou en camping sous la tente, mais aussi \u00e0 la maison dans la chambre. Le refroidisseur peut non seulement \u00eatre utilis\u00e9 via la prise, mais il est \u00e9quip\u00e9 d&rsquo;une batterie rechargeable solide (USB) avec une dur\u00e9e de fonctionnement de 1,5 \u00e0 2 [&hellip;]","og_url":"https:\/\/shop.bantam.ch\/fr\/produit\/climatisation-rechargeable\/","og_site_name":"Bantam Wankm\u00fcller SA","article_modified_time":"2026-04-20T20:53:23+00:00","twitter_card":"summary_large_image","twitter_misc":{"Dur\u00e9e de lecture estim\u00e9e":"1 minute"},"schema":{"@context":"https:\/\/schema.org","@graph":[{"@type":"WebPage","@id":"https:\/\/shop.bantam.ch\/fr\/produit\/climatisation-rechargeable\/","url":"https:\/\/shop.bantam.ch\/fr\/produit\/climatisation-rechargeable\/","name":"Climatisation rechargeable - Bantam Wankm\u00fcller SA","isPartOf":{"@id":"https:\/\/shop.bantam.ch\/fr\/#website"},"primaryImageOfPage":{"@id":"https:\/\/shop.bantam.ch\/fr\/produit\/climatisation-rechargeable\/#primaryimage"},"image":{"@id":"https:\/\/shop.bantam.ch\/fr\/produit\/climatisation-rechargeable\/#primaryimage"},"thumbnailUrl":"https:\/\/shop.bantam.ch\/wp-content\/uploads\/2023\/12\/ETLT5001-Air-Cooler-Rechargable-A1-met-lucht-en-rook-GESPIEGELD-S-21_600px.jpg","datePublished":"2023-12-15T12:11:00+00:00","dateModified":"2026-04-20T20:53:23+00:00","breadcrumb":{"@id":"https:\/\/shop.bantam.ch\/fr\/produit\/climatisation-rechargeable\/#breadcrumb"},"inLanguage":"fr-FR","potentialAction":[{"@type":"ReadAction","target":["https:\/\/shop.bantam.ch\/fr\/produit\/climatisation-rechargeable\/"]}]},{"@type":"ImageObject","inLanguage":"fr-FR","@id":"https:\/\/shop.bantam.ch\/fr\/produit\/climatisation-rechargeable\/#primaryimage","url":"https:\/\/shop.bantam.ch\/wp-content\/uploads\/2023\/12\/ETLT5001-Air-Cooler-Rechargable-A1-met-lucht-en-rook-GESPIEGELD-S-21_600px.jpg","contentUrl":"https:\/\/shop.bantam.ch\/wp-content\/uploads\/2023\/12\/ETLT5001-Air-Cooler-Rechargable-A1-met-lucht-en-rook-GESPIEGELD-S-21_600px.jpg","width":600,"height":514},{"@type":"BreadcrumbList","@id":"https:\/\/shop.bantam.ch\/fr\/produit\/climatisation-rechargeable\/#breadcrumb","itemListElement":[{"@type":"ListItem","position":1,"name":"Accueil","item":"https:\/\/shop.bantam.ch\/fr\/"},{"@type":"ListItem","position":2,"name":"Boutique","item":"https:\/\/shop.bantam.ch\/fr\/boutique\/"},{"@type":"ListItem","position":3,"name":"Climatisation rechargeable"}]},{"@type":"WebSite","@id":"https:\/\/shop.bantam.ch\/fr\/#website","url":"https:\/\/shop.bantam.ch\/fr\/","name":"Bantam Wankm\u00fcller SA","description":"","publisher":{"@id":"https:\/\/shop.bantam.ch\/fr\/#organization"},"inLanguage":"fr-FR"},{"@type":"Organization","@id":"https:\/\/shop.bantam.ch\/fr\/#organization","name":"Bantam Wankm\u00fcller SA","url":"https:\/\/shop.bantam.ch\/fr\/","logo":{"@type":"ImageObject","inLanguage":"fr-FR","@id":"https:\/\/shop.bantam.ch\/fr\/#\/schema\/logo\/image\/","url":"https:\/\/shop.bantam.ch\/wp-content\/uploads\/2022\/12\/bantam-logo.png","contentUrl":"https:\/\/shop.bantam.ch\/wp-content\/uploads\/2022\/12\/bantam-logo.png","width":320,"height":71,"caption":"Bantam Wankm\u00fcller SA"},"image":{"@id":"https:\/\/shop.bantam.ch\/fr\/#\/schema\/logo\/image\/"}}]}},"_links":{"self":[{"href":"https:\/\/shop.bantam.ch\/fr\/wp-json\/wp\/v2\/product\/188358","targetHints":{"allow":["GET"]}}],"collection":[{"href":"https:\/\/shop.bantam.ch\/fr\/wp-json\/wp\/v2\/product"}],"about":[{"href":"https:\/\/shop.bantam.ch\/fr\/wp-json\/wp\/v2\/types\/product"}],"wp:featuredmedia":[{"embeddable":true,"href":"https:\/\/shop.bantam.ch\/fr\/wp-json\/wp\/v2\/media\/188442"}],"wp:attachment":[{"href":"https:\/\/shop.bantam.ch\/fr\/wp-json\/wp\/v2\/media?parent=188358"}],"wp:term":[{"taxonomy":"product_featured_cat","embeddable":true,"href":"https:\/\/shop.bantam.ch\/fr\/wp-json\/wp\/v2\/product_featured_cat?post=188358"},{"taxonomy":"product_brand","embeddable":true,"href":"https:\/\/shop.bantam.ch\/fr\/wp-json\/wp\/v2\/product_brand?post=188358"},{"taxonomy":"product_cat","embeddable":true,"href":"https:\/\/shop.bantam.ch\/fr\/wp-json\/wp\/v2\/product_cat?post=188358"},{"taxonomy":"product_tag","embeddable":true,"href":"https:\/\/shop.bantam.ch\/fr\/wp-json\/wp\/v2\/product_tag?post=188358"}],"curies":[{"name":"wp","href":"https:\/\/api.w.org\/{rel}","templated":true}]}}